{"id":29771,"date":"2023-07-30T10:20:31","date_gmt":"2023-07-30T08:20:31","guid":{"rendered":"https:\/\/regalanimals.geekworkers.dev\/?post_type=product&#038;p=29771"},"modified":"2026-04-10T16:48:49","modified_gmt":"2026-04-10T14:48:49","slug":"terrine-de-boeuf","status":"publish","type":"product","link":"https:\/\/regalanimals.ch\/de\/product\/terrine-de-boeuf\/","title":{"rendered":"Rindfleischterrine"},"content":{"rendered":"<h2><strong>Die Terrine aus Rindfleisch. Ein Gourmet-Rezept f\u00fcr Ihren Hund. \ud83d\udc36<\/strong><\/h2>\n<p>Eine getreidefreie Pastete f\u00fcr Hunde. Die Rinderterrine ist ein schmackhaftes Nassfutter. Diese in Zusammenarbeit mit Tier\u00e4rzten hergestellte Pastete ist ideal, um zu einem gut funktionierenden Stoffwechsel Ihres Hundes beizutragen. Die Zusammensetzung ist 60% aus Rindfleischproteinen franz\u00f6sischer Herkunft. Danach Zucchini sowie Erbsen und Bananen, was es zu einem gesunden Gericht macht. Dar\u00fcber hinaus ist diese Zubereitung mit Vitaminen und Mineralstoffen angereichert, sodass sie zu einer vollwertigen und schmackhaften Mahlzeit wird.<\/p>\n<h2>Eine getreidefreie Pastete f\u00fcr Hunde. \ud83c\udf3f<\/h2>\n<p>Die Rezeptur ist frei von k\u00fcnstlichen Farbstoffen, Karkassen und dehydriertem Fleisch. Dadurch kann Ihr Vierbeiner eine hochwertige Monoprotein-Di\u00e4t genie\u00dfen. Die Zutaten in dieser Rinderterrine sind au\u00dferdem reich an essentiellen N\u00e4hrstoffen.  Sie unterst\u00fctzen die allgemeine Gesundheit Ihres Haustiers. Ein getreidefreies Nassfutter, das von Natur aus schmackhaft und leicht verdaulich ist. W\u00e4hrend manche Hunde unter einer empfindlichen Verdauung leiden, bestehen getreidefreie Pasteten aus einer hochverdaulichen Rezeptur, die f\u00fcr den Hundeorganismus leicht zu verarbeiten ist. Mit Terrine de B\u0153uf Petite Balade k\u00f6nnen Sie so empfindliche Hunde genauso verw\u00f6hnen wie anspruchsvolle oder gierige Vierbeiner. Die in diesem Produkt verwendeten Zutaten sind nat\u00fcrlich schmackhaft und k\u00f6nnen daher die Erwartungen und Bed\u00fcrfnisse aller Ihrer Hunde erf\u00fcllen.<\/p>\n<h2>Eine au\u00dfergew\u00f6hnliche Delikatesse f\u00fcr jeden! \ud83d\ude0b<\/h2>\n<p>Sie k\u00f6nnen die Rinderterrine auch an entw\u00f6hnte Welpen verf\u00fcttern. Achten Sie dabei darauf, die Mengen anzupassen, um ein perfektes Gleichgewicht zu erreichen. Verw\u00f6hnen Sie Ihren treuen Begleiter und \u00fcberraschen Sie ihn mit den originellen Terrinen aus dem Sortiment Petite Balade. Mit diesem Nassfutter k\u00f6nnen Sie auch daf\u00fcr sorgen, dass er bei steigenden Temperaturen ausreichend Fl\u00fcssigkeit zu sich nimmt. Sie k\u00f6nnen z. B. etwas davon in Rinderhufe geben. Frieren Sie sie dann ein, um ihm k\u00f6stliches, originelles Eis zuzubereiten.<strong>So wie es ist bei Raumtemperatur servieren. Nach dem \u00d6ffnen 24 Stunden im K\u00fchlschrank aufbewahren.<\/strong><a href=\"https:\/\/regalanimals.ch\/de\/product\/naturea-naturals-poulet\/\">Vorschlag f\u00fcr ihn<\/a><\/p>","protected":false},"excerpt":{"rendered":"<p>La Terrine de B\u0153uf. Une recette gourmande pour votre chien. \ud83d\udc36 Une p\u00e2t\u00e9e pour chien sans c\u00e9r\u00e9ales. La Terrine de B\u0153uf est une nourriture humide savoureuse. Cette p\u00e2t\u00e9e fabriqu\u00e9e avec la collaboration de v\u00e9t\u00e9rinaires est id\u00e9ale pour contribuer au bon fonctionnement du m\u00e9tabolisme de votre chien. La composition est 60% en prot\u00e9ines de b\u0153uf d\u2019origine [&hellip;]<\/p>\n","protected":false},"featured_media":38067,"comment_status":"open","ping_status":"closed","template":"","meta":[],"product_brand":[],"product_cat":[24,196],"product_tag":[],"class_list":{"0":"post-29771","1":"product","2":"type-product","3":"status-publish","4":"has-post-thumbnail","6":"product_cat-chiens","7":"product_cat-nourriture-humide-chiens","9":"first","10":"instock","11":"taxable","12":"shipping-taxable","13":"purchasable","14":"product-type-variable"},"yoast_head":"<!-- This site is optimized with the Yoast SEO Premium plugin v27.5 (Yoast SEO v27.5) - https:\/\/yoast.com\/product\/yoast-seo-premium-wordpress\/ -->\n<title>Terrine de B\u0153uf, le plat id\u00e9al pour nos amis \u00e0 quatre pattes !<\/title>\n<meta name=\"description\" content=\"Une explosion de saveurs \u00e0 chaque bouch\u00e9e ! La Terrine de B\u0153uf des Recette de Daniel : 100% made in France, 100% monoprot\u00e9ique !\" \/>\n<meta name=\"robots\" content=\"index, follow, max-snippet:-1, max-image-preview:large, max-video-preview:-1\" \/>\n<link rel=\"canonical\" href=\"https:\/\/regalanimals.ch\/de\/product\/terrine-de-boeuf\/\" \/>\n<meta property=\"og:locale\" content=\"de_DE\" \/>\n<meta property=\"og:type\" content=\"article\" \/>\n<meta property=\"og:title\" content=\"Terrine de B\u0153uf\" \/>\n<meta property=\"og:description\" content=\"Une explosion de saveurs \u00e0 chaque bouch\u00e9e ! La Terrine de B\u0153uf des Recette de Daniel : 100% made in France, 100% monoprot\u00e9ique !\" \/>\n<meta property=\"og:url\" content=\"https:\/\/regalanimals.ch\/de\/product\/terrine-de-boeuf\/\" \/>\n<meta property=\"og:site_name\" content=\"R\u00e9gal&#039;Animals\" \/>\n<meta property=\"article:modified_time\" content=\"2026-04-10T14:48:49+00:00\" \/>\n<meta property=\"og:image\" content=\"https:\/\/regalanimals.ch\/wp-content\/uploads\/2025\/08\/Terrine-de-boeuf.webp\" \/>\n\t<meta property=\"og:image:width\" content=\"940\" \/>\n\t<meta property=\"og:image:height\" content=\"788\" \/>\n\t<meta property=\"og:image:type\" content=\"image\/webp\" \/>\n<meta name=\"twitter:card\" content=\"summary_large_image\" \/>\n<meta name=\"twitter:label1\" content=\"Gesch\u00e4tzte Lesezeit\" \/>\n\t<meta name=\"twitter:data1\" content=\"2\u00a0Minuten\" \/>\n<script type=\"application\/ld+json\" class=\"yoast-schema-graph\">{\"@context\":\"https:\\\/\\\/schema.org\",\"@graph\":[{\"@type\":\"WebPage\",\"@id\":\"https:\\\/\\\/regalanimals.ch\\\/product\\\/terrine-de-boeuf\\\/\",\"url\":\"https:\\\/\\\/regalanimals.ch\\\/product\\\/terrine-de-boeuf\\\/\",\"name\":\"Terrine de B\u0153uf, le plat id\u00e9al pour nos amis \u00e0 quatre pattes !\",\"isPartOf\":{\"@id\":\"https:\\\/\\\/regalanimals.ch\\\/#website\"},\"primaryImageOfPage\":{\"@id\":\"https:\\\/\\\/regalanimals.ch\\\/product\\\/terrine-de-boeuf\\\/#primaryimage\"},\"image\":{\"@id\":\"https:\\\/\\\/regalanimals.ch\\\/product\\\/terrine-de-boeuf\\\/#primaryimage\"},\"thumbnailUrl\":\"https:\\\/\\\/regalanimals.ch\\\/wp-content\\\/uploads\\\/2025\\\/08\\\/Terrine-de-boeuf.webp\",\"datePublished\":\"2023-07-30T08:20:31+00:00\",\"dateModified\":\"2026-04-10T14:48:49+00:00\",\"description\":\"Une explosion de saveurs \u00e0 chaque bouch\u00e9e ! La Terrine de B\u0153uf des Recette de Daniel : 100% made in France, 100% monoprot\u00e9ique !\",\"breadcrumb\":{\"@id\":\"https:\\\/\\\/regalanimals.ch\\\/product\\\/terrine-de-boeuf\\\/#breadcrumb\"},\"inLanguage\":\"de\",\"potentialAction\":[{\"@type\":\"ReadAction\",\"target\":[\"https:\\\/\\\/regalanimals.ch\\\/product\\\/terrine-de-boeuf\\\/\"]}]},{\"@type\":\"ImageObject\",\"inLanguage\":\"de\",\"@id\":\"https:\\\/\\\/regalanimals.ch\\\/product\\\/terrine-de-boeuf\\\/#primaryimage\",\"url\":\"https:\\\/\\\/regalanimals.ch\\\/wp-content\\\/uploads\\\/2025\\\/08\\\/Terrine-de-boeuf.webp\",\"contentUrl\":\"https:\\\/\\\/regalanimals.ch\\\/wp-content\\\/uploads\\\/2025\\\/08\\\/Terrine-de-boeuf.webp\",\"width\":940,\"height\":788},{\"@type\":\"BreadcrumbList\",\"@id\":\"https:\\\/\\\/regalanimals.ch\\\/product\\\/terrine-de-boeuf\\\/#breadcrumb\",\"itemListElement\":[{\"@type\":\"ListItem\",\"position\":1,\"name\":\"Home\",\"item\":\"https:\\\/\\\/regalanimals.ch\\\/\"},{\"@type\":\"ListItem\",\"position\":2,\"name\":\"Boutique\",\"item\":\"https:\\\/\\\/regalanimals.ch\\\/shop\\\/\"},{\"@type\":\"ListItem\",\"position\":3,\"name\":\"Terrine de B\u0153uf\"}]},{\"@type\":\"WebSite\",\"@id\":\"https:\\\/\\\/regalanimals.ch\\\/#website\",\"url\":\"https:\\\/\\\/regalanimals.ch\\\/\",\"name\":\"R\u00e9gal Animals\",\"description\":\"Alimentation et articles de qualit\u00e9 pour chats, chiens et furets\",\"publisher\":{\"@id\":\"https:\\\/\\\/regalanimals.ch\\\/#organization\"},\"potentialAction\":[{\"@type\":\"SearchAction\",\"target\":{\"@type\":\"EntryPoint\",\"urlTemplate\":\"https:\\\/\\\/regalanimals.ch\\\/?s={search_term_string}\"},\"query-input\":{\"@type\":\"PropertyValueSpecification\",\"valueRequired\":true,\"valueName\":\"search_term_string\"}}],\"inLanguage\":\"de\"},{\"@type\":\"Organization\",\"@id\":\"https:\\\/\\\/regalanimals.ch\\\/#organization\",\"name\":\"R\u00e9gal Animals\",\"url\":\"https:\\\/\\\/regalanimals.ch\\\/\",\"logo\":{\"@type\":\"ImageObject\",\"inLanguage\":\"de\",\"@id\":\"https:\\\/\\\/regalanimals.ch\\\/#\\\/schema\\\/logo\\\/image\\\/\",\"url\":\"https:\\\/\\\/regalanimals.ch\\\/wp-content\\\/uploads\\\/2025\\\/04\\\/cropped-Logo-site-e1744634610403-1.webp\",\"contentUrl\":\"https:\\\/\\\/regalanimals.ch\\\/wp-content\\\/uploads\\\/2025\\\/04\\\/cropped-Logo-site-e1744634610403-1.webp\",\"width\":512,\"height\":512,\"caption\":\"R\u00e9gal Animals\"},\"image\":{\"@id\":\"https:\\\/\\\/regalanimals.ch\\\/#\\\/schema\\\/logo\\\/image\\\/\"}}]}<\/script>\n<!-- \/ Yoast SEO Premium plugin. -->","yoast_head_json":{"title":"Rindfleischterrine, das ideale Gericht f\u00fcr unsere vierbeinigen Freunde!","description":"Eine Geschmacksexplosion in jedem Bissen! Daniel&#039;s Rezept Rindfleischterrine: 100% hergestellt in Frankreich, 100% aus nur einer Proteinquelle!","robots":{"index":"index","follow":"follow","max-snippet":"max-snippet:-1","max-image-preview":"max-image-preview:large","max-video-preview":"max-video-preview:-1"},"canonical":"https:\/\/regalanimals.ch\/de\/product\/terrine-de-boeuf\/","og_locale":"de_DE","og_type":"article","og_title":"Terrine de B\u0153uf","og_description":"Une explosion de saveurs \u00e0 chaque bouch\u00e9e ! La Terrine de B\u0153uf des Recette de Daniel : 100% made in France, 100% monoprot\u00e9ique !","og_url":"https:\/\/regalanimals.ch\/de\/product\/terrine-de-boeuf\/","og_site_name":"R\u00e9gal&#039;Animals","article_modified_time":"2026-04-10T14:48:49+00:00","og_image":[{"width":940,"height":788,"url":"https:\/\/regalanimals.ch\/wp-content\/uploads\/2025\/08\/Terrine-de-boeuf.webp","type":"image\/webp"}],"twitter_card":"summary_large_image","twitter_misc":{"Gesch\u00e4tzte Lesezeit":"2\u00a0Minuten"},"schema":{"@context":"https:\/\/schema.org","@graph":[{"@type":"WebPage","@id":"https:\/\/regalanimals.ch\/product\/terrine-de-boeuf\/","url":"https:\/\/regalanimals.ch\/product\/terrine-de-boeuf\/","name":"Rindfleischterrine, das ideale Gericht f\u00fcr unsere vierbeinigen Freunde!","isPartOf":{"@id":"https:\/\/regalanimals.ch\/#website"},"primaryImageOfPage":{"@id":"https:\/\/regalanimals.ch\/product\/terrine-de-boeuf\/#primaryimage"},"image":{"@id":"https:\/\/regalanimals.ch\/product\/terrine-de-boeuf\/#primaryimage"},"thumbnailUrl":"https:\/\/regalanimals.ch\/wp-content\/uploads\/2025\/08\/Terrine-de-boeuf.webp","datePublished":"2023-07-30T08:20:31+00:00","dateModified":"2026-04-10T14:48:49+00:00","description":"Eine Geschmacksexplosion in jedem Bissen! Daniel&#039;s Rezept Rindfleischterrine: 100% hergestellt in Frankreich, 100% aus nur einer Proteinquelle!","breadcrumb":{"@id":"https:\/\/regalanimals.ch\/product\/terrine-de-boeuf\/#breadcrumb"},"inLanguage":"de","potentialAction":[{"@type":"ReadAction","target":["https:\/\/regalanimals.ch\/product\/terrine-de-boeuf\/"]}]},{"@type":"ImageObject","inLanguage":"de","@id":"https:\/\/regalanimals.ch\/product\/terrine-de-boeuf\/#primaryimage","url":"https:\/\/regalanimals.ch\/wp-content\/uploads\/2025\/08\/Terrine-de-boeuf.webp","contentUrl":"https:\/\/regalanimals.ch\/wp-content\/uploads\/2025\/08\/Terrine-de-boeuf.webp","width":940,"height":788},{"@type":"BreadcrumbList","@id":"https:\/\/regalanimals.ch\/product\/terrine-de-boeuf\/#breadcrumb","itemListElement":[{"@type":"ListItem","position":1,"name":"Home","item":"https:\/\/regalanimals.ch\/"},{"@type":"ListItem","position":2,"name":"Boutique","item":"https:\/\/regalanimals.ch\/shop\/"},{"@type":"ListItem","position":3,"name":"Terrine de B\u0153uf"}]},{"@type":"WebSite","@id":"https:\/\/regalanimals.ch\/#website","url":"https:\/\/regalanimals.ch\/","name":"Tierfest","description":"Hochwertiges Futter und Zubeh\u00f6r f\u00fcr Katzen, Hunde und Frettchen","publisher":{"@id":"https:\/\/regalanimals.ch\/#organization"},"potentialAction":[{"@type":"SearchAction","target":{"@type":"EntryPoint","urlTemplate":"https:\/\/regalanimals.ch\/?s={search_term_string}"},"query-input":{"@type":"PropertyValueSpecification","valueRequired":true,"valueName":"search_term_string"}}],"inLanguage":"de"},{"@type":"Organization","@id":"https:\/\/regalanimals.ch\/#organization","name":"Tierfest","url":"https:\/\/regalanimals.ch\/","logo":{"@type":"ImageObject","inLanguage":"de","@id":"https:\/\/regalanimals.ch\/#\/schema\/logo\/image\/","url":"https:\/\/regalanimals.ch\/wp-content\/uploads\/2025\/04\/cropped-Logo-site-e1744634610403-1.webp","contentUrl":"https:\/\/regalanimals.ch\/wp-content\/uploads\/2025\/04\/cropped-Logo-site-e1744634610403-1.webp","width":512,"height":512,"caption":"R\u00e9gal Animals"},"image":{"@id":"https:\/\/regalanimals.ch\/#\/schema\/logo\/image\/"}}]}},"_links":{"self":[{"href":"https:\/\/regalanimals.ch\/de\/wp-json\/wp\/v2\/product\/29771","targetHints":{"allow":["GET"]}}],"collection":[{"href":"https:\/\/regalanimals.ch\/de\/wp-json\/wp\/v2\/product"}],"about":[{"href":"https:\/\/regalanimals.ch\/de\/wp-json\/wp\/v2\/types\/product"}],"replies":[{"embeddable":true,"href":"https:\/\/regalanimals.ch\/de\/wp-json\/wp\/v2\/comments?post=29771"}],"wp:featuredmedia":[{"embeddable":true,"href":"https:\/\/regalanimals.ch\/de\/wp-json\/wp\/v2\/media\/38067"}],"wp:attachment":[{"href":"https:\/\/regalanimals.ch\/de\/wp-json\/wp\/v2\/media?parent=29771"}],"wp:term":[{"taxonomy":"product_brand","embeddable":true,"href":"https:\/\/regalanimals.ch\/de\/wp-json\/wp\/v2\/product_brand?post=29771"},{"taxonomy":"product_cat","embeddable":true,"href":"https:\/\/regalanimals.ch\/de\/wp-json\/wp\/v2\/product_cat?post=29771"},{"taxonomy":"product_tag","embeddable":true,"href":"https:\/\/regalanimals.ch\/de\/wp-json\/wp\/v2\/product_tag?post=29771"}],"curies":[{"name":"wp","href":"https:\/\/api.w.org\/{rel}","templated":true}]}}