{"id":29808,"date":"2023-07-30T10:37:12","date_gmt":"2023-07-30T08:37:12","guid":{"rendered":"https:\/\/regalanimals.geekworkers.dev\/?post_type=product&#038;p=29808"},"modified":"2026-03-22T15:09:22","modified_gmt":"2026-03-22T14:09:22","slug":"friandises-anti-boules-de-poil","status":"publish","type":"product","link":"https:\/\/regalanimals.ch\/de\/product\/friandises-anti-boules-de-poil\/","title":{"rendered":"Friandises \u00ab\u00a0anti boules de poil\u00a0\u00bb (40 g)"},"content":{"rendered":"<h2><strong>Leckerlis \"gegen Haarballen\" f\u00fcr Katzen. Ein getreidefreier Snack f\u00fcr zwischendurch. \ud83d\ude3a<\/strong><\/h2>\n<p>Eine getreidefreie Belohnung f\u00fcr Katzen in Form von weichen Bissen mit Lachs und nat\u00fcrlichen pflanzlichen Zutaten. Diese Snacks wurden speziell formuliert, um dabei zu helfen, der Bildung von Haarballen bei Katzen vorzubeugen. Sie sind mit nat\u00fcrlichen Fasern und Enzymen angereichert und erleichtern daher die Passage der aufgenommenen Haare durch das Verdauungssystem, wodurch Erbrechen und Unwohlsein verringert werden. Die in Frankreich hergestellten Leckerlis \"Anti-Haarballen\" sind reich an Lachs und bieten eine schmackhafte und appetitliche L\u00f6sung f\u00fcr das Wohlbefinden Ihrer Katze.<\/p>\n<h2>Eine getreidefreie Leckerei mit nat\u00fcrlicher Zusammensetzung, um die Geschmacksknospen Ihrer Katze zu verw\u00f6hnen. \ud83c\udf3f<\/h2>\n<p>Als erste Zutat ist Lachs reich an Proteinen. Omega-3-Fetts\u00e4uren sorgen f\u00fcr eine gesunde Haut und ein gesundes Fell. In diesen \"Anti-Haarballen\"-Leckerlis ist auch Bierhefe enthalten, die die Entwicklung der guten Bakterien im Darm f\u00f6rdert. Und S\u00fc\u00dfkartoffel, die ein sehr gutes Kohlenhydrat ist, da sie einen niedrigen glyk\u00e4mischen Index hat. Sie ist ein s\u00fc\u00dfes Gem\u00fcse und kein st\u00e4rkehaltiges Nahrungsmittel. St\u00e4rke ist die St\u00e4rke, die uns Energie liefert. In 100 Gramm Kartoffeln sind etwa 15 Gramm St\u00e4rke enthalten, bei S\u00fc\u00dfkartoffeln sind es nur 6 Gramm\". Neben der geringeren Energiezufuhr enth\u00e4lt die S\u00fc\u00dfkartoffel auch mehr Ballaststoffe als die Kartoffel. Diese Eigenschaft macht sie nach Ansicht von Ern\u00e4hrungswissenschaftlern zu einem sehr guten Kohlenhydrat. Die \"Anti-Haarballen\"-Leckerlis sind eine Belohnung, die man au\u00dferhalb der Mahlzeiten geben sollte.<\/p>\n<h2>Das Wort des Tierarztes zu den Leckerlis \"Anti-Fellb\u00e4lle\", getreidefreier Snack. \ud83d\udc4c<\/h2>\n<p>\"Dieser nat\u00fcrliche Snack hilft dank der Eigenschaften des Enzyms Papain, die Bildung von Haarballen zu verhindern. Die nat\u00fcrlichen Inhaltsstoffe in Kombination mit den Vorteilen von Lachs helfen, den Stoffwechsel Ihrer Katze zu unterst\u00fctzen.\"<a href=\"https:\/\/regalanimals.ch\/de\/product\/pack-friandises-poiscaille\/\">Vorschlag f\u00fcr ihn<\/a><\/p>","protected":false},"excerpt":{"rendered":"<p>Friandises \u00ab\u00a0anti boules de poil\u00a0\u00bb pour chat. Un snack sans c\u00e9r\u00e9ales. \ud83d\ude3a Une r\u00e9compense sans c\u00e9r\u00e9ales pour chat sous forme de bouch\u00e9es moelleuses \u00e0 base de saumon et d\u2019ingr\u00e9dients v\u00e9g\u00e9taux naturels. Ces snacks sont sp\u00e9cialement formul\u00e9s pour aider \u00e0 pr\u00e9venir la formation de boules de poil chez les chats. Enrichies en fibres naturelles et en [&hellip;]<\/p>\n","protected":false},"featured_media":38073,"menu_order":0,"comment_status":"open","ping_status":"closed","template":"","meta":[],"product_brand":[],"product_cat":[89,213],"product_tag":[],"class_list":{"0":"post-29808","1":"product","2":"type-product","3":"status-publish","4":"has-post-thumbnail","6":"product_cat-chats","7":"product_cat-friandises-pour-chats","9":"first","10":"instock","11":"taxable","12":"shipping-taxable","13":"purchasable","14":"product-type-simple"},"yoast_head":"<!-- This site is optimized with the Yoast SEO Premium plugin v27.3 (Yoast SEO v27.3) - https:\/\/yoast.com\/product\/yoast-seo-premium-wordpress\/ -->\n<title>Friandises &quot;anti boules de poil&quot; pour \u00e9viter les d\u00e9sagr\u00e9ments.<\/title>\n<meta name=\"description\" content=\"Offrez \u00e0 votre chat un snack sans c\u00e9r\u00e9ales en compl\u00e9ment de son alimentation quotidienne. Les Friandises &quot;anti boules de poil&quot; sont tendres et moelleuses.\" \/>\n<meta name=\"robots\" content=\"index, follow, max-snippet:-1, max-image-preview:large, max-video-preview:-1\" \/>\n<link rel=\"canonical\" href=\"https:\/\/regalanimals.ch\/de\/product\/friandises-anti-boules-de-poil\/\" \/>\n<meta property=\"og:locale\" content=\"de_DE\" \/>\n<meta property=\"og:type\" content=\"article\" \/>\n<meta property=\"og:title\" content=\"Friandises &quot;anti boules de poil&quot; (40 g)\" \/>\n<meta property=\"og:description\" content=\"Offrez \u00e0 votre chat un snack sans c\u00e9r\u00e9ales en compl\u00e9ment de son alimentation quotidienne. Les Friandises &quot;anti boules de poil&quot; sont tendres et moelleuses.\" \/>\n<meta property=\"og:url\" content=\"https:\/\/regalanimals.ch\/de\/product\/friandises-anti-boules-de-poil\/\" \/>\n<meta property=\"og:site_name\" content=\"R\u00e9gal&#039;Animals\" \/>\n<meta property=\"article:modified_time\" content=\"2026-03-22T14:09:22+00:00\" \/>\n<meta property=\"og:image\" content=\"https:\/\/regalanimals.ch\/wp-content\/uploads\/2025\/08\/Friandises-anti-boule-poils.webp\" \/>\n\t<meta property=\"og:image:width\" content=\"940\" \/>\n\t<meta property=\"og:image:height\" content=\"788\" \/>\n\t<meta property=\"og:image:type\" content=\"image\/webp\" \/>\n<meta name=\"twitter:card\" content=\"summary_large_image\" \/>\n<meta name=\"twitter:label1\" content=\"Gesch\u00e4tzte Lesezeit\" \/>\n\t<meta name=\"twitter:data1\" content=\"2\u00a0Minuten\" \/>\n<script type=\"application\/ld+json\" class=\"yoast-schema-graph\">{\"@context\":\"https:\\\/\\\/schema.org\",\"@graph\":[{\"@type\":\"WebPage\",\"@id\":\"https:\\\/\\\/regalanimals.ch\\\/product\\\/friandises-anti-boules-de-poil\\\/\",\"url\":\"https:\\\/\\\/regalanimals.ch\\\/product\\\/friandises-anti-boules-de-poil\\\/\",\"name\":\"Friandises \\\"anti boules de poil\\\" pour \u00e9viter les d\u00e9sagr\u00e9ments.\",\"isPartOf\":{\"@id\":\"https:\\\/\\\/regalanimals.ch\\\/#website\"},\"primaryImageOfPage\":{\"@id\":\"https:\\\/\\\/regalanimals.ch\\\/product\\\/friandises-anti-boules-de-poil\\\/#primaryimage\"},\"image\":{\"@id\":\"https:\\\/\\\/regalanimals.ch\\\/product\\\/friandises-anti-boules-de-poil\\\/#primaryimage\"},\"thumbnailUrl\":\"https:\\\/\\\/regalanimals.ch\\\/wp-content\\\/uploads\\\/2025\\\/08\\\/Friandises-anti-boule-poils.webp\",\"datePublished\":\"2023-07-30T08:37:12+00:00\",\"dateModified\":\"2026-03-22T14:09:22+00:00\",\"description\":\"Offrez \u00e0 votre chat un snack sans c\u00e9r\u00e9ales en compl\u00e9ment de son alimentation quotidienne. Les Friandises \\\"anti boules de poil\\\" sont tendres et moelleuses.\",\"breadcrumb\":{\"@id\":\"https:\\\/\\\/regalanimals.ch\\\/product\\\/friandises-anti-boules-de-poil\\\/#breadcrumb\"},\"inLanguage\":\"de\",\"potentialAction\":[{\"@type\":\"ReadAction\",\"target\":[\"https:\\\/\\\/regalanimals.ch\\\/product\\\/friandises-anti-boules-de-poil\\\/\"]}]},{\"@type\":\"ImageObject\",\"inLanguage\":\"de\",\"@id\":\"https:\\\/\\\/regalanimals.ch\\\/product\\\/friandises-anti-boules-de-poil\\\/#primaryimage\",\"url\":\"https:\\\/\\\/regalanimals.ch\\\/wp-content\\\/uploads\\\/2025\\\/08\\\/Friandises-anti-boule-poils.webp\",\"contentUrl\":\"https:\\\/\\\/regalanimals.ch\\\/wp-content\\\/uploads\\\/2025\\\/08\\\/Friandises-anti-boule-poils.webp\",\"width\":940,\"height\":788},{\"@type\":\"BreadcrumbList\",\"@id\":\"https:\\\/\\\/regalanimals.ch\\\/product\\\/friandises-anti-boules-de-poil\\\/#breadcrumb\",\"itemListElement\":[{\"@type\":\"ListItem\",\"position\":1,\"name\":\"Home\",\"item\":\"https:\\\/\\\/regalanimals.ch\\\/\"},{\"@type\":\"ListItem\",\"position\":2,\"name\":\"Boutique\",\"item\":\"https:\\\/\\\/regalanimals.ch\\\/shop\\\/\"},{\"@type\":\"ListItem\",\"position\":3,\"name\":\"Friandises \u00ab\u00a0anti boules de poil\u00a0\u00bb (40 g)\"}]},{\"@type\":\"WebSite\",\"@id\":\"https:\\\/\\\/regalanimals.ch\\\/#website\",\"url\":\"https:\\\/\\\/regalanimals.ch\\\/\",\"name\":\"R\u00e9gal Animals\",\"description\":\"Alimentation et articles de qualit\u00e9 pour chats, chiens et furets\",\"publisher\":{\"@id\":\"https:\\\/\\\/regalanimals.ch\\\/#organization\"},\"potentialAction\":[{\"@type\":\"SearchAction\",\"target\":{\"@type\":\"EntryPoint\",\"urlTemplate\":\"https:\\\/\\\/regalanimals.ch\\\/?s={search_term_string}\"},\"query-input\":{\"@type\":\"PropertyValueSpecification\",\"valueRequired\":true,\"valueName\":\"search_term_string\"}}],\"inLanguage\":\"de\"},{\"@type\":\"Organization\",\"@id\":\"https:\\\/\\\/regalanimals.ch\\\/#organization\",\"name\":\"R\u00e9gal Animals\",\"url\":\"https:\\\/\\\/regalanimals.ch\\\/\",\"logo\":{\"@type\":\"ImageObject\",\"inLanguage\":\"de\",\"@id\":\"https:\\\/\\\/regalanimals.ch\\\/#\\\/schema\\\/logo\\\/image\\\/\",\"url\":\"https:\\\/\\\/regalanimals.ch\\\/wp-content\\\/uploads\\\/2025\\\/04\\\/cropped-Logo-site-e1744634610403-1.webp\",\"contentUrl\":\"https:\\\/\\\/regalanimals.ch\\\/wp-content\\\/uploads\\\/2025\\\/04\\\/cropped-Logo-site-e1744634610403-1.webp\",\"width\":512,\"height\":512,\"caption\":\"R\u00e9gal Animals\"},\"image\":{\"@id\":\"https:\\\/\\\/regalanimals.ch\\\/#\\\/schema\\\/logo\\\/image\\\/\"}}]}<\/script>\n<!-- \/ Yoast SEO Premium plugin. -->","yoast_head_json":{"title":"\"Anti-Haarballen\"-Leckerlis, um die Unannehmlichkeiten zu vermeiden.","description":"Verw\u00f6hnen Sie Ihre Katze mit einem getreidefreien Snack als Erg\u00e4nzung zu ihrer t\u00e4glichen Ern\u00e4hrung. Diese Leckerlis, die Haarballenbildung bek\u00e4mpfen, sind weich und z\u00e4h.","robots":{"index":"index","follow":"follow","max-snippet":"max-snippet:-1","max-image-preview":"max-image-preview:large","max-video-preview":"max-video-preview:-1"},"canonical":"https:\/\/regalanimals.ch\/de\/product\/friandises-anti-boules-de-poil\/","og_locale":"de_DE","og_type":"article","og_title":"Friandises \"anti boules de poil\" (40 g)","og_description":"Offrez \u00e0 votre chat un snack sans c\u00e9r\u00e9ales en compl\u00e9ment de son alimentation quotidienne. Les Friandises \"anti boules de poil\" sont tendres et moelleuses.","og_url":"https:\/\/regalanimals.ch\/de\/product\/friandises-anti-boules-de-poil\/","og_site_name":"R\u00e9gal&#039;Animals","article_modified_time":"2026-03-22T14:09:22+00:00","og_image":[{"width":940,"height":788,"url":"https:\/\/regalanimals.ch\/wp-content\/uploads\/2025\/08\/Friandises-anti-boule-poils.webp","type":"image\/webp"}],"twitter_card":"summary_large_image","twitter_misc":{"Gesch\u00e4tzte Lesezeit":"2\u00a0Minuten"},"schema":{"@context":"https:\/\/schema.org","@graph":[{"@type":"WebPage","@id":"https:\/\/regalanimals.ch\/product\/friandises-anti-boules-de-poil\/","url":"https:\/\/regalanimals.ch\/product\/friandises-anti-boules-de-poil\/","name":"\"Anti-Haarballen\"-Leckerlis, um die Unannehmlichkeiten zu vermeiden.","isPartOf":{"@id":"https:\/\/regalanimals.ch\/#website"},"primaryImageOfPage":{"@id":"https:\/\/regalanimals.ch\/product\/friandises-anti-boules-de-poil\/#primaryimage"},"image":{"@id":"https:\/\/regalanimals.ch\/product\/friandises-anti-boules-de-poil\/#primaryimage"},"thumbnailUrl":"https:\/\/regalanimals.ch\/wp-content\/uploads\/2025\/08\/Friandises-anti-boule-poils.webp","datePublished":"2023-07-30T08:37:12+00:00","dateModified":"2026-03-22T14:09:22+00:00","description":"Verw\u00f6hnen Sie Ihre Katze mit einem getreidefreien Snack als Erg\u00e4nzung zu ihrer t\u00e4glichen Ern\u00e4hrung. Diese Leckerlis, die Haarballenbildung bek\u00e4mpfen, sind weich und z\u00e4h.","breadcrumb":{"@id":"https:\/\/regalanimals.ch\/product\/friandises-anti-boules-de-poil\/#breadcrumb"},"inLanguage":"de","potentialAction":[{"@type":"ReadAction","target":["https:\/\/regalanimals.ch\/product\/friandises-anti-boules-de-poil\/"]}]},{"@type":"ImageObject","inLanguage":"de","@id":"https:\/\/regalanimals.ch\/product\/friandises-anti-boules-de-poil\/#primaryimage","url":"https:\/\/regalanimals.ch\/wp-content\/uploads\/2025\/08\/Friandises-anti-boule-poils.webp","contentUrl":"https:\/\/regalanimals.ch\/wp-content\/uploads\/2025\/08\/Friandises-anti-boule-poils.webp","width":940,"height":788},{"@type":"BreadcrumbList","@id":"https:\/\/regalanimals.ch\/product\/friandises-anti-boules-de-poil\/#breadcrumb","itemListElement":[{"@type":"ListItem","position":1,"name":"Home","item":"https:\/\/regalanimals.ch\/"},{"@type":"ListItem","position":2,"name":"Boutique","item":"https:\/\/regalanimals.ch\/shop\/"},{"@type":"ListItem","position":3,"name":"Friandises \u00ab\u00a0anti boules de poil\u00a0\u00bb (40 g)"}]},{"@type":"WebSite","@id":"https:\/\/regalanimals.ch\/#website","url":"https:\/\/regalanimals.ch\/","name":"Tierfest","description":"Hochwertiges Futter und Zubeh\u00f6r f\u00fcr Katzen, Hunde und Frettchen","publisher":{"@id":"https:\/\/regalanimals.ch\/#organization"},"potentialAction":[{"@type":"SearchAction","target":{"@type":"EntryPoint","urlTemplate":"https:\/\/regalanimals.ch\/?s={search_term_string}"},"query-input":{"@type":"PropertyValueSpecification","valueRequired":true,"valueName":"search_term_string"}}],"inLanguage":"de"},{"@type":"Organization","@id":"https:\/\/regalanimals.ch\/#organization","name":"Tierfest","url":"https:\/\/regalanimals.ch\/","logo":{"@type":"ImageObject","inLanguage":"de","@id":"https:\/\/regalanimals.ch\/#\/schema\/logo\/image\/","url":"https:\/\/regalanimals.ch\/wp-content\/uploads\/2025\/04\/cropped-Logo-site-e1744634610403-1.webp","contentUrl":"https:\/\/regalanimals.ch\/wp-content\/uploads\/2025\/04\/cropped-Logo-site-e1744634610403-1.webp","width":512,"height":512,"caption":"R\u00e9gal Animals"},"image":{"@id":"https:\/\/regalanimals.ch\/#\/schema\/logo\/image\/"}}]}},"_links":{"self":[{"href":"https:\/\/regalanimals.ch\/de\/wp-json\/wp\/v2\/product\/29808","targetHints":{"allow":["GET"]}}],"collection":[{"href":"https:\/\/regalanimals.ch\/de\/wp-json\/wp\/v2\/product"}],"about":[{"href":"https:\/\/regalanimals.ch\/de\/wp-json\/wp\/v2\/types\/product"}],"replies":[{"embeddable":true,"href":"https:\/\/regalanimals.ch\/de\/wp-json\/wp\/v2\/comments?post=29808"}],"wp:featuredmedia":[{"embeddable":true,"href":"https:\/\/regalanimals.ch\/de\/wp-json\/wp\/v2\/media\/38073"}],"wp:attachment":[{"href":"https:\/\/regalanimals.ch\/de\/wp-json\/wp\/v2\/media?parent=29808"}],"wp:term":[{"taxonomy":"product_brand","embeddable":true,"href":"https:\/\/regalanimals.ch\/de\/wp-json\/wp\/v2\/product_brand?post=29808"},{"taxonomy":"product_cat","embeddable":true,"href":"https:\/\/regalanimals.ch\/de\/wp-json\/wp\/v2\/product_cat?post=29808"},{"taxonomy":"product_tag","embeddable":true,"href":"https:\/\/regalanimals.ch\/de\/wp-json\/wp\/v2\/product_tag?post=29808"}],"curies":[{"name":"wp","href":"https:\/\/api.w.org\/{rel}","templated":true}]}}