{"id":29826,"date":"2023-07-30T10:42:31","date_gmt":"2023-07-30T08:42:31","guid":{"rendered":"https:\/\/regalanimals.geekworkers.dev\/?post_type=product&#038;p=29826"},"modified":"2026-03-22T23:51:28","modified_gmt":"2026-03-22T22:51:28","slug":"barre-a-macher-immunite","status":"publish","type":"product","link":"https:\/\/regalanimals.ch\/de\/product\/barre-a-macher-immunite\/","title":{"rendered":"Barres \u00e0 M\u00e2cher Immunit\u00e9 (80 g)"},"content":{"rendered":"<h2><strong data-start=\"470\" data-end=\"498\">Kaustangen Immunit\u00e4t<\/strong><\/h2>\n<h3 data-start=\"501\" data-end=\"551\">Ein Lachssnack, der ebenso gesund wie lecker ist \ud83d\udc3e<\/h3>\n<p data-start=\"553\" data-end=\"1051\">Die Immunity Chew Bars bieten Ihrem Hund einen k\u00f6stlichen Leckerbissen, der gleichzeitig sein Wohlbefinden f\u00f6rdert. Hergestellt in Boulogne-sur-Mer, Frankreich, basieren sie auf einem einfachen und nat\u00fcrlichen Rezept. Lachs, die Hauptzutat, sorgt f\u00fcr einen unwiderstehlichen Geschmack und ist eine gute Quelle f\u00fcr Omega-3-Fetts\u00e4uren. S\u00fc\u00dfkartoffel, Kichererbsen und Kurkuma reichern diesen Snack zus\u00e4tzlich mit wichtigen N\u00e4hrstoffen an und erh\u00f6hen so seinen N\u00e4hrwert.<\/p>\n<p data-start=\"1053\" data-end=\"1212\">Ein schmackhafter Leckerbissen, gewiss, aber vor allem vorteilhaft: Ihr Hund profitiert sowohl von einem zarten Snack als auch von der Unterst\u00fctzung seines Immunsystems.<\/p>\n<hr data-start=\"1214\" data-end=\"1217\" \/>\n<h2 data-start=\"1219\" data-end=\"1265\">Ein k\u00f6stliches St\u00fcck, das einfach guttut \ud83d\udc36\ud83d\udc96<\/h2>\n<p data-start=\"1267\" data-end=\"1622\">Die Immunity Chew Bars sind weich und lassen sich leicht teilen. Sie eignen sich als kleine Belohnung beim Training oder als Erg\u00e4nzung zum normalen Futter Ihres Hundes. Ihre weiche Konsistenz spricht sowohl neugierige Junghunde als auch \u00e4ltere Hunde an, die eine sanfte Leckerei f\u00fcr ihre Z\u00e4hne ben\u00f6tigen.<\/p>\n<p data-start=\"1624\" data-end=\"1829\">Dank ihrer von Natur aus omega-3-reichen Zutaten unterst\u00fctzen diese Riegel auch die Haut, das Fell und die allgemeine Vitalit\u00e4t Ihres Haustieres. Ein echter Bonus f\u00fcr jeden Tag!<\/p>\n<hr data-start=\"1831\" data-end=\"1834\" \/>\n<h2 data-start=\"1836\" data-end=\"1878\">Eine Formel, die f\u00fcr Ihre Gesundheit entwickelt wurde \ud83c\udf1f<\/h2>\n<p data-start=\"1880\" data-end=\"2257\">Das Team von Marly &amp; Dan hat dieses Rezept als leckeren und gleichzeitig gesunden Leckerbissen entwickelt. Kurkuma, Kichererbsen und S\u00fc\u00dfkartoffel liefern Antioxidantien und N\u00e4hrstoffe, die zu einem gesunden Immunsystem beitragen. Jedes St\u00fcck ist ein kleiner, aber wichtiger Schritt f\u00fcr das Wohlbefinden Ihres Hundes.<\/p>\n<hr data-start=\"2259\" data-end=\"2262\" \/>\n<h2 data-start=\"2264\" data-end=\"2314\">Ein praktischer Leckerbissen f\u00fcr alle Gelegenheiten \ud83d\udc15\u2728<\/h2>\n<p data-start=\"2316\" data-end=\"2566\">Ob beim Spaziergang, beim Wandern, im Park oder beim Entspannen auf dem Sofa \u2013 diese Riegel sind perfekt f\u00fcr jeden Anlass. Dank des wiederverschlie\u00dfbaren Beutels lassen sie sich leicht aufbewahren und im Handumdrehen teilen, um sie auch mit anderen Vierbeinern zu teilen.<\/p>\n<p data-start=\"2568\" data-end=\"2744\">Dank ihrer weichen Konsistenz eignen sie sich zudem hervorragend f\u00fcr Welpen oder \u00e4ltere Hunde, die einen weichen Leckerbissen zu sch\u00e4tzen wissen, der dennoch voller Geschmack ist.<\/p>\n<hr data-start=\"2746\" data-end=\"2749\" \/>\n<h3>H\u00e4ufig gestellte Fragen \ud83d\udc3e<\/h3>\n<h3 data-start=\"2779\" data-end=\"2892\">\u2753 Noch unentschlossen? Hier finden Sie Antworten auf die h\u00e4ufigsten Fragen zu Immunity Chew Bars.<\/h3>\n<h4>\u27a1\ufe0f Sind sie f\u00fcr Hunde aller Gr\u00f6\u00dfen geeignet?<\/h4>\n<p data-start=\"2953\" data-end=\"3147\">Ja, absolut. Durch ihre weiche Konsistenz lassen sie sich leicht kauen, und ihre Gr\u00f6\u00dfe erm\u00f6glicht es, die Portion an die Gr\u00f6\u00dfe des Hundes anzupassen. Sie sind daher gleicherma\u00dfen f\u00fcr kleine und gro\u00dfe Hunde geeignet.<\/p>\n<h4 data-start=\"3149\" data-end=\"3194\">\u27a1\ufe0f Sind sie f\u00fcr Bildungszwecke geeignet?<\/h4>\n<p data-start=\"3195\" data-end=\"3370\">Ja! Weil sie sich sehr leicht schneiden lassen, kann man winzige H\u00e4ppchen zubereiten und so den Genuss vervielfachen, ohne das Risiko einer zu starken Erh\u00f6hung der Kalorienzufuhr einzugehen.<\/p>\n<h4 data-start=\"3372\" data-end=\"3415\">\u27a1\ufe0f Welche Vorteile bieten sie?<\/h4>\n<p data-start=\"3416\" data-end=\"3626\">Dank Lachs, Omega-3-Fetts\u00e4uren und nat\u00fcrlichen Antioxidantien wie Kurkuma unterst\u00fctzen sie das Immunsystem und tragen gleichzeitig zu einem sch\u00f6nen Fell und allgemeinem Wohlbefinden bei.<\/p>\n<hr data-start=\"3628\" data-end=\"3631\" \/>\n<h2>\ud83d\udca6 Ratschl\u00e4ge von R\u00e9gal&#039;Animals \ud83d\udc9a<\/h2>\n<p data-start=\"3666\" data-end=\"4043\">Um die Vorteile dieser Riegel voll auszusch\u00f6pfen, bieten Sie sie zu passenden Zeitpunkten an: nach einer Ruhephase, als Belohnung f\u00fcr Fortschritte oder w\u00e4hrend des Spaziergangs, um die Aufmerksamkeit Ihres Hundes zu erhalten. Dank ihrer weichen Konsistenz lassen sie sich schnell in kleinere Portionen teilen, sodass Sie die Portionsgr\u00f6\u00dfe ganz einfach an die jeweilige Situation anpassen k\u00f6nnen. \u00dcberraschen Sie Ihren Hund damit und bereichern Sie seinen Tag: eine kleine Geste, die seine Motivation und Ihre Bindung st\u00e4rkt. \ud83d\udc9a<\/p>\n<hr data-start=\"4045\" data-end=\"4048\" \/>\n<h4 data-start=\"4050\" data-end=\"4095\">\u27a1\ufe0f K\u00f6nnen Immunity Chew Bars t\u00e4glich verabreicht werden?<\/h4>\n<p data-start=\"4096\" data-end=\"4271\">Ja, solange Sie die Menge an die Ern\u00e4hrung und den Aktivit\u00e4tsgrad Ihres Hundes anpassen. Da diese Riegel nahrhaft sind, reichen schon wenige St\u00fcck aus, um ihn satt zu machen.<\/p>\n<h4 data-start=\"4273\" data-end=\"4306\">\u27a1\ufe0f Wie bewahrt man sie auf?<\/h4>\n<p data-start=\"4307\" data-end=\"4481\">Bewahren Sie sie an einem k\u00fchlen, trockenen Ort auf. Verschlie\u00dfen Sie den Beutel nach jedem Gebrauch wieder fest, damit Aroma und zarte Konsistenz bis zur letzten Scheibe erhalten bleiben.<\/p>\n<p>&nbsp;<\/p>\n<p>&nbsp;<\/p>\n<p><a href=\"https:\/\/regalanimals.ch\/de\/product\/barres-macher-regeneration\/\">Vorschlag f\u00fcr ihn<\/a><a href=\"https:\/\/regalanimals.ch\/wp-content\/uploads\/2025\/11\/Fiche-technique-barre-a-macher-immunite.pdf\">Datenblatt<\/a><\/p>","protected":false},"excerpt":{"rendered":"<p>Barres \u00e0 M\u00e2cher Immunit\u00e9 Un snack au saumon aussi sain que d\u00e9licieux \ud83d\udc3e Les Barres \u00e0 M\u00e2cher Immunit\u00e9 offrent \u00e0 votre chien un moment gourmand qui soutient en m\u00eame temps son bien-\u00eatre. Pr\u00e9par\u00e9es en France, \u00e0 Boulogne-sur-Mer, elles reposent sur une recette simple et naturelle. La chair de saumon, utilis\u00e9e comme ingr\u00e9dient principal, apporte un [&hellip;]<\/p>\n","protected":false},"featured_media":38078,"menu_order":0,"comment_status":"open","ping_status":"closed","template":"","meta":[],"product_brand":[],"product_cat":[197],"product_tag":[],"class_list":{"0":"post-29826","1":"product","2":"type-product","3":"status-publish","4":"has-post-thumbnail","6":"product_cat-friandises-pour-chiens","8":"first","9":"instock","10":"taxable","11":"shipping-taxable","12":"purchasable","13":"product-type-simple"},"yoast_head":"<!-- This site is optimized with the Yoast SEO Premium plugin v27.4 (Yoast SEO v27.4) - https:\/\/yoast.com\/product\/yoast-seo-premium-wordpress\/ -->\n<title>Barres \u00e0 M\u00e2cher Immunit\u00e9 pour chiens, la r\u00e9compense id\u00e9ale<\/title>\n<meta name=\"description\" content=\"Offrez \u00e0 votre compagnon un moment gourmand et sain avec les Barres \u00e0 M\u00e2cher Immunit\u00e9, faciles \u00e0 transporter et \u00e0 portionner.\" \/>\n<meta name=\"robots\" content=\"index, follow, max-snippet:-1, max-image-preview:large, max-video-preview:-1\" \/>\n<link rel=\"canonical\" href=\"https:\/\/regalanimals.ch\/de\/product\/barre-a-macher-immunite\/\" \/>\n<meta property=\"og:locale\" content=\"de_DE\" \/>\n<meta property=\"og:type\" content=\"article\" \/>\n<meta property=\"og:title\" content=\"Barres \u00e0 M\u00e2cher Immunit\u00e9 (80 g)\" \/>\n<meta property=\"og:description\" content=\"Offrez \u00e0 votre compagnon un moment gourmand et sain avec les Barres \u00e0 M\u00e2cher Immunit\u00e9, faciles \u00e0 transporter et \u00e0 portionner.\" \/>\n<meta property=\"og:url\" content=\"https:\/\/regalanimals.ch\/de\/product\/barre-a-macher-immunite\/\" \/>\n<meta property=\"og:site_name\" content=\"R\u00e9gal&#039;Animals\" \/>\n<meta property=\"article:modified_time\" content=\"2026-03-22T22:51:28+00:00\" \/>\n<meta property=\"og:image\" content=\"https:\/\/regalanimals.ch\/wp-content\/uploads\/2025\/08\/Barres-a-macher-immunite.webp\" \/>\n\t<meta property=\"og:image:width\" content=\"940\" \/>\n\t<meta property=\"og:image:height\" content=\"788\" \/>\n\t<meta property=\"og:image:type\" content=\"image\/webp\" \/>\n<meta name=\"twitter:card\" content=\"summary_large_image\" \/>\n<meta name=\"twitter:label1\" content=\"Gesch\u00e4tzte Lesezeit\" \/>\n\t<meta name=\"twitter:data1\" content=\"4\u00a0Minuten\" \/>\n<script type=\"application\/ld+json\" class=\"yoast-schema-graph\">{\"@context\":\"https:\\\/\\\/schema.org\",\"@graph\":[{\"@type\":\"WebPage\",\"@id\":\"https:\\\/\\\/regalanimals.ch\\\/product\\\/barre-a-macher-immunite\\\/\",\"url\":\"https:\\\/\\\/regalanimals.ch\\\/product\\\/barre-a-macher-immunite\\\/\",\"name\":\"Barres \u00e0 M\u00e2cher Immunit\u00e9 pour chiens, la r\u00e9compense id\u00e9ale\",\"isPartOf\":{\"@id\":\"https:\\\/\\\/regalanimals.ch\\\/#website\"},\"primaryImageOfPage\":{\"@id\":\"https:\\\/\\\/regalanimals.ch\\\/product\\\/barre-a-macher-immunite\\\/#primaryimage\"},\"image\":{\"@id\":\"https:\\\/\\\/regalanimals.ch\\\/product\\\/barre-a-macher-immunite\\\/#primaryimage\"},\"thumbnailUrl\":\"https:\\\/\\\/regalanimals.ch\\\/wp-content\\\/uploads\\\/2025\\\/08\\\/Barres-a-macher-immunite.webp\",\"datePublished\":\"2023-07-30T08:42:31+00:00\",\"dateModified\":\"2026-03-22T22:51:28+00:00\",\"description\":\"Offrez \u00e0 votre compagnon un moment gourmand et sain avec les Barres \u00e0 M\u00e2cher Immunit\u00e9, faciles \u00e0 transporter et \u00e0 portionner.\",\"breadcrumb\":{\"@id\":\"https:\\\/\\\/regalanimals.ch\\\/product\\\/barre-a-macher-immunite\\\/#breadcrumb\"},\"inLanguage\":\"de\",\"potentialAction\":[{\"@type\":\"ReadAction\",\"target\":[\"https:\\\/\\\/regalanimals.ch\\\/product\\\/barre-a-macher-immunite\\\/\"]}]},{\"@type\":\"ImageObject\",\"inLanguage\":\"de\",\"@id\":\"https:\\\/\\\/regalanimals.ch\\\/product\\\/barre-a-macher-immunite\\\/#primaryimage\",\"url\":\"https:\\\/\\\/regalanimals.ch\\\/wp-content\\\/uploads\\\/2025\\\/08\\\/Barres-a-macher-immunite.webp\",\"contentUrl\":\"https:\\\/\\\/regalanimals.ch\\\/wp-content\\\/uploads\\\/2025\\\/08\\\/Barres-a-macher-immunite.webp\",\"width\":940,\"height\":788,\"caption\":\"Barres \u00e0 M\u00e2cher Immunit\u00e9 Marly & Dan \u2013 lamelles au saumon faciles \u00e0 d\u00e9couper.\"},{\"@type\":\"BreadcrumbList\",\"@id\":\"https:\\\/\\\/regalanimals.ch\\\/product\\\/barre-a-macher-immunite\\\/#breadcrumb\",\"itemListElement\":[{\"@type\":\"ListItem\",\"position\":1,\"name\":\"Home\",\"item\":\"https:\\\/\\\/regalanimals.ch\\\/\"},{\"@type\":\"ListItem\",\"position\":2,\"name\":\"Boutique\",\"item\":\"https:\\\/\\\/regalanimals.ch\\\/shop\\\/\"},{\"@type\":\"ListItem\",\"position\":3,\"name\":\"Barres \u00e0 M\u00e2cher Immunit\u00e9 (80 g)\"}]},{\"@type\":\"WebSite\",\"@id\":\"https:\\\/\\\/regalanimals.ch\\\/#website\",\"url\":\"https:\\\/\\\/regalanimals.ch\\\/\",\"name\":\"R\u00e9gal Animals\",\"description\":\"Alimentation et articles de qualit\u00e9 pour chats, chiens et furets\",\"publisher\":{\"@id\":\"https:\\\/\\\/regalanimals.ch\\\/#organization\"},\"potentialAction\":[{\"@type\":\"SearchAction\",\"target\":{\"@type\":\"EntryPoint\",\"urlTemplate\":\"https:\\\/\\\/regalanimals.ch\\\/?s={search_term_string}\"},\"query-input\":{\"@type\":\"PropertyValueSpecification\",\"valueRequired\":true,\"valueName\":\"search_term_string\"}}],\"inLanguage\":\"de\"},{\"@type\":\"Organization\",\"@id\":\"https:\\\/\\\/regalanimals.ch\\\/#organization\",\"name\":\"R\u00e9gal Animals\",\"url\":\"https:\\\/\\\/regalanimals.ch\\\/\",\"logo\":{\"@type\":\"ImageObject\",\"inLanguage\":\"de\",\"@id\":\"https:\\\/\\\/regalanimals.ch\\\/#\\\/schema\\\/logo\\\/image\\\/\",\"url\":\"https:\\\/\\\/regalanimals.ch\\\/wp-content\\\/uploads\\\/2025\\\/04\\\/cropped-Logo-site-e1744634610403-1.webp\",\"contentUrl\":\"https:\\\/\\\/regalanimals.ch\\\/wp-content\\\/uploads\\\/2025\\\/04\\\/cropped-Logo-site-e1744634610403-1.webp\",\"width\":512,\"height\":512,\"caption\":\"R\u00e9gal Animals\"},\"image\":{\"@id\":\"https:\\\/\\\/regalanimals.ch\\\/#\\\/schema\\\/logo\\\/image\\\/\"}}]}<\/script>\n<!-- \/ Yoast SEO Premium plugin. -->","yoast_head_json":{"title":"Immunit\u00e4ts-Kauknochen f\u00fcr Hunde, die ideale Belohnung","description":"Verw\u00f6hnen Sie Ihren Begleiter mit einem k\u00f6stlichen und gesunden Moment mit den Immunity Chew Bars \u2013 einfach zu transportieren und zu portionieren.","robots":{"index":"index","follow":"follow","max-snippet":"max-snippet:-1","max-image-preview":"max-image-preview:large","max-video-preview":"max-video-preview:-1"},"canonical":"https:\/\/regalanimals.ch\/de\/product\/barre-a-macher-immunite\/","og_locale":"de_DE","og_type":"article","og_title":"Barres \u00e0 M\u00e2cher Immunit\u00e9 (80 g)","og_description":"Offrez \u00e0 votre compagnon un moment gourmand et sain avec les Barres \u00e0 M\u00e2cher Immunit\u00e9, faciles \u00e0 transporter et \u00e0 portionner.","og_url":"https:\/\/regalanimals.ch\/de\/product\/barre-a-macher-immunite\/","og_site_name":"R\u00e9gal&#039;Animals","article_modified_time":"2026-03-22T22:51:28+00:00","og_image":[{"width":940,"height":788,"url":"https:\/\/regalanimals.ch\/wp-content\/uploads\/2025\/08\/Barres-a-macher-immunite.webp","type":"image\/webp"}],"twitter_card":"summary_large_image","twitter_misc":{"Gesch\u00e4tzte Lesezeit":"4\u00a0Minuten"},"schema":{"@context":"https:\/\/schema.org","@graph":[{"@type":"WebPage","@id":"https:\/\/regalanimals.ch\/product\/barre-a-macher-immunite\/","url":"https:\/\/regalanimals.ch\/product\/barre-a-macher-immunite\/","name":"Immunit\u00e4ts-Kauknochen f\u00fcr Hunde, die ideale Belohnung","isPartOf":{"@id":"https:\/\/regalanimals.ch\/#website"},"primaryImageOfPage":{"@id":"https:\/\/regalanimals.ch\/product\/barre-a-macher-immunite\/#primaryimage"},"image":{"@id":"https:\/\/regalanimals.ch\/product\/barre-a-macher-immunite\/#primaryimage"},"thumbnailUrl":"https:\/\/regalanimals.ch\/wp-content\/uploads\/2025\/08\/Barres-a-macher-immunite.webp","datePublished":"2023-07-30T08:42:31+00:00","dateModified":"2026-03-22T22:51:28+00:00","description":"Verw\u00f6hnen Sie Ihren Begleiter mit einem k\u00f6stlichen und gesunden Moment mit den Immunity Chew Bars \u2013 einfach zu transportieren und zu portionieren.","breadcrumb":{"@id":"https:\/\/regalanimals.ch\/product\/barre-a-macher-immunite\/#breadcrumb"},"inLanguage":"de","potentialAction":[{"@type":"ReadAction","target":["https:\/\/regalanimals.ch\/product\/barre-a-macher-immunite\/"]}]},{"@type":"ImageObject","inLanguage":"de","@id":"https:\/\/regalanimals.ch\/product\/barre-a-macher-immunite\/#primaryimage","url":"https:\/\/regalanimals.ch\/wp-content\/uploads\/2025\/08\/Barres-a-macher-immunite.webp","contentUrl":"https:\/\/regalanimals.ch\/wp-content\/uploads\/2025\/08\/Barres-a-macher-immunite.webp","width":940,"height":788,"caption":"Barres \u00e0 M\u00e2cher Immunit\u00e9 Marly & Dan \u2013 lamelles au saumon faciles \u00e0 d\u00e9couper."},{"@type":"BreadcrumbList","@id":"https:\/\/regalanimals.ch\/product\/barre-a-macher-immunite\/#breadcrumb","itemListElement":[{"@type":"ListItem","position":1,"name":"Home","item":"https:\/\/regalanimals.ch\/"},{"@type":"ListItem","position":2,"name":"Boutique","item":"https:\/\/regalanimals.ch\/shop\/"},{"@type":"ListItem","position":3,"name":"Barres \u00e0 M\u00e2cher Immunit\u00e9 (80 g)"}]},{"@type":"WebSite","@id":"https:\/\/regalanimals.ch\/#website","url":"https:\/\/regalanimals.ch\/","name":"Tierfest","description":"Hochwertiges Futter und Zubeh\u00f6r f\u00fcr Katzen, Hunde und Frettchen","publisher":{"@id":"https:\/\/regalanimals.ch\/#organization"},"potentialAction":[{"@type":"SearchAction","target":{"@type":"EntryPoint","urlTemplate":"https:\/\/regalanimals.ch\/?s={search_term_string}"},"query-input":{"@type":"PropertyValueSpecification","valueRequired":true,"valueName":"search_term_string"}}],"inLanguage":"de"},{"@type":"Organization","@id":"https:\/\/regalanimals.ch\/#organization","name":"Tierfest","url":"https:\/\/regalanimals.ch\/","logo":{"@type":"ImageObject","inLanguage":"de","@id":"https:\/\/regalanimals.ch\/#\/schema\/logo\/image\/","url":"https:\/\/regalanimals.ch\/wp-content\/uploads\/2025\/04\/cropped-Logo-site-e1744634610403-1.webp","contentUrl":"https:\/\/regalanimals.ch\/wp-content\/uploads\/2025\/04\/cropped-Logo-site-e1744634610403-1.webp","width":512,"height":512,"caption":"R\u00e9gal Animals"},"image":{"@id":"https:\/\/regalanimals.ch\/#\/schema\/logo\/image\/"}}]}},"_links":{"self":[{"href":"https:\/\/regalanimals.ch\/de\/wp-json\/wp\/v2\/product\/29826","targetHints":{"allow":["GET"]}}],"collection":[{"href":"https:\/\/regalanimals.ch\/de\/wp-json\/wp\/v2\/product"}],"about":[{"href":"https:\/\/regalanimals.ch\/de\/wp-json\/wp\/v2\/types\/product"}],"replies":[{"embeddable":true,"href":"https:\/\/regalanimals.ch\/de\/wp-json\/wp\/v2\/comments?post=29826"}],"wp:featuredmedia":[{"embeddable":true,"href":"https:\/\/regalanimals.ch\/de\/wp-json\/wp\/v2\/media\/38078"}],"wp:attachment":[{"href":"https:\/\/regalanimals.ch\/de\/wp-json\/wp\/v2\/media?parent=29826"}],"wp:term":[{"taxonomy":"product_brand","embeddable":true,"href":"https:\/\/regalanimals.ch\/de\/wp-json\/wp\/v2\/product_brand?post=29826"},{"taxonomy":"product_cat","embeddable":true,"href":"https:\/\/regalanimals.ch\/de\/wp-json\/wp\/v2\/product_cat?post=29826"},{"taxonomy":"product_tag","embeddable":true,"href":"https:\/\/regalanimals.ch\/de\/wp-json\/wp\/v2\/product_tag?post=29826"}],"curies":[{"name":"wp","href":"https:\/\/api.w.org\/{rel}","templated":true}]}}