{"id":29867,"date":"2023-07-30T11:22:11","date_gmt":"2023-07-30T09:22:11","guid":{"rendered":"https:\/\/regalanimals.geekworkers.dev\/?post_type=product&#038;p=29867"},"modified":"2026-03-16T12:26:14","modified_gmt":"2026-03-16T11:26:14","slug":"litiere-pellets-de-paille","status":"publish","type":"product","link":"https:\/\/regalanimals.ch\/de\/product\/litiere-pellets-de-paille\/","title":{"rendered":"Einstreu Strohpellets"},"content":{"rendered":"<h2 data-start=\"424\" data-end=\"456\">\ud83d\udc3e Stroh-Pellet-Katzenstreu<\/h2>\n<h3 data-start=\"457\" data-end=\"515\">Eine praktische und umweltfreundliche L\u00f6sung f\u00fcr Ihre Katze \ud83d\udc31<\/h3>\n<p data-start=\"1104\" data-end=\"1593\">Verw\u00f6hnen Sie Ihre Katze mit dem Komfort, den sie verdient \u2013 mit Stroh-Pellet-Katzenstreu, einer nat\u00fcrlichen L\u00f6sung f\u00fcr optimale Hygiene und Umweltschutz. Die sanften Pellets sind besonders schonend zu empfindlichen Pfoten und sorgen Tag f\u00fcr Tag f\u00fcr ein angenehmes Katzenleben. Dank ihrer pflanzlichen Zusammensetzung absorbieren sie Fl\u00fcssigkeiten schnell und schaffen so ein sauberes und sicheres Umfeld f\u00fcr Ihre Katze.<\/p>\n<hr data-start=\"1595\" data-end=\"1598\" \/>\n<h2 data-start=\"1600\" data-end=\"2123\">\u267b\ufe0f <strong data-start=\"1603\" data-end=\"1659\">Makellose Hygiene und biologisch abbaubar f\u00fcr Ihr Zuhause<\/strong><\/h2>\n<p data-start=\"1600\" data-end=\"2123\">Strohpellets als Katzenstreu sind die ideale L\u00f6sung f\u00fcr eine dauerhaft hygienische Katzentoilette. Dank ihrer hohen Saugf\u00e4higkeit neutralisieren sie Ger\u00fcche effektiv und absorbieren Fl\u00fcssigkeiten schnell. Dar\u00fcber hinaus ist diese pflanzenbasierte Streu vollst\u00e4ndig biologisch abbaubar und kann nach Gebrauch kompostiert werden. So genie\u00dfen Ihre Katze optimale Hygiene und Sie treffen gleichzeitig eine umweltfreundliche Entscheidung.<\/p>\n<hr data-start=\"2125\" data-end=\"2128\" \/>\n<h2 data-start=\"2130\" data-end=\"2600\">\ud83d\udce6 <strong data-start=\"2133\" data-end=\"2176\">Wichtiger Hinweis zur Einstreu<\/strong><\/h2>\n<p data-start=\"2130\" data-end=\"2600\">Katzenstreu ist ein sehr schweres Produkt (ca. 10 kg pro Sack) und erfordert einen speziellen Versand.<br data-start=\"2281\" data-end=\"2284\" \/>F\u00fcr jede weitere Packung, die Katzenstreu enth\u00e4lt, wird eine Liefergeb\u00fchr von CHF 12 erhoben, unabh\u00e4ngig vom Gesamtbestellwert.<br data-start=\"2434\" data-end=\"2437\" \/>Dies erm\u00f6glicht es uns, einen fairen und erschwinglichen Preis f\u00fcr Katzenstreu aufrechtzuerhalten, ohne den Preis k\u00fcnstlich zu erh\u00f6hen.<br data-start=\"2555\" data-end=\"2558\" \/>Vielen Dank f\u00fcr Ihr Verst\u00e4ndnis \ud83d\udc9b<\/p>\n<hr data-start=\"2602\" data-end=\"2605\" \/>\n<h2 data-start=\"2607\" data-end=\"3112\">\ud83d\udcb0 <strong data-start=\"2610\" data-end=\"2662\">Einfach zu bedienen und besonders sparsam.<\/strong><\/h2>\n<p data-start=\"2607\" data-end=\"3112\">Mit seinem gro\u00dfz\u00fcgigen 10-kg-Sack ist dieses Stroh-Pellet-Katzenstreu sowohl praktisch als auch sparsam. Die Pellets zersetzen sich bei Kontakt mit Feuchtigkeit auf nat\u00fcrliche Weise, wodurch Abfall minimiert und der Sack l\u00e4nger genutzt werden kann. Dar\u00fcber hinaus ist es dank seiner gleichbleibenden Wirksamkeit eine langlebige L\u00f6sung, die Ihren Komfort erh\u00f6ht und gleichzeitig Ihren Geldbeutel schont. Sie profitieren somit von einem hervorragenden Preis-Leistungs-Verh\u00e4ltnis.<\/p>\n<hr data-start=\"3114\" data-end=\"3117\" \/>\n<h2 data-start=\"3119\" data-end=\"3655\">\ud83c\udf0d <strong data-start=\"3122\" data-end=\"3184\">Eine Option, die gut f\u00fcr Ihre Katze und die Umwelt ist.<\/strong><\/h2>\n<p data-start=\"3119\" data-end=\"3655\">Mit Strohpellets als Katzenstreu bieten Sie Ihrer Katze ein sauberes, gem\u00fctliches und v\u00f6llig nat\u00fcrliches Zuhause. Hergestellt aus Stroh von franz\u00f6sischen Feldern und verpackt in Frankreich, sind diese Pellets eine verantwortungsvolle und umweltfreundliche Alternative. Zudem reduziert diese pflanzenbasierte Streu Abfall und erm\u00f6glicht es Ihnen, aktiv zu einer nachhaltigeren Zukunft beizutragen. So verbinden Sie t\u00e4gliches Wohlbefinden mit Umweltbewusstsein.<\/p>\n<hr data-start=\"3657\" data-end=\"3660\" \/>\n<h2 data-start=\"3662\" data-end=\"3797\">\ud83d\udc3e <strong data-start=\"3665\" data-end=\"3688\">H\u00e4ufig gestellte Fragen<\/strong><\/h2>\n<h3 data-start=\"3662\" data-end=\"3797\">\u2753Noch unentschlossen? Hier finden Sie die am h\u00e4ufigsten gestellten Fragen zu Strohpellets als Einstreu.<\/h3>\n<h4 data-start=\"3804\" data-end=\"4074\">\u27a1\ufe0f <strong data-start=\"3807\" data-end=\"3878\">Ist Strohpellets als Katzenstreu f\u00fcr empfindliche Katzen geeignet?<\/strong><\/h4>\n<p data-start=\"3804\" data-end=\"4074\">Ja, denn die weiche Textur ist sanft zu den empfindlichen Pfoten und sorgt f\u00fcr anhaltenden Komfort. Dar\u00fcber hinaus minimiert die pflanzliche Zusammensetzung Hautreizungen und unterst\u00fctzt das t\u00e4gliche Wohlbefinden Ihrer Katze.<\/p>\n<h4 data-start=\"4081\" data-end=\"4356\">\u27a1\ufe0f <strong data-start=\"4084\" data-end=\"4118\">H\u00e4lt es Ger\u00fcche gut fest?<\/strong><\/h4>\n<p data-start=\"4081\" data-end=\"4356\">Ja, denn es absorbiert Fl\u00fcssigkeiten schnell und hemmt auf nat\u00fcrliche Weise die Geruchsbildung. Dank seiner kompakten Form bleibt die Schale zudem l\u00e4nger sauber, was die Frische in Ihrem Zuhause deutlich verbessert.<\/p>\n<h4 data-start=\"4363\" data-end=\"4614\">\u27a1\ufe0f <strong data-start=\"4366\" data-end=\"4405\">Ist dieses Bettzeug wirtschaftlich?<\/strong><\/h4>\n<p data-start=\"4363\" data-end=\"4614\">Ja, denn die Pellets zersetzen sich nach und nach und vermeiden so unn\u00f6tigen Abfall. Au\u00dferdem m\u00fcssen Sie nur die verschmutzten Stellen entfernen, was die Lebensdauer jedes Beutels deutlich verl\u00e4ngert.<\/p>\n<hr data-start=\"4616\" data-end=\"4619\" \/>\n<h4 data-start=\"4621\" data-end=\"4834\">\u27a1\ufe0f <strong data-start=\"4624\" data-end=\"4661\">Kann ich diese Einstreu kompostieren?<\/strong><\/h4>\n<p data-start=\"4621\" data-end=\"4834\">Ja, denn die Pellets sind vollst\u00e4ndig nat\u00fcrlich und biologisch abbaubar. Dadurch reduzieren Sie Ihren Abfall und entscheiden sich gleichzeitig f\u00fcr eine umweltfreundliche L\u00f6sung.<\/p>\n<hr data-start=\"4836\" data-end=\"4839\" \/>\n<h2 data-start=\"4841\" data-end=\"5391\">\ud83d\udca6 <strong data-start=\"4844\" data-end=\"4872\">R\u00e9gal&#039;Animals Beratung \ud83d\udc9a<\/strong><\/h2>\n<p data-start=\"4841\" data-end=\"5391\"><br data-start=\"4872\" data-end=\"4875\" \/>Um das Beste aus Ihrem Katzenstreu-Pellet herauszuholen, verwenden Sie eine spezielle Katzentoilette mit Siebeinsatz. Dieses System erm\u00f6glicht es dem Urin, unter dem Sieb hindurchzuflie\u00dfen und sofort von den Pellets am Boden aufgesogen zu werden. Dadurch werden unangenehme Ger\u00fcche effektiv reduziert und das Streu wird deutlich ergiebiger. Au\u00dferdem vereinfacht diese Methode die t\u00e4gliche Reinigung, da nur oberfl\u00e4chliche Verschmutzungen entfernt werden m\u00fcssen. So bleibt Ihre Katze in ihrer gewohnt sauberen und komfortablen Umgebung.<\/p>\n<hr data-start=\"5393\" data-end=\"5396\" \/>\n<h4 data-start=\"5398\" data-end=\"5653\">\u27a1\ufe0f <strong data-start=\"5401\" data-end=\"5449\">Ist diese Katzenstreu leicht zu reinigen?<\/strong><\/h4>\n<p data-start=\"5398\" data-end=\"5653\">Ja, denn in einer geeigneten Kiste l\u00e4sst es sich leicht sieben. Au\u00dferdem erleichtert der nat\u00fcrliche Zerfall der Pellets die Entfernung der R\u00fcckst\u00e4nde und reduziert so den Wartungsaufwand.<\/p>\n<h4 data-start=\"5660\" data-end=\"5912\">\u27a1\ufe0f <strong data-start=\"5663\" data-end=\"5710\">Wie viel Katzenstreu sollte ich verwenden?<\/strong><\/h4>\n<p data-start=\"5660\" data-end=\"5912\">Es empfiehlt sich, den Beh\u00e4lter mit ausreichend Material zu f\u00fcllen, um eine optimale Absorption zu gew\u00e4hrleisten. Ein gleichm\u00e4\u00dfiger F\u00fcllstand verbessert zudem die Effizienz und h\u00e4lt den Beh\u00e4lter sauber.<\/p>\n<h4 data-start=\"5919\" data-end=\"6145\">\u27a1\ufe0f <strong data-start=\"5922\" data-end=\"5957\">Erzeugt es Staub?<\/strong><\/h4>\n<p data-start=\"5919\" data-end=\"6145\">Sehr gering, da komprimiertes Stroh die Partikelbildung auf nat\u00fcrliche Weise reduziert. Zudem minimiert die Pelletform die Dispersion beim Einstreuen oder Umr\u00fchren.<\/p>\n<h4>\ud83e\udd63 Zusammensetzung<\/h4>\n<p data-start=\"5919\" data-end=\"6145\">Franz\u00f6sisches 100% Stroh<\/p>\n<p><a href=\"https:\/\/regalanimals.ch\/de\/product\/croquettes-pour-chats-miacis\/\">Vorschlag f\u00fcr ihn<\/a><\/p>","protected":false},"excerpt":{"rendered":"<p>\ud83d\udc3e Liti\u00e8re Pellets de Paille Une solution pratique et \u00e9cologique pour votre chat \ud83d\udc31 Offrez \u00e0 votre chat le confort qu\u2019il m\u00e9rite gr\u00e2ce \u00e0 la Liti\u00e8re Pellets de Paille, une solution naturelle con\u00e7ue pour garantir une hygi\u00e8ne optimale tout en respectant l\u2019environnement. Les granul\u00e9s, doux pour les pattes sensibles, assurent un usage confortable jour apr\u00e8s [&hellip;]<\/p>\n","protected":false},"featured_media":40186,"menu_order":0,"comment_status":"open","ping_status":"closed","template":"","meta":[],"product_brand":[],"product_cat":[89,90,216,283,335],"product_tag":[],"class_list":{"0":"post-29867","1":"product","2":"type-product","3":"status-publish","4":"has-post-thumbnail","6":"product_cat-chats","7":"product_cat-furets","8":"product_cat-hygiene-chats","9":"product_cat-hygiene-furet","10":"product_cat-litiere-pour-chat","11":"product_shipping_class-produit-lourd","13":"first","14":"instock","15":"taxable","16":"shipping-taxable","17":"purchasable","18":"product-type-simple"},"yoast_head":"<!-- This site is optimized with the Yoast SEO Premium plugin v27.3 (Yoast SEO v27.3) - https:\/\/yoast.com\/product\/yoast-seo-premium-wordpress\/ -->\n<title>Liti\u00e8re Pellets de Paille pour chat, compostable et biod\u00e9gradable.<\/title>\n<meta name=\"description\" content=\"Pour un chat heureux et respectueux de l&#039;environnement, Optez pour une solution pratique et \u00e9cologique la Liti\u00e8re Pellets de Paille, le confort absolu !\" \/>\n<meta name=\"robots\" content=\"index, follow, max-snippet:-1, max-image-preview:large, max-video-preview:-1\" \/>\n<link rel=\"canonical\" href=\"https:\/\/regalanimals.ch\/de\/product\/litiere-pellets-de-paille\/\" \/>\n<meta property=\"og:locale\" content=\"de_DE\" \/>\n<meta property=\"og:type\" content=\"article\" \/>\n<meta property=\"og:title\" content=\"Liti\u00e8re Pellets de Paille\" \/>\n<meta property=\"og:description\" content=\"Pour un chat heureux et respectueux de l&#039;environnement, Optez pour une solution pratique et \u00e9cologique la Liti\u00e8re Pellets de Paille, le confort absolu !\" \/>\n<meta property=\"og:url\" content=\"https:\/\/regalanimals.ch\/de\/product\/litiere-pellets-de-paille\/\" \/>\n<meta property=\"og:site_name\" content=\"R\u00e9gal&#039;Animals\" \/>\n<meta property=\"article:modified_time\" content=\"2026-03-16T11:26:14+00:00\" \/>\n<meta property=\"og:image\" content=\"https:\/\/regalanimals.ch\/wp-content\/uploads\/2023\/07\/litiere-pellets-de-paille.webp\" \/>\n\t<meta property=\"og:image:width\" content=\"940\" \/>\n\t<meta property=\"og:image:height\" content=\"788\" \/>\n\t<meta property=\"og:image:type\" content=\"image\/webp\" \/>\n<meta name=\"twitter:card\" content=\"summary_large_image\" \/>\n<meta name=\"twitter:label1\" content=\"Gesch\u00e4tzte Lesezeit\" \/>\n\t<meta name=\"twitter:data1\" content=\"5\u00a0Minuten\" \/>\n<script type=\"application\/ld+json\" class=\"yoast-schema-graph\">{\"@context\":\"https:\\\/\\\/schema.org\",\"@graph\":[{\"@type\":\"WebPage\",\"@id\":\"https:\\\/\\\/regalanimals.ch\\\/product\\\/litiere-pellets-de-paille\\\/\",\"url\":\"https:\\\/\\\/regalanimals.ch\\\/product\\\/litiere-pellets-de-paille\\\/\",\"name\":\"Liti\u00e8re Pellets de Paille pour chat, compostable et biod\u00e9gradable.\",\"isPartOf\":{\"@id\":\"https:\\\/\\\/regalanimals.ch\\\/#website\"},\"primaryImageOfPage\":{\"@id\":\"https:\\\/\\\/regalanimals.ch\\\/product\\\/litiere-pellets-de-paille\\\/#primaryimage\"},\"image\":{\"@id\":\"https:\\\/\\\/regalanimals.ch\\\/product\\\/litiere-pellets-de-paille\\\/#primaryimage\"},\"thumbnailUrl\":\"https:\\\/\\\/regalanimals.ch\\\/wp-content\\\/uploads\\\/2023\\\/07\\\/litiere-pellets-de-paille.webp\",\"datePublished\":\"2023-07-30T09:22:11+00:00\",\"dateModified\":\"2026-03-16T11:26:14+00:00\",\"description\":\"Pour un chat heureux et respectueux de l'environnement, Optez pour une solution pratique et \u00e9cologique la Liti\u00e8re Pellets de Paille, le confort absolu !\",\"breadcrumb\":{\"@id\":\"https:\\\/\\\/regalanimals.ch\\\/product\\\/litiere-pellets-de-paille\\\/#breadcrumb\"},\"inLanguage\":\"de\",\"potentialAction\":[{\"@type\":\"ReadAction\",\"target\":[\"https:\\\/\\\/regalanimals.ch\\\/product\\\/litiere-pellets-de-paille\\\/\"]}]},{\"@type\":\"ImageObject\",\"inLanguage\":\"de\",\"@id\":\"https:\\\/\\\/regalanimals.ch\\\/product\\\/litiere-pellets-de-paille\\\/#primaryimage\",\"url\":\"https:\\\/\\\/regalanimals.ch\\\/wp-content\\\/uploads\\\/2023\\\/07\\\/litiere-pellets-de-paille.webp\",\"contentUrl\":\"https:\\\/\\\/regalanimals.ch\\\/wp-content\\\/uploads\\\/2023\\\/07\\\/litiere-pellets-de-paille.webp\",\"width\":940,\"height\":788,\"caption\":\"Liti\u00e8re pellets de paille \u2013 sac kraft pr\u00e9sent\u00e9 de face.\"},{\"@type\":\"BreadcrumbList\",\"@id\":\"https:\\\/\\\/regalanimals.ch\\\/product\\\/litiere-pellets-de-paille\\\/#breadcrumb\",\"itemListElement\":[{\"@type\":\"ListItem\",\"position\":1,\"name\":\"Home\",\"item\":\"https:\\\/\\\/regalanimals.ch\\\/\"},{\"@type\":\"ListItem\",\"position\":2,\"name\":\"Boutique\",\"item\":\"https:\\\/\\\/regalanimals.ch\\\/shop\\\/\"},{\"@type\":\"ListItem\",\"position\":3,\"name\":\"Liti\u00e8re Pellets de Paille\"}]},{\"@type\":\"WebSite\",\"@id\":\"https:\\\/\\\/regalanimals.ch\\\/#website\",\"url\":\"https:\\\/\\\/regalanimals.ch\\\/\",\"name\":\"R\u00e9gal Animals\",\"description\":\"Alimentation et articles de qualit\u00e9 pour chats, chiens et furets\",\"publisher\":{\"@id\":\"https:\\\/\\\/regalanimals.ch\\\/#organization\"},\"potentialAction\":[{\"@type\":\"SearchAction\",\"target\":{\"@type\":\"EntryPoint\",\"urlTemplate\":\"https:\\\/\\\/regalanimals.ch\\\/?s={search_term_string}\"},\"query-input\":{\"@type\":\"PropertyValueSpecification\",\"valueRequired\":true,\"valueName\":\"search_term_string\"}}],\"inLanguage\":\"de\"},{\"@type\":\"Organization\",\"@id\":\"https:\\\/\\\/regalanimals.ch\\\/#organization\",\"name\":\"R\u00e9gal Animals\",\"url\":\"https:\\\/\\\/regalanimals.ch\\\/\",\"logo\":{\"@type\":\"ImageObject\",\"inLanguage\":\"de\",\"@id\":\"https:\\\/\\\/regalanimals.ch\\\/#\\\/schema\\\/logo\\\/image\\\/\",\"url\":\"https:\\\/\\\/regalanimals.ch\\\/wp-content\\\/uploads\\\/2025\\\/07\\\/Logo-RegalAnimals.png\",\"contentUrl\":\"https:\\\/\\\/regalanimals.ch\\\/wp-content\\\/uploads\\\/2025\\\/07\\\/Logo-RegalAnimals.png\",\"width\":120,\"height\":153,\"caption\":\"R\u00e9gal Animals\"},\"image\":{\"@id\":\"https:\\\/\\\/regalanimals.ch\\\/#\\\/schema\\\/logo\\\/image\\\/\"}}]}<\/script>\n<!-- \/ Yoast SEO Premium plugin. -->","yoast_head_json":{"title":"Katzenstreu aus Strohpellets, kompostierbar und biologisch abbaubar.","description":"F\u00fcr eine gl\u00fcckliche und umweltbewusste Katze w\u00e4hlen Sie eine praktische und \u00f6kologische L\u00f6sung: Strohpellets als Katzenstreu \u2013 absoluter Komfort!","robots":{"index":"index","follow":"follow","max-snippet":"max-snippet:-1","max-image-preview":"max-image-preview:large","max-video-preview":"max-video-preview:-1"},"canonical":"https:\/\/regalanimals.ch\/de\/product\/litiere-pellets-de-paille\/","og_locale":"de_DE","og_type":"article","og_title":"Liti\u00e8re Pellets de Paille","og_description":"Pour un chat heureux et respectueux de l'environnement, Optez pour une solution pratique et \u00e9cologique la Liti\u00e8re Pellets de Paille, le confort absolu !","og_url":"https:\/\/regalanimals.ch\/de\/product\/litiere-pellets-de-paille\/","og_site_name":"R\u00e9gal&#039;Animals","article_modified_time":"2026-03-16T11:26:14+00:00","og_image":[{"width":940,"height":788,"url":"https:\/\/regalanimals.ch\/wp-content\/uploads\/2023\/07\/litiere-pellets-de-paille.webp","type":"image\/webp"}],"twitter_card":"summary_large_image","twitter_misc":{"Gesch\u00e4tzte Lesezeit":"5\u00a0Minuten"},"schema":{"@context":"https:\/\/schema.org","@graph":[{"@type":"WebPage","@id":"https:\/\/regalanimals.ch\/product\/litiere-pellets-de-paille\/","url":"https:\/\/regalanimals.ch\/product\/litiere-pellets-de-paille\/","name":"Katzenstreu aus Strohpellets, kompostierbar und biologisch abbaubar.","isPartOf":{"@id":"https:\/\/regalanimals.ch\/#website"},"primaryImageOfPage":{"@id":"https:\/\/regalanimals.ch\/product\/litiere-pellets-de-paille\/#primaryimage"},"image":{"@id":"https:\/\/regalanimals.ch\/product\/litiere-pellets-de-paille\/#primaryimage"},"thumbnailUrl":"https:\/\/regalanimals.ch\/wp-content\/uploads\/2023\/07\/litiere-pellets-de-paille.webp","datePublished":"2023-07-30T09:22:11+00:00","dateModified":"2026-03-16T11:26:14+00:00","description":"F\u00fcr eine gl\u00fcckliche und umweltbewusste Katze w\u00e4hlen Sie eine praktische und \u00f6kologische L\u00f6sung: Strohpellets als Katzenstreu \u2013 absoluter Komfort!","breadcrumb":{"@id":"https:\/\/regalanimals.ch\/product\/litiere-pellets-de-paille\/#breadcrumb"},"inLanguage":"de","potentialAction":[{"@type":"ReadAction","target":["https:\/\/regalanimals.ch\/product\/litiere-pellets-de-paille\/"]}]},{"@type":"ImageObject","inLanguage":"de","@id":"https:\/\/regalanimals.ch\/product\/litiere-pellets-de-paille\/#primaryimage","url":"https:\/\/regalanimals.ch\/wp-content\/uploads\/2023\/07\/litiere-pellets-de-paille.webp","contentUrl":"https:\/\/regalanimals.ch\/wp-content\/uploads\/2023\/07\/litiere-pellets-de-paille.webp","width":940,"height":788,"caption":"Liti\u00e8re pellets de paille \u2013 sac kraft pr\u00e9sent\u00e9 de face."},{"@type":"BreadcrumbList","@id":"https:\/\/regalanimals.ch\/product\/litiere-pellets-de-paille\/#breadcrumb","itemListElement":[{"@type":"ListItem","position":1,"name":"Home","item":"https:\/\/regalanimals.ch\/"},{"@type":"ListItem","position":2,"name":"Boutique","item":"https:\/\/regalanimals.ch\/shop\/"},{"@type":"ListItem","position":3,"name":"Liti\u00e8re Pellets de Paille"}]},{"@type":"WebSite","@id":"https:\/\/regalanimals.ch\/#website","url":"https:\/\/regalanimals.ch\/","name":"Tierfest","description":"Hochwertiges Futter und Zubeh\u00f6r f\u00fcr Katzen, Hunde und Frettchen","publisher":{"@id":"https:\/\/regalanimals.ch\/#organization"},"potentialAction":[{"@type":"SearchAction","target":{"@type":"EntryPoint","urlTemplate":"https:\/\/regalanimals.ch\/?s={search_term_string}"},"query-input":{"@type":"PropertyValueSpecification","valueRequired":true,"valueName":"search_term_string"}}],"inLanguage":"de"},{"@type":"Organization","@id":"https:\/\/regalanimals.ch\/#organization","name":"Tierfest","url":"https:\/\/regalanimals.ch\/","logo":{"@type":"ImageObject","inLanguage":"de","@id":"https:\/\/regalanimals.ch\/#\/schema\/logo\/image\/","url":"https:\/\/regalanimals.ch\/wp-content\/uploads\/2025\/07\/Logo-RegalAnimals.png","contentUrl":"https:\/\/regalanimals.ch\/wp-content\/uploads\/2025\/07\/Logo-RegalAnimals.png","width":120,"height":153,"caption":"R\u00e9gal Animals"},"image":{"@id":"https:\/\/regalanimals.ch\/#\/schema\/logo\/image\/"}}]}},"_links":{"self":[{"href":"https:\/\/regalanimals.ch\/de\/wp-json\/wp\/v2\/product\/29867","targetHints":{"allow":["GET"]}}],"collection":[{"href":"https:\/\/regalanimals.ch\/de\/wp-json\/wp\/v2\/product"}],"about":[{"href":"https:\/\/regalanimals.ch\/de\/wp-json\/wp\/v2\/types\/product"}],"replies":[{"embeddable":true,"href":"https:\/\/regalanimals.ch\/de\/wp-json\/wp\/v2\/comments?post=29867"}],"wp:featuredmedia":[{"embeddable":true,"href":"https:\/\/regalanimals.ch\/de\/wp-json\/wp\/v2\/media\/40186"}],"wp:attachment":[{"href":"https:\/\/regalanimals.ch\/de\/wp-json\/wp\/v2\/media?parent=29867"}],"wp:term":[{"taxonomy":"product_brand","embeddable":true,"href":"https:\/\/regalanimals.ch\/de\/wp-json\/wp\/v2\/product_brand?post=29867"},{"taxonomy":"product_cat","embeddable":true,"href":"https:\/\/regalanimals.ch\/de\/wp-json\/wp\/v2\/product_cat?post=29867"},{"taxonomy":"product_tag","embeddable":true,"href":"https:\/\/regalanimals.ch\/de\/wp-json\/wp\/v2\/product_tag?post=29867"}],"curies":[{"name":"wp","href":"https:\/\/api.w.org\/{rel}","templated":true}]}}