{"id":29869,"date":"2023-07-30T11:25:12","date_gmt":"2023-07-30T09:25:12","guid":{"rendered":"https:\/\/regalanimals.geekworkers.dev\/?post_type=product&#038;p=29869"},"modified":"2026-03-22T21:55:48","modified_gmt":"2026-03-22T20:55:48","slug":"litiere-a-l-argile-verte","status":"publish","type":"product","link":"https:\/\/regalanimals.ch\/de\/product\/litiere-a-l-argile-verte\/","title":{"rendered":"Liti\u00e8re \u00e0 l&rsquo;Argile Verte (8 L)"},"content":{"rendered":"<h2 data-start=\"624\" data-end=\"712\">\ud83d\udc3e Gr\u00fcne Ton-Katzenstreu<\/h2>\n<h3 data-start=\"624\" data-end=\"712\">\ud83c\udf3f100% \u2013 nat\u00fcrlich f\u00fcr Hygiene und Komfort Ihrer Katze<\/h3>\n<p data-start=\"719\" data-end=\"1350\">Gr\u00fcne Tonstreu ist 100% nat\u00fcrlich. W\u00e4hrend mineralische Katzenstreus mitunter chemische Zus\u00e4tze zur Frischesicherung enthalten, besteht gr\u00fcne Tonstreu ausschlie\u00dflich aus gr\u00fcnem Ton. Dieses weiche, mineralstoffreiche Material bietet zahlreiche Vorteile f\u00fcr die Hygiene Ihrer Katze. Dank seiner hervorragenden Saugf\u00e4higkeit und Klumpenbildung l\u00e4sst es sich leicht mit einer Schaufel entfernen. Au\u00dferdem m\u00fcssen Sie nicht mehr die gesamte Katzentoilette reinigen. Sie profitieren somit von einer praktischen und sparsamen Streu, die das Wohlbefinden Ihrer Katze respektiert.<\/p>\n<hr data-start=\"1352\" data-end=\"1355\" \/>\n<h2 data-start=\"1357\" data-end=\"1976\">\ud83d\ude3b Ein umweltfreundlicher und preisg\u00fcnstiger Sand mit gr\u00fcnem Ton<\/h2>\n<p data-start=\"1357\" data-end=\"1976\">Gr\u00fcnes Ton-Katzenstreu ist sicher f\u00fcr die ganze Familie. Es ist unbedenklich f\u00fcr junge Katzen und Kinder, da es keine Zusatzstoffe, freie Kiesels\u00e4ure oder Fasern enth\u00e4lt. Das franz\u00f6sische Tonstreu 100% sorgt zudem f\u00fcr einen hygienischen Kontakt mit den Pfoten Ihrer Katze und klebt nicht daran. So k\u00f6nnen Sie die Katzentoilette bedenkenlos reinigen. Das Streu ist au\u00dferdem kompostierbar, wodurch Sie einen wichtigen Beitrag zum Umweltschutz leisten und gleichzeitig den Komfort Ihres Haustiers gew\u00e4hrleisten k\u00f6nnen.<\/p>\n<hr data-start=\"1978\" data-end=\"1981\" \/>\n<h2 data-start=\"1983\" data-end=\"2449\">\ud83d\udce6 Wichtiger Hinweis zum Thema Katzenstreu<\/h2>\n<p data-start=\"1983\" data-end=\"2449\">Katzenstreu ist ein sehr schweres Produkt (ca. 10 kg pro Sack) und erfordert einen speziellen Versand.<br data-start=\"2130\" data-end=\"2133\" \/>F\u00fcr jede weitere Packung, die Katzenstreu enth\u00e4lt, wird eine Liefergeb\u00fchr von CHF 12 erhoben, unabh\u00e4ngig vom Gesamtbestellwert.<br data-start=\"2283\" data-end=\"2286\" \/>Dies erm\u00f6glicht es uns, einen fairen und erschwinglichen Preis f\u00fcr Katzenstreu aufrechtzuerhalten, ohne den Preis k\u00fcnstlich zu erh\u00f6hen.<br data-start=\"2404\" data-end=\"2407\" \/>Vielen Dank f\u00fcr Ihr Verst\u00e4ndnis \ud83d\udc9b<\/p>\n<hr data-start=\"2451\" data-end=\"2454\" \/>\n<h2 data-start=\"2456\" data-end=\"3001\">\ud83c\udf2c\ufe0f Diese Katzenstreu bietet optimale Geruchskontrolle<\/h2>\n<p data-start=\"2456\" data-end=\"3001\">Neben seinen halbklumpenden Eigenschaften sorgt das Katzenstreu aus gr\u00fcnem Ton f\u00fcr optimale Geruchskontrolle. Die Granulate absorbieren Fl\u00fcssigkeiten und unangenehme Ger\u00fcche effektiv. So genie\u00dft Ihre Katze eine komfortable und angenehme Umgebung. Die nat\u00fcrliche Zusammensetzung (100%) auf Basis franz\u00f6sischen gr\u00fcnen Tons ben\u00f6tigt keine k\u00fcnstlichen Duftstoffe, um die Katzentoilette frisch zu halten. Sie entscheiden sich daher f\u00fcr Nat\u00fcrlichkeit und Qualit\u00e4t. Dieses in Frankreich hergestellte Streu enth\u00e4lt gr\u00fcnen Ton franz\u00f6sischen Ursprungs und ist garantiert frei von Zusatzstoffen, Kiesels\u00e4ure und Fasern. Sie w\u00e4hlen ein nat\u00fcrliches, wirksames Produkt, das perfekt auf die t\u00e4gliche Hygiene Ihrer Katze abgestimmt ist.<\/p>\n<hr data-start=\"3307\" data-end=\"3310\" \/>\n<h2 data-start=\"3312\" data-end=\"3442\">\ud83d\udc3e H\u00e4ufig gestellte Fragen<\/h2>\n<h3 data-start=\"3312\" data-end=\"3442\">\u2753 Noch unentschlossen? Hier finden Sie die am h\u00e4ufigsten gestellten Fragen zu Katzenstreu aus gr\u00fcnem Ton.<\/h3>\n<h4 data-start=\"3449\" data-end=\"3681\">\u27a1\ufe0f Ist diese Katzenstreu f\u00fcr K\u00e4tzchen geeignet?<\/h4>\n<p data-start=\"3449\" data-end=\"3681\">Ja, denn es ist vollkommen nat\u00fcrlich und enth\u00e4lt keine chemischen Zus\u00e4tze. Dar\u00fcber hinaus ist seine weiche Textur sanft zu den empfindlichen Pfoten von K\u00e4tzchen und gew\u00e4hrleistet gleichzeitig zuverl\u00e4ssige Hygiene.<\/p>\n<h4 data-start=\"3683\" data-end=\"3912\">\u27a1\ufe0f Wirkt es effektiv gegen Ger\u00fcche?<\/h4>\n<p data-start=\"3683\" data-end=\"3912\">Ja, denn es absorbiert Fl\u00fcssigkeiten schnell und neutralisiert Ger\u00fcche auf nat\u00fcrliche Weise. Dar\u00fcber hinaus beugt seine reinigende Wirkung der Entstehung unangenehmer Ger\u00fcche im Alltag vor.<\/p>\n<h4 data-start=\"3914\" data-end=\"4099\">\u27a1\ufe0f Bleibt es unter den Pfoten kleben?<\/h4>\n<p data-start=\"3914\" data-end=\"4099\">Nein, denn gr\u00fcne Tonerde klebt nicht an den Pfotenballen. Au\u00dferdem ist ihre mineralische Textur f\u00fcr alle Katzen, selbst f\u00fcr die empfindlichsten, angenehm.<\/p>\n<h4 data-start=\"4101\" data-end=\"4312\">\u27a1\ufe0f Ist diese Einstreu kompostierbar?<\/h4>\n<p data-start=\"4101\" data-end=\"4312\">Ja, denn es besteht vollst\u00e4ndig aus nat\u00fcrlichem, gr\u00fcnem Ton. Daher k\u00f6nnen Sie es nach Gebrauch kompostieren und so die Umwelt schonen.<\/p>\n<hr data-start=\"4314\" data-end=\"4317\" \/>\n<h2>\ud83d\udca6 Ratschl\u00e4ge von R\u00e9gal&#039;Animals \ud83d\udc9a<\/h2>\n<p data-start=\"4319\" data-end=\"4728\">F\u00fcr optimale Hygiene f\u00fcllen Sie ausreichend Katzenstreu ein, um eine gleichm\u00e4\u00dfige, saugf\u00e4hige Schicht zu bilden. Entfernen Sie anschlie\u00dfend t\u00e4glich verschmutzte Klumpen, damit die Katzentoilette frisch bleibt. Zus\u00e4tzlich empfiehlt es sich, regelm\u00e4\u00dfig etwas saubere Katzenstreu nachzuf\u00fcllen, um den F\u00fcllstand zu erhalten und Ihrer Katze Komfort zu bieten. \ud83d\udc9a<\/p>\n<hr data-start=\"4314\" data-end=\"4317\" \/>\n<h4 data-start=\"4730\" data-end=\"4940\">\u27a1\ufe0f Ist diese Katzenstreu wirtschaftlich?<\/h4>\n<p data-start=\"4730\" data-end=\"4940\">Ja, denn es bildet Klumpen, die sich leicht entfernen lassen, ohne dass der gesamte M\u00fclleimer ausgetauscht werden muss. Au\u00dferdem verl\u00e4ngert die hohe Saugf\u00e4higkeit die Lebensdauer jedes Beutels.<\/p>\n<h4 data-start=\"4942\" data-end=\"5152\">\u27a1\ufe0f Sollte das gesamte Geh\u00e4use regelm\u00e4\u00dfig ausgetauscht werden?<\/h4>\n<p data-start=\"4942\" data-end=\"5152\">Nein, denn die Klumpen lassen sich leicht entfernen. F\u00fcllen Sie einfach w\u00f6chentlich sauberen Ton nach, um den optimalen F\u00fcllstand zu erhalten.<\/p>\n<h4 data-start=\"5154\" data-end=\"5346\">\u27a1\ufe0f Erzeugt es Staub?<\/h4>\n<p data-start=\"5154\" data-end=\"5346\">Sehr gering, da gr\u00fcner Ton von Natur aus nicht sehr br\u00f6ckelig ist. Zudem begrenzt seine nat\u00fcrliche 100%-Zusammensetzung die Partikelverteilung bei der Instandhaltung.<\/p>\n<h4>\ud83e\udd63Komposition<\/h4>\n<p>Franz\u00f6sischer gr\u00fcner Ton 100%<br data-start=\"523\" data-end=\"526\" \/>Keine Zusatzstoffe<br data-start=\"539\" data-end=\"542\" \/>Freies Siliciumdioxid<br data-start=\"559\" data-end=\"562\" \/>Faserfrei<\/p>\n<p>&nbsp;<\/p>\n<p><a href=\"https:\/\/regalanimals.ch\/de\/product\/litiere-cat-s-white\/\">Vorschlag f\u00fcr ihn<\/a><\/p>","protected":false},"excerpt":{"rendered":"<p>\ud83d\udc3e Liti\u00e8re \u00e0 l\u2019Argile Verte \ud83c\udf3f100% naturelle pour offrir hygi\u00e8ne et confort \u00e0 votre chat Liti\u00e8re \u00e0 l\u2019Argile Verte, est 100% naturelle. Si les liti\u00e8res min\u00e9rales contiennent parfois des agents chimiques pour assurer leur fra\u00eecheur, la Liti\u00e8re \u00e0 l\u2019Argile Verte est compos\u00e9e exclusivement d\u2019argile verte. Cette mati\u00e8re douce et riche en min\u00e9raux offre de nombreuses [&hellip;]<\/p>\n","protected":false},"featured_media":40190,"menu_order":0,"comment_status":"open","ping_status":"closed","template":"","meta":[],"product_brand":[],"product_cat":[89,90,216,283,335],"product_tag":[],"class_list":{"0":"post-29869","1":"product","2":"type-product","3":"status-publish","4":"has-post-thumbnail","6":"product_cat-chats","7":"product_cat-furets","8":"product_cat-hygiene-chats","9":"product_cat-hygiene-furet","10":"product_cat-litiere-pour-chat","11":"product_shipping_class-produit-lourd","13":"first","14":"instock","15":"taxable","16":"shipping-taxable","17":"purchasable","18":"product-type-simple"},"yoast_head":"<!-- This site is optimized with the Yoast SEO Premium plugin v27.3 (Yoast SEO v27.3) - https:\/\/yoast.com\/product\/yoast-seo-premium-wordpress\/ -->\n<title>Liti\u00e8re \u00e0 l&#039;Argile Verte, id\u00e9ale pour le compostage.<\/title>\n<meta name=\"description\" content=\"Une liti\u00e8re compostable pour l&#039;hygi\u00e8ne de votre chat. La Liti\u00e8re \u00e0 l&#039;Argile Verte. Un choix judicieux pour les amoureux des produits naturels.\" \/>\n<meta name=\"robots\" content=\"index, follow, max-snippet:-1, max-image-preview:large, max-video-preview:-1\" \/>\n<link rel=\"canonical\" href=\"https:\/\/regalanimals.ch\/de\/product\/litiere-a-l-argile-verte\/\" \/>\n<meta property=\"og:locale\" content=\"de_DE\" \/>\n<meta property=\"og:type\" content=\"article\" \/>\n<meta property=\"og:title\" content=\"Liti\u00e8re \u00e0 l&#039;Argile Verte (8 L)\" \/>\n<meta property=\"og:description\" content=\"Une liti\u00e8re compostable pour l&#039;hygi\u00e8ne de votre chat. La Liti\u00e8re \u00e0 l&#039;Argile Verte. Un choix judicieux pour les amoureux des produits naturels.\" \/>\n<meta property=\"og:url\" content=\"https:\/\/regalanimals.ch\/de\/product\/litiere-a-l-argile-verte\/\" \/>\n<meta property=\"og:site_name\" content=\"R\u00e9gal&#039;Animals\" \/>\n<meta property=\"article:modified_time\" content=\"2026-03-22T20:55:48+00:00\" \/>\n<meta property=\"og:image\" content=\"https:\/\/regalanimals.ch\/wp-content\/uploads\/2023\/07\/Litiere-a-l-argile-verte.webp\" \/>\n\t<meta property=\"og:image:width\" content=\"940\" \/>\n\t<meta property=\"og:image:height\" content=\"788\" \/>\n\t<meta property=\"og:image:type\" content=\"image\/webp\" \/>\n<meta name=\"twitter:card\" content=\"summary_large_image\" \/>\n<meta name=\"twitter:label1\" content=\"Gesch\u00e4tzte Lesezeit\" \/>\n\t<meta name=\"twitter:data1\" content=\"4\u00a0Minuten\" \/>\n<script type=\"application\/ld+json\" class=\"yoast-schema-graph\">{\"@context\":\"https:\\\/\\\/schema.org\",\"@graph\":[{\"@type\":\"WebPage\",\"@id\":\"https:\\\/\\\/regalanimals.ch\\\/product\\\/litiere-a-l-argile-verte\\\/\",\"url\":\"https:\\\/\\\/regalanimals.ch\\\/product\\\/litiere-a-l-argile-verte\\\/\",\"name\":\"Liti\u00e8re \u00e0 l'Argile Verte, id\u00e9ale pour le compostage.\",\"isPartOf\":{\"@id\":\"https:\\\/\\\/regalanimals.ch\\\/#website\"},\"primaryImageOfPage\":{\"@id\":\"https:\\\/\\\/regalanimals.ch\\\/product\\\/litiere-a-l-argile-verte\\\/#primaryimage\"},\"image\":{\"@id\":\"https:\\\/\\\/regalanimals.ch\\\/product\\\/litiere-a-l-argile-verte\\\/#primaryimage\"},\"thumbnailUrl\":\"https:\\\/\\\/regalanimals.ch\\\/wp-content\\\/uploads\\\/2023\\\/07\\\/Litiere-a-l-argile-verte.webp\",\"datePublished\":\"2023-07-30T09:25:12+00:00\",\"dateModified\":\"2026-03-22T20:55:48+00:00\",\"description\":\"Une liti\u00e8re compostable pour l'hygi\u00e8ne de votre chat. La Liti\u00e8re \u00e0 l'Argile Verte. Un choix judicieux pour les amoureux des produits naturels.\",\"breadcrumb\":{\"@id\":\"https:\\\/\\\/regalanimals.ch\\\/product\\\/litiere-a-l-argile-verte\\\/#breadcrumb\"},\"inLanguage\":\"de\",\"potentialAction\":[{\"@type\":\"ReadAction\",\"target\":[\"https:\\\/\\\/regalanimals.ch\\\/product\\\/litiere-a-l-argile-verte\\\/\"]}]},{\"@type\":\"ImageObject\",\"inLanguage\":\"de\",\"@id\":\"https:\\\/\\\/regalanimals.ch\\\/product\\\/litiere-a-l-argile-verte\\\/#primaryimage\",\"url\":\"https:\\\/\\\/regalanimals.ch\\\/wp-content\\\/uploads\\\/2023\\\/07\\\/Litiere-a-l-argile-verte.webp\",\"contentUrl\":\"https:\\\/\\\/regalanimals.ch\\\/wp-content\\\/uploads\\\/2023\\\/07\\\/Litiere-a-l-argile-verte.webp\",\"width\":940,\"height\":788,\"caption\":\"Liti\u00e8re \u00e0 l\u2019argile verte \u2013 sac pr\u00e9sent\u00e9 de face.\"},{\"@type\":\"BreadcrumbList\",\"@id\":\"https:\\\/\\\/regalanimals.ch\\\/product\\\/litiere-a-l-argile-verte\\\/#breadcrumb\",\"itemListElement\":[{\"@type\":\"ListItem\",\"position\":1,\"name\":\"Home\",\"item\":\"https:\\\/\\\/regalanimals.ch\\\/\"},{\"@type\":\"ListItem\",\"position\":2,\"name\":\"Boutique\",\"item\":\"https:\\\/\\\/regalanimals.ch\\\/shop\\\/\"},{\"@type\":\"ListItem\",\"position\":3,\"name\":\"Liti\u00e8re \u00e0 l&rsquo;Argile Verte (8 L)\"}]},{\"@type\":\"WebSite\",\"@id\":\"https:\\\/\\\/regalanimals.ch\\\/#website\",\"url\":\"https:\\\/\\\/regalanimals.ch\\\/\",\"name\":\"R\u00e9gal Animals\",\"description\":\"Alimentation et articles de qualit\u00e9 pour chats, chiens et furets\",\"publisher\":{\"@id\":\"https:\\\/\\\/regalanimals.ch\\\/#organization\"},\"potentialAction\":[{\"@type\":\"SearchAction\",\"target\":{\"@type\":\"EntryPoint\",\"urlTemplate\":\"https:\\\/\\\/regalanimals.ch\\\/?s={search_term_string}\"},\"query-input\":{\"@type\":\"PropertyValueSpecification\",\"valueRequired\":true,\"valueName\":\"search_term_string\"}}],\"inLanguage\":\"de\"},{\"@type\":\"Organization\",\"@id\":\"https:\\\/\\\/regalanimals.ch\\\/#organization\",\"name\":\"R\u00e9gal Animals\",\"url\":\"https:\\\/\\\/regalanimals.ch\\\/\",\"logo\":{\"@type\":\"ImageObject\",\"inLanguage\":\"de\",\"@id\":\"https:\\\/\\\/regalanimals.ch\\\/#\\\/schema\\\/logo\\\/image\\\/\",\"url\":\"https:\\\/\\\/regalanimals.ch\\\/wp-content\\\/uploads\\\/2025\\\/07\\\/Logo-RegalAnimals.png\",\"contentUrl\":\"https:\\\/\\\/regalanimals.ch\\\/wp-content\\\/uploads\\\/2025\\\/07\\\/Logo-RegalAnimals.png\",\"width\":120,\"height\":153,\"caption\":\"R\u00e9gal Animals\"},\"image\":{\"@id\":\"https:\\\/\\\/regalanimals.ch\\\/#\\\/schema\\\/logo\\\/image\\\/\"}}]}<\/script>\n<!-- \/ Yoast SEO Premium plugin. -->","yoast_head_json":{"title":"Liti\u00e8re \u00e0 l'Argile Verte, id\u00e9ale pour le compostage.","description":"Kompostierbare Katzenstreu f\u00fcr die Hygiene Ihrer Katze. Gr\u00fcne Tonstreu. Eine kluge Wahl f\u00fcr Liebhaber nat\u00fcrlicher Produkte.","robots":{"index":"index","follow":"follow","max-snippet":"max-snippet:-1","max-image-preview":"max-image-preview:large","max-video-preview":"max-video-preview:-1"},"canonical":"https:\/\/regalanimals.ch\/de\/product\/litiere-a-l-argile-verte\/","og_locale":"de_DE","og_type":"article","og_title":"Liti\u00e8re \u00e0 l'Argile Verte (8 L)","og_description":"Une liti\u00e8re compostable pour l'hygi\u00e8ne de votre chat. La Liti\u00e8re \u00e0 l'Argile Verte. Un choix judicieux pour les amoureux des produits naturels.","og_url":"https:\/\/regalanimals.ch\/de\/product\/litiere-a-l-argile-verte\/","og_site_name":"R\u00e9gal&#039;Animals","article_modified_time":"2026-03-22T20:55:48+00:00","og_image":[{"width":940,"height":788,"url":"https:\/\/regalanimals.ch\/wp-content\/uploads\/2023\/07\/Litiere-a-l-argile-verte.webp","type":"image\/webp"}],"twitter_card":"summary_large_image","twitter_misc":{"Gesch\u00e4tzte Lesezeit":"4\u00a0Minuten"},"schema":{"@context":"https:\/\/schema.org","@graph":[{"@type":"WebPage","@id":"https:\/\/regalanimals.ch\/product\/litiere-a-l-argile-verte\/","url":"https:\/\/regalanimals.ch\/product\/litiere-a-l-argile-verte\/","name":"Liti\u00e8re \u00e0 l'Argile Verte, id\u00e9ale pour le compostage.","isPartOf":{"@id":"https:\/\/regalanimals.ch\/#website"},"primaryImageOfPage":{"@id":"https:\/\/regalanimals.ch\/product\/litiere-a-l-argile-verte\/#primaryimage"},"image":{"@id":"https:\/\/regalanimals.ch\/product\/litiere-a-l-argile-verte\/#primaryimage"},"thumbnailUrl":"https:\/\/regalanimals.ch\/wp-content\/uploads\/2023\/07\/Litiere-a-l-argile-verte.webp","datePublished":"2023-07-30T09:25:12+00:00","dateModified":"2026-03-22T20:55:48+00:00","description":"Kompostierbare Katzenstreu f\u00fcr die Hygiene Ihrer Katze. Gr\u00fcne Tonstreu. Eine kluge Wahl f\u00fcr Liebhaber nat\u00fcrlicher Produkte.","breadcrumb":{"@id":"https:\/\/regalanimals.ch\/product\/litiere-a-l-argile-verte\/#breadcrumb"},"inLanguage":"de","potentialAction":[{"@type":"ReadAction","target":["https:\/\/regalanimals.ch\/product\/litiere-a-l-argile-verte\/"]}]},{"@type":"ImageObject","inLanguage":"de","@id":"https:\/\/regalanimals.ch\/product\/litiere-a-l-argile-verte\/#primaryimage","url":"https:\/\/regalanimals.ch\/wp-content\/uploads\/2023\/07\/Litiere-a-l-argile-verte.webp","contentUrl":"https:\/\/regalanimals.ch\/wp-content\/uploads\/2023\/07\/Litiere-a-l-argile-verte.webp","width":940,"height":788,"caption":"Liti\u00e8re \u00e0 l\u2019argile verte \u2013 sac pr\u00e9sent\u00e9 de face."},{"@type":"BreadcrumbList","@id":"https:\/\/regalanimals.ch\/product\/litiere-a-l-argile-verte\/#breadcrumb","itemListElement":[{"@type":"ListItem","position":1,"name":"Home","item":"https:\/\/regalanimals.ch\/"},{"@type":"ListItem","position":2,"name":"Boutique","item":"https:\/\/regalanimals.ch\/shop\/"},{"@type":"ListItem","position":3,"name":"Liti\u00e8re \u00e0 l&rsquo;Argile Verte (8 L)"}]},{"@type":"WebSite","@id":"https:\/\/regalanimals.ch\/#website","url":"https:\/\/regalanimals.ch\/","name":"Tierfest","description":"Hochwertiges Futter und Zubeh\u00f6r f\u00fcr Katzen, Hunde und Frettchen","publisher":{"@id":"https:\/\/regalanimals.ch\/#organization"},"potentialAction":[{"@type":"SearchAction","target":{"@type":"EntryPoint","urlTemplate":"https:\/\/regalanimals.ch\/?s={search_term_string}"},"query-input":{"@type":"PropertyValueSpecification","valueRequired":true,"valueName":"search_term_string"}}],"inLanguage":"de"},{"@type":"Organization","@id":"https:\/\/regalanimals.ch\/#organization","name":"Tierfest","url":"https:\/\/regalanimals.ch\/","logo":{"@type":"ImageObject","inLanguage":"de","@id":"https:\/\/regalanimals.ch\/#\/schema\/logo\/image\/","url":"https:\/\/regalanimals.ch\/wp-content\/uploads\/2025\/07\/Logo-RegalAnimals.png","contentUrl":"https:\/\/regalanimals.ch\/wp-content\/uploads\/2025\/07\/Logo-RegalAnimals.png","width":120,"height":153,"caption":"R\u00e9gal Animals"},"image":{"@id":"https:\/\/regalanimals.ch\/#\/schema\/logo\/image\/"}}]}},"_links":{"self":[{"href":"https:\/\/regalanimals.ch\/de\/wp-json\/wp\/v2\/product\/29869","targetHints":{"allow":["GET"]}}],"collection":[{"href":"https:\/\/regalanimals.ch\/de\/wp-json\/wp\/v2\/product"}],"about":[{"href":"https:\/\/regalanimals.ch\/de\/wp-json\/wp\/v2\/types\/product"}],"replies":[{"embeddable":true,"href":"https:\/\/regalanimals.ch\/de\/wp-json\/wp\/v2\/comments?post=29869"}],"wp:featuredmedia":[{"embeddable":true,"href":"https:\/\/regalanimals.ch\/de\/wp-json\/wp\/v2\/media\/40190"}],"wp:attachment":[{"href":"https:\/\/regalanimals.ch\/de\/wp-json\/wp\/v2\/media?parent=29869"}],"wp:term":[{"taxonomy":"product_brand","embeddable":true,"href":"https:\/\/regalanimals.ch\/de\/wp-json\/wp\/v2\/product_brand?post=29869"},{"taxonomy":"product_cat","embeddable":true,"href":"https:\/\/regalanimals.ch\/de\/wp-json\/wp\/v2\/product_cat?post=29869"},{"taxonomy":"product_tag","embeddable":true,"href":"https:\/\/regalanimals.ch\/de\/wp-json\/wp\/v2\/product_tag?post=29869"}],"curies":[{"name":"wp","href":"https:\/\/api.w.org\/{rel}","templated":true}]}}