{"id":30555,"date":"2023-09-30T13:56:04","date_gmt":"2023-09-30T11:56:04","guid":{"rendered":"https:\/\/regalanimals.geekworkers.dev\/?post_type=product&#038;p=30555"},"modified":"2026-03-22T13:12:58","modified_gmt":"2026-03-22T12:12:58","slug":"friandises-lyophilisees-poulet","status":"publish","type":"product","link":"https:\/\/regalanimals.ch\/de\/product\/friandises-lyophilisees-poulet\/","title":{"rendered":"Lyophilisierte S\u00fc\u00dfigkeiten Huhn"},"content":{"rendered":"<h2 data-start=\"555\" data-end=\"634\">\u2728 <strong data-start=\"559\" data-end=\"632\">Gefriergetrocknete H\u00fchnchen-Leckerlis, ein Klassiker f\u00fcr alle Fleischliebhaber<\/strong><\/h2>\n<h3 data-start=\"636\" data-end=\"690\">\ud83d\udc14 Ein einfacher, gesunder\u2026 und unwiderstehlicher Leckerbissen<\/h3>\n<p data-start=\"692\" data-end=\"1052\">Gefriergetrocknete H\u00fchnerleckerlis sind eine schmackhafte und nat\u00fcrliche Belohnung. Dank ihrer einzigen Zutat \u2013 sorgf\u00e4ltig zubereitetem H\u00fchnerfleisch \u2013 sind sie bei Hunden, Katzen und Frettchen gleicherma\u00dfen beliebt. Ihre zartschmelzende Konsistenz und ihr intensives Aroma machen sie zum perfekten Leckerli, um zu motivieren, zu belohnen oder einfach nur zu erfreuen.<\/p>\n<hr data-start=\"1054\" data-end=\"1057\" \/>\n<h2 data-start=\"1059\" data-end=\"1105\">\ud83c\udf57 Ein schmackhaftes H\u00fchnerkonzentrat<\/h2>\n<p data-start=\"1107\" data-end=\"1591\">Diese kleinen W\u00fcrfel werden aus H\u00e4hnchenbrust hergestellt und anschlie\u00dfend gefriergetrocknet. Durch dieses Verfahren wird dem Fleisch Wasser entzogen, ohne die Qualit\u00e4t zu beeintr\u00e4chtigen. So bleiben Geschmack und N\u00e4hrstoffe erhalten, und jedes einzelne St\u00fcck beh\u00e4lt seine Farbe und sein Aroma. Da sie von Natur aus fettarm sind, eignen sie sich perfekt als Leckerli f\u00fcr zwischendurch. Sie k\u00f6nnen sie daher sowohl f\u00fcr das R\u00fcckruftraining als auch als kleine Aufwertung einer Mahlzeit verwenden.<\/p>\n<hr data-start=\"1593\" data-end=\"1596\" \/>\n<h2 data-start=\"1598\" data-end=\"1659\">\ud83d\udc3e Eine nat\u00fcrliche Belohnung f\u00fcr Hunde, Katzen und Frettchen<\/h2>\n<p data-start=\"1661\" data-end=\"2089\">Reich an Protein und arm an Kohlenhydraten, lassen sich diese Nuggets problemlos in eine ausgewogene Ern\u00e4hrung integrieren. Sie eignen sich auch f\u00fcr Haustiere, die auf ihr Gewicht achten m\u00fcssen. Ihre minimalistische Zusammensetzung \u2013 ausschlie\u00dflich H\u00fchnchen \u2013 f\u00f6rdert zudem die Verdauung und gibt Besitzern empfindlicher Tiere Sicherheit. Sie k\u00f6nnen die Nuggets auch zerbr\u00f6seln, um die Konsistenz zu variieren und selbst w\u00e4hlerische Fresser zum Appetit anzuregen.<\/p>\n<hr data-start=\"2091\" data-end=\"2094\" \/>\n<h2 data-start=\"2096\" data-end=\"2148\">\ud83d\udce6 Ein praktisches Format f\u00fcr alle Abenteuer<\/h2>\n<p data-start=\"2150\" data-end=\"2549\">Das transparente Glas mit Schraubverschluss erm\u00f6glicht es Ihnen, die gefriergetrockneten H\u00fchnerleckerlis \u00fcberallhin mitzunehmen. Dank dieser praktischen Verpackung bleiben die W\u00fcrfel knusprig und lassen sich leicht servieren. Ob beim Spaziergang, beim Training oder f\u00fcr einen besonderen Moment zu Hause \u2013 diese mundgerechten Leckerlis f\u00f6rdern gutes Verhalten und sorgen f\u00fcr ein positives Erlebnis.<\/p>\n<hr data-start=\"2551\" data-end=\"2554\" \/>\n<h2 data-start=\"2556\" data-end=\"2586\">\ud83d\udc3e H\u00e4ufig gestellte Fragen<\/h2>\n<h3 data-start=\"2588\" data-end=\"2718\">\u2753 Noch unentschlossen? Hier finden Sie die Antworten auf die h\u00e4ufigsten Fragen zu Walker Kiwi Chicken Freeze-Dried Treats.<\/h3>\n<h4 data-start=\"2720\" data-end=\"2781\">\u27a1\ufe0f F\u00fcr welche Tiere sind diese H\u00fchnerhappen geeignet?<\/h4>\n<p data-start=\"2782\" data-end=\"3036\">Sie eignen sich f\u00fcr Hunde, Katzen und Frettchen. Ihre einfache Zusammensetzung und ihr ausgepr\u00e4gter Geschmack sprechen alle kleinen Fleischfresser an. Dank ihres hohen Proteingehalts lassen sie sich problemlos in den Speiseplan jeder Tierart integrieren.<\/p>\n<h4 data-start=\"3038\" data-end=\"3094\">\u27a1\ufe0f Warum gefriergetrocknete Pr\u00e4mien w\u00e4hlen?<\/h4>\n<p data-start=\"3095\" data-end=\"3338\">Durch die Gefriertrocknung bleiben Geschmack, N\u00e4hrstoffe und Textur des H\u00fchnerfleisches erhalten. Bei diesem Verfahren wird Wasser entzogen, w\u00e4hrend die Fleischqualit\u00e4t bewahrt wird. Dadurch bleiben die Leckerlis schmackhaft und leicht verdaulich, selbst f\u00fcr empfindliche Tiere.<\/p>\n<h4 data-start=\"3340\" data-end=\"3402\">\u27a1\ufe0f Darf ich diese Leckerlis w\u00e4hrend des Trainings verwenden?<\/h4>\n<p data-start=\"3403\" data-end=\"3653\">Ja! Ihr unwiderstehlicher Geschmack zieht sofort die Aufmerksamkeit auf sich. Sie eignen sich als Belohnung nach einem erfolgreichen R\u00fcckruf, einer gelungenen \u00dcbung oder einer Sozialisierungssitzung. Dank ihrer geringen Gr\u00f6\u00dfe erm\u00f6glichen sie positive Verst\u00e4rkung ohne \u00fcberfl\u00fcssige Kalorien.<\/p>\n<hr data-start=\"3655\" data-end=\"3658\" \/>\n<h2 data-start=\"3660\" data-end=\"3691\">\ud83d\udca6 Ratschl\u00e4ge von R\u00e9gal&#039;Animals \ud83d\udc9a<\/h2>\n<p data-start=\"3692\" data-end=\"4078\">Verw\u00f6hnen Sie Ihr Haustier mit diesen Leckerlis zu besonderen Anl\u00e4ssen: einem erreichten Trainingsziel, einem perfekten R\u00fcckruf oder immer dann, wenn Sie es belohnen m\u00f6chten. Sie k\u00f6nnen sie auch leicht zerbr\u00f6seln, um die Schmackhaftigkeit einer Mahlzeit zu erh\u00f6hen, insbesondere wenn Ihr Hund, Ihre Katze oder Ihr Frettchen wenig Appetit hat. Diese kleinen Leckerbissen wirken wahre Wunder \ud83d\udc9a<\/p>\n<hr data-start=\"4080\" data-end=\"4083\" \/>\n<h4 data-start=\"4085\" data-end=\"4129\">\u27a1\ufe0f Wie kann ich diese Pr\u00e4mien behalten?<\/h4>\n<p data-start=\"4130\" data-end=\"4303\">Verschlie\u00dfen Sie das Glas nach jedem Gebrauch einfach fest und bewahren Sie es an einem trockenen Ort auf. So bleiben die Leckerlis l\u00e4nger knusprig und aromatisch.<\/p>\n<h4 data-start=\"4305\" data-end=\"4358\">\u27a1\ufe0f Sind sie mit einer BARF-Di\u00e4t kompatibel?<\/h4>\n<p data-start=\"4359\" data-end=\"4527\">Ja, denn sie werden zu 100 % aus H\u00fchnerfleisch hergestellt und enthalten keine Zusatzstoffe. Daher passen sie perfekt in eine nat\u00fcrliche Ern\u00e4hrung oder eine selbst zubereitete Ration.<\/p>\n<h4 data-start=\"4529\" data-end=\"4597\">\u27a1\ufe0f K\u00f6nnen diese Leckereien zu einer Gewichtszunahme f\u00fchren?<\/h4>\n<p data-start=\"4598\" data-end=\"4807\">Sie sind fettarm. Wie bei jeder S\u00fc\u00dfigkeit sollte man jedoch die Menge anpassen, um eine \u00fcberm\u00e4\u00dfige Kalorienzufuhr zu vermeiden. In Ma\u00dfen genossen, stellen sie kein Problem dar.<\/p>\n<h4 data-start=\"4809\" data-end=\"4863\">\u27a1\ufe0f Kann es Welpen und K\u00e4tzchen verabreicht werden?<\/h4>\n<p data-start=\"4864\" data-end=\"5056\">Na klar! Gefriergetrocknete H\u00fchnerleckerlis sind leicht zu verzehren und ein toller Anreiz. Bieten Sie sie aber einfach in kleinen Mengen an und achten Sie auf die Tagesration, um ein ausgewogenes Verh\u00e4ltnis zu gew\u00e4hrleisten.<\/p>\n<h4>Zusammensetzung<\/h4>\n<p>100% H\u00e4hnchen<\/p>\n<h4>Analytische Bestandteile<\/h4>\n<p>Rohprotein: 85,7 %<br data-start=\"739\" data-end=\"742\" \/>Rohfett: 8,6 %<br data-start=\"773\" data-end=\"776\" \/>Mineralische Rohstoffe: 4,8 %<br data-start=\"809\" data-end=\"812\" \/>Rohfasern: 0,3 %<br data-start=\"833\" data-end=\"836\" \/>Luftfeuchtigkeit: 0,8 %<\/p>\n<p>&nbsp;<\/p>\n<p>&nbsp;<\/p>\n<p><a href=\"https:\/\/regalanimals.ch\/de\/product\/friandises-lapin-lyophilisees\/\">Vorschlag f\u00fcr ihn<\/a><a href=\"https:\/\/www.instagram.com\/reel\/DHK9AQBp-y_\/\">Zufriedener Kunde!<\/a><\/p>","protected":false},"excerpt":{"rendered":"<p>\u2728 Friandises Lyophilis\u00e9es Poulet, un classique pour tous les carnivores \ud83d\udc14 Une gourmandise simple, saine\u2026 et irr\u00e9sistible Les Friandises Lyophilis\u00e9es Poulet offrent une r\u00e9compense \u00e0 la fois go\u00fbteuse et naturelle. Gr\u00e2ce \u00e0 leur unique ingr\u00e9dient \u2013 de la viande de poulet soigneusement pr\u00e9par\u00e9e \u2013 elles plaisent autant aux chiens qu\u2019aux chats et aux furets. Leur [&hellip;]<\/p>\n","protected":false},"featured_media":38108,"menu_order":0,"comment_status":"open","ping_status":"closed","template":"","meta":[],"product_brand":[],"product_cat":[24,333,213,197,90],"product_tag":[],"class_list":{"0":"post-30555","1":"product","2":"type-product","3":"status-publish","4":"has-post-thumbnail","6":"product_cat-chiens","7":"product_cat-friandises-furet","8":"product_cat-friandises-pour-chats","9":"product_cat-friandises-pour-chiens","10":"product_cat-furets","12":"first","13":"instock","14":"taxable","15":"shipping-taxable","16":"purchasable","17":"product-type-variable"},"yoast_head":"<!-- This site is optimized with the Yoast SEO Premium plugin v27.3 (Yoast SEO v27.3) - https:\/\/yoast.com\/product\/yoast-seo-premium-wordpress\/ -->\n<title>Friandises Lyophilis\u00e9es Poulet, pour chien, chat, furet<\/title>\n<meta name=\"description\" content=\"100% naturelles et irr\u00e9sistibles, ces Friandises Lyophilis\u00e9es Poulet offrent \u00e0 votre petit carnivore un encas sain qui fait mouche !\" \/>\n<meta name=\"robots\" content=\"index, follow, max-snippet:-1, max-image-preview:large, max-video-preview:-1\" \/>\n<link rel=\"canonical\" href=\"https:\/\/regalanimals.ch\/de\/product\/friandises-lyophilisees-poulet\/\" \/>\n<meta property=\"og:locale\" content=\"de_DE\" \/>\n<meta property=\"og:type\" content=\"article\" \/>\n<meta property=\"og:title\" content=\"Friandises Lyophilis\u00e9es Poulet\" \/>\n<meta property=\"og:description\" content=\"100% naturelles et irr\u00e9sistibles, ces Friandises Lyophilis\u00e9es Poulet offrent \u00e0 votre petit carnivore un encas sain qui fait mouche !\" \/>\n<meta property=\"og:url\" content=\"https:\/\/regalanimals.ch\/de\/product\/friandises-lyophilisees-poulet\/\" \/>\n<meta property=\"og:site_name\" content=\"R\u00e9gal&#039;Animals\" \/>\n<meta property=\"article:modified_time\" content=\"2026-03-22T12:12:58+00:00\" \/>\n<meta property=\"og:image\" content=\"https:\/\/regalanimals.ch\/wp-content\/uploads\/2025\/08\/friandises-lyophilisees-poulet.webp\" \/>\n\t<meta property=\"og:image:width\" content=\"940\" \/>\n\t<meta property=\"og:image:height\" content=\"788\" \/>\n\t<meta property=\"og:image:type\" content=\"image\/webp\" \/>\n<meta name=\"twitter:card\" content=\"summary_large_image\" \/>\n<meta name=\"twitter:label1\" content=\"Gesch\u00e4tzte Lesezeit\" \/>\n\t<meta name=\"twitter:data1\" content=\"4\u00a0Minuten\" \/>\n<script type=\"application\/ld+json\" class=\"yoast-schema-graph\">{\"@context\":\"https:\\\/\\\/schema.org\",\"@graph\":[{\"@type\":\"WebPage\",\"@id\":\"https:\\\/\\\/regalanimals.ch\\\/product\\\/friandises-lyophilisees-poulet\\\/\",\"url\":\"https:\\\/\\\/regalanimals.ch\\\/product\\\/friandises-lyophilisees-poulet\\\/\",\"name\":\"Friandises Lyophilis\u00e9es Poulet, pour chien, chat, furet\",\"isPartOf\":{\"@id\":\"https:\\\/\\\/regalanimals.ch\\\/#website\"},\"primaryImageOfPage\":{\"@id\":\"https:\\\/\\\/regalanimals.ch\\\/product\\\/friandises-lyophilisees-poulet\\\/#primaryimage\"},\"image\":{\"@id\":\"https:\\\/\\\/regalanimals.ch\\\/product\\\/friandises-lyophilisees-poulet\\\/#primaryimage\"},\"thumbnailUrl\":\"https:\\\/\\\/regalanimals.ch\\\/wp-content\\\/uploads\\\/2025\\\/08\\\/friandises-lyophilisees-poulet.webp\",\"datePublished\":\"2023-09-30T11:56:04+00:00\",\"dateModified\":\"2026-03-22T12:12:58+00:00\",\"description\":\"100% naturelles et irr\u00e9sistibles, ces Friandises Lyophilis\u00e9es Poulet offrent \u00e0 votre petit carnivore un encas sain qui fait mouche !\",\"breadcrumb\":{\"@id\":\"https:\\\/\\\/regalanimals.ch\\\/product\\\/friandises-lyophilisees-poulet\\\/#breadcrumb\"},\"inLanguage\":\"de\",\"potentialAction\":[{\"@type\":\"ReadAction\",\"target\":[\"https:\\\/\\\/regalanimals.ch\\\/product\\\/friandises-lyophilisees-poulet\\\/\"]}]},{\"@type\":\"ImageObject\",\"inLanguage\":\"de\",\"@id\":\"https:\\\/\\\/regalanimals.ch\\\/product\\\/friandises-lyophilisees-poulet\\\/#primaryimage\",\"url\":\"https:\\\/\\\/regalanimals.ch\\\/wp-content\\\/uploads\\\/2025\\\/08\\\/friandises-lyophilisees-poulet.webp\",\"contentUrl\":\"https:\\\/\\\/regalanimals.ch\\\/wp-content\\\/uploads\\\/2025\\\/08\\\/friandises-lyophilisees-poulet.webp\",\"width\":940,\"height\":788,\"caption\":\"Friandises Lyophilis\u00e9es Poulet Kiwi Walker en petits cubes.\"},{\"@type\":\"BreadcrumbList\",\"@id\":\"https:\\\/\\\/regalanimals.ch\\\/product\\\/friandises-lyophilisees-poulet\\\/#breadcrumb\",\"itemListElement\":[{\"@type\":\"ListItem\",\"position\":1,\"name\":\"Home\",\"item\":\"https:\\\/\\\/regalanimals.ch\\\/\"},{\"@type\":\"ListItem\",\"position\":2,\"name\":\"Boutique\",\"item\":\"https:\\\/\\\/regalanimals.ch\\\/shop\\\/\"},{\"@type\":\"ListItem\",\"position\":3,\"name\":\"Friandises Lyophilis\u00e9es Poulet\"}]},{\"@type\":\"WebSite\",\"@id\":\"https:\\\/\\\/regalanimals.ch\\\/#website\",\"url\":\"https:\\\/\\\/regalanimals.ch\\\/\",\"name\":\"R\u00e9gal Animals\",\"description\":\"Alimentation et articles de qualit\u00e9 pour chats, chiens et furets\",\"publisher\":{\"@id\":\"https:\\\/\\\/regalanimals.ch\\\/#organization\"},\"potentialAction\":[{\"@type\":\"SearchAction\",\"target\":{\"@type\":\"EntryPoint\",\"urlTemplate\":\"https:\\\/\\\/regalanimals.ch\\\/?s={search_term_string}\"},\"query-input\":{\"@type\":\"PropertyValueSpecification\",\"valueRequired\":true,\"valueName\":\"search_term_string\"}}],\"inLanguage\":\"de\"},{\"@type\":\"Organization\",\"@id\":\"https:\\\/\\\/regalanimals.ch\\\/#organization\",\"name\":\"R\u00e9gal Animals\",\"url\":\"https:\\\/\\\/regalanimals.ch\\\/\",\"logo\":{\"@type\":\"ImageObject\",\"inLanguage\":\"de\",\"@id\":\"https:\\\/\\\/regalanimals.ch\\\/#\\\/schema\\\/logo\\\/image\\\/\",\"url\":\"https:\\\/\\\/regalanimals.ch\\\/wp-content\\\/uploads\\\/2025\\\/07\\\/Logo-RegalAnimals.png\",\"contentUrl\":\"https:\\\/\\\/regalanimals.ch\\\/wp-content\\\/uploads\\\/2025\\\/07\\\/Logo-RegalAnimals.png\",\"width\":120,\"height\":153,\"caption\":\"R\u00e9gal Animals\"},\"image\":{\"@id\":\"https:\\\/\\\/regalanimals.ch\\\/#\\\/schema\\\/logo\\\/image\\\/\"}}]}<\/script>\n<!-- \/ Yoast SEO Premium plugin. -->","yoast_head_json":{"title":"Friandises Lyophilis\u00e9es Poulet, pour chien, chat, furet","description":"100% Nat\u00fcrlich und unwiderstehlich: Diese gefriergetrockneten H\u00fchnchen-Leckerlis bieten Ihrem kleinen Fleischfresser einen gesunden Snack, der genau ins Schwarze trifft!","robots":{"index":"index","follow":"follow","max-snippet":"max-snippet:-1","max-image-preview":"max-image-preview:large","max-video-preview":"max-video-preview:-1"},"canonical":"https:\/\/regalanimals.ch\/de\/product\/friandises-lyophilisees-poulet\/","og_locale":"de_DE","og_type":"article","og_title":"Friandises Lyophilis\u00e9es Poulet","og_description":"100% naturelles et irr\u00e9sistibles, ces Friandises Lyophilis\u00e9es Poulet offrent \u00e0 votre petit carnivore un encas sain qui fait mouche !","og_url":"https:\/\/regalanimals.ch\/de\/product\/friandises-lyophilisees-poulet\/","og_site_name":"R\u00e9gal&#039;Animals","article_modified_time":"2026-03-22T12:12:58+00:00","og_image":[{"width":940,"height":788,"url":"https:\/\/regalanimals.ch\/wp-content\/uploads\/2025\/08\/friandises-lyophilisees-poulet.webp","type":"image\/webp"}],"twitter_card":"summary_large_image","twitter_misc":{"Gesch\u00e4tzte Lesezeit":"4\u00a0Minuten"},"schema":{"@context":"https:\/\/schema.org","@graph":[{"@type":"WebPage","@id":"https:\/\/regalanimals.ch\/product\/friandises-lyophilisees-poulet\/","url":"https:\/\/regalanimals.ch\/product\/friandises-lyophilisees-poulet\/","name":"Friandises Lyophilis\u00e9es Poulet, pour chien, chat, furet","isPartOf":{"@id":"https:\/\/regalanimals.ch\/#website"},"primaryImageOfPage":{"@id":"https:\/\/regalanimals.ch\/product\/friandises-lyophilisees-poulet\/#primaryimage"},"image":{"@id":"https:\/\/regalanimals.ch\/product\/friandises-lyophilisees-poulet\/#primaryimage"},"thumbnailUrl":"https:\/\/regalanimals.ch\/wp-content\/uploads\/2025\/08\/friandises-lyophilisees-poulet.webp","datePublished":"2023-09-30T11:56:04+00:00","dateModified":"2026-03-22T12:12:58+00:00","description":"100% Nat\u00fcrlich und unwiderstehlich: Diese gefriergetrockneten H\u00fchnchen-Leckerlis bieten Ihrem kleinen Fleischfresser einen gesunden Snack, der genau ins Schwarze trifft!","breadcrumb":{"@id":"https:\/\/regalanimals.ch\/product\/friandises-lyophilisees-poulet\/#breadcrumb"},"inLanguage":"de","potentialAction":[{"@type":"ReadAction","target":["https:\/\/regalanimals.ch\/product\/friandises-lyophilisees-poulet\/"]}]},{"@type":"ImageObject","inLanguage":"de","@id":"https:\/\/regalanimals.ch\/product\/friandises-lyophilisees-poulet\/#primaryimage","url":"https:\/\/regalanimals.ch\/wp-content\/uploads\/2025\/08\/friandises-lyophilisees-poulet.webp","contentUrl":"https:\/\/regalanimals.ch\/wp-content\/uploads\/2025\/08\/friandises-lyophilisees-poulet.webp","width":940,"height":788,"caption":"Friandises Lyophilis\u00e9es Poulet Kiwi Walker en petits cubes."},{"@type":"BreadcrumbList","@id":"https:\/\/regalanimals.ch\/product\/friandises-lyophilisees-poulet\/#breadcrumb","itemListElement":[{"@type":"ListItem","position":1,"name":"Home","item":"https:\/\/regalanimals.ch\/"},{"@type":"ListItem","position":2,"name":"Boutique","item":"https:\/\/regalanimals.ch\/shop\/"},{"@type":"ListItem","position":3,"name":"Friandises Lyophilis\u00e9es Poulet"}]},{"@type":"WebSite","@id":"https:\/\/regalanimals.ch\/#website","url":"https:\/\/regalanimals.ch\/","name":"Tierfest","description":"Hochwertiges Futter und Zubeh\u00f6r f\u00fcr Katzen, Hunde und Frettchen","publisher":{"@id":"https:\/\/regalanimals.ch\/#organization"},"potentialAction":[{"@type":"SearchAction","target":{"@type":"EntryPoint","urlTemplate":"https:\/\/regalanimals.ch\/?s={search_term_string}"},"query-input":{"@type":"PropertyValueSpecification","valueRequired":true,"valueName":"search_term_string"}}],"inLanguage":"de"},{"@type":"Organization","@id":"https:\/\/regalanimals.ch\/#organization","name":"Tierfest","url":"https:\/\/regalanimals.ch\/","logo":{"@type":"ImageObject","inLanguage":"de","@id":"https:\/\/regalanimals.ch\/#\/schema\/logo\/image\/","url":"https:\/\/regalanimals.ch\/wp-content\/uploads\/2025\/07\/Logo-RegalAnimals.png","contentUrl":"https:\/\/regalanimals.ch\/wp-content\/uploads\/2025\/07\/Logo-RegalAnimals.png","width":120,"height":153,"caption":"R\u00e9gal Animals"},"image":{"@id":"https:\/\/regalanimals.ch\/#\/schema\/logo\/image\/"}}]}},"_links":{"self":[{"href":"https:\/\/regalanimals.ch\/de\/wp-json\/wp\/v2\/product\/30555","targetHints":{"allow":["GET"]}}],"collection":[{"href":"https:\/\/regalanimals.ch\/de\/wp-json\/wp\/v2\/product"}],"about":[{"href":"https:\/\/regalanimals.ch\/de\/wp-json\/wp\/v2\/types\/product"}],"replies":[{"embeddable":true,"href":"https:\/\/regalanimals.ch\/de\/wp-json\/wp\/v2\/comments?post=30555"}],"wp:featuredmedia":[{"embeddable":true,"href":"https:\/\/regalanimals.ch\/de\/wp-json\/wp\/v2\/media\/38108"}],"wp:attachment":[{"href":"https:\/\/regalanimals.ch\/de\/wp-json\/wp\/v2\/media?parent=30555"}],"wp:term":[{"taxonomy":"product_brand","embeddable":true,"href":"https:\/\/regalanimals.ch\/de\/wp-json\/wp\/v2\/product_brand?post=30555"},{"taxonomy":"product_cat","embeddable":true,"href":"https:\/\/regalanimals.ch\/de\/wp-json\/wp\/v2\/product_cat?post=30555"},{"taxonomy":"product_tag","embeddable":true,"href":"https:\/\/regalanimals.ch\/de\/wp-json\/wp\/v2\/product_tag?post=30555"}],"curies":[{"name":"wp","href":"https:\/\/api.w.org\/{rel}","templated":true}]}}