{"id":30564,"date":"2023-09-30T14:25:13","date_gmt":"2023-09-30T12:25:13","guid":{"rendered":"https:\/\/regalanimals.geekworkers.dev\/?post_type=product&#038;p=30564"},"modified":"2026-03-22T12:59:50","modified_gmt":"2026-03-22T11:59:50","slug":"friandises-foie-poulet-lyophilisees","status":"publish","type":"product","link":"https:\/\/regalanimals.ch\/de\/product\/friandises-foie-poulet-lyophilisees\/","title":{"rendered":"Gefriergetrocknete H\u00fchnerleber-Leckerlis"},"content":{"rendered":"<h2 data-start=\"756\" data-end=\"823\"><strong data-start=\"759\" data-end=\"823\">Gefriergetrocknete H\u00fchnerleber-Leckerlis \u2013 ein k\u00f6stlicher Snack! \ud83d\udc4c<\/strong><\/h2>\n<h3 data-start=\"825\" data-end=\"888\"><strong data-start=\"829\" data-end=\"888\">Ein ern\u00e4hrungsphysiologisches Juwel, das alle Feinschmecker begeistert \ud83d\udc36\ud83d\udc31<\/strong><\/h3>\n<p data-start=\"890\" data-end=\"1320\">Gefriergetrocknete H\u00fchnerleber besticht durch ihren intensiven und unwiderstehlichen Geschmack und ist daher ideal, um die Aufmerksamkeit Ihres Haustieres zu gewinnen. Ihr nat\u00fcrlicher Gehalt an Proteinen, Vitamin A und B sowie essenziellen Mineralstoffen wie Eisen und Zink f\u00f6rdert zudem Energie, Konzentration und Vitalit\u00e4t. Diese mundgerechten Leckerlis eignen sich daher hervorragend, um Fortschritte zu belohnen, erw\u00fcnschtes Verhalten zu f\u00f6rdern oder die Bindung zwischen Ihnen und Ihrem Tier t\u00e4glich zu st\u00e4rken.<\/p>\n<hr data-start=\"1322\" data-end=\"1325\" \/>\n<h2 data-start=\"1327\" data-end=\"1372\"><strong data-start=\"1331\" data-end=\"1372\">Ein leckerer, einfacher und gesunder Snack \ud83d\udc3e<\/strong><\/h2>\n<p data-start=\"1374\" data-end=\"1713\">Diese Leckerlis eignen sich f\u00fcr alle: neugierige Welpen, w\u00e4hlerische Katzen, hungrige Frettchen oder erwachsene Hunde im Training. Ihr unverwechselbarer Geschmack motiviert selbst z\u00f6gerliche oder widerwillige Tiere. Da Leber jedoch sehr n\u00e4hrstoffreich ist, sollte die Menge f\u00fcr Tiere mit speziellen Ern\u00e4hrungsbed\u00fcrfnissen oder gesundheitlichen Problemen angepasst werden.<\/p>\n<hr data-start=\"1715\" data-end=\"1718\" \/>\n<h2 data-start=\"1720\" data-end=\"1787\"><strong data-start=\"1724\" data-end=\"1787\">Ein vielseitiger Leckerbissen f\u00fcr Hunde, Katzen und Frettchen \ud83d\ude3a<\/strong><\/h2>\n<p data-start=\"1789\" data-end=\"2156\">Diese Leckerbissen eignen sich f\u00fcr alle: neugierige Welpen, w\u00e4hlerische Katzen, hungrige Frettchen und erwachsene Hunde im Training. Ihr kr\u00e4ftiger Geschmack regt z\u00f6gerliche Tiere an und motiviert selbst die st\u00f6rrischsten. Da Leber jedoch sehr n\u00e4hrstoffreich ist, sollte die Menge f\u00fcr Tiere mit speziellen Ern\u00e4hrungsbed\u00fcrfnissen oder gesundheitlichen Problemen angepasst werden.<\/p>\n<hr data-start=\"2158\" data-end=\"2161\" \/>\n<h2 data-start=\"2163\" data-end=\"2210\"><strong data-start=\"2167\" data-end=\"2210\">Die Leber: ein l\u00e4ngst vergessener Schatz \ud83e\udef6<\/strong><\/h2>\n<p data-start=\"2212\" data-end=\"2567\">Innereien werden oft untersch\u00e4tzt, sind aber wahre N\u00e4hrstoffbomben. Insbesondere Leber ist reich an Eiwei\u00df, m\u00e4\u00dfig fetthaltig und sehr s\u00e4ttigend. Sie bietet somit einen kalorienarmen Genuss, ideal zum Naschen, ohne es zu \u00fcbertreiben. Kurz gesagt: ein perfekter Snack, der die nat\u00fcrlichen Bed\u00fcrfnisse kleiner Fleischfresser ber\u00fccksichtigt und gleichzeitig deren Bed\u00fcrfnisse befriedigt.<\/p>\n<hr data-start=\"2569\" data-end=\"2572\" \/>\n<h2 data-start=\"2574\" data-end=\"2603\"><strong data-start=\"2577\" data-end=\"2603\">H\u00e4ufig gestellte Fragen \ud83d\udc3e<\/strong><\/h2>\n<h3 data-start=\"2605\" data-end=\"2736\"><strong data-start=\"2609\" data-end=\"2736\">\u2753 Noch unentschlossen? Hier finden Sie Antworten auf die h\u00e4ufigsten Fragen zu gefriergetrockneten H\u00fchnerleber-Leckerlis.<\/strong><\/h3>\n<h4 data-start=\"2743\" data-end=\"2815\"><strong data-start=\"2747\" data-end=\"2813\">\u27a1\ufe0f F\u00fcr welche Tiere sind diese Leberst\u00fccke geeignet?<\/strong><\/h4>\n<p data-start=\"2816\" data-end=\"2956\">Sie eignen sich f\u00fcr Hunde, Katzen und Frettchen. Dar\u00fcber hinaus \u00fcberzeugt der intensive Lebergeschmack selbst die w\u00e4hlerischsten Tiere.<\/p>\n<h4 data-start=\"315\" data-end=\"392\"><strong data-start=\"319\" data-end=\"390\">\u27a1\ufe0f Was ist Gefriertrocknung und warum ist sie von Vorteil?<\/strong><\/h4>\n<p data-start=\"393\" data-end=\"863\">Gefriertrocknung ist ein schonendes Verfahren, das Fleisch Wasser entzieht und gleichzeitig seine N\u00e4hrstoffe erh\u00e4lt. Das Fleisch wird zun\u00e4chst eingefroren, anschlie\u00dfend verdampft das Wasser direkt unter Vakuum, ohne es zu garen. Dadurch beh\u00e4lt die Leber ihren nat\u00fcrlichen Geschmack, ihre urspr\u00fcngliche Textur und alle wichtigen N\u00e4hrstoffe. Deshalb lieben Tiere diese Leckerbissen auch: Sie riechen wie frisches Fleisch, nur eben mit weniger Wasser.<\/p>\n<h4 data-start=\"2963\" data-end=\"3031\"><strong data-start=\"2967\" data-end=\"3029\">\u27a1\ufe0f Was sind die wichtigsten Vorteile von H\u00fchnerleber?<\/strong><\/h4>\n<p data-start=\"3032\" data-end=\"3198\">Die Leber produziert auf nat\u00fcrliche Weise die Vitamine A und B, Eisen und Zink. Daher unterst\u00fctzt sie Energie, Konzentration, Muskelkraft und die Motivation zur Teilnahme am Lernprozess.<\/p>\n<h4 data-start=\"3205\" data-end=\"3260\"><strong data-start=\"3209\" data-end=\"3258\">\u27a1\ufe0f Sind diese W\u00fcrfel f\u00fcr Bildungszwecke geeignet?<\/strong><\/h4>\n<p data-start=\"3261\" data-end=\"3403\">Ja, absolut. Ihr intensiver Duft ist ein enormer Motivator, und ihre Gr\u00f6\u00dfe erm\u00f6glicht schnelle Belohnungen. Daher eignen sie sich ideal f\u00fcr R\u00fcckruftraining oder t\u00e4gliche \u00dcbungen.<\/p>\n<h3 data-start=\"3410\" data-end=\"3467\"><strong data-start=\"3414\" data-end=\"3465\">\u27a1\ufe0f Sind sie f\u00fcr Welpen oder K\u00e4tzchen geeignet?<\/strong><\/h3>\n<p data-start=\"3468\" data-end=\"3642\">Ja, absolut. Ihr Geschmack eignet sich hervorragend, um Jungtiere anzuregen, vorausgesetzt, sie werden in angemessenen Mengen angeboten und in die Gesamtration integriert.<\/p>\n<hr data-start=\"3644\" data-end=\"3647\" \/>\n<h2>\ud83d\udca6 <strong data-start=\"3655\" data-end=\"3683\">R\u00e9gal&#039;Animals Beratung \ud83d\udc9a<\/strong><\/h2>\n<p data-start=\"3686\" data-end=\"3998\">Verteilen Sie diese Leckerlis im richtigen Moment: nach einem erfolgreichen R\u00fcckruf, einer neuen \u00dcbung oder als kleine Belohnung. Ein paar Kr\u00fcmel im Napf k\u00f6nnen au\u00dferdem den Appetit eines z\u00f6gerlichen Haustiers anregen. Es ist eine nat\u00fcrliche, sanfte und wirksame Hilfe f\u00fcr den t\u00e4glichen Gebrauch \ud83d\udc9a<\/p>\n<hr data-start=\"3644\" data-end=\"3647\" \/>\n<h4 data-start=\"4005\" data-end=\"4070\"><strong data-start=\"4009\" data-end=\"4068\">\u27a1\ufe0f F\u00fchren leberbasierte Leckereien zu Gewichtszunahme?<\/strong><\/h4>\n<p data-start=\"4071\" data-end=\"4192\">Leber ist nahrhaft, aber fettarm. Wie bei jeder Leckerei sollte man die Menge jedoch anpassen, um eine ausgewogene Ern\u00e4hrung zu gew\u00e4hrleisten.<\/p>\n<h4 data-start=\"4199\" data-end=\"4269\"><strong data-start=\"4203\" data-end=\"4267\">\u27a1\ufe0f Sind diese H\u00e4ppchen mit einer BARF-Di\u00e4t kompatibel?<\/strong><\/h4>\n<p data-start=\"4270\" data-end=\"4360\">Ja, ohne Zweifel. Sie sind zu 100 % tierischen Ursprungs, frei von Zusatzstoffen und perfekt f\u00fcr eine nat\u00fcrliche Ern\u00e4hrung geeignet.<\/p>\n<h4 data-start=\"4367\" data-end=\"4411\"><strong data-start=\"4371\" data-end=\"4409\">\u27a1\ufe0f Kann ich sie unter das Essen mischen?<\/strong><\/h4>\n<p data-start=\"4412\" data-end=\"4527\">Ja, nat\u00fcrlich. Ein paar W\u00fcrfel verleihen einen unwiderstehlichen Duft und k\u00f6nnen den Reiz einer unappetitlichen Mahlzeit deutlich steigern.<\/p>\n<h4 data-start=\"4534\" data-end=\"4570\"><strong data-start=\"4538\" data-end=\"4568\">\u27a1\ufe0f Wie bewahrt man sie auf?<\/strong><\/h4>\n<p data-start=\"4571\" data-end=\"4681\">Bewahren Sie das Glas an einem trockenen, temperierten Ort auf und verschlie\u00dfen Sie es anschlie\u00dfend fest. Dadurch behalten die W\u00fcrfel ihr Aroma und ihre Konsistenz.<\/p>\n<h4 data-start=\"4571\" data-end=\"4681\">Zusammensetzung<\/h4>\n<p>100% H\u00fchnerleber<\/p>\n<h4>Analytische Bestandteile<\/h4>\n<p>Rohprotein: \u2265 60 %<br data-start=\"898\" data-end=\"901\" \/>Rohfettgehalt: \u2265 20 %<br data-start=\"933\" data-end=\"936\" \/>Rohfasern: \u2264 1 %<br data-start=\"957\" data-end=\"960\" \/>Mineralische Rohstoffe: \u2264 6 %<br data-start=\"993\" data-end=\"996\" \/>Luftfeuchtigkeit: \u2264 6 %<\/p>\n<p><a href=\"https:\/\/regalanimals.ch\/de\/product\/friandises-poisson-blanc-lyophilisees\/\">Vorschlag f\u00fcr ihn<\/a><\/p>","protected":false},"excerpt":{"rendered":"<p>Friandises Foie de Poulet Lyophilis\u00e9es, un abat plaisir ! \ud83d\udc4c Une p\u00e9pite nutritive qui motive tous les gourmands \ud83d\udc36\ud83d\udc31 Le foie de poulet lyophilis\u00e9 offre une saveur puissante et irr\u00e9sistible, ce qui le rend id\u00e9al pour capter l\u2019attention de votre compagnon. De plus, sa richesse naturelle en prot\u00e9ines, en vitamines A et B, ainsi qu\u2019en [&hellip;]<\/p>\n","protected":false},"featured_media":38112,"menu_order":0,"comment_status":"open","ping_status":"closed","template":"","meta":[],"product_brand":[],"product_cat":[89,24,333,213,197,90],"product_tag":[],"class_list":{"0":"post-30564","1":"product","2":"type-product","3":"status-publish","4":"has-post-thumbnail","6":"product_cat-chats","7":"product_cat-chiens","8":"product_cat-friandises-furet","9":"product_cat-friandises-pour-chats","10":"product_cat-friandises-pour-chiens","11":"product_cat-furets","13":"first","14":"instock","15":"taxable","16":"shipping-taxable","17":"purchasable","18":"product-type-variable"},"yoast_head":"<!-- This site is optimized with the Yoast SEO Premium plugin v27.4 (Yoast SEO v27.4) - https:\/\/yoast.com\/product\/yoast-seo-premium-wordpress\/ -->\n<title>Friandises Foie de Poulet Lyophilis\u00e9es \u2013 Abat pour chien<\/title>\n<meta name=\"description\" content=\"Offrez une r\u00e9compense savoureuse \u00e0 votre compagnon : les Friandises Foie de Poulet Lyophilis\u00e9es apportent go\u00fbt et \u00e9nergie aux chiens, chats et furets.\" \/>\n<meta name=\"robots\" content=\"index, follow, max-snippet:-1, max-image-preview:large, max-video-preview:-1\" \/>\n<link rel=\"canonical\" href=\"https:\/\/regalanimals.ch\/de\/product\/friandises-foie-poulet-lyophilisees\/\" \/>\n<meta property=\"og:locale\" content=\"de_DE\" \/>\n<meta property=\"og:type\" content=\"article\" \/>\n<meta property=\"og:title\" content=\"Friandises Foie Poulet Lyophilis\u00e9es\" \/>\n<meta property=\"og:description\" content=\"Offrez une r\u00e9compense savoureuse \u00e0 votre compagnon : les Friandises Foie de Poulet Lyophilis\u00e9es apportent go\u00fbt et \u00e9nergie aux chiens, chats et furets.\" \/>\n<meta property=\"og:url\" content=\"https:\/\/regalanimals.ch\/de\/product\/friandises-foie-poulet-lyophilisees\/\" \/>\n<meta property=\"og:site_name\" content=\"R\u00e9gal&#039;Animals\" \/>\n<meta property=\"article:modified_time\" content=\"2026-03-22T11:59:50+00:00\" \/>\n<meta property=\"og:image\" content=\"https:\/\/regalanimals.ch\/wp-content\/uploads\/2025\/08\/friandises-lyophilisees-foie-poulet.webp\" \/>\n\t<meta property=\"og:image:width\" content=\"940\" \/>\n\t<meta property=\"og:image:height\" content=\"788\" \/>\n\t<meta property=\"og:image:type\" content=\"image\/webp\" \/>\n<meta name=\"twitter:card\" content=\"summary_large_image\" \/>\n<meta name=\"twitter:label1\" content=\"Gesch\u00e4tzte Lesezeit\" \/>\n\t<meta name=\"twitter:data1\" content=\"4\u00a0Minuten\" \/>\n<script type=\"application\/ld+json\" class=\"yoast-schema-graph\">{\"@context\":\"https:\\\/\\\/schema.org\",\"@graph\":[{\"@type\":\"WebPage\",\"@id\":\"https:\\\/\\\/regalanimals.ch\\\/product\\\/friandises-foie-poulet-lyophilisees\\\/\",\"url\":\"https:\\\/\\\/regalanimals.ch\\\/product\\\/friandises-foie-poulet-lyophilisees\\\/\",\"name\":\"Friandises Foie de Poulet Lyophilis\u00e9es \u2013 Abat pour chien\",\"isPartOf\":{\"@id\":\"https:\\\/\\\/regalanimals.ch\\\/#website\"},\"primaryImageOfPage\":{\"@id\":\"https:\\\/\\\/regalanimals.ch\\\/product\\\/friandises-foie-poulet-lyophilisees\\\/#primaryimage\"},\"image\":{\"@id\":\"https:\\\/\\\/regalanimals.ch\\\/product\\\/friandises-foie-poulet-lyophilisees\\\/#primaryimage\"},\"thumbnailUrl\":\"https:\\\/\\\/regalanimals.ch\\\/wp-content\\\/uploads\\\/2025\\\/08\\\/friandises-lyophilisees-foie-poulet.webp\",\"datePublished\":\"2023-09-30T12:25:13+00:00\",\"dateModified\":\"2026-03-22T11:59:50+00:00\",\"description\":\"Offrez une r\u00e9compense savoureuse \u00e0 votre compagnon : les Friandises Foie de Poulet Lyophilis\u00e9es apportent go\u00fbt et \u00e9nergie aux chiens, chats et furets.\",\"breadcrumb\":{\"@id\":\"https:\\\/\\\/regalanimals.ch\\\/product\\\/friandises-foie-poulet-lyophilisees\\\/#breadcrumb\"},\"inLanguage\":\"de\",\"potentialAction\":[{\"@type\":\"ReadAction\",\"target\":[\"https:\\\/\\\/regalanimals.ch\\\/product\\\/friandises-foie-poulet-lyophilisees\\\/\"]}]},{\"@type\":\"ImageObject\",\"inLanguage\":\"de\",\"@id\":\"https:\\\/\\\/regalanimals.ch\\\/product\\\/friandises-foie-poulet-lyophilisees\\\/#primaryimage\",\"url\":\"https:\\\/\\\/regalanimals.ch\\\/wp-content\\\/uploads\\\/2025\\\/08\\\/friandises-lyophilisees-foie-poulet.webp\",\"contentUrl\":\"https:\\\/\\\/regalanimals.ch\\\/wp-content\\\/uploads\\\/2025\\\/08\\\/friandises-lyophilisees-foie-poulet.webp\",\"width\":940,\"height\":788,\"caption\":\"Friandises Foie de Poulet Lyophilis\u00e9es en petits cubes \u2013 Kiwi Walker\"},{\"@type\":\"BreadcrumbList\",\"@id\":\"https:\\\/\\\/regalanimals.ch\\\/product\\\/friandises-foie-poulet-lyophilisees\\\/#breadcrumb\",\"itemListElement\":[{\"@type\":\"ListItem\",\"position\":1,\"name\":\"Home\",\"item\":\"https:\\\/\\\/regalanimals.ch\\\/\"},{\"@type\":\"ListItem\",\"position\":2,\"name\":\"Boutique\",\"item\":\"https:\\\/\\\/regalanimals.ch\\\/shop\\\/\"},{\"@type\":\"ListItem\",\"position\":3,\"name\":\"Friandises Foie Poulet Lyophilis\u00e9es\"}]},{\"@type\":\"WebSite\",\"@id\":\"https:\\\/\\\/regalanimals.ch\\\/#website\",\"url\":\"https:\\\/\\\/regalanimals.ch\\\/\",\"name\":\"R\u00e9gal Animals\",\"description\":\"Alimentation et articles de qualit\u00e9 pour chats, chiens et furets\",\"publisher\":{\"@id\":\"https:\\\/\\\/regalanimals.ch\\\/#organization\"},\"potentialAction\":[{\"@type\":\"SearchAction\",\"target\":{\"@type\":\"EntryPoint\",\"urlTemplate\":\"https:\\\/\\\/regalanimals.ch\\\/?s={search_term_string}\"},\"query-input\":{\"@type\":\"PropertyValueSpecification\",\"valueRequired\":true,\"valueName\":\"search_term_string\"}}],\"inLanguage\":\"de\"},{\"@type\":\"Organization\",\"@id\":\"https:\\\/\\\/regalanimals.ch\\\/#organization\",\"name\":\"R\u00e9gal Animals\",\"url\":\"https:\\\/\\\/regalanimals.ch\\\/\",\"logo\":{\"@type\":\"ImageObject\",\"inLanguage\":\"de\",\"@id\":\"https:\\\/\\\/regalanimals.ch\\\/#\\\/schema\\\/logo\\\/image\\\/\",\"url\":\"https:\\\/\\\/regalanimals.ch\\\/wp-content\\\/uploads\\\/2025\\\/04\\\/cropped-Logo-site-e1744634610403-1.webp\",\"contentUrl\":\"https:\\\/\\\/regalanimals.ch\\\/wp-content\\\/uploads\\\/2025\\\/04\\\/cropped-Logo-site-e1744634610403-1.webp\",\"width\":512,\"height\":512,\"caption\":\"R\u00e9gal Animals\"},\"image\":{\"@id\":\"https:\\\/\\\/regalanimals.ch\\\/#\\\/schema\\\/logo\\\/image\\\/\"}}]}<\/script>\n<!-- \/ Yoast SEO Premium plugin. -->","yoast_head_json":{"title":"Friandises Foie de Poulet Lyophilis\u00e9es \u2013 Abat pour chien","description":"Verw\u00f6hnen Sie Ihren Liebling mit einer leckeren Belohnung: Gefriergetrocknete H\u00fchnerleber-Leckerlis bringen Geschmack und Energie f\u00fcr Hunde, Katzen und Frettchen.","robots":{"index":"index","follow":"follow","max-snippet":"max-snippet:-1","max-image-preview":"max-image-preview:large","max-video-preview":"max-video-preview:-1"},"canonical":"https:\/\/regalanimals.ch\/de\/product\/friandises-foie-poulet-lyophilisees\/","og_locale":"de_DE","og_type":"article","og_title":"Friandises Foie Poulet Lyophilis\u00e9es","og_description":"Offrez une r\u00e9compense savoureuse \u00e0 votre compagnon : les Friandises Foie de Poulet Lyophilis\u00e9es apportent go\u00fbt et \u00e9nergie aux chiens, chats et furets.","og_url":"https:\/\/regalanimals.ch\/de\/product\/friandises-foie-poulet-lyophilisees\/","og_site_name":"R\u00e9gal&#039;Animals","article_modified_time":"2026-03-22T11:59:50+00:00","og_image":[{"width":940,"height":788,"url":"https:\/\/regalanimals.ch\/wp-content\/uploads\/2025\/08\/friandises-lyophilisees-foie-poulet.webp","type":"image\/webp"}],"twitter_card":"summary_large_image","twitter_misc":{"Gesch\u00e4tzte Lesezeit":"4\u00a0Minuten"},"schema":{"@context":"https:\/\/schema.org","@graph":[{"@type":"WebPage","@id":"https:\/\/regalanimals.ch\/product\/friandises-foie-poulet-lyophilisees\/","url":"https:\/\/regalanimals.ch\/product\/friandises-foie-poulet-lyophilisees\/","name":"Friandises Foie de Poulet Lyophilis\u00e9es \u2013 Abat pour chien","isPartOf":{"@id":"https:\/\/regalanimals.ch\/#website"},"primaryImageOfPage":{"@id":"https:\/\/regalanimals.ch\/product\/friandises-foie-poulet-lyophilisees\/#primaryimage"},"image":{"@id":"https:\/\/regalanimals.ch\/product\/friandises-foie-poulet-lyophilisees\/#primaryimage"},"thumbnailUrl":"https:\/\/regalanimals.ch\/wp-content\/uploads\/2025\/08\/friandises-lyophilisees-foie-poulet.webp","datePublished":"2023-09-30T12:25:13+00:00","dateModified":"2026-03-22T11:59:50+00:00","description":"Verw\u00f6hnen Sie Ihren Liebling mit einer leckeren Belohnung: Gefriergetrocknete H\u00fchnerleber-Leckerlis bringen Geschmack und Energie f\u00fcr Hunde, Katzen und Frettchen.","breadcrumb":{"@id":"https:\/\/regalanimals.ch\/product\/friandises-foie-poulet-lyophilisees\/#breadcrumb"},"inLanguage":"de","potentialAction":[{"@type":"ReadAction","target":["https:\/\/regalanimals.ch\/product\/friandises-foie-poulet-lyophilisees\/"]}]},{"@type":"ImageObject","inLanguage":"de","@id":"https:\/\/regalanimals.ch\/product\/friandises-foie-poulet-lyophilisees\/#primaryimage","url":"https:\/\/regalanimals.ch\/wp-content\/uploads\/2025\/08\/friandises-lyophilisees-foie-poulet.webp","contentUrl":"https:\/\/regalanimals.ch\/wp-content\/uploads\/2025\/08\/friandises-lyophilisees-foie-poulet.webp","width":940,"height":788,"caption":"Friandises Foie de Poulet Lyophilis\u00e9es en petits cubes \u2013 Kiwi Walker"},{"@type":"BreadcrumbList","@id":"https:\/\/regalanimals.ch\/product\/friandises-foie-poulet-lyophilisees\/#breadcrumb","itemListElement":[{"@type":"ListItem","position":1,"name":"Home","item":"https:\/\/regalanimals.ch\/"},{"@type":"ListItem","position":2,"name":"Boutique","item":"https:\/\/regalanimals.ch\/shop\/"},{"@type":"ListItem","position":3,"name":"Friandises Foie Poulet Lyophilis\u00e9es"}]},{"@type":"WebSite","@id":"https:\/\/regalanimals.ch\/#website","url":"https:\/\/regalanimals.ch\/","name":"Tierfest","description":"Hochwertiges Futter und Zubeh\u00f6r f\u00fcr Katzen, Hunde und Frettchen","publisher":{"@id":"https:\/\/regalanimals.ch\/#organization"},"potentialAction":[{"@type":"SearchAction","target":{"@type":"EntryPoint","urlTemplate":"https:\/\/regalanimals.ch\/?s={search_term_string}"},"query-input":{"@type":"PropertyValueSpecification","valueRequired":true,"valueName":"search_term_string"}}],"inLanguage":"de"},{"@type":"Organization","@id":"https:\/\/regalanimals.ch\/#organization","name":"Tierfest","url":"https:\/\/regalanimals.ch\/","logo":{"@type":"ImageObject","inLanguage":"de","@id":"https:\/\/regalanimals.ch\/#\/schema\/logo\/image\/","url":"https:\/\/regalanimals.ch\/wp-content\/uploads\/2025\/04\/cropped-Logo-site-e1744634610403-1.webp","contentUrl":"https:\/\/regalanimals.ch\/wp-content\/uploads\/2025\/04\/cropped-Logo-site-e1744634610403-1.webp","width":512,"height":512,"caption":"R\u00e9gal Animals"},"image":{"@id":"https:\/\/regalanimals.ch\/#\/schema\/logo\/image\/"}}]}},"_links":{"self":[{"href":"https:\/\/regalanimals.ch\/de\/wp-json\/wp\/v2\/product\/30564","targetHints":{"allow":["GET"]}}],"collection":[{"href":"https:\/\/regalanimals.ch\/de\/wp-json\/wp\/v2\/product"}],"about":[{"href":"https:\/\/regalanimals.ch\/de\/wp-json\/wp\/v2\/types\/product"}],"replies":[{"embeddable":true,"href":"https:\/\/regalanimals.ch\/de\/wp-json\/wp\/v2\/comments?post=30564"}],"wp:featuredmedia":[{"embeddable":true,"href":"https:\/\/regalanimals.ch\/de\/wp-json\/wp\/v2\/media\/38112"}],"wp:attachment":[{"href":"https:\/\/regalanimals.ch\/de\/wp-json\/wp\/v2\/media?parent=30564"}],"wp:term":[{"taxonomy":"product_brand","embeddable":true,"href":"https:\/\/regalanimals.ch\/de\/wp-json\/wp\/v2\/product_brand?post=30564"},{"taxonomy":"product_cat","embeddable":true,"href":"https:\/\/regalanimals.ch\/de\/wp-json\/wp\/v2\/product_cat?post=30564"},{"taxonomy":"product_tag","embeddable":true,"href":"https:\/\/regalanimals.ch\/de\/wp-json\/wp\/v2\/product_tag?post=30564"}],"curies":[{"name":"wp","href":"https:\/\/api.w.org\/{rel}","templated":true}]}}