{"id":30574,"date":"2023-09-30T15:23:08","date_gmt":"2023-09-30T13:23:08","guid":{"rendered":"https:\/\/regalanimals.geekworkers.dev\/?post_type=product&#038;p=30574"},"modified":"2026-03-22T12:42:31","modified_gmt":"2026-03-22T11:42:31","slug":"friandises-agneau-lyophilisees","status":"publish","type":"product","link":"https:\/\/regalanimals.ch\/de\/product\/friandises-agneau-lyophilisees\/","title":{"rendered":"Lyophilisierte Lamm-S\u00fc\u00dfigkeiten"},"content":{"rendered":"<h2 data-start=\"657\" data-end=\"801\"><strong data-start=\"657\" data-end=\"736\">Gefriergetrocknete Lamm-Leckerlis \u2013 ein Genuss f\u00fcr Hunde, Katzen und Frettchen \ud83d\udc11\ud83d\udc3e<\/strong><\/h2>\n<h3 data-start=\"657\" data-end=\"801\"><strong data-start=\"739\" data-end=\"801\">Ein nat\u00fcrlicher Genuss, der ohne Kompromisse Freude bereitet \ud83c\udf3f<\/strong><\/h3>\n<p data-start=\"803\" data-end=\"1245\">Gefriergetrocknete Lamm-Leckerlis bieten authentischen Geschmack und einwandfreie Qualit\u00e4t. Sie enthalten ausschlie\u00dflich Lammfleisch und garantieren so eine Zartheit, die Hunde, Katzen und Frettchen lieben werden. Dank ihres nat\u00fcrlichen Aromas und ihrer hohen Schmackhaftigkeit motivieren sie die Tiere beim Training. Sie f\u00f6rdern zudem die Bindung zwischen Hund und Tier, da sie sich durch ihre handliche Gr\u00f6\u00dfe auch unterwegs leicht verabreichen lassen.<\/p>\n<hr data-start=\"1247\" data-end=\"1250\" \/>\n<h2 data-start=\"1252\" data-end=\"1321\"><strong data-start=\"1252\" data-end=\"1321\">Ein Gefriertrocknungsverfahren, das Geschmack und N\u00e4hrstoffe erh\u00e4lt \ud83d\udc4c<\/strong><\/h2>\n<p data-start=\"1323\" data-end=\"1747\">Durch Gefriertrocknung wird dem Fleisch Wasser entzogen, w\u00e4hrend Geschmack, Farbe und Aroma erhalten bleiben. Zun\u00e4chst bewirkt ein Kalttrocknungsprozess den direkten \u00dcbergang des Wassers vom festen in den gasf\u00f6rmigen Zustand. Anschlie\u00dfend wird in einem zweiten Schritt die restliche Feuchtigkeit entfernt. Dieses besonders schonende Verfahren erh\u00e4lt die N\u00e4hrstoffe des Lammfleisches und bewahrt die Produktqualit\u00e4t. So beh\u00e4lt jede Leckerei ihren authentischen Geschmack und ihre hervorragende Schmackhaftigkeit.<\/p>\n<hr data-start=\"1749\" data-end=\"1752\" \/>\n<h2 data-start=\"1754\" data-end=\"1815\"><strong data-start=\"1754\" data-end=\"1815\">Ein gut vertr\u00e4gliches Fleisch, ideal als Belohnung \ud83d\udc3e<\/strong><\/h2>\n<p data-start=\"1817\" data-end=\"2290\">Lammfleisch eignet sich aufgrund seiner nat\u00fcrlichen Verdaulichkeit besonders f\u00fcr empfindliche Tiere. Da diese Leckerlis nur aus einer Zutat bestehen, lassen sie sich problemlos in eine einfache, nat\u00fcrliche Ern\u00e4hrung integrieren. Sie liefern viel Protein bei gleichzeitig moderatem Fettgehalt und sind somit eine tolle Belohnung, ohne dass es zu viel wird. Ihre handliche Gr\u00f6\u00dfe erleichtert zudem das Training und hilft Ihrem Haustier, konzentriert zu bleiben.<\/p>\n<hr data-start=\"2292\" data-end=\"2295\" \/>\n<h2 data-start=\"2297\" data-end=\"2348\"><strong data-start=\"2297\" data-end=\"2348\">Ein praktisches Glas f\u00fcr alle Situationen \ud83e\udd70<\/strong><\/h2>\n<p data-start=\"2350\" data-end=\"2770\">Die Leckerlis befinden sich in einem transparenten Glas mit luftdichtem Verschluss und Schraubdeckel. Dank dieser Verpackung lassen sie sich leicht transportieren und der F\u00fcllstand ist jederzeit schnell erkennbar. Au\u00dferdem weckt das Ger\u00e4usch des Glases sofort die Aufmerksamkeit Ihres Haustiers. Dieses kleine Detail macht das Gehorsamkeitstraining unterhaltsamer, da Ihr Liebling das Ger\u00e4usch seiner Lieblingsbelohnung sofort wiedererkennt.<\/p>\n<hr data-start=\"2772\" data-end=\"2775\" \/>\n<h2 data-start=\"2777\" data-end=\"2807\">\ud83d\udc3e <strong data-start=\"2782\" data-end=\"2805\">H\u00e4ufig gestellte Fragen<\/strong><\/h2>\n<h3 data-start=\"2808\" data-end=\"2835\">\u2753 Noch unentschlossen? Hier finden Sie Antworten auf die h\u00e4ufigsten Fragen zu gefriergetrockneten Lamm-Leckerlis.<\/h3>\n<h4 data-start=\"2837\" data-end=\"3117\">\u27a1\ufe0f <strong data-start=\"2840\" data-end=\"2897\">F\u00fcr welche Tiere sind diese Leckerlis geeignet?<\/strong><\/h4>\n<p data-start=\"2837\" data-end=\"3117\">Sie eignen sich hervorragend f\u00fcr Hunde, Katzen und Frettchen. Lammfleisch ist dank seines milden Geschmacks und seiner guten Verdaulichkeit sehr beliebt. Daher wird es auch von empfindlichen Tieren gerne gefressen.<\/p>\n<h4 data-start=\"3119\" data-end=\"3433\">\u27a1\ufe0f <strong data-start=\"3122\" data-end=\"3186\">Sind diese Leckerlis f\u00fcr Welpen und K\u00e4tzchen geeignet?<\/strong><\/h4>\n<p data-start=\"3119\" data-end=\"3433\">Ja, sie eignen sich perfekt f\u00fcr Training und kleine Belohnungen. Durch ihre Gr\u00f6\u00dfe lassen sie sich leicht verteilen und f\u00f6rdern positives Lernen. Passen Sie die Portionsgr\u00f6\u00dfe einfach etwas an, wenn Sie mehrere \u00fcber den Tag verteilt anbieten.<\/p>\n<h4 data-start=\"3435\" data-end=\"3705\">\u27a1\ufe0f <strong data-start=\"3438\" data-end=\"3488\">K\u00f6nnen sie in eine BARF-Di\u00e4t einbezogen werden?<\/strong><\/h4>\n<p data-start=\"3435\" data-end=\"3705\">Ja, sie entsprechen voll und ganz den BARF-Prinzipien, da sie ausschlie\u00dflich Lammfleisch ohne Zusatz- oder Konservierungsstoffe enthalten. Sie erg\u00e4nzen daher eine nat\u00fcrliche, fleischbasierte Ern\u00e4hrung hervorragend.<\/p>\n<hr data-start=\"3707\" data-end=\"3710\" \/>\n<h2 data-start=\"3712\" data-end=\"4039\">\ud83d\udca6 <strong data-start=\"3715\" data-end=\"3740\">R\u00e9gal&#039;Animals Council<\/strong> \ud83d\udc9a<\/h2>\n<p data-start=\"3712\" data-end=\"4039\">Verwenden Sie diese Leckerlis, um einen erfolgreichen R\u00fcckruf zu best\u00e4rken, positives Verhalten zu f\u00f6rdern oder ein z\u00f6gerliches Haustier zu motivieren. Sie k\u00f6nnen sie auch leicht unter das Futter mischen, um die Schmackhaftigkeit zu erh\u00f6hen. Ihr nat\u00fcrliches Aroma ist f\u00fcr Hunde, Katzen und Frettchen gleicherma\u00dfen wohltuend \ud83d\udc9a<\/p>\n<hr data-start=\"4041\" data-end=\"4044\" \/>\n<h4 data-start=\"4046\" data-end=\"4291\">\u27a1\ufe0f <strong data-start=\"4049\" data-end=\"4110\">Kann ich sie mit Trockenfutter oder Nassfutter mischen?<\/strong><\/h4>\n<p data-start=\"4046\" data-end=\"4291\">Nat\u00fcrlich. Man kann sie zerbr\u00f6seln und so das Essen verfeinern oder sie einfach so als Belohnung anbieten. Dank ihrer praktischen Gr\u00f6\u00dfe sind sie in jeder Situation einfach zu verwenden.<\/p>\n<h4 data-start=\"4293\" data-end=\"4545\">\u27a1\ufe0f <strong data-start=\"4296\" data-end=\"4356\">Sind sie f\u00fcr empfindliche oder allergische Tiere geeignet?<\/strong><\/h4>\n<p data-start=\"4293\" data-end=\"4545\">Sie enthalten nur eine Zutat, was die Futterauswahl vereinfacht. Daher sind sie sehr gut f\u00fcr empfindliche Tiere geeignet, au\u00dfer im Falle einer spezifischen Lammfleischallergie.<\/p>\n<h4 data-start=\"4547\" data-end=\"4769\">\u27a1\ufe0f <strong data-start=\"4550\" data-end=\"4598\">F\u00fchrt der Verzehr von Lammfleisch zu Gewichtszunahme?<\/strong><\/h4>\n<p data-start=\"4547\" data-end=\"4769\">Sie sind weiterhin kalorienarm. Um jedoch ein ausgewogenes Verh\u00e4ltnis zu gew\u00e4hrleisten, ist es ratsam, die t\u00e4gliche Futterration anzupassen, wenn man sie regelm\u00e4\u00dfig f\u00fcttert.<\/p>\n<h4>Zusammensetzung<\/h4>\n<p>100% Lamm<\/p>\n<h4>Analytische Bestandteile<\/h4>\n<p>Rohprotein: \u2265 50 %<br data-start=\"265\" data-end=\"268\" \/>Rohfettgehalt: \u2265 20 %<br data-start=\"300\" data-end=\"303\" \/>Rohfasern: \u2264 1 %<br data-start=\"324\" data-end=\"327\" \/>Mineralstoffgehalt: \u2264 6 %<br data-start=\"353\" data-end=\"356\" \/>Luftfeuchtigkeit: \u2264 6 %<\/p>\n<p><a href=\"https:\/\/regalanimals.ch\/de\/product\/coeur-poulet-lyophilise\/\">Vorschlag f\u00fcr ihn<\/a><\/p>","protected":false},"excerpt":{"rendered":"<p>Friandises Agneau Lyophilis\u00e9es, un d\u00e9lice pour chiens, chats et furets \ud83d\udc11\ud83d\udc3e Une g\u00e2terie naturelle qui fait plaisir sans compromis \ud83c\udf3f Les Friandises Agneau Lyophilis\u00e9es offrent un go\u00fbt authentique et une qualit\u00e9 irr\u00e9prochable. Elles contiennent uniquement de l\u2019agneau, ce qui garantit une douceur tr\u00e8s appr\u00e9ci\u00e9e par les chiens, les chats et les furets. Gr\u00e2ce \u00e0 leur [&hellip;]<\/p>\n","protected":false},"featured_media":38116,"menu_order":0,"comment_status":"open","ping_status":"closed","template":"","meta":[],"product_brand":[],"product_cat":[24,333,213,197,90],"product_tag":[],"class_list":{"0":"post-30574","1":"product","2":"type-product","3":"status-publish","4":"has-post-thumbnail","6":"product_cat-chiens","7":"product_cat-friandises-furet","8":"product_cat-friandises-pour-chats","9":"product_cat-friandises-pour-chiens","10":"product_cat-furets","12":"first","13":"instock","14":"taxable","15":"shipping-taxable","16":"purchasable","17":"product-type-variable"},"yoast_head":"<!-- This site is optimized with the Yoast SEO Premium plugin v27.3 (Yoast SEO v27.3) - https:\/\/yoast.com\/product\/yoast-seo-premium-wordpress\/ -->\n<title>Friandises Agneau Lyophilis\u00e9es, authentiques et naturelles !<\/title>\n<meta name=\"description\" content=\"Offrez un vrai moment de plaisir \u00e0 votre compagnon gr\u00e2ce aux Friandises Agneau Lyophilis\u00e9es, une r\u00e9compense savoureuse qui met tout le monde d\u2019accord.\" \/>\n<meta name=\"robots\" content=\"index, follow, max-snippet:-1, max-image-preview:large, max-video-preview:-1\" \/>\n<link rel=\"canonical\" href=\"https:\/\/regalanimals.ch\/de\/product\/friandises-agneau-lyophilisees\/\" \/>\n<meta property=\"og:locale\" content=\"de_DE\" \/>\n<meta property=\"og:type\" content=\"article\" \/>\n<meta property=\"og:title\" content=\"Friandises Agneau Lyophilis\u00e9es\" \/>\n<meta property=\"og:description\" content=\"Offrez un vrai moment de plaisir \u00e0 votre compagnon gr\u00e2ce aux Friandises Agneau Lyophilis\u00e9es, une r\u00e9compense savoureuse qui met tout le monde d\u2019accord.\" \/>\n<meta property=\"og:url\" content=\"https:\/\/regalanimals.ch\/de\/product\/friandises-agneau-lyophilisees\/\" \/>\n<meta property=\"og:site_name\" content=\"R\u00e9gal&#039;Animals\" \/>\n<meta property=\"article:modified_time\" content=\"2026-03-22T11:42:31+00:00\" \/>\n<meta property=\"og:image\" content=\"https:\/\/regalanimals.ch\/wp-content\/uploads\/2025\/08\/Friandises-lyophilisees-agneau.webp\" \/>\n\t<meta property=\"og:image:width\" content=\"940\" \/>\n\t<meta property=\"og:image:height\" content=\"788\" \/>\n\t<meta property=\"og:image:type\" content=\"image\/webp\" \/>\n<meta name=\"twitter:card\" content=\"summary_large_image\" \/>\n<meta name=\"twitter:label1\" content=\"Gesch\u00e4tzte Lesezeit\" \/>\n\t<meta name=\"twitter:data1\" content=\"4\u00a0Minuten\" \/>\n<script type=\"application\/ld+json\" class=\"yoast-schema-graph\">{\"@context\":\"https:\\\/\\\/schema.org\",\"@graph\":[{\"@type\":\"WebPage\",\"@id\":\"https:\\\/\\\/regalanimals.ch\\\/product\\\/friandises-agneau-lyophilisees\\\/\",\"url\":\"https:\\\/\\\/regalanimals.ch\\\/product\\\/friandises-agneau-lyophilisees\\\/\",\"name\":\"Friandises Agneau Lyophilis\u00e9es, authentiques et naturelles !\",\"isPartOf\":{\"@id\":\"https:\\\/\\\/regalanimals.ch\\\/#website\"},\"primaryImageOfPage\":{\"@id\":\"https:\\\/\\\/regalanimals.ch\\\/product\\\/friandises-agneau-lyophilisees\\\/#primaryimage\"},\"image\":{\"@id\":\"https:\\\/\\\/regalanimals.ch\\\/product\\\/friandises-agneau-lyophilisees\\\/#primaryimage\"},\"thumbnailUrl\":\"https:\\\/\\\/regalanimals.ch\\\/wp-content\\\/uploads\\\/2025\\\/08\\\/Friandises-lyophilisees-agneau.webp\",\"datePublished\":\"2023-09-30T13:23:08+00:00\",\"dateModified\":\"2026-03-22T11:42:31+00:00\",\"description\":\"Offrez un vrai moment de plaisir \u00e0 votre compagnon gr\u00e2ce aux Friandises Agneau Lyophilis\u00e9es, une r\u00e9compense savoureuse qui met tout le monde d\u2019accord.\",\"breadcrumb\":{\"@id\":\"https:\\\/\\\/regalanimals.ch\\\/product\\\/friandises-agneau-lyophilisees\\\/#breadcrumb\"},\"inLanguage\":\"de\",\"potentialAction\":[{\"@type\":\"ReadAction\",\"target\":[\"https:\\\/\\\/regalanimals.ch\\\/product\\\/friandises-agneau-lyophilisees\\\/\"]}]},{\"@type\":\"ImageObject\",\"inLanguage\":\"de\",\"@id\":\"https:\\\/\\\/regalanimals.ch\\\/product\\\/friandises-agneau-lyophilisees\\\/#primaryimage\",\"url\":\"https:\\\/\\\/regalanimals.ch\\\/wp-content\\\/uploads\\\/2025\\\/08\\\/Friandises-lyophilisees-agneau.webp\",\"contentUrl\":\"https:\\\/\\\/regalanimals.ch\\\/wp-content\\\/uploads\\\/2025\\\/08\\\/Friandises-lyophilisees-agneau.webp\",\"width\":940,\"height\":788,\"caption\":\"Friandises Agneau Lyophilis\u00e9es\"},{\"@type\":\"BreadcrumbList\",\"@id\":\"https:\\\/\\\/regalanimals.ch\\\/product\\\/friandises-agneau-lyophilisees\\\/#breadcrumb\",\"itemListElement\":[{\"@type\":\"ListItem\",\"position\":1,\"name\":\"Home\",\"item\":\"https:\\\/\\\/regalanimals.ch\\\/\"},{\"@type\":\"ListItem\",\"position\":2,\"name\":\"Boutique\",\"item\":\"https:\\\/\\\/regalanimals.ch\\\/shop\\\/\"},{\"@type\":\"ListItem\",\"position\":3,\"name\":\"Friandises Agneau Lyophilis\u00e9es\"}]},{\"@type\":\"WebSite\",\"@id\":\"https:\\\/\\\/regalanimals.ch\\\/#website\",\"url\":\"https:\\\/\\\/regalanimals.ch\\\/\",\"name\":\"R\u00e9gal Animals\",\"description\":\"Alimentation et articles de qualit\u00e9 pour chats, chiens et furets\",\"publisher\":{\"@id\":\"https:\\\/\\\/regalanimals.ch\\\/#organization\"},\"potentialAction\":[{\"@type\":\"SearchAction\",\"target\":{\"@type\":\"EntryPoint\",\"urlTemplate\":\"https:\\\/\\\/regalanimals.ch\\\/?s={search_term_string}\"},\"query-input\":{\"@type\":\"PropertyValueSpecification\",\"valueRequired\":true,\"valueName\":\"search_term_string\"}}],\"inLanguage\":\"de\"},{\"@type\":\"Organization\",\"@id\":\"https:\\\/\\\/regalanimals.ch\\\/#organization\",\"name\":\"R\u00e9gal Animals\",\"url\":\"https:\\\/\\\/regalanimals.ch\\\/\",\"logo\":{\"@type\":\"ImageObject\",\"inLanguage\":\"de\",\"@id\":\"https:\\\/\\\/regalanimals.ch\\\/#\\\/schema\\\/logo\\\/image\\\/\",\"url\":\"https:\\\/\\\/regalanimals.ch\\\/wp-content\\\/uploads\\\/2025\\\/04\\\/cropped-Logo-site-e1744634610403-1.webp\",\"contentUrl\":\"https:\\\/\\\/regalanimals.ch\\\/wp-content\\\/uploads\\\/2025\\\/04\\\/cropped-Logo-site-e1744634610403-1.webp\",\"width\":512,\"height\":512,\"caption\":\"R\u00e9gal Animals\"},\"image\":{\"@id\":\"https:\\\/\\\/regalanimals.ch\\\/#\\\/schema\\\/logo\\\/image\\\/\"}}]}<\/script>\n<!-- \/ Yoast SEO Premium plugin. -->","yoast_head_json":{"title":"Gefriergetrocknete Lammleckerlis \u2013 authentisch und nat\u00fcrlich!","description":"Verw\u00f6hnen Sie Ihren Begleiter mit gefriergetrockneten Lamm-Leckerlis \u2013 eine leckere Belohnung, die jeder lieben wird.","robots":{"index":"index","follow":"follow","max-snippet":"max-snippet:-1","max-image-preview":"max-image-preview:large","max-video-preview":"max-video-preview:-1"},"canonical":"https:\/\/regalanimals.ch\/de\/product\/friandises-agneau-lyophilisees\/","og_locale":"de_DE","og_type":"article","og_title":"Friandises Agneau Lyophilis\u00e9es","og_description":"Offrez un vrai moment de plaisir \u00e0 votre compagnon gr\u00e2ce aux Friandises Agneau Lyophilis\u00e9es, une r\u00e9compense savoureuse qui met tout le monde d\u2019accord.","og_url":"https:\/\/regalanimals.ch\/de\/product\/friandises-agneau-lyophilisees\/","og_site_name":"R\u00e9gal&#039;Animals","article_modified_time":"2026-03-22T11:42:31+00:00","og_image":[{"width":940,"height":788,"url":"https:\/\/regalanimals.ch\/wp-content\/uploads\/2025\/08\/Friandises-lyophilisees-agneau.webp","type":"image\/webp"}],"twitter_card":"summary_large_image","twitter_misc":{"Gesch\u00e4tzte Lesezeit":"4\u00a0Minuten"},"schema":{"@context":"https:\/\/schema.org","@graph":[{"@type":"WebPage","@id":"https:\/\/regalanimals.ch\/product\/friandises-agneau-lyophilisees\/","url":"https:\/\/regalanimals.ch\/product\/friandises-agneau-lyophilisees\/","name":"Gefriergetrocknete Lammleckerlis \u2013 authentisch und nat\u00fcrlich!","isPartOf":{"@id":"https:\/\/regalanimals.ch\/#website"},"primaryImageOfPage":{"@id":"https:\/\/regalanimals.ch\/product\/friandises-agneau-lyophilisees\/#primaryimage"},"image":{"@id":"https:\/\/regalanimals.ch\/product\/friandises-agneau-lyophilisees\/#primaryimage"},"thumbnailUrl":"https:\/\/regalanimals.ch\/wp-content\/uploads\/2025\/08\/Friandises-lyophilisees-agneau.webp","datePublished":"2023-09-30T13:23:08+00:00","dateModified":"2026-03-22T11:42:31+00:00","description":"Verw\u00f6hnen Sie Ihren Begleiter mit gefriergetrockneten Lamm-Leckerlis \u2013 eine leckere Belohnung, die jeder lieben wird.","breadcrumb":{"@id":"https:\/\/regalanimals.ch\/product\/friandises-agneau-lyophilisees\/#breadcrumb"},"inLanguage":"de","potentialAction":[{"@type":"ReadAction","target":["https:\/\/regalanimals.ch\/product\/friandises-agneau-lyophilisees\/"]}]},{"@type":"ImageObject","inLanguage":"de","@id":"https:\/\/regalanimals.ch\/product\/friandises-agneau-lyophilisees\/#primaryimage","url":"https:\/\/regalanimals.ch\/wp-content\/uploads\/2025\/08\/Friandises-lyophilisees-agneau.webp","contentUrl":"https:\/\/regalanimals.ch\/wp-content\/uploads\/2025\/08\/Friandises-lyophilisees-agneau.webp","width":940,"height":788,"caption":"Friandises Agneau Lyophilis\u00e9es"},{"@type":"BreadcrumbList","@id":"https:\/\/regalanimals.ch\/product\/friandises-agneau-lyophilisees\/#breadcrumb","itemListElement":[{"@type":"ListItem","position":1,"name":"Home","item":"https:\/\/regalanimals.ch\/"},{"@type":"ListItem","position":2,"name":"Boutique","item":"https:\/\/regalanimals.ch\/shop\/"},{"@type":"ListItem","position":3,"name":"Friandises Agneau Lyophilis\u00e9es"}]},{"@type":"WebSite","@id":"https:\/\/regalanimals.ch\/#website","url":"https:\/\/regalanimals.ch\/","name":"Tierfest","description":"Hochwertiges Futter und Zubeh\u00f6r f\u00fcr Katzen, Hunde und Frettchen","publisher":{"@id":"https:\/\/regalanimals.ch\/#organization"},"potentialAction":[{"@type":"SearchAction","target":{"@type":"EntryPoint","urlTemplate":"https:\/\/regalanimals.ch\/?s={search_term_string}"},"query-input":{"@type":"PropertyValueSpecification","valueRequired":true,"valueName":"search_term_string"}}],"inLanguage":"de"},{"@type":"Organization","@id":"https:\/\/regalanimals.ch\/#organization","name":"Tierfest","url":"https:\/\/regalanimals.ch\/","logo":{"@type":"ImageObject","inLanguage":"de","@id":"https:\/\/regalanimals.ch\/#\/schema\/logo\/image\/","url":"https:\/\/regalanimals.ch\/wp-content\/uploads\/2025\/04\/cropped-Logo-site-e1744634610403-1.webp","contentUrl":"https:\/\/regalanimals.ch\/wp-content\/uploads\/2025\/04\/cropped-Logo-site-e1744634610403-1.webp","width":512,"height":512,"caption":"R\u00e9gal Animals"},"image":{"@id":"https:\/\/regalanimals.ch\/#\/schema\/logo\/image\/"}}]}},"_links":{"self":[{"href":"https:\/\/regalanimals.ch\/de\/wp-json\/wp\/v2\/product\/30574","targetHints":{"allow":["GET"]}}],"collection":[{"href":"https:\/\/regalanimals.ch\/de\/wp-json\/wp\/v2\/product"}],"about":[{"href":"https:\/\/regalanimals.ch\/de\/wp-json\/wp\/v2\/types\/product"}],"replies":[{"embeddable":true,"href":"https:\/\/regalanimals.ch\/de\/wp-json\/wp\/v2\/comments?post=30574"}],"wp:featuredmedia":[{"embeddable":true,"href":"https:\/\/regalanimals.ch\/de\/wp-json\/wp\/v2\/media\/38116"}],"wp:attachment":[{"href":"https:\/\/regalanimals.ch\/de\/wp-json\/wp\/v2\/media?parent=30574"}],"wp:term":[{"taxonomy":"product_brand","embeddable":true,"href":"https:\/\/regalanimals.ch\/de\/wp-json\/wp\/v2\/product_brand?post=30574"},{"taxonomy":"product_cat","embeddable":true,"href":"https:\/\/regalanimals.ch\/de\/wp-json\/wp\/v2\/product_cat?post=30574"},{"taxonomy":"product_tag","embeddable":true,"href":"https:\/\/regalanimals.ch\/de\/wp-json\/wp\/v2\/product_tag?post=30574"}],"curies":[{"name":"wp","href":"https:\/\/api.w.org\/{rel}","templated":true}]}}