{"id":30580,"date":"2023-09-30T15:29:18","date_gmt":"2023-09-30T13:29:18","guid":{"rendered":"https:\/\/regalanimals.geekworkers.dev\/?post_type=product&#038;p=30580"},"modified":"2026-03-24T10:04:05","modified_gmt":"2026-03-24T09:04:05","slug":"coeur-poulet-lyophilise","status":"publish","type":"product","link":"https:\/\/regalanimals.ch\/de\/product\/coeur-poulet-lyophilise\/","title":{"rendered":"Gefriergetrocknete H\u00fchnerherzen"},"content":{"rendered":"<h2 data-start=\"772\" data-end=\"845\">Gefriergetrocknete H\u00fchnerherzen, ein Snack f\u00fcr Hunde, Katzen oder Frettchen \ud83d\udc14\ud83d\udc3e<\/h2>\n<h3 data-start=\"847\" data-end=\"918\">Eine 100% nat\u00fcrliche Belohnung, die den Fleischfressinstinkt weckt \ud83c\udf3f<\/h3>\n<p data-start=\"500\" data-end=\"781\">Gefriergetrocknete H\u00fchnerherzen stehen f\u00fcr Nat\u00fcrlichkeit und Einfachheit. Jeder Bissen bewahrt sein authentisches Aroma, seinen intensiven Geschmack und seine N\u00e4hrstofff\u00fclle. Klein, aber voller Geschmack \u2013 sie eignen sich f\u00fcr sensible Welpen, w\u00e4hlerische Katzen und Feinschmecker-Frettchen. Sie k\u00f6nnen sie als Belohnung anbieten oder \u00fcber das Futter streuen, um die Mahlzeiten schmackhafter zu machen. Ihr nat\u00fcrlicher Geschmack motiviert w\u00e4hlerische Tiere und f\u00f6rdert ihre Lernf\u00e4higkeit. Diese Leckerlis sind auch beim Spielen eine tolle Erg\u00e4nzung, da sie die Bindung st\u00e4rken und die Aufmerksamkeit anregen. Schon das leise Ger\u00e4usch des Glases gen\u00fcgt oft, um die Neugier Ihres Haustiers zu wecken und einen Moment der Verbundenheit zu schaffen. Kurz gesagt: Diese kleinen Herzen bieten einen nat\u00fcrlichen, leichten Genuss f\u00fcr alle Fleischfresser in Ihrem Zuhause.<\/p>\n<hr data-start=\"3126\" data-end=\"3129\" \/>\n<h2 data-start=\"920\" data-end=\"1299\">Die Kunst der Gefriertrocknung. 100 % nat\u00fcrliche Leckereien. \ud83d\udc4c<\/h2>\n<p data-start=\"2081\" data-end=\"2337\">Das Geheimnis liegt in der Gefriertrocknung, einem Verfahren, das unter Vakuum und bei sehr niedrigen Temperaturen durchgef\u00fchrt wird. Zun\u00e4chst verdampfen Wasser und Eis durch Sublimation: Das Wasser geht direkt vom festen in den gasf\u00f6rmigen Zustand \u00fcber, ohne fl\u00fcssig zu werden. Anschlie\u00dfend wird durch Desorption die restliche Feuchtigkeit entfernt. Dieses hochpr\u00e4zise Verfahren bewahrt Farbe, Aroma, Geschmack und Form des frischen H\u00fchnerherzens. Zudem bleiben N\u00e4hrstoffe und Vitamine erhalten. Das Ergebnis ist ein leichter, sauberer und \u00e4u\u00dferst schmackhafter Leckerbissen, dem Ihr Haustier nicht widerstehen kann.<\/p>\n<hr data-start=\"3126\" data-end=\"3129\" \/>\n<h2 data-start=\"2698\" data-end=\"2762\">Ein Leckerbissen, der all Ihre vierbeinigen Freunde begeistern wird. \ud83d\ude3b\ud83d\udc36<\/h2>\n<p data-start=\"2764\" data-end=\"3124\">Gefriergetrocknete H\u00fchnerherzen sind ein wahres Superfood f\u00fcr Haustiere. Sie eignen sich ideal f\u00fcr Hunde, Katzen und Frettchen, da sie deren nat\u00fcrlichen Instinkten entsprechen. Ihre einfache Zusammensetzung liefert eine konzentrierte Proteinquelle. Dar\u00fcber hinaus wecken ihr reichhaltiger Geschmack und ihre leichte Textur Erinnerungen an die Freuden, die sie in freier Wildbahn finden w\u00fcrden. Vollgepackt mit N\u00e4hrstoffen und von Natur aus proteinreich, unterst\u00fctzen sie ihre t\u00e4gliche Vitalit\u00e4t. Auch Hundetrainer sch\u00e4tzen diese Leckerlis sehr, da sie damit Lernprozesse f\u00f6rdern. \u00d6ffnen Sie einfach das Glas und beobachten Sie das Leuchten in den Augen Ihres Haustieres. Kurz gesagt: Dank gefriergetrockneter H\u00fchnerherzen wird jeder Tag zu einem genussvollen Erlebnis.<\/p>\n<hr data-start=\"3521\" data-end=\"3524\" \/>\n<h2 data-start=\"3526\" data-end=\"3553\">H\u00e4ufig gestellte Fragen \ud83d\udc3e<\/h2>\n<h3 data-start=\"416\" data-end=\"550\">\u2753Noch unentschlossen? Hier finden Sie die Antworten auf die h\u00e4ufigsten Fragen zu gefriergetrockneten H\u00fchnerherzen von Kiwi Walker.<\/h3>\n<h4 data-start=\"3585\" data-end=\"3666\">\u27a1\ufe0f F\u00fcr welche Tiere sind diese H\u00fchnerherz-Leckerlis geeignet?<\/h4>\n<p data-start=\"3668\" data-end=\"3933\">Diese Leckerlis eignen sich f\u00fcr Hunde, Katzen und Frettchen. Dank ihrer einfachen Zusammensetzung respektieren sie den nat\u00fcrlichen Fleischfressinstinkt jedes Tieres. Katzen und Frettchen sch\u00e4tzen ihren intensiven Geschmack, w\u00e4hrend Hunde sie als anregend und sehr appetitlich empfinden.<\/p>\n<h4 data-start=\"3935\" data-end=\"3996\">\u27a1\ufe0f Was sind die wichtigsten Vorteile f\u00fcr mein Haustier?<\/h4>\n<p data-start=\"3998\" data-end=\"4311\">Reich an Protein und von Natur aus feuchtigkeitsarm, f\u00f6rdern sie Energie und Vitalit\u00e4t. Zudem sind sie leicht verdaulich und regen den Appetit an. Sie steigern au\u00dferdem die Motivation beim Training. Als Erg\u00e4nzung zu einer ausgewogenen Ern\u00e4hrung bieten sie unkomplizierten und nat\u00fcrlichen Genuss.<\/p>\n<h4 data-start=\"4313\" data-end=\"4375\">\u27a1\ufe0f Wie kann ich diese Leckereien in meinen Alltag integrieren?<\/h4>\n<p data-start=\"4377\" data-end=\"4679\">Sie eignen sich als Belohnung beim Spielen, Spazierengehen oder Training. Au\u00dferdem k\u00f6nnen Sie sie \u00fcber das Futter streuen, um es schmackhafter zu machen, besonders f\u00fcr w\u00e4hlerische Katzen oder Frettchen. Sie sind daher sowohl als Snack als auch als kleiner Appetitanreger geeignet.<\/p>\n<h4 data-start=\"4681\" data-end=\"4751\">\u27a1\ufe0f Sind diese Leckerlis f\u00fcr Welpen und K\u00e4tzchen geeignet?<\/h4>\n<p data-start=\"4753\" data-end=\"4981\">Ja, ihre leichte Konsistenz und einfache Zusammensetzung sind f\u00fcr Jungtiere geeignet. F\u00fchren Sie sie jedoch nur in kleinen Mengen und unter Aufsicht ein. Dies ber\u00fccksichtigt die empfindliche Verdauung von Welpen und K\u00e4tzchen.<\/p>\n<hr data-start=\"5506\" data-end=\"5509\" \/>\n<h2 data-start=\"4242\" data-end=\"4271\">\ud83d\udca6 Ratschl\u00e4ge von R\u00e9gal&#039;Animals \ud83d\udc9a<\/h2>\n<p data-start=\"5542\" data-end=\"5919\">Um das Beste aus diesen gefriergetrockneten H\u00fchnerherzen herauszuholen, verwenden Sie sie als Belohnung in wichtigen Momenten: beim R\u00fcckruf, Training oder zur positiven Verst\u00e4rkung. Sie k\u00f6nnen auch ein paar davon \u00fcber das Futter eines w\u00e4hlerischen Hundes, einer Katze oder eines Frettchens streuen. Ihr nat\u00fcrliches Aroma regt den Appetit an und motiviert die Tiere, vom verfressensten bis zum z\u00f6gerlichsten \ud83d\udc9a<\/p>\n<hr data-start=\"5921\" data-end=\"5924\" \/>\n<h4 data-start=\"5926\" data-end=\"5975\">\u27a1\ufe0f Wie viel kann ich pro Tag spenden?<\/h4>\n<p data-start=\"5977\" data-end=\"6196\">Wie alle Leckerlis sollten auch sie die Ern\u00e4hrung Ihres Haustieres erg\u00e4nzen, nicht ersetzen. Passen Sie die Menge an Gr\u00f6\u00dfe, Aktivit\u00e4tsniveau und Lebensstil Ihres Tieres an. Wichtig ist eine ausgewogene Ern\u00e4hrung.<\/p>\n<h4 data-start=\"5272\" data-end=\"5336\">\u27a1\ufe0f Wie lagert man gefriergetrocknete H\u00fchnerherzen richtig?<\/h4>\n<p data-start=\"5338\" data-end=\"5504\">Bewahren Sie sie an einem k\u00fchlen, trockenen Ort auf. Verschlie\u00dfen Sie das Glas nach jedem Gebrauch fest. So bleiben sie ohne Zusatzstoffe knackig und aromatisch.<\/p>\n<h4 data-start=\"4983\" data-end=\"5056\">\u27a1\ufe0f Sind sie f\u00fcr empfindliche oder zu Allergien neigende Tiere geeignet?<\/h4>\n<p data-start=\"5058\" data-end=\"5270\">Da sie nur aus einer Zutat bestehen, sind sie oft f\u00fcr empfindliche Tiere geeignet. Diese Einfachheit erleichtert die Futterkontrolle. Nur bei bestimmten H\u00fchnerallergien stellen sie ein Problem dar.<\/p>\n<h4 data-start=\"109\" data-end=\"127\">Zusammensetzung<\/h4>\n<p data-start=\"128\" data-end=\"150\">100 % H\u00fchnerherzen<\/p>\n<h4 data-start=\"157\" data-end=\"188\">Analytische Bestandteile<\/h4>\n<p data-start=\"189\" data-end=\"313\">Rohprotein: 70 %<br data-start=\"212\" data-end=\"215\" \/>Rohfett: 10 %<br data-start=\"245\" data-end=\"248\" \/>Mineralische Materialien: 6 %<br data-start=\"272\" data-end=\"275\" \/>Rohfasern: 1 %<br data-start=\"294\" data-end=\"297\" \/>Luftfeuchtigkeit: 6 %<\/p>\n<p><a style=\"font-size: 16px;\" href=\"https:\/\/regalanimals.ch\/de\/product\/friandises-canard-lyophilisees\/\">Vorschlag f\u00fcr ihn<\/a><a style=\"font-size: 16px;\" href=\"https:\/\/youtu.be\/ZYugXXcmdrs\">Kunde Zufrieden!<\/a><\/p>","protected":false},"excerpt":{"rendered":"<p>C\u0153urs de Poulet Lyophilis\u00e9s, un snack pour chien, chat ou furet \ud83d\udc14\ud83d\udc3e Une r\u00e9compense 100 % naturelle qui r\u00e9veille l\u2019instinct carnivore \ud83c\udf3f Les C\u0153urs de Poulet Lyophilis\u00e9s incarnent la simplicit\u00e9 et la naturalit\u00e9. Chaque bouch\u00e9e conserve son ar\u00f4me authentique, sa saveur intense et sa richesse nutritive. Petites mais pleines de go\u00fbt, elles conviennent aux chiots [&hellip;]<\/p>\n","protected":false},"featured_media":38118,"comment_status":"open","ping_status":"closed","template":"","meta":[],"product_brand":[],"product_cat":[89,24,333,213,197,90],"product_tag":[],"class_list":{"0":"post-30580","1":"product","2":"type-product","3":"status-publish","4":"has-post-thumbnail","6":"product_cat-chats","7":"product_cat-chiens","8":"product_cat-friandises-furet","9":"product_cat-friandises-pour-chats","10":"product_cat-friandises-pour-chiens","11":"product_cat-furets","13":"first","14":"instock","15":"taxable","16":"shipping-taxable","17":"purchasable","18":"product-type-variable"},"yoast_head":"<!-- This site is optimized with the Yoast SEO Premium plugin v27.4 (Yoast SEO v27.5) - https:\/\/yoast.com\/product\/yoast-seo-premium-wordpress\/ -->\n<title>C\u0153urs de Poulet Lyophilis\u00e9s, la folie s&#039;invite dans son assiette !<\/title>\n<meta name=\"description\" content=\"Vous avez un chien, un chat ou un furet ? Offrez-lui les C\u0153urs de Poulet Lyophilis\u00e9s, la tentation supr\u00eame qui r\u00e9veille son instinct naturel et gourmand !\" \/>\n<meta name=\"robots\" content=\"index, follow, max-snippet:-1, max-image-preview:large, max-video-preview:-1\" \/>\n<link rel=\"canonical\" href=\"https:\/\/regalanimals.ch\/de\/product\/coeur-poulet-lyophilise\/\" \/>\n<meta property=\"og:locale\" content=\"de_DE\" \/>\n<meta property=\"og:type\" content=\"article\" \/>\n<meta property=\"og:title\" content=\"C\u0153urs de Poulet Lyophilis\u00e9s\" \/>\n<meta property=\"og:description\" content=\"Vous avez un chien, un chat ou un furet ? Offrez-lui les C\u0153urs de Poulet Lyophilis\u00e9s, la tentation supr\u00eame qui r\u00e9veille son instinct naturel et gourmand !\" \/>\n<meta property=\"og:url\" content=\"https:\/\/regalanimals.ch\/de\/product\/coeur-poulet-lyophilise\/\" \/>\n<meta property=\"og:site_name\" content=\"R\u00e9gal&#039;Animals\" \/>\n<meta property=\"article:modified_time\" content=\"2026-03-24T09:04:05+00:00\" \/>\n<meta property=\"og:image\" content=\"https:\/\/regalanimals.ch\/wp-content\/uploads\/2025\/08\/Friandises-lyophilisees-coeur-poulet.webp\" \/>\n\t<meta property=\"og:image:width\" content=\"940\" \/>\n\t<meta property=\"og:image:height\" content=\"788\" \/>\n\t<meta property=\"og:image:type\" content=\"image\/webp\" \/>\n<meta name=\"twitter:card\" content=\"summary_large_image\" \/>\n<meta name=\"twitter:label1\" content=\"Gesch\u00e4tzte Lesezeit\" \/>\n\t<meta name=\"twitter:data1\" content=\"5\u00a0Minuten\" \/>\n<script type=\"application\/ld+json\" class=\"yoast-schema-graph\">{\"@context\":\"https:\\\/\\\/schema.org\",\"@graph\":[{\"@type\":\"WebPage\",\"@id\":\"https:\\\/\\\/regalanimals.ch\\\/product\\\/coeur-poulet-lyophilise\\\/\",\"url\":\"https:\\\/\\\/regalanimals.ch\\\/product\\\/coeur-poulet-lyophilise\\\/\",\"name\":\"C\u0153urs de Poulet Lyophilis\u00e9s, la folie s'invite dans son assiette !\",\"isPartOf\":{\"@id\":\"https:\\\/\\\/regalanimals.ch\\\/#website\"},\"primaryImageOfPage\":{\"@id\":\"https:\\\/\\\/regalanimals.ch\\\/product\\\/coeur-poulet-lyophilise\\\/#primaryimage\"},\"image\":{\"@id\":\"https:\\\/\\\/regalanimals.ch\\\/product\\\/coeur-poulet-lyophilise\\\/#primaryimage\"},\"thumbnailUrl\":\"https:\\\/\\\/regalanimals.ch\\\/wp-content\\\/uploads\\\/2025\\\/08\\\/Friandises-lyophilisees-coeur-poulet.webp\",\"datePublished\":\"2023-09-30T13:29:18+00:00\",\"dateModified\":\"2026-03-24T09:04:05+00:00\",\"description\":\"Vous avez un chien, un chat ou un furet ? Offrez-lui les C\u0153urs de Poulet Lyophilis\u00e9s, la tentation supr\u00eame qui r\u00e9veille son instinct naturel et gourmand !\",\"breadcrumb\":{\"@id\":\"https:\\\/\\\/regalanimals.ch\\\/product\\\/coeur-poulet-lyophilise\\\/#breadcrumb\"},\"inLanguage\":\"de\",\"potentialAction\":[{\"@type\":\"ReadAction\",\"target\":[\"https:\\\/\\\/regalanimals.ch\\\/product\\\/coeur-poulet-lyophilise\\\/\"]}]},{\"@type\":\"ImageObject\",\"inLanguage\":\"de\",\"@id\":\"https:\\\/\\\/regalanimals.ch\\\/product\\\/coeur-poulet-lyophilise\\\/#primaryimage\",\"url\":\"https:\\\/\\\/regalanimals.ch\\\/wp-content\\\/uploads\\\/2025\\\/08\\\/Friandises-lyophilisees-coeur-poulet.webp\",\"contentUrl\":\"https:\\\/\\\/regalanimals.ch\\\/wp-content\\\/uploads\\\/2025\\\/08\\\/Friandises-lyophilisees-coeur-poulet.webp\",\"width\":940,\"height\":788,\"caption\":\"Friandises Lyophilis\u00e9es Kiwi Walker \u2013 Coeurs de Poulet\"},{\"@type\":\"BreadcrumbList\",\"@id\":\"https:\\\/\\\/regalanimals.ch\\\/product\\\/coeur-poulet-lyophilise\\\/#breadcrumb\",\"itemListElement\":[{\"@type\":\"ListItem\",\"position\":1,\"name\":\"Home\",\"item\":\"https:\\\/\\\/regalanimals.ch\\\/\"},{\"@type\":\"ListItem\",\"position\":2,\"name\":\"Boutique\",\"item\":\"https:\\\/\\\/regalanimals.ch\\\/shop\\\/\"},{\"@type\":\"ListItem\",\"position\":3,\"name\":\"C\u0153urs de Poulet Lyophilis\u00e9s\"}]},{\"@type\":\"WebSite\",\"@id\":\"https:\\\/\\\/regalanimals.ch\\\/#website\",\"url\":\"https:\\\/\\\/regalanimals.ch\\\/\",\"name\":\"R\u00e9gal Animals\",\"description\":\"Alimentation et articles de qualit\u00e9 pour chats, chiens et furets\",\"publisher\":{\"@id\":\"https:\\\/\\\/regalanimals.ch\\\/#organization\"},\"potentialAction\":[{\"@type\":\"SearchAction\",\"target\":{\"@type\":\"EntryPoint\",\"urlTemplate\":\"https:\\\/\\\/regalanimals.ch\\\/?s={search_term_string}\"},\"query-input\":{\"@type\":\"PropertyValueSpecification\",\"valueRequired\":true,\"valueName\":\"search_term_string\"}}],\"inLanguage\":\"de\"},{\"@type\":\"Organization\",\"@id\":\"https:\\\/\\\/regalanimals.ch\\\/#organization\",\"name\":\"R\u00e9gal Animals\",\"url\":\"https:\\\/\\\/regalanimals.ch\\\/\",\"logo\":{\"@type\":\"ImageObject\",\"inLanguage\":\"de\",\"@id\":\"https:\\\/\\\/regalanimals.ch\\\/#\\\/schema\\\/logo\\\/image\\\/\",\"url\":\"https:\\\/\\\/regalanimals.ch\\\/wp-content\\\/uploads\\\/2025\\\/04\\\/cropped-Logo-site-e1744634610403-1.webp\",\"contentUrl\":\"https:\\\/\\\/regalanimals.ch\\\/wp-content\\\/uploads\\\/2025\\\/04\\\/cropped-Logo-site-e1744634610403-1.webp\",\"width\":512,\"height\":512,\"caption\":\"R\u00e9gal Animals\"},\"image\":{\"@id\":\"https:\\\/\\\/regalanimals.ch\\\/#\\\/schema\\\/logo\\\/image\\\/\"}}]}<\/script>\n<!-- \/ Yoast SEO Premium plugin. -->","yoast_head_json":{"title":"Gefriergetrocknete H\u00fchnerherzen \u2013 Wahnsinn auf Ihrem Teller!","description":"Haben Sie einen Hund, eine Katze oder ein Frettchen? Verw\u00f6hnen Sie sie mit gefriergetrockneten H\u00fchnerherzen \u2013 die ultimative Versuchung, die ihren nat\u00fcrlichen Gourmetinstinkt weckt!","robots":{"index":"index","follow":"follow","max-snippet":"max-snippet:-1","max-image-preview":"max-image-preview:large","max-video-preview":"max-video-preview:-1"},"canonical":"https:\/\/regalanimals.ch\/de\/product\/coeur-poulet-lyophilise\/","og_locale":"de_DE","og_type":"article","og_title":"C\u0153urs de Poulet Lyophilis\u00e9s","og_description":"Vous avez un chien, un chat ou un furet ? Offrez-lui les C\u0153urs de Poulet Lyophilis\u00e9s, la tentation supr\u00eame qui r\u00e9veille son instinct naturel et gourmand !","og_url":"https:\/\/regalanimals.ch\/de\/product\/coeur-poulet-lyophilise\/","og_site_name":"R\u00e9gal&#039;Animals","article_modified_time":"2026-03-24T09:04:05+00:00","og_image":[{"width":940,"height":788,"url":"https:\/\/regalanimals.ch\/wp-content\/uploads\/2025\/08\/Friandises-lyophilisees-coeur-poulet.webp","type":"image\/webp"}],"twitter_card":"summary_large_image","twitter_misc":{"Gesch\u00e4tzte Lesezeit":"5\u00a0Minuten"},"schema":{"@context":"https:\/\/schema.org","@graph":[{"@type":"WebPage","@id":"https:\/\/regalanimals.ch\/product\/coeur-poulet-lyophilise\/","url":"https:\/\/regalanimals.ch\/product\/coeur-poulet-lyophilise\/","name":"Gefriergetrocknete H\u00fchnerherzen \u2013 Wahnsinn auf Ihrem Teller!","isPartOf":{"@id":"https:\/\/regalanimals.ch\/#website"},"primaryImageOfPage":{"@id":"https:\/\/regalanimals.ch\/product\/coeur-poulet-lyophilise\/#primaryimage"},"image":{"@id":"https:\/\/regalanimals.ch\/product\/coeur-poulet-lyophilise\/#primaryimage"},"thumbnailUrl":"https:\/\/regalanimals.ch\/wp-content\/uploads\/2025\/08\/Friandises-lyophilisees-coeur-poulet.webp","datePublished":"2023-09-30T13:29:18+00:00","dateModified":"2026-03-24T09:04:05+00:00","description":"Haben Sie einen Hund, eine Katze oder ein Frettchen? Verw\u00f6hnen Sie sie mit gefriergetrockneten H\u00fchnerherzen \u2013 die ultimative Versuchung, die ihren nat\u00fcrlichen Gourmetinstinkt weckt!","breadcrumb":{"@id":"https:\/\/regalanimals.ch\/product\/coeur-poulet-lyophilise\/#breadcrumb"},"inLanguage":"de","potentialAction":[{"@type":"ReadAction","target":["https:\/\/regalanimals.ch\/product\/coeur-poulet-lyophilise\/"]}]},{"@type":"ImageObject","inLanguage":"de","@id":"https:\/\/regalanimals.ch\/product\/coeur-poulet-lyophilise\/#primaryimage","url":"https:\/\/regalanimals.ch\/wp-content\/uploads\/2025\/08\/Friandises-lyophilisees-coeur-poulet.webp","contentUrl":"https:\/\/regalanimals.ch\/wp-content\/uploads\/2025\/08\/Friandises-lyophilisees-coeur-poulet.webp","width":940,"height":788,"caption":"Friandises Lyophilis\u00e9es Kiwi Walker \u2013 Coeurs de Poulet"},{"@type":"BreadcrumbList","@id":"https:\/\/regalanimals.ch\/product\/coeur-poulet-lyophilise\/#breadcrumb","itemListElement":[{"@type":"ListItem","position":1,"name":"Home","item":"https:\/\/regalanimals.ch\/"},{"@type":"ListItem","position":2,"name":"Boutique","item":"https:\/\/regalanimals.ch\/shop\/"},{"@type":"ListItem","position":3,"name":"C\u0153urs de Poulet Lyophilis\u00e9s"}]},{"@type":"WebSite","@id":"https:\/\/regalanimals.ch\/#website","url":"https:\/\/regalanimals.ch\/","name":"Tierfest","description":"Hochwertiges Futter und Zubeh\u00f6r f\u00fcr Katzen, Hunde und Frettchen","publisher":{"@id":"https:\/\/regalanimals.ch\/#organization"},"potentialAction":[{"@type":"SearchAction","target":{"@type":"EntryPoint","urlTemplate":"https:\/\/regalanimals.ch\/?s={search_term_string}"},"query-input":{"@type":"PropertyValueSpecification","valueRequired":true,"valueName":"search_term_string"}}],"inLanguage":"de"},{"@type":"Organization","@id":"https:\/\/regalanimals.ch\/#organization","name":"Tierfest","url":"https:\/\/regalanimals.ch\/","logo":{"@type":"ImageObject","inLanguage":"de","@id":"https:\/\/regalanimals.ch\/#\/schema\/logo\/image\/","url":"https:\/\/regalanimals.ch\/wp-content\/uploads\/2025\/04\/cropped-Logo-site-e1744634610403-1.webp","contentUrl":"https:\/\/regalanimals.ch\/wp-content\/uploads\/2025\/04\/cropped-Logo-site-e1744634610403-1.webp","width":512,"height":512,"caption":"R\u00e9gal Animals"},"image":{"@id":"https:\/\/regalanimals.ch\/#\/schema\/logo\/image\/"}}]}},"_links":{"self":[{"href":"https:\/\/regalanimals.ch\/de\/wp-json\/wp\/v2\/product\/30580","targetHints":{"allow":["GET"]}}],"collection":[{"href":"https:\/\/regalanimals.ch\/de\/wp-json\/wp\/v2\/product"}],"about":[{"href":"https:\/\/regalanimals.ch\/de\/wp-json\/wp\/v2\/types\/product"}],"replies":[{"embeddable":true,"href":"https:\/\/regalanimals.ch\/de\/wp-json\/wp\/v2\/comments?post=30580"}],"wp:featuredmedia":[{"embeddable":true,"href":"https:\/\/regalanimals.ch\/de\/wp-json\/wp\/v2\/media\/38118"}],"wp:attachment":[{"href":"https:\/\/regalanimals.ch\/de\/wp-json\/wp\/v2\/media?parent=30580"}],"wp:term":[{"taxonomy":"product_brand","embeddable":true,"href":"https:\/\/regalanimals.ch\/de\/wp-json\/wp\/v2\/product_brand?post=30580"},{"taxonomy":"product_cat","embeddable":true,"href":"https:\/\/regalanimals.ch\/de\/wp-json\/wp\/v2\/product_cat?post=30580"},{"taxonomy":"product_tag","embeddable":true,"href":"https:\/\/regalanimals.ch\/de\/wp-json\/wp\/v2\/product_tag?post=30580"}],"curies":[{"name":"wp","href":"https:\/\/api.w.org\/{rel}","templated":true}]}}