{"id":30586,"date":"2023-09-30T15:39:06","date_gmt":"2023-09-30T13:39:06","guid":{"rendered":"https:\/\/regalanimals.geekworkers.dev\/?post_type=product&#038;p=30586"},"modified":"2026-03-30T17:57:29","modified_gmt":"2026-03-30T15:57:29","slug":"friandises-crevettes-lyophilisees","status":"publish","type":"product","link":"https:\/\/regalanimals.ch\/de\/product\/friandises-crevettes-lyophilisees\/","title":{"rendered":"S\u00fc\u00dfigkeiten Garnelen gefriergetrocknet"},"content":{"rendered":"<h2 data-start=\"1090\" data-end=\"1145\">Kiwi Walker Gefriergetrocknete Garnelen-Leckerlis \ud83e\udd90\ud83d\udc3e<\/h2>\n<h3 data-start=\"1146\" data-end=\"1203\">Ein 100% nat\u00fcrlicher Leckerbissen f\u00fcr Hunde und Katzen \ud83c\udf3f<\/h3>\n<p data-start=\"1205\" data-end=\"1673\">Kiwi Walker Gefriergetrocknete Garnelen-Leckerlis sind ein gesunder, leckerer und sehr n\u00e4hrstoffreicher Snack.<br data-start=\"1322\" data-end=\"1325\" \/>Sie werden ausschlie\u00dflich aus ganzen Garnelen hergestellt und sind daher bestens f\u00fcr Hunde und Katzen geeignet \u2013 auch f\u00fcr solche mit empfindlichem Magen.<br data-start=\"1464\" data-end=\"1467\" \/>Reich an den Vitaminen B12 und D liefern sie au\u00dferdem Omega-3-Fetts\u00e4uren, die f\u00fcr Haut, Fell und allgemeine Vitalit\u00e4t unerl\u00e4sslich sind.<br data-start=\"1588\" data-end=\"1591\" \/>So kommt Ihr Begleiter in den Genuss einer nat\u00fcrlichen, leicht verdaulichen und leckeren Leckerei.<\/p>\n<hr data-start=\"1675\" data-end=\"1678\" \/>\n<h2 data-start=\"1680\" data-end=\"1744\">Gefriergetrocknete Garnelen, um ihren vollen Geschmack zu erhalten \ud83d\udc4c<\/h2>\n<p data-start=\"1746\" data-end=\"2225\">Durch die Gefriertrocknung bleiben die Eigenschaften frischer Garnelen vollst\u00e4ndig erhalten.<br data-start=\"1858\" data-end=\"1861\" \/>Zun\u00e4chst wird in einem prim\u00e4ren Trocknungsprozess das Wasser in Form von Eis durch Sublimation entfernt.<br data-start=\"1939\" data-end=\"1942\" \/>Anschlie\u00dfend wird in einem zweiten Trocknungsprozess die restliche Feuchtigkeit durch Desorption entfernt.<br data-start=\"2023\" data-end=\"2026\" \/>Dank dieses schonenden Verfahrens bleiben Farbe, Textur, Aroma und N\u00e4hrstoffe erhalten.<br data-start=\"2116\" data-end=\"2119\" \/>Das Ergebnis ist, dass jede Leckerei einen authentischen Geschmack mit einem hervorragenden N\u00e4hrwert bietet.<\/p>\n<hr data-start=\"2227\" data-end=\"2230\" \/>\n<h2 data-start=\"2232\" data-end=\"2269\">Ein gesunder und leichter Leckerbissen \ud83e\udd90<\/h2>\n<p data-start=\"2271\" data-end=\"2599\">Garnelen sind von Natur aus reich an Eiwei\u00df und sehr kalorienarm.<br data-start=\"2352\" data-end=\"2355\" \/>Sie eignen sich daher perfekt f\u00fcr Tiere mit kontrollierter Ern\u00e4hrung.<br data-start=\"2430\" data-end=\"2433\" \/>Dar\u00fcber hinaus sind sie leicht verdaulich und auch f\u00fcr \u00e4ltere oder empfindliche Tiere geeignet.<br data-start=\"2518\" data-end=\"2521\" \/>Kurz gesagt, es sind kleine, gesunde, leckere und sehr appetitliche H\u00e4ppchen.<\/p>\n<hr data-start=\"2601\" data-end=\"2604\" \/>\n<h2 data-start=\"388\" data-end=\"415\">\ud83d\udc3e H\u00e4ufig gestellte Fragen<\/h2>\n<h3 data-start=\"416\" data-end=\"550\">\u2753 Noch unentschlossen? Hier finden Sie die Antworten auf die h\u00e4ufigsten Fragen zu Kiwi Walker gefriergetrockneten Garnelen-Leckerlis.<\/h3>\n<h4 data-start=\"552\" data-end=\"599\">\u27a1\ufe0f F\u00fcr welche Tiere sind diese Leckerlis geeignet?<\/h4>\n<p data-start=\"601\" data-end=\"864\">Sie eignen sich sehr gut f\u00fcr Hunde und Katzen, da Garnelen leicht verdaulich sind und reich an nat\u00fcrlichen Proteinen.<br data-start=\"720\" data-end=\"723\" \/>F\u00fcr Frettchen k\u00f6nnen sie gelegentlich und in kleinen Mengen angeboten werden, da manche Frettchen Krebstiere weniger gut vertragen.<\/p>\n<h4 data-start=\"866\" data-end=\"915\">\u27a1\ufe0f Warum gefriergetrocknete Leckereien w\u00e4hlen?<\/h4>\n<p data-start=\"917\" data-end=\"1129\">Durch die Gefriertrocknung bleiben Aroma, Textur und N\u00e4hrstoffe des frischen Produkts ohne Kochen oder Konservierungsstoffe erhalten.<br data-start=\"1040\" data-end=\"1043\" \/>So genie\u00dft Ihr Haustier einen nat\u00fcrlichen, schmackhaften und leicht verdaulichen Leckerbissen.<\/p>\n<hr data-start=\"1131\" data-end=\"1134\" \/>\n<h2 data-start=\"1136\" data-end=\"1166\">\ud83d\udca6 Ratschl\u00e4ge von R\u00e9gal&#039;Animals \ud83d\udc9a<\/h2>\n<p data-start=\"1168\" data-end=\"1343\">Wenn Ihr Haustier nicht viel trinkt, k\u00f6nnen Sie einige Garnelen in etwas warmem Wasser rehydrieren.<br data-start=\"1250\" data-end=\"1253\" \/>Dieser Trick verbessert die Hydratation und erh\u00e4lt gleichzeitig den nat\u00fcrlichen Geschmack der Leckereien \ud83d\udc9a<\/p>\n<hr data-start=\"1345\" data-end=\"1348\" \/>\n<h4 data-start=\"1350\" data-end=\"1406\">\u27a1\ufe0f K\u00f6nnen diese Leckerlis in eine BARF-Di\u00e4t aufgenommen werden?<\/h4>\n<p data-start=\"1408\" data-end=\"1514\">Ja, diese 100% nat\u00fcrlichen %-Garnelen passen perfekt in eine BARF-Di\u00e4t oder eine Rohkostern\u00e4hrung.<\/p>\n<h4 data-start=\"1516\" data-end=\"1539\">\u27a1\ufe0f Wie serviert man sie?<\/h4>\n<p data-start=\"1541\" data-end=\"1734\">Servieren Sie sie trocken f\u00fcr einen knusprigen Effekt oder weichen Sie sie 1 bis 5 Minuten ein, um eine weichere Konsistenz zu erhalten.<br data-start=\"1651\" data-end=\"1654\" \/>Im Sommer kann man sie auch eisgek\u00fchlt servieren \u2013 eine erfrischende Leckerei.<\/p>\n<h4 data-start=\"1736\" data-end=\"1762\">\u27a1\ufe0f Wie bewahrt man sie auf?<\/h4>\n<p data-start=\"1764\" data-end=\"1898\">Das Glas sollte verschlossen an einem trockenen Ort aufbewahrt werden.<br data-start=\"1804\" data-end=\"1807\" \/>Der luftdichte Deckel tr\u00e4gt dazu bei, dass sie l\u00e4nger knusprig und frisch bleiben.<\/p>\n<h4>Zusammensetzung<\/h4>\n<p>100% Garnelen<\/p>\n<h4>Analytische Bestandteile<\/h4>\n<p>Rohprotein: 65,8 %<br data-start=\"794\" data-end=\"797\" \/>Rohfett: 0,5 %<br data-start=\"828\" data-end=\"831\" \/>Mineralische Rohstoffe: 5,3 %<br data-start=\"864\" data-end=\"867\" \/>Rohfasern: 2 %<br data-start=\"886\" data-end=\"889\" \/>Luftfeuchtigkeit: 2,4 %<\/p>\n<p><a href=\"https:\/\/regalanimals.ch\/de\/product\/friandises-foie-poulet-lyophilisees\/\">Vorschlag f\u00fcr ihn<\/a><\/p>","protected":false},"excerpt":{"rendered":"<p>Friandises Crevettes Lyophilis\u00e9es Kiwi Walker \ud83e\udd90\ud83d\udc3e Une bouch\u00e9e 100 % naturelle pour chiens et chats \ud83c\udf3f Les Friandises Crevettes Lyophilis\u00e9es Kiwi Walker offrent une collation saine, gourmande et tr\u00e8s riche en nutriments.Compos\u00e9es uniquement de crevettes enti\u00e8res, elles conviennent parfaitement aux chiens et aux chats \u2014 m\u00eame \u00e0 ceux ayant un estomac sensible.Riches en vitamines B12 [&hellip;]<\/p>\n","protected":false},"featured_media":38121,"menu_order":0,"comment_status":"open","ping_status":"closed","template":"","meta":[],"product_brand":[],"product_cat":[89,24,333,213,197,90,224],"product_tag":[],"class_list":{"0":"post-30586","1":"product","2":"type-product","3":"status-publish","4":"has-post-thumbnail","6":"product_cat-chats","7":"product_cat-chiens","8":"product_cat-friandises-furet","9":"product_cat-friandises-pour-chats","10":"product_cat-friandises-pour-chiens","11":"product_cat-furets","12":"product_cat-promotions","14":"first","15":"instock","16":"sale","17":"taxable","18":"shipping-taxable","19":"purchasable","20":"product-type-variable"},"yoast_head":"<!-- This site is optimized with the Yoast SEO Premium plugin v27.3 (Yoast SEO v27.3) - https:\/\/yoast.com\/product\/yoast-seo-premium-wordpress\/ -->\n<title>Friandises Crevettes Lyophilis\u00e9es \u2013 R\u00e9compense naturelle<\/title>\n<meta name=\"description\" content=\"Friandises crevettes lyophilis\u00e9es pour chiens et chats : naturelles, riches en prot\u00e9ines et l\u00e9g\u00e8res en calories. La r\u00e9compense id\u00e9ale au quotidien.\" \/>\n<meta name=\"robots\" content=\"index, follow, max-snippet:-1, max-image-preview:large, max-video-preview:-1\" \/>\n<link rel=\"canonical\" href=\"https:\/\/regalanimals.ch\/de\/product\/friandises-crevettes-lyophilisees\/\" \/>\n<meta property=\"og:locale\" content=\"de_DE\" \/>\n<meta property=\"og:type\" content=\"article\" \/>\n<meta property=\"og:title\" content=\"Friandises Crevettes Lyophilis\u00e9es\" \/>\n<meta property=\"og:description\" content=\"Friandises crevettes lyophilis\u00e9es pour chiens et chats : naturelles, riches en prot\u00e9ines et l\u00e9g\u00e8res en calories. La r\u00e9compense id\u00e9ale au quotidien.\" \/>\n<meta property=\"og:url\" content=\"https:\/\/regalanimals.ch\/de\/product\/friandises-crevettes-lyophilisees\/\" \/>\n<meta property=\"og:site_name\" content=\"R\u00e9gal&#039;Animals\" \/>\n<meta property=\"article:modified_time\" content=\"2026-03-30T15:57:29+00:00\" \/>\n<meta property=\"og:image\" content=\"https:\/\/regalanimals.ch\/wp-content\/uploads\/2025\/08\/Friandises-crevettes-lyophilisees.webp\" \/>\n\t<meta property=\"og:image:width\" content=\"940\" \/>\n\t<meta property=\"og:image:height\" content=\"788\" \/>\n\t<meta property=\"og:image:type\" content=\"image\/webp\" \/>\n<meta name=\"twitter:card\" content=\"summary_large_image\" \/>\n<meta name=\"twitter:label1\" content=\"Gesch\u00e4tzte Lesezeit\" \/>\n\t<meta name=\"twitter:data1\" content=\"3\u00a0Minuten\" \/>\n<script type=\"application\/ld+json\" class=\"yoast-schema-graph\">{\"@context\":\"https:\\\/\\\/schema.org\",\"@graph\":[{\"@type\":\"WebPage\",\"@id\":\"https:\\\/\\\/regalanimals.ch\\\/product\\\/friandises-crevettes-lyophilisees\\\/\",\"url\":\"https:\\\/\\\/regalanimals.ch\\\/product\\\/friandises-crevettes-lyophilisees\\\/\",\"name\":\"Friandises Crevettes Lyophilis\u00e9es \u2013 R\u00e9compense naturelle\",\"isPartOf\":{\"@id\":\"https:\\\/\\\/regalanimals.ch\\\/#website\"},\"primaryImageOfPage\":{\"@id\":\"https:\\\/\\\/regalanimals.ch\\\/product\\\/friandises-crevettes-lyophilisees\\\/#primaryimage\"},\"image\":{\"@id\":\"https:\\\/\\\/regalanimals.ch\\\/product\\\/friandises-crevettes-lyophilisees\\\/#primaryimage\"},\"thumbnailUrl\":\"https:\\\/\\\/regalanimals.ch\\\/wp-content\\\/uploads\\\/2025\\\/08\\\/Friandises-crevettes-lyophilisees.webp\",\"datePublished\":\"2023-09-30T13:39:06+00:00\",\"dateModified\":\"2026-03-30T15:57:29+00:00\",\"description\":\"Friandises crevettes lyophilis\u00e9es pour chiens et chats : naturelles, riches en prot\u00e9ines et l\u00e9g\u00e8res en calories. La r\u00e9compense id\u00e9ale au quotidien.\",\"breadcrumb\":{\"@id\":\"https:\\\/\\\/regalanimals.ch\\\/product\\\/friandises-crevettes-lyophilisees\\\/#breadcrumb\"},\"inLanguage\":\"de\",\"potentialAction\":[{\"@type\":\"ReadAction\",\"target\":[\"https:\\\/\\\/regalanimals.ch\\\/product\\\/friandises-crevettes-lyophilisees\\\/\"]}]},{\"@type\":\"ImageObject\",\"inLanguage\":\"de\",\"@id\":\"https:\\\/\\\/regalanimals.ch\\\/product\\\/friandises-crevettes-lyophilisees\\\/#primaryimage\",\"url\":\"https:\\\/\\\/regalanimals.ch\\\/wp-content\\\/uploads\\\/2025\\\/08\\\/Friandises-crevettes-lyophilisees.webp\",\"contentUrl\":\"https:\\\/\\\/regalanimals.ch\\\/wp-content\\\/uploads\\\/2025\\\/08\\\/Friandises-crevettes-lyophilisees.webp\",\"width\":940,\"height\":788,\"caption\":\"Friandises crevettes lyophilis\u00e9es.\"},{\"@type\":\"BreadcrumbList\",\"@id\":\"https:\\\/\\\/regalanimals.ch\\\/product\\\/friandises-crevettes-lyophilisees\\\/#breadcrumb\",\"itemListElement\":[{\"@type\":\"ListItem\",\"position\":1,\"name\":\"Home\",\"item\":\"https:\\\/\\\/regalanimals.ch\\\/\"},{\"@type\":\"ListItem\",\"position\":2,\"name\":\"Boutique\",\"item\":\"https:\\\/\\\/regalanimals.ch\\\/shop\\\/\"},{\"@type\":\"ListItem\",\"position\":3,\"name\":\"Friandises Crevettes Lyophilis\u00e9es\"}]},{\"@type\":\"WebSite\",\"@id\":\"https:\\\/\\\/regalanimals.ch\\\/#website\",\"url\":\"https:\\\/\\\/regalanimals.ch\\\/\",\"name\":\"R\u00e9gal Animals\",\"description\":\"Alimentation et articles de qualit\u00e9 pour chats, chiens et furets\",\"publisher\":{\"@id\":\"https:\\\/\\\/regalanimals.ch\\\/#organization\"},\"potentialAction\":[{\"@type\":\"SearchAction\",\"target\":{\"@type\":\"EntryPoint\",\"urlTemplate\":\"https:\\\/\\\/regalanimals.ch\\\/?s={search_term_string}\"},\"query-input\":{\"@type\":\"PropertyValueSpecification\",\"valueRequired\":true,\"valueName\":\"search_term_string\"}}],\"inLanguage\":\"de\"},{\"@type\":\"Organization\",\"@id\":\"https:\\\/\\\/regalanimals.ch\\\/#organization\",\"name\":\"R\u00e9gal Animals\",\"url\":\"https:\\\/\\\/regalanimals.ch\\\/\",\"logo\":{\"@type\":\"ImageObject\",\"inLanguage\":\"de\",\"@id\":\"https:\\\/\\\/regalanimals.ch\\\/#\\\/schema\\\/logo\\\/image\\\/\",\"url\":\"https:\\\/\\\/regalanimals.ch\\\/wp-content\\\/uploads\\\/2025\\\/04\\\/cropped-Logo-site-e1744634610403-1.webp\",\"contentUrl\":\"https:\\\/\\\/regalanimals.ch\\\/wp-content\\\/uploads\\\/2025\\\/04\\\/cropped-Logo-site-e1744634610403-1.webp\",\"width\":512,\"height\":512,\"caption\":\"R\u00e9gal Animals\"},\"image\":{\"@id\":\"https:\\\/\\\/regalanimals.ch\\\/#\\\/schema\\\/logo\\\/image\\\/\"}}]}<\/script>\n<!-- \/ Yoast SEO Premium plugin. -->","yoast_head_json":{"title":"Gefriergetrocknete Garnelen-Leckerlis \u2013 Eine nat\u00fcrliche Belohnung","description":"Gefriergetrocknete Garnelen-Leckerlis f\u00fcr Hunde und Katzen: nat\u00fcrlich, proteinreich und kalorienarm. Die perfekte Belohnung f\u00fcr jeden Tag.","robots":{"index":"index","follow":"follow","max-snippet":"max-snippet:-1","max-image-preview":"max-image-preview:large","max-video-preview":"max-video-preview:-1"},"canonical":"https:\/\/regalanimals.ch\/de\/product\/friandises-crevettes-lyophilisees\/","og_locale":"de_DE","og_type":"article","og_title":"Friandises Crevettes Lyophilis\u00e9es","og_description":"Friandises crevettes lyophilis\u00e9es pour chiens et chats : naturelles, riches en prot\u00e9ines et l\u00e9g\u00e8res en calories. La r\u00e9compense id\u00e9ale au quotidien.","og_url":"https:\/\/regalanimals.ch\/de\/product\/friandises-crevettes-lyophilisees\/","og_site_name":"R\u00e9gal&#039;Animals","article_modified_time":"2026-03-30T15:57:29+00:00","og_image":[{"width":940,"height":788,"url":"https:\/\/regalanimals.ch\/wp-content\/uploads\/2025\/08\/Friandises-crevettes-lyophilisees.webp","type":"image\/webp"}],"twitter_card":"summary_large_image","twitter_misc":{"Gesch\u00e4tzte Lesezeit":"3\u00a0Minuten"},"schema":{"@context":"https:\/\/schema.org","@graph":[{"@type":"WebPage","@id":"https:\/\/regalanimals.ch\/product\/friandises-crevettes-lyophilisees\/","url":"https:\/\/regalanimals.ch\/product\/friandises-crevettes-lyophilisees\/","name":"Gefriergetrocknete Garnelen-Leckerlis \u2013 Eine nat\u00fcrliche Belohnung","isPartOf":{"@id":"https:\/\/regalanimals.ch\/#website"},"primaryImageOfPage":{"@id":"https:\/\/regalanimals.ch\/product\/friandises-crevettes-lyophilisees\/#primaryimage"},"image":{"@id":"https:\/\/regalanimals.ch\/product\/friandises-crevettes-lyophilisees\/#primaryimage"},"thumbnailUrl":"https:\/\/regalanimals.ch\/wp-content\/uploads\/2025\/08\/Friandises-crevettes-lyophilisees.webp","datePublished":"2023-09-30T13:39:06+00:00","dateModified":"2026-03-30T15:57:29+00:00","description":"Gefriergetrocknete Garnelen-Leckerlis f\u00fcr Hunde und Katzen: nat\u00fcrlich, proteinreich und kalorienarm. Die perfekte Belohnung f\u00fcr jeden Tag.","breadcrumb":{"@id":"https:\/\/regalanimals.ch\/product\/friandises-crevettes-lyophilisees\/#breadcrumb"},"inLanguage":"de","potentialAction":[{"@type":"ReadAction","target":["https:\/\/regalanimals.ch\/product\/friandises-crevettes-lyophilisees\/"]}]},{"@type":"ImageObject","inLanguage":"de","@id":"https:\/\/regalanimals.ch\/product\/friandises-crevettes-lyophilisees\/#primaryimage","url":"https:\/\/regalanimals.ch\/wp-content\/uploads\/2025\/08\/Friandises-crevettes-lyophilisees.webp","contentUrl":"https:\/\/regalanimals.ch\/wp-content\/uploads\/2025\/08\/Friandises-crevettes-lyophilisees.webp","width":940,"height":788,"caption":"Friandises crevettes lyophilis\u00e9es."},{"@type":"BreadcrumbList","@id":"https:\/\/regalanimals.ch\/product\/friandises-crevettes-lyophilisees\/#breadcrumb","itemListElement":[{"@type":"ListItem","position":1,"name":"Home","item":"https:\/\/regalanimals.ch\/"},{"@type":"ListItem","position":2,"name":"Boutique","item":"https:\/\/regalanimals.ch\/shop\/"},{"@type":"ListItem","position":3,"name":"Friandises Crevettes Lyophilis\u00e9es"}]},{"@type":"WebSite","@id":"https:\/\/regalanimals.ch\/#website","url":"https:\/\/regalanimals.ch\/","name":"Tierfest","description":"Hochwertiges Futter und Zubeh\u00f6r f\u00fcr Katzen, Hunde und Frettchen","publisher":{"@id":"https:\/\/regalanimals.ch\/#organization"},"potentialAction":[{"@type":"SearchAction","target":{"@type":"EntryPoint","urlTemplate":"https:\/\/regalanimals.ch\/?s={search_term_string}"},"query-input":{"@type":"PropertyValueSpecification","valueRequired":true,"valueName":"search_term_string"}}],"inLanguage":"de"},{"@type":"Organization","@id":"https:\/\/regalanimals.ch\/#organization","name":"Tierfest","url":"https:\/\/regalanimals.ch\/","logo":{"@type":"ImageObject","inLanguage":"de","@id":"https:\/\/regalanimals.ch\/#\/schema\/logo\/image\/","url":"https:\/\/regalanimals.ch\/wp-content\/uploads\/2025\/04\/cropped-Logo-site-e1744634610403-1.webp","contentUrl":"https:\/\/regalanimals.ch\/wp-content\/uploads\/2025\/04\/cropped-Logo-site-e1744634610403-1.webp","width":512,"height":512,"caption":"R\u00e9gal Animals"},"image":{"@id":"https:\/\/regalanimals.ch\/#\/schema\/logo\/image\/"}}]}},"_links":{"self":[{"href":"https:\/\/regalanimals.ch\/de\/wp-json\/wp\/v2\/product\/30586","targetHints":{"allow":["GET"]}}],"collection":[{"href":"https:\/\/regalanimals.ch\/de\/wp-json\/wp\/v2\/product"}],"about":[{"href":"https:\/\/regalanimals.ch\/de\/wp-json\/wp\/v2\/types\/product"}],"replies":[{"embeddable":true,"href":"https:\/\/regalanimals.ch\/de\/wp-json\/wp\/v2\/comments?post=30586"}],"wp:featuredmedia":[{"embeddable":true,"href":"https:\/\/regalanimals.ch\/de\/wp-json\/wp\/v2\/media\/38121"}],"wp:attachment":[{"href":"https:\/\/regalanimals.ch\/de\/wp-json\/wp\/v2\/media?parent=30586"}],"wp:term":[{"taxonomy":"product_brand","embeddable":true,"href":"https:\/\/regalanimals.ch\/de\/wp-json\/wp\/v2\/product_brand?post=30586"},{"taxonomy":"product_cat","embeddable":true,"href":"https:\/\/regalanimals.ch\/de\/wp-json\/wp\/v2\/product_cat?post=30586"},{"taxonomy":"product_tag","embeddable":true,"href":"https:\/\/regalanimals.ch\/de\/wp-json\/wp\/v2\/product_tag?post=30586"}],"curies":[{"name":"wp","href":"https:\/\/api.w.org\/{rel}","templated":true}]}}