{"id":30593,"date":"2023-09-30T19:57:31","date_gmt":"2023-09-30T17:57:31","guid":{"rendered":"https:\/\/regalanimals.geekworkers.dev\/?post_type=product&#038;p=30593"},"modified":"2026-03-22T12:05:47","modified_gmt":"2026-03-22T11:05:47","slug":"friandises-lyophilisees-boeuf","status":"publish","type":"product","link":"https:\/\/regalanimals.ch\/de\/product\/friandises-lyophilisees-boeuf\/","title":{"rendered":"Lyophilisierte S\u00fc\u00dfigkeiten Rindfleisch"},"content":{"rendered":"<h2 data-start=\"462\" data-end=\"512\">Gefriergetrocknete Kiwi-Leckerlis mit Rindfleischgeschmack \ud83d\udc2e\ud83d\udc3e<\/h2>\n<h3 data-start=\"513\" data-end=\"573\">Ein 100% nat\u00fcrlicher Leckerbissen f\u00fcr Hunde, Katzen und Frettchen \ud83c\udf3f<\/h3>\n<p data-start=\"575\" data-end=\"1090\">Verw\u00f6hnen Sie Ihr Haustier mit einem gesunden, leckeren und einfach zu servierenden Leckerbissen.<br data-start=\"651\" data-end=\"654\" \/>Kiwi Walker Freeze-Dried Beef Treats enthalten ausschlie\u00dflich Rindfleisch in Lebensmittelqualit\u00e4t, das in praktische kleine W\u00fcrfel geschnitten ist.<br data-start=\"784\" data-end=\"787\" \/>Sie eignen sich als Snack, als Belohnung beim Training oder als Garnitur f\u00fcr Mahlzeiten.<br data-start=\"889\" data-end=\"892\" \/>Dar\u00fcber hinaus lassen sie sich dank des wiederverschlie\u00dfbaren Glases leicht transportieren und bleiben l\u00e4nger frisch.<br data-start=\"993\" data-end=\"996\" \/>Somit vereinen sie Vergn\u00fcgen, Nat\u00fcrlichkeit und Praktikabilit\u00e4t f\u00fcr alle Fleischfresser im Haus.<\/p>\n<hr data-start=\"1092\" data-end=\"1095\" \/>\n<h2 data-start=\"1097\" data-end=\"1151\">Ein Gefriertrocknungsverfahren, das alles konserviert \ud83d\udc4c<\/h2>\n<p data-start=\"1153\" data-end=\"1735\">Durch die Gefriertrocknung wird dem Rindfleisch einfach das Wasser entzogen, ohne es zu kochen.<br data-start=\"1217\" data-end=\"1220\" \/>Bei der ersten Trocknungsphase gefriert das Wasser und sublimiert.<br data-start=\"1313\" data-end=\"1316\" \/>Anschlie\u00dfend werden in einem zweiten Trocknungsprozess durch Desorption die letzten Feuchtigkeitsspuren entfernt.<br data-start=\"1402\" data-end=\"1405\" \/>Dank dieses schonenden und pr\u00e4zisen Verfahrens bleiben Farbe, Aroma und Geschmack von frischem Fleisch erhalten.<br data-start=\"1507\" data-end=\"1510\" \/>Dar\u00fcber hinaus bleiben die Vitamine, Mineralstoffe und Aminos\u00e4uren auf nat\u00fcrliche Weise erhalten, was einen besonders n\u00e4hrstoffreichen Genuss garantiert.<br data-start=\"1640\" data-end=\"1643\" \/>Kurz gesagt, Sie bieten Ihrem Haustier einen schmackhaften, sauberen und \u00e4u\u00dferst nahrhaften Leckerbissen an.<\/p>\n<hr data-start=\"1737\" data-end=\"1740\" \/>\n<h2 data-start=\"1742\" data-end=\"1795\">Warum genie\u00dfen diese Auszeichnungen so allgemeine Anerkennung? \ud83e\udd70<\/h2>\n<p data-start=\"1797\" data-end=\"2402\">Diese Leckerbissen enthalten ausschlie\u00dflich Rindfleisch: keine Zusatzstoffe, kein Gluten und keine Laktose.<br data-start=\"1890\" data-end=\"1893\" \/>Sie eignen sich daher perfekt f\u00fcr Tiere, die empfindlich sind oder zu Unvertr\u00e4glichkeiten neigen.<br data-start=\"1978\" data-end=\"1981\" \/>Dar\u00fcber hinaus f\u00f6rdert ihr hoher Gehalt an Proteinen, Vitaminen und Mineralstoffen Vitalit\u00e4t, Muskelkraft und t\u00e4gliche Energie.<br data-start=\"2107\" data-end=\"2110\" \/>Dar\u00fcber hinaus eignen sie sich aufgrund ihrer knusprigen Konsistenz ideal f\u00fcr Unterrichtseinheiten.<br data-start=\"2193\" data-end=\"2196\" \/>Dadurch werden sie schnell zu einer unverzichtbaren M\u00f6glichkeit, Ihrem Begleiter einen gesunden Leckerbissen zu g\u00f6nnen.<br data-start=\"2313\" data-end=\"2316\" \/>Und schlie\u00dflich sch\u00e4tzen auch Hunde, Katzen und Frettchen sie wegen ihres intensiven und authentischen Geschmacks.<\/p>\n<hr data-start=\"2404\" data-end=\"2407\" \/>\n<h2 data-start=\"2409\" data-end=\"2466\">Vielseitige und einfach zu verwendende Leckerlis \ud83d\udc3e<\/h2>\n<p data-start=\"2468\" data-end=\"3017\">Man kann sie so anbieten, um einen knusprigen Effekt zu erzielen.<br data-start=\"2529\" data-end=\"2532\" \/>Wenn Ihr Haustier hingegen empfindliche Z\u00e4hne hat, geben Sie einfach etwas warmes Wasser hinzu, um sie weicher zu machen.<br data-start=\"2641\" data-end=\"2644\" \/>Sie passen auch sehr gut in eine Sch\u00fcssel und machen das Gericht dadurch appetitlicher.<br data-start=\"2733\" data-end=\"2736\" \/>Dar\u00fcber hinaus passt ihr kleines, luftdichtes Glas problemlos in eine Tasche, sodass man sie bei Spazierg\u00e4ngen oder beim Training immer griffbereit hat.<br data-start=\"2887\" data-end=\"2890\" \/>Das charakteristische Ger\u00e4usch des Glases zieht sofort die Aufmerksamkeit Ihres Begleiters auf sich und macht es so zu einem sehr praktischen Hilfsmittel, um sich zur\u00fcckzurufen.<\/p>\n<hr data-start=\"3019\" data-end=\"3022\" \/>\n<h2 data-start=\"3024\" data-end=\"3051\">\ud83d\udc3e H\u00e4ufig gestellte Fragen<\/h2>\n<h3 data-start=\"3053\" data-end=\"3184\">\u2753 Noch unentschlossen? Hier finden Sie die Antworten auf die h\u00e4ufigsten Fragen zu Walker Kiwi Beef Freeze-Dried Treats.<\/h3>\n<h4 data-start=\"3186\" data-end=\"3229\">\u27a1\ufe0f Was ist Gefriertrocknung?<\/h4>\n<p data-start=\"3230\" data-end=\"3453\">Gefriertrocknung ist ein Kalttrocknungsverfahren unter Vakuum.<br data-start=\"3281\" data-end=\"3284\" \/>Es erh\u00e4lt die Textur, das Aroma und die N\u00e4hrwertqualit\u00e4t des Rindfleisches ohne Zugabe von Zusatzstoffen.<br data-start=\"3378\" data-end=\"3381\" \/>So bleiben die Leckerlis nat\u00fcrlich, knusprig und sehr gut verdaulich.<\/p>\n<h4 data-start=\"3455\" data-end=\"3509\">\u27a1\ufe0f F\u00fcr welche Tiere sind diese Leckerlis geeignet?<\/h4>\n<p data-start=\"3510\" data-end=\"3674\">Sie eignen sich f\u00fcr Hunde, Katzen und Frettchen.<br data-start=\"3566\" data-end=\"3569\" \/>Dar\u00fcber hinaus sind sie aufgrund ihrer einfachen Zusammensetzung mit den meisten Ern\u00e4hrungsformen, einschlie\u00dflich BARF, kompatibel.<\/p>\n<hr data-start=\"3676\" data-end=\"3679\" \/>\n<h2 data-start=\"3681\" data-end=\"3713\">\ud83d\udca6 Ratschl\u00e4ge von R\u00e9gal&#039;Animals \ud83d\udc9a<\/h2>\n<p data-start=\"3715\" data-end=\"4025\">Bieten Sie diese Leckereien als Belohnung oder gesunden Snack an und stellen Sie immer eine Sch\u00fcssel mit frischem Wasser in der N\u00e4he bereit.<br data-start=\"3822\" data-end=\"3825\" \/>Dar\u00fcber hinaus erm\u00f6glicht ihre handliche Gr\u00f6\u00dfe den Einsatz w\u00e4hrend des Trainings, des R\u00fcckrufs oder beim Spaziergang.<br data-start=\"3933\" data-end=\"3936\" \/>So genie\u00dft Ihr Haustier einen nat\u00fcrlichen, knusprigen und perfekt ausgewogenen Leckerbissen \ud83d\udc9a<\/p>\n<hr data-start=\"4027\" data-end=\"4030\" \/>\n<h4 data-start=\"4032\" data-end=\"4089\">\u27a1\ufe0f Enthalten diese Leckereien Zusatzstoffe?<\/h4>\n<p data-start=\"4090\" data-end=\"4200\">Nein, sie werden ausschlie\u00dflich aus Rindfleisch hergestellt und enthalten keine k\u00fcnstlichen Aromen, Konservierungsstoffe oder Farbstoffe.<\/p>\n<h4 data-start=\"4202\" data-end=\"4248\">\u27a1\ufe0f Kann mein Haustier allergisch sein?<\/h4>\n<p data-start=\"4249\" data-end=\"4404\">Reaktionen sind sehr selten, au\u00dfer in F\u00e4llen einer best\u00e4tigten Rindfleischallergie.<br data-start=\"4321\" data-end=\"4324\" \/>Dank ihrer einfachen Rezeptur sind diese Leckerlis auch f\u00fcr empfindliche Tiere geeignet.<\/p>\n<h4 data-start=\"4406\" data-end=\"4468\">\u27a1\ufe0f Wie lagert man gefriergetrocknete Rindfleisch-Leckerlis?<\/h4>\n<p data-start=\"4469\" data-end=\"4644\">Verschlie\u00dfen Sie das Glas nach Gebrauch stets gut und bewahren Sie es an einem trockenen, temperierten Ort auf.<br data-start=\"4552\" data-end=\"4555\" \/>Auf diese Weise behalten die S\u00fc\u00dfigkeiten l\u00e4nger ihre Knusprigkeit und ihr Aroma.<\/p>\n<h4>Zusammensetzung<\/h4>\n<p>100% Rindfleisch<\/p>\n<h4>Analytische Bestandteile<\/h4>\n<p>Rohprotein: 79,8 %<br data-start=\"438\" data-end=\"441\" \/>Rohfett: 13,2 g\/L<br data-start=\"473\" data-end=\"476\" \/>Mineralische Rohstoffe: 4,7 %<br data-start=\"509\" data-end=\"512\" \/>Rohfasern: 0,4 %<br data-start=\"533\" data-end=\"536\" \/>Luftfeuchtigkeit: 6,3 %<\/p>\n<p>&nbsp;<\/p>\n<p><a href=\"https:\/\/regalanimals.ch\/de\/product\/lamelles-de-viande\/\">Vorschlag f\u00fcr ihn<\/a><\/p>","protected":false},"excerpt":{"rendered":"<p>Friandises Lyophilis\u00e9es B\u0153uf Kiwi Walker \ud83d\udc2e\ud83d\udc3e Un r\u00e9gal 100 % naturel pour chiens, chats et furets \ud83c\udf3f Offrez \u00e0 votre compagnon une friandise saine, savoureuse et simple \u00e0 servir.Les Friandises Lyophilis\u00e9es B\u0153uf Kiwi Walker contiennent uniquement du b\u0153uf de qualit\u00e9 humaine, d\u00e9coup\u00e9 en petits cubes pratiques.Elles conviennent aussi bien comme encas, comme r\u00e9compense d\u2019entra\u00eenement ou [&hellip;]<\/p>\n","protected":false},"featured_media":38125,"menu_order":0,"comment_status":"open","ping_status":"closed","template":"","meta":[],"product_brand":[],"product_cat":[89,24,333,213,197,90,224],"product_tag":[],"class_list":{"0":"post-30593","1":"product","2":"type-product","3":"status-publish","4":"has-post-thumbnail","6":"product_cat-chats","7":"product_cat-chiens","8":"product_cat-friandises-furet","9":"product_cat-friandises-pour-chats","10":"product_cat-friandises-pour-chiens","11":"product_cat-furets","12":"product_cat-promotions","14":"first","15":"instock","16":"sale","17":"taxable","18":"shipping-taxable","19":"purchasable","20":"product-type-variable"},"yoast_head":"<!-- This site is optimized with the Yoast SEO Premium plugin v27.3 (Yoast SEO v27.3) - https:\/\/yoast.com\/product\/yoast-seo-premium-wordpress\/ -->\n<title>Friandises Lyophilis\u00e9es B\u0153uf, savoureuses et nourrissantes !<\/title>\n<meta name=\"description\" content=\"D\u00e9couvrez nos Friandises Lyophilis\u00e9es B\u0153uf id\u00e9ales pour vos chiens, chats ou furets. 100% pur b\u0153uf, riche en fer et en vitamines B !\" \/>\n<meta name=\"robots\" content=\"index, follow, max-snippet:-1, max-image-preview:large, max-video-preview:-1\" \/>\n<link rel=\"canonical\" href=\"https:\/\/regalanimals.ch\/de\/product\/friandises-lyophilisees-boeuf\/\" \/>\n<meta property=\"og:locale\" content=\"de_DE\" \/>\n<meta property=\"og:type\" content=\"article\" \/>\n<meta property=\"og:title\" content=\"Friandises Lyophilis\u00e9es B\u0153uf\" \/>\n<meta property=\"og:description\" content=\"D\u00e9couvrez nos Friandises Lyophilis\u00e9es B\u0153uf id\u00e9ales pour vos chiens, chats ou furets. 100% pur b\u0153uf, riche en fer et en vitamines B !\" \/>\n<meta property=\"og:url\" content=\"https:\/\/regalanimals.ch\/de\/product\/friandises-lyophilisees-boeuf\/\" \/>\n<meta property=\"og:site_name\" content=\"R\u00e9gal&#039;Animals\" \/>\n<meta property=\"article:modified_time\" content=\"2026-03-22T11:05:47+00:00\" \/>\n<meta property=\"og:image\" content=\"https:\/\/regalanimals.ch\/wp-content\/uploads\/2025\/08\/Friandises-lyophilisees-boeuf.webp\" \/>\n\t<meta property=\"og:image:width\" content=\"940\" \/>\n\t<meta property=\"og:image:height\" content=\"788\" \/>\n\t<meta property=\"og:image:type\" content=\"image\/webp\" \/>\n<meta name=\"twitter:card\" content=\"summary_large_image\" \/>\n<meta name=\"twitter:label1\" content=\"Gesch\u00e4tzte Lesezeit\" \/>\n\t<meta name=\"twitter:data1\" content=\"4\u00a0Minuten\" \/>\n<script type=\"application\/ld+json\" class=\"yoast-schema-graph\">{\"@context\":\"https:\\\/\\\/schema.org\",\"@graph\":[{\"@type\":\"WebPage\",\"@id\":\"https:\\\/\\\/regalanimals.ch\\\/product\\\/friandises-lyophilisees-boeuf\\\/\",\"url\":\"https:\\\/\\\/regalanimals.ch\\\/product\\\/friandises-lyophilisees-boeuf\\\/\",\"name\":\"Friandises Lyophilis\u00e9es B\u0153uf, savoureuses et nourrissantes !\",\"isPartOf\":{\"@id\":\"https:\\\/\\\/regalanimals.ch\\\/#website\"},\"primaryImageOfPage\":{\"@id\":\"https:\\\/\\\/regalanimals.ch\\\/product\\\/friandises-lyophilisees-boeuf\\\/#primaryimage\"},\"image\":{\"@id\":\"https:\\\/\\\/regalanimals.ch\\\/product\\\/friandises-lyophilisees-boeuf\\\/#primaryimage\"},\"thumbnailUrl\":\"https:\\\/\\\/regalanimals.ch\\\/wp-content\\\/uploads\\\/2025\\\/08\\\/Friandises-lyophilisees-boeuf.webp\",\"datePublished\":\"2023-09-30T17:57:31+00:00\",\"dateModified\":\"2026-03-22T11:05:47+00:00\",\"description\":\"D\u00e9couvrez nos Friandises Lyophilis\u00e9es B\u0153uf id\u00e9ales pour vos chiens, chats ou furets. 100% pur b\u0153uf, riche en fer et en vitamines B !\",\"breadcrumb\":{\"@id\":\"https:\\\/\\\/regalanimals.ch\\\/product\\\/friandises-lyophilisees-boeuf\\\/#breadcrumb\"},\"inLanguage\":\"de\",\"potentialAction\":[{\"@type\":\"ReadAction\",\"target\":[\"https:\\\/\\\/regalanimals.ch\\\/product\\\/friandises-lyophilisees-boeuf\\\/\"]}]},{\"@type\":\"ImageObject\",\"inLanguage\":\"de\",\"@id\":\"https:\\\/\\\/regalanimals.ch\\\/product\\\/friandises-lyophilisees-boeuf\\\/#primaryimage\",\"url\":\"https:\\\/\\\/regalanimals.ch\\\/wp-content\\\/uploads\\\/2025\\\/08\\\/Friandises-lyophilisees-boeuf.webp\",\"contentUrl\":\"https:\\\/\\\/regalanimals.ch\\\/wp-content\\\/uploads\\\/2025\\\/08\\\/Friandises-lyophilisees-boeuf.webp\",\"width\":940,\"height\":788,\"caption\":\"Friandises Lyophilis\u00e9es B\u0153uf Kiwi Walker \u2013 G\u00e2teries 100 % naturelles pour chiens, chats et furets.\"},{\"@type\":\"BreadcrumbList\",\"@id\":\"https:\\\/\\\/regalanimals.ch\\\/product\\\/friandises-lyophilisees-boeuf\\\/#breadcrumb\",\"itemListElement\":[{\"@type\":\"ListItem\",\"position\":1,\"name\":\"Home\",\"item\":\"https:\\\/\\\/regalanimals.ch\\\/\"},{\"@type\":\"ListItem\",\"position\":2,\"name\":\"Boutique\",\"item\":\"https:\\\/\\\/regalanimals.ch\\\/shop\\\/\"},{\"@type\":\"ListItem\",\"position\":3,\"name\":\"Friandises Lyophilis\u00e9es B\u0153uf\"}]},{\"@type\":\"WebSite\",\"@id\":\"https:\\\/\\\/regalanimals.ch\\\/#website\",\"url\":\"https:\\\/\\\/regalanimals.ch\\\/\",\"name\":\"R\u00e9gal Animals\",\"description\":\"Alimentation et articles de qualit\u00e9 pour chats, chiens et furets\",\"publisher\":{\"@id\":\"https:\\\/\\\/regalanimals.ch\\\/#organization\"},\"potentialAction\":[{\"@type\":\"SearchAction\",\"target\":{\"@type\":\"EntryPoint\",\"urlTemplate\":\"https:\\\/\\\/regalanimals.ch\\\/?s={search_term_string}\"},\"query-input\":{\"@type\":\"PropertyValueSpecification\",\"valueRequired\":true,\"valueName\":\"search_term_string\"}}],\"inLanguage\":\"de\"},{\"@type\":\"Organization\",\"@id\":\"https:\\\/\\\/regalanimals.ch\\\/#organization\",\"name\":\"R\u00e9gal Animals\",\"url\":\"https:\\\/\\\/regalanimals.ch\\\/\",\"logo\":{\"@type\":\"ImageObject\",\"inLanguage\":\"de\",\"@id\":\"https:\\\/\\\/regalanimals.ch\\\/#\\\/schema\\\/logo\\\/image\\\/\",\"url\":\"https:\\\/\\\/regalanimals.ch\\\/wp-content\\\/uploads\\\/2025\\\/07\\\/Logo-RegalAnimals.png\",\"contentUrl\":\"https:\\\/\\\/regalanimals.ch\\\/wp-content\\\/uploads\\\/2025\\\/07\\\/Logo-RegalAnimals.png\",\"width\":120,\"height\":153,\"caption\":\"R\u00e9gal Animals\"},\"image\":{\"@id\":\"https:\\\/\\\/regalanimals.ch\\\/#\\\/schema\\\/logo\\\/image\\\/\"}}]}<\/script>\n<!-- \/ Yoast SEO Premium plugin. -->","yoast_head_json":{"title":"Gefriergetrocknete Rindfleisch-Leckerlis \u2013 lecker und nahrhaft!","description":"Entdecken Sie unsere gefriergetrockneten Rindfleisch-Leckerlis \u2013 ideal f\u00fcr Hunde, Katzen und Frettchen. Reines Rindfleisch (100%), reich an Eisen und B-Vitaminen!","robots":{"index":"index","follow":"follow","max-snippet":"max-snippet:-1","max-image-preview":"max-image-preview:large","max-video-preview":"max-video-preview:-1"},"canonical":"https:\/\/regalanimals.ch\/de\/product\/friandises-lyophilisees-boeuf\/","og_locale":"de_DE","og_type":"article","og_title":"Friandises Lyophilis\u00e9es B\u0153uf","og_description":"D\u00e9couvrez nos Friandises Lyophilis\u00e9es B\u0153uf id\u00e9ales pour vos chiens, chats ou furets. 100% pur b\u0153uf, riche en fer et en vitamines B !","og_url":"https:\/\/regalanimals.ch\/de\/product\/friandises-lyophilisees-boeuf\/","og_site_name":"R\u00e9gal&#039;Animals","article_modified_time":"2026-03-22T11:05:47+00:00","og_image":[{"width":940,"height":788,"url":"https:\/\/regalanimals.ch\/wp-content\/uploads\/2025\/08\/Friandises-lyophilisees-boeuf.webp","type":"image\/webp"}],"twitter_card":"summary_large_image","twitter_misc":{"Gesch\u00e4tzte Lesezeit":"4\u00a0Minuten"},"schema":{"@context":"https:\/\/schema.org","@graph":[{"@type":"WebPage","@id":"https:\/\/regalanimals.ch\/product\/friandises-lyophilisees-boeuf\/","url":"https:\/\/regalanimals.ch\/product\/friandises-lyophilisees-boeuf\/","name":"Gefriergetrocknete Rindfleisch-Leckerlis \u2013 lecker und nahrhaft!","isPartOf":{"@id":"https:\/\/regalanimals.ch\/#website"},"primaryImageOfPage":{"@id":"https:\/\/regalanimals.ch\/product\/friandises-lyophilisees-boeuf\/#primaryimage"},"image":{"@id":"https:\/\/regalanimals.ch\/product\/friandises-lyophilisees-boeuf\/#primaryimage"},"thumbnailUrl":"https:\/\/regalanimals.ch\/wp-content\/uploads\/2025\/08\/Friandises-lyophilisees-boeuf.webp","datePublished":"2023-09-30T17:57:31+00:00","dateModified":"2026-03-22T11:05:47+00:00","description":"Entdecken Sie unsere gefriergetrockneten Rindfleisch-Leckerlis \u2013 ideal f\u00fcr Hunde, Katzen und Frettchen. Reines Rindfleisch (100%), reich an Eisen und B-Vitaminen!","breadcrumb":{"@id":"https:\/\/regalanimals.ch\/product\/friandises-lyophilisees-boeuf\/#breadcrumb"},"inLanguage":"de","potentialAction":[{"@type":"ReadAction","target":["https:\/\/regalanimals.ch\/product\/friandises-lyophilisees-boeuf\/"]}]},{"@type":"ImageObject","inLanguage":"de","@id":"https:\/\/regalanimals.ch\/product\/friandises-lyophilisees-boeuf\/#primaryimage","url":"https:\/\/regalanimals.ch\/wp-content\/uploads\/2025\/08\/Friandises-lyophilisees-boeuf.webp","contentUrl":"https:\/\/regalanimals.ch\/wp-content\/uploads\/2025\/08\/Friandises-lyophilisees-boeuf.webp","width":940,"height":788,"caption":"Friandises Lyophilis\u00e9es B\u0153uf Kiwi Walker \u2013 G\u00e2teries 100 % naturelles pour chiens, chats et furets."},{"@type":"BreadcrumbList","@id":"https:\/\/regalanimals.ch\/product\/friandises-lyophilisees-boeuf\/#breadcrumb","itemListElement":[{"@type":"ListItem","position":1,"name":"Home","item":"https:\/\/regalanimals.ch\/"},{"@type":"ListItem","position":2,"name":"Boutique","item":"https:\/\/regalanimals.ch\/shop\/"},{"@type":"ListItem","position":3,"name":"Friandises Lyophilis\u00e9es B\u0153uf"}]},{"@type":"WebSite","@id":"https:\/\/regalanimals.ch\/#website","url":"https:\/\/regalanimals.ch\/","name":"Tierfest","description":"Hochwertiges Futter und Zubeh\u00f6r f\u00fcr Katzen, Hunde und Frettchen","publisher":{"@id":"https:\/\/regalanimals.ch\/#organization"},"potentialAction":[{"@type":"SearchAction","target":{"@type":"EntryPoint","urlTemplate":"https:\/\/regalanimals.ch\/?s={search_term_string}"},"query-input":{"@type":"PropertyValueSpecification","valueRequired":true,"valueName":"search_term_string"}}],"inLanguage":"de"},{"@type":"Organization","@id":"https:\/\/regalanimals.ch\/#organization","name":"Tierfest","url":"https:\/\/regalanimals.ch\/","logo":{"@type":"ImageObject","inLanguage":"de","@id":"https:\/\/regalanimals.ch\/#\/schema\/logo\/image\/","url":"https:\/\/regalanimals.ch\/wp-content\/uploads\/2025\/07\/Logo-RegalAnimals.png","contentUrl":"https:\/\/regalanimals.ch\/wp-content\/uploads\/2025\/07\/Logo-RegalAnimals.png","width":120,"height":153,"caption":"R\u00e9gal Animals"},"image":{"@id":"https:\/\/regalanimals.ch\/#\/schema\/logo\/image\/"}}]}},"_links":{"self":[{"href":"https:\/\/regalanimals.ch\/de\/wp-json\/wp\/v2\/product\/30593","targetHints":{"allow":["GET"]}}],"collection":[{"href":"https:\/\/regalanimals.ch\/de\/wp-json\/wp\/v2\/product"}],"about":[{"href":"https:\/\/regalanimals.ch\/de\/wp-json\/wp\/v2\/types\/product"}],"replies":[{"embeddable":true,"href":"https:\/\/regalanimals.ch\/de\/wp-json\/wp\/v2\/comments?post=30593"}],"wp:featuredmedia":[{"embeddable":true,"href":"https:\/\/regalanimals.ch\/de\/wp-json\/wp\/v2\/media\/38125"}],"wp:attachment":[{"href":"https:\/\/regalanimals.ch\/de\/wp-json\/wp\/v2\/media?parent=30593"}],"wp:term":[{"taxonomy":"product_brand","embeddable":true,"href":"https:\/\/regalanimals.ch\/de\/wp-json\/wp\/v2\/product_brand?post=30593"},{"taxonomy":"product_cat","embeddable":true,"href":"https:\/\/regalanimals.ch\/de\/wp-json\/wp\/v2\/product_cat?post=30593"},{"taxonomy":"product_tag","embeddable":true,"href":"https:\/\/regalanimals.ch\/de\/wp-json\/wp\/v2\/product_tag?post=30593"}],"curies":[{"name":"wp","href":"https:\/\/api.w.org\/{rel}","templated":true}]}}