{"id":30672,"date":"2023-10-28T18:19:38","date_gmt":"2023-10-28T16:19:38","guid":{"rendered":"https:\/\/regalanimals.geekworkers.dev\/?post_type=product&#038;p=30672"},"modified":"2026-04-22T16:18:44","modified_gmt":"2026-04-22T14:18:44","slug":"friandises-lyophilisees-thon","status":"publish","type":"product","link":"https:\/\/regalanimals.ch\/de\/product\/friandises-lyophilisees-thon\/","title":{"rendered":"Lyophilisierte Thunfisch-S\u00fc\u00dfigkeiten"},"content":{"rendered":"<h2 data-start=\"325\" data-end=\"377\">Gefriergetrocknete Thunfisch-Kiwi-Leckerlis f\u00fcr Walker \ud83d\udc1f\ud83d\udc31\ud83d\udc36<\/h2>\n<h3 data-start=\"378\" data-end=\"447\">100 % nat\u00fcrliche Leckerlis f\u00fcr Hunde, Katzen und Frettchen \ud83c\udf3f<\/h3>\n<p data-start=\"449\" data-end=\"990\">Kiwi Walkers gefriergetrocknete Thunfisch-Leckerlis werden aus einer einzigen Zutat hergestellt: reinem Thunfisch in Lebensmittelqualit\u00e4t.<br data-start=\"599\" data-end=\"602\" \/>Dank der Gefriertrocknung bleiben alle N\u00e4hrwerte und der Geschmack von frischem Fisch erhalten.<br data-start=\"713\" data-end=\"716\" \/>Diese nat\u00fcrlichen Leckerlis enthalten keine Zusatzstoffe, Konservierungsmittel oder Getreide und sind daher f\u00fcr Hunde, Katzen und Frettchen gleicherma\u00dfen geeignet.<br data-start=\"856\" data-end=\"859\" \/>Sie stellen einen gesunden, schmackhaften und proteinreichen Snack dar, um Ihren Begleiter zu belohnen oder ihm einfach eine Freude zu machen.<\/p>\n<hr data-start=\"992\" data-end=\"995\" \/>\n<h2 data-start=\"997\" data-end=\"1059\">Ein Herstellungsverfahren, das Geschmack und N\u00e4hrstoffe erh\u00e4lt \ud83e\udd17<\/h2>\n<p data-start=\"1061\" data-end=\"1631\">Das Gefriertrocknungsverfahren, auch \u201cgefriergetrocknetes Rohfleisch\u201d genannt, besteht darin, den Thunfisch unter Vakuum bei sehr niedriger Temperatur zu trocknen.<br data-start=\"1179\" data-end=\"1182\" \/>Bei diesem Verfahren wird lediglich das Wasser entfernt, w\u00e4hrend Farbe, Textur und Aroma des frischen Produkts erhalten bleiben.<br data-start=\"1290\" data-end=\"1293\" \/>Somit bleiben bei jeder Auszeichnung der authentische Geschmack des Thunfischs und seine urspr\u00fcnglichen N\u00e4hrwerte erhalten.<br data-start=\"1394\" data-end=\"1397\" \/>Dar\u00fcber hinaus tr\u00e4gt diese schonende Methode dazu bei, alle Vitamine und essentiellen Fetts\u00e4uren zu erhalten, die nat\u00fcrlicherweise im Fisch vorkommen.<br data-start=\"1537\" data-end=\"1540\" \/>Das Ergebnis: ein knuspriger, leichter und leckerer Snack, den Tiere lieben.<\/p>\n<hr data-start=\"1633\" data-end=\"1636\" \/>\n<h2 data-start=\"445\" data-end=\"497\">Gefriergetrocknete Thunfisch-Kiwi-Leckerlis f\u00fcr Walker \ud83d\udc1f\ud83d\udc31\ud83d\udc36<\/h2>\n<h3 data-start=\"498\" data-end=\"567\">100 % nat\u00fcrliche Leckerlis f\u00fcr Hunde, Katzen und Frettchen \ud83c\udf3f<\/h3>\n<p data-start=\"569\" data-end=\"1128\">Kiwi Walkers gefriergetrocknete Thunfisch-Leckerlis werden nur aus einer Zutat hergestellt: reinem Thunfisch in einer f\u00fcr den menschlichen Verzehr geeigneten Qualit\u00e4t.<br data-start=\"712\" data-end=\"715\" \/>Dank der Gefriertrocknung bleiben alle N\u00e4hrwerte und der Geschmack von frischem Fisch erhalten.<br data-start=\"826\" data-end=\"829\" \/>Dar\u00fcber hinaus enthalten sie keine Zusatzstoffe, Konservierungsmittel oder Getreide und sind daher absolut gesund.<br data-start=\"939\" data-end=\"942\" \/>Daher eignen sich diese Leckerlis gleicherma\u00dfen f\u00fcr Hunde, Katzen und Frettchen.<br data-start=\"1023\" data-end=\"1026\" \/>Sie stellen daher einen idealen Snack dar, der sowohl schmackhaft und leicht als auch reich an nat\u00fcrlichen Proteinen ist.<\/p>\n<hr data-start=\"1130\" data-end=\"1133\" \/>\n<h2 data-start=\"1135\" data-end=\"1190\">Ein Herstellungsverfahren, das Geschmack und N\u00e4hrstoffe erh\u00e4lt \ud83e\udd17<\/h2>\n<p data-start=\"1192\" data-end=\"1798\">Das Gefriertrocknungsverfahren, auch \u201cgefriergetrocknetes Rohfleisch\u201d genannt, besteht darin, dem Thunfisch unter Vakuum bei sehr niedriger Temperatur das Wasser zu entziehen.<br data-start=\"1328\" data-end=\"1331\" \/>Diese schonende Behandlungsmethode erh\u00e4lt Farbe, Textur und Aroma des Fisches und bewahrt gleichzeitig seine essentiellen N\u00e4hrstoffe.<br data-start=\"1457\" data-end=\"1460\" \/>Dar\u00fcber hinaus bleiben beim Gefriertrocknen im Gegensatz zu herk\u00f6mmlichen Kochmethoden alle nat\u00fcrlichen Vitamine und Fetts\u00e4uren erhalten.<br data-start=\"1585\" data-end=\"1588\" \/>So beh\u00e4lt jede Leckerei den authentischen Geschmack von frischem Thunfisch \u2013 zur Freude Ihres Begleiters.<br data-start=\"1697\" data-end=\"1700\" \/>Kurz gesagt, es handelt sich um eine schonende Methode, die sowohl die Natur als auch die Bed\u00fcrfnisse Ihres Haustieres respektiert.<\/p>\n<hr data-start=\"1800\" data-end=\"1803\" \/>\n<h2 data-start=\"1805\" data-end=\"1856\">Reiner Thunfisch, gut f\u00fcr Ihre Gesundheit und Ihr Fell \ud83d\udc3e<\/h2>\n<p data-start=\"1858\" data-end=\"2407\">Thunfisch ist eine nat\u00fcrliche Quelle f\u00fcr Omega-3- und Omega-6-Fetts\u00e4uren, die gut f\u00fcr Haut, Fell und die allgemeine Vitalit\u00e4t sind.<br data-start=\"1966\" data-end=\"1969\" \/>Diese Leckerlis sind fettarm und sehr leicht verdaulich und eignen sich daher perfekt f\u00fcr empfindliche Tiere oder Tiere, die auf ihr Gewicht achten.<br data-start=\"2103\" data-end=\"2106\" \/>Dar\u00fcber hinaus unterst\u00fctzt ihr hoher Proteingehalt den Muskelaufbau und die t\u00e4gliche Energieversorgung.<br data-start=\"2200\" data-end=\"2203\" \/>Dadurch bieten sie Ihrem Begleiter eine gesunde, appetitliche und leicht verdauliche Belohnung.<br data-start=\"2306\" data-end=\"2309\" \/>Schlie\u00dflich macht sie ihr frischer Fischduft f\u00fcr Tiere mit einem ausgepr\u00e4gten Geruchssinn unwiderstehlich.<\/p>\n<hr data-start=\"2409\" data-end=\"2412\" \/>\n<h2 data-start=\"2414\" data-end=\"2441\">\ud83d\udc3e H\u00e4ufig gestellte Fragen<\/h2>\n<h3 data-start=\"2443\" data-end=\"2574\">\u2753 Noch unentschlossen? Hier finden Sie die Antworten auf die h\u00e4ufigsten Fragen zu Walker&#039;s Freeze-Dried Tuna Kiwi Treats.<\/h3>\n<h4 data-start=\"2576\" data-end=\"2626\">\u27a1\ufe0f Was ist eine gefriergetrocknete S\u00fc\u00dfigkeit?<\/h4>\n<p data-start=\"2627\" data-end=\"2896\">Bei gefriergetrockneten Leckereien handelt es sich um Lebensmittel, die kaltgetrocknet wurden, d. h. denen das Wasser ohne Kochen entzogen wurde.<br data-start=\"2719\" data-end=\"2722\" \/>Dieses einzigartige Verfahren tr\u00e4gt dazu bei, die Textur und den N\u00e4hrwert des Produkts zu erhalten.<br data-start=\"2810\" data-end=\"2813\" \/>Das Ergebnis ist daher ein nat\u00fcrlicher, knuspriger und leckerer Genuss.<\/p>\n<h4 data-start=\"2898\" data-end=\"2952\">\u27a1\ufe0f F\u00fcr welche Tiere sind diese Leckerlis geeignet?<\/h4>\n<p data-start=\"2953\" data-end=\"3220\">Diese Leckerlis eignen sich f\u00fcr alle fleischfressenden Tierarten: Hunde, Katzen und Frettchen.<br data-start=\"3037\" data-end=\"3040\" \/>Dank ihrer 100% nat\u00fcrlichen %-Zusammensetzung sind sie auch mit der BARF-Di\u00e4t kompatibel.<br data-start=\"3131\" data-end=\"3134\" \/>Dar\u00fcber hinaus lassen sie sich aufgrund ihrer leichten Textur auch f\u00fcr kleinere Tiere leicht zerkleinern.<\/p>\n<hr data-start=\"3222\" data-end=\"3225\" \/>\n<h2 data-start=\"3227\" data-end=\"3259\">\ud83d\udca6 Ratschl\u00e4ge von R\u00e9gal&#039;Animals \ud83d\udc9a<\/h2>\n<p data-start=\"3261\" data-end=\"3601\">Bieten Sie diese Leckereien als Belohnung oder als gesunden Snack an, immer zusammen mit einer Sch\u00fcssel frischem Wasser.<br data-start=\"3365\" data-end=\"3368\" \/>Sie k\u00f6nnen sie auch w\u00e4hrend des Trainings oder beim R\u00fcckruf einsetzen: Ihr nat\u00fcrlicher Thunfischduft macht sie zu einem unwiderstehlichen Motivator.<br data-start=\"3506\" data-end=\"3509\" \/>Zum Schluss bewahren Sie sie in ihrem luftdichten Beh\u00e4lter auf, um ihre Knusprigkeit und ihr Aroma zu erhalten \ud83d\udc9a<\/p>\n<hr data-start=\"3603\" data-end=\"3606\" \/>\n<h4 data-start=\"3608\" data-end=\"3686\">\u27a1\ufe0f Enthalten diese Leckereien Zusatzstoffe oder Konservierungsmittel?<\/h4>\n<p data-start=\"3687\" data-end=\"3874\">Nein, sie sind garantiert frei von k\u00fcnstlichen Aromen, Farbstoffen und Konservierungsmitteln.<br data-start=\"3775\" data-end=\"3778\" \/>Sie werden ausschlie\u00dflich aus Thunfisch hergestellt und nach den Standards f\u00fcr Lebensmittel f\u00fcr den menschlichen Verzehr verarbeitet.<\/p>\n<h4 data-start=\"3876\" data-end=\"3939\">\u27a1\ufe0f K\u00f6nnte mein Haustier gegen diese Leckerlis allergisch sein?<\/h4>\n<p data-start=\"3940\" data-end=\"4081\">Dies ist sehr selten, au\u00dfer in F\u00e4llen einer spezifischen Fischallergie.<br data-start=\"4002\" data-end=\"4005\" \/>Ihre einfache Zusammensetzung begrenzt das Risiko von Unvertr\u00e4glichkeiten erheblich.<\/p>\n<h4 data-start=\"4083\" data-end=\"4153\">\u27a1\ufe0f Sind diese Leckerlis f\u00fcr Welpen oder K\u00e4tzchen geeignet?<\/h4>\n<p data-start=\"4154\" data-end=\"4284\">Ja, sie k\u00f6nnen ab dem Abstillen gegeben werden.<br data-start=\"4201\" data-end=\"4204\" \/>F\u00fcr Jungtiere kann man sie zerbr\u00f6seln, damit sie leichter zu kauen sind.<\/p>\n<h4 data-start=\"4286\" data-end=\"4348\">\u27a1\ufe0f Wie bewahrt man gefriergetrocknete Thunfisch-Leckerlis auf?<\/h4>\n<p data-start=\"4349\" data-end=\"4531\">Verschlie\u00dfen Sie das Glas nach jedem Gebrauch fest und bewahren Sie es an einem k\u00fchlen, trockenen Ort auf.<br data-start=\"4435\" data-end=\"4438\" \/>Auf diese Weise behalten die Leckereien l\u00e4nger ihre knusprige Konsistenz und ihren nat\u00fcrlichen Geschmack.<\/p>\n<h4>Zusammensetzung<\/h4>\n<p>100 % Thunfisch<\/p>\n<h4>Analytische Bestandteile<\/h4>\n<p>Rohprotein: \u2265 68,7 %<br data-start=\"275\" data-end=\"278\" \/>Rohfettgehalt: \u2265 1 %<br data-start=\"309\" data-end=\"312\" \/>Rohfasern: \u2264 1,3 %<br data-start=\"335\" data-end=\"338\" \/>Mineralische Rohstoffe: \u2264 6,6 %<br data-start=\"373\" data-end=\"376\" \/>Luftfeuchtigkeit: \u2264 1,6 %<\/p>\n<p>&nbsp;<\/p>\n<p><a href=\"https:\/\/regalanimals.ch\/de\/product\/peau-de-cerf-30cm-a-ronger\/\">Vorschlag f\u00fcr ihn<\/a><\/p>","protected":false},"excerpt":{"rendered":"<p>Friandises Lyophilis\u00e9es Thon Kiwi Walker \ud83d\udc1f\ud83d\udc31\ud83d\udc36 Des g\u00e2teries 100 % naturelles pour chiens, chats et furets \ud83c\udf3f Les Friandises Lyophilis\u00e9es Thon de Kiwi Walker sont con\u00e7ues \u00e0 partir d\u2019un seul ingr\u00e9dient : du thon pur, de qualit\u00e9 propre \u00e0 la consommation humaine.Gr\u00e2ce \u00e0 la lyophilisation, elles conservent toutes les qualit\u00e9s nutritionnelles et gustatives du poisson [&hellip;]<\/p>\n","protected":false},"featured_media":39863,"comment_status":"open","ping_status":"closed","template":"","meta":[],"product_brand":[],"product_cat":[89,24,333,213,197,224],"product_tag":[],"class_list":{"0":"post-30672","1":"product","2":"type-product","3":"status-publish","4":"has-post-thumbnail","6":"product_cat-chats","7":"product_cat-chiens","8":"product_cat-friandises-furet","9":"product_cat-friandises-pour-chats","10":"product_cat-friandises-pour-chiens","11":"product_cat-promotions","13":"first","14":"instock","15":"sale","16":"taxable","17":"shipping-taxable","18":"purchasable","19":"product-type-variable"},"yoast_head":"<!-- This site is optimized with the Yoast SEO Premium plugin v27.5 (Yoast SEO v27.5) - https:\/\/yoast.com\/product\/yoast-seo-premium-wordpress\/ -->\n<title>Friandises Lyophilis\u00e9es Thon, la p\u00e9pite de poisson pour carnivores<\/title>\n<meta name=\"description\" content=\"Que ce soit pour chiens, chats ou furets, les Friandises Lyophilis\u00e9es Thon sont des g\u00e2teries 100 % naturelles, savoureuses et riches en prot\u00e9ines.\" \/>\n<meta name=\"robots\" content=\"index, follow, max-snippet:-1, max-image-preview:large, max-video-preview:-1\" \/>\n<link rel=\"canonical\" href=\"https:\/\/regalanimals.ch\/de\/product\/friandises-lyophilisees-thon\/\" \/>\n<meta property=\"og:locale\" content=\"de_DE\" \/>\n<meta property=\"og:type\" content=\"article\" \/>\n<meta property=\"og:title\" content=\"Friandises Lyophilis\u00e9es Thon\" \/>\n<meta property=\"og:description\" content=\"Que ce soit pour chiens, chats ou furets, les Friandises Lyophilis\u00e9es Thon sont des g\u00e2teries 100 % naturelles, savoureuses et riches en prot\u00e9ines.\" \/>\n<meta property=\"og:url\" content=\"https:\/\/regalanimals.ch\/de\/product\/friandises-lyophilisees-thon\/\" \/>\n<meta property=\"og:site_name\" content=\"R\u00e9gal&#039;Animals\" \/>\n<meta property=\"article:modified_time\" content=\"2026-04-22T14:18:44+00:00\" \/>\n<meta property=\"og:image\" content=\"https:\/\/regalanimals.ch\/wp-content\/uploads\/2025\/11\/Friandises-Lyophilisees-Thon.webp\" \/>\n\t<meta property=\"og:image:width\" content=\"940\" \/>\n\t<meta property=\"og:image:height\" content=\"788\" \/>\n\t<meta property=\"og:image:type\" content=\"image\/webp\" \/>\n<meta name=\"twitter:card\" content=\"summary_large_image\" \/>\n<meta name=\"twitter:label1\" content=\"Gesch\u00e4tzte Lesezeit\" \/>\n\t<meta name=\"twitter:data1\" content=\"5\u00a0Minuten\" \/>\n<script type=\"application\/ld+json\" class=\"yoast-schema-graph\">{\"@context\":\"https:\\\/\\\/schema.org\",\"@graph\":[{\"@type\":\"WebPage\",\"@id\":\"https:\\\/\\\/regalanimals.ch\\\/product\\\/friandises-lyophilisees-thon\\\/\",\"url\":\"https:\\\/\\\/regalanimals.ch\\\/product\\\/friandises-lyophilisees-thon\\\/\",\"name\":\"Friandises Lyophilis\u00e9es Thon, la p\u00e9pite de poisson pour carnivores\",\"isPartOf\":{\"@id\":\"https:\\\/\\\/regalanimals.ch\\\/#website\"},\"primaryImageOfPage\":{\"@id\":\"https:\\\/\\\/regalanimals.ch\\\/product\\\/friandises-lyophilisees-thon\\\/#primaryimage\"},\"image\":{\"@id\":\"https:\\\/\\\/regalanimals.ch\\\/product\\\/friandises-lyophilisees-thon\\\/#primaryimage\"},\"thumbnailUrl\":\"https:\\\/\\\/regalanimals.ch\\\/wp-content\\\/uploads\\\/2025\\\/11\\\/Friandises-Lyophilisees-Thon.webp\",\"datePublished\":\"2023-10-28T16:19:38+00:00\",\"dateModified\":\"2026-04-22T14:18:44+00:00\",\"description\":\"Que ce soit pour chiens, chats ou furets, les Friandises Lyophilis\u00e9es Thon sont des g\u00e2teries 100 % naturelles, savoureuses et riches en prot\u00e9ines.\",\"breadcrumb\":{\"@id\":\"https:\\\/\\\/regalanimals.ch\\\/product\\\/friandises-lyophilisees-thon\\\/#breadcrumb\"},\"inLanguage\":\"de\",\"potentialAction\":[{\"@type\":\"ReadAction\",\"target\":[\"https:\\\/\\\/regalanimals.ch\\\/product\\\/friandises-lyophilisees-thon\\\/\"]}]},{\"@type\":\"ImageObject\",\"inLanguage\":\"de\",\"@id\":\"https:\\\/\\\/regalanimals.ch\\\/product\\\/friandises-lyophilisees-thon\\\/#primaryimage\",\"url\":\"https:\\\/\\\/regalanimals.ch\\\/wp-content\\\/uploads\\\/2025\\\/11\\\/Friandises-Lyophilisees-Thon.webp\",\"contentUrl\":\"https:\\\/\\\/regalanimals.ch\\\/wp-content\\\/uploads\\\/2025\\\/11\\\/Friandises-Lyophilisees-Thon.webp\",\"width\":940,\"height\":788,\"caption\":\"Friandises Lyophilis\u00e9es Thon Kiwi Walker \u2013 G\u00e2teries 100 % naturelles pour chiens, chats et furets.\"},{\"@type\":\"BreadcrumbList\",\"@id\":\"https:\\\/\\\/regalanimals.ch\\\/product\\\/friandises-lyophilisees-thon\\\/#breadcrumb\",\"itemListElement\":[{\"@type\":\"ListItem\",\"position\":1,\"name\":\"Home\",\"item\":\"https:\\\/\\\/regalanimals.ch\\\/\"},{\"@type\":\"ListItem\",\"position\":2,\"name\":\"Boutique\",\"item\":\"https:\\\/\\\/regalanimals.ch\\\/shop\\\/\"},{\"@type\":\"ListItem\",\"position\":3,\"name\":\"Friandises Lyophilis\u00e9es Thon\"}]},{\"@type\":\"WebSite\",\"@id\":\"https:\\\/\\\/regalanimals.ch\\\/#website\",\"url\":\"https:\\\/\\\/regalanimals.ch\\\/\",\"name\":\"R\u00e9gal Animals\",\"description\":\"Alimentation et articles de qualit\u00e9 pour chats, chiens et furets\",\"publisher\":{\"@id\":\"https:\\\/\\\/regalanimals.ch\\\/#organization\"},\"potentialAction\":[{\"@type\":\"SearchAction\",\"target\":{\"@type\":\"EntryPoint\",\"urlTemplate\":\"https:\\\/\\\/regalanimals.ch\\\/?s={search_term_string}\"},\"query-input\":{\"@type\":\"PropertyValueSpecification\",\"valueRequired\":true,\"valueName\":\"search_term_string\"}}],\"inLanguage\":\"de\"},{\"@type\":\"Organization\",\"@id\":\"https:\\\/\\\/regalanimals.ch\\\/#organization\",\"name\":\"R\u00e9gal Animals\",\"url\":\"https:\\\/\\\/regalanimals.ch\\\/\",\"logo\":{\"@type\":\"ImageObject\",\"inLanguage\":\"de\",\"@id\":\"https:\\\/\\\/regalanimals.ch\\\/#\\\/schema\\\/logo\\\/image\\\/\",\"url\":\"https:\\\/\\\/regalanimals.ch\\\/wp-content\\\/uploads\\\/2025\\\/04\\\/cropped-Logo-site-e1744634610403-1.webp\",\"contentUrl\":\"https:\\\/\\\/regalanimals.ch\\\/wp-content\\\/uploads\\\/2025\\\/04\\\/cropped-Logo-site-e1744634610403-1.webp\",\"width\":512,\"height\":512,\"caption\":\"R\u00e9gal Animals\"},\"image\":{\"@id\":\"https:\\\/\\\/regalanimals.ch\\\/#\\\/schema\\\/logo\\\/image\\\/\"}}]}<\/script>\n<!-- \/ Yoast SEO Premium plugin. -->","yoast_head_json":{"title":"Gefriergetrocknete Thunfisch-Leckerlis, die Fischdelikatesse f\u00fcr Fleischfresser","description":"Ob f\u00fcr Hunde, Katzen oder Frettchen \u2013 gefriergetrocknete Thunfisch-Leckerlis sind 100% nat\u00fcrliche, schmackhafte und proteinreiche Leckerlis.","robots":{"index":"index","follow":"follow","max-snippet":"max-snippet:-1","max-image-preview":"max-image-preview:large","max-video-preview":"max-video-preview:-1"},"canonical":"https:\/\/regalanimals.ch\/de\/product\/friandises-lyophilisees-thon\/","og_locale":"de_DE","og_type":"article","og_title":"Friandises Lyophilis\u00e9es Thon","og_description":"Que ce soit pour chiens, chats ou furets, les Friandises Lyophilis\u00e9es Thon sont des g\u00e2teries 100 % naturelles, savoureuses et riches en prot\u00e9ines.","og_url":"https:\/\/regalanimals.ch\/de\/product\/friandises-lyophilisees-thon\/","og_site_name":"R\u00e9gal&#039;Animals","article_modified_time":"2026-04-22T14:18:44+00:00","og_image":[{"width":940,"height":788,"url":"https:\/\/regalanimals.ch\/wp-content\/uploads\/2025\/11\/Friandises-Lyophilisees-Thon.webp","type":"image\/webp"}],"twitter_card":"summary_large_image","twitter_misc":{"Gesch\u00e4tzte Lesezeit":"5\u00a0Minuten"},"schema":{"@context":"https:\/\/schema.org","@graph":[{"@type":"WebPage","@id":"https:\/\/regalanimals.ch\/product\/friandises-lyophilisees-thon\/","url":"https:\/\/regalanimals.ch\/product\/friandises-lyophilisees-thon\/","name":"Gefriergetrocknete Thunfisch-Leckerlis, die Fischdelikatesse f\u00fcr Fleischfresser","isPartOf":{"@id":"https:\/\/regalanimals.ch\/#website"},"primaryImageOfPage":{"@id":"https:\/\/regalanimals.ch\/product\/friandises-lyophilisees-thon\/#primaryimage"},"image":{"@id":"https:\/\/regalanimals.ch\/product\/friandises-lyophilisees-thon\/#primaryimage"},"thumbnailUrl":"https:\/\/regalanimals.ch\/wp-content\/uploads\/2025\/11\/Friandises-Lyophilisees-Thon.webp","datePublished":"2023-10-28T16:19:38+00:00","dateModified":"2026-04-22T14:18:44+00:00","description":"Ob f\u00fcr Hunde, Katzen oder Frettchen \u2013 gefriergetrocknete Thunfisch-Leckerlis sind 100% nat\u00fcrliche, schmackhafte und proteinreiche Leckerlis.","breadcrumb":{"@id":"https:\/\/regalanimals.ch\/product\/friandises-lyophilisees-thon\/#breadcrumb"},"inLanguage":"de","potentialAction":[{"@type":"ReadAction","target":["https:\/\/regalanimals.ch\/product\/friandises-lyophilisees-thon\/"]}]},{"@type":"ImageObject","inLanguage":"de","@id":"https:\/\/regalanimals.ch\/product\/friandises-lyophilisees-thon\/#primaryimage","url":"https:\/\/regalanimals.ch\/wp-content\/uploads\/2025\/11\/Friandises-Lyophilisees-Thon.webp","contentUrl":"https:\/\/regalanimals.ch\/wp-content\/uploads\/2025\/11\/Friandises-Lyophilisees-Thon.webp","width":940,"height":788,"caption":"Friandises Lyophilis\u00e9es Thon Kiwi Walker \u2013 G\u00e2teries 100 % naturelles pour chiens, chats et furets."},{"@type":"BreadcrumbList","@id":"https:\/\/regalanimals.ch\/product\/friandises-lyophilisees-thon\/#breadcrumb","itemListElement":[{"@type":"ListItem","position":1,"name":"Home","item":"https:\/\/regalanimals.ch\/"},{"@type":"ListItem","position":2,"name":"Boutique","item":"https:\/\/regalanimals.ch\/shop\/"},{"@type":"ListItem","position":3,"name":"Friandises Lyophilis\u00e9es Thon"}]},{"@type":"WebSite","@id":"https:\/\/regalanimals.ch\/#website","url":"https:\/\/regalanimals.ch\/","name":"Tierfest","description":"Hochwertiges Futter und Zubeh\u00f6r f\u00fcr Katzen, Hunde und Frettchen","publisher":{"@id":"https:\/\/regalanimals.ch\/#organization"},"potentialAction":[{"@type":"SearchAction","target":{"@type":"EntryPoint","urlTemplate":"https:\/\/regalanimals.ch\/?s={search_term_string}"},"query-input":{"@type":"PropertyValueSpecification","valueRequired":true,"valueName":"search_term_string"}}],"inLanguage":"de"},{"@type":"Organization","@id":"https:\/\/regalanimals.ch\/#organization","name":"Tierfest","url":"https:\/\/regalanimals.ch\/","logo":{"@type":"ImageObject","inLanguage":"de","@id":"https:\/\/regalanimals.ch\/#\/schema\/logo\/image\/","url":"https:\/\/regalanimals.ch\/wp-content\/uploads\/2025\/04\/cropped-Logo-site-e1744634610403-1.webp","contentUrl":"https:\/\/regalanimals.ch\/wp-content\/uploads\/2025\/04\/cropped-Logo-site-e1744634610403-1.webp","width":512,"height":512,"caption":"R\u00e9gal Animals"},"image":{"@id":"https:\/\/regalanimals.ch\/#\/schema\/logo\/image\/"}}]}},"_links":{"self":[{"href":"https:\/\/regalanimals.ch\/de\/wp-json\/wp\/v2\/product\/30672","targetHints":{"allow":["GET"]}}],"collection":[{"href":"https:\/\/regalanimals.ch\/de\/wp-json\/wp\/v2\/product"}],"about":[{"href":"https:\/\/regalanimals.ch\/de\/wp-json\/wp\/v2\/types\/product"}],"replies":[{"embeddable":true,"href":"https:\/\/regalanimals.ch\/de\/wp-json\/wp\/v2\/comments?post=30672"}],"wp:featuredmedia":[{"embeddable":true,"href":"https:\/\/regalanimals.ch\/de\/wp-json\/wp\/v2\/media\/39863"}],"wp:attachment":[{"href":"https:\/\/regalanimals.ch\/de\/wp-json\/wp\/v2\/media?parent=30672"}],"wp:term":[{"taxonomy":"product_brand","embeddable":true,"href":"https:\/\/regalanimals.ch\/de\/wp-json\/wp\/v2\/product_brand?post=30672"},{"taxonomy":"product_cat","embeddable":true,"href":"https:\/\/regalanimals.ch\/de\/wp-json\/wp\/v2\/product_cat?post=30672"},{"taxonomy":"product_tag","embeddable":true,"href":"https:\/\/regalanimals.ch\/de\/wp-json\/wp\/v2\/product_tag?post=30672"}],"curies":[{"name":"wp","href":"https:\/\/api.w.org\/{rel}","templated":true}]}}