{"id":30677,"date":"2023-10-28T18:28:35","date_gmt":"2023-10-28T16:28:35","guid":{"rendered":"https:\/\/regalanimals.geekworkers.dev\/?post_type=product&#038;p=30677"},"modified":"2026-03-22T11:25:02","modified_gmt":"2026-03-22T10:25:02","slug":"pack-friandises-bidoche","status":"publish","type":"product","link":"https:\/\/regalanimals.ch\/de\/product\/pack-friandises-bidoche\/","title":{"rendered":"S\u00fc\u00dfigkeiten-Pack Bidoche"},"content":{"rendered":"<h2 data-start=\"801\" data-end=\"838\"><strong data-start=\"801\" data-end=\"833\">Fleischleckerli-Packung \ud83d\udc36\ud83d\ude3a<\/strong><\/h2>\n<h3 data-start=\"840\" data-end=\"899\">Eine Gourmet-Auswahl f\u00fcr abwechslungsreichen Genuss!<\/h3>\n<p data-start=\"901\" data-end=\"1232\">Das Bidoche Leckerli-Set ist ideal, um Ihrem Haustier Abwechslung zu bieten. Dieses Sortiment enth\u00e4lt f\u00fcnf Gl\u00e4ser mit gefriergetrockneten Fleischleckerlis: Huhn, H\u00fchnerleber, Rind, Ente und Kaninchen. So haben Sie immer die Wahl, Ihren kleinen Fleischfresser zu verw\u00f6hnen und gleichzeitig seinen nat\u00fcrlichen Vorlieben gerecht zu werden.<\/p>\n<hr data-start=\"1234\" data-end=\"1237\" \/>\n<h2 data-start=\"1239\" data-end=\"1285\"><strong data-start=\"1239\" data-end=\"1283\">Reines Fleisch, einfach gefriergetrocknet \ud83d\udc4f<\/strong><\/h2>\n<p data-start=\"1287\" data-end=\"1735\">Durch Gefriertrocknung wird Wasser entzogen, w\u00e4hrend N\u00e4hrstoffe, Geschmack und Textur des frischen Futters erhalten bleiben. Dank dieses schonenden Verfahrens enthalten diese Leckerlis keine Konservierungs- oder Zusatzstoffe. Jedes Glas im Bidoche-Pack liefert eine nat\u00fcrliche Proteinquelle, die f\u00fcr die Vitalit\u00e4t von Hunden, Katzen und Frettchen unerl\u00e4sslich ist. Dieses Sortiment ist daher ideal, um ihnen eine einfache, saubere und nahrhafte Belohnung zu bieten.<\/p>\n<hr data-start=\"1737\" data-end=\"1740\" \/>\n<h2 data-start=\"1742\" data-end=\"1787\"><strong data-start=\"1742\" data-end=\"1785\">Mit Kiwi Walker Leckerlis hast du immer eine Belohnung parat \ud83e\udd17<\/strong><\/h2>\n<p data-start=\"1789\" data-end=\"2203\">Die richtigen Leckerlis f\u00fcr Ihre Haustiere auszuw\u00e4hlen, ist wichtig. Die Bidoche Leckerlis-Packung liefert hochwertiges Protein ohne Zuckerzusatz f\u00fcr einen Moment des kontrollierten Genusses. Allerdings enthalten diese Leckerlis, auch in gefriergetrocknetem Zustand, zus\u00e4tzliche Kalorien. Daher sollten Sie dies ber\u00fccksichtigen, um eine Gewichtszunahme zu vermeiden, insbesondere wenn Ihr Haustier zu \u00fcberm\u00e4\u00dfigem Fressen neigt.<\/p>\n<hr data-start=\"2205\" data-end=\"2208\" \/>\n<h2 data-start=\"2210\" data-end=\"2259\"><strong data-start=\"2210\" data-end=\"2257\">Ein Paket f\u00fcr alle Fleischfresser \ud83d\udc36\ud83d\ude3a<\/strong><\/h2>\n<p data-start=\"2261\" data-end=\"2662\">Ob Hund, Katze oder Frettchen \u2013 diese proteinreichen Leckerlis decken perfekt den nat\u00fcrlichen Bedarf Ihres Haustiers. Tiere lieben sie: Einfach das Glas sch\u00fctteln, und schon kommen sie angerannt. Mit f\u00fcnf verschiedenen Sorten bietet das Bidoche Leckerli-Set eine gro\u00dfe Auswahl zu einem erschwinglichen Preis \u2013 f\u00fcr gemeinsame Momente und nat\u00fcrliche Belohnungen.<\/p>\n<h2><strong data-start=\"3247\" data-end=\"3273\">H\u00e4ufig gestellte Fragen<\/strong>\ud83d\udc3e<\/h2>\n<h3><span style=\"font-size: 16px;\">\u00a0<\/span>\u2753 Noch unentschlossen? Hier finden Sie die Antworten auf die am h\u00e4ufigsten gestellten Fragen zum Bidoche Treats Pack.<\/h3>\n<h4 data-start=\"803\" data-end=\"871\">\u27a1\ufe0f <strong data-start=\"806\" data-end=\"866\">F\u00fcr welche Tiere ist das Bidoche Leckerli-Paket geeignet?<\/strong><\/h4>\n<p data-start=\"873\" data-end=\"1213\">Diese Packung eignet sich f\u00fcr Hunde, Katzen und Frettchen. Da sie ausschlie\u00dflich gefriergetrocknetes Fleisch enth\u00e4lt, respektiert sie den nat\u00fcrlichen Fleischfressinstinkt jedes Tieres. Katzen lieben die leichten, knusprigen St\u00fcckchen, w\u00e4hrend Hunde die Geschmacksvielfalt sch\u00e4tzen. Frettchen wiederum lieben die Leckerlis aus 100 % Fleisch.<\/p>\n<h4 data-start=\"1215\" data-end=\"1269\">\u27a1\ufe0f <strong data-start=\"1218\" data-end=\"1264\">Welche Vorteile bietet eine gemischte Packung?<\/strong><\/h4>\n<p data-start=\"1271\" data-end=\"1531\">Eine Auswahl verschiedener Sorten beugt Geschmackserm\u00fcdung vor. Au\u00dferdem bietet sie die M\u00f6glichkeit, mehrere Geschmacksrichtungen zu probieren, ohne f\u00fcnf einzelne Gl\u00e4ser kaufen zu m\u00fcssen. Dar\u00fcber hinaus k\u00f6nnen Sie die Fleischsorten je nach Vorliebe Ihres Haustieres variieren.<\/p>\n<h4 data-start=\"1533\" data-end=\"1606\">\u27a1\ufe0f <strong data-start=\"1536\" data-end=\"1601\">Sind gefriergetrocknete S\u00fc\u00dfigkeiten gesund?<\/strong><\/h4>\n<p data-start=\"1608\" data-end=\"1886\">Ja, denn sie bestehen zu 100 % aus Fleisch. Durch die Gefriertrocknung bleiben N\u00e4hrstoffe, Textur und Geschmack ohne jegliche Zusatzstoffe erhalten. Diese Leckerlis liefern vor allem Protein, das f\u00fcr Energie, Muskelaufbau und allgemeines Wohlbefinden unerl\u00e4sslich ist.<\/p>\n<h4 data-start=\"1888\" data-end=\"1959\">\u27a1\ufe0f <strong data-start=\"1891\" data-end=\"1954\">Kann ich diese Leckerlis auch Welpen oder K\u00e4tzchen geben?<\/strong><\/h4>\n<p data-start=\"1961\" data-end=\"2212\">Ja, diese Leckerlis sind f\u00fcr Jungtiere geeignet, wenn sie in kleinen Mengen verf\u00fcttert werden. Sie sind leicht zu kauen und ihre einfache Zusammensetzung verringert das Risiko von Unvertr\u00e4glichkeiten. F\u00fchren Sie sie schrittweise ein, um die Verdauung zu schonen.<\/p>\n<hr data-start=\"2214\" data-end=\"2217\" \/>\n<h2 data-start=\"4242\" data-end=\"4271\">\ud83d\udca6 R\u00e9gal&#039;Animals Beratung<\/h2>\n<p data-start=\"2254\" data-end=\"2663\">Die Leckerli-Packung mit Fleisch ist ideal zum Training oder zur Belohnung von gutem Verhalten. Sie k\u00f6nnen auch ein kleines St\u00fcckchen \u00fcber das Futter eines w\u00e4hlerischen Fressers streuen, um seinen Appetit anzuregen. Der Wechsel zwischen verschiedenen Fleischsorten sorgt f\u00fcr Abwechslung und bietet vielf\u00e4ltige Belohnungen, ohne es zu \u00fcbertreiben. Ihr Liebling wird sowohl den Geschmack als auch Ihre Aufmerksamkeit zu sch\u00e4tzen wissen \ud83d\udc9a<\/p>\n<hr data-start=\"2665\" data-end=\"2668\" \/>\n<h4 data-start=\"2670\" data-end=\"2724\">\u27a1\ufe0f <strong data-start=\"2673\" data-end=\"2719\">Wie bewahrt man Gl\u00e4ser mit S\u00fc\u00dfigkeiten auf?<\/strong><\/h4>\n<p data-start=\"2726\" data-end=\"2946\">Die Bonbongl\u00e4ser sollten k\u00fchl und trocken gelagert werden. Nach jedem Gebrauch gut verschlie\u00dfen. So bleiben die S\u00fc\u00dfigkeiten auch mehrere Wochen nach dem \u00d6ffnen locker, knusprig und lecker.<\/p>\n<h4 data-start=\"2948\" data-end=\"3015\">\u27a1\ufe0f <strong data-start=\"2951\" data-end=\"3010\">K\u00f6nnen diese Leckerlis bei meinem Haustier zu einer Gewichtszunahme f\u00fchren?<\/strong><\/h4>\n<p data-start=\"3017\" data-end=\"3253\">Wie alle Leckerlis liefern sie zus\u00e4tzliche Kalorien. Daher ist es wichtig, sie in die Gesamtern\u00e4hrung Ihres Haustieres einzubeziehen. Passen Sie die Menge an Gr\u00f6\u00dfe, Alter und Aktivit\u00e4tsniveau Ihres Tieres an, um eine Gewichtszunahme zu vermeiden.<\/p>\n<h4 data-start=\"3255\" data-end=\"3300\">\u27a1\ufe0f <strong data-start=\"3258\" data-end=\"3295\">Wie viel sollte ich pro Tag geben?<\/strong><\/h4>\n<p data-start=\"3302\" data-end=\"3530\">Eine Handvoll gen\u00fcgt den meisten Tieren. F\u00fcr einen Welpen, eine Katze oder ein Frettchen reichen ein paar Leckerlis pro Tag v\u00f6llig aus. Bei einem gr\u00f6\u00dferen Hund sollte die Menge angepasst werden, jedoch nicht mehr als 10 % der t\u00e4glichen Futterration.<\/p>\n<h4 data-start=\"3532\" data-end=\"3612\">\u27a1\ufe0f <strong data-start=\"3535\" data-end=\"3607\">Kann ich Kiwi Walker Leckerlis mit Trockenfutter oder Nassfutter mischen?<\/strong><\/h4>\n<p data-start=\"3614\" data-end=\"3825\">Ja, und das ist tats\u00e4chlich eine hervorragende Idee. Zerbr\u00f6selte Leckerlis verst\u00e4rken den Duft des Essens und wecken das Interesse von w\u00e4hlerischen Essern. Ganze St\u00fccke eignen sich auch als Belohnung zwischendurch.<\/p>\n<h4 data-start=\"283\" data-end=\"301\">Zusammensetzung<\/h4>\n<p data-start=\"302\" data-end=\"366\">100 % Fleisch<br data-start=\"314\" data-end=\"317\" \/>Huhn<br data-start=\"323\" data-end=\"326\" \/>Rindfleisch<br data-start=\"330\" data-end=\"333\" \/>Ente<br data-start=\"339\" data-end=\"342\" \/>H\u00fchnerleber<br data-start=\"356\" data-end=\"359\" \/>Kaninchen<\/p>\n<h4 data-start=\"302\" data-end=\"366\">Analytische Bestandteile<\/h4>\n<p data-start=\"406\" data-end=\"554\">Rindfleisch<br data-start=\"410\" data-end=\"413\" \/>Rohprotein: 79,8 %<br data-start=\"438\" data-end=\"441\" \/>Rohfett: 13,2 g\/L<br data-start=\"473\" data-end=\"476\" \/>Mineralische Rohstoffe: 4,7 %<br data-start=\"509\" data-end=\"512\" \/>Rohfasern: 0,4 %<br data-start=\"533\" data-end=\"536\" \/>Luftfeuchtigkeit: 6,3 %<\/p>\n<p data-start=\"556\" data-end=\"703\">Kaninchen<br data-start=\"561\" data-end=\"564\" \/>Rohprotein: 44,6 %<br data-start=\"589\" data-end=\"592\" \/>Rohfett: 36,4 g\/L<br data-start=\"624\" data-end=\"627\" \/>Mineralische Rohstoffe: 9,8 %<br data-start=\"660\" data-end=\"663\" \/>Rohfasern: 1 %<br data-start=\"682\" data-end=\"685\" \/>Luftfeuchtigkeit: 3,4 %<\/p>\n<p data-start=\"705\" data-end=\"854\">Huhn<br data-start=\"711\" data-end=\"714\" \/>Rohprotein: 85,7 %<br data-start=\"739\" data-end=\"742\" \/>Rohfett: 8,6 %<br data-start=\"773\" data-end=\"776\" \/>Mineralische Rohstoffe: 4,8 %<br data-start=\"809\" data-end=\"812\" \/>Rohfasern: 0,3 %<br data-start=\"833\" data-end=\"836\" \/>Luftfeuchtigkeit: 0,8 %<\/p>\n<p data-start=\"856\" data-end=\"1014\">H\u00fchnerleber<br data-start=\"870\" data-end=\"873\" \/>Rohprotein: \u2265 60 %<br data-start=\"898\" data-end=\"901\" \/>Rohfettgehalt: \u2265 20 %<br data-start=\"933\" data-end=\"936\" \/>Rohfasern: \u2264 1 %<br data-start=\"957\" data-end=\"960\" \/>Mineralische Rohstoffe: \u2264 6 %<br data-start=\"993\" data-end=\"996\" \/>Luftfeuchtigkeit: \u2264 6 %<\/p>\n<p data-start=\"1016\" data-end=\"1165\">Ente<br data-start=\"1022\" data-end=\"1025\" \/>Rohprotein: \u2265 80 %<br data-start=\"1050\" data-end=\"1053\" \/>Rohfettgehalt: \u2265 5 %<br data-start=\"1084\" data-end=\"1087\" \/>Rohfasern: \u2264 1 %<br data-start=\"1108\" data-end=\"1111\" \/>Mineralische Rohstoffe: \u2264 6 %<br data-start=\"1144\" data-end=\"1147\" \/>Luftfeuchtigkeit: \u2264 6 %<\/p>\n<p>&nbsp;<\/p>\n<p><a href=\"https:\/\/regalanimals.ch\/de\/product\/pack-friandises-poiscaille\/\">Vorschlag f\u00fcr ihn<\/a><\/p>","protected":false},"excerpt":{"rendered":"<p>Pack Friandises Bidoche \ud83d\udc36\ud83d\ude3a Un assortiment gourmand pour varier les plaisirs ! Le Pack Friandises Bidoche est parfait pour offrir de la diversit\u00e9 \u00e0 votre compagnon. Cet assortiment contient cinq pots de friandises lyophilis\u00e9es 100 % viande : poulet, foie de poulet, b\u0153uf, canard et lapin. Ainsi, vous avez toujours du choix pour r\u00e9compenser votre [&hellip;]<\/p>\n","protected":false},"featured_media":38140,"comment_status":"open","ping_status":"closed","template":"","meta":[],"product_brand":[],"product_cat":[89,24,333,213,197,90],"product_tag":[],"class_list":{"0":"post-30677","1":"product","2":"type-product","3":"status-publish","4":"has-post-thumbnail","6":"product_cat-chats","7":"product_cat-chiens","8":"product_cat-friandises-furet","9":"product_cat-friandises-pour-chats","10":"product_cat-friandises-pour-chiens","11":"product_cat-furets","13":"first","14":"instock","15":"taxable","16":"shipping-taxable","17":"purchasable","18":"product-type-simple"},"yoast_head":"<!-- This site is optimized with the Yoast SEO Premium plugin v27.5 (Yoast SEO v27.5) - https:\/\/yoast.com\/product\/yoast-seo-premium-wordpress\/ -->\n<title>Pack Friandises Bidoche, un assortiment gourmand !<\/title>\n<meta name=\"description\" content=\"Pour chiens, chats et m\u00eame furets, le Pack Friandises Bidoche offre cinq pots de gourmandises lyophilis\u00e9es pour varier les plaisirs chaque jour.\" \/>\n<meta name=\"robots\" content=\"index, follow, max-snippet:-1, max-image-preview:large, max-video-preview:-1\" \/>\n<link rel=\"canonical\" href=\"https:\/\/regalanimals.ch\/de\/product\/pack-friandises-bidoche\/\" \/>\n<meta property=\"og:locale\" content=\"de_DE\" \/>\n<meta property=\"og:type\" content=\"article\" \/>\n<meta property=\"og:title\" content=\"Pack Friandises Bidoche\" \/>\n<meta property=\"og:description\" content=\"Pour chiens, chats et m\u00eame furets, le Pack Friandises Bidoche offre cinq pots de gourmandises lyophilis\u00e9es pour varier les plaisirs chaque jour.\" \/>\n<meta property=\"og:url\" content=\"https:\/\/regalanimals.ch\/de\/product\/pack-friandises-bidoche\/\" \/>\n<meta property=\"og:site_name\" content=\"R\u00e9gal&#039;Animals\" \/>\n<meta property=\"article:modified_time\" content=\"2026-03-22T10:25:02+00:00\" \/>\n<meta property=\"og:image\" content=\"https:\/\/regalanimals.ch\/wp-content\/uploads\/2025\/08\/Pack-friandises-lyophilisees-bidoche.webp\" \/>\n\t<meta property=\"og:image:width\" content=\"940\" \/>\n\t<meta property=\"og:image:height\" content=\"788\" \/>\n\t<meta property=\"og:image:type\" content=\"image\/webp\" \/>\n<meta name=\"twitter:card\" content=\"summary_large_image\" \/>\n<meta name=\"twitter:label1\" content=\"Gesch\u00e4tzte Lesezeit\" \/>\n\t<meta name=\"twitter:data1\" content=\"5\u00a0Minuten\" \/>\n<script type=\"application\/ld+json\" class=\"yoast-schema-graph\">{\"@context\":\"https:\\\/\\\/schema.org\",\"@graph\":[{\"@type\":\"WebPage\",\"@id\":\"https:\\\/\\\/regalanimals.ch\\\/product\\\/pack-friandises-bidoche\\\/\",\"url\":\"https:\\\/\\\/regalanimals.ch\\\/product\\\/pack-friandises-bidoche\\\/\",\"name\":\"Pack Friandises Bidoche, un assortiment gourmand !\",\"isPartOf\":{\"@id\":\"https:\\\/\\\/regalanimals.ch\\\/#website\"},\"primaryImageOfPage\":{\"@id\":\"https:\\\/\\\/regalanimals.ch\\\/product\\\/pack-friandises-bidoche\\\/#primaryimage\"},\"image\":{\"@id\":\"https:\\\/\\\/regalanimals.ch\\\/product\\\/pack-friandises-bidoche\\\/#primaryimage\"},\"thumbnailUrl\":\"https:\\\/\\\/regalanimals.ch\\\/wp-content\\\/uploads\\\/2025\\\/08\\\/Pack-friandises-lyophilisees-bidoche.webp\",\"datePublished\":\"2023-10-28T16:28:35+00:00\",\"dateModified\":\"2026-03-22T10:25:02+00:00\",\"description\":\"Pour chiens, chats et m\u00eame furets, le Pack Friandises Bidoche offre cinq pots de gourmandises lyophilis\u00e9es pour varier les plaisirs chaque jour.\",\"breadcrumb\":{\"@id\":\"https:\\\/\\\/regalanimals.ch\\\/product\\\/pack-friandises-bidoche\\\/#breadcrumb\"},\"inLanguage\":\"de\",\"potentialAction\":[{\"@type\":\"ReadAction\",\"target\":[\"https:\\\/\\\/regalanimals.ch\\\/product\\\/pack-friandises-bidoche\\\/\"]}]},{\"@type\":\"ImageObject\",\"inLanguage\":\"de\",\"@id\":\"https:\\\/\\\/regalanimals.ch\\\/product\\\/pack-friandises-bidoche\\\/#primaryimage\",\"url\":\"https:\\\/\\\/regalanimals.ch\\\/wp-content\\\/uploads\\\/2025\\\/08\\\/Pack-friandises-lyophilisees-bidoche.webp\",\"contentUrl\":\"https:\\\/\\\/regalanimals.ch\\\/wp-content\\\/uploads\\\/2025\\\/08\\\/Pack-friandises-lyophilisees-bidoche.webp\",\"width\":940,\"height\":788,\"caption\":\"Pack Friandises Bidoche \u2013 5 pots assortis\"},{\"@type\":\"BreadcrumbList\",\"@id\":\"https:\\\/\\\/regalanimals.ch\\\/product\\\/pack-friandises-bidoche\\\/#breadcrumb\",\"itemListElement\":[{\"@type\":\"ListItem\",\"position\":1,\"name\":\"Home\",\"item\":\"https:\\\/\\\/regalanimals.ch\\\/\"},{\"@type\":\"ListItem\",\"position\":2,\"name\":\"Boutique\",\"item\":\"https:\\\/\\\/regalanimals.ch\\\/shop\\\/\"},{\"@type\":\"ListItem\",\"position\":3,\"name\":\"Pack Friandises Bidoche\"}]},{\"@type\":\"WebSite\",\"@id\":\"https:\\\/\\\/regalanimals.ch\\\/#website\",\"url\":\"https:\\\/\\\/regalanimals.ch\\\/\",\"name\":\"R\u00e9gal Animals\",\"description\":\"Alimentation et articles de qualit\u00e9 pour chats, chiens et furets\",\"publisher\":{\"@id\":\"https:\\\/\\\/regalanimals.ch\\\/#organization\"},\"potentialAction\":[{\"@type\":\"SearchAction\",\"target\":{\"@type\":\"EntryPoint\",\"urlTemplate\":\"https:\\\/\\\/regalanimals.ch\\\/?s={search_term_string}\"},\"query-input\":{\"@type\":\"PropertyValueSpecification\",\"valueRequired\":true,\"valueName\":\"search_term_string\"}}],\"inLanguage\":\"de\"},{\"@type\":\"Organization\",\"@id\":\"https:\\\/\\\/regalanimals.ch\\\/#organization\",\"name\":\"R\u00e9gal Animals\",\"url\":\"https:\\\/\\\/regalanimals.ch\\\/\",\"logo\":{\"@type\":\"ImageObject\",\"inLanguage\":\"de\",\"@id\":\"https:\\\/\\\/regalanimals.ch\\\/#\\\/schema\\\/logo\\\/image\\\/\",\"url\":\"https:\\\/\\\/regalanimals.ch\\\/wp-content\\\/uploads\\\/2025\\\/04\\\/cropped-Logo-site-e1744634610403-1.webp\",\"contentUrl\":\"https:\\\/\\\/regalanimals.ch\\\/wp-content\\\/uploads\\\/2025\\\/04\\\/cropped-Logo-site-e1744634610403-1.webp\",\"width\":512,\"height\":512,\"caption\":\"R\u00e9gal Animals\"},\"image\":{\"@id\":\"https:\\\/\\\/regalanimals.ch\\\/#\\\/schema\\\/logo\\\/image\\\/\"}}]}<\/script>\n<!-- \/ Yoast SEO Premium plugin. -->","yoast_head_json":{"title":"Bidoche Treats Pack, eine Gourmet-Auswahl!","description":"F\u00fcr Hunde, Katzen und sogar Frettchen bietet das Bidoche Treats Pack f\u00fcnf Gl\u00e4ser mit gefriergetrockneten Leckerlis, um den Genuss jeden Tag aufs Neue zu gestalten.","robots":{"index":"index","follow":"follow","max-snippet":"max-snippet:-1","max-image-preview":"max-image-preview:large","max-video-preview":"max-video-preview:-1"},"canonical":"https:\/\/regalanimals.ch\/de\/product\/pack-friandises-bidoche\/","og_locale":"de_DE","og_type":"article","og_title":"Pack Friandises Bidoche","og_description":"Pour chiens, chats et m\u00eame furets, le Pack Friandises Bidoche offre cinq pots de gourmandises lyophilis\u00e9es pour varier les plaisirs chaque jour.","og_url":"https:\/\/regalanimals.ch\/de\/product\/pack-friandises-bidoche\/","og_site_name":"R\u00e9gal&#039;Animals","article_modified_time":"2026-03-22T10:25:02+00:00","og_image":[{"width":940,"height":788,"url":"https:\/\/regalanimals.ch\/wp-content\/uploads\/2025\/08\/Pack-friandises-lyophilisees-bidoche.webp","type":"image\/webp"}],"twitter_card":"summary_large_image","twitter_misc":{"Gesch\u00e4tzte Lesezeit":"5\u00a0Minuten"},"schema":{"@context":"https:\/\/schema.org","@graph":[{"@type":"WebPage","@id":"https:\/\/regalanimals.ch\/product\/pack-friandises-bidoche\/","url":"https:\/\/regalanimals.ch\/product\/pack-friandises-bidoche\/","name":"Bidoche Treats Pack, eine Gourmet-Auswahl!","isPartOf":{"@id":"https:\/\/regalanimals.ch\/#website"},"primaryImageOfPage":{"@id":"https:\/\/regalanimals.ch\/product\/pack-friandises-bidoche\/#primaryimage"},"image":{"@id":"https:\/\/regalanimals.ch\/product\/pack-friandises-bidoche\/#primaryimage"},"thumbnailUrl":"https:\/\/regalanimals.ch\/wp-content\/uploads\/2025\/08\/Pack-friandises-lyophilisees-bidoche.webp","datePublished":"2023-10-28T16:28:35+00:00","dateModified":"2026-03-22T10:25:02+00:00","description":"F\u00fcr Hunde, Katzen und sogar Frettchen bietet das Bidoche Treats Pack f\u00fcnf Gl\u00e4ser mit gefriergetrockneten Leckerlis, um den Genuss jeden Tag aufs Neue zu gestalten.","breadcrumb":{"@id":"https:\/\/regalanimals.ch\/product\/pack-friandises-bidoche\/#breadcrumb"},"inLanguage":"de","potentialAction":[{"@type":"ReadAction","target":["https:\/\/regalanimals.ch\/product\/pack-friandises-bidoche\/"]}]},{"@type":"ImageObject","inLanguage":"de","@id":"https:\/\/regalanimals.ch\/product\/pack-friandises-bidoche\/#primaryimage","url":"https:\/\/regalanimals.ch\/wp-content\/uploads\/2025\/08\/Pack-friandises-lyophilisees-bidoche.webp","contentUrl":"https:\/\/regalanimals.ch\/wp-content\/uploads\/2025\/08\/Pack-friandises-lyophilisees-bidoche.webp","width":940,"height":788,"caption":"Pack Friandises Bidoche \u2013 5 pots assortis"},{"@type":"BreadcrumbList","@id":"https:\/\/regalanimals.ch\/product\/pack-friandises-bidoche\/#breadcrumb","itemListElement":[{"@type":"ListItem","position":1,"name":"Home","item":"https:\/\/regalanimals.ch\/"},{"@type":"ListItem","position":2,"name":"Boutique","item":"https:\/\/regalanimals.ch\/shop\/"},{"@type":"ListItem","position":3,"name":"Pack Friandises Bidoche"}]},{"@type":"WebSite","@id":"https:\/\/regalanimals.ch\/#website","url":"https:\/\/regalanimals.ch\/","name":"Tierfest","description":"Hochwertiges Futter und Zubeh\u00f6r f\u00fcr Katzen, Hunde und Frettchen","publisher":{"@id":"https:\/\/regalanimals.ch\/#organization"},"potentialAction":[{"@type":"SearchAction","target":{"@type":"EntryPoint","urlTemplate":"https:\/\/regalanimals.ch\/?s={search_term_string}"},"query-input":{"@type":"PropertyValueSpecification","valueRequired":true,"valueName":"search_term_string"}}],"inLanguage":"de"},{"@type":"Organization","@id":"https:\/\/regalanimals.ch\/#organization","name":"Tierfest","url":"https:\/\/regalanimals.ch\/","logo":{"@type":"ImageObject","inLanguage":"de","@id":"https:\/\/regalanimals.ch\/#\/schema\/logo\/image\/","url":"https:\/\/regalanimals.ch\/wp-content\/uploads\/2025\/04\/cropped-Logo-site-e1744634610403-1.webp","contentUrl":"https:\/\/regalanimals.ch\/wp-content\/uploads\/2025\/04\/cropped-Logo-site-e1744634610403-1.webp","width":512,"height":512,"caption":"R\u00e9gal Animals"},"image":{"@id":"https:\/\/regalanimals.ch\/#\/schema\/logo\/image\/"}}]}},"_links":{"self":[{"href":"https:\/\/regalanimals.ch\/de\/wp-json\/wp\/v2\/product\/30677","targetHints":{"allow":["GET"]}}],"collection":[{"href":"https:\/\/regalanimals.ch\/de\/wp-json\/wp\/v2\/product"}],"about":[{"href":"https:\/\/regalanimals.ch\/de\/wp-json\/wp\/v2\/types\/product"}],"replies":[{"embeddable":true,"href":"https:\/\/regalanimals.ch\/de\/wp-json\/wp\/v2\/comments?post=30677"}],"wp:featuredmedia":[{"embeddable":true,"href":"https:\/\/regalanimals.ch\/de\/wp-json\/wp\/v2\/media\/38140"}],"wp:attachment":[{"href":"https:\/\/regalanimals.ch\/de\/wp-json\/wp\/v2\/media?parent=30677"}],"wp:term":[{"taxonomy":"product_brand","embeddable":true,"href":"https:\/\/regalanimals.ch\/de\/wp-json\/wp\/v2\/product_brand?post=30677"},{"taxonomy":"product_cat","embeddable":true,"href":"https:\/\/regalanimals.ch\/de\/wp-json\/wp\/v2\/product_cat?post=30677"},{"taxonomy":"product_tag","embeddable":true,"href":"https:\/\/regalanimals.ch\/de\/wp-json\/wp\/v2\/product_tag?post=30677"}],"curies":[{"name":"wp","href":"https:\/\/api.w.org\/{rel}","templated":true}]}}