{"id":30679,"date":"2023-10-28T18:45:41","date_gmt":"2023-10-28T16:45:41","guid":{"rendered":"https:\/\/regalanimals.geekworkers.dev\/?post_type=product&#038;p=30679"},"modified":"2026-03-31T11:26:13","modified_gmt":"2026-03-31T09:26:13","slug":"pack-machouille-super-resistant","status":"publish","type":"product","link":"https:\/\/regalanimals.ch\/de\/product\/pack-machouille-super-resistant\/","title":{"rendered":"Superstarke Kauleiste Pack"},"content":{"rendered":"<h2 data-start=\"2867\" data-end=\"2893\">Superresistente Kaupackung \ud83d\udc36<\/h2>\n<p data-start=\"2867\" data-end=\"2893\">Das Super Resistant Chew Pack ist eine Auswahl von 5 robusten Leckerlis, speziell entwickelt f\u00fcr Hunde, die gerne lange und intensiv kauen. Dieses Set bietet von Anfang an feste Kauartikel, die den nat\u00fcrlichen Kauinstinkt von kr\u00e4ftigen Kauern befriedigen. Ihr Hund entdeckt strapazierf\u00e4hige Texturen, die seinen Instinkten dauerhaft stimulieren, und genie\u00dft gleichzeitig nat\u00fcrliche Leckerlis, die sowohl Aktivit\u00e4t als auch Ausdauer f\u00f6rdern.<\/p>\n<h3 data-start=\"2867\" data-end=\"2893\">Packungsinhalt und Gebrauchsanweisung \ud83d\udd0e<\/h3>\n<p data-start=\"2867\" data-end=\"2893\">Jede Packung \u201eSuper Resistant Chew\u201c enth\u00e4lt eine Auswahl an nat\u00fcrlichen Leckerlis mit fester, haltbarer Konsistenz. Daher k\u00f6nnen Form und Aussehen des Inhalts je nach nat\u00fcrlicher Herkunft der Produkte leicht variieren. Tipp: Geben Sie Ihrem Tier immer nur ein Leckerli gleichzeitig, um intensiveres Kauen zu f\u00f6rdern.<\/p>\n<table>\n<thead>\n<tr>\n<th>Artikel<\/th>\n<th>Menge<\/th>\n<th>Rohprotein<\/th>\n<th>Rohfette<\/th>\n<th>Rohfasern<\/th>\n<th>Rohstoffe<\/th>\n<th>Luftfeuchtigkeit<\/th>\n<\/tr>\n<\/thead>\n<tbody>\n<tr>\n<td>Rinderohren<\/td>\n<td>\u00d7 2<\/td>\n<td>89,2 %<\/td>\n<td>3,3 %<\/td>\n<td>0,5 %<\/td>\n<td>3,6 %<\/td>\n<td>\u2014<\/td>\n<\/tr>\n<tr>\n<td>20 cm Rindersehne<\/td>\n<td>\u00d7 2<\/td>\n<td>86,0 %<\/td>\n<td>3,0 %<\/td>\n<td>\u2014<\/td>\n<td>\u2014<\/td>\n<td>8,5 %<\/td>\n<\/tr>\n<tr>\n<td>Rinderhuf<\/td>\n<td>\u00d7 2<\/td>\n<td>85\u201390 %<\/td>\n<td>1\u20133 %<\/td>\n<td>\u2014<\/td>\n<td>1\u20134 %<\/td>\n<td>10\u201312 %<\/td>\n<\/tr>\n<tr>\n<td>Rindertrachea 25\/30 cm<\/td>\n<td>\u00d7 1<\/td>\n<td>60\u201370 %<\/td>\n<td>5\u201310 %<\/td>\n<td>\u2014<\/td>\n<td>\u2014<\/td>\n<td>8\u201310 %<\/td>\n<\/tr>\n<tr>\n<td>Ochsenschwanz 20\/30 cm<\/td>\n<td>\u00d7 1<\/td>\n<td>75\u201380 %<\/td>\n<td>10\u201315 %<\/td>\n<td>\u2014<\/td>\n<td>\u2014<\/td>\n<td>5\u201310 %<\/td>\n<\/tr>\n<\/tbody>\n<\/table>\n<p data-start=\"2867\" data-end=\"2893\">Ihr Hund sollte beim Kauen stets Zugang zu frischem Wasser haben, um fit zu bleiben. Wie bei allen robusten Kauspielzeugen ist Aufsicht unerl\u00e4sslich. Entfernen Sie das Leckerli, sobald es zu klein wird, um ein sicheres Kauen zu gew\u00e4hrleisten.<\/p>\n<h2 data-start=\"2867\" data-end=\"2893\">F\u00fcr welche Hunderasse ist es geeignet und welches Kauverm\u00f6gen hat sie? \ud83c\udfaf<\/h2>\n<p data-start=\"2867\" data-end=\"2893\">Dieses besonders robuste Kauspielzeug-Set ist vor allem f\u00fcr erwachsene Hunde und Welpen gedacht, die bereits ans Kauen gew\u00f6hnt sind. Es eignet sich auch ideal f\u00fcr kr\u00e4ftige oder sehr aktive Hunde, die nach Leckerlis suchen, die intensivem Kauen standhalten. Jedes einzelne Kauspielzeug hilft zudem, Energie abzubauen und die Konzentration auf eine gesunde Aktivit\u00e4t zu f\u00f6rdern. So bleibt Ihr Hund l\u00e4nger besch\u00e4ftigt und aufmerksam.<\/p>\n<h2 data-start=\"2867\" data-end=\"2893\">Wie kann man kr\u00e4ftiges Kauen sicher unterst\u00fctzen? \ud83e\udde1<\/h2>\n<p data-start=\"2867\" data-end=\"2893\">Es wird empfohlen, nur alle 24 Stunden ein Leckerli anzubieten, um das Kauverhalten zu regulieren. So kann der Hund die Intensit\u00e4t des Kauens allm\u00e4hlich steigern, ohne \u00fcberm\u00e4\u00dfig aufgeregt zu werden. Diese einfache Methode f\u00f6rdert somit ruhigeres Kauen und reduziert Verhaltensweisen, die mit \u00fcberm\u00e4\u00dfig schnellem oder unkontrolliertem Kauen einhergehen.<\/p>\n<h2 data-start=\"2867\" data-end=\"2893\">Kraftvolle und pr\u00e4gende Momente \ud83e\udde9<\/h2>\n<p data-start=\"2867\" data-end=\"2893\">Die Leckerlis im Super Resistant Chew Pack bieten langanhaltenden Kauspa\u00df und f\u00f6rdern gleichzeitig die Ruhe. Ihre Haltbarkeit regt den Kauinstinkt an und sorgt f\u00fcr echte Befriedigung. So tragen diese Leckerlis zum allgemeinen Wohlbefinden bei und helfen, stress- oder langweilungsbedingtes Verhalten zu reduzieren. Nach und nach wird das Kauen zu einer stabilen, lohnenden und strukturierten Aktivit\u00e4t f\u00fcr den Hund.<\/p>\n<h3 data-start=\"2867\" data-end=\"2893\">H\u00e4ufig gestellte Fragen zum Super Resistant Chew Pack<\/h3>\n<p data-start=\"2867\" data-end=\"2893\">Hier finden Sie Antworten auf die am h\u00e4ufigsten gestellten Fragen zur Verwendung, zur verst\u00e4rkten Kauwirkung, zur Sicherheit und zu den Vorteilen des Super Resistant Chew Packs.<\/p>\n<h4 data-start=\"2987\" data-end=\"3067\">\u27a1\ufe0f Sind die Leckerlis in dieser Packung f\u00fcr Hunde mit starkem Kaudrang geeignet?<\/h4>\n<p data-start=\"3068\" data-end=\"3243\">Ja, das Super Resistant Chew Pack wurde speziell f\u00fcr Hunde entwickelt, die gerne und intensiv kauen. Erstens verl\u00e4ngert die feste, strapazierf\u00e4hige Textur das Kauvergn\u00fcgen auf nat\u00fcrliche Weise. Zweitens befriedigen diese Kauspielzeuge selbst die eifrigsten Kauer und bieten ihnen gleichzeitig eine langanhaltende und strukturierte Besch\u00e4ftigung.<\/p>\n<h4 data-start=\"3245\" data-end=\"3311\">\u27a1\ufe0f Sind diese Leckerlis f\u00fcr sensible Hunde geeignet?<\/h4>\n<p data-start=\"3312\" data-end=\"3552\">Diese Leckerlis k\u00f6nnen f\u00fcr manche sensible Hunde geeignet sein, vorausgesetzt, man gew\u00f6hnt sie langsam ans Kauen. Manche Leckerlis sind n\u00e4mlich widerstandsf\u00e4higer als andere. Daher empfiehlt es sich, mit dem einfachsten Produkt zu beginnen und die Auswahl dann dem Kautempo und den F\u00e4higkeiten des Hundes anzupassen.<\/p>\n<hr data-start=\"3554\" data-end=\"3557\" \/>\n<h2 data-start=\"3559\" data-end=\"3591\">\ud83d\udca6 Ratschl\u00e4ge von R\u00e9gal&#039;Animals \ud83d\udc9a<\/h2>\n<p data-start=\"3592\" data-end=\"4014\">Bieten Sie jedes Leckerli einzeln an, um ein langsames und kontrolliertes Kauen zu f\u00f6rdern. So lernt Ihr Hund, seine Anstrengung einzuteilen und l\u00e4nger zu kauen, ohne schnell zu erm\u00fcden. Um das Erlebnis noch abwechslungsreicher zu gestalten, k\u00f6nnen Sie einige Leckerlis auch im Haus oder Garten verstecken, um seinen Geruchssinn und seine nat\u00fcrlichen Instinkte anzuregen. Auf diese Weise wird das Kauen zu einer ganzheitlichen Aktivit\u00e4t, die geistige Anregung, Erkundung und Befriedigung vereint.<\/p>\n<hr data-start=\"4016\" data-end=\"4019\" \/>\n<h4 data-start=\"4021\" data-end=\"4074\">\u27a1\ufe0f Sind die Leckerlis in dieser Packung sicher?<\/h4>\n<p data-start=\"4075\" data-end=\"4427\">Ja, die Leckerlis im Super Resistant Chew Pack sind 100 % nat\u00fcrlich und enthalten keine Chemikalien oder k\u00fcnstlichen Zusatzstoffe. Wir w\u00e4hlen jedes Kauprodukt sorgf\u00e4ltig aus, um zuverl\u00e4ssige Haltbarkeit und sicheres Kauvergn\u00fcgen zu gew\u00e4hrleisten. Dar\u00fcber hinaus minimiert ihre nat\u00fcrliche Form das Risiko eines pl\u00f6tzlichen Bruchs. So hat Ihr Hund lange Freude daran und ist gleichzeitig sicher.<\/p>\n<h4 data-start=\"4429\" data-end=\"4502\">\u27a1\ufe0f Sind nat\u00fcrliche Leckerlis besser f\u00fcr meinen Hund?<\/h4>\n<p data-start=\"4503\" data-end=\"4779\">Ja, nat\u00fcrliche Leckerlis bieten echte Vorteile. Erstens f\u00f6rdert ihre einfache Zusammensetzung ohne Zusatz- und Konservierungsstoffe eine stabilere Verdauung. Zweitens unterst\u00fctzt regelm\u00e4\u00dfiges Kauen die Zahnhygiene. Somit tragen diese Kauartikel wesentlich zum allgemeinen Wohlbefinden des Hundes bei, sowohl k\u00f6rperlich als auch verhaltensm\u00e4\u00dfig.<\/p>\n<h4 data-start=\"4939\" data-end=\"4970\"><\/h4>\n<p><a href=\"https:\/\/regalanimals.ch\/de\/product\/oreilles-boeuf-a-ronger\/\">Vorschlag f\u00fcr ihn<\/a><\/p>","protected":false},"excerpt":{"rendered":"<p>Pack M\u00e2chouille Super R\u00e9sistant \ud83d\udc36 Le Pack M\u00e2chouille Super R\u00e9sistant est une s\u00e9lection de 5 friandises robustes sp\u00e9cialement con\u00e7ues pour les chiens qui aiment m\u00e2cher longtemps et avec intensit\u00e9. D\u00e8s le d\u00e9part, ce pack propose des articles \u00e0 ronger fermes qui r\u00e9pondent au besoin naturel de mastication des m\u00e2cheurs puissants. Ainsi, ton chien d\u00e9couvre des [&hellip;]<\/p>\n","protected":false},"featured_media":40134,"menu_order":0,"comment_status":"open","ping_status":"closed","template":"","meta":[],"product_brand":[],"product_cat":[231,24],"product_tag":[],"class_list":{"0":"post-30679","1":"product","2":"type-product","3":"status-publish","4":"has-post-thumbnail","6":"product_cat-a-ronger","7":"product_cat-chiens","9":"first","10":"instock","11":"taxable","12":"shipping-taxable","13":"purchasable","14":"product-type-simple"},"yoast_head":"<!-- This site is optimized with the Yoast SEO Premium plugin v27.3 (Yoast SEO v27.3) - https:\/\/yoast.com\/product\/yoast-seo-premium-wordpress\/ -->\n<title>Pack M\u00e2chouille Super R\u00e9sistant pour un plaisir de ronger durable<\/title>\n<meta name=\"description\" content=\"Un choix id\u00e9al pour votre chien avec le Pack M\u00e2chouille Super R\u00e9sistant, qui lui offre un vrai moment de mastication savoureux.\" \/>\n<meta name=\"robots\" content=\"index, follow, max-snippet:-1, max-image-preview:large, max-video-preview:-1\" \/>\n<link rel=\"canonical\" href=\"https:\/\/regalanimals.ch\/de\/product\/pack-machouille-super-resistant\/\" \/>\n<meta property=\"og:locale\" content=\"de_DE\" \/>\n<meta property=\"og:type\" content=\"article\" \/>\n<meta property=\"og:title\" content=\"Pack M\u00e2chouille Super R\u00e9sistant\" \/>\n<meta property=\"og:description\" content=\"Un choix id\u00e9al pour votre chien avec le Pack M\u00e2chouille Super R\u00e9sistant, qui lui offre un vrai moment de mastication savoureux.\" \/>\n<meta property=\"og:url\" content=\"https:\/\/regalanimals.ch\/de\/product\/pack-machouille-super-resistant\/\" \/>\n<meta property=\"og:site_name\" content=\"R\u00e9gal&#039;Animals\" \/>\n<meta property=\"article:modified_time\" content=\"2026-03-31T09:26:13+00:00\" \/>\n<meta property=\"og:image\" content=\"https:\/\/regalanimals.ch\/wp-content\/uploads\/2023\/10\/Pack-Machouille-Super-Resistant.webp\" \/>\n\t<meta property=\"og:image:width\" content=\"940\" \/>\n\t<meta property=\"og:image:height\" content=\"788\" \/>\n\t<meta property=\"og:image:type\" content=\"image\/webp\" \/>\n<meta name=\"twitter:card\" content=\"summary_large_image\" \/>\n<meta name=\"twitter:label1\" content=\"Gesch\u00e4tzte Lesezeit\" \/>\n\t<meta name=\"twitter:data1\" content=\"5\u00a0Minuten\" \/>\n<script type=\"application\/ld+json\" class=\"yoast-schema-graph\">{\"@context\":\"https:\\\/\\\/schema.org\",\"@graph\":[{\"@type\":\"WebPage\",\"@id\":\"https:\\\/\\\/regalanimals.ch\\\/product\\\/pack-machouille-super-resistant\\\/\",\"url\":\"https:\\\/\\\/regalanimals.ch\\\/product\\\/pack-machouille-super-resistant\\\/\",\"name\":\"Pack M\u00e2chouille Super R\u00e9sistant pour un plaisir de ronger durable\",\"isPartOf\":{\"@id\":\"https:\\\/\\\/regalanimals.ch\\\/#website\"},\"primaryImageOfPage\":{\"@id\":\"https:\\\/\\\/regalanimals.ch\\\/product\\\/pack-machouille-super-resistant\\\/#primaryimage\"},\"image\":{\"@id\":\"https:\\\/\\\/regalanimals.ch\\\/product\\\/pack-machouille-super-resistant\\\/#primaryimage\"},\"thumbnailUrl\":\"https:\\\/\\\/regalanimals.ch\\\/wp-content\\\/uploads\\\/2023\\\/10\\\/Pack-Machouille-Super-Resistant.webp\",\"datePublished\":\"2023-10-28T16:45:41+00:00\",\"dateModified\":\"2026-03-31T09:26:13+00:00\",\"description\":\"Un choix id\u00e9al pour votre chien avec le Pack M\u00e2chouille Super R\u00e9sistant, qui lui offre un vrai moment de mastication savoureux.\",\"breadcrumb\":{\"@id\":\"https:\\\/\\\/regalanimals.ch\\\/product\\\/pack-machouille-super-resistant\\\/#breadcrumb\"},\"inLanguage\":\"de\",\"potentialAction\":[{\"@type\":\"ReadAction\",\"target\":[\"https:\\\/\\\/regalanimals.ch\\\/product\\\/pack-machouille-super-resistant\\\/\"]}]},{\"@type\":\"ImageObject\",\"inLanguage\":\"de\",\"@id\":\"https:\\\/\\\/regalanimals.ch\\\/product\\\/pack-machouille-super-resistant\\\/#primaryimage\",\"url\":\"https:\\\/\\\/regalanimals.ch\\\/wp-content\\\/uploads\\\/2023\\\/10\\\/Pack-Machouille-Super-Resistant.webp\",\"contentUrl\":\"https:\\\/\\\/regalanimals.ch\\\/wp-content\\\/uploads\\\/2023\\\/10\\\/Pack-Machouille-Super-Resistant.webp\",\"width\":940,\"height\":788,\"caption\":\"Pack Machouille Super R\u00e9sistant \u2013 assortiment d\u2019articles \u00e0 ronger naturels.\"},{\"@type\":\"BreadcrumbList\",\"@id\":\"https:\\\/\\\/regalanimals.ch\\\/product\\\/pack-machouille-super-resistant\\\/#breadcrumb\",\"itemListElement\":[{\"@type\":\"ListItem\",\"position\":1,\"name\":\"Home\",\"item\":\"https:\\\/\\\/regalanimals.ch\\\/\"},{\"@type\":\"ListItem\",\"position\":2,\"name\":\"Boutique\",\"item\":\"https:\\\/\\\/regalanimals.ch\\\/shop\\\/\"},{\"@type\":\"ListItem\",\"position\":3,\"name\":\"Pack M\u00e2chouille Super R\u00e9sistant\"}]},{\"@type\":\"WebSite\",\"@id\":\"https:\\\/\\\/regalanimals.ch\\\/#website\",\"url\":\"https:\\\/\\\/regalanimals.ch\\\/\",\"name\":\"R\u00e9gal Animals\",\"description\":\"Alimentation et articles de qualit\u00e9 pour chats, chiens et furets\",\"publisher\":{\"@id\":\"https:\\\/\\\/regalanimals.ch\\\/#organization\"},\"potentialAction\":[{\"@type\":\"SearchAction\",\"target\":{\"@type\":\"EntryPoint\",\"urlTemplate\":\"https:\\\/\\\/regalanimals.ch\\\/?s={search_term_string}\"},\"query-input\":{\"@type\":\"PropertyValueSpecification\",\"valueRequired\":true,\"valueName\":\"search_term_string\"}}],\"inLanguage\":\"de\"},{\"@type\":\"Organization\",\"@id\":\"https:\\\/\\\/regalanimals.ch\\\/#organization\",\"name\":\"R\u00e9gal Animals\",\"url\":\"https:\\\/\\\/regalanimals.ch\\\/\",\"logo\":{\"@type\":\"ImageObject\",\"inLanguage\":\"de\",\"@id\":\"https:\\\/\\\/regalanimals.ch\\\/#\\\/schema\\\/logo\\\/image\\\/\",\"url\":\"https:\\\/\\\/regalanimals.ch\\\/wp-content\\\/uploads\\\/2025\\\/04\\\/cropped-Logo-site-e1744634610403-1.webp\",\"contentUrl\":\"https:\\\/\\\/regalanimals.ch\\\/wp-content\\\/uploads\\\/2025\\\/04\\\/cropped-Logo-site-e1744634610403-1.webp\",\"width\":512,\"height\":512,\"caption\":\"R\u00e9gal Animals\"},\"image\":{\"@id\":\"https:\\\/\\\/regalanimals.ch\\\/#\\\/schema\\\/logo\\\/image\\\/\"}}]}<\/script>\n<!-- \/ Yoast SEO Premium plugin. -->","yoast_head_json":{"title":"Superresistentes Kauspielzeug f\u00fcr langanhaltenden Kauspa\u00df","description":"Mit dem Super Resistant Chew Pack ist es die ideale Wahl f\u00fcr Ihren Hund und bietet ihm ein wahrhaft schmackhaftes Kauerlebnis.","robots":{"index":"index","follow":"follow","max-snippet":"max-snippet:-1","max-image-preview":"max-image-preview:large","max-video-preview":"max-video-preview:-1"},"canonical":"https:\/\/regalanimals.ch\/de\/product\/pack-machouille-super-resistant\/","og_locale":"de_DE","og_type":"article","og_title":"Pack M\u00e2chouille Super R\u00e9sistant","og_description":"Un choix id\u00e9al pour votre chien avec le Pack M\u00e2chouille Super R\u00e9sistant, qui lui offre un vrai moment de mastication savoureux.","og_url":"https:\/\/regalanimals.ch\/de\/product\/pack-machouille-super-resistant\/","og_site_name":"R\u00e9gal&#039;Animals","article_modified_time":"2026-03-31T09:26:13+00:00","og_image":[{"width":940,"height":788,"url":"https:\/\/regalanimals.ch\/wp-content\/uploads\/2023\/10\/Pack-Machouille-Super-Resistant.webp","type":"image\/webp"}],"twitter_card":"summary_large_image","twitter_misc":{"Gesch\u00e4tzte Lesezeit":"5\u00a0Minuten"},"schema":{"@context":"https:\/\/schema.org","@graph":[{"@type":"WebPage","@id":"https:\/\/regalanimals.ch\/product\/pack-machouille-super-resistant\/","url":"https:\/\/regalanimals.ch\/product\/pack-machouille-super-resistant\/","name":"Superresistentes Kauspielzeug f\u00fcr langanhaltenden Kauspa\u00df","isPartOf":{"@id":"https:\/\/regalanimals.ch\/#website"},"primaryImageOfPage":{"@id":"https:\/\/regalanimals.ch\/product\/pack-machouille-super-resistant\/#primaryimage"},"image":{"@id":"https:\/\/regalanimals.ch\/product\/pack-machouille-super-resistant\/#primaryimage"},"thumbnailUrl":"https:\/\/regalanimals.ch\/wp-content\/uploads\/2023\/10\/Pack-Machouille-Super-Resistant.webp","datePublished":"2023-10-28T16:45:41+00:00","dateModified":"2026-03-31T09:26:13+00:00","description":"Mit dem Super Resistant Chew Pack ist es die ideale Wahl f\u00fcr Ihren Hund und bietet ihm ein wahrhaft schmackhaftes Kauerlebnis.","breadcrumb":{"@id":"https:\/\/regalanimals.ch\/product\/pack-machouille-super-resistant\/#breadcrumb"},"inLanguage":"de","potentialAction":[{"@type":"ReadAction","target":["https:\/\/regalanimals.ch\/product\/pack-machouille-super-resistant\/"]}]},{"@type":"ImageObject","inLanguage":"de","@id":"https:\/\/regalanimals.ch\/product\/pack-machouille-super-resistant\/#primaryimage","url":"https:\/\/regalanimals.ch\/wp-content\/uploads\/2023\/10\/Pack-Machouille-Super-Resistant.webp","contentUrl":"https:\/\/regalanimals.ch\/wp-content\/uploads\/2023\/10\/Pack-Machouille-Super-Resistant.webp","width":940,"height":788,"caption":"Pack Machouille Super R\u00e9sistant \u2013 assortiment d\u2019articles \u00e0 ronger naturels."},{"@type":"BreadcrumbList","@id":"https:\/\/regalanimals.ch\/product\/pack-machouille-super-resistant\/#breadcrumb","itemListElement":[{"@type":"ListItem","position":1,"name":"Home","item":"https:\/\/regalanimals.ch\/"},{"@type":"ListItem","position":2,"name":"Boutique","item":"https:\/\/regalanimals.ch\/shop\/"},{"@type":"ListItem","position":3,"name":"Pack M\u00e2chouille Super R\u00e9sistant"}]},{"@type":"WebSite","@id":"https:\/\/regalanimals.ch\/#website","url":"https:\/\/regalanimals.ch\/","name":"Tierfest","description":"Hochwertiges Futter und Zubeh\u00f6r f\u00fcr Katzen, Hunde und Frettchen","publisher":{"@id":"https:\/\/regalanimals.ch\/#organization"},"potentialAction":[{"@type":"SearchAction","target":{"@type":"EntryPoint","urlTemplate":"https:\/\/regalanimals.ch\/?s={search_term_string}"},"query-input":{"@type":"PropertyValueSpecification","valueRequired":true,"valueName":"search_term_string"}}],"inLanguage":"de"},{"@type":"Organization","@id":"https:\/\/regalanimals.ch\/#organization","name":"Tierfest","url":"https:\/\/regalanimals.ch\/","logo":{"@type":"ImageObject","inLanguage":"de","@id":"https:\/\/regalanimals.ch\/#\/schema\/logo\/image\/","url":"https:\/\/regalanimals.ch\/wp-content\/uploads\/2025\/04\/cropped-Logo-site-e1744634610403-1.webp","contentUrl":"https:\/\/regalanimals.ch\/wp-content\/uploads\/2025\/04\/cropped-Logo-site-e1744634610403-1.webp","width":512,"height":512,"caption":"R\u00e9gal Animals"},"image":{"@id":"https:\/\/regalanimals.ch\/#\/schema\/logo\/image\/"}}]}},"_links":{"self":[{"href":"https:\/\/regalanimals.ch\/de\/wp-json\/wp\/v2\/product\/30679","targetHints":{"allow":["GET"]}}],"collection":[{"href":"https:\/\/regalanimals.ch\/de\/wp-json\/wp\/v2\/product"}],"about":[{"href":"https:\/\/regalanimals.ch\/de\/wp-json\/wp\/v2\/types\/product"}],"replies":[{"embeddable":true,"href":"https:\/\/regalanimals.ch\/de\/wp-json\/wp\/v2\/comments?post=30679"}],"wp:featuredmedia":[{"embeddable":true,"href":"https:\/\/regalanimals.ch\/de\/wp-json\/wp\/v2\/media\/40134"}],"wp:attachment":[{"href":"https:\/\/regalanimals.ch\/de\/wp-json\/wp\/v2\/media?parent=30679"}],"wp:term":[{"taxonomy":"product_brand","embeddable":true,"href":"https:\/\/regalanimals.ch\/de\/wp-json\/wp\/v2\/product_brand?post=30679"},{"taxonomy":"product_cat","embeddable":true,"href":"https:\/\/regalanimals.ch\/de\/wp-json\/wp\/v2\/product_cat?post=30679"},{"taxonomy":"product_tag","embeddable":true,"href":"https:\/\/regalanimals.ch\/de\/wp-json\/wp\/v2\/product_tag?post=30679"}],"curies":[{"name":"wp","href":"https:\/\/api.w.org\/{rel}","templated":true}]}}