{"id":30690,"date":"2023-10-29T12:46:55","date_gmt":"2023-10-29T11:46:55","guid":{"rendered":"https:\/\/regalanimals.geekworkers.dev\/?post_type=product&#038;p=30690"},"modified":"2026-03-30T17:57:29","modified_gmt":"2026-03-30T15:57:29","slug":"pack-machouille-decouverte","status":"publish","type":"product","link":"https:\/\/regalanimals.ch\/de\/product\/pack-machouille-decouverte\/","title":{"rendered":"Pack M\u00e2chouille D\u00e9couverte"},"content":{"rendered":"<h2 data-start=\"529\" data-end=\"1005\">Discovery Chew Pack \ud83d\udc36<\/h2>\n<p data-start=\"529\" data-end=\"1005\">Das Entdecker-Kau-Set enth\u00e4lt 12 nat\u00fcrliche Leckerlis, die speziell f\u00fcr Welpen entwickelt wurden, um ihnen die Freude am Kauen n\u00e4herzubringen. Schon ab den ersten Lebenswochen bietet dieses Set weiche und leicht zug\u00e4ngliche Kauartikel, die perfekt auf junge Kiefer abgestimmt sind. So k\u00f6nnen Welpen nach und nach verschiedene Texturen und Geschmacksrichtungen erkunden und dabei nat\u00fcrliche Leckerlis genie\u00dfen, die ein ruhiges und entspannendes Kauen f\u00f6rdern.<\/p>\n<h3 data-start=\"529\" data-end=\"1005\">Packungsinhalt und Gebrauchsanweisung \ud83d\udd0e<\/h3>\n<p data-start=\"529\" data-end=\"1005\">Jede Discovery Chew Packung enth\u00e4lt eine Auswahl an nat\u00fcrlichen Leckereien mit weicher, angenehmer Konsistenz. Daher k\u00f6nnen Form und Aussehen des Inhalts je nach nat\u00fcrlicher Herkunft der Produkte leicht variieren. Tipp: Geben Sie Ihrem Kind immer nur eine Leckerei auf einmal, um es sanft an die ersten Kauerfahrungen heranzuf\u00fchren.<\/p>\n<table>\n<thead>\n<tr>\n<th>Artikel<\/th>\n<th>Menge<\/th>\n<th>Rohprotein<\/th>\n<th>Rohfette<\/th>\n<th>Rohfasern<\/th>\n<th>Rohstoffe<\/th>\n<th>Luftfeuchtigkeit<\/th>\n<\/tr>\n<\/thead>\n<tbody>\n<tr>\n<td>Kuhohr<\/td>\n<td>\u00d7 2<\/td>\n<td>70\u201380 %<\/td>\n<td>10\u201315 %<\/td>\n<td>0\u20133 %<\/td>\n<td>3\u20136 %<\/td>\n<td>5\u201310 %<\/td>\n<\/tr>\n<tr>\n<td>12 cm Rindersehne<\/td>\n<td>\u00d7 1<\/td>\n<td>60\u201380 %<\/td>\n<td>5\u201315 %<\/td>\n<td>0\u20134 %<\/td>\n<td>2\u20138 %<\/td>\n<td>5\u201310 %<\/td>\n<\/tr>\n<tr>\n<td>Rinderlunge<\/td>\n<td>\u00d7 2<\/td>\n<td>60\u201380 %<\/td>\n<td>5\u201315 %<\/td>\n<td>0\u20134 %<\/td>\n<td>2\u20138 %<\/td>\n<td>5\u201310 %<\/td>\n<\/tr>\n<tr>\n<td>Fleischscheibe (Huhn, Pute oder Ente)<\/td>\n<td>\u00d7 1<\/td>\n<td>60\u201375 %<\/td>\n<td>10\u201325 %<\/td>\n<td>0\u20132 %<\/td>\n<td>3\u20136 %<\/td>\n<td>5\u201310 %<\/td>\n<\/tr>\n<tr>\n<td>Lammfelle<\/td>\n<td>100 g<\/td>\n<td>50\u201370 %<\/td>\n<td>15\u201325 %<\/td>\n<td>0\u20133 %<\/td>\n<td>4\u20138 %<\/td>\n<td>5\u201310 %<\/td>\n<\/tr>\n<tr>\n<td>Ohr eines haarlosen Kaninchens<\/td>\n<td>\u00d7 1<\/td>\n<td>60\u201380 %<\/td>\n<td>5\u201315 %<\/td>\n<td>0\u20132 %<\/td>\n<td>3\u20135 %<\/td>\n<td>5\u201310 %<\/td>\n<\/tr>\n<tr>\n<td>Rinderkutteln<\/td>\n<td>\u00d7 2<\/td>\n<td>60\u201380 %<\/td>\n<td>5\u201315 %<\/td>\n<td>0\u20134 %<\/td>\n<td>2\u20138 %<\/td>\n<td>5\u201310 %<\/td>\n<\/tr>\n<tr>\n<td>Fischst\u00e4bchen<\/td>\n<td>\u00d7 1<\/td>\n<td>50\u201370 %<\/td>\n<td>5\u201315 %<\/td>\n<td>0\u20132 %<\/td>\n<td>5\u201315 %<\/td>\n<td>5\u201310 %<\/td>\n<\/tr>\n<tr>\n<td>Lehrreiche Leckerei mit Lammgeschmack<\/td>\n<td>50 g<\/td>\n<td>50\u201370 %<\/td>\n<td>15\u201325 %<\/td>\n<td>0\u20133 %<\/td>\n<td>4\u20138 %<\/td>\n<td>5\u201310 %<\/td>\n<\/tr>\n<\/tbody>\n<\/table>\n<p data-start=\"529\" data-end=\"1005\">Ihr Welpe sollte beim Kauen immer Zugang zu frischem Wasser haben, um gesund zu bleiben. Wie bei allen Kauspielzeugen ist Aufsicht unerl\u00e4sslich. Entfernen Sie das Leckerli, sobald es zu klein wird, um ein sicheres Kauen zu gew\u00e4hrleisten.<\/p>\n<h2 data-start=\"1007\" data-end=\"1477\">F\u00fcr welchen Welpen und welche Kaubed\u00fcrfnisse ist dieses Paket geeignet? \ud83c\udfaf<\/h2>\n<p data-start=\"1007\" data-end=\"1477\">Diese Packung ist f\u00fcr Welpen ab 8 Wochen sowie f\u00fcr kleine Hunde geeignet, die gerade erst mit dem Kauen beginnen. Die Leckerlis sind auf die Gr\u00f6\u00dfe des noch im Wachstum befindlichen Kiefers abgestimmt und lassen sich daher leicht greifen. Die Auswahl f\u00f6rdert zudem langsames, sanftes Kauen ohne \u00fcberm\u00e4\u00dfigen Druck. So lernt der Welpe in Ruhe zu kauen und entwickelt schon fr\u00fch gute Gewohnheiten.<\/p>\n<h2 data-start=\"1479\" data-end=\"1879\">Wie kann man ein Kind sicher bei seinen ersten Kauversuchen unterst\u00fctzen? \ud83e\udde1<\/h2>\n<p data-start=\"1479\" data-end=\"1879\">Es wird empfohlen, zur Einf\u00fchrung neuer Futtermittel zun\u00e4chst nur alle 24 Stunden ein Leckerli anzubieten. So kann sich der Welpe allm\u00e4hlich an neue Konsistenzen und Geschmacksrichtungen gew\u00f6hnen. Dies minimiert Verdauungsbeschwerden und sorgt f\u00fcr eine angenehme Erfahrung, die besonders f\u00fcr sensible Welpen geeignet ist.<\/p>\n<h2 data-start=\"1881\" data-end=\"2283\">S\u00fc\u00dfe und erf\u00fcllende Momente \ud83e\udde9<\/h2>\n<p data-start=\"1881\" data-end=\"2283\">Die Leckerlis im Discovery Chew Pack besch\u00e4ftigen Ihren Welpen und f\u00f6rdern gleichzeitig seine Ruhe. Die Vielfalt regt die Sinne an und f\u00f6rdert regelm\u00e4\u00dfige Aktivit\u00e4t. Diese Leckerlis helfen, \u00fcbersch\u00fcssige Energie abzubauen und Langeweile vorzubeugen. So wird das Kauen nach und nach zu einem angenehmen, beruhigenden und strukturierten Erlebnis f\u00fcr Ihren Welpen.<\/p>\n<h3>H\u00e4ufig gestellte Fragen zum Discovery Chew Pack<\/h3>\n<p>Hier finden Sie Antworten auf die am h\u00e4ufigsten gestellten Fragen zur Verwendung, Entdeckung des Kauens, Sicherheit und den Vorteilen des Discovery Chew Packs.<\/p>\n<h4>\u27a1\ufe0f Wozu dient dieses Paket?<\/h4>\n<p data-start=\"3795\" data-end=\"3937\">Das Entdecker-Kauset hilft Welpen, die Freude am Kauen spielerisch zu entdecken. Es bietet zun\u00e4chst eine Auswahl an Leckerlis, die f\u00fcr den wachsenden Kiefer geeignet sind. Diese Kauartikel unterst\u00fctzen die Bed\u00fcrfnisse beim Zahnen. Die unterschiedlichen Texturen regen die Erkundung an, stimulieren die Sinne und st\u00e4rken das Selbstvertrauen. Au\u00dferdem beruhigt jedes Leckerli das empfindliche Zahnfleisch \u2013 ein wichtiger Faktor in dieser Wachstumsphase. So begleitet dieses Set Welpen auf ihrem gesamten Weg, sowohl beim Lernen als auch f\u00fcr ihr t\u00e4gliches Wohlbefinden.<\/p>\n<h4 data-start=\"3939\" data-end=\"3989\">\u27a1\ufe0f Ab welchem Alter kann es verwendet werden?<\/h4>\n<p data-start=\"3990\" data-end=\"4096\">Das Discovery Chew Pack eignet sich f\u00fcr Welpen ab 8 Wochen. Es ist auch ideal f\u00fcr kleine Hunde, die gerade erst anfangen zu kauen und weiches, leicht zug\u00e4ngliches Kauspielzeug ben\u00f6tigen.<\/p>\n<h4 data-start=\"4098\" data-end=\"4146\">\u27a1\ufe0f Ist dieses Paket auch f\u00fcr \u00e4ltere Hunde oder Hunde mit empfindlichen Z\u00e4hnen geeignet?<\/h4>\n<p data-start=\"4147\" data-end=\"4269\">Ja, das Discovery Chew Pack eignet sich auch f\u00fcr einige \u00e4ltere Hunde oder solche mit empfindlichen Z\u00e4hnen. Es enth\u00e4lt mehrere weiche, leicht zu kauende Leckerlis, ideal f\u00fcr empfindliche Kiefer. Dennoch ist es wichtig, die individuellen Kauf\u00e4higkeiten jedes Hundes zu ber\u00fccksichtigen und die am besten geeigneten Leckerlis auszuw\u00e4hlen. Dieses Pack bietet eine sanfte Alternative, ersetzt aber keine speziell f\u00fcr \u00e4ltere Hunde entwickelten Produkte.<\/p>\n<hr data-start=\"4271\" data-end=\"4274\" \/>\n<h3 data-start=\"3559\" data-end=\"3591\">\ud83d\udca6 Ratschl\u00e4ge von R\u00e9gal&#039;Animals \ud83d\udc9a<\/h3>\n<p>F\u00fchren Sie Leckerlis einzeln ein, um Ihren Welpen sanft an das Kauen heranzuf\u00fchren. So lernt er in Ruhe zu kauen, ohne sein noch empfindliches Zahnfleisch zu \u00fcberreizen. F\u00fcr Abwechslung sorgen Sie, indem Sie Leckerlis in ruhigen Momenten anbieten, zum Beispiel nach einem Spaziergang oder dem Spielen. So wird das Kauen ganz nat\u00fcrlich Teil der Routine und zu einem beruhigenden Erlebnis, das Lernen und Wohlbefinden f\u00f6rdert.<\/p>\n<hr data-start=\"4502\" data-end=\"4505\" \/>\n<h4 data-start=\"4609\" data-end=\"4662\">\u27a1\ufe0f Ist dieses Paket f\u00fcr Welpen mit Allergien geeignet?<\/h4>\n<p data-start=\"4663\" data-end=\"4798\">Das Discovery Chew Pack eignet sich m\u00f6glicherweise f\u00fcr Welpen mit Futtermittelunvertr\u00e4glichkeiten. Es enth\u00e4lt nat\u00fcrliche Leckerlis ohne Zusatz- oder Konservierungsstoffe. Viele der enthaltenen Leckerlis werden von empfindlichen Welpen in der Regel gut vertragen. Da jedoch jeder Hund anders reagiert, empfiehlt es sich, die Leckerlis einzeln einzuf\u00fchren und die Verdauung Ihres Welpen in den ersten Tagen zu beobachten.<\/p>\n<h4 data-start=\"4800\" data-end=\"4859\">\u27a1\ufe0f Sind die S\u00fc\u00dfigkeiten lange haltbar?<\/h4>\n<p data-start=\"4860\" data-end=\"4947\">Ja, die Leckerlis im Discovery Chew Pack sind bei trockener und lichtgesch\u00fctzter Lagerung etwa 18 Monate haltbar. So k\u00f6nnen Sie die Packung nach und nach aufbrauchen, ohne dass die Qualit\u00e4t leidet. Durch sorgf\u00e4ltiges Wiederverschlie\u00dfen der Beutel nach jedem Gebrauch bleiben Frische und Geschmack optimal erhalten. So kann Ihr Welpe jederzeit leckere Snacks genie\u00dfen.<\/p>\n<p><a href=\"https:\/\/regalanimals.ch\/de\/product\/cheezy-dog-fromage-de-yak\/\">Vorschlag f\u00fcr ihn<\/a><\/p>\n<p>&nbsp;<\/p>","protected":false},"excerpt":{"rendered":"<p>Pack M\u00e2chouille D\u00e9couverte \ud83d\udc36 Le Pack M\u00e2chouille D\u00e9couverte est un assortiment de 12 friandises naturelles sp\u00e9cialement pens\u00e9 pour accompagner les chiots dans la d\u00e9couverte de la mastication. D\u00e8s les premi\u00e8res semaines, ce pack propose des articles \u00e0 ronger doux et accessibles, adapt\u00e9s aux jeunes m\u00e2choires. Ainsi, le chiot explore progressivement diff\u00e9rentes textures et saveurs, tout [&hellip;]<\/p>\n","protected":false},"featured_media":38149,"menu_order":0,"comment_status":"open","ping_status":"closed","template":"","meta":[],"product_brand":[],"product_cat":[231,24],"product_tag":[],"class_list":{"0":"post-30690","1":"product","2":"type-product","3":"status-publish","4":"has-post-thumbnail","6":"product_cat-a-ronger","7":"product_cat-chiens","9":"first","10":"instock","11":"taxable","12":"shipping-taxable","13":"purchasable","14":"product-type-simple"},"yoast_head":"<!-- This site is optimized with the Yoast SEO Premium plugin v27.3 (Yoast SEO v27.3) - https:\/\/yoast.com\/product\/yoast-seo-premium-wordpress\/ -->\n<title>Pack M\u00e2chouille D\u00e9couverte plaisirs \u00e0 m\u00e2cher<\/title>\n<meta name=\"description\" content=\"Adapt\u00e9 aux dents sensibles, le Pack M\u00e2chouille D\u00e9couverte r\u00e9unit 12 articles naturels pour une mastication progressive, douce et stimulante.\" \/>\n<meta name=\"robots\" content=\"index, follow, max-snippet:-1, max-image-preview:large, max-video-preview:-1\" \/>\n<link rel=\"canonical\" href=\"https:\/\/regalanimals.ch\/de\/product\/pack-machouille-decouverte\/\" \/>\n<meta property=\"og:locale\" content=\"de_DE\" \/>\n<meta property=\"og:type\" content=\"article\" \/>\n<meta property=\"og:title\" content=\"Pack M\u00e2chouille D\u00e9couverte\" \/>\n<meta property=\"og:description\" content=\"Adapt\u00e9 aux dents sensibles, le Pack M\u00e2chouille D\u00e9couverte r\u00e9unit 12 articles naturels pour une mastication progressive, douce et stimulante.\" \/>\n<meta property=\"og:url\" content=\"https:\/\/regalanimals.ch\/de\/product\/pack-machouille-decouverte\/\" \/>\n<meta property=\"og:site_name\" content=\"R\u00e9gal&#039;Animals\" \/>\n<meta property=\"article:modified_time\" content=\"2026-03-30T15:57:29+00:00\" \/>\n<meta property=\"og:image\" content=\"https:\/\/regalanimals.ch\/wp-content\/uploads\/2025\/08\/Pack-Machouille-decouverte.webp\" \/>\n\t<meta property=\"og:image:width\" content=\"940\" \/>\n\t<meta property=\"og:image:height\" content=\"788\" \/>\n\t<meta property=\"og:image:type\" content=\"image\/webp\" \/>\n<meta name=\"twitter:card\" content=\"summary_large_image\" \/>\n<meta name=\"twitter:label1\" content=\"Gesch\u00e4tzte Lesezeit\" \/>\n\t<meta name=\"twitter:data1\" content=\"6\u00a0Minuten\" \/>\n<script type=\"application\/ld+json\" class=\"yoast-schema-graph\">{\"@context\":\"https:\\\/\\\/schema.org\",\"@graph\":[{\"@type\":\"WebPage\",\"@id\":\"https:\\\/\\\/regalanimals.ch\\\/product\\\/pack-machouille-decouverte\\\/\",\"url\":\"https:\\\/\\\/regalanimals.ch\\\/product\\\/pack-machouille-decouverte\\\/\",\"name\":\"Pack M\u00e2chouille D\u00e9couverte plaisirs \u00e0 m\u00e2cher\",\"isPartOf\":{\"@id\":\"https:\\\/\\\/regalanimals.ch\\\/#website\"},\"primaryImageOfPage\":{\"@id\":\"https:\\\/\\\/regalanimals.ch\\\/product\\\/pack-machouille-decouverte\\\/#primaryimage\"},\"image\":{\"@id\":\"https:\\\/\\\/regalanimals.ch\\\/product\\\/pack-machouille-decouverte\\\/#primaryimage\"},\"thumbnailUrl\":\"https:\\\/\\\/regalanimals.ch\\\/wp-content\\\/uploads\\\/2025\\\/08\\\/Pack-Machouille-decouverte.webp\",\"datePublished\":\"2023-10-29T11:46:55+00:00\",\"dateModified\":\"2026-03-30T15:57:29+00:00\",\"description\":\"Adapt\u00e9 aux dents sensibles, le Pack M\u00e2chouille D\u00e9couverte r\u00e9unit 12 articles naturels pour une mastication progressive, douce et stimulante.\",\"breadcrumb\":{\"@id\":\"https:\\\/\\\/regalanimals.ch\\\/product\\\/pack-machouille-decouverte\\\/#breadcrumb\"},\"inLanguage\":\"de\",\"potentialAction\":[{\"@type\":\"ReadAction\",\"target\":[\"https:\\\/\\\/regalanimals.ch\\\/product\\\/pack-machouille-decouverte\\\/\"]}]},{\"@type\":\"ImageObject\",\"inLanguage\":\"de\",\"@id\":\"https:\\\/\\\/regalanimals.ch\\\/product\\\/pack-machouille-decouverte\\\/#primaryimage\",\"url\":\"https:\\\/\\\/regalanimals.ch\\\/wp-content\\\/uploads\\\/2025\\\/08\\\/Pack-Machouille-decouverte.webp\",\"contentUrl\":\"https:\\\/\\\/regalanimals.ch\\\/wp-content\\\/uploads\\\/2025\\\/08\\\/Pack-Machouille-decouverte.webp\",\"width\":940,\"height\":788,\"caption\":\"Pack Machouille D\u00e9couverte \u2013 S\u00e9lection vari\u00e9e de friandises naturelles.\"},{\"@type\":\"BreadcrumbList\",\"@id\":\"https:\\\/\\\/regalanimals.ch\\\/product\\\/pack-machouille-decouverte\\\/#breadcrumb\",\"itemListElement\":[{\"@type\":\"ListItem\",\"position\":1,\"name\":\"Home\",\"item\":\"https:\\\/\\\/regalanimals.ch\\\/\"},{\"@type\":\"ListItem\",\"position\":2,\"name\":\"Boutique\",\"item\":\"https:\\\/\\\/regalanimals.ch\\\/shop\\\/\"},{\"@type\":\"ListItem\",\"position\":3,\"name\":\"Pack M\u00e2chouille D\u00e9couverte\"}]},{\"@type\":\"WebSite\",\"@id\":\"https:\\\/\\\/regalanimals.ch\\\/#website\",\"url\":\"https:\\\/\\\/regalanimals.ch\\\/\",\"name\":\"R\u00e9gal Animals\",\"description\":\"Alimentation et articles de qualit\u00e9 pour chats, chiens et furets\",\"publisher\":{\"@id\":\"https:\\\/\\\/regalanimals.ch\\\/#organization\"},\"potentialAction\":[{\"@type\":\"SearchAction\",\"target\":{\"@type\":\"EntryPoint\",\"urlTemplate\":\"https:\\\/\\\/regalanimals.ch\\\/?s={search_term_string}\"},\"query-input\":{\"@type\":\"PropertyValueSpecification\",\"valueRequired\":true,\"valueName\":\"search_term_string\"}}],\"inLanguage\":\"de\"},{\"@type\":\"Organization\",\"@id\":\"https:\\\/\\\/regalanimals.ch\\\/#organization\",\"name\":\"R\u00e9gal Animals\",\"url\":\"https:\\\/\\\/regalanimals.ch\\\/\",\"logo\":{\"@type\":\"ImageObject\",\"inLanguage\":\"de\",\"@id\":\"https:\\\/\\\/regalanimals.ch\\\/#\\\/schema\\\/logo\\\/image\\\/\",\"url\":\"https:\\\/\\\/regalanimals.ch\\\/wp-content\\\/uploads\\\/2025\\\/07\\\/Logo-RegalAnimals.png\",\"contentUrl\":\"https:\\\/\\\/regalanimals.ch\\\/wp-content\\\/uploads\\\/2025\\\/07\\\/Logo-RegalAnimals.png\",\"width\":120,\"height\":153,\"caption\":\"R\u00e9gal Animals\"},\"image\":{\"@id\":\"https:\\\/\\\/regalanimals.ch\\\/#\\\/schema\\\/logo\\\/image\\\/\"}}]}<\/script>\n<!-- \/ Yoast SEO Premium plugin. -->","yoast_head_json":{"title":"Chew Discovery Pack: Kauvergn\u00fcgen","description":"Das Discovery Chew Pack ist ideal f\u00fcr empfindliche Z\u00e4hne und vereint 12 nat\u00fcrliche Produkte f\u00fcr ein progressives, sanftes und anregendes Kauerlebnis.","robots":{"index":"index","follow":"follow","max-snippet":"max-snippet:-1","max-image-preview":"max-image-preview:large","max-video-preview":"max-video-preview:-1"},"canonical":"https:\/\/regalanimals.ch\/de\/product\/pack-machouille-decouverte\/","og_locale":"de_DE","og_type":"article","og_title":"Pack M\u00e2chouille D\u00e9couverte","og_description":"Adapt\u00e9 aux dents sensibles, le Pack M\u00e2chouille D\u00e9couverte r\u00e9unit 12 articles naturels pour une mastication progressive, douce et stimulante.","og_url":"https:\/\/regalanimals.ch\/de\/product\/pack-machouille-decouverte\/","og_site_name":"R\u00e9gal&#039;Animals","article_modified_time":"2026-03-30T15:57:29+00:00","og_image":[{"width":940,"height":788,"url":"https:\/\/regalanimals.ch\/wp-content\/uploads\/2025\/08\/Pack-Machouille-decouverte.webp","type":"image\/webp"}],"twitter_card":"summary_large_image","twitter_misc":{"Gesch\u00e4tzte Lesezeit":"6\u00a0Minuten"},"schema":{"@context":"https:\/\/schema.org","@graph":[{"@type":"WebPage","@id":"https:\/\/regalanimals.ch\/product\/pack-machouille-decouverte\/","url":"https:\/\/regalanimals.ch\/product\/pack-machouille-decouverte\/","name":"Chew Discovery Pack: Kauvergn\u00fcgen","isPartOf":{"@id":"https:\/\/regalanimals.ch\/#website"},"primaryImageOfPage":{"@id":"https:\/\/regalanimals.ch\/product\/pack-machouille-decouverte\/#primaryimage"},"image":{"@id":"https:\/\/regalanimals.ch\/product\/pack-machouille-decouverte\/#primaryimage"},"thumbnailUrl":"https:\/\/regalanimals.ch\/wp-content\/uploads\/2025\/08\/Pack-Machouille-decouverte.webp","datePublished":"2023-10-29T11:46:55+00:00","dateModified":"2026-03-30T15:57:29+00:00","description":"Das Discovery Chew Pack ist ideal f\u00fcr empfindliche Z\u00e4hne und vereint 12 nat\u00fcrliche Produkte f\u00fcr ein progressives, sanftes und anregendes Kauerlebnis.","breadcrumb":{"@id":"https:\/\/regalanimals.ch\/product\/pack-machouille-decouverte\/#breadcrumb"},"inLanguage":"de","potentialAction":[{"@type":"ReadAction","target":["https:\/\/regalanimals.ch\/product\/pack-machouille-decouverte\/"]}]},{"@type":"ImageObject","inLanguage":"de","@id":"https:\/\/regalanimals.ch\/product\/pack-machouille-decouverte\/#primaryimage","url":"https:\/\/regalanimals.ch\/wp-content\/uploads\/2025\/08\/Pack-Machouille-decouverte.webp","contentUrl":"https:\/\/regalanimals.ch\/wp-content\/uploads\/2025\/08\/Pack-Machouille-decouverte.webp","width":940,"height":788,"caption":"Pack Machouille D\u00e9couverte \u2013 S\u00e9lection vari\u00e9e de friandises naturelles."},{"@type":"BreadcrumbList","@id":"https:\/\/regalanimals.ch\/product\/pack-machouille-decouverte\/#breadcrumb","itemListElement":[{"@type":"ListItem","position":1,"name":"Home","item":"https:\/\/regalanimals.ch\/"},{"@type":"ListItem","position":2,"name":"Boutique","item":"https:\/\/regalanimals.ch\/shop\/"},{"@type":"ListItem","position":3,"name":"Pack M\u00e2chouille D\u00e9couverte"}]},{"@type":"WebSite","@id":"https:\/\/regalanimals.ch\/#website","url":"https:\/\/regalanimals.ch\/","name":"Tierfest","description":"Hochwertiges Futter und Zubeh\u00f6r f\u00fcr Katzen, Hunde und Frettchen","publisher":{"@id":"https:\/\/regalanimals.ch\/#organization"},"potentialAction":[{"@type":"SearchAction","target":{"@type":"EntryPoint","urlTemplate":"https:\/\/regalanimals.ch\/?s={search_term_string}"},"query-input":{"@type":"PropertyValueSpecification","valueRequired":true,"valueName":"search_term_string"}}],"inLanguage":"de"},{"@type":"Organization","@id":"https:\/\/regalanimals.ch\/#organization","name":"Tierfest","url":"https:\/\/regalanimals.ch\/","logo":{"@type":"ImageObject","inLanguage":"de","@id":"https:\/\/regalanimals.ch\/#\/schema\/logo\/image\/","url":"https:\/\/regalanimals.ch\/wp-content\/uploads\/2025\/07\/Logo-RegalAnimals.png","contentUrl":"https:\/\/regalanimals.ch\/wp-content\/uploads\/2025\/07\/Logo-RegalAnimals.png","width":120,"height":153,"caption":"R\u00e9gal Animals"},"image":{"@id":"https:\/\/regalanimals.ch\/#\/schema\/logo\/image\/"}}]}},"_links":{"self":[{"href":"https:\/\/regalanimals.ch\/de\/wp-json\/wp\/v2\/product\/30690","targetHints":{"allow":["GET"]}}],"collection":[{"href":"https:\/\/regalanimals.ch\/de\/wp-json\/wp\/v2\/product"}],"about":[{"href":"https:\/\/regalanimals.ch\/de\/wp-json\/wp\/v2\/types\/product"}],"replies":[{"embeddable":true,"href":"https:\/\/regalanimals.ch\/de\/wp-json\/wp\/v2\/comments?post=30690"}],"wp:featuredmedia":[{"embeddable":true,"href":"https:\/\/regalanimals.ch\/de\/wp-json\/wp\/v2\/media\/38149"}],"wp:attachment":[{"href":"https:\/\/regalanimals.ch\/de\/wp-json\/wp\/v2\/media?parent=30690"}],"wp:term":[{"taxonomy":"product_brand","embeddable":true,"href":"https:\/\/regalanimals.ch\/de\/wp-json\/wp\/v2\/product_brand?post=30690"},{"taxonomy":"product_cat","embeddable":true,"href":"https:\/\/regalanimals.ch\/de\/wp-json\/wp\/v2\/product_cat?post=30690"},{"taxonomy":"product_tag","embeddable":true,"href":"https:\/\/regalanimals.ch\/de\/wp-json\/wp\/v2\/product_tag?post=30690"}],"curies":[{"name":"wp","href":"https:\/\/api.w.org\/{rel}","templated":true}]}}