{"id":30861,"date":"2024-02-08T16:18:24","date_gmt":"2024-02-08T15:18:24","guid":{"rendered":"https:\/\/regalanimals.geekworkers.dev\/?post_type=product&#038;p=30861"},"modified":"2026-03-22T11:22:00","modified_gmt":"2026-03-22T10:22:00","slug":"lamelles-de-viande","status":"publish","type":"product","link":"https:\/\/regalanimals.ch\/de\/product\/lamelles-de-viande\/","title":{"rendered":"Fleischstreifen"},"content":{"rendered":"<h2 data-start=\"344\" data-end=\"369\">\ud83d\udc36 Fleischstreifen<\/h2>\n<h3 data-start=\"370\" data-end=\"453\">Nat\u00fcrliche, weiche Leckerlis, perfekt zur Belohnung Ihres Haustieres<\/h3>\n<p data-start=\"377\" data-end=\"864\">Fleischstreifen sind ein einfacher, leckerer Snack, perfekt, um einen besonderen Moment mit Ihrem Hund zu teilen. Dank ihrer weichen Konsistenz eignen sie sich sowohl f\u00fcr Welpen als auch f\u00fcr erwachsene Hunde. Die Streifen lassen sich zudem leicht zuschneiden, sodass Sie die Belohnung an die Gr\u00f6\u00dfe Ihres Vierbeiners anpassen k\u00f6nnen. Dar\u00fcber hinaus sind sie praktisch, leicht und nahezu geruchlos und somit ideal f\u00fcr den t\u00e4glichen Gebrauch.<\/p>\n<p data-start=\"866\" data-end=\"1134\">Diese Streifen sind zudem ein sehr leicht verdaulicher Snack. Sie sind nat\u00fcrlich und eignen sich f\u00fcr Hunde mit empfindlichen Z\u00e4hnen oder einem empfindlichen Magen. Ihre weiche Konsistenz bietet echten Kaukomfort, insbesondere f\u00fcr junge Hunde im Training.<\/p>\n<hr data-start=\"1164\" data-end=\"1167\" \/>\n<h2 data-start=\"1169\" data-end=\"1227\">\ud83c\udf1f Eine vielseitige Belohnung f\u00fcr alle Anl\u00e4sse<\/h2>\n<p data-start=\"1229\" data-end=\"1552\">Diese Leckerlis eignen sich perfekt f\u00fcr das Training. Sie lassen sich in kleine St\u00fccke brechen, sodass Sie Ihren Hund belohnen k\u00f6nnen, ohne ihn zu \u00fcberfordern und seine Motivation aufrechtzuerhalten. Au\u00dferdem unterst\u00fctzt der nat\u00fcrliche Proteingehalt die Energie und Vitalit\u00e4t Ihres Vierbeiners den ganzen Tag \u00fcber.<\/p>\n<p data-start=\"1554\" data-end=\"1839\">Die Fleischstreifen gibt es in vier verschiedenen Sorten. So kann Ihr Hund verschiedene Geschmacksrichtungen genie\u00dfen und Sie sorgen f\u00fcr Abwechslung. Au\u00dferdem sind sie getreidefrei und enthalten keine unn\u00f6tigen Zusatzstoffe, wodurch sie sich auch f\u00fcr Hunde mit besonderen Ern\u00e4hrungsbed\u00fcrfnissen eignen.<\/p>\n<hr data-start=\"1841\" data-end=\"1844\" \/>\n<h2 data-start=\"1846\" data-end=\"1907\">\ud83d\udc3e Ein gesunder Snack f\u00fcr die t\u00e4gliche Routine Ihres Hundes<\/h2>\n<p data-start=\"1909\" data-end=\"2304\">Diese glutenfreien und fettfreien Streifen sind ein ausgewogener Snack, der sich leicht in die Ern\u00e4hrung Ihres Hundes integrieren l\u00e4sst. Da sie jedoch ein Leckerli sind, sollten sie nur in Ma\u00dfen gegeben werden, um eine Gewichtszunahme zu vermeiden. Kurz gesagt: Sie vereinen Geschmack, praktische Anwendung und leichte Verdaulichkeit und sind somit eine hervorragende Belohnung f\u00fcr zwischendurch.<\/p>\n<hr data-start=\"2306\" data-end=\"2309\" \/>\n<h2 data-start=\"2311\" data-end=\"2337\">\ud83d\udc3e H\u00e4ufig gestellte Fragen<\/h2>\n<h3 data-start=\"2338\" data-end=\"2440\">\u2753 Noch unentschlossen? Hier finden Sie die Antworten auf die am h\u00e4ufigsten gestellten Fragen zu Fleischstreifen.<\/h3>\n<h4 data-start=\"2442\" data-end=\"2489\">\u27a1\ufe0f Was sind Fleischstreifen?<\/h4>\n<p data-start=\"2490\" data-end=\"2647\">Diese nat\u00fcrlichen Leckerlis bestehen zu 99 % aus reinem Fleisch und zu 1 % aus Lachs\u00f6l. Sie eignen sich auch ideal als Belohnung w\u00e4hrend des Trainings.<\/p>\n<h4 data-start=\"2649\" data-end=\"2699\">\u27a1\ufe0f Ab welchem Alter k\u00f6nnen sie verabreicht werden?<\/h4>\n<p data-start=\"2700\" data-end=\"2807\">Sie eignen sich ab einem Alter von 10 Wochen und sind somit perfekt f\u00fcr Welpen wie auch f\u00fcr erwachsene Hunde.<\/p>\n<h4 data-start=\"2809\" data-end=\"2860\">\u27a1\ufe0f Sind sie f\u00fcr sensible Hunde geeignet?<\/h4>\n<p data-start=\"2861\" data-end=\"3009\">Ja, sie sind getreidefrei, glutenfrei, sojafrei und frei von k\u00fcnstlichen Zusatzstoffen. Daher eignen sie sich f\u00fcr Hunde mit besonderen Bed\u00fcrfnissen.<\/p>\n<hr data-start=\"3011\" data-end=\"3014\" \/>\n<h2>\ud83d\udca6 Ratschl\u00e4ge von R\u00e9gal&#039;Animals \ud83d\udc9a<\/h2>\n<p data-start=\"3049\" data-end=\"3305\">Um das Training noch abwechslungsreicher zu gestalten, schneiden Sie die Fleischstreifen in kleine St\u00fccke. So bleibt Ihr Hund motiviert und genie\u00dft gleichzeitig einen leichten und gut verdaulichen Snack. Sie k\u00f6nnen auch die Geschmacksrichtungen variieren, um die Motivation hochzuhalten. \ud83d\udc9a<\/p>\n<hr data-start=\"3307\" data-end=\"3310\" \/>\n<h4 data-start=\"3312\" data-end=\"3351\">\u27a1\ufe0f Sind sie leicht verdaulich?<\/h4>\n<p data-start=\"3352\" data-end=\"3446\">Ja, dank ihrer einfachen Zusammensetzung sind sie auch f\u00fcr empfindliche M\u00e4gen sehr gut vertr\u00e4glich. Daher sind diese Streifen ein idealer Snack f\u00fcr Hunde mit empfindlichem Magen.<\/p>\n<h4 data-start=\"3448\" data-end=\"3480\">\u27a1\ufe0f Wie bewahrt man sie auf?<\/h4>\n<p data-start=\"3481\" data-end=\"3572\">Bewahren Sie sie an einem k\u00fchlen, trockenen Ort auf, um ihre Frische und Geschmeidigkeit zu erhalten.<\/p>\n<h4 data-start=\"3574\" data-end=\"3620\">\u27a1\ufe0f Sind sie f\u00fcr kleine Hunde geeignet?<\/h4>\n<p data-start=\"3621\" data-end=\"3729\">Ja, sie eignen sich hervorragend f\u00fcr kleine Hunde, da sie durch ihre weiche Konsistenz leicht zu kauen sind. Dar\u00fcber hinaus erm\u00f6glichen sie dank ihrer flexiblen Form auch f\u00fcr kleine Kiefer ein komfortables Kauen.<\/p>\n<h4 data-start=\"3731\" data-end=\"3761\">\u27a1\ufe0f Sind sie geruchlos?<\/h4>\n<p data-start=\"3762\" data-end=\"3871\">Ja, sie geben kaum Geruch ab, was sehr praktisch ist, wenn man sie in der Tasche oder im Rucksack mitnehmen m\u00f6chte.<\/p>\n<hr data-start=\"3873\" data-end=\"3876\" \/>\n<h4 data-start=\"3878\" data-end=\"3920\">Zusammensetzung und analytische Bestandteile<\/h4>\n<h4 data-start=\"3922\" data-end=\"3938\"><strong data-start=\"3926\" data-end=\"3936\">Huhn<\/strong><\/h4>\n<p data-start=\"3939\" data-end=\"4153\"><strong data-start=\"3939\" data-end=\"3956\">Zusammensetzung:<\/strong> H\u00e4hnchenstreifen (Fleisch und Nebenerzeugnisse 99 %), Lachs\u00f6l<br data-start=\"4022\" data-end=\"4025\" \/><strong data-start=\"4025\" data-end=\"4055\">Analytische Bestandteile:<\/strong> Eiwei\u00df 49,80 g\/l, Ballaststoffe 0,90 g\/l, Fett 29,40 g\/l, Mineralstoffe 5 g\/l, Feuchtigkeit 10 g\/l<\/p>\n<h4 data-start=\"4155\" data-end=\"4171\"><strong data-start=\"4159\" data-end=\"4169\">Lamm<\/strong><\/h4>\n<p data-start=\"4172\" data-end=\"4392\"><strong data-start=\"4172\" data-end=\"4189\">Zusammensetzung:<\/strong> Lammfleischscheiben (Fleisch und Nebenerzeugnisse 99 %), Lachs\u00f6l<br data-start=\"4254\" data-end=\"4257\" \/><strong data-start=\"4257\" data-end=\"4287\">Analytische Bestandteile:<\/strong> Eiwei\u00df 54,70 g\/l, Ballaststoffe 1,90 g\/l, Fett 20,40 g\/l, Mineralstoffe 10,50 g\/l, Feuchtigkeit 10,20 g\/l<\/p>\n<h4 data-start=\"4394\" data-end=\"4408\"><strong data-start=\"4398\" data-end=\"4406\">Rindfleisch<\/strong><\/h4>\n<p data-start=\"4409\" data-end=\"4627\"><strong data-start=\"4409\" data-end=\"4426\">Zusammensetzung:<\/strong> Rindfleischstreifen (Fleisch und Nebenerzeugnisse 99 %), Lachs\u00f6l<br data-start=\"4490\" data-end=\"4493\" \/><strong data-start=\"4493\" data-end=\"4523\">Analytische Bestandteile:<\/strong> Eiwei\u00df 53,10 g\/l, Ballaststoffe 1,70 g\/l, Fett 28,60 g\/l, Mineralstoffe 10,50 g\/l, Feuchtigkeit 6,70 g\/l<\/p>\n<h4 data-start=\"4629\" data-end=\"4643\"><strong data-start=\"4633\" data-end=\"4641\">Reh<\/strong><\/h4>\n<p data-start=\"4644\" data-end=\"4853\"><strong data-start=\"4644\" data-end=\"4661\">Zusammensetzung:<\/strong> Hirschstreifen (Fleisch und Nebenerzeugnisse 99 %), Glycerin<br data-start=\"4719\" data-end=\"4722\" \/><strong data-start=\"4722\" data-end=\"4752\">Analytische Bestandteile:<\/strong> Eiwei\u00df 58,10 g\/l, Ballaststoffe 1,40 g\/l, Fett 23,70 g\/l, Mineralstoffe 7,10 g\/l, Feuchtigkeit 10 g\/l<\/p>\n<p>&nbsp;<\/p>\n<p>&nbsp;<\/p>\n<p><a href=\"https:\/\/regalanimals.ch\/de\/product\/naturea-biscuits-chiens-tomate-fromage\/\">Vorschlag f\u00fcr ihn<\/a><a href=\"https:\/\/www.facebook.com\/100085129886844\/videos\/1992770671235689\">Zufriedener Kunde!<\/a><\/p>","protected":false},"excerpt":{"rendered":"<p>\ud83d\udc36 Lamelles de Viande Des friandises naturelles, tendres et parfaites pour r\u00e9compenser votre compagnon Les Lamelles de Viande offrent une friandise simple, savoureuse et id\u00e9ale pour partager un moment complice avec votre chien. Gr\u00e2ce \u00e0 leur texture douce, elles conviennent aussi bien aux chiots qu\u2019aux adultes. De surcro\u00eet, ces lamelles se d\u00e9coupent facilement, ce qui [&hellip;]<\/p>\n","protected":false},"featured_media":40105,"menu_order":0,"comment_status":"open","ping_status":"closed","template":"","meta":[],"product_brand":[],"product_cat":[24,197],"product_tag":[],"class_list":{"0":"post-30861","1":"product","2":"type-product","3":"status-publish","4":"has-post-thumbnail","6":"product_cat-chiens","7":"product_cat-friandises-pour-chiens","9":"first","10":"instock","11":"taxable","12":"shipping-taxable","13":"purchasable","14":"product-type-variable"},"yoast_head":"<!-- This site is optimized with the Yoast SEO Premium plugin v27.3 (Yoast SEO v27.3) - https:\/\/yoast.com\/product\/yoast-seo-premium-wordpress\/ -->\n<title>Lamelles de Viande pour chien, une explosion de saveurs !<\/title>\n<meta name=\"description\" content=\"99% de viande avec 1% d\u2019huile de saumon. Les Lamelles de Viande offrent une friandise id\u00e9ale autant pour les app\u00e9tits sensibles que pour les gros gourmands.\" \/>\n<meta name=\"robots\" content=\"index, follow, max-snippet:-1, max-image-preview:large, max-video-preview:-1\" \/>\n<link rel=\"canonical\" href=\"https:\/\/regalanimals.ch\/de\/product\/lamelles-de-viande\/\" \/>\n<meta property=\"og:locale\" content=\"de_DE\" \/>\n<meta property=\"og:type\" content=\"article\" \/>\n<meta property=\"og:title\" content=\"Lamelles de Viande\" \/>\n<meta property=\"og:description\" content=\"99% de viande avec 1% d\u2019huile de saumon. Les Lamelles de Viande offrent une friandise id\u00e9ale autant pour les app\u00e9tits sensibles que pour les gros gourmands.\" \/>\n<meta property=\"og:url\" content=\"https:\/\/regalanimals.ch\/de\/product\/lamelles-de-viande\/\" \/>\n<meta property=\"og:site_name\" content=\"R\u00e9gal&#039;Animals\" \/>\n<meta property=\"article:modified_time\" content=\"2026-03-22T10:22:00+00:00\" \/>\n<meta property=\"og:image\" content=\"https:\/\/regalanimals.ch\/wp-content\/uploads\/2025\/11\/lamelles-de-viande.webp\" \/>\n\t<meta property=\"og:image:width\" content=\"940\" \/>\n\t<meta property=\"og:image:height\" content=\"788\" \/>\n\t<meta property=\"og:image:type\" content=\"image\/webp\" \/>\n<meta name=\"twitter:card\" content=\"summary_large_image\" \/>\n<meta name=\"twitter:label1\" content=\"Gesch\u00e4tzte Lesezeit\" \/>\n\t<meta name=\"twitter:data1\" content=\"4\u00a0Minuten\" \/>\n<script type=\"application\/ld+json\" class=\"yoast-schema-graph\">{\"@context\":\"https:\\\/\\\/schema.org\",\"@graph\":[{\"@type\":\"WebPage\",\"@id\":\"https:\\\/\\\/regalanimals.ch\\\/product\\\/lamelles-de-viande\\\/\",\"url\":\"https:\\\/\\\/regalanimals.ch\\\/product\\\/lamelles-de-viande\\\/\",\"name\":\"Lamelles de Viande pour chien, une explosion de saveurs !\",\"isPartOf\":{\"@id\":\"https:\\\/\\\/regalanimals.ch\\\/#website\"},\"primaryImageOfPage\":{\"@id\":\"https:\\\/\\\/regalanimals.ch\\\/product\\\/lamelles-de-viande\\\/#primaryimage\"},\"image\":{\"@id\":\"https:\\\/\\\/regalanimals.ch\\\/product\\\/lamelles-de-viande\\\/#primaryimage\"},\"thumbnailUrl\":\"https:\\\/\\\/regalanimals.ch\\\/wp-content\\\/uploads\\\/2025\\\/11\\\/lamelles-de-viande.webp\",\"datePublished\":\"2024-02-08T15:18:24+00:00\",\"dateModified\":\"2026-03-22T10:22:00+00:00\",\"description\":\"99% de viande avec 1% d\u2019huile de saumon. Les Lamelles de Viande offrent une friandise id\u00e9ale autant pour les app\u00e9tits sensibles que pour les gros gourmands.\",\"breadcrumb\":{\"@id\":\"https:\\\/\\\/regalanimals.ch\\\/product\\\/lamelles-de-viande\\\/#breadcrumb\"},\"inLanguage\":\"de\",\"potentialAction\":[{\"@type\":\"ReadAction\",\"target\":[\"https:\\\/\\\/regalanimals.ch\\\/product\\\/lamelles-de-viande\\\/\"]}]},{\"@type\":\"ImageObject\",\"inLanguage\":\"de\",\"@id\":\"https:\\\/\\\/regalanimals.ch\\\/product\\\/lamelles-de-viande\\\/#primaryimage\",\"url\":\"https:\\\/\\\/regalanimals.ch\\\/wp-content\\\/uploads\\\/2025\\\/11\\\/lamelles-de-viande.webp\",\"contentUrl\":\"https:\\\/\\\/regalanimals.ch\\\/wp-content\\\/uploads\\\/2025\\\/11\\\/lamelles-de-viande.webp\",\"width\":940,\"height\":788,\"caption\":\"Lamelles de viande \u2013 Friandises naturelles et savoureuses.\"},{\"@type\":\"BreadcrumbList\",\"@id\":\"https:\\\/\\\/regalanimals.ch\\\/product\\\/lamelles-de-viande\\\/#breadcrumb\",\"itemListElement\":[{\"@type\":\"ListItem\",\"position\":1,\"name\":\"Home\",\"item\":\"https:\\\/\\\/regalanimals.ch\\\/\"},{\"@type\":\"ListItem\",\"position\":2,\"name\":\"Boutique\",\"item\":\"https:\\\/\\\/regalanimals.ch\\\/shop\\\/\"},{\"@type\":\"ListItem\",\"position\":3,\"name\":\"Lamelles de Viande\"}]},{\"@type\":\"WebSite\",\"@id\":\"https:\\\/\\\/regalanimals.ch\\\/#website\",\"url\":\"https:\\\/\\\/regalanimals.ch\\\/\",\"name\":\"R\u00e9gal Animals\",\"description\":\"Alimentation et articles de qualit\u00e9 pour chats, chiens et furets\",\"publisher\":{\"@id\":\"https:\\\/\\\/regalanimals.ch\\\/#organization\"},\"potentialAction\":[{\"@type\":\"SearchAction\",\"target\":{\"@type\":\"EntryPoint\",\"urlTemplate\":\"https:\\\/\\\/regalanimals.ch\\\/?s={search_term_string}\"},\"query-input\":{\"@type\":\"PropertyValueSpecification\",\"valueRequired\":true,\"valueName\":\"search_term_string\"}}],\"inLanguage\":\"de\"},{\"@type\":\"Organization\",\"@id\":\"https:\\\/\\\/regalanimals.ch\\\/#organization\",\"name\":\"R\u00e9gal Animals\",\"url\":\"https:\\\/\\\/regalanimals.ch\\\/\",\"logo\":{\"@type\":\"ImageObject\",\"inLanguage\":\"de\",\"@id\":\"https:\\\/\\\/regalanimals.ch\\\/#\\\/schema\\\/logo\\\/image\\\/\",\"url\":\"https:\\\/\\\/regalanimals.ch\\\/wp-content\\\/uploads\\\/2025\\\/04\\\/cropped-Logo-site-e1744634610403-1.webp\",\"contentUrl\":\"https:\\\/\\\/regalanimals.ch\\\/wp-content\\\/uploads\\\/2025\\\/04\\\/cropped-Logo-site-e1744634610403-1.webp\",\"width\":512,\"height\":512,\"caption\":\"R\u00e9gal Animals\"},\"image\":{\"@id\":\"https:\\\/\\\/regalanimals.ch\\\/#\\\/schema\\\/logo\\\/image\\\/\"}}]}<\/script>\n<!-- \/ Yoast SEO Premium plugin. -->","yoast_head_json":{"title":"Fleischstreifen f\u00fcr Hunde \u2013 eine Geschmacksexplosion!","description":"991 TP3T Fleisch und 11 TP3T Lachs\u00f6l. Die Fleischstreifen sind ein idealer Genuss f\u00fcr alle, ob mit kleinem Appetit oder gro\u00dfem Appetit.","robots":{"index":"index","follow":"follow","max-snippet":"max-snippet:-1","max-image-preview":"max-image-preview:large","max-video-preview":"max-video-preview:-1"},"canonical":"https:\/\/regalanimals.ch\/de\/product\/lamelles-de-viande\/","og_locale":"de_DE","og_type":"article","og_title":"Lamelles de Viande","og_description":"99% de viande avec 1% d\u2019huile de saumon. Les Lamelles de Viande offrent une friandise id\u00e9ale autant pour les app\u00e9tits sensibles que pour les gros gourmands.","og_url":"https:\/\/regalanimals.ch\/de\/product\/lamelles-de-viande\/","og_site_name":"R\u00e9gal&#039;Animals","article_modified_time":"2026-03-22T10:22:00+00:00","og_image":[{"width":940,"height":788,"url":"https:\/\/regalanimals.ch\/wp-content\/uploads\/2025\/11\/lamelles-de-viande.webp","type":"image\/webp"}],"twitter_card":"summary_large_image","twitter_misc":{"Gesch\u00e4tzte Lesezeit":"4\u00a0Minuten"},"schema":{"@context":"https:\/\/schema.org","@graph":[{"@type":"WebPage","@id":"https:\/\/regalanimals.ch\/product\/lamelles-de-viande\/","url":"https:\/\/regalanimals.ch\/product\/lamelles-de-viande\/","name":"Fleischstreifen f\u00fcr Hunde \u2013 eine Geschmacksexplosion!","isPartOf":{"@id":"https:\/\/regalanimals.ch\/#website"},"primaryImageOfPage":{"@id":"https:\/\/regalanimals.ch\/product\/lamelles-de-viande\/#primaryimage"},"image":{"@id":"https:\/\/regalanimals.ch\/product\/lamelles-de-viande\/#primaryimage"},"thumbnailUrl":"https:\/\/regalanimals.ch\/wp-content\/uploads\/2025\/11\/lamelles-de-viande.webp","datePublished":"2024-02-08T15:18:24+00:00","dateModified":"2026-03-22T10:22:00+00:00","description":"991 TP3T Fleisch und 11 TP3T Lachs\u00f6l. Die Fleischstreifen sind ein idealer Genuss f\u00fcr alle, ob mit kleinem Appetit oder gro\u00dfem Appetit.","breadcrumb":{"@id":"https:\/\/regalanimals.ch\/product\/lamelles-de-viande\/#breadcrumb"},"inLanguage":"de","potentialAction":[{"@type":"ReadAction","target":["https:\/\/regalanimals.ch\/product\/lamelles-de-viande\/"]}]},{"@type":"ImageObject","inLanguage":"de","@id":"https:\/\/regalanimals.ch\/product\/lamelles-de-viande\/#primaryimage","url":"https:\/\/regalanimals.ch\/wp-content\/uploads\/2025\/11\/lamelles-de-viande.webp","contentUrl":"https:\/\/regalanimals.ch\/wp-content\/uploads\/2025\/11\/lamelles-de-viande.webp","width":940,"height":788,"caption":"Lamelles de viande \u2013 Friandises naturelles et savoureuses."},{"@type":"BreadcrumbList","@id":"https:\/\/regalanimals.ch\/product\/lamelles-de-viande\/#breadcrumb","itemListElement":[{"@type":"ListItem","position":1,"name":"Home","item":"https:\/\/regalanimals.ch\/"},{"@type":"ListItem","position":2,"name":"Boutique","item":"https:\/\/regalanimals.ch\/shop\/"},{"@type":"ListItem","position":3,"name":"Lamelles de Viande"}]},{"@type":"WebSite","@id":"https:\/\/regalanimals.ch\/#website","url":"https:\/\/regalanimals.ch\/","name":"Tierfest","description":"Hochwertiges Futter und Zubeh\u00f6r f\u00fcr Katzen, Hunde und Frettchen","publisher":{"@id":"https:\/\/regalanimals.ch\/#organization"},"potentialAction":[{"@type":"SearchAction","target":{"@type":"EntryPoint","urlTemplate":"https:\/\/regalanimals.ch\/?s={search_term_string}"},"query-input":{"@type":"PropertyValueSpecification","valueRequired":true,"valueName":"search_term_string"}}],"inLanguage":"de"},{"@type":"Organization","@id":"https:\/\/regalanimals.ch\/#organization","name":"Tierfest","url":"https:\/\/regalanimals.ch\/","logo":{"@type":"ImageObject","inLanguage":"de","@id":"https:\/\/regalanimals.ch\/#\/schema\/logo\/image\/","url":"https:\/\/regalanimals.ch\/wp-content\/uploads\/2025\/04\/cropped-Logo-site-e1744634610403-1.webp","contentUrl":"https:\/\/regalanimals.ch\/wp-content\/uploads\/2025\/04\/cropped-Logo-site-e1744634610403-1.webp","width":512,"height":512,"caption":"R\u00e9gal Animals"},"image":{"@id":"https:\/\/regalanimals.ch\/#\/schema\/logo\/image\/"}}]}},"_links":{"self":[{"href":"https:\/\/regalanimals.ch\/de\/wp-json\/wp\/v2\/product\/30861","targetHints":{"allow":["GET"]}}],"collection":[{"href":"https:\/\/regalanimals.ch\/de\/wp-json\/wp\/v2\/product"}],"about":[{"href":"https:\/\/regalanimals.ch\/de\/wp-json\/wp\/v2\/types\/product"}],"replies":[{"embeddable":true,"href":"https:\/\/regalanimals.ch\/de\/wp-json\/wp\/v2\/comments?post=30861"}],"wp:featuredmedia":[{"embeddable":true,"href":"https:\/\/regalanimals.ch\/de\/wp-json\/wp\/v2\/media\/40105"}],"wp:attachment":[{"href":"https:\/\/regalanimals.ch\/de\/wp-json\/wp\/v2\/media?parent=30861"}],"wp:term":[{"taxonomy":"product_brand","embeddable":true,"href":"https:\/\/regalanimals.ch\/de\/wp-json\/wp\/v2\/product_brand?post=30861"},{"taxonomy":"product_cat","embeddable":true,"href":"https:\/\/regalanimals.ch\/de\/wp-json\/wp\/v2\/product_cat?post=30861"},{"taxonomy":"product_tag","embeddable":true,"href":"https:\/\/regalanimals.ch\/de\/wp-json\/wp\/v2\/product_tag?post=30861"}],"curies":[{"name":"wp","href":"https:\/\/api.w.org\/{rel}","templated":true}]}}