{"id":31266,"date":"2024-04-16T16:09:25","date_gmt":"2024-04-16T14:09:25","guid":{"rendered":"https:\/\/regalanimals.geekworkers.dev\/?post_type=product&#038;p=31266"},"modified":"2026-04-07T18:37:44","modified_gmt":"2026-04-07T16:37:44","slug":"oreilles-dagneau","status":"publish","type":"product","link":"https:\/\/regalanimals.ch\/de\/product\/oreilles-dagneau\/","title":{"rendered":"Oreilles d&rsquo;Agneau (100 g)"},"content":{"rendered":"<h2 data-start=\"317\" data-end=\"354\"><strong data-start=\"319\" data-end=\"354\">Lammohren f\u00fcr Hunde \ud83d\udc11<\/strong><\/h2>\n<h3 data-start=\"356\" data-end=\"428\">Ein leichter und nat\u00fcrlicher Leckerbissen, perfekt f\u00fcr kleine Hunde.<\/h3>\n<p data-start=\"430\" data-end=\"926\">Lammohren sind 100 % nat\u00fcrliche Leckerlis, die aufgrund ihrer knusprigen Konsistenz und leichten Verdaulichkeit sehr gesch\u00e4tzt werden. Sie eignen sich besonders f\u00fcr kleine Hunde, da ihre Gr\u00f6\u00dfe perfekt an deren Kiefer angepasst ist. Au\u00dferdem sind sie ein gesunder kleiner Snack f\u00fcr Hunde, die gerne in Ma\u00dfen knabbern. Auch gr\u00f6\u00dfere Hunde k\u00f6nnen sie genie\u00dfen, allerdings dienen sie eher als kurzfristige Belohnung denn als langanhaltender Kauspa\u00df.<\/p>\n<hr data-start=\"928\" data-end=\"931\" \/>\n<h2 data-start=\"933\" data-end=\"993\"><strong data-start=\"935\" data-end=\"993\">Ein gesundes und sanftes Kauspielzeug f\u00fcr Ihr Haustier \ud83c\udf3f<\/strong><\/h2>\n<p data-start=\"995\" data-end=\"1587\">Lammohren bieten eine einfache, aber \u00e4u\u00dferst wohltuende Kauaktivit\u00e4t. Sie stimulieren das Zahnfleisch, st\u00e4rken die Kiefermuskulatur und tragen auf nat\u00fcrliche Weise zur Plaque-Reduzierung bei. Dank ihrer leichten Konsistenz sind sie ideal f\u00fcr Hunde mit empfindlichem Magen oder Verdauungsproblemen fetthaltiger Proteine. Ihr nat\u00fcrliches Aroma weckt sofort die Aufmerksamkeit des Hundes und macht das Kauen zu einem genussvollen Erlebnis. Kurz gesagt: Dieser Leckerbissen vereint Genuss, Weichheit und Zahnhygiene.<\/p>\n<hr data-start=\"1589\" data-end=\"1592\" \/>\n<h2 data-start=\"1594\" data-end=\"1655\"><strong data-start=\"1596\" data-end=\"1655\">Ein fettarmer, leicht verdaulicher Leckerbissen \ud83d\udc3e<\/strong><\/h2>\n<p data-start=\"1657\" data-end=\"2228\">Lammohren sind f\u00fcr ihren geringen Fettgehalt bekannt und daher ein idealer Leckerbissen f\u00fcr Hunde, die auf ihr Gewicht achten. Da sie nur eine Proteinquelle enthalten, wird das Allergierisiko reduziert und die Verdauung gef\u00f6rdert. Sie eignen sich au\u00dferdem f\u00fcr Welpen im Alter von vier bis sechs Monaten, sobald deren Z\u00e4hne stark genug sind, um diese Art von Leckerbissen zu verarbeiten. Somit sind sie f\u00fcr eine Vielzahl von Hunden geeignet, von kleinen Rassen bis hin zu Gro\u00dffressern, die gerne einen leichten Snack genie\u00dfen.<\/p>\n<p data-start=\"2230\" data-end=\"2398\">Wie bei allen Kauartikeln empfiehlt es sich, den Hund beim Genuss seines Leckerlis zu beaufsichtigen und ihm stets Wasser zur Verf\u00fcgung zu stellen.<\/p>\n<hr data-start=\"2400\" data-end=\"2403\" \/>\n<h2 data-start=\"2405\" data-end=\"2433\"><strong data-start=\"2407\" data-end=\"2433\">H\u00e4ufig gestellte Fragen \ud83d\udc3e<\/strong><\/h2>\n<h3 data-start=\"2435\" data-end=\"2546\">\u2753 Noch unentschlossen? Hier finden Sie Antworten auf die h\u00e4ufigsten Fragen zu Lammohren.<\/h3>\n<h4 data-start=\"2548\" data-end=\"2593\">\u27a1\ufe0f Was sind Lammsohren?<\/h4>\n<p data-start=\"2594\" data-end=\"2753\">Lammohren sind einfach naturbelassene, getrocknete Lammohren. Sie bieten einen leichten und knusprigen Leckerbissen, den kleine Hunde gerne kauen und wegen seines milden Geschmacks sch\u00e4tzen.<\/p>\n<h4 data-start=\"2755\" data-end=\"2801\">\u27a1\ufe0f F\u00fcr welche Hunde sind sie ideal?<\/h4>\n<p data-start=\"2802\" data-end=\"2983\">Sie eignen sich besonders f\u00fcr kleine Hunde, die sie leicht kauen und in Ruhe genie\u00dfen k\u00f6nnen. Auch gr\u00f6\u00dfere Hunde fressen sie gern, zerkauen sie aber viel schneller und machen sie sofort zu einer leckeren kleinen Belohnung.<\/p>\n<h4 data-start=\"2985\" data-end=\"3029\">\u27a1\ufe0f K\u00f6nnen Welpen davon profitieren?<\/h4>\n<p data-start=\"3030\" data-end=\"3149\">Ja, Welpen ab einem Alter von vier Monaten k\u00f6nnen darauf herumkauen, vorausgesetzt, ihre Z\u00e4hne sind stark genug.<\/p>\n<hr data-start=\"3151\" data-end=\"3154\" \/>\n<h2 data-start=\"3156\" data-end=\"3186\">\ud83d\udca6 Ratschl\u00e4ge von R\u00e9gal&#039;Animals \ud83d\udc9a<\/h2>\n<p data-start=\"3188\" data-end=\"3699\">Lammohren eignen sich hervorragend als kleine Belohnung in ruhigen Momenten. Geben Sie Ihrem Hund diese Leckerei zun\u00e4chst nach einem kurzen Spaziergang oder leichter Bewegung, um die beruhigende Wirkung zu verl\u00e4ngern. Lassen Sie ihn die Lammohren anschlie\u00dfend in Ruhe erkunden und die knusprige Textur genie\u00dfen. Die Lammohren helfen ihm au\u00dferdem, sich zu entspannen und befriedigen gleichzeitig sein Kaubed\u00fcrfnis. So verwandeln Sie einen einfachen Snack in ein sanftes, beruhigendes und wirklich genussvolles kleines Ritual. \ud83d\udc9a<\/p>\n<hr data-start=\"3701\" data-end=\"3704\" \/>\n<h4 data-start=\"3706\" data-end=\"3735\">\u27a1\ufe0f Sind sie leicht verdaulich?<\/h4>\n<p data-start=\"3736\" data-end=\"3863\">Ja, sie sind sehr gut verdaulich und sogar f\u00fcr empfindliche Hunde geeignet, da sie keine Zusatzstoffe oder Konservierungsmittel enthalten.<\/p>\n<h4 data-start=\"3865\" data-end=\"3904\">\u27a1\ufe0f Wie viele pro Woche geben?<\/h4>\n<p data-start=\"3905\" data-end=\"3999\">Je nach Gr\u00f6\u00dfe und Aktivit\u00e4tsgrad des Hundes reichen in der Regel ein bis drei Ohrenreinigungen pro Woche aus.<\/p>\n<h4 data-start=\"4001\" data-end=\"4036\">\u27a1\ufe0f Haben sie einen starken Geruch?<\/h4>\n<p data-start=\"4037\" data-end=\"4143\">Sie verstr\u00f6men einen leichten, nat\u00fcrlichen Duft, der f\u00fcr Hunde sehr anziehend, f\u00fcr Menschen aber unauff\u00e4llig ist.<\/p>\n<h4 data-start=\"4145\" data-end=\"4176\">\u27a1\ufe0f Wie bewahrt man sie auf?<\/h4>\n<p data-start=\"4177\" data-end=\"4284\">Lagern Sie die Produkte an einem k\u00fchlen, trockenen Ort, um ihre Qualit\u00e4t zu erhalten. Verschlie\u00dfen Sie die Verpackung nach jedem Gebrauch wieder fest, um die Haltbarkeit um mehrere Monate zu verl\u00e4ngern.<\/p>\n<hr data-start=\"4286\" data-end=\"4289\" \/>\n<h4 data-start=\"4291\" data-end=\"4308\"><strong data-start=\"4293\" data-end=\"4308\">Zusammensetzung<\/strong><\/h4>\n<p data-start=\"4310\" data-end=\"4333\">100 % Lammohren<\/p>\n<h4 data-start=\"4335\" data-end=\"4365\"><strong data-start=\"4337\" data-end=\"4365\">Analytische Bestandteile<\/strong><\/h4>\n<p data-start=\"4367\" data-end=\"4483\">Rohprotein: 60\u201370 %<br data-start=\"4391\" data-end=\"4394\" \/>Rohfett: 10\u201315 %<br data-start=\"4427\" data-end=\"4430\" \/>Mineralische Rohstoffe: 4\u20136 %<br data-start=\"4463\" data-end=\"4466\" \/>Luftfeuchtigkeit: 8\u201310 %<\/p>\n<p>&nbsp;<\/p>\n<p>&nbsp;<\/p>\n<p><a href=\"https:\/\/regalanimals.ch\/de\/product\/pack-sans-efforts-chien\/\">Vorschlag f\u00fcr ihn<\/a><\/p>","protected":false},"excerpt":{"rendered":"<p>Oreilles d\u2019Agneau pour chien \ud83d\udc11 Une friandise l\u00e9g\u00e8re et naturelle, parfaite pour les petits gabarits Les Oreilles d\u2019Agneau sont des friandises 100 % naturelles, tr\u00e8s appr\u00e9ci\u00e9es pour leur texture croquante et leur grande digestibilit\u00e9. Elles conviennent particuli\u00e8rement aux petits chiens, car leur taille est parfaitement adapt\u00e9e \u00e0 leurs m\u00e2choires. De surcro\u00eet, elles repr\u00e9sentent un petit [&hellip;]<\/p>\n","protected":false},"featured_media":40047,"menu_order":0,"comment_status":"open","ping_status":"closed","template":"","meta":[],"product_brand":[],"product_cat":[231,24],"product_tag":[],"class_list":{"0":"post-31266","1":"product","2":"type-product","3":"status-publish","4":"has-post-thumbnail","6":"product_cat-a-ronger","7":"product_cat-chiens","9":"first","10":"instock","11":"taxable","12":"shipping-taxable","13":"purchasable","14":"product-type-simple"},"yoast_head":"<!-- This site is optimized with the Yoast SEO Premium plugin v27.4 (Yoast SEO v27.4) - https:\/\/yoast.com\/product\/yoast-seo-premium-wordpress\/ -->\n<title>Oreilles d\u2019Agneau \u2013 Friandise naturelle pour chiens<\/title>\n<meta name=\"description\" content=\"Envie de lui faire plaisirs! Les Oreilles d&#039;Agneau sont 100% naturelles, riches en prot\u00e9ines et pauvres en mati\u00e8res grasses.\" \/>\n<meta name=\"robots\" content=\"index, follow, max-snippet:-1, max-image-preview:large, max-video-preview:-1\" \/>\n<link rel=\"canonical\" href=\"https:\/\/regalanimals.ch\/de\/product\/oreilles-dagneau\/\" \/>\n<meta property=\"og:locale\" content=\"de_DE\" \/>\n<meta property=\"og:type\" content=\"article\" \/>\n<meta property=\"og:title\" content=\"Oreilles d&#039;Agneau (100 g)\" \/>\n<meta property=\"og:description\" content=\"Envie de lui faire plaisirs! Les Oreilles d&#039;Agneau sont 100% naturelles, riches en prot\u00e9ines et pauvres en mati\u00e8res grasses.\" \/>\n<meta property=\"og:url\" content=\"https:\/\/regalanimals.ch\/de\/product\/oreilles-dagneau\/\" \/>\n<meta property=\"og:site_name\" content=\"R\u00e9gal&#039;Animals\" \/>\n<meta property=\"article:modified_time\" content=\"2026-04-07T16:37:44+00:00\" \/>\n<meta property=\"og:image\" content=\"https:\/\/regalanimals.ch\/wp-content\/uploads\/2025\/11\/Oreilles-d-agneau.webp\" \/>\n\t<meta property=\"og:image:width\" content=\"940\" \/>\n\t<meta property=\"og:image:height\" content=\"788\" \/>\n\t<meta property=\"og:image:type\" content=\"image\/webp\" \/>\n<meta name=\"twitter:card\" content=\"summary_large_image\" \/>\n<meta name=\"twitter:label1\" content=\"Gesch\u00e4tzte Lesezeit\" \/>\n\t<meta name=\"twitter:data1\" content=\"4\u00a0Minuten\" \/>\n<script type=\"application\/ld+json\" class=\"yoast-schema-graph\">{\"@context\":\"https:\\\/\\\/schema.org\",\"@graph\":[{\"@type\":\"WebPage\",\"@id\":\"https:\\\/\\\/regalanimals.ch\\\/product\\\/oreilles-dagneau\\\/\",\"url\":\"https:\\\/\\\/regalanimals.ch\\\/product\\\/oreilles-dagneau\\\/\",\"name\":\"Oreilles d\u2019Agneau \u2013 Friandise naturelle pour chiens\",\"isPartOf\":{\"@id\":\"https:\\\/\\\/regalanimals.ch\\\/#website\"},\"primaryImageOfPage\":{\"@id\":\"https:\\\/\\\/regalanimals.ch\\\/product\\\/oreilles-dagneau\\\/#primaryimage\"},\"image\":{\"@id\":\"https:\\\/\\\/regalanimals.ch\\\/product\\\/oreilles-dagneau\\\/#primaryimage\"},\"thumbnailUrl\":\"https:\\\/\\\/regalanimals.ch\\\/wp-content\\\/uploads\\\/2025\\\/11\\\/Oreilles-d-agneau.webp\",\"datePublished\":\"2024-04-16T14:09:25+00:00\",\"dateModified\":\"2026-04-07T16:37:44+00:00\",\"description\":\"Envie de lui faire plaisirs! Les Oreilles d'Agneau sont 100% naturelles, riches en prot\u00e9ines et pauvres en mati\u00e8res grasses.\",\"breadcrumb\":{\"@id\":\"https:\\\/\\\/regalanimals.ch\\\/product\\\/oreilles-dagneau\\\/#breadcrumb\"},\"inLanguage\":\"de\",\"potentialAction\":[{\"@type\":\"ReadAction\",\"target\":[\"https:\\\/\\\/regalanimals.ch\\\/product\\\/oreilles-dagneau\\\/\"]}]},{\"@type\":\"ImageObject\",\"inLanguage\":\"de\",\"@id\":\"https:\\\/\\\/regalanimals.ch\\\/product\\\/oreilles-dagneau\\\/#primaryimage\",\"url\":\"https:\\\/\\\/regalanimals.ch\\\/wp-content\\\/uploads\\\/2025\\\/11\\\/Oreilles-d-agneau.webp\",\"contentUrl\":\"https:\\\/\\\/regalanimals.ch\\\/wp-content\\\/uploads\\\/2025\\\/11\\\/Oreilles-d-agneau.webp\",\"width\":940,\"height\":788,\"caption\":\"Oreilles d\u2019agneau \u2013 Friandises naturelles adapt\u00e9es aux petits chiens.\"},{\"@type\":\"BreadcrumbList\",\"@id\":\"https:\\\/\\\/regalanimals.ch\\\/product\\\/oreilles-dagneau\\\/#breadcrumb\",\"itemListElement\":[{\"@type\":\"ListItem\",\"position\":1,\"name\":\"Home\",\"item\":\"https:\\\/\\\/regalanimals.ch\\\/\"},{\"@type\":\"ListItem\",\"position\":2,\"name\":\"Boutique\",\"item\":\"https:\\\/\\\/regalanimals.ch\\\/shop\\\/\"},{\"@type\":\"ListItem\",\"position\":3,\"name\":\"Oreilles d&rsquo;Agneau (100 g)\"}]},{\"@type\":\"WebSite\",\"@id\":\"https:\\\/\\\/regalanimals.ch\\\/#website\",\"url\":\"https:\\\/\\\/regalanimals.ch\\\/\",\"name\":\"R\u00e9gal Animals\",\"description\":\"Alimentation et articles de qualit\u00e9 pour chats, chiens et furets\",\"publisher\":{\"@id\":\"https:\\\/\\\/regalanimals.ch\\\/#organization\"},\"potentialAction\":[{\"@type\":\"SearchAction\",\"target\":{\"@type\":\"EntryPoint\",\"urlTemplate\":\"https:\\\/\\\/regalanimals.ch\\\/?s={search_term_string}\"},\"query-input\":{\"@type\":\"PropertyValueSpecification\",\"valueRequired\":true,\"valueName\":\"search_term_string\"}}],\"inLanguage\":\"de\"},{\"@type\":\"Organization\",\"@id\":\"https:\\\/\\\/regalanimals.ch\\\/#organization\",\"name\":\"R\u00e9gal Animals\",\"url\":\"https:\\\/\\\/regalanimals.ch\\\/\",\"logo\":{\"@type\":\"ImageObject\",\"inLanguage\":\"de\",\"@id\":\"https:\\\/\\\/regalanimals.ch\\\/#\\\/schema\\\/logo\\\/image\\\/\",\"url\":\"https:\\\/\\\/regalanimals.ch\\\/wp-content\\\/uploads\\\/2025\\\/04\\\/cropped-Logo-site-e1744634610403-1.webp\",\"contentUrl\":\"https:\\\/\\\/regalanimals.ch\\\/wp-content\\\/uploads\\\/2025\\\/04\\\/cropped-Logo-site-e1744634610403-1.webp\",\"width\":512,\"height\":512,\"caption\":\"R\u00e9gal Animals\"},\"image\":{\"@id\":\"https:\\\/\\\/regalanimals.ch\\\/#\\\/schema\\\/logo\\\/image\\\/\"}}]}<\/script>\n<!-- \/ Yoast SEO Premium plugin. -->","yoast_head_json":{"title":"Lammohren \u2013 Nat\u00fcrlicher Leckerbissen f\u00fcr Hunde","description":"Sie m\u00f6chten ihn verw\u00f6hnen? Lammohren sind 100% nat\u00fcrlich, reich an Eiwei\u00df und fettarm.","robots":{"index":"index","follow":"follow","max-snippet":"max-snippet:-1","max-image-preview":"max-image-preview:large","max-video-preview":"max-video-preview:-1"},"canonical":"https:\/\/regalanimals.ch\/de\/product\/oreilles-dagneau\/","og_locale":"de_DE","og_type":"article","og_title":"Oreilles d'Agneau (100 g)","og_description":"Envie de lui faire plaisirs! Les Oreilles d'Agneau sont 100% naturelles, riches en prot\u00e9ines et pauvres en mati\u00e8res grasses.","og_url":"https:\/\/regalanimals.ch\/de\/product\/oreilles-dagneau\/","og_site_name":"R\u00e9gal&#039;Animals","article_modified_time":"2026-04-07T16:37:44+00:00","og_image":[{"width":940,"height":788,"url":"https:\/\/regalanimals.ch\/wp-content\/uploads\/2025\/11\/Oreilles-d-agneau.webp","type":"image\/webp"}],"twitter_card":"summary_large_image","twitter_misc":{"Gesch\u00e4tzte Lesezeit":"4\u00a0Minuten"},"schema":{"@context":"https:\/\/schema.org","@graph":[{"@type":"WebPage","@id":"https:\/\/regalanimals.ch\/product\/oreilles-dagneau\/","url":"https:\/\/regalanimals.ch\/product\/oreilles-dagneau\/","name":"Lammohren \u2013 Nat\u00fcrlicher Leckerbissen f\u00fcr Hunde","isPartOf":{"@id":"https:\/\/regalanimals.ch\/#website"},"primaryImageOfPage":{"@id":"https:\/\/regalanimals.ch\/product\/oreilles-dagneau\/#primaryimage"},"image":{"@id":"https:\/\/regalanimals.ch\/product\/oreilles-dagneau\/#primaryimage"},"thumbnailUrl":"https:\/\/regalanimals.ch\/wp-content\/uploads\/2025\/11\/Oreilles-d-agneau.webp","datePublished":"2024-04-16T14:09:25+00:00","dateModified":"2026-04-07T16:37:44+00:00","description":"Sie m\u00f6chten ihn verw\u00f6hnen? Lammohren sind 100% nat\u00fcrlich, reich an Eiwei\u00df und fettarm.","breadcrumb":{"@id":"https:\/\/regalanimals.ch\/product\/oreilles-dagneau\/#breadcrumb"},"inLanguage":"de","potentialAction":[{"@type":"ReadAction","target":["https:\/\/regalanimals.ch\/product\/oreilles-dagneau\/"]}]},{"@type":"ImageObject","inLanguage":"de","@id":"https:\/\/regalanimals.ch\/product\/oreilles-dagneau\/#primaryimage","url":"https:\/\/regalanimals.ch\/wp-content\/uploads\/2025\/11\/Oreilles-d-agneau.webp","contentUrl":"https:\/\/regalanimals.ch\/wp-content\/uploads\/2025\/11\/Oreilles-d-agneau.webp","width":940,"height":788,"caption":"Oreilles d\u2019agneau \u2013 Friandises naturelles adapt\u00e9es aux petits chiens."},{"@type":"BreadcrumbList","@id":"https:\/\/regalanimals.ch\/product\/oreilles-dagneau\/#breadcrumb","itemListElement":[{"@type":"ListItem","position":1,"name":"Home","item":"https:\/\/regalanimals.ch\/"},{"@type":"ListItem","position":2,"name":"Boutique","item":"https:\/\/regalanimals.ch\/shop\/"},{"@type":"ListItem","position":3,"name":"Oreilles d&rsquo;Agneau (100 g)"}]},{"@type":"WebSite","@id":"https:\/\/regalanimals.ch\/#website","url":"https:\/\/regalanimals.ch\/","name":"Tierfest","description":"Hochwertiges Futter und Zubeh\u00f6r f\u00fcr Katzen, Hunde und Frettchen","publisher":{"@id":"https:\/\/regalanimals.ch\/#organization"},"potentialAction":[{"@type":"SearchAction","target":{"@type":"EntryPoint","urlTemplate":"https:\/\/regalanimals.ch\/?s={search_term_string}"},"query-input":{"@type":"PropertyValueSpecification","valueRequired":true,"valueName":"search_term_string"}}],"inLanguage":"de"},{"@type":"Organization","@id":"https:\/\/regalanimals.ch\/#organization","name":"Tierfest","url":"https:\/\/regalanimals.ch\/","logo":{"@type":"ImageObject","inLanguage":"de","@id":"https:\/\/regalanimals.ch\/#\/schema\/logo\/image\/","url":"https:\/\/regalanimals.ch\/wp-content\/uploads\/2025\/04\/cropped-Logo-site-e1744634610403-1.webp","contentUrl":"https:\/\/regalanimals.ch\/wp-content\/uploads\/2025\/04\/cropped-Logo-site-e1744634610403-1.webp","width":512,"height":512,"caption":"R\u00e9gal Animals"},"image":{"@id":"https:\/\/regalanimals.ch\/#\/schema\/logo\/image\/"}}]}},"_links":{"self":[{"href":"https:\/\/regalanimals.ch\/de\/wp-json\/wp\/v2\/product\/31266","targetHints":{"allow":["GET"]}}],"collection":[{"href":"https:\/\/regalanimals.ch\/de\/wp-json\/wp\/v2\/product"}],"about":[{"href":"https:\/\/regalanimals.ch\/de\/wp-json\/wp\/v2\/types\/product"}],"replies":[{"embeddable":true,"href":"https:\/\/regalanimals.ch\/de\/wp-json\/wp\/v2\/comments?post=31266"}],"wp:featuredmedia":[{"embeddable":true,"href":"https:\/\/regalanimals.ch\/de\/wp-json\/wp\/v2\/media\/40047"}],"wp:attachment":[{"href":"https:\/\/regalanimals.ch\/de\/wp-json\/wp\/v2\/media?parent=31266"}],"wp:term":[{"taxonomy":"product_brand","embeddable":true,"href":"https:\/\/regalanimals.ch\/de\/wp-json\/wp\/v2\/product_brand?post=31266"},{"taxonomy":"product_cat","embeddable":true,"href":"https:\/\/regalanimals.ch\/de\/wp-json\/wp\/v2\/product_cat?post=31266"},{"taxonomy":"product_tag","embeddable":true,"href":"https:\/\/regalanimals.ch\/de\/wp-json\/wp\/v2\/product_tag?post=31266"}],"curies":[{"name":"wp","href":"https:\/\/api.w.org\/{rel}","templated":true}]}}