{"id":31276,"date":"2024-04-16T17:27:21","date_gmt":"2024-04-16T15:27:21","guid":{"rendered":"https:\/\/regalanimals.geekworkers.dev\/?post_type=product&#038;p=31276"},"modified":"2026-04-18T11:49:38","modified_gmt":"2026-04-18T09:49:38","slug":"peau-de-cerf-30cm","status":"publish","type":"product","link":"https:\/\/regalanimals.ch\/de\/product\/peau-de-cerf-30cm\/","title":{"rendered":"Peau de Cerf 30cm 250g"},"content":{"rendered":"<h2 data-start=\"301\" data-end=\"339\"><strong data-start=\"303\" data-end=\"339\">30 cm Hirschfell f\u00fcr Hunde \ud83e\udd8c<\/strong><\/h2>\n<h3 data-start=\"341\" data-end=\"412\">Ein nat\u00fcrlicher und herzhafter Leckerbissen f\u00fcr Kau-Liebhaber<\/h3>\n<p data-start=\"414\" data-end=\"852\">Das 30 cm lange Hirschleder-Kauspielzeug ist ein 100 % nat\u00fcrlicher Leckerbissen, ideal f\u00fcr Hunde, die gerne lange kauen. Dank seiner festen Textur und der gro\u00dfz\u00fcgigen L\u00e4nge bietet es ein langanhaltendes und genussvolles Kauvergn\u00fcgen. Es besteht vollst\u00e4ndig aus getrocknetem Hirschleder, ganz ohne Zusatz- oder Konservierungsstoffe. So genie\u00dft Ihr Hund eine gesunde und schmackhafte Belohnung, die seinen nat\u00fcrlichen Kauinstinkt perfekt befriedigt.<\/p>\n<hr data-start=\"854\" data-end=\"857\" \/>\n<h2 data-start=\"859\" data-end=\"915\"><strong data-start=\"861\" data-end=\"915\">Eine gesunde und anregende Kauaktivit\u00e4t \ud83c\udf3f<\/strong><\/h2>\n<p data-start=\"917\" data-end=\"1450\">Ihr Hund liebt es zu kauen, um sich zu entspannen, sich zu besch\u00e4ftigen oder einfach nur zum Vergn\u00fcgen. Der 30 cm lange Kauknochen aus Hirschleder erf\u00fcllt dieses Bed\u00fcrfnis perfekt. Seine robuste Textur regt zum ausgiebigen Kauen an, was den Geist anregt und nerv\u00f6se Hunde beruhigt. Diese Aktivit\u00e4t st\u00e4rkt zudem die Kiefermuskulatur. Dar\u00fcber hinaus hilft regelm\u00e4\u00dfiges Kauen, Zahnbelag und Zahnstein zu reduzieren und unterst\u00fctzt so eine gute Zahnhygiene. Kurz gesagt: Dieser nat\u00fcrliche Leckerbissen vereint Genuss, Anregung und Wohlbefinden.<\/p>\n<hr data-start=\"1452\" data-end=\"1455\" \/>\n<h2 data-start=\"1457\" data-end=\"1516\"><strong data-start=\"1459\" data-end=\"1516\">Ein leicht verdaulicher Leckerbissen, geeignet f\u00fcr alle Hunde \ud83d\udc3e<\/strong><\/h2>\n<p data-start=\"1518\" data-end=\"2087\">Das 30 cm lange Hirschleder-Leckerli eignet sich f\u00fcr mittelgro\u00dfe und gro\u00dfe Hunderassen. Durch seine L\u00e4nge wird ein zu schnelles Verschlucken verhindert, was es auch f\u00fcr ausgiebige Kauer sicherer macht. Zudem ist dieses Leckerli fettarm und daher ideal f\u00fcr Hunde, die auf ihr Gewicht achten m\u00fcssen oder nur m\u00e4\u00dfig aktiv sind. Es ist vollst\u00e4ndig verdaulich und somit auch f\u00fcr Hunde mit empfindlichem Magen geeignet. Kurz gesagt: Dieses langlebige Leckerli begeistert alle Hunde, die gerne kauen.<\/p>\n<hr data-start=\"2089\" data-end=\"2092\" \/>\n<h2 data-start=\"2094\" data-end=\"2122\"><strong data-start=\"2096\" data-end=\"2122\">H\u00e4ufig gestellte Fragen \ud83d\udc3e<\/strong><\/h2>\n<h3>\u2753 Noch unentschlossen? Hier finden Sie die Antworten auf die am h\u00e4ufigsten gestellten Fragen zum 30 cm gro\u00dfen Hirschfell.<\/h3>\n<h4>\u27a1\ufe0f Was ist Hirschleder f\u00fcr Hunde?<\/h4>\n<p data-start=\"2292\" data-end=\"2437\">Dieses Kauspielzeug ist vollst\u00e4ndig aus getrocknetem Hirschleder gefertigt. So genie\u00dft Ihr Hund einen nat\u00fcrlichen, schmackhaften und robusten Kauspa\u00df.<\/p>\n<h4 data-start=\"2439\" data-end=\"2484\">\u27a1\ufe0f Was sind die Hauptvorteile?<\/h4>\n<p data-start=\"2485\" data-end=\"2671\">Hirschfell hilft, die Z\u00e4hne zu reinigen, die Kiefermuskulatur zu st\u00e4rken und Langeweile zu vertreiben. Au\u00dferdem bietet es langanhaltende Besch\u00e4ftigung und regt den Geist Ihres Haustieres an.<\/p>\n<h4 data-start=\"2673\" data-end=\"2717\">\u27a1\ufe0f Ist es f\u00fcr sensible Hunde geeignet?<\/h4>\n<p data-start=\"2718\" data-end=\"2874\">Ja, denn es handelt sich um ein Futter mit nur einer Proteinquelle und ohne Zusatzstoffe. Daher stellt es eine gesunde Option f\u00fcr Hunde mit Allergien oder einem empfindlichen Verdauungssystem dar.<\/p>\n<hr data-start=\"2876\" data-end=\"2879\" \/>\n<h2>\ud83d\udca6 Ratschl\u00e4ge von R\u00e9gal&#039;Animals \ud83d\udc9a<\/h2>\n<p data-start=\"2913\" data-end=\"3359\">Sie k\u00f6nnen das Hirschfell als Suchspiel anbieten. Verstecken Sie es zun\u00e4chst in einem Zimmer oder hinter einem leicht zug\u00e4nglichen M\u00f6belst\u00fcck. So muss Ihr Hund seinen Geruchssinn einsetzen, um es zu finden, was seinen Geist schon vor dem Kauen anregt. Wenn er es dann endlich in den H\u00e4nden h\u00e4lt, genie\u00dft er seine Belohnung umso mehr. Diese spielerische kleine Jagd verwandelt einen einfachen Leckerbissen in ein abwechslungsreiches, unterhaltsames und wirklich lohnendes Erlebnis f\u00fcr Ihren Vierbeiner. \ud83d\udc9a<\/p>\n<hr data-start=\"3361\" data-end=\"3364\" \/>\n<h4 data-start=\"3366\" data-end=\"3408\">\u27a1\ufe0f Ist diese Leckerei leicht verdaulich?<\/h4>\n<p data-start=\"3409\" data-end=\"3556\">Ja, es ist vollst\u00e4ndig verdaulich, da es nur eine Zutat enth\u00e4lt: Hirschhaut. Daher ist es auch f\u00fcr Hunde mit empfindlichem Magen geeignet.<\/p>\n<h4 data-start=\"3558\" data-end=\"3619\">\u27a1\ufe0f Sollten Sie Ihren Hund beim Kauen beaufsichtigen?<\/h4>\n<p data-start=\"3620\" data-end=\"3790\">Ja, es ist immer am besten, in der N\u00e4he zu bleiben. Obwohl Hirschfell z\u00e4h ist, kann ein sehr eifriger Hund ein St\u00fcck davon aufweichen und es ziemlich schnell verschlucken.<\/p>\n<h4 data-start=\"3792\" data-end=\"3831\">\u27a1\ufe0f Wie viele pro Woche geben?<\/h4>\n<p data-start=\"3832\" data-end=\"3995\">Es h\u00e4ngt alles von der Gr\u00f6\u00dfe und dem Aktivit\u00e4tsniveau Ihres Hundes ab. Im Allgemeinen reichen ein bis zwei Hirschfelle pro Woche aus, um ihm gesunde und regelm\u00e4\u00dfige Bewegung zu erm\u00f6glichen.<\/p>\n<h4 data-start=\"3997\" data-end=\"4040\">\u27a1\ufe0f Wie konserviert man Hirschfelle?<\/h4>\n<p data-start=\"4041\" data-end=\"4168\">Bewahren Sie es an einem k\u00fchlen, trockenen und lichtgesch\u00fctzten Ort auf. Bei fest verschlossener Verpackung ist es mehrere Monate haltbar.<\/p>\n<hr data-start=\"4170\" data-end=\"4173\" \/>\n<h4 data-start=\"4175\" data-end=\"4192\"><strong data-start=\"4177\" data-end=\"4192\">Zusammensetzung<\/strong><\/h4>\n<p data-start=\"4194\" data-end=\"4212\">100 % Hirschfelle<\/p>\n<h4 data-start=\"4214\" data-end=\"4244\"><strong data-start=\"4216\" data-end=\"4244\">Analytische Bestandteile<\/strong><\/h4>\n<p data-start=\"4246\" data-end=\"4358\">Rohprotein: 85,3 %<br data-start=\"4269\" data-end=\"4272\" \/>Rohfett: 6 %<br data-start=\"4301\" data-end=\"4304\" \/>Mineralische Rohstoffe: 0,9 %<br data-start=\"4337\" data-end=\"4340\" \/>Luftfeuchtigkeit: 12,57 %<\/p>\n<p>&nbsp;<\/p>\n<p>&nbsp;<\/p>\n<p><a href=\"https:\/\/regalanimals.ch\/de\/product\/cheezy-dog-fromage-de-yak\/\">Vorschlag f\u00fcr ihn<\/a><\/p>","protected":false},"excerpt":{"rendered":"<p>Peau de Cerf 30cm pour chien \ud83e\udd8c Une friandise naturelle et robuste pour les amoureux de mastication La Peau de Cerf 30cm est une friandise 100 % naturelle, id\u00e9ale pour les chiens qui adorent m\u00e2chouiller longtemps. Gr\u00e2ce \u00e0 sa texture ferme et \u00e0 sa longueur g\u00e9n\u00e9reuse, cet article \u00e0 ronger offre une mastication prolong\u00e9e et [&hellip;]<\/p>\n","protected":false},"featured_media":40039,"menu_order":0,"comment_status":"open","ping_status":"closed","template":"","meta":[],"product_brand":[],"product_cat":[231,24],"product_tag":[],"class_list":{"0":"post-31276","1":"product","2":"type-product","3":"status-publish","4":"has-post-thumbnail","6":"product_cat-a-ronger","7":"product_cat-chiens","9":"first","10":"instock","11":"taxable","12":"shipping-taxable","13":"purchasable","14":"product-type-simple"},"yoast_head":"<!-- This site is optimized with the Yoast SEO Premium plugin v27.4 (Yoast SEO v27.4) - https:\/\/yoast.com\/product\/yoast-seo-premium-wordpress\/ -->\n<title>Peau de Cerf 30 cm \u2013 Friandise naturelle aux multiples vertus<\/title>\n<meta name=\"description\" content=\"De longs moments de plaisirs et d\u00e9tente. Avec la Peau de Cerf 30cm ! Un article \u00e0 ronger Grande taille, savoureuses et riches en nutriments.\" \/>\n<meta name=\"robots\" content=\"index, follow, max-snippet:-1, max-image-preview:large, max-video-preview:-1\" \/>\n<link rel=\"canonical\" href=\"https:\/\/regalanimals.ch\/de\/product\/peau-de-cerf-30cm\/\" \/>\n<meta property=\"og:locale\" content=\"de_DE\" \/>\n<meta property=\"og:type\" content=\"article\" \/>\n<meta property=\"og:title\" content=\"Peau de Cerf 30cm 250g\" \/>\n<meta property=\"og:description\" content=\"De longs moments de plaisirs et d\u00e9tente. Avec la Peau de Cerf 30cm ! Un article \u00e0 ronger Grande taille, savoureuses et riches en nutriments.\" \/>\n<meta property=\"og:url\" content=\"https:\/\/regalanimals.ch\/de\/product\/peau-de-cerf-30cm\/\" \/>\n<meta property=\"og:site_name\" content=\"R\u00e9gal&#039;Animals\" \/>\n<meta property=\"article:modified_time\" content=\"2026-04-18T09:49:38+00:00\" \/>\n<meta property=\"og:image\" content=\"https:\/\/regalanimals.ch\/wp-content\/uploads\/2025\/11\/peau-cerf-30cm.webp\" \/>\n\t<meta property=\"og:image:width\" content=\"940\" \/>\n\t<meta property=\"og:image:height\" content=\"788\" \/>\n\t<meta property=\"og:image:type\" content=\"image\/webp\" \/>\n<meta name=\"twitter:card\" content=\"summary_large_image\" \/>\n<meta name=\"twitter:label1\" content=\"Gesch\u00e4tzte Lesezeit\" \/>\n\t<meta name=\"twitter:data1\" content=\"4\u00a0Minuten\" \/>\n<script type=\"application\/ld+json\" class=\"yoast-schema-graph\">{\"@context\":\"https:\\\/\\\/schema.org\",\"@graph\":[{\"@type\":\"WebPage\",\"@id\":\"https:\\\/\\\/regalanimals.ch\\\/product\\\/peau-de-cerf-30cm\\\/\",\"url\":\"https:\\\/\\\/regalanimals.ch\\\/product\\\/peau-de-cerf-30cm\\\/\",\"name\":\"Peau de Cerf 30 cm \u2013 Friandise naturelle aux multiples vertus\",\"isPartOf\":{\"@id\":\"https:\\\/\\\/regalanimals.ch\\\/#website\"},\"primaryImageOfPage\":{\"@id\":\"https:\\\/\\\/regalanimals.ch\\\/product\\\/peau-de-cerf-30cm\\\/#primaryimage\"},\"image\":{\"@id\":\"https:\\\/\\\/regalanimals.ch\\\/product\\\/peau-de-cerf-30cm\\\/#primaryimage\"},\"thumbnailUrl\":\"https:\\\/\\\/regalanimals.ch\\\/wp-content\\\/uploads\\\/2025\\\/11\\\/peau-cerf-30cm.webp\",\"datePublished\":\"2024-04-16T15:27:21+00:00\",\"dateModified\":\"2026-04-18T09:49:38+00:00\",\"description\":\"De longs moments de plaisirs et d\u00e9tente. Avec la Peau de Cerf 30cm ! Un article \u00e0 ronger Grande taille, savoureuses et riches en nutriments.\",\"breadcrumb\":{\"@id\":\"https:\\\/\\\/regalanimals.ch\\\/product\\\/peau-de-cerf-30cm\\\/#breadcrumb\"},\"inLanguage\":\"de\",\"potentialAction\":[{\"@type\":\"ReadAction\",\"target\":[\"https:\\\/\\\/regalanimals.ch\\\/product\\\/peau-de-cerf-30cm\\\/\"]}]},{\"@type\":\"ImageObject\",\"inLanguage\":\"de\",\"@id\":\"https:\\\/\\\/regalanimals.ch\\\/product\\\/peau-de-cerf-30cm\\\/#primaryimage\",\"url\":\"https:\\\/\\\/regalanimals.ch\\\/wp-content\\\/uploads\\\/2025\\\/11\\\/peau-cerf-30cm.webp\",\"contentUrl\":\"https:\\\/\\\/regalanimals.ch\\\/wp-content\\\/uploads\\\/2025\\\/11\\\/peau-cerf-30cm.webp\",\"width\":940,\"height\":788,\"caption\":\"Peaux de cerf 30 cm \u2013 Friandises naturelles \u00e0 m\u00e2cher.\"},{\"@type\":\"BreadcrumbList\",\"@id\":\"https:\\\/\\\/regalanimals.ch\\\/product\\\/peau-de-cerf-30cm\\\/#breadcrumb\",\"itemListElement\":[{\"@type\":\"ListItem\",\"position\":1,\"name\":\"Home\",\"item\":\"https:\\\/\\\/regalanimals.ch\\\/\"},{\"@type\":\"ListItem\",\"position\":2,\"name\":\"Boutique\",\"item\":\"https:\\\/\\\/regalanimals.ch\\\/shop\\\/\"},{\"@type\":\"ListItem\",\"position\":3,\"name\":\"Peau de Cerf 30cm 250g\"}]},{\"@type\":\"WebSite\",\"@id\":\"https:\\\/\\\/regalanimals.ch\\\/#website\",\"url\":\"https:\\\/\\\/regalanimals.ch\\\/\",\"name\":\"R\u00e9gal Animals\",\"description\":\"Alimentation et articles de qualit\u00e9 pour chats, chiens et furets\",\"publisher\":{\"@id\":\"https:\\\/\\\/regalanimals.ch\\\/#organization\"},\"potentialAction\":[{\"@type\":\"SearchAction\",\"target\":{\"@type\":\"EntryPoint\",\"urlTemplate\":\"https:\\\/\\\/regalanimals.ch\\\/?s={search_term_string}\"},\"query-input\":{\"@type\":\"PropertyValueSpecification\",\"valueRequired\":true,\"valueName\":\"search_term_string\"}}],\"inLanguage\":\"de\"},{\"@type\":\"Organization\",\"@id\":\"https:\\\/\\\/regalanimals.ch\\\/#organization\",\"name\":\"R\u00e9gal Animals\",\"url\":\"https:\\\/\\\/regalanimals.ch\\\/\",\"logo\":{\"@type\":\"ImageObject\",\"inLanguage\":\"de\",\"@id\":\"https:\\\/\\\/regalanimals.ch\\\/#\\\/schema\\\/logo\\\/image\\\/\",\"url\":\"https:\\\/\\\/regalanimals.ch\\\/wp-content\\\/uploads\\\/2025\\\/04\\\/cropped-Logo-site-e1744634610403-1.webp\",\"contentUrl\":\"https:\\\/\\\/regalanimals.ch\\\/wp-content\\\/uploads\\\/2025\\\/04\\\/cropped-Logo-site-e1744634610403-1.webp\",\"width\":512,\"height\":512,\"caption\":\"R\u00e9gal Animals\"},\"image\":{\"@id\":\"https:\\\/\\\/regalanimals.ch\\\/#\\\/schema\\\/logo\\\/image\\\/\"}}]}<\/script>\n<!-- \/ Yoast SEO Premium plugin. -->","yoast_head_json":{"title":"Hirschfell 30 cm \u2013 Ein nat\u00fcrlicher Leckerbissen mit vielf\u00e4ltigen Vorteilen","description":"Genie\u00dfen Sie lange Momente der Entspannung und des Genusses mit dem 30 cm gro\u00dfen Hirschfell-Kauartikel! Ein gro\u00dfer, schmackhafter und n\u00e4hrstoffreicher Kauartikel.","robots":{"index":"index","follow":"follow","max-snippet":"max-snippet:-1","max-image-preview":"max-image-preview:large","max-video-preview":"max-video-preview:-1"},"canonical":"https:\/\/regalanimals.ch\/de\/product\/peau-de-cerf-30cm\/","og_locale":"de_DE","og_type":"article","og_title":"Peau de Cerf 30cm 250g","og_description":"De longs moments de plaisirs et d\u00e9tente. Avec la Peau de Cerf 30cm ! Un article \u00e0 ronger Grande taille, savoureuses et riches en nutriments.","og_url":"https:\/\/regalanimals.ch\/de\/product\/peau-de-cerf-30cm\/","og_site_name":"R\u00e9gal&#039;Animals","article_modified_time":"2026-04-18T09:49:38+00:00","og_image":[{"width":940,"height":788,"url":"https:\/\/regalanimals.ch\/wp-content\/uploads\/2025\/11\/peau-cerf-30cm.webp","type":"image\/webp"}],"twitter_card":"summary_large_image","twitter_misc":{"Gesch\u00e4tzte Lesezeit":"4\u00a0Minuten"},"schema":{"@context":"https:\/\/schema.org","@graph":[{"@type":"WebPage","@id":"https:\/\/regalanimals.ch\/product\/peau-de-cerf-30cm\/","url":"https:\/\/regalanimals.ch\/product\/peau-de-cerf-30cm\/","name":"Hirschfell 30 cm \u2013 Ein nat\u00fcrlicher Leckerbissen mit vielf\u00e4ltigen Vorteilen","isPartOf":{"@id":"https:\/\/regalanimals.ch\/#website"},"primaryImageOfPage":{"@id":"https:\/\/regalanimals.ch\/product\/peau-de-cerf-30cm\/#primaryimage"},"image":{"@id":"https:\/\/regalanimals.ch\/product\/peau-de-cerf-30cm\/#primaryimage"},"thumbnailUrl":"https:\/\/regalanimals.ch\/wp-content\/uploads\/2025\/11\/peau-cerf-30cm.webp","datePublished":"2024-04-16T15:27:21+00:00","dateModified":"2026-04-18T09:49:38+00:00","description":"Genie\u00dfen Sie lange Momente der Entspannung und des Genusses mit dem 30 cm gro\u00dfen Hirschfell-Kauartikel! Ein gro\u00dfer, schmackhafter und n\u00e4hrstoffreicher Kauartikel.","breadcrumb":{"@id":"https:\/\/regalanimals.ch\/product\/peau-de-cerf-30cm\/#breadcrumb"},"inLanguage":"de","potentialAction":[{"@type":"ReadAction","target":["https:\/\/regalanimals.ch\/product\/peau-de-cerf-30cm\/"]}]},{"@type":"ImageObject","inLanguage":"de","@id":"https:\/\/regalanimals.ch\/product\/peau-de-cerf-30cm\/#primaryimage","url":"https:\/\/regalanimals.ch\/wp-content\/uploads\/2025\/11\/peau-cerf-30cm.webp","contentUrl":"https:\/\/regalanimals.ch\/wp-content\/uploads\/2025\/11\/peau-cerf-30cm.webp","width":940,"height":788,"caption":"Peaux de cerf 30 cm \u2013 Friandises naturelles \u00e0 m\u00e2cher."},{"@type":"BreadcrumbList","@id":"https:\/\/regalanimals.ch\/product\/peau-de-cerf-30cm\/#breadcrumb","itemListElement":[{"@type":"ListItem","position":1,"name":"Home","item":"https:\/\/regalanimals.ch\/"},{"@type":"ListItem","position":2,"name":"Boutique","item":"https:\/\/regalanimals.ch\/shop\/"},{"@type":"ListItem","position":3,"name":"Peau de Cerf 30cm 250g"}]},{"@type":"WebSite","@id":"https:\/\/regalanimals.ch\/#website","url":"https:\/\/regalanimals.ch\/","name":"Tierfest","description":"Hochwertiges Futter und Zubeh\u00f6r f\u00fcr Katzen, Hunde und Frettchen","publisher":{"@id":"https:\/\/regalanimals.ch\/#organization"},"potentialAction":[{"@type":"SearchAction","target":{"@type":"EntryPoint","urlTemplate":"https:\/\/regalanimals.ch\/?s={search_term_string}"},"query-input":{"@type":"PropertyValueSpecification","valueRequired":true,"valueName":"search_term_string"}}],"inLanguage":"de"},{"@type":"Organization","@id":"https:\/\/regalanimals.ch\/#organization","name":"Tierfest","url":"https:\/\/regalanimals.ch\/","logo":{"@type":"ImageObject","inLanguage":"de","@id":"https:\/\/regalanimals.ch\/#\/schema\/logo\/image\/","url":"https:\/\/regalanimals.ch\/wp-content\/uploads\/2025\/04\/cropped-Logo-site-e1744634610403-1.webp","contentUrl":"https:\/\/regalanimals.ch\/wp-content\/uploads\/2025\/04\/cropped-Logo-site-e1744634610403-1.webp","width":512,"height":512,"caption":"R\u00e9gal Animals"},"image":{"@id":"https:\/\/regalanimals.ch\/#\/schema\/logo\/image\/"}}]}},"_links":{"self":[{"href":"https:\/\/regalanimals.ch\/de\/wp-json\/wp\/v2\/product\/31276","targetHints":{"allow":["GET"]}}],"collection":[{"href":"https:\/\/regalanimals.ch\/de\/wp-json\/wp\/v2\/product"}],"about":[{"href":"https:\/\/regalanimals.ch\/de\/wp-json\/wp\/v2\/types\/product"}],"replies":[{"embeddable":true,"href":"https:\/\/regalanimals.ch\/de\/wp-json\/wp\/v2\/comments?post=31276"}],"wp:featuredmedia":[{"embeddable":true,"href":"https:\/\/regalanimals.ch\/de\/wp-json\/wp\/v2\/media\/40039"}],"wp:attachment":[{"href":"https:\/\/regalanimals.ch\/de\/wp-json\/wp\/v2\/media?parent=31276"}],"wp:term":[{"taxonomy":"product_brand","embeddable":true,"href":"https:\/\/regalanimals.ch\/de\/wp-json\/wp\/v2\/product_brand?post=31276"},{"taxonomy":"product_cat","embeddable":true,"href":"https:\/\/regalanimals.ch\/de\/wp-json\/wp\/v2\/product_cat?post=31276"},{"taxonomy":"product_tag","embeddable":true,"href":"https:\/\/regalanimals.ch\/de\/wp-json\/wp\/v2\/product_tag?post=31276"}],"curies":[{"name":"wp","href":"https:\/\/api.w.org\/{rel}","templated":true}]}}