{"id":31281,"date":"2024-04-16T17:43:56","date_gmt":"2024-04-16T15:43:56","guid":{"rendered":"https:\/\/regalanimals.geekworkers.dev\/?post_type=product&#038;p=31281"},"modified":"2026-03-22T07:50:14","modified_gmt":"2026-03-22T06:50:14","slug":"tresse-de-buffle","status":"publish","type":"product","link":"https:\/\/regalanimals.ch\/de\/product\/tresse-de-buffle\/","title":{"rendered":"Tresse de Buffle (10 pi\u00e8ces )"},"content":{"rendered":"<h2 data-start=\"213\" data-end=\"249\"><strong data-start=\"215\" data-end=\"249\">Tresse de Buffle pour chien (10 pi\u00e8ces)\ud83d\udc36<\/strong><\/h2>\n<h3 data-start=\"251\" data-end=\"308\">Ein nat\u00fcrlicher Leckerbissen, der Spa\u00df beim Kauen macht.<\/h3>\n<p data-start=\"310\" data-end=\"895\">Der Buffalo Braid ist ein 100% nat\u00fcrlicher Leckerbissen, der Ihrem Hund ein gesundes und genussvolles Kauvergn\u00fcgen bietet. Dank seiner geflochtenen und robusten Struktur befriedigt dieses Kauspielzeug perfekt sein nat\u00fcrliches Kaubed\u00fcrfnis. Dar\u00fcber hinaus enth\u00e4lt dieser Leckerbissen keine Zusatzstoffe, Farbstoffe oder Konservierungsmittel. So genie\u00dft Ihr Vierbeiner eine einfache, sichere und wirklich schmackhafte Belohnung. Jeder Zopf ist ein Unikat, da er aus sorgf\u00e4ltig zusammengesetzten Lederstreifen gefertigt wird und so ein anregendes und befriedigendes Kauerlebnis garantiert.<\/p>\n<hr data-start=\"897\" data-end=\"900\" \/>\n<h2 data-start=\"902\" data-end=\"958\"><strong data-start=\"904\" data-end=\"958\">Ein anregender Kausnack f\u00fcr einen gl\u00fccklichen Hund \ud83c\udf1f<\/strong><\/h2>\n<p data-start=\"960\" data-end=\"1489\">Ihr Hund kaut gern, sei es zur Entspannung oder um seinen nat\u00fcrlichen Instinkten nachzugehen. B\u00fcffelz\u00f6pfe sind daher eine hervorragende Wahl und bieten ein abwechslungsreiches und leicht verdauliches Sinneserlebnis. Dar\u00fcber hinaus st\u00e4rkt dieses Kauspielzeug die Kiefermuskulatur. Regelm\u00e4\u00dfiges Kauen hilft au\u00dferdem, Zahnbelag und Zahnstein zu entfernen und unterst\u00fctzt so eine gute Mundhygiene. Kurz gesagt: Dieser Leckerbissen ist eine gesunde Besch\u00e4ftigung, die Ihren Hund besch\u00e4ftigt, beruhigt und Langeweile vorbeugt.<\/p>\n<hr data-start=\"1491\" data-end=\"1494\" \/>\n<h2 data-start=\"1496\" data-end=\"1558\"><strong data-start=\"1498\" data-end=\"1558\">Ein fettarmer Genuss f\u00fcr alle K\u00f6rpertypen \ud83d\udc4d<\/strong><\/h2>\n<p data-start=\"1560\" data-end=\"2214\">B\u00fcffelz\u00f6pfe sind proteinreich und fettarm und daher ideal f\u00fcr Hunde, die auf ihr Gewicht achten oder einen moderaten Aktivit\u00e4tsgrad haben. Sie eignen sich f\u00fcr alle Hunderassen: kleine Kauer, energiegeladene Hunde und sogar sensible Tiere. Auch Welpen im Alter von vier bis sechs Monaten profitieren davon, wenn ihre Z\u00e4hne langsam stark genug werden. Dieser Leckerbissen lindert Zahnungsschmerzen und bietet ein angenehmes und beruhigendes Kauerlebnis. Mit einem B\u00fcffelzopf verw\u00f6hnen Sie Ihren Hund mit einem nat\u00fcrlichen, anregenden und rundum zufriedenstellenden Leckerbissen.<\/p>\n<p data-start=\"2216\" data-end=\"2402\">Ihr Hund sollte beim Kauen stets Zugang zu Wasser haben. Wie bei allen Kauspielzeugen empfiehlt es sich au\u00dferdem, ihn beim Kauen zu beaufsichtigen.<\/p>\n<hr data-start=\"2404\" data-end=\"2407\" \/>\n<h2 data-start=\"2409\" data-end=\"2437\"><strong data-start=\"2411\" data-end=\"2437\">H\u00e4ufig gestellte Fragen \ud83d\udc3e<\/strong><\/h2>\n<h3>\u2753 Noch unentschlossen? Hier finden Sie Antworten auf die am h\u00e4ufigsten gestellten Fragen zu Buffalo Braid.<\/h3>\n<h4>\u27a1\ufe0f Was ist ein B\u00fcffelzopf?<\/h4>\n<p data-start=\"2598\" data-end=\"2789\">Dieses Kauspielzeug besteht aus geflochtenen und getrockneten B\u00fcffellederstreifen. Es bietet ein langes und anregendes Kauvergn\u00fcgen und ist perfekt f\u00fcr Hunde, die gerne kauen.<\/p>\n<h4 data-start=\"2791\" data-end=\"2844\">\u27a1\ufe0f Welche Vorteile bietet diese Leckerei?<\/h4>\n<p data-start=\"2845\" data-end=\"3009\">Es f\u00f6rdert eine gute Mundhygiene, hilft, Zahnbelag zu entfernen und st\u00e4rkt die Kiefermuskulatur. Au\u00dferdem besch\u00e4ftigt es Ihren Hund und beugt Langeweile vor.<\/p>\n<h4 data-start=\"3011\" data-end=\"3052\">\u27a1\ufe0f Ist es f\u00fcr alle Hunde geeignet?<\/h4>\n<p data-start=\"3053\" data-end=\"3248\">Ja, dieser Leckerbissen ist f\u00fcr die meisten Hunde geeignet, unabh\u00e4ngig von Gr\u00f6\u00dfe und Alter. Sie k\u00f6nnen ihn auch Welpen im Alter von vier bis sechs Monaten geben, sobald deren Z\u00e4hne ausreichend entwickelt sind.<\/p>\n<h4 data-start=\"3250\" data-end=\"3276\">\u27a1\ufe0f Ist es verdaulich?<\/h4>\n<p data-start=\"3277\" data-end=\"3427\">Ja, Buffalo Braid ist vollst\u00e4ndig verdaulich und enth\u00e4lt keine Zusatz- oder Konservierungsstoffe. Daher ist es auch f\u00fcr Hunde mit empfindlichem Magen geeignet.<\/p>\n<hr data-start=\"3429\" data-end=\"3432\" \/>\n<h2 data-start=\"3434\" data-end=\"3464\">\ud83d\udca6 Ratschl\u00e4ge von R\u00e9gal&#039;Animals \ud83d\udc9a<\/h2>\n<p data-start=\"3466\" data-end=\"3817\">Verwandeln Sie den B\u00fcffelzopf in ein lustiges, interaktives Spiel f\u00fcr Ihren Hund. Halten Sie den Zopf zun\u00e4chst ein paar Sekunden lang fest, um seine Neugier zu wecken. Lassen Sie ihn dann sanft daran ziehen \u2013 das macht das Kauen zum Vergn\u00fcgen und st\u00e4rkt Ihre Bindung. Beim Kauen teilt sich der Zopf in mehrere Streifen, was das Ganze noch lohnender macht. So genie\u00dft Ihr Hund nicht nur ein angenehmes Kauvergn\u00fcgen, sondern auch ein anregendes Spiel \u2013 ganz nat\u00fcrlich und voller Freude. \ud83d\udc9a<\/p>\n<hr data-start=\"3819\" data-end=\"3822\" \/>\n<h4 data-start=\"3824\" data-end=\"3862\">\u27a1\ufe0f Sollten Sie Ihren Hund im Auge behalten?<\/h4>\n<p data-start=\"3863\" data-end=\"4076\">Ja, behalten Sie Ihren Hund im Auge, w\u00e4hrend er an seinem Leckerli kaut, besonders wenn es sich um einen Buffalo Braid handelt. Da dieser durch Speichel weich wird, k\u00f6nnte ein sehr eifriger Hund ein weiches St\u00fcck etwas zu schnell herunterschlucken.<\/p>\n<h4 data-start=\"4078\" data-end=\"4117\">\u27a1\ufe0f Wie viele pro Woche geben?<\/h4>\n<p data-start=\"4118\" data-end=\"4289\">Das h\u00e4ngt ganz von der Gr\u00f6\u00dfe und dem Aktivit\u00e4tslevel Ihres Hundes ab. Im Allgemeinen reichen ein bis drei Z\u00f6pfe pro Woche aus. Bei einem Welpen ist es am besten, langsam damit anzufangen.<\/p>\n<h4 data-start=\"4291\" data-end=\"4340\">\u27a1\ufe0f Wie bewahrt man Buffalo Braids auf?<\/h4>\n<p data-start=\"4341\" data-end=\"4486\">Bewahren Sie sie einfach an einem trockenen, k\u00fchlen und lichtgesch\u00fctzten Ort auf. Bei ordnungsgem\u00e4\u00df wiederverschlossener Verpackung sind sie mehrere Monate haltbar.<\/p>\n<hr data-start=\"4488\" data-end=\"4491\" \/>\n<h4 data-start=\"4493\" data-end=\"4510\"><strong data-start=\"4495\" data-end=\"4510\">Zusammensetzung<\/strong><\/h4>\n<p data-start=\"4512\" data-end=\"4532\">100 % B\u00fcffelleder<\/p>\n<h4 data-start=\"4534\" data-end=\"4564\"><strong data-start=\"4536\" data-end=\"4564\">Analytische Bestandteile<\/strong><\/h4>\n<p data-start=\"4566\" data-end=\"4676\">Rohprotein: 75,05 %<br data-start=\"4590\" data-end=\"4593\" \/>Rohfett: 8,96 %<br data-start=\"4625\" data-end=\"4628\" \/>Mineralstoffe: 3,21 %<br data-start=\"4655\" data-end=\"4658\" \/>Luftfeuchtigkeit: 12,57 %<\/p>\n<p>&nbsp;<\/p>\n<p><a href=\"https:\/\/regalanimals.ch\/de\/product\/peau-de-cerf-30cm-a-ronger\/\">Vorschlag f\u00fcr ihn<\/a><a href=\"https:\/\/youtube.com\/shorts\/aau3GuLtXI0?si=O5izZ0fcGOmJSghj\">Zufriedener Kunde!<\/a><\/p>","protected":false},"excerpt":{"rendered":"<p>Tresse de Buffle pour chien (10 pi\u00e8ces)\ud83d\udc36 Une friandise naturelle et pleine de plaisir \u00e0 m\u00e2cher La Tresse de Buffle est une friandise 100 % naturelle qui offre \u00e0 ton chien une activit\u00e9 de mastication saine et agr\u00e9able. Gr\u00e2ce \u00e0 sa texture tress\u00e9e et robuste, cet article \u00e0 ronger r\u00e9pond parfaitement \u00e0 son besoin instinctif [&hellip;]<\/p>\n","protected":false},"featured_media":38182,"menu_order":0,"comment_status":"open","ping_status":"closed","template":"","meta":[],"product_brand":[],"product_cat":[231,24],"product_tag":[],"class_list":{"0":"post-31281","1":"product","2":"type-product","3":"status-publish","4":"has-post-thumbnail","6":"product_cat-a-ronger","7":"product_cat-chiens","9":"first","10":"instock","11":"taxable","12":"shipping-taxable","13":"purchasable","14":"product-type-simple"},"yoast_head":"<!-- This site is optimized with the Yoast SEO Premium plugin v27.4 (Yoast SEO v27.4) - https:\/\/yoast.com\/product\/yoast-seo-premium-wordpress\/ -->\n<title>Tresse de Buffle pour chien<\/title>\n<meta name=\"description\" content=\"Un article \u00e0 ronger qui offre exp\u00e9rience enrichissante. Nos Tresse de Buffle stimuleront les sens de votre chien \u00e0 chaque bouch\u00e9e !\" \/>\n<meta name=\"robots\" content=\"index, follow, max-snippet:-1, max-image-preview:large, max-video-preview:-1\" \/>\n<link rel=\"canonical\" href=\"https:\/\/regalanimals.ch\/de\/product\/tresse-de-buffle\/\" \/>\n<meta property=\"og:locale\" content=\"de_DE\" \/>\n<meta property=\"og:type\" content=\"article\" \/>\n<meta property=\"og:title\" content=\"Tresse de Buffle (10 pi\u00e8ces )\" \/>\n<meta property=\"og:description\" content=\"Un article \u00e0 ronger qui offre exp\u00e9rience enrichissante. Nos Tresse de Buffle stimuleront les sens de votre chien \u00e0 chaque bouch\u00e9e !\" \/>\n<meta property=\"og:url\" content=\"https:\/\/regalanimals.ch\/de\/product\/tresse-de-buffle\/\" \/>\n<meta property=\"og:site_name\" content=\"R\u00e9gal&#039;Animals\" \/>\n<meta property=\"article:modified_time\" content=\"2026-03-22T06:50:14+00:00\" \/>\n<meta property=\"og:image\" content=\"https:\/\/regalanimals.ch\/wp-content\/uploads\/2025\/08\/Tresse-peau-buffle-article-ronger.webp\" \/>\n\t<meta property=\"og:image:width\" content=\"940\" \/>\n\t<meta property=\"og:image:height\" content=\"788\" \/>\n\t<meta property=\"og:image:type\" content=\"image\/webp\" \/>\n<meta name=\"twitter:card\" content=\"summary_large_image\" \/>\n<meta name=\"twitter:label1\" content=\"Gesch\u00e4tzte Lesezeit\" \/>\n\t<meta name=\"twitter:data1\" content=\"4\u00a0Minuten\" \/>\n<script type=\"application\/ld+json\" class=\"yoast-schema-graph\">{\"@context\":\"https:\\\/\\\/schema.org\",\"@graph\":[{\"@type\":\"WebPage\",\"@id\":\"https:\\\/\\\/regalanimals.ch\\\/product\\\/tresse-de-buffle\\\/\",\"url\":\"https:\\\/\\\/regalanimals.ch\\\/product\\\/tresse-de-buffle\\\/\",\"name\":\"Tresse de Buffle pour chien\",\"isPartOf\":{\"@id\":\"https:\\\/\\\/regalanimals.ch\\\/#website\"},\"primaryImageOfPage\":{\"@id\":\"https:\\\/\\\/regalanimals.ch\\\/product\\\/tresse-de-buffle\\\/#primaryimage\"},\"image\":{\"@id\":\"https:\\\/\\\/regalanimals.ch\\\/product\\\/tresse-de-buffle\\\/#primaryimage\"},\"thumbnailUrl\":\"https:\\\/\\\/regalanimals.ch\\\/wp-content\\\/uploads\\\/2025\\\/08\\\/Tresse-peau-buffle-article-ronger.webp\",\"datePublished\":\"2024-04-16T15:43:56+00:00\",\"dateModified\":\"2026-03-22T06:50:14+00:00\",\"description\":\"Un article \u00e0 ronger qui offre exp\u00e9rience enrichissante. Nos Tresse de Buffle stimuleront les sens de votre chien \u00e0 chaque bouch\u00e9e !\",\"breadcrumb\":{\"@id\":\"https:\\\/\\\/regalanimals.ch\\\/product\\\/tresse-de-buffle\\\/#breadcrumb\"},\"inLanguage\":\"de\",\"potentialAction\":[{\"@type\":\"ReadAction\",\"target\":[\"https:\\\/\\\/regalanimals.ch\\\/product\\\/tresse-de-buffle\\\/\"]}]},{\"@type\":\"ImageObject\",\"inLanguage\":\"de\",\"@id\":\"https:\\\/\\\/regalanimals.ch\\\/product\\\/tresse-de-buffle\\\/#primaryimage\",\"url\":\"https:\\\/\\\/regalanimals.ch\\\/wp-content\\\/uploads\\\/2025\\\/08\\\/Tresse-peau-buffle-article-ronger.webp\",\"contentUrl\":\"https:\\\/\\\/regalanimals.ch\\\/wp-content\\\/uploads\\\/2025\\\/08\\\/Tresse-peau-buffle-article-ronger.webp\",\"width\":940,\"height\":788,\"caption\":\"Tresses de peau de buffle \u2013 Friandises naturelles \u00e0 m\u00e2cher.\"},{\"@type\":\"BreadcrumbList\",\"@id\":\"https:\\\/\\\/regalanimals.ch\\\/product\\\/tresse-de-buffle\\\/#breadcrumb\",\"itemListElement\":[{\"@type\":\"ListItem\",\"position\":1,\"name\":\"Home\",\"item\":\"https:\\\/\\\/regalanimals.ch\\\/\"},{\"@type\":\"ListItem\",\"position\":2,\"name\":\"Boutique\",\"item\":\"https:\\\/\\\/regalanimals.ch\\\/shop\\\/\"},{\"@type\":\"ListItem\",\"position\":3,\"name\":\"Tresse de Buffle (10 pi\u00e8ces )\"}]},{\"@type\":\"WebSite\",\"@id\":\"https:\\\/\\\/regalanimals.ch\\\/#website\",\"url\":\"https:\\\/\\\/regalanimals.ch\\\/\",\"name\":\"R\u00e9gal Animals\",\"description\":\"Alimentation et articles de qualit\u00e9 pour chats, chiens et furets\",\"publisher\":{\"@id\":\"https:\\\/\\\/regalanimals.ch\\\/#organization\"},\"potentialAction\":[{\"@type\":\"SearchAction\",\"target\":{\"@type\":\"EntryPoint\",\"urlTemplate\":\"https:\\\/\\\/regalanimals.ch\\\/?s={search_term_string}\"},\"query-input\":{\"@type\":\"PropertyValueSpecification\",\"valueRequired\":true,\"valueName\":\"search_term_string\"}}],\"inLanguage\":\"de\"},{\"@type\":\"Organization\",\"@id\":\"https:\\\/\\\/regalanimals.ch\\\/#organization\",\"name\":\"R\u00e9gal Animals\",\"url\":\"https:\\\/\\\/regalanimals.ch\\\/\",\"logo\":{\"@type\":\"ImageObject\",\"inLanguage\":\"de\",\"@id\":\"https:\\\/\\\/regalanimals.ch\\\/#\\\/schema\\\/logo\\\/image\\\/\",\"url\":\"https:\\\/\\\/regalanimals.ch\\\/wp-content\\\/uploads\\\/2025\\\/04\\\/cropped-Logo-site-e1744634610403-1.webp\",\"contentUrl\":\"https:\\\/\\\/regalanimals.ch\\\/wp-content\\\/uploads\\\/2025\\\/04\\\/cropped-Logo-site-e1744634610403-1.webp\",\"width\":512,\"height\":512,\"caption\":\"R\u00e9gal Animals\"},\"image\":{\"@id\":\"https:\\\/\\\/regalanimals.ch\\\/#\\\/schema\\\/logo\\\/image\\\/\"}}]}<\/script>\n<!-- \/ Yoast SEO Premium plugin. -->","yoast_head_json":{"title":"Tresse de Buffle pour chien","description":"Ein leckerer Kausnack, der ein lohnendes Erlebnis bietet. Unser Buffalo Braid stimuliert die Sinne Ihres Hundes mit jedem Bissen!","robots":{"index":"index","follow":"follow","max-snippet":"max-snippet:-1","max-image-preview":"max-image-preview:large","max-video-preview":"max-video-preview:-1"},"canonical":"https:\/\/regalanimals.ch\/de\/product\/tresse-de-buffle\/","og_locale":"de_DE","og_type":"article","og_title":"Tresse de Buffle (10 pi\u00e8ces )","og_description":"Un article \u00e0 ronger qui offre exp\u00e9rience enrichissante. Nos Tresse de Buffle stimuleront les sens de votre chien \u00e0 chaque bouch\u00e9e !","og_url":"https:\/\/regalanimals.ch\/de\/product\/tresse-de-buffle\/","og_site_name":"R\u00e9gal&#039;Animals","article_modified_time":"2026-03-22T06:50:14+00:00","og_image":[{"width":940,"height":788,"url":"https:\/\/regalanimals.ch\/wp-content\/uploads\/2025\/08\/Tresse-peau-buffle-article-ronger.webp","type":"image\/webp"}],"twitter_card":"summary_large_image","twitter_misc":{"Gesch\u00e4tzte Lesezeit":"4\u00a0Minuten"},"schema":{"@context":"https:\/\/schema.org","@graph":[{"@type":"WebPage","@id":"https:\/\/regalanimals.ch\/product\/tresse-de-buffle\/","url":"https:\/\/regalanimals.ch\/product\/tresse-de-buffle\/","name":"Tresse de Buffle pour chien","isPartOf":{"@id":"https:\/\/regalanimals.ch\/#website"},"primaryImageOfPage":{"@id":"https:\/\/regalanimals.ch\/product\/tresse-de-buffle\/#primaryimage"},"image":{"@id":"https:\/\/regalanimals.ch\/product\/tresse-de-buffle\/#primaryimage"},"thumbnailUrl":"https:\/\/regalanimals.ch\/wp-content\/uploads\/2025\/08\/Tresse-peau-buffle-article-ronger.webp","datePublished":"2024-04-16T15:43:56+00:00","dateModified":"2026-03-22T06:50:14+00:00","description":"Ein leckerer Kausnack, der ein lohnendes Erlebnis bietet. Unser Buffalo Braid stimuliert die Sinne Ihres Hundes mit jedem Bissen!","breadcrumb":{"@id":"https:\/\/regalanimals.ch\/product\/tresse-de-buffle\/#breadcrumb"},"inLanguage":"de","potentialAction":[{"@type":"ReadAction","target":["https:\/\/regalanimals.ch\/product\/tresse-de-buffle\/"]}]},{"@type":"ImageObject","inLanguage":"de","@id":"https:\/\/regalanimals.ch\/product\/tresse-de-buffle\/#primaryimage","url":"https:\/\/regalanimals.ch\/wp-content\/uploads\/2025\/08\/Tresse-peau-buffle-article-ronger.webp","contentUrl":"https:\/\/regalanimals.ch\/wp-content\/uploads\/2025\/08\/Tresse-peau-buffle-article-ronger.webp","width":940,"height":788,"caption":"Tresses de peau de buffle \u2013 Friandises naturelles \u00e0 m\u00e2cher."},{"@type":"BreadcrumbList","@id":"https:\/\/regalanimals.ch\/product\/tresse-de-buffle\/#breadcrumb","itemListElement":[{"@type":"ListItem","position":1,"name":"Home","item":"https:\/\/regalanimals.ch\/"},{"@type":"ListItem","position":2,"name":"Boutique","item":"https:\/\/regalanimals.ch\/shop\/"},{"@type":"ListItem","position":3,"name":"Tresse de Buffle (10 pi\u00e8ces )"}]},{"@type":"WebSite","@id":"https:\/\/regalanimals.ch\/#website","url":"https:\/\/regalanimals.ch\/","name":"Tierfest","description":"Hochwertiges Futter und Zubeh\u00f6r f\u00fcr Katzen, Hunde und Frettchen","publisher":{"@id":"https:\/\/regalanimals.ch\/#organization"},"potentialAction":[{"@type":"SearchAction","target":{"@type":"EntryPoint","urlTemplate":"https:\/\/regalanimals.ch\/?s={search_term_string}"},"query-input":{"@type":"PropertyValueSpecification","valueRequired":true,"valueName":"search_term_string"}}],"inLanguage":"de"},{"@type":"Organization","@id":"https:\/\/regalanimals.ch\/#organization","name":"Tierfest","url":"https:\/\/regalanimals.ch\/","logo":{"@type":"ImageObject","inLanguage":"de","@id":"https:\/\/regalanimals.ch\/#\/schema\/logo\/image\/","url":"https:\/\/regalanimals.ch\/wp-content\/uploads\/2025\/04\/cropped-Logo-site-e1744634610403-1.webp","contentUrl":"https:\/\/regalanimals.ch\/wp-content\/uploads\/2025\/04\/cropped-Logo-site-e1744634610403-1.webp","width":512,"height":512,"caption":"R\u00e9gal Animals"},"image":{"@id":"https:\/\/regalanimals.ch\/#\/schema\/logo\/image\/"}}]}},"_links":{"self":[{"href":"https:\/\/regalanimals.ch\/de\/wp-json\/wp\/v2\/product\/31281","targetHints":{"allow":["GET"]}}],"collection":[{"href":"https:\/\/regalanimals.ch\/de\/wp-json\/wp\/v2\/product"}],"about":[{"href":"https:\/\/regalanimals.ch\/de\/wp-json\/wp\/v2\/types\/product"}],"replies":[{"embeddable":true,"href":"https:\/\/regalanimals.ch\/de\/wp-json\/wp\/v2\/comments?post=31281"}],"wp:featuredmedia":[{"embeddable":true,"href":"https:\/\/regalanimals.ch\/de\/wp-json\/wp\/v2\/media\/38182"}],"wp:attachment":[{"href":"https:\/\/regalanimals.ch\/de\/wp-json\/wp\/v2\/media?parent=31281"}],"wp:term":[{"taxonomy":"product_brand","embeddable":true,"href":"https:\/\/regalanimals.ch\/de\/wp-json\/wp\/v2\/product_brand?post=31281"},{"taxonomy":"product_cat","embeddable":true,"href":"https:\/\/regalanimals.ch\/de\/wp-json\/wp\/v2\/product_cat?post=31281"},{"taxonomy":"product_tag","embeddable":true,"href":"https:\/\/regalanimals.ch\/de\/wp-json\/wp\/v2\/product_tag?post=31281"}],"curies":[{"name":"wp","href":"https:\/\/api.w.org\/{rel}","templated":true}]}}