{"id":31473,"date":"2024-08-10T13:37:04","date_gmt":"2024-08-10T11:37:04","guid":{"rendered":"https:\/\/regalanimals.geekworkers.dev\/?post_type=product&#038;p=31473"},"modified":"2026-03-21T21:23:49","modified_gmt":"2026-03-21T20:23:49","slug":"racine-bruyere","status":"publish","type":"product","link":"https:\/\/regalanimals.ch\/de\/product\/racine-bruyere\/","title":{"rendered":"Heidekrautwurzel"},"content":{"rendered":"<h2 data-start=\"228\" data-end=\"738\">Heather dr\u00fcckt Hunden die Daumen \ud83c\udf3f<\/h2>\n<p data-start=\"228\" data-end=\"738\">Heidekrautwurzel f\u00fcr Hunde ist eine 100% nat\u00fcrliche, nachhaltige und \u00e4u\u00dferst beliebte Kaualternative. Sie wird direkt aus der Wurzel des Heidekrautstrauchs (Erica arborea) gewonnen. Dank ihrer nat\u00fcrlichen Dichte und der rosaroten Farbt\u00f6ne ist diese Wurzel ein robustes und umweltfreundliches Kauspielzeug. Sie bietet stundenlangen Spielspa\u00df und befriedigt effektiv das nat\u00fcrliche Kaubed\u00fcrfnis des Hundes. Dar\u00fcber hinaus tr\u00e4gt sie zur Zahnhygiene bei und f\u00f6rdert ruhige Aktivit\u00e4ten, wodurch Stress abgebaut wird.<\/p>\n<h3 data-start=\"580\" data-end=\"918\">Verf\u00fcgbare Gr\u00f6\u00dfen und Gewichte \ud83d\udc36<\/h3>\n<p data-start=\"580\" data-end=\"918\">Da es sich um ein Naturprodukt handelt, ist jede Heidekrautwurzel f\u00fcr Hunde einzigartig in ihrer Form. Daher k\u00f6nnen Gr\u00f6\u00dfe und Gewicht leicht variieren. Um ein komfortables und sicheres Kauen zu gew\u00e4hrleisten, empfiehlt es sich, eine etwas gr\u00f6\u00dfere Gr\u00f6\u00dfe als den gesch\u00e4tzten Bedarf Ihres Hundes zu w\u00e4hlen.<\/p>\n<div class=\"TyagGW_tableContainer\">\n<div class=\"group TyagGW_tableWrapper flex w-fit flex-col-reverse\" tabindex=\"-1\">\n<table class=\"w-fit min-w-(--thread-content-width)\" data-start=\"920\" data-end=\"1434\">\n<thead data-start=\"920\" data-end=\"1001\">\n<tr data-start=\"920\" data-end=\"1001\">\n<th data-start=\"920\" data-end=\"929\" data-col-size=\"sm\">Gr\u00f6\u00dfe<\/th>\n<th data-start=\"929\" data-end=\"962\" data-col-size=\"sm\">Durchschnittsgewicht (tats\u00e4chlicher Lieferant)<\/th>\n<th data-start=\"962\" data-end=\"980\" data-col-size=\"sm\">F\u00fcr Hunde von\u2026<\/th>\n<th data-start=\"980\" data-end=\"1001\" data-col-size=\"sm\">Beispiele f\u00fcr Rassen<\/th>\n<\/tr>\n<\/thead>\n<tbody data-start=\"1083\" data-end=\"1434\">\n<tr data-start=\"1083\" data-end=\"1136\">\n<td data-start=\"1083\" data-end=\"1088\" data-col-size=\"sm\">XS<\/td>\n<td data-col-size=\"sm\" data-start=\"1088\" data-end=\"1097\">\u2265 60 g<\/td>\n<td data-col-size=\"sm\" data-start=\"1097\" data-end=\"1112\">bis 5 kg<\/td>\n<td data-col-size=\"sm\" data-start=\"1112\" data-end=\"1136\">Chihuahua, Yorkshire<\/td>\n<\/tr>\n<tr data-start=\"1137\" data-end=\"1187\">\n<td data-start=\"1137\" data-end=\"1141\" data-col-size=\"sm\">S<\/td>\n<td data-col-size=\"sm\" data-start=\"1141\" data-end=\"1151\">\u2265 120 g<\/td>\n<td data-col-size=\"sm\" data-start=\"1151\" data-end=\"1163\">5 bis 10 kg<\/td>\n<td data-col-size=\"sm\" data-start=\"1163\" data-end=\"1187\">Jack Russell, Dackel<\/td>\n<\/tr>\n<tr data-start=\"1188\" data-end=\"1242\">\n<td data-start=\"1188\" data-end=\"1192\" data-col-size=\"sm\">M<\/td>\n<td data-col-size=\"sm\" data-start=\"1192\" data-end=\"1202\">\u2265 250 g<\/td>\n<td data-col-size=\"sm\" data-start=\"1202\" data-end=\"1215\">10 bis 20 kg<\/td>\n<td data-col-size=\"sm\" data-start=\"1215\" data-end=\"1242\">Cocker Spaniel, Beagle, Pudel<\/td>\n<\/tr>\n<tr data-start=\"1243\" data-end=\"1309\">\n<td data-start=\"1243\" data-end=\"1247\" data-col-size=\"sm\">L<\/td>\n<td data-start=\"1247\" data-end=\"1257\" data-col-size=\"sm\">\u2265 350 g<\/td>\n<td data-col-size=\"sm\" data-start=\"1257\" data-end=\"1270\">20 bis 40 kg<\/td>\n<td data-col-size=\"sm\" data-start=\"1270\" data-end=\"1309\">Australischer Sch\u00e4ferhund, Cattle Dog, Bulldogge<\/td>\n<\/tr>\n<tr data-start=\"1310\" data-end=\"1371\">\n<td data-start=\"1310\" data-end=\"1315\" data-col-size=\"sm\">XL<\/td>\n<td data-col-size=\"sm\" data-start=\"1315\" data-end=\"1325\">\u2265 600 g<\/td>\n<td data-col-size=\"sm\" data-start=\"1325\" data-end=\"1341\">\u00fcber 40 kg<\/td>\n<td data-col-size=\"sm\" data-start=\"1341\" data-end=\"1371\">Malamute, Golden Retriever, Labrador<\/td>\n<\/tr>\n<tr data-start=\"1372\" data-end=\"1434\">\n<td data-start=\"1372\" data-end=\"1378\" data-col-size=\"sm\">XXL<\/td>\n<td data-col-size=\"sm\" data-start=\"1378\" data-end=\"1388\">\u2265 850 g<\/td>\n<td data-col-size=\"sm\" data-start=\"1388\" data-end=\"1404\">\u00fcber 50 kg<\/td>\n<td data-col-size=\"sm\" data-start=\"1404\" data-end=\"1434\">Sankt Bernhard, Neufundland<\/td>\n<\/tr>\n<\/tbody>\n<\/table>\n<\/div>\n<\/div>\n<h2 data-start=\"740\" data-end=\"1151\">Ein umweltfreundlicher Genuss \ud83c\udf31<\/h2>\n<p data-start=\"740\" data-end=\"1151\">Diese Heidekrautwurzel f\u00fcr Hunde wird verantwortungsvoll und ohne den Einsatz von Chemikalien geerntet. Sorgf\u00e4ltige Verarbeitung gew\u00e4hrleistet die Sicherheit Ihres Hundes in jeder Phase. Dar\u00fcber hinaus wird der gesamte Prozess umweltschonend und nachhaltig durchgef\u00fchrt. Somit stellt diese Wurzel eine \u00f6kologische und gesunde Alternative zu herk\u00f6mmlichen Kauspielzeugen dar und respektiert gleichzeitig den nat\u00fcrlichen Kauinstinkt Ihres Hundes.<\/p>\n<h2 data-start=\"1153\" data-end=\"1611\">Mundhygiene und nachhaltiges Kauen \ud83e\uddb7<\/h2>\n<p data-start=\"1153\" data-end=\"1611\">Wenn ein Hund Heidekrautwurzel kaut, st\u00e4rkt dies seine Kiefermuskulatur und beugt Zahnbelag und Zahnsteinbildung vor. Die Wurzel splittert nicht in gef\u00e4hrliche St\u00fccke und ist daher selbst f\u00fcr Hunde mit dem gr\u00f6\u00dften Kaudrang geeignet. Bei l\u00e4ngerem Gebrauch k\u00f6nnen sich kleine Splitter bilden, die jedoch vom Hund leicht verdaut werden. Heidekrautwurzel bietet somit eine zuverl\u00e4ssige, langanhaltende und sichere L\u00f6sung f\u00fcr Hunde, die gerne ausgiebig kauen.<\/p>\n<h3 data-start=\"1613\" data-end=\"1825\">H\u00e4ufig gestellte Fragen zu Heather Root f\u00fcr Hunde \ud83d\udc3e<\/h3>\n<p data-start=\"1613\" data-end=\"1825\">Hier finden Sie Antworten auf die am h\u00e4ufigsten gestellten Fragen zur Anwendung, Sicherheit und den Vorteilen von Heidekrautwurzel f\u00fcr Hunde.<\/p>\n<h4 data-start=\"1827\" data-end=\"2080\">\u27a1\ufe0f Was ist Heidekrautwurzel f\u00fcr Hunde?<\/h4>\n<p data-start=\"1827\" data-end=\"2080\">Heidekrautwurzel f\u00fcr Hunde stammt vom Stumpf des Heidekrautstrauchs (Erica arborea). Es handelt sich um ein von Natur aus dichtes und widerstandsf\u00e4higes Holz, das zu einem 100% nat\u00fcrlichen Kauartikel f\u00fcr Hunde verarbeitet wird.<\/p>\n<h4 data-start=\"2082\" data-end=\"2357\">\u27a1\ufe0f Welche Vorteile bietet Heidekrautwurzel f\u00fcr Hunde?<\/h4>\n<p data-start=\"2082\" data-end=\"2357\">Es befriedigt das nat\u00fcrliche Kaubed\u00fcrfnis, st\u00e4rkt die Z\u00e4hne und hilft, Zahnbelag und Zahnstein zu reduzieren. Au\u00dferdem vertreibt es Langeweile und f\u00f6rdert durch das anhaltende Kauen die Entspannung.<\/p>\n<hr data-start=\"2359\" data-end=\"2393\" \/>\n<h3 data-start=\"2394\" data-end=\"2724\">\ud83d\udca6 Ratschl\u00e4ge von R\u00e9gal&#039;Animals \ud83d\udc9a<\/h3>\n<p data-start=\"2394\" data-end=\"2724\">Um Heidekrautwurzeln f\u00fcr Hunde attraktiver zu machen, k\u00f6nnen Sie sie leicht mit etwas Lachs\u00f6l einreiben. Das verst\u00e4rkt ihren nat\u00fcrlichen Duft und regt Ihren Hund zum Kauen an. Sie k\u00f6nnen die Wurzel auch \u00fcber Nacht im Trockenfutterbeutel lassen, damit sie die vertrauten Aromen aufnimmt. Dadurch wird das Kauen f\u00fcr Ihren Hund noch anregender.<\/p>\n<hr data-start=\"2725\" data-end=\"2757\" \/>\n<h4 data-start=\"2759\" data-end=\"3020\">\u27a1\ufe0f Wie wird Heidekrautwurzel f\u00fcr Hunde hergestellt?<\/h4>\n<p data-start=\"2759\" data-end=\"3020\">Die Wurzeln werden in Italien geerntet und anschlie\u00dfend vier Stunden lang gekocht, um die Tannine auf nat\u00fcrliche Weise zu reduzieren. Danach werden sie luftgetrocknet, bevor sie ohne Zugabe von Chemikalien zugeschnitten und geschliffen werden.<\/p>\n<h4 data-start=\"3022\" data-end=\"3230\">\u27a1\ufe0f Ist Heidekrautwurzel unbedenklich f\u00fcr Hunde?<\/h4>\n<p data-start=\"3022\" data-end=\"3230\">Ja, weil es nicht in scharfe Splitter zerbricht. Es k\u00f6nnen zwar kleine Fragmente entstehen, diese kann der Hund jedoch in kleinen Mengen problemlos verdauen.<\/p>\n<h4 data-start=\"3232\" data-end=\"3447\">\u27a1\ufe0f Ist Heidekrautwurzel f\u00fcr Hunde und Welpen geeignet?<\/h4>\n<p data-start=\"3232\" data-end=\"3447\">Ja, es ist f\u00fcr Welpen ab 3 Monaten geeignet. Es erm\u00f6glicht ihnen, ihr Kaubed\u00fcrfnis zu befriedigen und gleichzeitig ihre wachsenden Z\u00e4hne zu schonen.<\/p>\n<h4 data-start=\"3449\" data-end=\"3670\">\u27a1\ufe0f Welche Gr\u00f6\u00dfe sollte die Heidekrautwurzel f\u00fcr meinen Hund haben?<\/h4>\n<p data-start=\"3449\" data-end=\"3670\">Die Wahl h\u00e4ngt vom Gewicht des Hundes ab. Es empfiehlt sich jedoch, eine etwas gr\u00f6\u00dfere Wurzel zu w\u00e4hlen, um optimale Sicherheit beim Kauen zu gew\u00e4hrleisten.<\/p>\n<h4 data-start=\"3672\" data-end=\"3884\">\u27a1\ufe0f Kann Heidekrautwurzel bei Hunden Stress reduzieren?<\/h4>\n<p data-start=\"3672\" data-end=\"3884\">Ja, denn Kauen hat eine nat\u00fcrliche, beruhigende Wirkung. Es eignet sich besonders f\u00fcr \u00e4ngstliche, genesende oder weniger aktive Hunde.<\/p>\n<h4 data-start=\"3886\" data-end=\"4054\">\u27a1\ufe0f Wie lange h\u00e4lt Heather Root f\u00fcr Hunde?<\/h4>\n<p data-start=\"3886\" data-end=\"4054\">Die Dauer variiert je nach Intensit\u00e4t des Kauens. Im Allgemeinen begleitet diese Wurzel den Hund mehrere Monate oder sogar mehrere Jahre.<\/p>\n<p data-start=\"4056\" data-end=\"4093\"><strong>Zusammensetzung<\/strong><br data-start=\"4067\" data-end=\"4070\" \/>100 % Heidekrautwurzel<\/p>\n<p data-start=\"4095\" data-end=\"4263\"><strong>Analytische Bestandteile<\/strong><br data-start=\"4119\" data-end=\"4122\" \/>Rohfasern: 80\u201385 %<br data-start=\"4145\" data-end=\"4148\" \/>Luftfeuchtigkeit: 10\u201315 %<br data-start=\"4166\" data-end=\"4169\" \/>Mineralische Rohstoffe: 1\u20132 %<br data-start=\"4202\" data-end=\"4205\" \/>Rohprotein: &lt; 1 %<br data-start=\"4229\" data-end=\"4232\" \/>Rohfettgehalt: &lt; 1 %<\/p>\n<p><a href=\"https:\/\/regalanimals.ch\/de\/product\/tresse-peau-de-buffle\/\">Vorschlag f\u00fcr ihn<\/a><a href=\"https:\/\/youtu.be\/yXPRaPwntPA\">Zufriedener Kunde!<\/a><\/p>","protected":false},"excerpt":{"rendered":"<p>Racine de Bruy\u00e8re pour chien \ud83c\udf3f La Racine de Bruy\u00e8re pour chien constitue une solution de mastication 100 % naturelle, durable et tr\u00e8s appr\u00e9ci\u00e9e. Elle provient directement de la souche de l\u2019arbuste de bruy\u00e8re Erica arborea. Gr\u00e2ce \u00e0 sa densit\u00e9 naturelle et \u00e0 ses teintes ros\u00e9es \u00e0 rouge\u00e2tres, cette racine devient un article \u00e0 ronger [&hellip;]<\/p>\n","protected":false},"featured_media":39974,"menu_order":0,"comment_status":"open","ping_status":"closed","template":"","meta":[],"product_brand":[],"product_cat":[231,24],"product_tag":[],"class_list":{"0":"post-31473","1":"product","2":"type-product","3":"status-publish","4":"has-post-thumbnail","6":"product_cat-a-ronger","7":"product_cat-chiens","9":"first","10":"instock","11":"taxable","12":"shipping-taxable","13":"purchasable","14":"product-type-variable"},"yoast_head":"<!-- This site is optimized with the Yoast SEO Premium plugin v27.3 (Yoast SEO v27.3) - https:\/\/yoast.com\/product\/yoast-seo-premium-wordpress\/ -->\n<title>Racine de Bruy\u00e8re pour chien bois v\u00e9g\u00e9tal \u00e0 m\u00e2cher<\/title>\n<meta name=\"description\" content=\"Une solution r\u00e9sistante qui occupe votre chien. La Racine de Bruy\u00e8re favorise l\u2019apaisement, soutient l\u2019hygi\u00e8ne bucco-dentaire et respecte l\u2019environnement.\" \/>\n<meta name=\"robots\" content=\"index, follow, max-snippet:-1, max-image-preview:large, max-video-preview:-1\" \/>\n<link rel=\"canonical\" href=\"https:\/\/regalanimals.ch\/de\/product\/racine-bruyere\/\" \/>\n<meta property=\"og:locale\" content=\"de_DE\" \/>\n<meta property=\"og:type\" content=\"article\" \/>\n<meta property=\"og:title\" content=\"Racine de Bruy\u00e8re\" \/>\n<meta property=\"og:description\" content=\"Une solution r\u00e9sistante qui occupe votre chien. La Racine de Bruy\u00e8re favorise l\u2019apaisement, soutient l\u2019hygi\u00e8ne bucco-dentaire et respecte l\u2019environnement.\" \/>\n<meta property=\"og:url\" content=\"https:\/\/regalanimals.ch\/de\/product\/racine-bruyere\/\" \/>\n<meta property=\"og:site_name\" content=\"R\u00e9gal&#039;Animals\" \/>\n<meta property=\"article:modified_time\" content=\"2026-03-21T20:23:49+00:00\" \/>\n<meta property=\"og:image\" content=\"https:\/\/regalanimals.ch\/wp-content\/uploads\/2025\/11\/Racine-de-Bruyere.webp\" \/>\n\t<meta property=\"og:image:width\" content=\"358\" \/>\n\t<meta property=\"og:image:height\" content=\"300\" \/>\n\t<meta property=\"og:image:type\" content=\"image\/webp\" \/>\n<meta name=\"twitter:card\" content=\"summary_large_image\" \/>\n<meta name=\"twitter:label1\" content=\"Gesch\u00e4tzte Lesezeit\" \/>\n\t<meta name=\"twitter:data1\" content=\"5\u00a0Minuten\" \/>\n<script type=\"application\/ld+json\" class=\"yoast-schema-graph\">{\"@context\":\"https:\\\/\\\/schema.org\",\"@graph\":[{\"@type\":\"WebPage\",\"@id\":\"https:\\\/\\\/regalanimals.ch\\\/product\\\/racine-bruyere\\\/\",\"url\":\"https:\\\/\\\/regalanimals.ch\\\/product\\\/racine-bruyere\\\/\",\"name\":\"Racine de Bruy\u00e8re pour chien bois v\u00e9g\u00e9tal \u00e0 m\u00e2cher\",\"isPartOf\":{\"@id\":\"https:\\\/\\\/regalanimals.ch\\\/#website\"},\"primaryImageOfPage\":{\"@id\":\"https:\\\/\\\/regalanimals.ch\\\/product\\\/racine-bruyere\\\/#primaryimage\"},\"image\":{\"@id\":\"https:\\\/\\\/regalanimals.ch\\\/product\\\/racine-bruyere\\\/#primaryimage\"},\"thumbnailUrl\":\"https:\\\/\\\/regalanimals.ch\\\/wp-content\\\/uploads\\\/2025\\\/11\\\/Racine-de-Bruyere.webp\",\"datePublished\":\"2024-08-10T11:37:04+00:00\",\"dateModified\":\"2026-03-21T20:23:49+00:00\",\"description\":\"Une solution r\u00e9sistante qui occupe votre chien. La Racine de Bruy\u00e8re favorise l\u2019apaisement, soutient l\u2019hygi\u00e8ne bucco-dentaire et respecte l\u2019environnement.\",\"breadcrumb\":{\"@id\":\"https:\\\/\\\/regalanimals.ch\\\/product\\\/racine-bruyere\\\/#breadcrumb\"},\"inLanguage\":\"de\",\"potentialAction\":[{\"@type\":\"ReadAction\",\"target\":[\"https:\\\/\\\/regalanimals.ch\\\/product\\\/racine-bruyere\\\/\"]}]},{\"@type\":\"ImageObject\",\"inLanguage\":\"de\",\"@id\":\"https:\\\/\\\/regalanimals.ch\\\/product\\\/racine-bruyere\\\/#primaryimage\",\"url\":\"https:\\\/\\\/regalanimals.ch\\\/wp-content\\\/uploads\\\/2025\\\/11\\\/Racine-de-Bruyere.webp\",\"contentUrl\":\"https:\\\/\\\/regalanimals.ch\\\/wp-content\\\/uploads\\\/2025\\\/11\\\/Racine-de-Bruyere.webp\",\"width\":358,\"height\":300,\"caption\":\"Racine de bruy\u00e8re \u2013 un bois dur et naturel pour satisfaire les besoins de mastication des chiens.\"},{\"@type\":\"BreadcrumbList\",\"@id\":\"https:\\\/\\\/regalanimals.ch\\\/product\\\/racine-bruyere\\\/#breadcrumb\",\"itemListElement\":[{\"@type\":\"ListItem\",\"position\":1,\"name\":\"Home\",\"item\":\"https:\\\/\\\/regalanimals.ch\\\/\"},{\"@type\":\"ListItem\",\"position\":2,\"name\":\"Boutique\",\"item\":\"https:\\\/\\\/regalanimals.ch\\\/shop\\\/\"},{\"@type\":\"ListItem\",\"position\":3,\"name\":\"Racine de Bruy\u00e8re\"}]},{\"@type\":\"WebSite\",\"@id\":\"https:\\\/\\\/regalanimals.ch\\\/#website\",\"url\":\"https:\\\/\\\/regalanimals.ch\\\/\",\"name\":\"R\u00e9gal Animals\",\"description\":\"Alimentation et articles de qualit\u00e9 pour chats, chiens et furets\",\"publisher\":{\"@id\":\"https:\\\/\\\/regalanimals.ch\\\/#organization\"},\"potentialAction\":[{\"@type\":\"SearchAction\",\"target\":{\"@type\":\"EntryPoint\",\"urlTemplate\":\"https:\\\/\\\/regalanimals.ch\\\/?s={search_term_string}\"},\"query-input\":{\"@type\":\"PropertyValueSpecification\",\"valueRequired\":true,\"valueName\":\"search_term_string\"}}],\"inLanguage\":\"de\"},{\"@type\":\"Organization\",\"@id\":\"https:\\\/\\\/regalanimals.ch\\\/#organization\",\"name\":\"R\u00e9gal Animals\",\"url\":\"https:\\\/\\\/regalanimals.ch\\\/\",\"logo\":{\"@type\":\"ImageObject\",\"inLanguage\":\"de\",\"@id\":\"https:\\\/\\\/regalanimals.ch\\\/#\\\/schema\\\/logo\\\/image\\\/\",\"url\":\"https:\\\/\\\/regalanimals.ch\\\/wp-content\\\/uploads\\\/2025\\\/07\\\/Logo-RegalAnimals.png\",\"contentUrl\":\"https:\\\/\\\/regalanimals.ch\\\/wp-content\\\/uploads\\\/2025\\\/07\\\/Logo-RegalAnimals.png\",\"width\":120,\"height\":153,\"caption\":\"R\u00e9gal Animals\"},\"image\":{\"@id\":\"https:\\\/\\\/regalanimals.ch\\\/#\\\/schema\\\/logo\\\/image\\\/\"}}]}<\/script>\n<!-- \/ Yoast SEO Premium plugin. -->","yoast_head_json":{"title":"Heidekrautwurzel f\u00fcr Hunde, ein pflanzliches Kauspielzeug","description":"Eine langlebige L\u00f6sung, die Ihren Hund besch\u00e4ftigt. Heidekrautwurzel f\u00f6rdert die Ruhe, unterst\u00fctzt die Zahnhygiene und ist umweltfreundlich.","robots":{"index":"index","follow":"follow","max-snippet":"max-snippet:-1","max-image-preview":"max-image-preview:large","max-video-preview":"max-video-preview:-1"},"canonical":"https:\/\/regalanimals.ch\/de\/product\/racine-bruyere\/","og_locale":"de_DE","og_type":"article","og_title":"Racine de Bruy\u00e8re","og_description":"Une solution r\u00e9sistante qui occupe votre chien. La Racine de Bruy\u00e8re favorise l\u2019apaisement, soutient l\u2019hygi\u00e8ne bucco-dentaire et respecte l\u2019environnement.","og_url":"https:\/\/regalanimals.ch\/de\/product\/racine-bruyere\/","og_site_name":"R\u00e9gal&#039;Animals","article_modified_time":"2026-03-21T20:23:49+00:00","og_image":[{"width":358,"height":300,"url":"https:\/\/regalanimals.ch\/wp-content\/uploads\/2025\/11\/Racine-de-Bruyere.webp","type":"image\/webp"}],"twitter_card":"summary_large_image","twitter_misc":{"Gesch\u00e4tzte Lesezeit":"5\u00a0Minuten"},"schema":{"@context":"https:\/\/schema.org","@graph":[{"@type":"WebPage","@id":"https:\/\/regalanimals.ch\/product\/racine-bruyere\/","url":"https:\/\/regalanimals.ch\/product\/racine-bruyere\/","name":"Heidekrautwurzel f\u00fcr Hunde, ein pflanzliches Kauspielzeug","isPartOf":{"@id":"https:\/\/regalanimals.ch\/#website"},"primaryImageOfPage":{"@id":"https:\/\/regalanimals.ch\/product\/racine-bruyere\/#primaryimage"},"image":{"@id":"https:\/\/regalanimals.ch\/product\/racine-bruyere\/#primaryimage"},"thumbnailUrl":"https:\/\/regalanimals.ch\/wp-content\/uploads\/2025\/11\/Racine-de-Bruyere.webp","datePublished":"2024-08-10T11:37:04+00:00","dateModified":"2026-03-21T20:23:49+00:00","description":"Eine langlebige L\u00f6sung, die Ihren Hund besch\u00e4ftigt. Heidekrautwurzel f\u00f6rdert die Ruhe, unterst\u00fctzt die Zahnhygiene und ist umweltfreundlich.","breadcrumb":{"@id":"https:\/\/regalanimals.ch\/product\/racine-bruyere\/#breadcrumb"},"inLanguage":"de","potentialAction":[{"@type":"ReadAction","target":["https:\/\/regalanimals.ch\/product\/racine-bruyere\/"]}]},{"@type":"ImageObject","inLanguage":"de","@id":"https:\/\/regalanimals.ch\/product\/racine-bruyere\/#primaryimage","url":"https:\/\/regalanimals.ch\/wp-content\/uploads\/2025\/11\/Racine-de-Bruyere.webp","contentUrl":"https:\/\/regalanimals.ch\/wp-content\/uploads\/2025\/11\/Racine-de-Bruyere.webp","width":358,"height":300,"caption":"Racine de bruy\u00e8re \u2013 un bois dur et naturel pour satisfaire les besoins de mastication des chiens."},{"@type":"BreadcrumbList","@id":"https:\/\/regalanimals.ch\/product\/racine-bruyere\/#breadcrumb","itemListElement":[{"@type":"ListItem","position":1,"name":"Home","item":"https:\/\/regalanimals.ch\/"},{"@type":"ListItem","position":2,"name":"Boutique","item":"https:\/\/regalanimals.ch\/shop\/"},{"@type":"ListItem","position":3,"name":"Racine de Bruy\u00e8re"}]},{"@type":"WebSite","@id":"https:\/\/regalanimals.ch\/#website","url":"https:\/\/regalanimals.ch\/","name":"Tierfest","description":"Hochwertiges Futter und Zubeh\u00f6r f\u00fcr Katzen, Hunde und Frettchen","publisher":{"@id":"https:\/\/regalanimals.ch\/#organization"},"potentialAction":[{"@type":"SearchAction","target":{"@type":"EntryPoint","urlTemplate":"https:\/\/regalanimals.ch\/?s={search_term_string}"},"query-input":{"@type":"PropertyValueSpecification","valueRequired":true,"valueName":"search_term_string"}}],"inLanguage":"de"},{"@type":"Organization","@id":"https:\/\/regalanimals.ch\/#organization","name":"Tierfest","url":"https:\/\/regalanimals.ch\/","logo":{"@type":"ImageObject","inLanguage":"de","@id":"https:\/\/regalanimals.ch\/#\/schema\/logo\/image\/","url":"https:\/\/regalanimals.ch\/wp-content\/uploads\/2025\/07\/Logo-RegalAnimals.png","contentUrl":"https:\/\/regalanimals.ch\/wp-content\/uploads\/2025\/07\/Logo-RegalAnimals.png","width":120,"height":153,"caption":"R\u00e9gal Animals"},"image":{"@id":"https:\/\/regalanimals.ch\/#\/schema\/logo\/image\/"}}]}},"_links":{"self":[{"href":"https:\/\/regalanimals.ch\/de\/wp-json\/wp\/v2\/product\/31473","targetHints":{"allow":["GET"]}}],"collection":[{"href":"https:\/\/regalanimals.ch\/de\/wp-json\/wp\/v2\/product"}],"about":[{"href":"https:\/\/regalanimals.ch\/de\/wp-json\/wp\/v2\/types\/product"}],"replies":[{"embeddable":true,"href":"https:\/\/regalanimals.ch\/de\/wp-json\/wp\/v2\/comments?post=31473"}],"wp:featuredmedia":[{"embeddable":true,"href":"https:\/\/regalanimals.ch\/de\/wp-json\/wp\/v2\/media\/39974"}],"wp:attachment":[{"href":"https:\/\/regalanimals.ch\/de\/wp-json\/wp\/v2\/media?parent=31473"}],"wp:term":[{"taxonomy":"product_brand","embeddable":true,"href":"https:\/\/regalanimals.ch\/de\/wp-json\/wp\/v2\/product_brand?post=31473"},{"taxonomy":"product_cat","embeddable":true,"href":"https:\/\/regalanimals.ch\/de\/wp-json\/wp\/v2\/product_cat?post=31473"},{"taxonomy":"product_tag","embeddable":true,"href":"https:\/\/regalanimals.ch\/de\/wp-json\/wp\/v2\/product_tag?post=31473"}],"curies":[{"name":"wp","href":"https:\/\/api.w.org\/{rel}","templated":true}]}}