{"id":31670,"date":"2024-12-11T12:52:28","date_gmt":"2024-12-11T11:52:28","guid":{"rendered":"https:\/\/regalanimals.geekworkers.dev\/?post_type=product&#038;p=31670"},"modified":"2026-01-21T07:54:08","modified_gmt":"2026-01-21T06:54:08","slug":"bon-cadeau-chf-50","status":"publish","type":"product","link":"https:\/\/regalanimals.ch\/de\/product\/bon-cadeau-chf-50\/","title":{"rendered":"Geschenkgutschein CHF 50.-"},"content":{"rendered":"<h2 data-start=\"322\" data-end=\"350\"><strong data-start=\"324\" data-end=\"350\">Geschenkgutschein CHF 50.\u2013 \ud83c\udf81<\/strong><\/h2>\n<h3 data-start=\"352\" data-end=\"423\">Das gro\u00dfz\u00fcgige Geschenk, das Tieren und ihren Menschen Freude bereitet.<\/h3>\n<p data-start=\"425\" data-end=\"865\">Der CHF 50-Geschenkgutschein ist die perfekte Wahl, wenn Sie ein n\u00fctzliches, gro\u00dfz\u00fcgiges und absolut gelingsicheres Geschenk suchen. Mit diesem gro\u00dfz\u00fcgigen Betrag kann der Beschenkte frei aus unserem gesamten Sortiment w\u00e4hlen: von nat\u00fcrlichen Leckerlis \u00fcber robustes Spielzeug und Pflegeprodukte bis hin zu Alltagsaccessoires. So verschenken Sie einen Gutschein, der jedem Geschmack und jedem Vierbeiner Freude bereitet.<\/p>\n<hr data-start=\"867\" data-end=\"870\" \/>\n<h2 data-start=\"872\" data-end=\"927\"><strong data-start=\"874\" data-end=\"927\">Ein flexibles Geschenk, um Ihr Haustier zu verw\u00f6hnen \ud83d\udc3e \ud83d\udc3e<\/strong><\/h2>\n<p data-start=\"929\" data-end=\"1445\">Dieses Geschenk bietet Ihnen maximale Freiheit bei der Auswahl dessen, was Ihrem Haustier wirklich Freude bereitet. Stellen Sie einen individuellen Geschenkkorb zusammen: mit nat\u00fcrlichen Leckerlis, geeignetem Futter, sanften Pflegeprodukten oder Nahrungserg\u00e4nzungsmitteln f\u00fcr sein Wohlbefinden. Dank der einj\u00e4hrigen G\u00fcltigkeit haben Sie gen\u00fcgend Zeit, die passenden Artikel auszuw\u00e4hlen. Der Geschenkgutschein kann auch dazu beitragen, die Kosten f\u00fcr gr\u00f6\u00dfere Anschaffungen wie einen Futtervorrat oder ein Wellness-Set zu reduzieren. Kurz gesagt: Dieses praktische Geschenk erm\u00f6glicht eine individuelle Auswahl ohne Einschr\u00e4nkungen und kommt immer gut an.<\/p>\n<hr data-start=\"1447\" data-end=\"1450\" \/>\n<h2 data-start=\"1452\" data-end=\"1503\"><strong data-start=\"1454\" data-end=\"1503\">Eine \u00dcberraschung, die perfekt f\u00fcr jeden Anlass ist \ud83c\udf89<\/strong><\/h2>\n<p data-start=\"1505\" data-end=\"1910\">Ob zum Geburtstag, zu Weihnachten, zu einem anderen Anlass oder einfach als nette Geste \u2013 dieser Geschenkgutschein ist perfekt f\u00fcr jeden Moment. Er eignet sich auch ideal f\u00fcr Freunde, die sich gerade ein Haustier angeschafft haben, oder als Dankesch\u00f6n an einen Tierliebhaber. Sie k\u00f6nnen ihn pers\u00f6nlich \u00fcberreichen oder direkt an den Beschenkten senden. So schenken Sie ein unkompliziertes, flexibles und stets willkommenes Geschenk.<\/p>\n<hr data-start=\"1912\" data-end=\"1915\" \/>\n<h2 data-start=\"1917\" data-end=\"1945\"><strong data-start=\"1919\" data-end=\"1945\">H\u00e4ufig gestellte Fragen \ud83d\udc3e<\/strong><\/h2>\n<h3>\u2753 Noch unentschlossen? Hier finden Sie die Antworten auf die h\u00e4ufigsten Fragen zum CHF 50.\u2013 Geschenkgutschein.<\/h3>\n<h4>\u27a1\ufe0f Wie kann ich diesen Gutschein einl\u00f6sen?<\/h4>\n<p data-start=\"2096\" data-end=\"2281\">Nach Erhalt finden Sie auf Ihrem Gutschein einen individuellen Code. Geben Sie diesen Code bei Ihrer Bestellung im daf\u00fcr vorgesehenen Feld f\u00fcr den Rabatt ein. Der Rabatt wird automatisch abgezogen.<\/p>\n<h4 data-start=\"2283\" data-end=\"2330\">\u27a1\ufe0f F\u00fcr welche Produkte kann der CHF 50.\u2013 Geschenkgutschein verwendet werden?<\/h4>\n<p data-start=\"2332\" data-end=\"2477\">Dieser Gutschein kann im gesamten Gesch\u00e4ft ohne Einschr\u00e4nkungen eingel\u00f6st werden: f\u00fcr Lebensmittel, Leckereien, Spielzeug, Accessoires, Hygieneartikel, Kauspielzeug und vieles mehr.<\/p>\n<h4 data-start=\"2479\" data-end=\"2520\">\u27a1\ufe0f Wie lange ist diese Geschenkkarte g\u00fcltig?<\/h4>\n<p data-start=\"2522\" data-end=\"2641\">Sie haben zw\u00f6lf Monate Zeit, es zu nutzen, was Ihnen gen\u00fcgend Zeit l\u00e4sst, die perfekten Produkte auszuw\u00e4hlen.<\/p>\n<hr data-start=\"2643\" data-end=\"2646\" \/>\n<h3 data-start=\"2648\" data-end=\"2678\">\ud83d\udca6 Ratschl\u00e4ge von R\u00e9gal&#039;Animals \ud83d\udc9a<\/h3>\n<p data-start=\"2680\" data-end=\"3006\">Ein Geschenkgutschein im Wert von 50 CHF ist immer eine willkommene Aufmerksamkeit. Mit einer pers\u00f6nlichen Note wird er aber zu einem unvergesslichen Erlebnis. Stecken Sie ihn zum Beispiel in einen h\u00fcbschen Umschlag, zusammen mit einer kleinen Nachricht oder einem Leckerli f\u00fcr den Menschen. So bereiten Sie nicht nur Ihrem vierbeinigen Freund, sondern auch Ihrem Besitzer eine Freude! \ud83d\udc9a<\/p>\n<hr data-start=\"3008\" data-end=\"3011\" \/>\n<h4 data-start=\"3013\" data-end=\"3051\">\u27a1\ufe0f Kann es direkt verschenkt werden?<\/h4>\n<p data-start=\"3053\" data-end=\"3155\">Ja, Sie k\u00f6nnen es sich nach Hause schicken lassen oder es direkt an eine Person Ihrer Wahl senden lassen, um eine sofortige \u00dcberraschung zu gew\u00e4hrleisten.<\/p>\n<h4 data-start=\"3157\" data-end=\"3197\">\u27a1\ufe0f K\u00f6nnen mehrere Gutscheine kombiniert werden?<\/h4>\n<p data-start=\"3199\" data-end=\"3326\">Ja, mehrere Gutscheine k\u00f6nnen in derselben Bestellung verwendet werden, solange ihr Gesamtwert den Wert des Warenkorbs nicht \u00fcbersteigt.<\/p>\n<h4 data-start=\"3328\" data-end=\"3374\">\u27a1\ufe0f Kann es mehrmals verwendet werden?<\/h4>\n<p data-start=\"3376\" data-end=\"3420\">Nein, dieser Gutschein ist nur f\u00fcr eine einzelne Bestellung g\u00fcltig.<\/p>\n<h4 data-start=\"3422\" data-end=\"3467\">\u27a1\ufe0f Funktioniert es mit Werbeaktionen?<\/h4>\n<p data-start=\"3469\" data-end=\"3559\">Ja, solange der Gutschein noch g\u00fcltig ist, kann er mit aktuellen Aktionen kombiniert werden.<\/p>\n<hr data-start=\"3561\" data-end=\"3564\" \/>\n<h2 data-start=\"3566\" data-end=\"3597\"><strong data-start=\"3568\" data-end=\"3597\">Wichtige Informationen<\/strong><\/h2>\n<ul data-start=\"3599\" data-end=\"3744\">\n<li data-start=\"3599\" data-end=\"3624\">\n<p data-start=\"3601\" data-end=\"3624\">Wert : <strong data-start=\"3610\" data-end=\"3622\">CHF 50.\u2013<\/strong><\/p>\n<\/li>\n<li data-start=\"3625\" data-end=\"3667\">\n<p data-start=\"3627\" data-end=\"3667\">Verwendbar: <strong data-start=\"3640\" data-end=\"3665\">im gesamten Gesch\u00e4ft<\/strong><\/p>\n<\/li>\n<li data-start=\"3668\" data-end=\"3691\">\n<p data-start=\"3670\" data-end=\"3691\">G\u00fcltigkeit: <strong data-start=\"3681\" data-end=\"3689\">1 Jahr<\/strong><\/p>\n<\/li>\n<li data-start=\"3692\" data-end=\"3744\">\n<p data-start=\"3694\" data-end=\"3744\">Format: <strong data-start=\"3703\" data-end=\"3744\">digital oder auf Papier, ganz nach Ihren W\u00fcnschen.<\/strong><\/p>\n<\/li>\n<\/ul>\n<p>&nbsp;<\/p>\n<h2><\/h2>\n<p><a href=\"https:\/\/regalanimals.ch\/de\/product\/pack-friandises-bidoche\/\">Vorschlag f\u00fcr ihn<\/a><\/p>","protected":false},"excerpt":{"rendered":"<p>Bon Cadeau CHF 50.\u2013 \ud83c\udf81 Le cadeau g\u00e9n\u00e9reux qui fait plaisir aux animaux\u2026 et \u00e0 leurs humains Le Bon Cadeau CHF 50.\u2013 est parfait lorsque tu veux offrir un pr\u00e9sent \u00e0 la fois utile, g\u00e9n\u00e9reux et totalement sans risque d\u2019erreur. Gr\u00e2ce \u00e0 ce montant confortable, la personne qui le re\u00e7oit peut choisir librement parmi tous [&hellip;]<\/p>\n","protected":false},"featured_media":38198,"menu_order":0,"comment_status":"closed","ping_status":"closed","template":"","meta":[],"product_brand":[],"product_cat":[89,24,90],"product_tag":[],"class_list":{"0":"post-31670","1":"product","2":"type-product","3":"status-publish","4":"has-post-thumbnail","6":"product_cat-chats","7":"product_cat-chiens","8":"product_cat-furets","10":"first","11":"instock","12":"purchasable","13":"product-type-simple"},"yoast_head":"<!-- This site is optimized with the Yoast SEO Premium plugin v27.3 (Yoast SEO v27.3) - https:\/\/yoast.com\/product\/yoast-seo-premium-wordpress\/ -->\n<title>Bon cadeau CHF 50.\u2013 Pour chiens et chats<\/title>\n<meta name=\"description\" content=\"Offrez une surprise simple et utile ; le Bon Cadeau CHF 50.-permet de choisir librement dans toute notre boutique et fait plaisir aux amoureux des animaux.\" \/>\n<meta name=\"robots\" content=\"index, follow, max-snippet:-1, max-image-preview:large, max-video-preview:-1\" \/>\n<link rel=\"canonical\" href=\"https:\/\/regalanimals.ch\/de\/product\/bon-cadeau-chf-50\/\" \/>\n<meta property=\"og:locale\" content=\"de_DE\" \/>\n<meta property=\"og:type\" content=\"article\" \/>\n<meta property=\"og:title\" content=\"Bon Cadeau CHF 50.-\" \/>\n<meta property=\"og:description\" content=\"Offrez une surprise simple et utile ; le Bon Cadeau CHF 50.-permet de choisir librement dans toute notre boutique et fait plaisir aux amoureux des animaux.\" \/>\n<meta property=\"og:url\" content=\"https:\/\/regalanimals.ch\/de\/product\/bon-cadeau-chf-50\/\" \/>\n<meta property=\"og:site_name\" content=\"R\u00e9gal&#039;Animals\" \/>\n<meta property=\"article:modified_time\" content=\"2026-01-21T06:54:08+00:00\" \/>\n<meta property=\"og:image\" content=\"https:\/\/regalanimals.ch\/wp-content\/uploads\/2025\/08\/Bon-cadeau-CHF-50.-.webp\" \/>\n\t<meta property=\"og:image:width\" content=\"940\" \/>\n\t<meta property=\"og:image:height\" content=\"788\" \/>\n\t<meta property=\"og:image:type\" content=\"image\/webp\" \/>\n<meta name=\"twitter:card\" content=\"summary_large_image\" \/>\n<meta name=\"twitter:label1\" content=\"Gesch\u00e4tzte Lesezeit\" \/>\n\t<meta name=\"twitter:data1\" content=\"4\u00a0Minuten\" \/>\n<script type=\"application\/ld+json\" class=\"yoast-schema-graph\">{\"@context\":\"https:\\\/\\\/schema.org\",\"@graph\":[{\"@type\":\"WebPage\",\"@id\":\"https:\\\/\\\/regalanimals.ch\\\/product\\\/bon-cadeau-chf-50\\\/\",\"url\":\"https:\\\/\\\/regalanimals.ch\\\/product\\\/bon-cadeau-chf-50\\\/\",\"name\":\"Bon cadeau CHF 50.\u2013 Pour chiens et chats\",\"isPartOf\":{\"@id\":\"https:\\\/\\\/regalanimals.ch\\\/#website\"},\"primaryImageOfPage\":{\"@id\":\"https:\\\/\\\/regalanimals.ch\\\/product\\\/bon-cadeau-chf-50\\\/#primaryimage\"},\"image\":{\"@id\":\"https:\\\/\\\/regalanimals.ch\\\/product\\\/bon-cadeau-chf-50\\\/#primaryimage\"},\"thumbnailUrl\":\"https:\\\/\\\/regalanimals.ch\\\/wp-content\\\/uploads\\\/2025\\\/08\\\/Bon-cadeau-CHF-50.-.webp\",\"datePublished\":\"2024-12-11T11:52:28+00:00\",\"dateModified\":\"2026-01-21T06:54:08+00:00\",\"description\":\"Offrez une surprise simple et utile ; le Bon Cadeau CHF 50.-permet de choisir librement dans toute notre boutique et fait plaisir aux amoureux des animaux.\",\"breadcrumb\":{\"@id\":\"https:\\\/\\\/regalanimals.ch\\\/product\\\/bon-cadeau-chf-50\\\/#breadcrumb\"},\"inLanguage\":\"de\",\"potentialAction\":[{\"@type\":\"ReadAction\",\"target\":[\"https:\\\/\\\/regalanimals.ch\\\/product\\\/bon-cadeau-chf-50\\\/\"]}]},{\"@type\":\"ImageObject\",\"inLanguage\":\"de\",\"@id\":\"https:\\\/\\\/regalanimals.ch\\\/product\\\/bon-cadeau-chf-50\\\/#primaryimage\",\"url\":\"https:\\\/\\\/regalanimals.ch\\\/wp-content\\\/uploads\\\/2025\\\/08\\\/Bon-cadeau-CHF-50.-.webp\",\"contentUrl\":\"https:\\\/\\\/regalanimals.ch\\\/wp-content\\\/uploads\\\/2025\\\/08\\\/Bon-cadeau-CHF-50.-.webp\",\"width\":940,\"height\":788,\"caption\":\"Bon cadeau CHF 50.\u2013 R\u00e9gal\u2019Animals\"},{\"@type\":\"BreadcrumbList\",\"@id\":\"https:\\\/\\\/regalanimals.ch\\\/product\\\/bon-cadeau-chf-50\\\/#breadcrumb\",\"itemListElement\":[{\"@type\":\"ListItem\",\"position\":1,\"name\":\"Home\",\"item\":\"https:\\\/\\\/regalanimals.ch\\\/\"},{\"@type\":\"ListItem\",\"position\":2,\"name\":\"Boutique\",\"item\":\"https:\\\/\\\/regalanimals.ch\\\/shop\\\/\"},{\"@type\":\"ListItem\",\"position\":3,\"name\":\"Bon Cadeau CHF 50.-\"}]},{\"@type\":\"WebSite\",\"@id\":\"https:\\\/\\\/regalanimals.ch\\\/#website\",\"url\":\"https:\\\/\\\/regalanimals.ch\\\/\",\"name\":\"R\u00e9gal Animals\",\"description\":\"Alimentation et articles de qualit\u00e9 pour chats, chiens et furets\",\"publisher\":{\"@id\":\"https:\\\/\\\/regalanimals.ch\\\/#organization\"},\"potentialAction\":[{\"@type\":\"SearchAction\",\"target\":{\"@type\":\"EntryPoint\",\"urlTemplate\":\"https:\\\/\\\/regalanimals.ch\\\/?s={search_term_string}\"},\"query-input\":{\"@type\":\"PropertyValueSpecification\",\"valueRequired\":true,\"valueName\":\"search_term_string\"}}],\"inLanguage\":\"de\"},{\"@type\":\"Organization\",\"@id\":\"https:\\\/\\\/regalanimals.ch\\\/#organization\",\"name\":\"R\u00e9gal Animals\",\"url\":\"https:\\\/\\\/regalanimals.ch\\\/\",\"logo\":{\"@type\":\"ImageObject\",\"inLanguage\":\"de\",\"@id\":\"https:\\\/\\\/regalanimals.ch\\\/#\\\/schema\\\/logo\\\/image\\\/\",\"url\":\"https:\\\/\\\/regalanimals.ch\\\/wp-content\\\/uploads\\\/2025\\\/07\\\/Logo-RegalAnimals.png\",\"contentUrl\":\"https:\\\/\\\/regalanimals.ch\\\/wp-content\\\/uploads\\\/2025\\\/07\\\/Logo-RegalAnimals.png\",\"width\":120,\"height\":153,\"caption\":\"R\u00e9gal Animals\"},\"image\":{\"@id\":\"https:\\\/\\\/regalanimals.ch\\\/#\\\/schema\\\/logo\\\/image\\\/\"}}]}<\/script>\n<!-- \/ Yoast SEO Premium plugin. -->","yoast_head_json":{"title":"Geschenkgutschein CHF 50.\u2013 F\u00fcr Hunde und Katzen","description":"Schenken Sie eine einfache und n\u00fctzliche \u00dcberraschung: Mit dem CHF 50.- Geschenkgutschein haben Sie freie Wahl in unserem gesamten Shop und erfreuen Tierliebhaber.","robots":{"index":"index","follow":"follow","max-snippet":"max-snippet:-1","max-image-preview":"max-image-preview:large","max-video-preview":"max-video-preview:-1"},"canonical":"https:\/\/regalanimals.ch\/de\/product\/bon-cadeau-chf-50\/","og_locale":"de_DE","og_type":"article","og_title":"Bon Cadeau CHF 50.-","og_description":"Offrez une surprise simple et utile ; le Bon Cadeau CHF 50.-permet de choisir librement dans toute notre boutique et fait plaisir aux amoureux des animaux.","og_url":"https:\/\/regalanimals.ch\/de\/product\/bon-cadeau-chf-50\/","og_site_name":"R\u00e9gal&#039;Animals","article_modified_time":"2026-01-21T06:54:08+00:00","og_image":[{"width":940,"height":788,"url":"https:\/\/regalanimals.ch\/wp-content\/uploads\/2025\/08\/Bon-cadeau-CHF-50.-.webp","type":"image\/webp"}],"twitter_card":"summary_large_image","twitter_misc":{"Gesch\u00e4tzte Lesezeit":"4\u00a0Minuten"},"schema":{"@context":"https:\/\/schema.org","@graph":[{"@type":"WebPage","@id":"https:\/\/regalanimals.ch\/product\/bon-cadeau-chf-50\/","url":"https:\/\/regalanimals.ch\/product\/bon-cadeau-chf-50\/","name":"Geschenkgutschein CHF 50.\u2013 F\u00fcr Hunde und Katzen","isPartOf":{"@id":"https:\/\/regalanimals.ch\/#website"},"primaryImageOfPage":{"@id":"https:\/\/regalanimals.ch\/product\/bon-cadeau-chf-50\/#primaryimage"},"image":{"@id":"https:\/\/regalanimals.ch\/product\/bon-cadeau-chf-50\/#primaryimage"},"thumbnailUrl":"https:\/\/regalanimals.ch\/wp-content\/uploads\/2025\/08\/Bon-cadeau-CHF-50.-.webp","datePublished":"2024-12-11T11:52:28+00:00","dateModified":"2026-01-21T06:54:08+00:00","description":"Schenken Sie eine einfache und n\u00fctzliche \u00dcberraschung: Mit dem CHF 50.- Geschenkgutschein haben Sie freie Wahl in unserem gesamten Shop und erfreuen Tierliebhaber.","breadcrumb":{"@id":"https:\/\/regalanimals.ch\/product\/bon-cadeau-chf-50\/#breadcrumb"},"inLanguage":"de","potentialAction":[{"@type":"ReadAction","target":["https:\/\/regalanimals.ch\/product\/bon-cadeau-chf-50\/"]}]},{"@type":"ImageObject","inLanguage":"de","@id":"https:\/\/regalanimals.ch\/product\/bon-cadeau-chf-50\/#primaryimage","url":"https:\/\/regalanimals.ch\/wp-content\/uploads\/2025\/08\/Bon-cadeau-CHF-50.-.webp","contentUrl":"https:\/\/regalanimals.ch\/wp-content\/uploads\/2025\/08\/Bon-cadeau-CHF-50.-.webp","width":940,"height":788,"caption":"Bon cadeau CHF 50.\u2013 R\u00e9gal\u2019Animals"},{"@type":"BreadcrumbList","@id":"https:\/\/regalanimals.ch\/product\/bon-cadeau-chf-50\/#breadcrumb","itemListElement":[{"@type":"ListItem","position":1,"name":"Home","item":"https:\/\/regalanimals.ch\/"},{"@type":"ListItem","position":2,"name":"Boutique","item":"https:\/\/regalanimals.ch\/shop\/"},{"@type":"ListItem","position":3,"name":"Bon Cadeau CHF 50.-"}]},{"@type":"WebSite","@id":"https:\/\/regalanimals.ch\/#website","url":"https:\/\/regalanimals.ch\/","name":"Tierfest","description":"Hochwertiges Futter und Zubeh\u00f6r f\u00fcr Katzen, Hunde und Frettchen","publisher":{"@id":"https:\/\/regalanimals.ch\/#organization"},"potentialAction":[{"@type":"SearchAction","target":{"@type":"EntryPoint","urlTemplate":"https:\/\/regalanimals.ch\/?s={search_term_string}"},"query-input":{"@type":"PropertyValueSpecification","valueRequired":true,"valueName":"search_term_string"}}],"inLanguage":"de"},{"@type":"Organization","@id":"https:\/\/regalanimals.ch\/#organization","name":"Tierfest","url":"https:\/\/regalanimals.ch\/","logo":{"@type":"ImageObject","inLanguage":"de","@id":"https:\/\/regalanimals.ch\/#\/schema\/logo\/image\/","url":"https:\/\/regalanimals.ch\/wp-content\/uploads\/2025\/07\/Logo-RegalAnimals.png","contentUrl":"https:\/\/regalanimals.ch\/wp-content\/uploads\/2025\/07\/Logo-RegalAnimals.png","width":120,"height":153,"caption":"R\u00e9gal Animals"},"image":{"@id":"https:\/\/regalanimals.ch\/#\/schema\/logo\/image\/"}}]}},"_links":{"self":[{"href":"https:\/\/regalanimals.ch\/de\/wp-json\/wp\/v2\/product\/31670","targetHints":{"allow":["GET"]}}],"collection":[{"href":"https:\/\/regalanimals.ch\/de\/wp-json\/wp\/v2\/product"}],"about":[{"href":"https:\/\/regalanimals.ch\/de\/wp-json\/wp\/v2\/types\/product"}],"replies":[{"embeddable":true,"href":"https:\/\/regalanimals.ch\/de\/wp-json\/wp\/v2\/comments?post=31670"}],"wp:featuredmedia":[{"embeddable":true,"href":"https:\/\/regalanimals.ch\/de\/wp-json\/wp\/v2\/media\/38198"}],"wp:attachment":[{"href":"https:\/\/regalanimals.ch\/de\/wp-json\/wp\/v2\/media?parent=31670"}],"wp:term":[{"taxonomy":"product_brand","embeddable":true,"href":"https:\/\/regalanimals.ch\/de\/wp-json\/wp\/v2\/product_brand?post=31670"},{"taxonomy":"product_cat","embeddable":true,"href":"https:\/\/regalanimals.ch\/de\/wp-json\/wp\/v2\/product_cat?post=31670"},{"taxonomy":"product_tag","embeddable":true,"href":"https:\/\/regalanimals.ch\/de\/wp-json\/wp\/v2\/product_tag?post=31670"}],"curies":[{"name":"wp","href":"https:\/\/api.w.org\/{rel}","templated":true}]}}