{"id":31761,"date":"2024-12-16T14:24:36","date_gmt":"2024-12-16T13:24:36","guid":{"rendered":"https:\/\/regalanimals.geekworkers.dev\/?post_type=product&#038;p=31761"},"modified":"2026-04-08T11:12:41","modified_gmt":"2026-04-08T09:12:41","slug":"patee-poulet-poisson-blanc","status":"publish","type":"product","link":"https:\/\/regalanimals.ch\/de\/product\/patee-poulet-poisson-blanc\/","title":{"rendered":"Pastete Huhn &amp; Wei\u00dffisch"},"content":{"rendered":"<h2 data-start=\"551\" data-end=\"597\">Une digestion l\u00e9g\u00e8re et naturelle avec la P\u00e2t\u00e9e Poulet &amp; Poisson blanc \ud83c\udf57\ud83d\udc1f<\/h2>\n<p data-start=\"598\" data-end=\"648\"><span data-path-to-node=\"3,1\"><span class=\"citation-356\">Ce repas complet mise sur des prot\u00e9ines l\u00e9g\u00e8res pour offrir un confort intestinal imm\u00e9diat<\/span><\/span><span data-path-to-node=\"3,3\">. <\/span><span data-path-to-node=\"3,5\"><span class=\"citation-355\">En effet, le m\u00e9lange de 60% de poulet et de 10% de poisson blanc garantit une digestion rapide<\/span><\/span><span data-path-to-node=\"3,7\">. <\/span><span data-path-to-node=\"3,9\"><span class=\"citation-354\">De plus, cette recette apporte des nutriments essentiels sans utiliser de c\u00e9r\u00e9ales ou de gluten<\/span><\/span><span data-path-to-node=\"3,11\">. <\/span><span data-path-to-node=\"3,13\"><span class=\"citation-353\">Par ailleurs, la pr\u00e9sence de taurine soutient le c\u0153ur et la vue des chats les plus d\u00e9licats<\/span><\/span><span data-path-to-node=\"3,15\">. <\/span><span data-path-to-node=\"3,17\"><span class=\"citation-352\">La P\u00e2t\u00e9e Poulet &amp; Poisson blanc devient ainsi une solution saine pour prot\u00e9ger la sant\u00e9 de votre compagnon<\/span><\/span><span data-path-to-node=\"3,19\">.<\/span><\/p>\n<h2 data-start=\"1118\" data-end=\"1180\"><strong>Une hydratation cibl\u00e9e pour le confort des reins<\/strong> \ud83c\udf1f<\/h2>\n<p data-start=\"1182\" data-end=\"1823\">La sant\u00e9 des chats repose sur un bon \u00e9quilibre en eau, souvent difficile \u00e0 maintenir avec des croquettes seules. C&rsquo;est pourquoi cette recette contient 29% de bouillon naturel afin de soutenir le bon fonctionnement du syst\u00e8me urinaire. Gr\u00e2ce \u00e0 un taux d&rsquo;humidit\u00e9 de 80%, ce sachet aide \u00e0 hydrater votre chat de mani\u00e8re naturelle. En outre, les min\u00e9raux essentiels participent au renforcement des d\u00e9fenses naturelles de votre animal. La P\u00e2t\u00e9e Poulet &amp; Poisson blanc constitue donc un pilier important pour sa forme au quotidien.<\/p>\n<h2 data-start=\"1830\" data-end=\"1882\"><strong>Un plaisir gourmand adapt\u00e9 \u00e0 chaque \u00e9tape de vie<\/strong> \ud83c\udf7d\ufe0f<\/h2>\n<p>La P\u00e2t\u00e9e Poulet &amp; Poisson blanc au format pratique de 85 g permet de servir une nourriture toujours fra\u00eeche \u00e0 votre chat. Effectivement, sa texture tendre r\u00e9pond aux besoins des chatons en croissance et des seniors aux gencives fragiles. En compl\u00e9ment de croquettes, cette pr\u00e9paration diversifie les menus pour stimuler l&rsquo;app\u00e9tit sans alourdir son apport \u00e9nerg\u00e9tique. De plus, la recette respecte les besoins naturels du chat gr\u00e2ce \u00e0 une composition saine, sans conservateurs artificiels. Chaque repas devient alors un moment de plaisir tout en assurant un bon \u00e9quilibre nutritionnel.<\/p>\n<h3 data-start=\"2366\" data-end=\"2393\"><strong>Questions fr\u00e9quentes sur la P\u00e2t\u00e9e Poulet &amp; Poisson blanc<\/strong>\ud83d\udc3e<\/h3>\n<h4 data-start=\"2523\" data-end=\"2577\">\u27a1\ufe0f Pourquoi choisir le poisson blanc pour un chat \u00e0 l&rsquo;estomac fragile ?<\/h4>\n<p>Le poisson blanc est naturellement pauvre en graisses, ce qui rend ses prot\u00e9ines tr\u00e8s faciles \u00e0 dig\u00e9rer. Par cons\u00e9quent, cette l\u00e9g\u00e8ret\u00e9 limite les ballonnements et favorise un transit plus r\u00e9gulier. C&rsquo;est donc la solution id\u00e9ale pour\u00a0soutenir le confort digestif d\u2019un chat sensible ou pour satisfaire un animal difficile.<\/p>\n<h4 data-start=\"2796\" data-end=\"2873\">\u27a1\ufe0f Cette p\u00e2t\u00e9e convient-elle aux chatons pour leur croissance ?<\/h4>\n<p>Absolument, car sa teneur en prot\u00e9ines et en vitamines soutient le bon d\u00e9veloppement des muscles. De plus, la texture souple de la recette facilite l&rsquo;apprentissage de la nourriture humide pour les plus petits. Elle apporte ainsi toute l&rsquo;\u00e9nergie n\u00e9cessaire \u00e0 leur vitalit\u00e9 sans fatiguer leur syst\u00e8me digestif.<\/p>\n<hr data-start=\"3174\" data-end=\"3177\" \/>\n<h3 data-start=\"3179\" data-end=\"3211\">\ud83d\udca6 Ratschl\u00e4ge von R\u00e9gal&#039;Animals \ud83d\udc9a<\/h3>\n<p data-start=\"3213\" data-end=\"3539\">Pour varier les plaisirs, vous pouvez \u00e9mietter quelques <a href=\"https:\/\/regalanimals.ch\/de\/product\/friandises-crevettes-lyophilisees\/\">S\u00fc\u00dfigkeiten Garnelen gefriergetrocknet<\/a> directement sur la p\u00e2t\u00e9e de votre chat. Ce geste simple ajoute une texture craquante et renforce l&rsquo;app\u00e9tence du repas gr\u00e2ce aux saveurs intenses des produits de la mer. Par ailleurs, ces gourmandises naturelles compl\u00e8tent parfaitement l&rsquo;apport en prot\u00e9ines sans ajouter de mati\u00e8res grasses superflues. Offrez ainsi une exp\u00e9rience gastronomique unique \u00e0 votre compagnon tout en r\u00e9compensant sa curiosit\u00e9 quotidienne<\/p>\n<hr data-start=\"3541\" data-end=\"3544\" \/>\n<h4 data-start=\"3546\" data-end=\"3595\">\u27a1\ufe0f Quelle est la garantie sur la qualit\u00e9 des ingr\u00e9dients ?<\/h4>\n<p data-start=\"3596\" data-end=\"3795\">Chez Naturea, chaque source de poisson est trac\u00e9e pour garantir une absence totale de farines animales. En effet, le poisson blanc est pr\u00e9par\u00e9 frais pour conserver ses bienfaits sans utiliser de conservateurs. Vous avez alors l&rsquo;assurance d&rsquo;offrir un produit propre et transparent \u00e0 votre chat.<\/p>\n<h4 data-start=\"3797\" data-end=\"3874\">\u27a1\ufe0f Comment cette recette aide-t-elle \u00e0 garder un pelage brillant ?<\/h4>\n<p>La pr\u00e9sence naturelle de min\u00e9raux, comme le zinc, nourrit la peau en profondeur. De fait, ces nutriments renforcent la barri\u00e8re protectrice de la peau et limitent la perte de poils. Un pelage soyeux est d&rsquo;ailleurs le premier signe d&rsquo;une bonne sant\u00e9 int\u00e9rieure.<\/p>\n<h4>\u27a1\ufe0f Peut-on laisser la p\u00e2t\u00e9e \u00e0 disposition toute la journ\u00e9e ?<\/h4>\n<p>Contrairement aux croquettes, la nourriture humide s\u2019alt\u00e8re rapidement \u00e0 l\u2019air libre et devient moins app\u00e9tente.\u00a0C&rsquo;est pourquoi il est conseill\u00e9 de retirer le reste du sachet apr\u00e8s trente minutes pour garantir une hygi\u00e8ne parfaite. Si votre chat pr\u00e9f\u00e8re grignoter, divisez alors la portion en plusieurs petits repas.<\/p>\n<p><a href=\"https:\/\/regalanimals.ch\/de\/product\/croquettes-naturea-bastet\/\">Vorschlag f\u00fcr ihn<\/a><a href=\"https:\/\/regalanimals.ch\/wp-content\/uploads\/2025\/11\/fiche-technique-patee-poulet-poisson-blanc.pdf\">Datenblatt<\/a><\/p>","protected":false},"excerpt":{"rendered":"<p>Une digestion l\u00e9g\u00e8re et naturelle avec la P\u00e2t\u00e9e Poulet &amp; Poisson blanc \ud83c\udf57\ud83d\udc1f Ce repas complet mise sur des prot\u00e9ines l\u00e9g\u00e8res pour offrir un confort intestinal imm\u00e9diat. En effet, le m\u00e9lange de 60% de poulet et de 10% de poisson blanc garantit une digestion rapide. De plus, cette recette apporte des nutriments essentiels sans utiliser [&hellip;]<\/p>\n","protected":false},"featured_media":39827,"menu_order":0,"comment_status":"open","ping_status":"closed","template":"","meta":[],"product_brand":[],"product_cat":[220,89,90,217],"product_tag":[],"class_list":{"0":"post-31761","1":"product","2":"type-product","3":"status-publish","4":"has-post-thumbnail","6":"product_cat-alimentation-furet","7":"product_cat-chats","8":"product_cat-furets","9":"product_cat-nourriture-humide-chat","11":"first","12":"instock","13":"taxable","14":"shipping-taxable","15":"purchasable","16":"product-type-variable"},"yoast_head":"<!-- This site is optimized with the Yoast SEO Premium plugin v27.4 (Yoast SEO v27.4) - https:\/\/yoast.com\/product\/yoast-seo-premium-wordpress\/ -->\n<title>P\u00e2t\u00e9e Poulet &amp; Poisson Blanc en sachet refermable.<\/title>\n<meta name=\"description\" content=\"60% de poulet et 10% de poisson blanc pour une digestion optimale. La P\u00e2t\u00e9e Poulet &amp; Poisson blanc sans c\u00e9r\u00e9ales apporte confort et vitalit\u00e9 \u00e0 votre chat.\" \/>\n<meta name=\"robots\" content=\"index, follow, max-snippet:-1, max-image-preview:large, max-video-preview:-1\" \/>\n<link rel=\"canonical\" href=\"https:\/\/regalanimals.ch\/de\/product\/patee-poulet-poisson-blanc\/\" \/>\n<meta property=\"og:locale\" content=\"de_DE\" \/>\n<meta property=\"og:type\" content=\"article\" \/>\n<meta property=\"og:title\" content=\"P\u00e2t\u00e9e Poulet &amp; Poisson blanc\" \/>\n<meta property=\"og:description\" content=\"60% de poulet et 10% de poisson blanc pour une digestion optimale. La P\u00e2t\u00e9e Poulet &amp; Poisson blanc sans c\u00e9r\u00e9ales apporte confort et vitalit\u00e9 \u00e0 votre chat.\" \/>\n<meta property=\"og:url\" content=\"https:\/\/regalanimals.ch\/de\/product\/patee-poulet-poisson-blanc\/\" \/>\n<meta property=\"og:site_name\" content=\"R\u00e9gal&#039;Animals\" \/>\n<meta property=\"article:modified_time\" content=\"2026-04-08T09:12:41+00:00\" \/>\n<meta property=\"og:image\" content=\"https:\/\/regalanimals.ch\/wp-content\/uploads\/2025\/11\/Patee-poulet-poisson-blanc.webp\" \/>\n\t<meta property=\"og:image:width\" content=\"940\" \/>\n\t<meta property=\"og:image:height\" content=\"788\" \/>\n\t<meta property=\"og:image:type\" content=\"image\/webp\" \/>\n<meta name=\"twitter:card\" content=\"summary_large_image\" \/>\n<meta name=\"twitter:label1\" content=\"Gesch\u00e4tzte Lesezeit\" \/>\n\t<meta name=\"twitter:data1\" content=\"4\u00a0Minuten\" \/>\n<script type=\"application\/ld+json\" class=\"yoast-schema-graph\">{\"@context\":\"https:\\\/\\\/schema.org\",\"@graph\":[{\"@type\":\"WebPage\",\"@id\":\"https:\\\/\\\/regalanimals.ch\\\/product\\\/patee-poulet-poisson-blanc\\\/\",\"url\":\"https:\\\/\\\/regalanimals.ch\\\/product\\\/patee-poulet-poisson-blanc\\\/\",\"name\":\"P\u00e2t\u00e9e Poulet & Poisson Blanc en sachet refermable.\",\"isPartOf\":{\"@id\":\"https:\\\/\\\/regalanimals.ch\\\/#website\"},\"primaryImageOfPage\":{\"@id\":\"https:\\\/\\\/regalanimals.ch\\\/product\\\/patee-poulet-poisson-blanc\\\/#primaryimage\"},\"image\":{\"@id\":\"https:\\\/\\\/regalanimals.ch\\\/product\\\/patee-poulet-poisson-blanc\\\/#primaryimage\"},\"thumbnailUrl\":\"https:\\\/\\\/regalanimals.ch\\\/wp-content\\\/uploads\\\/2025\\\/11\\\/Patee-poulet-poisson-blanc.webp\",\"datePublished\":\"2024-12-16T13:24:36+00:00\",\"dateModified\":\"2026-04-08T09:12:41+00:00\",\"description\":\"60% de poulet et 10% de poisson blanc pour une digestion optimale. La P\u00e2t\u00e9e Poulet & Poisson blanc sans c\u00e9r\u00e9ales apporte confort et vitalit\u00e9 \u00e0 votre chat.\",\"breadcrumb\":{\"@id\":\"https:\\\/\\\/regalanimals.ch\\\/product\\\/patee-poulet-poisson-blanc\\\/#breadcrumb\"},\"inLanguage\":\"de\",\"potentialAction\":[{\"@type\":\"ReadAction\",\"target\":[\"https:\\\/\\\/regalanimals.ch\\\/product\\\/patee-poulet-poisson-blanc\\\/\"]}]},{\"@type\":\"ImageObject\",\"inLanguage\":\"de\",\"@id\":\"https:\\\/\\\/regalanimals.ch\\\/product\\\/patee-poulet-poisson-blanc\\\/#primaryimage\",\"url\":\"https:\\\/\\\/regalanimals.ch\\\/wp-content\\\/uploads\\\/2025\\\/11\\\/Patee-poulet-poisson-blanc.webp\",\"contentUrl\":\"https:\\\/\\\/regalanimals.ch\\\/wp-content\\\/uploads\\\/2025\\\/11\\\/Patee-poulet-poisson-blanc.webp\",\"width\":940,\"height\":788,\"caption\":\"P\u00e2t\u00e9e Poulet & Poisson Blanc Naturea \u2013 Nourriture humide compl\u00e8te sans c\u00e9r\u00e9ales pour chats et chatons.\"},{\"@type\":\"BreadcrumbList\",\"@id\":\"https:\\\/\\\/regalanimals.ch\\\/product\\\/patee-poulet-poisson-blanc\\\/#breadcrumb\",\"itemListElement\":[{\"@type\":\"ListItem\",\"position\":1,\"name\":\"Home\",\"item\":\"https:\\\/\\\/regalanimals.ch\\\/\"},{\"@type\":\"ListItem\",\"position\":2,\"name\":\"Boutique\",\"item\":\"https:\\\/\\\/regalanimals.ch\\\/shop\\\/\"},{\"@type\":\"ListItem\",\"position\":3,\"name\":\"P\u00e2t\u00e9e Poulet &#038; Poisson blanc\"}]},{\"@type\":\"WebSite\",\"@id\":\"https:\\\/\\\/regalanimals.ch\\\/#website\",\"url\":\"https:\\\/\\\/regalanimals.ch\\\/\",\"name\":\"R\u00e9gal Animals\",\"description\":\"Alimentation et articles de qualit\u00e9 pour chats, chiens et furets\",\"publisher\":{\"@id\":\"https:\\\/\\\/regalanimals.ch\\\/#organization\"},\"potentialAction\":[{\"@type\":\"SearchAction\",\"target\":{\"@type\":\"EntryPoint\",\"urlTemplate\":\"https:\\\/\\\/regalanimals.ch\\\/?s={search_term_string}\"},\"query-input\":{\"@type\":\"PropertyValueSpecification\",\"valueRequired\":true,\"valueName\":\"search_term_string\"}}],\"inLanguage\":\"de\"},{\"@type\":\"Organization\",\"@id\":\"https:\\\/\\\/regalanimals.ch\\\/#organization\",\"name\":\"R\u00e9gal Animals\",\"url\":\"https:\\\/\\\/regalanimals.ch\\\/\",\"logo\":{\"@type\":\"ImageObject\",\"inLanguage\":\"de\",\"@id\":\"https:\\\/\\\/regalanimals.ch\\\/#\\\/schema\\\/logo\\\/image\\\/\",\"url\":\"https:\\\/\\\/regalanimals.ch\\\/wp-content\\\/uploads\\\/2025\\\/04\\\/cropped-Logo-site-e1744634610403-1.webp\",\"contentUrl\":\"https:\\\/\\\/regalanimals.ch\\\/wp-content\\\/uploads\\\/2025\\\/04\\\/cropped-Logo-site-e1744634610403-1.webp\",\"width\":512,\"height\":512,\"caption\":\"R\u00e9gal Animals\"},\"image\":{\"@id\":\"https:\\\/\\\/regalanimals.ch\\\/#\\\/schema\\\/logo\\\/image\\\/\"}}]}<\/script>\n<!-- \/ Yoast SEO Premium plugin. -->","yoast_head_json":{"title":"H\u00fchner- und Wei\u00dffischpastete in einem wiederverschlie\u00dfbaren Beutel.","description":"60% de poulet et 10% de poisson blanc pour une digestion optimale. La P\u00e2t\u00e9e Poulet & Poisson blanc sans c\u00e9r\u00e9ales apporte confort et vitalit\u00e9 \u00e0 votre chat.","robots":{"index":"index","follow":"follow","max-snippet":"max-snippet:-1","max-image-preview":"max-image-preview:large","max-video-preview":"max-video-preview:-1"},"canonical":"https:\/\/regalanimals.ch\/de\/product\/patee-poulet-poisson-blanc\/","og_locale":"de_DE","og_type":"article","og_title":"P\u00e2t\u00e9e Poulet & Poisson blanc","og_description":"60% de poulet et 10% de poisson blanc pour une digestion optimale. La P\u00e2t\u00e9e Poulet & Poisson blanc sans c\u00e9r\u00e9ales apporte confort et vitalit\u00e9 \u00e0 votre chat.","og_url":"https:\/\/regalanimals.ch\/de\/product\/patee-poulet-poisson-blanc\/","og_site_name":"R\u00e9gal&#039;Animals","article_modified_time":"2026-04-08T09:12:41+00:00","og_image":[{"width":940,"height":788,"url":"https:\/\/regalanimals.ch\/wp-content\/uploads\/2025\/11\/Patee-poulet-poisson-blanc.webp","type":"image\/webp"}],"twitter_card":"summary_large_image","twitter_misc":{"Gesch\u00e4tzte Lesezeit":"4\u00a0Minuten"},"schema":{"@context":"https:\/\/schema.org","@graph":[{"@type":"WebPage","@id":"https:\/\/regalanimals.ch\/product\/patee-poulet-poisson-blanc\/","url":"https:\/\/regalanimals.ch\/product\/patee-poulet-poisson-blanc\/","name":"H\u00fchner- und Wei\u00dffischpastete in einem wiederverschlie\u00dfbaren Beutel.","isPartOf":{"@id":"https:\/\/regalanimals.ch\/#website"},"primaryImageOfPage":{"@id":"https:\/\/regalanimals.ch\/product\/patee-poulet-poisson-blanc\/#primaryimage"},"image":{"@id":"https:\/\/regalanimals.ch\/product\/patee-poulet-poisson-blanc\/#primaryimage"},"thumbnailUrl":"https:\/\/regalanimals.ch\/wp-content\/uploads\/2025\/11\/Patee-poulet-poisson-blanc.webp","datePublished":"2024-12-16T13:24:36+00:00","dateModified":"2026-04-08T09:12:41+00:00","description":"60% de poulet et 10% de poisson blanc pour une digestion optimale. La P\u00e2t\u00e9e Poulet & Poisson blanc sans c\u00e9r\u00e9ales apporte confort et vitalit\u00e9 \u00e0 votre chat.","breadcrumb":{"@id":"https:\/\/regalanimals.ch\/product\/patee-poulet-poisson-blanc\/#breadcrumb"},"inLanguage":"de","potentialAction":[{"@type":"ReadAction","target":["https:\/\/regalanimals.ch\/product\/patee-poulet-poisson-blanc\/"]}]},{"@type":"ImageObject","inLanguage":"de","@id":"https:\/\/regalanimals.ch\/product\/patee-poulet-poisson-blanc\/#primaryimage","url":"https:\/\/regalanimals.ch\/wp-content\/uploads\/2025\/11\/Patee-poulet-poisson-blanc.webp","contentUrl":"https:\/\/regalanimals.ch\/wp-content\/uploads\/2025\/11\/Patee-poulet-poisson-blanc.webp","width":940,"height":788,"caption":"P\u00e2t\u00e9e Poulet & Poisson Blanc Naturea \u2013 Nourriture humide compl\u00e8te sans c\u00e9r\u00e9ales pour chats et chatons."},{"@type":"BreadcrumbList","@id":"https:\/\/regalanimals.ch\/product\/patee-poulet-poisson-blanc\/#breadcrumb","itemListElement":[{"@type":"ListItem","position":1,"name":"Home","item":"https:\/\/regalanimals.ch\/"},{"@type":"ListItem","position":2,"name":"Boutique","item":"https:\/\/regalanimals.ch\/shop\/"},{"@type":"ListItem","position":3,"name":"P\u00e2t\u00e9e Poulet &#038; Poisson blanc"}]},{"@type":"WebSite","@id":"https:\/\/regalanimals.ch\/#website","url":"https:\/\/regalanimals.ch\/","name":"Tierfest","description":"Hochwertiges Futter und Zubeh\u00f6r f\u00fcr Katzen, Hunde und Frettchen","publisher":{"@id":"https:\/\/regalanimals.ch\/#organization"},"potentialAction":[{"@type":"SearchAction","target":{"@type":"EntryPoint","urlTemplate":"https:\/\/regalanimals.ch\/?s={search_term_string}"},"query-input":{"@type":"PropertyValueSpecification","valueRequired":true,"valueName":"search_term_string"}}],"inLanguage":"de"},{"@type":"Organization","@id":"https:\/\/regalanimals.ch\/#organization","name":"Tierfest","url":"https:\/\/regalanimals.ch\/","logo":{"@type":"ImageObject","inLanguage":"de","@id":"https:\/\/regalanimals.ch\/#\/schema\/logo\/image\/","url":"https:\/\/regalanimals.ch\/wp-content\/uploads\/2025\/04\/cropped-Logo-site-e1744634610403-1.webp","contentUrl":"https:\/\/regalanimals.ch\/wp-content\/uploads\/2025\/04\/cropped-Logo-site-e1744634610403-1.webp","width":512,"height":512,"caption":"R\u00e9gal Animals"},"image":{"@id":"https:\/\/regalanimals.ch\/#\/schema\/logo\/image\/"}}]}},"_links":{"self":[{"href":"https:\/\/regalanimals.ch\/de\/wp-json\/wp\/v2\/product\/31761","targetHints":{"allow":["GET"]}}],"collection":[{"href":"https:\/\/regalanimals.ch\/de\/wp-json\/wp\/v2\/product"}],"about":[{"href":"https:\/\/regalanimals.ch\/de\/wp-json\/wp\/v2\/types\/product"}],"replies":[{"embeddable":true,"href":"https:\/\/regalanimals.ch\/de\/wp-json\/wp\/v2\/comments?post=31761"}],"wp:featuredmedia":[{"embeddable":true,"href":"https:\/\/regalanimals.ch\/de\/wp-json\/wp\/v2\/media\/39827"}],"wp:attachment":[{"href":"https:\/\/regalanimals.ch\/de\/wp-json\/wp\/v2\/media?parent=31761"}],"wp:term":[{"taxonomy":"product_brand","embeddable":true,"href":"https:\/\/regalanimals.ch\/de\/wp-json\/wp\/v2\/product_brand?post=31761"},{"taxonomy":"product_cat","embeddable":true,"href":"https:\/\/regalanimals.ch\/de\/wp-json\/wp\/v2\/product_cat?post=31761"},{"taxonomy":"product_tag","embeddable":true,"href":"https:\/\/regalanimals.ch\/de\/wp-json\/wp\/v2\/product_tag?post=31761"}],"curies":[{"name":"wp","href":"https:\/\/api.w.org\/{rel}","templated":true}]}}