{"id":31775,"date":"2024-12-20T14:07:01","date_gmt":"2024-12-20T13:07:01","guid":{"rendered":"https:\/\/regalanimals.geekworkers.dev\/?post_type=product&#038;p=31775"},"modified":"2026-04-01T22:44:12","modified_gmt":"2026-04-01T20:44:12","slug":"joue-de-boeuf-roulee","status":"publish","type":"product","link":"https:\/\/regalanimals.ch\/de\/product\/joue-de-boeuf-roulee\/","title":{"rendered":"Joue de B\u0153uf Roul\u00e9e (5 pi\u00e8ces)"},"content":{"rendered":"<h2 data-start=\"695\" data-end=\"723\">Gerollte Rinderbacke \ud83d\udc36<\/h2>\n<h3 data-start=\"725\" data-end=\"794\">Ein XXL-Leckerbissen mit einer L\u00e4nge von 30 cm f\u00fcr unvergleichlichen Kaugenuss<\/h3>\n<p data-start=\"796\" data-end=\"1542\">Die gerollte Rinderbacke ist ein XXL-Leckerli, das Ihrem Hund ein langes, intensives und v\u00f6llig nat\u00fcrliches Kauvergn\u00fcgen bietet. Hergestellt aus dem Inneren einer Rinderbacke, hat sie eine feste und haltbare Textur, die f\u00fcr Hunde aller Kaust\u00e4rken geeignet ist. Sie wird sorgf\u00e4ltig mit Wasser gereinigt und anschlie\u00dfend mit Walnussschalen auf nat\u00fcrliche Weise behandelt. Diese Reinigung erfolgt ohne den Einsatz von Chemikalien. Die Backe wird dann gerollt und langsam getrocknet, wodurch ein robuster Kausnack entsteht, den Hunde jeder Gr\u00f6\u00dfe lieben werden. Kurz gesagt: Dieses langlebige Leckerli befriedigt den nat\u00fcrlichen Kauinstinkt und bietet gleichzeitig ein unwiderstehliches Geschmackserlebnis.<\/p>\n<hr data-start=\"1544\" data-end=\"1547\" \/>\n<h2 data-start=\"1549\" data-end=\"1609\"><strong data-start=\"1551\" data-end=\"1609\">Kauen ist eine gesunde Aktivit\u00e4t \ud83e\uddb7<\/strong><\/h2>\n<p data-start=\"1611\" data-end=\"2307\">Diese gerollte Rinderbacke ist leichter verdaulich als viele herk\u00f6mmliche Kauartikel und daher ein wohltuender Leckerbissen f\u00fcr sensible Hunde. Kauen wirkt zudem beruhigend: Es reduziert Stress, besch\u00e4ftigt den Hund und vertreibt Langeweile. Dank des hohen Gehalts an nat\u00fcrlichem Protein unterst\u00fctzt dieser Leckerbissen au\u00dferdem den Erhalt und Aufbau von Muskelmasse. So vereint dieser Kauartikel Genuss, Nutzen und Wohlbefinden.<\/p>\n<hr data-start=\"2309\" data-end=\"2312\" \/>\n<h2 data-start=\"2314\" data-end=\"2369\">Ein Kauspielzeug, geeignet f\u00fcr gro\u00dfe Hunde \ud83d\udc36<\/h2>\n<p data-start=\"2371\" data-end=\"3138\">Gr\u00f6\u00dfere Hunde werden die au\u00dfergew\u00f6hnliche Haltbarkeit dieses Leckerlis zu sch\u00e4tzen wissen, denn es ist so konzipiert, dass es selbst den eifrigsten Kauern lange standh\u00e4lt. Auch f\u00fcr Welpen ist dieses Kauspielzeug eine hervorragende Wahl, vorausgesetzt, ihre Z\u00e4hne sind bereits stark genug f\u00fcr ein Produkt dieser Gr\u00f6\u00dfe. Kurz gesagt: ein vielseitiges und robustes Leckerli, das perfekt auf ihr nat\u00fcrliches Kaubed\u00fcrfnis abgestimmt ist.<\/p>\n<hr data-start=\"3140\" data-end=\"3143\" \/>\n<h2 data-start=\"3145\" data-end=\"3201\"><strong data-start=\"3147\" data-end=\"3201\">Ein praktisches Format f\u00fcr langanhaltenden Genuss \ud83d\udce6<\/strong><\/h2>\n<p data-start=\"3203\" data-end=\"3740\">Dieses preisg\u00fcnstige Format bietet Ihrem Hund einen langanhaltenden und befriedigenden Leckerbissen. Er wird eine Weile besch\u00e4ftigt sein und sein t\u00e4gliches Kaubed\u00fcrfnis stillen. Dank seiner Haltbarkeit und der 100% nat\u00fcrlichen Zusammensetzung ist dieser Leckerbissen eine hervorragende Alternative zu Spielzeug oder schwer verdaulichen k\u00fcnstlichen Produkten.<\/p>\n<hr data-start=\"3742\" data-end=\"3745\" \/>\n<h2 data-start=\"3747\" data-end=\"3775\"><strong data-start=\"3749\" data-end=\"3775\">H\u00e4ufig gestellte Fragen \ud83d\udc3e<\/strong><\/h2>\n<h3>\u2753 Noch unentschlossen? Hier finden Sie Antworten auf die h\u00e4ufigsten Fragen zu gerollter Rinderbacke.<\/h3>\n<h4>\u27a1\ufe0f Was sind Rinderbackenr\u00f6llchen f\u00fcr Hunde?<\/h4>\n<p data-start=\"3955\" data-end=\"4164\">Hierbei handelt es sich um nat\u00fcrliche Leckerlis aus Rinderbackenmuskulatur. Sie werden getrocknet, gerollt und sind so konzipiert, dass sie ein haltbares Kauprodukt darstellen, das dem nat\u00fcrlichen Kauinstinkt eines Hundes entspricht.<\/p>\n<h4>\u27a1\ufe0f Sind die Rollen f\u00fcr alle Hunde geeignet?<\/h4>\n<p data-start=\"4223\" data-end=\"4432\">Ja, sie sind f\u00fcr die meisten gesunden, erwachsenen Hunde geeignet. Wie bei allen Kauartikeln ist es jedoch ratsam, Ihr Tier beim Kauen zu beaufsichtigen, um jegliches Erstickungsrisiko auszuschlie\u00dfen.<\/p>\n<h4 data-start=\"4434\" data-end=\"4483\">\u27a1\ufe0f Wie lange ist die Lebensdauer einer Walze?<\/h4>\n<p data-start=\"4484\" data-end=\"4707\">Diese Rollen sind sehr robust und halten l\u00e4nger als die meisten anderen Kauspielzeuge. Je nach Gr\u00f6\u00dfe und Intensit\u00e4t des Kauens k\u00f6nnen sie mehrere Tage oder sogar Wochen lang Freude bereiten.<\/p>\n<hr data-start=\"4709\" data-end=\"4712\" \/>\n<h2 data-start=\"4714\" data-end=\"4744\">\ud83d\udca6 Ratschl\u00e4ge von R\u00e9gal&#039;Animals \ud83d\udc9a<\/h2>\n<p data-start=\"4746\" data-end=\"5141\">Bieten Sie diese gerollte Rinderbacke in einer ruhigen Umgebung an, damit Ihr Hund sich ganz aufs Kauen konzentrieren kann. So genie\u00dft er einen entspannenden Moment und befriedigt gleichzeitig seinen nat\u00fcrlichen Kauinstinkt. Diese Aktivit\u00e4t besch\u00e4ftigt ihn, st\u00e4rkt seine Z\u00e4hne und erm\u00f6glicht es ihm, Energie auf gesunde und kontrollierte Weise abzubauen. \ud83d\udc9a<\/p>\n<hr data-start=\"5143\" data-end=\"5146\" \/>\n<h4 data-start=\"5148\" data-end=\"5213\">\u27a1\ufe0f Bieten die Br\u00f6tchen irgendwelche ern\u00e4hrungsphysiologischen Vorteile?<\/h4>\n<p data-start=\"5214\" data-end=\"5361\">Ja, sie sind eine ausgezeichnete nat\u00fcrliche Proteinquelle, ein essentieller N\u00e4hrstoff sowohl f\u00fcr aktive als auch f\u00fcr ruhigere Hunde.<\/p>\n<h4 data-start=\"5363\" data-end=\"5418\">\u27a1\ufe0f Verbessern Roller die Zahngesundheit?<\/h4>\n<p data-start=\"5419\" data-end=\"5540\">Absolut. Ihre feste Textur f\u00f6rdert die Entfernung von Plaque und Zahnstein und unterst\u00fctzt somit die Mundgesundheit.<\/p>\n<h4 data-start=\"5542\" data-end=\"5569\">\u27a1\ufe0f Sind sie leicht verdaulich?<\/h4>\n<p data-start=\"5570\" data-end=\"5669\">Ja, gerollte Rinderbacke ist sehr gut verdaulich und auch f\u00fcr Hunde mit empfindlichem Magen geeignet.<\/p>\n<h4 data-start=\"5671\" data-end=\"5702\">\u27a1\ufe0f Welche Gr\u00f6\u00dfe soll ich w\u00e4hlen?<\/h4>\n<p data-start=\"5703\" data-end=\"5922\">Es empfiehlt sich, eine f\u00fcr die Gr\u00f6\u00dfe Ihres Hundes geeignete Rolle zu w\u00e4hlen. Im Zweifelsfall ist es ratsam, eine gr\u00f6\u00dfere Gr\u00f6\u00dfe zu w\u00e4hlen. Unsere Standardgr\u00f6\u00dfe von 25\/30 cm ist f\u00fcr die meisten Hunde optimal.<\/p>\n<h4 data-start=\"5924\" data-end=\"5966\">\u27a1\ufe0f D\u00fcrfen Welpen das essen?<\/h4>\n<p data-start=\"5967\" data-end=\"6097\">Ja, aber nur unter Aufsicht. Die Rollen sind lang und fest, wodurch sie sich besonders f\u00fcr Welpen eignen. <strong data-start=\"658\" data-end=\"675\">gro\u00dfe Gr\u00f6\u00dfe<\/strong>, Sie sind bereits daran gew\u00f6hnt, auf harten Gegenst\u00e4nden zu kauen. Au\u00dferdem m\u00fcssen ihre Z\u00e4hne ausreichend stark sein. Andernfalls k\u00f6nnten sie sich verletzen oder einen Zahn abbrechen. Wenn Ihr Welpe noch jung ist oder noch nicht alle Z\u00e4hne hat, sollten Sie mit solch einem robusten Leckerli lieber warten.<\/p>\n<h4 data-start=\"6099\" data-end=\"6137\">\u27a1\ufe0f Wie oft sollte es verabreicht werden?<\/h4>\n<p data-start=\"6138\" data-end=\"6258\">Dies ist ein zus\u00e4tzlicher Leckerbissen. Er sollte 10 % der t\u00e4glichen Kalorienzufuhr Ihres Hundes nicht \u00fcberschreiten.<\/p>\n<h4 data-start=\"6260\" data-end=\"6305\">\u27a1\ufe0f Verstr\u00f6men die Rollen einen Geruch?<\/h4>\n<p data-start=\"6306\" data-end=\"6387\">Sie haben einen leichten Eigengeruch und sind daher perfekt f\u00fcr den Innenbereich geeignet.<\/p>\n<hr data-start=\"6389\" data-end=\"6392\" \/>\n<h4 data-start=\"6394\" data-end=\"6411\"><strong data-start=\"6396\" data-end=\"6411\">Zusammensetzung<\/strong><\/h4>\n<p data-start=\"6413\" data-end=\"6423\">100 % Rindfleisch<\/p>\n<h4 data-start=\"6425\" data-end=\"6455\"><strong data-start=\"6427\" data-end=\"6455\">Analytische Bestandteile<\/strong><\/h4>\n<p data-start=\"6457\" data-end=\"6586\">Rohprotein: 71,6 %<br data-start=\"6480\" data-end=\"6483\" \/>Rohfett: 13,5 %<br data-start=\"6515\" data-end=\"6518\" \/>Mineralstoffe: 4,86 %<br data-start=\"6545\" data-end=\"6548\" \/>Rohfasern: \u2013 %<br data-start=\"6567\" data-end=\"6570\" \/>Luftfeuchtigkeit: 9,5 %<\/p>\n<p>&nbsp;<\/p>\n<p>&nbsp;<\/p>\n<p><a href=\"https:\/\/regalanimals.ch\/de\/product\/bois-de-cerf-tranche\/\">Vorschlag f\u00fcr ihn<\/a><a href=\"https:\/\/www.instagram.com\/p\/DHx-8yHpRZC\/\">Zufriedener Kunde!<\/a><\/p>","protected":false},"excerpt":{"rendered":"<p>Joue de B\u0153uf Roul\u00e9e \ud83d\udc36 Une friandise XXL de 30 cm pour un plaisir de mastication in\u00e9gal\u00e9 La Joue de B\u0153uf Roul\u00e9e est une friandise XXL pens\u00e9e pour offrir \u00e0 votre chien un moment de mastication long, intense et totalement naturel. Elle est fabriqu\u00e9e \u00e0 partir de la joue interne du b\u0153uf, ce qui lui [&hellip;]<\/p>\n","protected":false},"featured_media":38219,"menu_order":0,"comment_status":"open","ping_status":"closed","template":"","meta":[],"product_brand":[],"product_cat":[231,24],"product_tag":[],"class_list":{"0":"post-31775","1":"product","2":"type-product","3":"status-publish","4":"has-post-thumbnail","6":"product_cat-a-ronger","7":"product_cat-chiens","9":"first","10":"instock","11":"taxable","12":"shipping-taxable","13":"purchasable","14":"product-type-simple"},"yoast_head":"<!-- This site is optimized with the Yoast SEO Premium plugin v27.3 (Yoast SEO v27.3) - https:\/\/yoast.com\/product\/yoast-seo-premium-wordpress\/ -->\n<title>Joue de B\u0153uf Roul\u00e9e, laissez-le succomber \u00e0 la tentation !<\/title>\n<meta name=\"description\" content=\"Une friandise XXL faite pour durer. La Joue de B\u0153uf Roul\u00e9e de 30 cm offre aux m\u00e2cheurs experts un d\u00e9fi gourmand et des heures de plaisir naturel.\" \/>\n<meta name=\"robots\" content=\"index, follow, max-snippet:-1, max-image-preview:large, max-video-preview:-1\" \/>\n<link rel=\"canonical\" href=\"https:\/\/regalanimals.ch\/de\/product\/joue-de-boeuf-roulee\/\" \/>\n<meta property=\"og:locale\" content=\"de_DE\" \/>\n<meta property=\"og:type\" content=\"article\" \/>\n<meta property=\"og:title\" content=\"Joue de B\u0153uf Roul\u00e9e (5 pi\u00e8ces)\" \/>\n<meta property=\"og:description\" content=\"Une friandise XXL faite pour durer. La Joue de B\u0153uf Roul\u00e9e de 30 cm offre aux m\u00e2cheurs experts un d\u00e9fi gourmand et des heures de plaisir naturel.\" \/>\n<meta property=\"og:url\" content=\"https:\/\/regalanimals.ch\/de\/product\/joue-de-boeuf-roulee\/\" \/>\n<meta property=\"og:site_name\" content=\"R\u00e9gal&#039;Animals\" \/>\n<meta property=\"article:modified_time\" content=\"2026-04-01T20:44:12+00:00\" \/>\n<meta property=\"og:image\" content=\"https:\/\/regalanimals.ch\/wp-content\/uploads\/2025\/08\/Joue-de-boeuf-roulee.webp\" \/>\n\t<meta property=\"og:image:width\" content=\"940\" \/>\n\t<meta property=\"og:image:height\" content=\"788\" \/>\n\t<meta property=\"og:image:type\" content=\"image\/webp\" \/>\n<meta name=\"twitter:card\" content=\"summary_large_image\" \/>\n<meta name=\"twitter:label1\" content=\"Gesch\u00e4tzte Lesezeit\" \/>\n\t<meta name=\"twitter:data1\" content=\"5\u00a0Minuten\" \/>\n<script type=\"application\/ld+json\" class=\"yoast-schema-graph\">{\"@context\":\"https:\\\/\\\/schema.org\",\"@graph\":[{\"@type\":\"WebPage\",\"@id\":\"https:\\\/\\\/regalanimals.ch\\\/product\\\/joue-de-boeuf-roulee\\\/\",\"url\":\"https:\\\/\\\/regalanimals.ch\\\/product\\\/joue-de-boeuf-roulee\\\/\",\"name\":\"Joue de B\u0153uf Roul\u00e9e, laissez-le succomber \u00e0 la tentation !\",\"isPartOf\":{\"@id\":\"https:\\\/\\\/regalanimals.ch\\\/#website\"},\"primaryImageOfPage\":{\"@id\":\"https:\\\/\\\/regalanimals.ch\\\/product\\\/joue-de-boeuf-roulee\\\/#primaryimage\"},\"image\":{\"@id\":\"https:\\\/\\\/regalanimals.ch\\\/product\\\/joue-de-boeuf-roulee\\\/#primaryimage\"},\"thumbnailUrl\":\"https:\\\/\\\/regalanimals.ch\\\/wp-content\\\/uploads\\\/2025\\\/08\\\/Joue-de-boeuf-roulee.webp\",\"datePublished\":\"2024-12-20T13:07:01+00:00\",\"dateModified\":\"2026-04-01T20:44:12+00:00\",\"description\":\"Une friandise XXL faite pour durer. La Joue de B\u0153uf Roul\u00e9e de 30 cm offre aux m\u00e2cheurs experts un d\u00e9fi gourmand et des heures de plaisir naturel.\",\"breadcrumb\":{\"@id\":\"https:\\\/\\\/regalanimals.ch\\\/product\\\/joue-de-boeuf-roulee\\\/#breadcrumb\"},\"inLanguage\":\"de\",\"potentialAction\":[{\"@type\":\"ReadAction\",\"target\":[\"https:\\\/\\\/regalanimals.ch\\\/product\\\/joue-de-boeuf-roulee\\\/\"]}]},{\"@type\":\"ImageObject\",\"inLanguage\":\"de\",\"@id\":\"https:\\\/\\\/regalanimals.ch\\\/product\\\/joue-de-boeuf-roulee\\\/#primaryimage\",\"url\":\"https:\\\/\\\/regalanimals.ch\\\/wp-content\\\/uploads\\\/2025\\\/08\\\/Joue-de-boeuf-roulee.webp\",\"contentUrl\":\"https:\\\/\\\/regalanimals.ch\\\/wp-content\\\/uploads\\\/2025\\\/08\\\/Joue-de-boeuf-roulee.webp\",\"width\":940,\"height\":788,\"caption\":\"Joue de B\u0153uf Roul\u00e9e \u2013 friandise XXL \u00e0 m\u00e2cher pour chien.\"},{\"@type\":\"BreadcrumbList\",\"@id\":\"https:\\\/\\\/regalanimals.ch\\\/product\\\/joue-de-boeuf-roulee\\\/#breadcrumb\",\"itemListElement\":[{\"@type\":\"ListItem\",\"position\":1,\"name\":\"Home\",\"item\":\"https:\\\/\\\/regalanimals.ch\\\/\"},{\"@type\":\"ListItem\",\"position\":2,\"name\":\"Boutique\",\"item\":\"https:\\\/\\\/regalanimals.ch\\\/shop\\\/\"},{\"@type\":\"ListItem\",\"position\":3,\"name\":\"Joue de B\u0153uf Roul\u00e9e (5 pi\u00e8ces)\"}]},{\"@type\":\"WebSite\",\"@id\":\"https:\\\/\\\/regalanimals.ch\\\/#website\",\"url\":\"https:\\\/\\\/regalanimals.ch\\\/\",\"name\":\"R\u00e9gal Animals\",\"description\":\"Alimentation et articles de qualit\u00e9 pour chats, chiens et furets\",\"publisher\":{\"@id\":\"https:\\\/\\\/regalanimals.ch\\\/#organization\"},\"potentialAction\":[{\"@type\":\"SearchAction\",\"target\":{\"@type\":\"EntryPoint\",\"urlTemplate\":\"https:\\\/\\\/regalanimals.ch\\\/?s={search_term_string}\"},\"query-input\":{\"@type\":\"PropertyValueSpecification\",\"valueRequired\":true,\"valueName\":\"search_term_string\"}}],\"inLanguage\":\"de\"},{\"@type\":\"Organization\",\"@id\":\"https:\\\/\\\/regalanimals.ch\\\/#organization\",\"name\":\"R\u00e9gal Animals\",\"url\":\"https:\\\/\\\/regalanimals.ch\\\/\",\"logo\":{\"@type\":\"ImageObject\",\"inLanguage\":\"de\",\"@id\":\"https:\\\/\\\/regalanimals.ch\\\/#\\\/schema\\\/logo\\\/image\\\/\",\"url\":\"https:\\\/\\\/regalanimals.ch\\\/wp-content\\\/uploads\\\/2025\\\/07\\\/Logo-RegalAnimals.png\",\"contentUrl\":\"https:\\\/\\\/regalanimals.ch\\\/wp-content\\\/uploads\\\/2025\\\/07\\\/Logo-RegalAnimals.png\",\"width\":120,\"height\":153,\"caption\":\"R\u00e9gal Animals\"},\"image\":{\"@id\":\"https:\\\/\\\/regalanimals.ch\\\/#\\\/schema\\\/logo\\\/image\\\/\"}}]}<\/script>\n<!-- \/ Yoast SEO Premium plugin. -->","yoast_head_json":{"title":"Gerollte Rinderbacke, lass ihn der Versuchung erliegen!","description":"Ein XXL-Leckerbissen f\u00fcr langanhaltenden Genuss. Die 30 cm lange, gerollte Rinderbacke bietet erfahrenen Kauern eine Gourmet-Herausforderung und stundenlangen, nat\u00fcrlichen Genuss.","robots":{"index":"index","follow":"follow","max-snippet":"max-snippet:-1","max-image-preview":"max-image-preview:large","max-video-preview":"max-video-preview:-1"},"canonical":"https:\/\/regalanimals.ch\/de\/product\/joue-de-boeuf-roulee\/","og_locale":"de_DE","og_type":"article","og_title":"Joue de B\u0153uf Roul\u00e9e (5 pi\u00e8ces)","og_description":"Une friandise XXL faite pour durer. La Joue de B\u0153uf Roul\u00e9e de 30 cm offre aux m\u00e2cheurs experts un d\u00e9fi gourmand et des heures de plaisir naturel.","og_url":"https:\/\/regalanimals.ch\/de\/product\/joue-de-boeuf-roulee\/","og_site_name":"R\u00e9gal&#039;Animals","article_modified_time":"2026-04-01T20:44:12+00:00","og_image":[{"width":940,"height":788,"url":"https:\/\/regalanimals.ch\/wp-content\/uploads\/2025\/08\/Joue-de-boeuf-roulee.webp","type":"image\/webp"}],"twitter_card":"summary_large_image","twitter_misc":{"Gesch\u00e4tzte Lesezeit":"5\u00a0Minuten"},"schema":{"@context":"https:\/\/schema.org","@graph":[{"@type":"WebPage","@id":"https:\/\/regalanimals.ch\/product\/joue-de-boeuf-roulee\/","url":"https:\/\/regalanimals.ch\/product\/joue-de-boeuf-roulee\/","name":"Gerollte Rinderbacke, lass ihn der Versuchung erliegen!","isPartOf":{"@id":"https:\/\/regalanimals.ch\/#website"},"primaryImageOfPage":{"@id":"https:\/\/regalanimals.ch\/product\/joue-de-boeuf-roulee\/#primaryimage"},"image":{"@id":"https:\/\/regalanimals.ch\/product\/joue-de-boeuf-roulee\/#primaryimage"},"thumbnailUrl":"https:\/\/regalanimals.ch\/wp-content\/uploads\/2025\/08\/Joue-de-boeuf-roulee.webp","datePublished":"2024-12-20T13:07:01+00:00","dateModified":"2026-04-01T20:44:12+00:00","description":"Ein XXL-Leckerbissen f\u00fcr langanhaltenden Genuss. Die 30 cm lange, gerollte Rinderbacke bietet erfahrenen Kauern eine Gourmet-Herausforderung und stundenlangen, nat\u00fcrlichen Genuss.","breadcrumb":{"@id":"https:\/\/regalanimals.ch\/product\/joue-de-boeuf-roulee\/#breadcrumb"},"inLanguage":"de","potentialAction":[{"@type":"ReadAction","target":["https:\/\/regalanimals.ch\/product\/joue-de-boeuf-roulee\/"]}]},{"@type":"ImageObject","inLanguage":"de","@id":"https:\/\/regalanimals.ch\/product\/joue-de-boeuf-roulee\/#primaryimage","url":"https:\/\/regalanimals.ch\/wp-content\/uploads\/2025\/08\/Joue-de-boeuf-roulee.webp","contentUrl":"https:\/\/regalanimals.ch\/wp-content\/uploads\/2025\/08\/Joue-de-boeuf-roulee.webp","width":940,"height":788,"caption":"Joue de B\u0153uf Roul\u00e9e \u2013 friandise XXL \u00e0 m\u00e2cher pour chien."},{"@type":"BreadcrumbList","@id":"https:\/\/regalanimals.ch\/product\/joue-de-boeuf-roulee\/#breadcrumb","itemListElement":[{"@type":"ListItem","position":1,"name":"Home","item":"https:\/\/regalanimals.ch\/"},{"@type":"ListItem","position":2,"name":"Boutique","item":"https:\/\/regalanimals.ch\/shop\/"},{"@type":"ListItem","position":3,"name":"Joue de B\u0153uf Roul\u00e9e (5 pi\u00e8ces)"}]},{"@type":"WebSite","@id":"https:\/\/regalanimals.ch\/#website","url":"https:\/\/regalanimals.ch\/","name":"Tierfest","description":"Hochwertiges Futter und Zubeh\u00f6r f\u00fcr Katzen, Hunde und Frettchen","publisher":{"@id":"https:\/\/regalanimals.ch\/#organization"},"potentialAction":[{"@type":"SearchAction","target":{"@type":"EntryPoint","urlTemplate":"https:\/\/regalanimals.ch\/?s={search_term_string}"},"query-input":{"@type":"PropertyValueSpecification","valueRequired":true,"valueName":"search_term_string"}}],"inLanguage":"de"},{"@type":"Organization","@id":"https:\/\/regalanimals.ch\/#organization","name":"Tierfest","url":"https:\/\/regalanimals.ch\/","logo":{"@type":"ImageObject","inLanguage":"de","@id":"https:\/\/regalanimals.ch\/#\/schema\/logo\/image\/","url":"https:\/\/regalanimals.ch\/wp-content\/uploads\/2025\/07\/Logo-RegalAnimals.png","contentUrl":"https:\/\/regalanimals.ch\/wp-content\/uploads\/2025\/07\/Logo-RegalAnimals.png","width":120,"height":153,"caption":"R\u00e9gal Animals"},"image":{"@id":"https:\/\/regalanimals.ch\/#\/schema\/logo\/image\/"}}]}},"_links":{"self":[{"href":"https:\/\/regalanimals.ch\/de\/wp-json\/wp\/v2\/product\/31775","targetHints":{"allow":["GET"]}}],"collection":[{"href":"https:\/\/regalanimals.ch\/de\/wp-json\/wp\/v2\/product"}],"about":[{"href":"https:\/\/regalanimals.ch\/de\/wp-json\/wp\/v2\/types\/product"}],"replies":[{"embeddable":true,"href":"https:\/\/regalanimals.ch\/de\/wp-json\/wp\/v2\/comments?post=31775"}],"wp:featuredmedia":[{"embeddable":true,"href":"https:\/\/regalanimals.ch\/de\/wp-json\/wp\/v2\/media\/38219"}],"wp:attachment":[{"href":"https:\/\/regalanimals.ch\/de\/wp-json\/wp\/v2\/media?parent=31775"}],"wp:term":[{"taxonomy":"product_brand","embeddable":true,"href":"https:\/\/regalanimals.ch\/de\/wp-json\/wp\/v2\/product_brand?post=31775"},{"taxonomy":"product_cat","embeddable":true,"href":"https:\/\/regalanimals.ch\/de\/wp-json\/wp\/v2\/product_cat?post=31775"},{"taxonomy":"product_tag","embeddable":true,"href":"https:\/\/regalanimals.ch\/de\/wp-json\/wp\/v2\/product_tag?post=31775"}],"curies":[{"name":"wp","href":"https:\/\/api.w.org\/{rel}","templated":true}]}}