{"id":32172,"date":"2025-02-23T12:00:56","date_gmt":"2025-02-23T11:00:56","guid":{"rendered":"https:\/\/regalanimals.geekworkers.dev\/?post_type=product&#038;p=32172"},"modified":"2026-03-25T18:58:04","modified_gmt":"2026-03-25T17:58:04","slug":"effilochees-poulet-et-riz","status":"publish","type":"product","link":"https:\/\/regalanimals.ch\/de\/product\/effilochees-poulet-et-riz\/","title":{"rendered":"H\u00fchner- und Reisstreifen"},"content":{"rendered":"<footer>\n<h2 data-start=\"605\" data-end=\"639\"><strong data-start=\"607\" data-end=\"639\">Geschnetzeltes H\u00e4hnchen mit Reis \ud83d\udc31<\/strong><\/h2>\n<h3 data-start=\"641\" data-end=\"727\">Ein zartes Katzenfutter mit nur einer Proteinquelle, ideal, um Abwechslung in den Speiseplan Ihrer Katze zu bringen.<\/h3>\n<p data-start=\"729\" data-end=\"1393\">Unser Nassfutter mit H\u00fchnchenst\u00fcckchen und Reis ist ein schmackhaftes, nat\u00fcrliches und unkompliziertes Futter f\u00fcr Ihre Katze. Hergestellt mit echten H\u00fchnchenst\u00fcckchen, besticht es durch seine zarte, zerkleinerte Textur, die Katzen sofort begeistert. Es ist leicht zu kauen, verstr\u00f6mt ein feines Aroma und bietet einen milden Geschmack, der selbst w\u00e4hlerische Katzen \u00fcberzeugt. Die Rezeptur mit nur einer Proteinquelle deckt optimal ihren N\u00e4hrstoffbedarf und bringt gleichzeitig Abwechslung in ihren Speiseplan. So genie\u00dft Ihr Liebling jeden Tag ein abwechslungsreiches und schmackhaftes Nassfutter, das perfekt auf sein Wohlbefinden abgestimmt ist.<\/p>\n<hr data-start=\"1206\" data-end=\"1209\" \/>\n<h2 data-start=\"1400\" data-end=\"1479\"><strong data-start=\"1402\" data-end=\"1479\">Ein vollwertiges, glutenfreies und ausgewogenes Rezept f\u00fcr ausgewachsene Katzen \ud83d\udc3e<\/strong><\/h2>\n<p data-start=\"1481\" data-end=\"2187\">Dieses glutenfreie Nassfutter wurde von auf Katzenern\u00e4hrung spezialisierten Ern\u00e4hrungswissenschaftlern entwickelt. Dank seiner einfachen Zusammensetzung \u2013 Huhn, Reis, Br\u00fche und Mineralien \u2013 liefert es leicht verdauliche, hochwertige und nat\u00fcrliche Zutaten. Es versorgt Ihre Katze mit den f\u00fcr ihr t\u00e4gliches Wohlbefinden notwendigen Vitaminen, N\u00e4hrstoffen und Taurin und tr\u00e4gt so zu ihrer optimalen Funktion bei. Dar\u00fcber hinaus ist dieses Nassfutter sehr leicht verdaulich und daher auch f\u00fcr ausgewachsene Katzen mit empfindlichem Magen bestens geeignet. Kurz gesagt: Es ist ein gesundes und schonendes Nassfutter, das perfekt auf die Bed\u00fcrfnisse Ihrer Katze abgestimmt ist.<\/p>\n<hr data-start=\"1787\" data-end=\"1790\" \/>\n<h2 data-start=\"1792\" data-end=\"1861\"><strong data-start=\"1794\" data-end=\"1861\">Nassfutter, das eine angemessene Fl\u00fcssigkeitszufuhr bei Katzen unterst\u00fctzt \ud83d\udca7<\/strong><\/h2>\n<p data-start=\"1863\" data-end=\"2437\">Katzen trinken nicht viel, da sie in freier Wildbahn den Gro\u00dfteil ihres Wasserbedarfs \u00fcber ihre Beute decken. Bei ausschlie\u00dflicher Trockenfutterern\u00e4hrung ist ihre Fl\u00fcssigkeitsaufnahme oft unzureichend, was zu verschiedenen Harnwegsproblemen f\u00fchren kann. Daher ist es wichtig, hochwertiges Nassfutter in ihren Speiseplan aufzunehmen. Ein wasserreiches Nassfutter wie beispielsweise H\u00fchnerfleisch mit Reis tr\u00e4gt zudem dazu bei, den Fl\u00fcssigkeitshaushalt Ihrer Katze das ganze Jahr \u00fcber auf nat\u00fcrliche Weise zu verbessern. So genie\u00dft Ihr Stubentiger eine Mahlzeit, die nicht nur lecker und glutenfrei ist, sondern auch besonders gut f\u00fcr seine Gesundheit.<\/p>\n<hr data-start=\"2439\" data-end=\"2442\" \/>\n<h2 data-start=\"2444\" data-end=\"2512\"><strong data-start=\"2446\" data-end=\"2512\">Eine k\u00f6stliche glutenfreie Pastete, die Abwechslung in Ihren t\u00e4glichen Speiseplan bringt \ud83c\udf57<\/strong><\/h2>\n<p data-start=\"2514\" data-end=\"2916\">Hergestellt in Frankreich von Les Recettes de Daniel, bietet Shredded Chicken and Rice Katzen ein leicht verdauliches und sehr schmackhaftes Nassfutter. Es erg\u00e4nzt perfekt ihr gewohntes Trockenfutter und sorgt auf nat\u00fcrliche Weise f\u00fcr mehr Abwechslung im Speiseplan. Dank seiner Rezeptur mit nur einer Proteinquelle und ohne Gluten schont es die Verdauung Ihrer Katze und bietet gleichzeitig mehr Geschmack, Feuchtigkeit und Genuss. So ist dieses Katzenfutter eine hervorragende Wahl, um die Ern\u00e4hrung Ihrer Katze zu bereichern und ihr Wohlbefinden Tag f\u00fcr Tag zu f\u00f6rdern.<\/p>\n<hr data-start=\"2918\" data-end=\"2921\" \/>\n<h2 data-start=\"2923\" data-end=\"2951\"><strong data-start=\"2925\" data-end=\"2951\">\ud83d\udc3e H\u00e4ufig gestellte Fragen<\/strong><\/h2>\n<h3 data-start=\"2952\" data-end=\"3071\">\u2753 <strong data-start=\"2954\" data-end=\"3071\">Noch unentschlossen? Hier sind die Antworten auf die h\u00e4ufigsten Fragen zu Pulled Chicken and Rice.<\/strong><\/h3>\n<h4 data-start=\"3073\" data-end=\"3356\">\u27a1\ufe0f <strong data-start=\"3076\" data-end=\"3120\">Sind sie f\u00fcr kastrierte Katzen geeignet?<\/strong><\/h4>\n<p data-start=\"3073\" data-end=\"3356\">Ja. Dieses Nassfutter eignet sich hervorragend f\u00fcr ausgewachsene und kastrierte Katzen. Der hohe Gehalt an tierischem Eiwei\u00df und der niedrige Fettgehalt liefern ihnen die n\u00f6tige Energie und ber\u00fccksichtigen gleichzeitig ihre speziellen Bed\u00fcrfnisse.<\/p>\n<h4 data-start=\"3358\" data-end=\"3686\">\u27a1\ufe0f <strong data-start=\"3361\" data-end=\"3427\">Warum muss ich jeden Tag Nassfutter geben?<\/strong><\/h4>\n<p data-start=\"3358\" data-end=\"3686\">Katzen nehmen Fl\u00fcssigkeit haupts\u00e4chlich \u00fcber die Nahrung auf. Daher unterst\u00fctzt die t\u00e4gliche Gabe von glutenfreiem Nassfutter, wie zum Beispiel H\u00fchnerfleisch mit Reis, die Nierenfunktion, verringert das Risiko von Harnwegserkrankungen und verbessert die Schmackhaftigkeit. Eine kleine Menge Nassfutter t\u00e4glich ist somit eine einfache und sehr vorteilhafte Gewohnheit.<\/p>\n<hr data-start=\"3688\" data-end=\"3691\" \/>\n<h2 data-start=\"3693\" data-end=\"3724\">\ud83d\udca6 <strong data-start=\"3696\" data-end=\"3721\">R\u00e9gal&#039;Animals Council<\/strong> \ud83d\udc9a<\/h2>\n<p data-start=\"3726\" data-end=\"4175\">Servieren Sie eine kleine Portion Nassfutter auf einem flachen Teller und stellen Sie diesen in einen anderen Raum als den, in dem Sie normalerweise Trockenfutter anbieten. So muss Ihre Katze sich bewegen, um an ihr Nassfutter zu gelangen. Dieser kleine Ausflug regt ihre Neugier an und f\u00f6rdert sanfte Bewegung. Dadurch wird auch ihre Fl\u00fcssigkeitsaufnahme verbessert. Au\u00dferdem bereichert dieser Trick ihren Tag und macht die Mahlzeiten zu einem noch angenehmeren Erlebnis. \ud83d\udc9a<\/p>\n<hr data-start=\"4177\" data-end=\"4180\" \/>\n<h4 data-start=\"4182\" data-end=\"4483\">\u27a1\ufe0f <strong data-start=\"4185\" data-end=\"4241\">Warum kann das Aussehen der einzelnen Teile variieren?<\/strong><\/h4>\n<p data-start=\"4182\" data-end=\"4483\">Da es aus nat\u00fcrlichen Zutaten hergestellt wird, kann das Aussehen von Beutel zu Beutel leicht variieren. Qualit\u00e4t, Zusammensetzung und N\u00e4hrwerte bleiben jedoch unver\u00e4ndert. So genie\u00dft Ihre Katze stets ein gesundes und leckeres Katzenfutter.<\/p>\n<h4 data-start=\"4485\" data-end=\"4659\">\u27a1\ufe0f <strong data-start=\"4488\" data-end=\"4526\">Kann man ihnen jeden Tag Nassfutter geben?<\/strong><\/h4>\n<p data-start=\"4485\" data-end=\"4659\">Ja. Dieses vollwertige Rezept mit nur einer Proteinquelle kann auch t\u00e4glich serviert werden, vorausgesetzt, Sie halten sich an die f\u00fcr Ihre Katze angepassten Portionsgr\u00f6\u00dfen.<\/p>\n<h4 data-start=\"4661\" data-end=\"4850\">\u27a1\ufe0f <strong data-start=\"4664\" data-end=\"4703\">Wie bewahrt man zerkleinertes H\u00e4hnchenfleisch mit Reis auf?<\/strong><\/h4>\n<p data-start=\"4661\" data-end=\"4850\">Vor dem \u00d6ffnen k\u00fchl und trocken lagern. Nach dem \u00d6ffnen im K\u00fchlschrank aufbewahren und innerhalb von 48 Stunden verbrauchen.<\/p>\n<hr data-start=\"4852\" data-end=\"4855\" \/>\n<h4 data-start=\"4857\" data-end=\"4878\"><strong data-start=\"4861\" data-end=\"4876\">Zusammensetzung<\/strong><\/h4>\n<p data-start=\"4879\" data-end=\"4941\">Chicken 75 %<br data-start=\"4890\" data-end=\"4893\" \/>Reis 3 %<br data-start=\"4900\" data-end=\"4903\" \/>Br\u00fche 21 %<br data-start=\"4916\" data-end=\"4919\" \/>Mineralische Stoffe<\/p>\n<h4 data-start=\"5079\" data-end=\"5113\"><strong data-start=\"5083\" data-end=\"5111\">Analytische Bestandteile<\/strong><\/h4>\n<p data-start=\"5114\" data-end=\"5303\">Rohprotein: 18 %<br data-start=\"5135\" data-end=\"5138\" \/>Rohfett: 0,5 %<br data-start=\"5169\" data-end=\"5172\" \/>Mineralstoffe: 0,7 %<br data-start=\"5198\" data-end=\"5201\" \/>Rohzellulose: 0,1 %<br data-start=\"5224\" data-end=\"5227\" \/>Luftfeuchtigkeit: 80 %<br data-start=\"5242\" data-end=\"5245\" \/>Kohlenhydrate: &lt; 1 %<br data-start=\"5261\" data-end=\"5264\" \/>Calcium: 0,10 %<br data-start=\"5280\" data-end=\"5283\" \/>Phosphor: 0,12 %<\/p>\n<h4 data-start=\"4943\" data-end=\"4970\"><strong data-start=\"4947\" data-end=\"4968\">Zusatzstoffe (pro kg)<\/strong><\/h4>\n<p data-start=\"4971\" data-end=\"5077\">Vitamin A 1000 IE<br data-start=\"4989\" data-end=\"4992\" \/>Vitamin D3 100 IE<br data-start=\"5010\" data-end=\"5013\" \/>Vitamin E 5 mg<br data-start=\"5028\" data-end=\"5031\" \/>Taurin 500 mg<br data-start=\"5045\" data-end=\"5048\" \/>Zink 20 mg<br data-start=\"5058\" data-end=\"5061\" \/>Mangan 4 mg<\/p>\n<\/footer>\n<p><a href=\"https:\/\/regalanimals.ch\/de\/product\/patee-pour-chat-poulet\/\">Vorschlag f\u00fcr ihn<\/a><\/p>","protected":false},"excerpt":{"rendered":"<p>Effiloch\u00e9es Poulet et Riz \ud83d\udc31 Une p\u00e2t\u00e9e pour chat tendre et monoprot\u00e9ique, parfaite pour varier son alimentation Les Effiloch\u00e9es Poulet et Riz offrent \u00e0 ton chat une p\u00e2t\u00e9e pour chat savoureuse, naturelle et facile \u00e0 appr\u00e9cier. Pr\u00e9par\u00e9e avec de v\u00e9ritables morceaux de poulet, cette nourriture humide pr\u00e9sente une texture effiloch\u00e9e qui attire imm\u00e9diatement les f\u00e9lins. [&hellip;]<\/p>\n","protected":false},"featured_media":39970,"menu_order":0,"comment_status":"open","ping_status":"closed","template":"","meta":[],"product_brand":[],"product_cat":[220,89,90,217],"product_tag":[],"class_list":{"0":"post-32172","1":"product","2":"type-product","3":"status-publish","4":"has-post-thumbnail","6":"product_cat-alimentation-furet","7":"product_cat-chats","8":"product_cat-furets","9":"product_cat-nourriture-humide-chat","11":"first","12":"instock","13":"taxable","14":"shipping-taxable","15":"purchasable","16":"product-type-variable"},"yoast_head":"<!-- This site is optimized with the Yoast SEO Premium plugin v27.3 (Yoast SEO v27.3) - https:\/\/yoast.com\/product\/yoast-seo-premium-wordpress\/ -->\n<title>Effiloch\u00e9es Poulet et Riz, une p\u00e2t\u00e9e pour chat sans gluten.<\/title>\n<meta name=\"description\" content=\"Une recette fran\u00e7aise \u00e9labor\u00e9e avec soin. Les Effiloch\u00e9es Poulet et Riz offrent une p\u00e2t\u00e9e monoprot\u00e9ique savoureuse et douce pour la digestion de votre chat.\" \/>\n<meta name=\"robots\" content=\"index, follow, max-snippet:-1, max-image-preview:large, max-video-preview:-1\" \/>\n<link rel=\"canonical\" href=\"https:\/\/regalanimals.ch\/de\/product\/effilochees-poulet-et-riz\/\" \/>\n<meta property=\"og:locale\" content=\"de_DE\" \/>\n<meta property=\"og:type\" content=\"article\" \/>\n<meta property=\"og:title\" content=\"Effiloch\u00e9es Poulet et Riz\" \/>\n<meta property=\"og:description\" content=\"Une recette fran\u00e7aise \u00e9labor\u00e9e avec soin. Les Effiloch\u00e9es Poulet et Riz offrent une p\u00e2t\u00e9e monoprot\u00e9ique savoureuse et douce pour la digestion de votre chat.\" \/>\n<meta property=\"og:url\" content=\"https:\/\/regalanimals.ch\/de\/product\/effilochees-poulet-et-riz\/\" \/>\n<meta property=\"og:site_name\" content=\"R\u00e9gal&#039;Animals\" \/>\n<meta property=\"article:modified_time\" content=\"2026-03-25T17:58:04+00:00\" \/>\n<meta property=\"og:image\" content=\"https:\/\/regalanimals.ch\/wp-content\/uploads\/2025\/11\/Effilochees-poulet-riz.webp\" \/>\n\t<meta property=\"og:image:width\" content=\"358\" \/>\n\t<meta property=\"og:image:height\" content=\"300\" \/>\n\t<meta property=\"og:image:type\" content=\"image\/webp\" \/>\n<meta name=\"twitter:card\" content=\"summary_large_image\" \/>\n<meta name=\"twitter:label1\" content=\"Gesch\u00e4tzte Lesezeit\" \/>\n\t<meta name=\"twitter:data1\" content=\"5\u00a0Minuten\" \/>\n<script type=\"application\/ld+json\" class=\"yoast-schema-graph\">{\"@context\":\"https:\\\/\\\/schema.org\",\"@graph\":[{\"@type\":\"WebPage\",\"@id\":\"https:\\\/\\\/regalanimals.ch\\\/product\\\/effilochees-poulet-et-riz\\\/\",\"url\":\"https:\\\/\\\/regalanimals.ch\\\/product\\\/effilochees-poulet-et-riz\\\/\",\"name\":\"Effiloch\u00e9es Poulet et Riz, une p\u00e2t\u00e9e pour chat sans gluten.\",\"isPartOf\":{\"@id\":\"https:\\\/\\\/regalanimals.ch\\\/#website\"},\"primaryImageOfPage\":{\"@id\":\"https:\\\/\\\/regalanimals.ch\\\/product\\\/effilochees-poulet-et-riz\\\/#primaryimage\"},\"image\":{\"@id\":\"https:\\\/\\\/regalanimals.ch\\\/product\\\/effilochees-poulet-et-riz\\\/#primaryimage\"},\"thumbnailUrl\":\"https:\\\/\\\/regalanimals.ch\\\/wp-content\\\/uploads\\\/2025\\\/11\\\/Effilochees-poulet-riz.webp\",\"datePublished\":\"2025-02-23T11:00:56+00:00\",\"dateModified\":\"2026-03-25T17:58:04+00:00\",\"description\":\"Une recette fran\u00e7aise \u00e9labor\u00e9e avec soin. Les Effiloch\u00e9es Poulet et Riz offrent une p\u00e2t\u00e9e monoprot\u00e9ique savoureuse et douce pour la digestion de votre chat.\",\"breadcrumb\":{\"@id\":\"https:\\\/\\\/regalanimals.ch\\\/product\\\/effilochees-poulet-et-riz\\\/#breadcrumb\"},\"inLanguage\":\"de\",\"potentialAction\":[{\"@type\":\"ReadAction\",\"target\":[\"https:\\\/\\\/regalanimals.ch\\\/product\\\/effilochees-poulet-et-riz\\\/\"]}]},{\"@type\":\"ImageObject\",\"inLanguage\":\"de\",\"@id\":\"https:\\\/\\\/regalanimals.ch\\\/product\\\/effilochees-poulet-et-riz\\\/#primaryimage\",\"url\":\"https:\\\/\\\/regalanimals.ch\\\/wp-content\\\/uploads\\\/2025\\\/11\\\/Effilochees-poulet-riz.webp\",\"contentUrl\":\"https:\\\/\\\/regalanimals.ch\\\/wp-content\\\/uploads\\\/2025\\\/11\\\/Effilochees-poulet-riz.webp\",\"width\":358,\"height\":300,\"caption\":\"Effiloch\u00e9es Poulet & Riz \u2013 p\u00e2t\u00e9e monoprot\u00e9ique pour chat, 85 g.\"},{\"@type\":\"BreadcrumbList\",\"@id\":\"https:\\\/\\\/regalanimals.ch\\\/product\\\/effilochees-poulet-et-riz\\\/#breadcrumb\",\"itemListElement\":[{\"@type\":\"ListItem\",\"position\":1,\"name\":\"Home\",\"item\":\"https:\\\/\\\/regalanimals.ch\\\/\"},{\"@type\":\"ListItem\",\"position\":2,\"name\":\"Boutique\",\"item\":\"https:\\\/\\\/regalanimals.ch\\\/shop\\\/\"},{\"@type\":\"ListItem\",\"position\":3,\"name\":\"Effiloch\u00e9es Poulet et Riz\"}]},{\"@type\":\"WebSite\",\"@id\":\"https:\\\/\\\/regalanimals.ch\\\/#website\",\"url\":\"https:\\\/\\\/regalanimals.ch\\\/\",\"name\":\"R\u00e9gal Animals\",\"description\":\"Alimentation et articles de qualit\u00e9 pour chats, chiens et furets\",\"publisher\":{\"@id\":\"https:\\\/\\\/regalanimals.ch\\\/#organization\"},\"potentialAction\":[{\"@type\":\"SearchAction\",\"target\":{\"@type\":\"EntryPoint\",\"urlTemplate\":\"https:\\\/\\\/regalanimals.ch\\\/?s={search_term_string}\"},\"query-input\":{\"@type\":\"PropertyValueSpecification\",\"valueRequired\":true,\"valueName\":\"search_term_string\"}}],\"inLanguage\":\"de\"},{\"@type\":\"Organization\",\"@id\":\"https:\\\/\\\/regalanimals.ch\\\/#organization\",\"name\":\"R\u00e9gal Animals\",\"url\":\"https:\\\/\\\/regalanimals.ch\\\/\",\"logo\":{\"@type\":\"ImageObject\",\"inLanguage\":\"de\",\"@id\":\"https:\\\/\\\/regalanimals.ch\\\/#\\\/schema\\\/logo\\\/image\\\/\",\"url\":\"https:\\\/\\\/regalanimals.ch\\\/wp-content\\\/uploads\\\/2025\\\/07\\\/Logo-RegalAnimals.png\",\"contentUrl\":\"https:\\\/\\\/regalanimals.ch\\\/wp-content\\\/uploads\\\/2025\\\/07\\\/Logo-RegalAnimals.png\",\"width\":120,\"height\":153,\"caption\":\"R\u00e9gal Animals\"},\"image\":{\"@id\":\"https:\\\/\\\/regalanimals.ch\\\/#\\\/schema\\\/logo\\\/image\\\/\"}}]}<\/script>\n<!-- \/ Yoast SEO Premium plugin. -->","yoast_head_json":{"title":"Geschreddertes H\u00fchnchen und Reis, ein glutenfreies Katzenfutter.","description":"Ein sorgf\u00e4ltig kreiertes franz\u00f6sisches Rezept. Die Pastete mit zerkleinertem H\u00fchnchen und Reis ist eine schmackhafte Wahl aus nur einer Proteinquelle und besonders bek\u00f6mmlich f\u00fcr Ihre Katze.","robots":{"index":"index","follow":"follow","max-snippet":"max-snippet:-1","max-image-preview":"max-image-preview:large","max-video-preview":"max-video-preview:-1"},"canonical":"https:\/\/regalanimals.ch\/de\/product\/effilochees-poulet-et-riz\/","og_locale":"de_DE","og_type":"article","og_title":"Effiloch\u00e9es Poulet et Riz","og_description":"Une recette fran\u00e7aise \u00e9labor\u00e9e avec soin. Les Effiloch\u00e9es Poulet et Riz offrent une p\u00e2t\u00e9e monoprot\u00e9ique savoureuse et douce pour la digestion de votre chat.","og_url":"https:\/\/regalanimals.ch\/de\/product\/effilochees-poulet-et-riz\/","og_site_name":"R\u00e9gal&#039;Animals","article_modified_time":"2026-03-25T17:58:04+00:00","og_image":[{"width":358,"height":300,"url":"https:\/\/regalanimals.ch\/wp-content\/uploads\/2025\/11\/Effilochees-poulet-riz.webp","type":"image\/webp"}],"twitter_card":"summary_large_image","twitter_misc":{"Gesch\u00e4tzte Lesezeit":"5\u00a0Minuten"},"schema":{"@context":"https:\/\/schema.org","@graph":[{"@type":"WebPage","@id":"https:\/\/regalanimals.ch\/product\/effilochees-poulet-et-riz\/","url":"https:\/\/regalanimals.ch\/product\/effilochees-poulet-et-riz\/","name":"Geschreddertes H\u00fchnchen und Reis, ein glutenfreies Katzenfutter.","isPartOf":{"@id":"https:\/\/regalanimals.ch\/#website"},"primaryImageOfPage":{"@id":"https:\/\/regalanimals.ch\/product\/effilochees-poulet-et-riz\/#primaryimage"},"image":{"@id":"https:\/\/regalanimals.ch\/product\/effilochees-poulet-et-riz\/#primaryimage"},"thumbnailUrl":"https:\/\/regalanimals.ch\/wp-content\/uploads\/2025\/11\/Effilochees-poulet-riz.webp","datePublished":"2025-02-23T11:00:56+00:00","dateModified":"2026-03-25T17:58:04+00:00","description":"Ein sorgf\u00e4ltig kreiertes franz\u00f6sisches Rezept. Die Pastete mit zerkleinertem H\u00fchnchen und Reis ist eine schmackhafte Wahl aus nur einer Proteinquelle und besonders bek\u00f6mmlich f\u00fcr Ihre Katze.","breadcrumb":{"@id":"https:\/\/regalanimals.ch\/product\/effilochees-poulet-et-riz\/#breadcrumb"},"inLanguage":"de","potentialAction":[{"@type":"ReadAction","target":["https:\/\/regalanimals.ch\/product\/effilochees-poulet-et-riz\/"]}]},{"@type":"ImageObject","inLanguage":"de","@id":"https:\/\/regalanimals.ch\/product\/effilochees-poulet-et-riz\/#primaryimage","url":"https:\/\/regalanimals.ch\/wp-content\/uploads\/2025\/11\/Effilochees-poulet-riz.webp","contentUrl":"https:\/\/regalanimals.ch\/wp-content\/uploads\/2025\/11\/Effilochees-poulet-riz.webp","width":358,"height":300,"caption":"Effiloch\u00e9es Poulet & Riz \u2013 p\u00e2t\u00e9e monoprot\u00e9ique pour chat, 85 g."},{"@type":"BreadcrumbList","@id":"https:\/\/regalanimals.ch\/product\/effilochees-poulet-et-riz\/#breadcrumb","itemListElement":[{"@type":"ListItem","position":1,"name":"Home","item":"https:\/\/regalanimals.ch\/"},{"@type":"ListItem","position":2,"name":"Boutique","item":"https:\/\/regalanimals.ch\/shop\/"},{"@type":"ListItem","position":3,"name":"Effiloch\u00e9es Poulet et Riz"}]},{"@type":"WebSite","@id":"https:\/\/regalanimals.ch\/#website","url":"https:\/\/regalanimals.ch\/","name":"Tierfest","description":"Hochwertiges Futter und Zubeh\u00f6r f\u00fcr Katzen, Hunde und Frettchen","publisher":{"@id":"https:\/\/regalanimals.ch\/#organization"},"potentialAction":[{"@type":"SearchAction","target":{"@type":"EntryPoint","urlTemplate":"https:\/\/regalanimals.ch\/?s={search_term_string}"},"query-input":{"@type":"PropertyValueSpecification","valueRequired":true,"valueName":"search_term_string"}}],"inLanguage":"de"},{"@type":"Organization","@id":"https:\/\/regalanimals.ch\/#organization","name":"Tierfest","url":"https:\/\/regalanimals.ch\/","logo":{"@type":"ImageObject","inLanguage":"de","@id":"https:\/\/regalanimals.ch\/#\/schema\/logo\/image\/","url":"https:\/\/regalanimals.ch\/wp-content\/uploads\/2025\/07\/Logo-RegalAnimals.png","contentUrl":"https:\/\/regalanimals.ch\/wp-content\/uploads\/2025\/07\/Logo-RegalAnimals.png","width":120,"height":153,"caption":"R\u00e9gal Animals"},"image":{"@id":"https:\/\/regalanimals.ch\/#\/schema\/logo\/image\/"}}]}},"_links":{"self":[{"href":"https:\/\/regalanimals.ch\/de\/wp-json\/wp\/v2\/product\/32172","targetHints":{"allow":["GET"]}}],"collection":[{"href":"https:\/\/regalanimals.ch\/de\/wp-json\/wp\/v2\/product"}],"about":[{"href":"https:\/\/regalanimals.ch\/de\/wp-json\/wp\/v2\/types\/product"}],"replies":[{"embeddable":true,"href":"https:\/\/regalanimals.ch\/de\/wp-json\/wp\/v2\/comments?post=32172"}],"wp:featuredmedia":[{"embeddable":true,"href":"https:\/\/regalanimals.ch\/de\/wp-json\/wp\/v2\/media\/39970"}],"wp:attachment":[{"href":"https:\/\/regalanimals.ch\/de\/wp-json\/wp\/v2\/media?parent=32172"}],"wp:term":[{"taxonomy":"product_brand","embeddable":true,"href":"https:\/\/regalanimals.ch\/de\/wp-json\/wp\/v2\/product_brand?post=32172"},{"taxonomy":"product_cat","embeddable":true,"href":"https:\/\/regalanimals.ch\/de\/wp-json\/wp\/v2\/product_cat?post=32172"},{"taxonomy":"product_tag","embeddable":true,"href":"https:\/\/regalanimals.ch\/de\/wp-json\/wp\/v2\/product_tag?post=32172"}],"curies":[{"name":"wp","href":"https:\/\/api.w.org\/{rel}","templated":true}]}}