{"id":33745,"date":"2025-04-14T18:42:07","date_gmt":"2025-04-14T16:42:07","guid":{"rendered":"https:\/\/regalanimals.geekworkers.dev\/?post_type=product&#038;p=33745"},"modified":"2026-05-04T17:51:39","modified_gmt":"2026-05-04T15:51:39","slug":"filets-de-canard","status":"publish","type":"product","link":"https:\/\/regalanimals.ch\/de\/product\/filets-de-canard\/","title":{"rendered":"Getrocknete Entenfilets"},"content":{"rendered":"<h2 data-start=\"426\" data-end=\"495\"><strong data-start=\"429\" data-end=\"495\">Getrocknete Entenfilets \u2013 Ein nat\u00fcrlicher und leckerer Genuss \ud83e\udd86<\/strong><\/h2>\n<h3 data-start=\"497\" data-end=\"558\"><strong data-start=\"501\" data-end=\"558\">Authentische, proteinreiche Leckereien \ud83c\udf3f<\/strong><\/h3>\n<p data-start=\"482\" data-end=\"847\">Getrocknete Entenfilets enthalten 88 g hochwertiges Entenfleisch (1 TP3T), das schonend getrocknet wird, um alle wichtigen N\u00e4hrstoffe zu erhalten. So genie\u00dft Ihr Haustier einen nat\u00fcrlichen und leckeren Leckerbissen.<br data-start=\"718\" data-end=\"721\" \/>Dar\u00fcber hinaus enth\u00e4lt diese Leckerei keine k\u00fcnstlichen Konservierungs- oder Farbstoffe und ist somit eine gesunde und unbedenkliche Wahl.<\/p>\n<p data-start=\"482\" data-end=\"847\">Mit 38 g Protein und nur 4,5 g Fett unterst\u00fctzt es effektiv die t\u00e4gliche Vitalit\u00e4t Ihres Haustieres. Dank ihrer zarten Konsistenz eignen sich diese Filets f\u00fcr alle Hunde, selbst f\u00fcr die w\u00e4hlerischsten.<br data-start=\"1085\" data-end=\"1088\" \/>Au\u00dferdem sch\u00e4tzen Katzen den intensiven Geschmack. F\u00fcr kleine Kiefer kann man es einfach in kleinere St\u00fccke schneiden, um das Fressen zu erleichtern.<\/p>\n<hr data-start=\"972\" data-end=\"975\" \/>\n<h2 data-start=\"1240\" data-end=\"1287\"><strong data-start=\"1244\" data-end=\"1287\">Eine gesunde und unwiderstehliche Belohnung \ud83c\udf57<\/strong><\/h2>\n<p data-start=\"1319\" data-end=\"1691\">Diese getrockneten Entenfilets bieten eine ideale Kombination aus Geschmack und gesundheitlichen Vorteilen. Sie sind reich an Protein und von Natur aus hypoallergen, wodurch sie sich perfekt f\u00fcr empfindliche Tiere eignen.<br data-start=\"1537\" data-end=\"1540\" \/>Entenfleisch, eine nat\u00fcrliche Quelle f\u00fcr Eisen und essentielle Fetts\u00e4uren, tr\u00e4gt nicht nur zu Energie und Vitalit\u00e4t bei, sondern auch zur Sch\u00f6nheit des Fells.<\/p>\n<p data-start=\"1693\" data-end=\"2144\">Dar\u00fcber hinaus macht ihr authentischer Geschmack sie besonders attraktiv f\u00fcr Bildungszwecke oder als kleine Leckerei zwischendurch. Wie bei allen S\u00fc\u00dfigkeiten gilt jedoch: Die empfohlene Tagesdosis von 10 Gramm sollte nicht \u00fcberschritten werden.<br data-start=\"1937\" data-end=\"1940\" \/>Dar\u00fcber hinaus bieten diese Leckerlis eine wunderbare Gelegenheit, die Bindung zu Ihrem Haustier zu st\u00e4rken. Und schlie\u00dflich ist das Verw\u00f6hnen Ihres Tieres mit diesen Leckerlis einfach eine M\u00f6glichkeit, f\u00fcr Abwechslung zu sorgen.<\/p>\n<hr data-start=\"1656\" data-end=\"1659\" \/>\n<h2 data-start=\"2044\" data-end=\"2092\"><strong data-start=\"2048\" data-end=\"2092\">Warum Entenfilets w\u00e4hlen? \ud83d\udc9a<\/strong><\/h2>\n<ul>\n<li data-start=\"2040\" data-end=\"2104\">100 % ausgew\u00e4hltes Entenfleisch, ohne k\u00fcnstliche Zusatzstoffe<\/li>\n<li data-start=\"2107\" data-end=\"2156\">Weiche Konsistenz, leicht zu kauen und zu verdauen<\/li>\n<li data-start=\"2159\" data-end=\"2206\">Leckerli, geeignet f\u00fcr Hunde und Katzen<\/li>\n<li data-start=\"2209\" data-end=\"2268\">\u26a0\ufe0fNur gelegentlich f\u00fcr Frettchen geeignet<\/li>\n<li data-start=\"2271\" data-end=\"2338\">Eine nat\u00fcrliche Quelle f\u00fcr Protein, Eisen und essentielle Fetts\u00e4uren<\/li>\n<li data-start=\"2341\" data-end=\"2401\">Hypoallergenes Produkt, ideal f\u00fcr empfindliche Tiere<\/li>\n<\/ul>\n<hr data-start=\"2032\" data-end=\"2035\" \/>\n<h2><strong data-start=\"2040\" data-end=\"2066\">\ud83e\udd86 H\u00e4ufig gestellte Fragen<\/strong><\/h2>\n<h3><strong data-start=\"2072\" data-end=\"2183\">\u2753 Noch unentschlossen? Hier finden Sie die Antworten auf die am h\u00e4ufigsten gestellten Fragen zu Entenfilets.<\/strong><\/h3>\n<h4>\u27a1\ufe0f <strong data-start=\"2695\" data-end=\"2747\">Sind diese Entenfilets f\u00fcr Katzen geeignet?<\/strong><\/h4>\n<p data-start=\"2185\" data-end=\"2566\">Ja, absolut \ud83d\udc4d<br data-start=\"2768\" data-end=\"2771\" \/>Katzen sch\u00e4tzen im Allgemeinen ihre zarte Konsistenz und ihren nat\u00fcrlichen Geschmack sehr.<br data-start=\"2862\" data-end=\"2865\" \/>F\u00fcr \u00e4ltere Katzen oder solche mit kleinen Z\u00e4hnen k\u00f6nnen Sie die Filets einfach in kleine St\u00fccke schneiden, damit sie leichter zu fressen sind.<\/p>\n<h4><strong data-start=\"2802\" data-end=\"2858\">\u27a1\ufe0f Sind diese Entenfilets f\u00fcr Frettchen geeignet?<\/strong><\/h4>\n<p data-start=\"3076\" data-end=\"3451\">\u2714\ufe0f <strong data-start=\"3079\" data-end=\"3129\">Ja, aber nur gelegentlich.<\/strong><br data-start=\"3129\" data-end=\"3132\" \/>Frettchen lieben oft Entenfleisch. Das Rezept enth\u00e4lt jedoch eine kleine Menge an <strong data-start=\"3239\" data-end=\"3251\">Sorbitol<\/strong>, von <strong data-start=\"3256\" data-end=\"3278\">pflanzliches Glycerin<\/strong> und der <strong data-start=\"3285\" data-end=\"3295\">St\u00e4rke<\/strong>.<br data-start=\"3296\" data-end=\"3299\" \/>Obwohl diese Zutaten in kleinen Mengen im Allgemeinen kein Problem darstellen, sind sie f\u00fcr den regelm\u00e4\u00dfigen Verzehr durch Frettchen nicht geeignet.<\/p>\n<p data-start=\"3453\" data-end=\"3570\">\ud83d\udc49 <strong data-start=\"3456\" data-end=\"3526\">Fazit: Eine m\u00f6gliche Leckerei, die jedoch in Ma\u00dfen genossen werden sollte.<\/strong>, um jegliche Verdauungsbeschwerden zu vermeiden.<\/p>\n<hr data-start=\"4277\" data-end=\"4280\" \/>\n<h2 data-start=\"4282\" data-end=\"4324\"><strong data-start=\"4286\" data-end=\"4317\">\ud83d\udca6 Ratschl\u00e4ge von R\u00e9gal&#039;Animals \ud83d\udc9a<\/strong><\/h2>\n<p>F\u00fcr noch mehr Genuss sollte Ihr Haustier immer einen Napf mit frischem Wasser zur Verf\u00fcgung haben, w\u00e4hrend es die Leckerlis genie\u00dft. Sie k\u00f6nnen die Entenfilets auch auf zwei Arten anbieten: entweder als kleine Belohnung beim Training oder indem Sie sie gelegentlich unter das Futter mischen, um es schmackhafter zu machen. Egal f\u00fcr welche Methode Sie sich entscheiden, geben Sie die Filets in angemessenen Mengen, um das Wohlbefinden Ihres Tieres zu gew\u00e4hrleisten. \ud83d\udc9a<\/p>\n<hr data-start=\"4583\" data-end=\"4586\" \/>\n<h4 data-start=\"2568\" data-end=\"2967\">\u27a1\ufe0f <strong data-start=\"2571\" data-end=\"2613\">Wie oft kann es verabreicht werden?<\/strong><\/h4>\n<p data-start=\"2568\" data-end=\"2967\">Je nach Gr\u00f6\u00dfe des Tieres gen\u00fcgen ein bis zwei kleine St\u00fccke pro Tag.<br data-start=\"3435\" data-end=\"3438\" \/>Passen Sie die Menge wie immer an ihre Aktivit\u00e4ten und Bed\u00fcrfnisse an.<\/p>\n<p data-start=\"2568\" data-end=\"2967\">\u27a1\ufe0f <strong data-start=\"2972\" data-end=\"3006\">Wie lagert man getrocknete Entenfilets?<\/strong><\/p>\n<p data-start=\"2969\" data-end=\"3386\">Die Leckerlis sollten an einem trockenen Ort bei Zimmertemperatur aufbewahrt und der Beutel nach dem \u00d6ffnen sorgf\u00e4ltig wieder verschlossen werden.<br data-start=\"3786\" data-end=\"3789\" \/>Auf diese Weise behalten sie ihre Frische, ihr nat\u00fcrliches Aroma und ihre weiche Konsistenz bis zum letzten Bissen.<\/p>\n<p data-start=\"3388\" data-end=\"3590\">\u26a0\ufe0f Das Produkt enth\u00e4lt eine geringe Menge Sorbit (3 %), ein pflanzliches Feuchthaltemittel.<br data-start=\"3499\" data-end=\"3502\" \/>Hunde und Katzen vertragen es gut; Frettchen sollte man es nur in Ma\u00dfen geben.<\/p>\n<hr data-start=\"166\" data-end=\"169\" \/>\n<h4 data-start=\"171\" data-end=\"188\">Zusammensetzung<\/h4>\n<p data-start=\"189\" data-end=\"281\">Entenfilets 88 %<br data-start=\"210\" data-end=\"213\" \/>Kartoffelst\u00e4rke 5 %<br data-start=\"241\" data-end=\"244\" \/>Pflanzliches Glycerin 4 %<br data-start=\"266\" data-end=\"269\" \/>Sorbitol 3 %<\/p>\n<h4 data-start=\"283\" data-end=\"313\">Analytische Bestandteile<\/h4>\n<p data-start=\"314\" data-end=\"444\">Rohprotein: 38,0 %<br data-start=\"337\" data-end=\"340\" \/>Rohfett: 4,5 %<br data-start=\"371\" data-end=\"374\" \/>Mineralstoffe: 5,5 %<br data-start=\"400\" data-end=\"403\" \/>Rohfasern: 1,5 %<br data-start=\"424\" data-end=\"427\" \/>Luftfeuchtigkeit: 20,0 %<\/p>\n<p>&nbsp;<\/p>\n<p><a href=\"https:\/\/regalanimals.ch\/de\/product\/friandise-foie-de-poulet-lyophilisee\/\">Vorschlag f\u00fcr ihn<\/a><a href=\"https:\/\/www.tiktok.com\/@regalanimals.ch\/video\/7485682645741948182?lang=fr\">Zufriedener Kunde!<\/a><a href=\"https:\/\/regalanimals.ch\/wp-content\/uploads\/2025\/11\/Fiche-technique-filets-de-canard.pdf\">Datenblatt<\/a><\/p>","protected":false},"excerpt":{"rendered":"<p>Filets de Canard s\u00e9ch\u00e9s \u2013 Friandise naturelle et savoureuse \ud83e\udd86 Des friandises authentiques et riches en prot\u00e9ines \ud83c\udf3f Les Filets de Canard s\u00e9ch\u00e9s contiennent 88 % de viande de canard de premier choix, doucement d\u00e9shydrat\u00e9e afin de pr\u00e9server tous les nutriments essentiels. Ainsi, votre compagnon profite d\u2019une friandise aussi naturelle que gourmande.De plus, cette friandise [&hellip;]<\/p>\n","protected":false},"featured_media":38238,"comment_status":"open","ping_status":"closed","template":"","meta":[],"product_brand":[],"product_cat":[231,24],"product_tag":[],"class_list":{"0":"post-33745","1":"product","2":"type-product","3":"status-publish","4":"has-post-thumbnail","6":"product_cat-a-ronger","7":"product_cat-chiens","9":"first","10":"instock","11":"taxable","12":"shipping-taxable","13":"purchasable","14":"product-type-variable"},"yoast_head":"<!-- This site is optimized with the Yoast SEO Premium plugin v27.4 (Yoast SEO v27.5) - https:\/\/yoast.com\/product\/yoast-seo-premium-wordpress\/ -->\n<title>Filets de Canard s\u00e9ch\u00e9s, un vrai r\u00e9gal pour votre animal.<\/title>\n<meta name=\"description\" content=\"Une volaille pleine de saveur qui \u00e9veillera ses papilles. Les Filets de Canard s\u00e9ch\u00e9s offrent une gourmandise irr\u00e9sistible pour tous les petits carnivores.\" \/>\n<meta name=\"robots\" content=\"index, follow, max-snippet:-1, max-image-preview:large, max-video-preview:-1\" \/>\n<link rel=\"canonical\" href=\"https:\/\/regalanimals.ch\/de\/product\/filets-de-canard\/\" \/>\n<meta property=\"og:locale\" content=\"de_DE\" \/>\n<meta property=\"og:type\" content=\"article\" \/>\n<meta property=\"og:title\" content=\"Filets de Canard s\u00e9ch\u00e9s\" \/>\n<meta property=\"og:description\" content=\"Une volaille pleine de saveur qui \u00e9veillera ses papilles. Les Filets de Canard s\u00e9ch\u00e9s offrent une gourmandise irr\u00e9sistible pour tous les petits carnivores.\" \/>\n<meta property=\"og:url\" content=\"https:\/\/regalanimals.ch\/de\/product\/filets-de-canard\/\" \/>\n<meta property=\"og:site_name\" content=\"R\u00e9gal&#039;Animals\" \/>\n<meta property=\"article:modified_time\" content=\"2026-05-04T15:51:39+00:00\" \/>\n<meta property=\"og:image\" content=\"https:\/\/regalanimals.ch\/wp-content\/uploads\/2025\/08\/Filet-canard-seche.webp\" \/>\n\t<meta property=\"og:image:width\" content=\"940\" \/>\n\t<meta property=\"og:image:height\" content=\"788\" \/>\n\t<meta property=\"og:image:type\" content=\"image\/webp\" \/>\n<meta name=\"twitter:card\" content=\"summary_large_image\" \/>\n<meta name=\"twitter:label1\" content=\"Gesch\u00e4tzte Lesezeit\" \/>\n\t<meta name=\"twitter:data1\" content=\"4\u00a0Minuten\" \/>\n<script type=\"application\/ld+json\" class=\"yoast-schema-graph\">{\"@context\":\"https:\\\/\\\/schema.org\",\"@graph\":[{\"@type\":\"WebPage\",\"@id\":\"https:\\\/\\\/regalanimals.ch\\\/product\\\/filets-de-canard\\\/\",\"url\":\"https:\\\/\\\/regalanimals.ch\\\/product\\\/filets-de-canard\\\/\",\"name\":\"Filets de Canard s\u00e9ch\u00e9s, un vrai r\u00e9gal pour votre animal.\",\"isPartOf\":{\"@id\":\"https:\\\/\\\/regalanimals.ch\\\/#website\"},\"primaryImageOfPage\":{\"@id\":\"https:\\\/\\\/regalanimals.ch\\\/product\\\/filets-de-canard\\\/#primaryimage\"},\"image\":{\"@id\":\"https:\\\/\\\/regalanimals.ch\\\/product\\\/filets-de-canard\\\/#primaryimage\"},\"thumbnailUrl\":\"https:\\\/\\\/regalanimals.ch\\\/wp-content\\\/uploads\\\/2025\\\/08\\\/Filet-canard-seche.webp\",\"datePublished\":\"2025-04-14T16:42:07+00:00\",\"dateModified\":\"2026-05-04T15:51:39+00:00\",\"description\":\"Une volaille pleine de saveur qui \u00e9veillera ses papilles. Les Filets de Canard s\u00e9ch\u00e9s offrent une gourmandise irr\u00e9sistible pour tous les petits carnivores.\",\"breadcrumb\":{\"@id\":\"https:\\\/\\\/regalanimals.ch\\\/product\\\/filets-de-canard\\\/#breadcrumb\"},\"inLanguage\":\"de\",\"potentialAction\":[{\"@type\":\"ReadAction\",\"target\":[\"https:\\\/\\\/regalanimals.ch\\\/product\\\/filets-de-canard\\\/\"]}]},{\"@type\":\"ImageObject\",\"inLanguage\":\"de\",\"@id\":\"https:\\\/\\\/regalanimals.ch\\\/product\\\/filets-de-canard\\\/#primaryimage\",\"url\":\"https:\\\/\\\/regalanimals.ch\\\/wp-content\\\/uploads\\\/2025\\\/08\\\/Filet-canard-seche.webp\",\"contentUrl\":\"https:\\\/\\\/regalanimals.ch\\\/wp-content\\\/uploads\\\/2025\\\/08\\\/Filet-canard-seche.webp\",\"width\":940,\"height\":788,\"caption\":\"Filets de canard s\u00e9ch\u00e9s \u2013 Friandises naturelles et riches en prot\u00e9ines pour chiens, chats et furets.\"},{\"@type\":\"BreadcrumbList\",\"@id\":\"https:\\\/\\\/regalanimals.ch\\\/product\\\/filets-de-canard\\\/#breadcrumb\",\"itemListElement\":[{\"@type\":\"ListItem\",\"position\":1,\"name\":\"Home\",\"item\":\"https:\\\/\\\/regalanimals.ch\\\/\"},{\"@type\":\"ListItem\",\"position\":2,\"name\":\"Boutique\",\"item\":\"https:\\\/\\\/regalanimals.ch\\\/shop\\\/\"},{\"@type\":\"ListItem\",\"position\":3,\"name\":\"Filets de Canard s\u00e9ch\u00e9s\"}]},{\"@type\":\"WebSite\",\"@id\":\"https:\\\/\\\/regalanimals.ch\\\/#website\",\"url\":\"https:\\\/\\\/regalanimals.ch\\\/\",\"name\":\"R\u00e9gal Animals\",\"description\":\"Alimentation et articles de qualit\u00e9 pour chats, chiens et furets\",\"publisher\":{\"@id\":\"https:\\\/\\\/regalanimals.ch\\\/#organization\"},\"potentialAction\":[{\"@type\":\"SearchAction\",\"target\":{\"@type\":\"EntryPoint\",\"urlTemplate\":\"https:\\\/\\\/regalanimals.ch\\\/?s={search_term_string}\"},\"query-input\":{\"@type\":\"PropertyValueSpecification\",\"valueRequired\":true,\"valueName\":\"search_term_string\"}}],\"inLanguage\":\"de\"},{\"@type\":\"Organization\",\"@id\":\"https:\\\/\\\/regalanimals.ch\\\/#organization\",\"name\":\"R\u00e9gal Animals\",\"url\":\"https:\\\/\\\/regalanimals.ch\\\/\",\"logo\":{\"@type\":\"ImageObject\",\"inLanguage\":\"de\",\"@id\":\"https:\\\/\\\/regalanimals.ch\\\/#\\\/schema\\\/logo\\\/image\\\/\",\"url\":\"https:\\\/\\\/regalanimals.ch\\\/wp-content\\\/uploads\\\/2025\\\/04\\\/cropped-Logo-site-e1744634610403-1.webp\",\"contentUrl\":\"https:\\\/\\\/regalanimals.ch\\\/wp-content\\\/uploads\\\/2025\\\/04\\\/cropped-Logo-site-e1744634610403-1.webp\",\"width\":512,\"height\":512,\"caption\":\"R\u00e9gal Animals\"},\"image\":{\"@id\":\"https:\\\/\\\/regalanimals.ch\\\/#\\\/schema\\\/logo\\\/image\\\/\"}}]}<\/script>\n<!-- \/ Yoast SEO Premium plugin. -->","yoast_head_json":{"title":"Getrocknete Entenfilets \u2013 ein echter Leckerbissen f\u00fcr Ihr Haustier.","description":"Ein schmackhafter Gefl\u00fcgelgenuss, der die Geschmacksknospen verw\u00f6hnen wird. Getrocknete Entenfilets sind eine unwiderstehliche Delikatesse f\u00fcr alle kleinen Fleischfresser.","robots":{"index":"index","follow":"follow","max-snippet":"max-snippet:-1","max-image-preview":"max-image-preview:large","max-video-preview":"max-video-preview:-1"},"canonical":"https:\/\/regalanimals.ch\/de\/product\/filets-de-canard\/","og_locale":"de_DE","og_type":"article","og_title":"Filets de Canard s\u00e9ch\u00e9s","og_description":"Une volaille pleine de saveur qui \u00e9veillera ses papilles. Les Filets de Canard s\u00e9ch\u00e9s offrent une gourmandise irr\u00e9sistible pour tous les petits carnivores.","og_url":"https:\/\/regalanimals.ch\/de\/product\/filets-de-canard\/","og_site_name":"R\u00e9gal&#039;Animals","article_modified_time":"2026-05-04T15:51:39+00:00","og_image":[{"width":940,"height":788,"url":"https:\/\/regalanimals.ch\/wp-content\/uploads\/2025\/08\/Filet-canard-seche.webp","type":"image\/webp"}],"twitter_card":"summary_large_image","twitter_misc":{"Gesch\u00e4tzte Lesezeit":"4\u00a0Minuten"},"schema":{"@context":"https:\/\/schema.org","@graph":[{"@type":"WebPage","@id":"https:\/\/regalanimals.ch\/product\/filets-de-canard\/","url":"https:\/\/regalanimals.ch\/product\/filets-de-canard\/","name":"Getrocknete Entenfilets \u2013 ein echter Leckerbissen f\u00fcr Ihr Haustier.","isPartOf":{"@id":"https:\/\/regalanimals.ch\/#website"},"primaryImageOfPage":{"@id":"https:\/\/regalanimals.ch\/product\/filets-de-canard\/#primaryimage"},"image":{"@id":"https:\/\/regalanimals.ch\/product\/filets-de-canard\/#primaryimage"},"thumbnailUrl":"https:\/\/regalanimals.ch\/wp-content\/uploads\/2025\/08\/Filet-canard-seche.webp","datePublished":"2025-04-14T16:42:07+00:00","dateModified":"2026-05-04T15:51:39+00:00","description":"Ein schmackhafter Gefl\u00fcgelgenuss, der die Geschmacksknospen verw\u00f6hnen wird. Getrocknete Entenfilets sind eine unwiderstehliche Delikatesse f\u00fcr alle kleinen Fleischfresser.","breadcrumb":{"@id":"https:\/\/regalanimals.ch\/product\/filets-de-canard\/#breadcrumb"},"inLanguage":"de","potentialAction":[{"@type":"ReadAction","target":["https:\/\/regalanimals.ch\/product\/filets-de-canard\/"]}]},{"@type":"ImageObject","inLanguage":"de","@id":"https:\/\/regalanimals.ch\/product\/filets-de-canard\/#primaryimage","url":"https:\/\/regalanimals.ch\/wp-content\/uploads\/2025\/08\/Filet-canard-seche.webp","contentUrl":"https:\/\/regalanimals.ch\/wp-content\/uploads\/2025\/08\/Filet-canard-seche.webp","width":940,"height":788,"caption":"Filets de canard s\u00e9ch\u00e9s \u2013 Friandises naturelles et riches en prot\u00e9ines pour chiens, chats et furets."},{"@type":"BreadcrumbList","@id":"https:\/\/regalanimals.ch\/product\/filets-de-canard\/#breadcrumb","itemListElement":[{"@type":"ListItem","position":1,"name":"Home","item":"https:\/\/regalanimals.ch\/"},{"@type":"ListItem","position":2,"name":"Boutique","item":"https:\/\/regalanimals.ch\/shop\/"},{"@type":"ListItem","position":3,"name":"Filets de Canard s\u00e9ch\u00e9s"}]},{"@type":"WebSite","@id":"https:\/\/regalanimals.ch\/#website","url":"https:\/\/regalanimals.ch\/","name":"Tierfest","description":"Hochwertiges Futter und Zubeh\u00f6r f\u00fcr Katzen, Hunde und Frettchen","publisher":{"@id":"https:\/\/regalanimals.ch\/#organization"},"potentialAction":[{"@type":"SearchAction","target":{"@type":"EntryPoint","urlTemplate":"https:\/\/regalanimals.ch\/?s={search_term_string}"},"query-input":{"@type":"PropertyValueSpecification","valueRequired":true,"valueName":"search_term_string"}}],"inLanguage":"de"},{"@type":"Organization","@id":"https:\/\/regalanimals.ch\/#organization","name":"Tierfest","url":"https:\/\/regalanimals.ch\/","logo":{"@type":"ImageObject","inLanguage":"de","@id":"https:\/\/regalanimals.ch\/#\/schema\/logo\/image\/","url":"https:\/\/regalanimals.ch\/wp-content\/uploads\/2025\/04\/cropped-Logo-site-e1744634610403-1.webp","contentUrl":"https:\/\/regalanimals.ch\/wp-content\/uploads\/2025\/04\/cropped-Logo-site-e1744634610403-1.webp","width":512,"height":512,"caption":"R\u00e9gal Animals"},"image":{"@id":"https:\/\/regalanimals.ch\/#\/schema\/logo\/image\/"}}]}},"_links":{"self":[{"href":"https:\/\/regalanimals.ch\/de\/wp-json\/wp\/v2\/product\/33745","targetHints":{"allow":["GET"]}}],"collection":[{"href":"https:\/\/regalanimals.ch\/de\/wp-json\/wp\/v2\/product"}],"about":[{"href":"https:\/\/regalanimals.ch\/de\/wp-json\/wp\/v2\/types\/product"}],"replies":[{"embeddable":true,"href":"https:\/\/regalanimals.ch\/de\/wp-json\/wp\/v2\/comments?post=33745"}],"wp:featuredmedia":[{"embeddable":true,"href":"https:\/\/regalanimals.ch\/de\/wp-json\/wp\/v2\/media\/38238"}],"wp:attachment":[{"href":"https:\/\/regalanimals.ch\/de\/wp-json\/wp\/v2\/media?parent=33745"}],"wp:term":[{"taxonomy":"product_brand","embeddable":true,"href":"https:\/\/regalanimals.ch\/de\/wp-json\/wp\/v2\/product_brand?post=33745"},{"taxonomy":"product_cat","embeddable":true,"href":"https:\/\/regalanimals.ch\/de\/wp-json\/wp\/v2\/product_cat?post=33745"},{"taxonomy":"product_tag","embeddable":true,"href":"https:\/\/regalanimals.ch\/de\/wp-json\/wp\/v2\/product_tag?post=33745"}],"curies":[{"name":"wp","href":"https:\/\/api.w.org\/{rel}","templated":true}]}}