{"id":34477,"date":"2025-04-22T12:40:06","date_gmt":"2025-04-22T10:40:06","guid":{"rendered":"https:\/\/regalanimals.geekworkers.dev\/?post_type=product&#038;p=34477"},"modified":"2026-04-08T17:03:37","modified_gmt":"2026-04-08T15:03:37","slug":"cheezy-dog-fromage-de-yak","status":"publish","type":"product","link":"https:\/\/regalanimals.ch\/de\/product\/cheezy-dog-fromage-de-yak\/","title":{"rendered":"Cheezy-Dog Yak-K\u00e4se"},"content":{"rendered":"<h2 data-start=\"350\" data-end=\"385\">Cheezy-Dog Yakk\u00e4se, ein nat\u00fcrlicher Kausnack f\u00fcr Hunde \ud83e\uddc0\ud83d\udc3e<\/h2>\n<p data-start=\"350\" data-end=\"385\">Cheezy-Dog Yakk\u00e4se ist ein nat\u00fcrlicher Kausnack f\u00fcr Hunde, die gerne lange kauen. Inspiriert von traditionellen Himalaya-Rezepten, wird dieser Yakk\u00e4se heute aus Kuhmilch hergestellt, die leichter verf\u00fcgbar und ideal f\u00fcr die Hundeern\u00e4hrung geeignet ist. Dank eines traditionellen Verfahrens mit Erhitzen, Gerinnen, Pressen und langsamem Trocknen entsteht aus Cheezy-Dog Yakk\u00e4se ein fester und haltbarer Kausnack. Er befriedigt das Kaubed\u00fcrfnis, besch\u00e4ftigt Hunde und l\u00e4sst sich leicht in eine gesunde Hundeern\u00e4hrung integrieren.<\/p>\n<h3 data-start=\"328\" data-end=\"361\">Verf\u00fcgbare Gr\u00f6\u00dfen und Gewichte \ud83d\udc36<\/h3>\n<p data-start=\"363\" data-end=\"653\">Jeder Cheezy-Dog Yak-K\u00e4se hat eine einzigartige Form. Daher k\u00f6nnen Gr\u00f6\u00dfe und Gewicht je nach Herstellungsverfahren und nat\u00fcrlicher Trocknung leicht variieren. Tipp: W\u00e4hlen Sie immer eine etwas gr\u00f6\u00dfere Gr\u00f6\u00dfe, um das Risiko einer versehentlichen Verschluckung zu minimieren.<\/p>\n<div class=\"TyagGW_tableContainer\">\n<div class=\"group TyagGW_tableWrapper flex w-fit flex-col-reverse\" tabindex=\"-1\">\n<table class=\"w-fit min-w-(--thread-content-width)\" data-start=\"278\" data-end=\"923\">\n<thead data-start=\"278\" data-end=\"333\">\n<tr data-start=\"278\" data-end=\"333\">\n<th data-start=\"278\" data-end=\"287\" data-col-size=\"sm\">Gr\u00f6\u00dfe<\/th>\n<th data-start=\"287\" data-end=\"305\" data-col-size=\"sm\">F\u00fcr Hunde von\u2026<\/th>\n<th data-start=\"305\" data-end=\"314\" data-col-size=\"md\">Format<\/th>\n<th data-start=\"314\" data-end=\"333\" data-col-size=\"sm\">Beispiel eines Rennens<\/th>\n<\/tr>\n<\/thead>\n<tbody data-start=\"388\" data-end=\"923\">\n<tr data-start=\"388\" data-end=\"510\">\n<td data-start=\"388\" data-end=\"393\" data-col-size=\"sm\">XS<\/td>\n<td data-col-size=\"sm\" data-start=\"393\" data-end=\"409\">weniger als 5 kg<\/td>\n<td data-col-size=\"md\" data-start=\"409\" data-end=\"474\">Packung mit 5 Sticks \u00e0 ca. 20 g, insgesamt ca. 100 g<\/td>\n<td data-col-size=\"sm\" data-start=\"474\" data-end=\"510\">Chihuahua, Yorkshire Terrier, Zwergspitz<\/td>\n<\/tr>\n<tr data-start=\"511\" data-end=\"576\">\n<td data-start=\"511\" data-end=\"515\" data-col-size=\"sm\">S<\/td>\n<td data-col-size=\"sm\" data-start=\"515\" data-end=\"530\">bis 5 kg<\/td>\n<td data-col-size=\"md\" data-start=\"530\" data-end=\"539\">\u2265 38 g<\/td>\n<td data-col-size=\"sm\" data-start=\"539\" data-end=\"576\">Zwergdackel, Bichon Fris\u00e9, Jack Russell Terrier<\/td>\n<\/tr>\n<tr data-start=\"577\" data-end=\"645\">\n<td data-start=\"577\" data-end=\"581\" data-col-size=\"sm\">M<\/td>\n<td data-col-size=\"sm\" data-start=\"581\" data-end=\"593\">5 bis 10 kg<\/td>\n<td data-col-size=\"md\" data-start=\"593\" data-end=\"602\">\u2265 75 g<\/td>\n<td data-col-size=\"sm\" data-start=\"602\" data-end=\"645\">Mops, Cavalier King Charles Spaniel, Shih Tzu<\/td>\n<\/tr>\n<tr data-start=\"646\" data-end=\"707\">\n<td data-start=\"646\" data-end=\"650\" data-col-size=\"sm\">L<\/td>\n<td data-col-size=\"sm\" data-start=\"650\" data-end=\"663\">10 bis 20 kg<\/td>\n<td data-col-size=\"md\" data-start=\"663\" data-end=\"673\">\u2265 130 g<\/td>\n<td data-col-size=\"sm\" data-start=\"673\" data-end=\"707\">Beagle, Cocker Spaniel, Border Terrier<\/td>\n<\/tr>\n<tr data-start=\"708\" data-end=\"773\">\n<td data-start=\"708\" data-end=\"713\" data-col-size=\"sm\">XL<\/td>\n<td data-col-size=\"sm\" data-start=\"713\" data-end=\"726\">20 bis 30 kg<\/td>\n<td data-col-size=\"md\" data-start=\"726\" data-end=\"736\">\u2265 190 g<\/td>\n<td data-col-size=\"sm\" data-start=\"736\" data-end=\"773\">Bulldogge, Australischer Sch\u00e4ferhund, Boxer<\/td>\n<\/tr>\n<tr data-start=\"774\" data-end=\"849\">\n<td data-start=\"774\" data-end=\"782\" data-col-size=\"sm\">Riese<\/td>\n<td data-col-size=\"sm\" data-start=\"782\" data-end=\"795\">30 bis 50 kg<\/td>\n<td data-col-size=\"md\" data-start=\"795\" data-end=\"805\">\u2265 220 g<\/td>\n<td data-col-size=\"sm\" data-start=\"805\" data-end=\"849\">Husky, Deutscher Sch\u00e4ferhund, Golden Retriever<\/td>\n<\/tr>\n<tr data-start=\"850\" data-end=\"923\">\n<td data-start=\"850\" data-end=\"861\" data-col-size=\"sm\">Kolossal<\/td>\n<td data-col-size=\"sm\" data-start=\"861\" data-end=\"870\">+50 kg<\/td>\n<td data-col-size=\"md\" data-start=\"870\" data-end=\"880\">\u2265 450 g<\/td>\n<td data-col-size=\"sm\" data-start=\"880\" data-end=\"923\">Bernhardiner, Leonberger, Deutsche Dogge<\/td>\n<\/tr>\n<\/tbody>\n<\/table>\n<\/div>\n<\/div>\n<p data-start=\"925\" data-end=\"1280\">Ihr Hund sollte beim Kauen immer Zugang zu frischem Wasser haben. So kann er den Cheezy-Dog Yak Cheese unter optimalen Bedingungen genie\u00dfen. Wie bei allen Kauspielzeugen ist Aufsicht unerl\u00e4sslich. Entfernen Sie den Cheezy-Dog Yak Cheese, sobald er zu klein wird, um ein sicheres Kauen zu gew\u00e4hrleisten.<\/p>\n<h2 data-start=\"2134\" data-end=\"2179\">Eine lange Kauaktivit\u00e4t, die besch\u00e4ftigt und beruhigt \ud83c\udfc6<\/h2>\n<p data-start=\"2134\" data-end=\"2179\">Dank seiner festen Konsistenz ist der Cheezy-Dog Yak-K\u00e4se \u00e4u\u00dferst widerstandsf\u00e4hig gegen Kauen. So ist Ihr Hund l\u00e4nger besch\u00e4ftigt und sein nat\u00fcrlicher Kauinstinkt wird befriedigt. Regelm\u00e4\u00dfiges Kauen stimuliert zudem das Zahnfleisch und hilft, Zahnbelag zu reduzieren. Im Gegensatz zu weichen Leckerlis f\u00f6rdert dieser Kauknochen ruhige, konzentrierte Aktivit\u00e4t und tr\u00e4gt so zu mentaler Ausgeglichenheit und allgemeinem Wohlbefinden bei.<\/p>\n<h2 data-start=\"2134\" data-end=\"2179\">Ein Genuss mit einfacher Zusammensetzung und von Natur aus niedrigem Laktosegehalt \ud83c\udf3f<\/h2>\n<p data-start=\"2134\" data-end=\"2179\">Cheezy-Dog Yak Cheese enth\u00e4lt Kuhmilch, Milchprodukte und eine Prise Meersalz. Dank des schonenden Herstellungsverfahrens und der langsamen Trocknung hat dieser Leckerbissen einen von Natur aus sehr niedrigen Laktosegehalt und ist daher f\u00fcr viele Hunde mit Milchunvertr\u00e4glichkeit geeignet. Die einfache Rezeptur garantiert einen Leckerbissen ohne Zusatzstoffe, Konservierungsmittel und Chemikalien. Mit 65 g Protein unterst\u00fctzt er effektiv den Muskelaufbau. Der moderate Fettgehalt liefert kontrollierte Energie. Der nat\u00fcrliche Gehalt an Kalzium und Mineralien st\u00e4rkt Knochen, Z\u00e4hne und tr\u00e4gt zum allgemeinen Wohlbefinden bei.<\/p>\n<h2 data-start=\"2134\" data-end=\"2179\">Ein Kauknochen speziell f\u00fcr Hunde \ud83d\udc36<\/h2>\n<p data-start=\"2134\" data-end=\"2179\">Obwohl der Cheezy-Dog Yak-K\u00e4se robust ist, kann er beim Fallenlassen auf einen harten Untergrund zerbrechen. Werfen Sie ihn daher nicht. Geben Sie ihn Ihrem Hund direkt oder legen Sie ihn zum Kauen auf den Boden. So verl\u00e4ngern Sie seine Lebensdauer und sorgen f\u00fcr ein sicheres Kauerlebnis. Bei richtiger Anwendung ist dieser Yak-K\u00e4se eine zuverl\u00e4ssige Alternative zu anderen Kauspielzeugen.<\/p>\n<h3 data-start=\"363\" data-end=\"653\">H\u00e4ufig gestellte Fragen zu Cheezy-Dog Yakk\u00e4se f\u00fcr Hunde<\/h3>\n<p data-start=\"363\" data-end=\"653\">Hier finden Sie Antworten auf die am h\u00e4ufigsten gestellten Fragen zur Verwendung, zum Kauen, zur Sicherheit und zu den Vorteilen von Cheezy-Dog Yak Cheese.<\/p>\n<h4 data-start=\"234\" data-end=\"730\">\u27a1\ufe0f Ist dieser K\u00e4se f\u00fcr alle Hunde geeignet?<\/h4>\n<p data-start=\"234\" data-end=\"730\">Der Cheezy-Dog Yak Cheese ist f\u00fcr die meisten Hunde geeignet, sofern die Gr\u00f6\u00dfe dem K\u00f6rperbau des Hundes entspricht. F\u00fcr Welpen unter vier bis sechs Monaten ist er jedoch nicht empfehlenswert, da deren Milchz\u00e4hne noch empfindlich sind. Da dieser Kausnack zudem einen geringen Fettgehalt aufweist, sollte er nur in Ma\u00dfen verf\u00fcttert werden, insbesondere an Hunde mit empfindlichem Magen oder solche, die zu \u00dcbergewicht neigen.<\/p>\n<h4 data-start=\"732\" data-end=\"1180\">\u27a1\ufe0f Warum wird diese Leckerei oft aus Kuhmilch hergestellt?<\/h4>\n<p data-start=\"732\" data-end=\"1180\">Yakmilch ist ein seltenes und teures Gut. Deshalb wird f\u00fcr die meisten Leckerlis aus Yakk\u00e4se Kuhmilch verwendet, wobei das traditionelle Herstellungsverfahren beibehalten wird. So bleibt Cheezy-Dog Yak Cheese erschwinglich und beh\u00e4lt gleichzeitig seine feste Konsistenz, die lange Kaudauer und die f\u00fcr Hunde geeigneten N\u00e4hrwerte.<\/p>\n<h4 data-start=\"3744\" data-end=\"3798\">\u27a1\ufe0f Was sind die Vorteile von Yakk\u00e4se?<\/h4>\n<p data-start=\"3744\" data-end=\"3798\">Cheezy-Dog Yakk\u00e4se ist von Natur aus reich an Protein und Kalzium. Er unterst\u00fctzt den Muskelaufbau, tr\u00e4gt zu starken Knochen bei und f\u00f6rdert durch das Kauen eine gute Mundhygiene. Dar\u00fcber hinaus besch\u00e4ftigt und beruhigt das lange Kauen Hunde. Daher tr\u00e4gt dieser Leckerbissen sowohl zum k\u00f6rperlichen Wohlbefinden als auch zur mentalen Ausgeglichenheit bei.<\/p>\n<p>&nbsp;<\/p>\n<hr data-start=\"4055\" data-end=\"4058\" \/>\n<h2 data-start=\"537\" data-end=\"570\">\ud83d\udca6 <strong data-start=\"542\" data-end=\"570\">R\u00e9gal&#039;Animals Beratung \ud83d\udc9a<\/strong><\/h2>\n<p data-start=\"4590\" data-end=\"4872\">W\u00e4hrend Ihr Hund seinen K\u00e4se-Hotdog genie\u00dft, stellen Sie ihm immer frisches Wasser zur Verf\u00fcgung. Beaufsichtigen Sie ihn beim Kauen, damit er kein zu gro\u00dfes St\u00fcck verschluckt. Werfen Sie den Stick au\u00dferdem niemals auf eine harte Oberfl\u00e4che, da Yakk\u00e4se von Natur aus spr\u00f6de ist.<\/p>\n<p data-start=\"4874\" data-end=\"5146\">Und wenn du das letzte St\u00fcckchen erreichst, wirf es nicht weg! Erhitze es einfach 10 bis 20 Sekunden in der Mikrowelle: Es bl\u00e4ht sich auf und wird zu einem fluffigen Leckerli. So vermeidest du Lebensmittelverschwendung und g\u00f6nnst deinem Hund gleichzeitig noch ein letztes knuspriges Vergn\u00fcgen. \ud83d\udc9a<\/p>\n<hr data-start=\"4346\" data-end=\"4349\" \/>\n<h4 data-start=\"3799\" data-end=\"4053\">\u27a1\ufe0f <strong data-start=\"1048\" data-end=\"1109\">Ist Yakk\u00e4se gut f\u00fcr die Gesundheit meines Hundes?<\/strong><\/h4>\n<p data-start=\"3799\" data-end=\"4053\">Ja. Cheezy-Dog Yak Cheese ist ein minimal verarbeiteter Leckerbissen, frei von Zusatz- und Konservierungsstoffen. Er bietet langanhaltenden Kauspa\u00df und l\u00e4sst sich problemlos in eine ausgewogene Ern\u00e4hrung integrieren. Bei sachgem\u00e4\u00dfer Anwendung und unter Aufsicht ist er ein gesunder und funktioneller Snack f\u00fcr Hunde.<\/p>\n<p><a href=\"https:\/\/www.cernunos.fr\/blogs\/news\/fromage-de-yak-chien-digestion-tolerance-securite\">\ud83d\udc49 Erfahren Sie hier mehr \u00fcber die Vertr\u00e4glichkeit, Sicherheit und Bek\u00f6mmlichkeit von Yakk\u00e4se.<\/a><\/p>\n<p>\u27a1\ufe0f <strong data-start=\"1659\" data-end=\"1687\">Ist es f\u00fcr Welpen geeignet?<\/strong><\/p>\n<p data-start=\"4351\" data-end=\"4399\">Ja, der Cheezy-Dog Yak-K\u00e4se ist f\u00fcr Welpen ab vier Monaten geeignet, sofern Sie die passende Gr\u00f6\u00dfe w\u00e4hlen. F\u00fcr sehr junge Welpen oder solche mit empfindlichen Z\u00e4hnen empfiehlt es sich jedoch, zun\u00e4chst einen weicheren Leckerbissen anzubieten, bevor Sie zu einem festeren Kauartikel \u00fcbergehen.<\/p>\n<h4 data-start=\"4351\" data-end=\"4399\">\u27a1\ufe0f Welche Gr\u00f6\u00dfe sollte ich f\u00fcr meinen Hund w\u00e4hlen?<\/h4>\n<p data-start=\"4400\" data-end=\"4625\">Die Gr\u00f6\u00dfe sollte dem K\u00f6rperbau des Hundes und vor allem seiner Kieferkraft angepasst werden. Kr\u00e4ftige Hunde ben\u00f6tigen eine gr\u00f6\u00dfere Gr\u00f6\u00dfe, um l\u00e4nger kauen zu k\u00f6nnen und das Risiko des versehentlichen Verschluckens zu verringern. Im Zweifelsfall ist es ratsam, immer die gr\u00f6\u00dfere Gr\u00f6\u00dfe zu w\u00e4hlen.<\/p>\n<p data-start=\"260\" data-end=\"420\"><strong>Zusammensetzung<\/strong><br data-start=\"271\" data-end=\"274\" \/>Kuhmilch<br data-start=\"287\" data-end=\"290\" \/>Milchnebenprodukte<br data-start=\"312\" data-end=\"315\" \/>Meersalz<br data-start=\"324\" data-end=\"327\" \/>0 % chemische Produkte<br data-start=\"349\" data-end=\"352\" \/>0 % Konservierungsstoffe<br data-start=\"369\" data-end=\"372\" \/>Laktosefrei<br data-start=\"384\" data-end=\"387\" \/>Sehr fettarm<\/p>\n<p data-start=\"422\" data-end=\"553\"><strong>Analytische Bestandteile<\/strong><br data-start=\"446\" data-end=\"449\" \/>Rohprotein: 65,0 %<br data-start=\"472\" data-end=\"475\" \/>Rohfett: 9,5 %<br data-start=\"506\" data-end=\"509\" \/>Mineralien: 4,5 %<br data-start=\"525\" data-end=\"528\" \/>Rohzellulose: 0,5 %<\/p>\n<p data-start=\"555\" data-end=\"708\">Reich an: Protein, Kalzium, Zink, Natrium, Kalium, Phosphor, Mangan, Magnesium, Eisen, Vitamin A, B1, B12, C, D, E, K, Fols\u00e4ure und Biotin.<\/p>\n<p><a href=\"https:\/\/regalanimals.ch\/de\/product\/bois-de-cerf-entier\/\">Vorschlag f\u00fcr ihn<\/a><a href=\"https:\/\/www.tiktok.com\/@regalanimals.ch\/video\/7277865518894157089\">Zufriedener Kunde!<\/a><\/p>\n<h4><\/h4>","protected":false},"excerpt":{"rendered":"<p>Cheezy-Dog Fromage de Yak, friandise de mastication naturelle pour chien \ud83e\uddc0\ud83d\udc3e Le Cheezy-Dog Fromage de Yak est une friandise de mastication naturelle con\u00e7ue pour les chiens qui aiment m\u00e2cher longtemps. Inspir\u00e9 des recettes traditionnelles de l\u2019Himalaya, ce fromage de yak est aujourd\u2019hui fabriqu\u00e9 \u00e0 partir de lait de vache, plus accessible et parfaitement adapt\u00e9 \u00e0 [&hellip;]<\/p>\n","protected":false},"featured_media":39816,"menu_order":0,"comment_status":"open","ping_status":"closed","template":"","meta":[],"product_brand":[],"product_cat":[231,24],"product_tag":[],"class_list":{"0":"post-34477","1":"product","2":"type-product","3":"status-publish","4":"has-post-thumbnail","6":"product_cat-a-ronger","7":"product_cat-chiens","9":"first","10":"instock","11":"taxable","12":"shipping-taxable","13":"purchasable","14":"product-type-variable"},"yoast_head":"<!-- This site is optimized with the Yoast SEO Premium plugin v27.3 (Yoast SEO v27.3) - https:\/\/yoast.com\/product\/yoast-seo-premium-wordpress\/ -->\n<title>Cheezy-Dog Fromage de Yak b\u00e2ton \u00e0 ronger naturel<\/title>\n<meta name=\"description\" content=\"Inspir\u00e9 d\u2019une recette traditionnelle, le Cheezy-Dog Fromage de Yak offre une mastication ferme et apporte des prot\u00e9ines de qualit\u00e9 aux chiens.\" \/>\n<meta name=\"robots\" content=\"index, follow, max-snippet:-1, max-image-preview:large, max-video-preview:-1\" \/>\n<link rel=\"canonical\" href=\"https:\/\/regalanimals.ch\/de\/product\/cheezy-dog-fromage-de-yak\/\" \/>\n<meta property=\"og:locale\" content=\"de_DE\" \/>\n<meta property=\"og:type\" content=\"article\" \/>\n<meta property=\"og:title\" content=\"Cheezy-Dog Fromage de Yak\" \/>\n<meta property=\"og:description\" content=\"Inspir\u00e9 d\u2019une recette traditionnelle, le Cheezy-Dog Fromage de Yak offre une mastication ferme et apporte des prot\u00e9ines de qualit\u00e9 aux chiens.\" \/>\n<meta property=\"og:url\" content=\"https:\/\/regalanimals.ch\/de\/product\/cheezy-dog-fromage-de-yak\/\" \/>\n<meta property=\"og:site_name\" content=\"R\u00e9gal&#039;Animals\" \/>\n<meta property=\"article:modified_time\" content=\"2026-04-08T15:03:37+00:00\" \/>\n<meta property=\"og:image\" content=\"https:\/\/regalanimals.ch\/wp-content\/uploads\/2025\/11\/Chezzy-Dog-fromage-de-yak.webp\" \/>\n\t<meta property=\"og:image:width\" content=\"940\" \/>\n\t<meta property=\"og:image:height\" content=\"788\" \/>\n\t<meta property=\"og:image:type\" content=\"image\/webp\" \/>\n<meta name=\"twitter:card\" content=\"summary_large_image\" \/>\n<meta name=\"twitter:label1\" content=\"Gesch\u00e4tzte Lesezeit\" \/>\n\t<meta name=\"twitter:data1\" content=\"7\u00a0Minuten\" \/>\n<script type=\"application\/ld+json\" class=\"yoast-schema-graph\">{\"@context\":\"https:\\\/\\\/schema.org\",\"@graph\":[{\"@type\":\"WebPage\",\"@id\":\"https:\\\/\\\/regalanimals.ch\\\/product\\\/cheezy-dog-fromage-de-yak\\\/\",\"url\":\"https:\\\/\\\/regalanimals.ch\\\/product\\\/cheezy-dog-fromage-de-yak\\\/\",\"name\":\"Cheezy-Dog Fromage de Yak b\u00e2ton \u00e0 ronger naturel\",\"isPartOf\":{\"@id\":\"https:\\\/\\\/regalanimals.ch\\\/#website\"},\"primaryImageOfPage\":{\"@id\":\"https:\\\/\\\/regalanimals.ch\\\/product\\\/cheezy-dog-fromage-de-yak\\\/#primaryimage\"},\"image\":{\"@id\":\"https:\\\/\\\/regalanimals.ch\\\/product\\\/cheezy-dog-fromage-de-yak\\\/#primaryimage\"},\"thumbnailUrl\":\"https:\\\/\\\/regalanimals.ch\\\/wp-content\\\/uploads\\\/2025\\\/11\\\/Chezzy-Dog-fromage-de-yak.webp\",\"datePublished\":\"2025-04-22T10:40:06+00:00\",\"dateModified\":\"2026-04-08T15:03:37+00:00\",\"description\":\"Inspir\u00e9 d\u2019une recette traditionnelle, le Cheezy-Dog Fromage de Yak offre une mastication ferme et apporte des prot\u00e9ines de qualit\u00e9 aux chiens.\",\"breadcrumb\":{\"@id\":\"https:\\\/\\\/regalanimals.ch\\\/product\\\/cheezy-dog-fromage-de-yak\\\/#breadcrumb\"},\"inLanguage\":\"de\",\"potentialAction\":[{\"@type\":\"ReadAction\",\"target\":[\"https:\\\/\\\/regalanimals.ch\\\/product\\\/cheezy-dog-fromage-de-yak\\\/\"]}]},{\"@type\":\"ImageObject\",\"inLanguage\":\"de\",\"@id\":\"https:\\\/\\\/regalanimals.ch\\\/product\\\/cheezy-dog-fromage-de-yak\\\/#primaryimage\",\"url\":\"https:\\\/\\\/regalanimals.ch\\\/wp-content\\\/uploads\\\/2025\\\/11\\\/Chezzy-Dog-fromage-de-yak.webp\",\"contentUrl\":\"https:\\\/\\\/regalanimals.ch\\\/wp-content\\\/uploads\\\/2025\\\/11\\\/Chezzy-Dog-fromage-de-yak.webp\",\"width\":940,\"height\":788,\"caption\":\"Cheezy-Dog Fromage de Yak \u2013 B\u00e2tons \u00e0 ronger naturels pour chiens de toutes tailles.\"},{\"@type\":\"BreadcrumbList\",\"@id\":\"https:\\\/\\\/regalanimals.ch\\\/product\\\/cheezy-dog-fromage-de-yak\\\/#breadcrumb\",\"itemListElement\":[{\"@type\":\"ListItem\",\"position\":1,\"name\":\"Home\",\"item\":\"https:\\\/\\\/regalanimals.ch\\\/\"},{\"@type\":\"ListItem\",\"position\":2,\"name\":\"Boutique\",\"item\":\"https:\\\/\\\/regalanimals.ch\\\/shop\\\/\"},{\"@type\":\"ListItem\",\"position\":3,\"name\":\"Cheezy-Dog Fromage de Yak\"}]},{\"@type\":\"WebSite\",\"@id\":\"https:\\\/\\\/regalanimals.ch\\\/#website\",\"url\":\"https:\\\/\\\/regalanimals.ch\\\/\",\"name\":\"R\u00e9gal Animals\",\"description\":\"Alimentation et articles de qualit\u00e9 pour chats, chiens et furets\",\"publisher\":{\"@id\":\"https:\\\/\\\/regalanimals.ch\\\/#organization\"},\"potentialAction\":[{\"@type\":\"SearchAction\",\"target\":{\"@type\":\"EntryPoint\",\"urlTemplate\":\"https:\\\/\\\/regalanimals.ch\\\/?s={search_term_string}\"},\"query-input\":{\"@type\":\"PropertyValueSpecification\",\"valueRequired\":true,\"valueName\":\"search_term_string\"}}],\"inLanguage\":\"de\"},{\"@type\":\"Organization\",\"@id\":\"https:\\\/\\\/regalanimals.ch\\\/#organization\",\"name\":\"R\u00e9gal Animals\",\"url\":\"https:\\\/\\\/regalanimals.ch\\\/\",\"logo\":{\"@type\":\"ImageObject\",\"inLanguage\":\"de\",\"@id\":\"https:\\\/\\\/regalanimals.ch\\\/#\\\/schema\\\/logo\\\/image\\\/\",\"url\":\"https:\\\/\\\/regalanimals.ch\\\/wp-content\\\/uploads\\\/2025\\\/04\\\/cropped-Logo-site-e1744634610403-1.webp\",\"contentUrl\":\"https:\\\/\\\/regalanimals.ch\\\/wp-content\\\/uploads\\\/2025\\\/04\\\/cropped-Logo-site-e1744634610403-1.webp\",\"width\":512,\"height\":512,\"caption\":\"R\u00e9gal Animals\"},\"image\":{\"@id\":\"https:\\\/\\\/regalanimals.ch\\\/#\\\/schema\\\/logo\\\/image\\\/\"}}]}<\/script>\n<!-- \/ Yoast SEO Premium plugin. -->","yoast_head_json":{"title":"Cheezy-Dog Kaust\u00e4bchen aus nat\u00fcrlichem Yakk\u00e4se","description":"Inspiriert von einem traditionellen Rezept bietet Cheezy-Dog Yak Cheese einen festen Kauspa\u00df und liefert Hunden hochwertiges Protein.","robots":{"index":"index","follow":"follow","max-snippet":"max-snippet:-1","max-image-preview":"max-image-preview:large","max-video-preview":"max-video-preview:-1"},"canonical":"https:\/\/regalanimals.ch\/de\/product\/cheezy-dog-fromage-de-yak\/","og_locale":"de_DE","og_type":"article","og_title":"Cheezy-Dog Fromage de Yak","og_description":"Inspir\u00e9 d\u2019une recette traditionnelle, le Cheezy-Dog Fromage de Yak offre une mastication ferme et apporte des prot\u00e9ines de qualit\u00e9 aux chiens.","og_url":"https:\/\/regalanimals.ch\/de\/product\/cheezy-dog-fromage-de-yak\/","og_site_name":"R\u00e9gal&#039;Animals","article_modified_time":"2026-04-08T15:03:37+00:00","og_image":[{"width":940,"height":788,"url":"https:\/\/regalanimals.ch\/wp-content\/uploads\/2025\/11\/Chezzy-Dog-fromage-de-yak.webp","type":"image\/webp"}],"twitter_card":"summary_large_image","twitter_misc":{"Gesch\u00e4tzte Lesezeit":"7\u00a0Minuten"},"schema":{"@context":"https:\/\/schema.org","@graph":[{"@type":"WebPage","@id":"https:\/\/regalanimals.ch\/product\/cheezy-dog-fromage-de-yak\/","url":"https:\/\/regalanimals.ch\/product\/cheezy-dog-fromage-de-yak\/","name":"Cheezy-Dog Kaust\u00e4bchen aus nat\u00fcrlichem Yakk\u00e4se","isPartOf":{"@id":"https:\/\/regalanimals.ch\/#website"},"primaryImageOfPage":{"@id":"https:\/\/regalanimals.ch\/product\/cheezy-dog-fromage-de-yak\/#primaryimage"},"image":{"@id":"https:\/\/regalanimals.ch\/product\/cheezy-dog-fromage-de-yak\/#primaryimage"},"thumbnailUrl":"https:\/\/regalanimals.ch\/wp-content\/uploads\/2025\/11\/Chezzy-Dog-fromage-de-yak.webp","datePublished":"2025-04-22T10:40:06+00:00","dateModified":"2026-04-08T15:03:37+00:00","description":"Inspiriert von einem traditionellen Rezept bietet Cheezy-Dog Yak Cheese einen festen Kauspa\u00df und liefert Hunden hochwertiges Protein.","breadcrumb":{"@id":"https:\/\/regalanimals.ch\/product\/cheezy-dog-fromage-de-yak\/#breadcrumb"},"inLanguage":"de","potentialAction":[{"@type":"ReadAction","target":["https:\/\/regalanimals.ch\/product\/cheezy-dog-fromage-de-yak\/"]}]},{"@type":"ImageObject","inLanguage":"de","@id":"https:\/\/regalanimals.ch\/product\/cheezy-dog-fromage-de-yak\/#primaryimage","url":"https:\/\/regalanimals.ch\/wp-content\/uploads\/2025\/11\/Chezzy-Dog-fromage-de-yak.webp","contentUrl":"https:\/\/regalanimals.ch\/wp-content\/uploads\/2025\/11\/Chezzy-Dog-fromage-de-yak.webp","width":940,"height":788,"caption":"Cheezy-Dog Fromage de Yak \u2013 B\u00e2tons \u00e0 ronger naturels pour chiens de toutes tailles."},{"@type":"BreadcrumbList","@id":"https:\/\/regalanimals.ch\/product\/cheezy-dog-fromage-de-yak\/#breadcrumb","itemListElement":[{"@type":"ListItem","position":1,"name":"Home","item":"https:\/\/regalanimals.ch\/"},{"@type":"ListItem","position":2,"name":"Boutique","item":"https:\/\/regalanimals.ch\/shop\/"},{"@type":"ListItem","position":3,"name":"Cheezy-Dog Fromage de Yak"}]},{"@type":"WebSite","@id":"https:\/\/regalanimals.ch\/#website","url":"https:\/\/regalanimals.ch\/","name":"Tierfest","description":"Hochwertiges Futter und Zubeh\u00f6r f\u00fcr Katzen, Hunde und Frettchen","publisher":{"@id":"https:\/\/regalanimals.ch\/#organization"},"potentialAction":[{"@type":"SearchAction","target":{"@type":"EntryPoint","urlTemplate":"https:\/\/regalanimals.ch\/?s={search_term_string}"},"query-input":{"@type":"PropertyValueSpecification","valueRequired":true,"valueName":"search_term_string"}}],"inLanguage":"de"},{"@type":"Organization","@id":"https:\/\/regalanimals.ch\/#organization","name":"Tierfest","url":"https:\/\/regalanimals.ch\/","logo":{"@type":"ImageObject","inLanguage":"de","@id":"https:\/\/regalanimals.ch\/#\/schema\/logo\/image\/","url":"https:\/\/regalanimals.ch\/wp-content\/uploads\/2025\/04\/cropped-Logo-site-e1744634610403-1.webp","contentUrl":"https:\/\/regalanimals.ch\/wp-content\/uploads\/2025\/04\/cropped-Logo-site-e1744634610403-1.webp","width":512,"height":512,"caption":"R\u00e9gal Animals"},"image":{"@id":"https:\/\/regalanimals.ch\/#\/schema\/logo\/image\/"}}]}},"_links":{"self":[{"href":"https:\/\/regalanimals.ch\/de\/wp-json\/wp\/v2\/product\/34477","targetHints":{"allow":["GET"]}}],"collection":[{"href":"https:\/\/regalanimals.ch\/de\/wp-json\/wp\/v2\/product"}],"about":[{"href":"https:\/\/regalanimals.ch\/de\/wp-json\/wp\/v2\/types\/product"}],"replies":[{"embeddable":true,"href":"https:\/\/regalanimals.ch\/de\/wp-json\/wp\/v2\/comments?post=34477"}],"wp:featuredmedia":[{"embeddable":true,"href":"https:\/\/regalanimals.ch\/de\/wp-json\/wp\/v2\/media\/39816"}],"wp:attachment":[{"href":"https:\/\/regalanimals.ch\/de\/wp-json\/wp\/v2\/media?parent=34477"}],"wp:term":[{"taxonomy":"product_brand","embeddable":true,"href":"https:\/\/regalanimals.ch\/de\/wp-json\/wp\/v2\/product_brand?post=34477"},{"taxonomy":"product_cat","embeddable":true,"href":"https:\/\/regalanimals.ch\/de\/wp-json\/wp\/v2\/product_cat?post=34477"},{"taxonomy":"product_tag","embeddable":true,"href":"https:\/\/regalanimals.ch\/de\/wp-json\/wp\/v2\/product_tag?post=34477"}],"curies":[{"name":"wp","href":"https:\/\/api.w.org\/{rel}","templated":true}]}}