{"id":34517,"date":"2025-04-23T11:05:54","date_gmt":"2025-04-23T09:05:54","guid":{"rendered":"https:\/\/regalanimals.geekworkers.dev\/?post_type=product&#038;p=34517"},"modified":"2026-05-04T17:51:39","modified_gmt":"2026-05-04T15:51:39","slug":"filets-de-poulet","status":"publish","type":"product","link":"https:\/\/regalanimals.ch\/de\/product\/filets-de-poulet\/","title":{"rendered":"Filets de Poulet (100g)"},"content":{"rendered":"<h2 data-start=\"613\" data-end=\"642\"><strong data-start=\"615\" data-end=\"642\">H\u00e4hnchenfilets \ud83d\udc14\ud83d\udc36\ud83d\udc31<\/strong><\/h2>\n<h3 data-start=\"643\" data-end=\"717\">Eine nat\u00fcrliche Delikatesse, die Hunden, Katzen und Frettchen gleicherma\u00dfen schmeckt.<\/h3>\n<p data-start=\"719\" data-end=\"1270\">H\u00fchnerfilets sind ein nat\u00fcrlicher Leckerbissen, der Hunden, Katzen und sogar Frettchen schmeckt. Dank schonender Pasteurisierung behalten sie ihren Geschmack und sind optimal haltbar. Sie enthalten keine Konservierungsstoffe, Farbstoffe oder Geschmacksverst\u00e4rker. Ihre weiche Konsistenz macht sie leicht zu kauen und somit auch f\u00fcr Katzen und Frettchen geeignet. Schneiden Sie die Streifen einfach in die gew\u00fcnschte Gr\u00f6\u00dfe. Diese Filets sind somit ein gesunder und vielseitiger Leckerbissen f\u00fcr viele Tiere.<\/p>\n<hr data-start=\"1272\" data-end=\"1275\" \/>\n<h2 data-start=\"1277\" data-end=\"1324\"><strong data-start=\"1279\" data-end=\"1324\">Ein roher und 100% nat\u00fcrlicher Genuss \ud83c\udf3f<\/strong><\/h2>\n<p data-start=\"1326\" data-end=\"1854\">Reich an Protein und fettarm, ist H\u00fchnerfleisch nach wie vor ein hervorragendes Fleisch f\u00fcr Haustiere. Diese Filets sind eine gesunde und leichte Belohnung und ideal zur Erg\u00e4nzung einer nat\u00fcrlichen Ern\u00e4hrung. Da sie lediglich getrocknet werden, eignen sie sich auch hervorragend f\u00fcr eine BARF-Ern\u00e4hrung. Abwechslungsreiche Snacks tragen zudem zum allgemeinen Wohlbefinden bei, indem sie neue Texturen bieten. Daher sind H\u00fchnerfilets perfekt als Snack, Belohnung oder schmackhafte Beilage zu einer Mahlzeit.<\/p>\n<hr data-start=\"1856\" data-end=\"1859\" \/>\n<h2 data-start=\"1861\" data-end=\"1916\"><strong data-start=\"1863\" data-end=\"1916\">Eine motivierende Belohnung f\u00fcr Jung und Alt \ud83e\udd17<\/strong><\/h2>\n<p data-start=\"1918\" data-end=\"2533\">Mit ihrem intensiven Aroma und ihrer zarten Konsistenz sind H\u00fchnerfilets ein absoluter Hit. Sie eignen sich besonders gut f\u00fcrs Training, da sie die Motivation steigern und Ihrem Haustier helfen, konzentriert zu bleiben. Auch wenn Ihr Liebling w\u00e4hlerisch beim Fressen ist, k\u00f6nnen Sie die Filets verwenden, um das Futter schmackhafter zu machen. Diese Streifen sind auch f\u00fcr Welpen und K\u00e4tzchen geeignet, sobald sie entw\u00f6hnt sind. Die fr\u00fchzeitige Einf\u00fchrung verschiedener Texturen f\u00f6rdert eine abwechslungsreiche Ern\u00e4hrung. Deshalb sind H\u00fchnerfilets eine zuverl\u00e4ssige Wahl f\u00fcr kleine und gro\u00dfe Haustiere.<\/p>\n<hr data-start=\"2535\" data-end=\"2538\" \/>\n<h2 data-start=\"2540\" data-end=\"2568\"><strong data-start=\"2542\" data-end=\"2568\">\ud83d\udc3e H\u00e4ufig gestellte Fragen<\/strong><\/h2>\n<h3 data-start=\"2569\" data-end=\"2679\">\u2753 <strong data-start=\"2571\" data-end=\"2679\">Noch unentschlossen? Hier sind die Antworten auf die h\u00e4ufigsten Fragen zu H\u00e4hnchenfilets.<\/strong><\/h3>\n<h4 data-start=\"2681\" data-end=\"2941\">\u27a1\ufe0f <strong data-start=\"2684\" data-end=\"2738\">F\u00fcr welche Tiere eignen sich H\u00e4hnchenfilets?<\/strong><\/h4>\n<p data-start=\"2681\" data-end=\"2941\">Sie eignen sich f\u00fcr Hunde, Katzen und Frettchen. Dank ihrer weichen Beschaffenheit sind sie auch f\u00fcr \u00e4ltere oder empfindliche Tiere leicht zu zerkauen. Daher passen diese Netze f\u00fcr eine Vielzahl von K\u00f6rpertypen.<\/p>\n<h4 data-start=\"2943\" data-end=\"3185\">\u27a1\ufe0f <strong data-start=\"2946\" data-end=\"2998\">Kann man sie einem Welpen oder K\u00e4tzchen geben?<\/strong><\/h4>\n<p data-start=\"2943\" data-end=\"3185\">Ja. Sie k\u00f6nnen diese Filets anbieten, sobald die Jungtiere abgesetzt sind, vorausgesetzt, Sie schneiden sie in mundgerechte St\u00fccke. So bieten Sie ihnen einen einfachen, schonenden und sicheren Leckerbissen.<\/p>\n<hr data-start=\"3187\" data-end=\"3190\" \/>\n<h2 data-start=\"3192\" data-end=\"3225\"><strong data-start=\"3194\" data-end=\"3225\">\ud83d\udca6 Ratschl\u00e4ge von R\u00e9gal&#039;Animals \ud83d\udc9a<\/strong><\/h2>\n<p data-start=\"3227\" data-end=\"3726\">Um H\u00e4hnchenfilets noch schmackhafter zu machen, k\u00f6nnen Sie sie als Appetitanreger verwenden. Schneiden Sie ein paar sehr d\u00fcnne Streifen ab und streuen Sie diese \u00fcber die gewohnte Futterration. Dieser kleine Trick animiert w\u00e4hlerische Esser zum Wiederessen. Sie k\u00f6nnen auch ein kleines Trainingsspiel vorbereiten: Schneiden Sie ein Filet in winzige W\u00fcrfel, sodass etwa drei\u00dfig kleine Leckerlis entstehen. So wird ein einzelnes Leckerli zu einer kompletten und hochmotivierenden Trainingseinheit. \ud83d\udc9a<\/p>\n<hr data-start=\"3728\" data-end=\"3731\" \/>\n<h4 data-start=\"3733\" data-end=\"3964\">\u27a1\ufe0f <strong data-start=\"3736\" data-end=\"3784\">Tragen diese Netze zur Zahnhygiene bei?<\/strong><\/h4>\n<p data-start=\"3733\" data-end=\"3964\">Ja, denn Kauen hilft, Zahnbelag und Zahnstein zu reduzieren. Selbst wenn das H\u00fchnchen zart ist, tr\u00e4gt regelm\u00e4\u00dfiges Kauen dazu bei, die Z\u00e4hne sauberer zu halten.<\/p>\n<h4 data-start=\"3966\" data-end=\"4147\">\u27a1\ufe0f <strong data-start=\"3969\" data-end=\"4007\">Kann es t\u00e4glich verabreicht werden?<\/strong><\/h4>\n<p data-start=\"3966\" data-end=\"4147\">Ja, solange die Menge angemessen bleibt. Sie k\u00f6nnen die Portionsgr\u00f6\u00dfe der Mahlzeit leicht anpassen, um eine ausgewogene Kalorienzufuhr zu gew\u00e4hrleisten.<\/p>\n<h4 data-start=\"4149\" data-end=\"4310\">\u27a1\ufe0f <strong data-start=\"4152\" data-end=\"4191\">Sind sie f\u00fcr eine BARF-Di\u00e4t geeignet?<\/strong><\/h4>\n<p data-start=\"4149\" data-end=\"4310\">Absolut. Da sie getrocknet und frei von Zusatzstoffen sind, passen sie sehr gut zu einer nat\u00fcrlichen Ern\u00e4hrung.<\/p>\n<h4 data-start=\"4312\" data-end=\"4512\">\u27a1\ufe0f <strong data-start=\"4315\" data-end=\"4359\">Wie lagert man H\u00e4hnchenfilets?<\/strong><\/h4>\n<p data-start=\"4312\" data-end=\"4512\">Bewahren Sie sie an einem k\u00fchlen, trockenen Ort und vor Feuchtigkeit gesch\u00fctzt auf. Dadurch bleiben ihre weiche Textur und ihr nat\u00fcrliches Aroma erhalten.<\/p>\n<hr data-start=\"4514\" data-end=\"4517\" \/>\n<h4 data-start=\"4519\" data-end=\"4540\"><strong data-start=\"4523\" data-end=\"4538\">Zusammensetzung<\/strong><\/h4>\n<p data-start=\"4541\" data-end=\"4564\">100 % H\u00e4hnchenfilet<\/p>\n<h4 data-start=\"4566\" data-end=\"4600\"><strong data-start=\"4570\" data-end=\"4598\">Analytische Bestandteile<\/strong><\/h4>\n<p data-start=\"4601\" data-end=\"4703\">Rohprotein: 70,90 %<br data-start=\"4627\" data-end=\"4630\" \/>Rohfett: 3,30 %<br data-start=\"4662\" data-end=\"4665\" \/>Luftfeuchtigkeit: 14,70 %<br data-start=\"4683\" data-end=\"4686\" \/>Mineralien: 2,20 %<\/p>\n<p>&nbsp;<\/p>\n<p><a href=\"https:\/\/regalanimals.ch\/wp-content\/uploads\/2025\/04\/Fiche-technique-Filets-Poulet.pdf\">Vorschlag f\u00fcr ihn<\/a><\/p>","protected":false},"excerpt":{"rendered":"<p>Filets de Poulet \ud83d\udc14\ud83d\udc36\ud83d\udc31 Une d\u00e9licatesse naturelle qui pla\u00eet aux chiens, aux chats et aux furets Les Filets de Poulet sont une gourmandise naturelle qui s\u00e9duit les chiens, les chats et m\u00eame les furets. Gr\u00e2ce \u00e0 une pasteurisation douce, ils restent savoureux tout en offrant une conservation optimale. De plus, ils ne contiennent ni agent [&hellip;]<\/p>\n","protected":false},"featured_media":38245,"comment_status":"open","ping_status":"closed","template":"","meta":[],"product_brand":[],"product_cat":[231,24],"product_tag":[],"class_list":{"0":"post-34517","1":"product","2":"type-product","3":"status-publish","4":"has-post-thumbnail","6":"product_cat-a-ronger","7":"product_cat-chiens","9":"first","10":"instock","11":"taxable","12":"shipping-taxable","13":"purchasable","14":"product-type-simple"},"yoast_head":"<!-- This site is optimized with the Yoast SEO Premium plugin v27.4 (Yoast SEO v27.5) - https:\/\/yoast.com\/product\/yoast-seo-premium-wordpress\/ -->\n<title>Filets de Poulet, une d\u00e9licieuse friandise juste s\u00e9ch\u00e9e.<\/title>\n<meta name=\"description\" content=\"Une d\u00e9licieuse gourmandise naturelle : les Filets de Poulet offrent une r\u00e9compense irr\u00e9sistible qui ravit tous vos petits carnivores !\" \/>\n<meta name=\"robots\" content=\"index, follow, max-snippet:-1, max-image-preview:large, max-video-preview:-1\" \/>\n<link rel=\"canonical\" href=\"https:\/\/regalanimals.ch\/de\/product\/filets-de-poulet\/\" \/>\n<meta property=\"og:locale\" content=\"de_DE\" \/>\n<meta property=\"og:type\" content=\"article\" \/>\n<meta property=\"og:title\" content=\"Filets de Poulet (100g)\" \/>\n<meta property=\"og:description\" content=\"Une d\u00e9licieuse gourmandise naturelle : les Filets de Poulet offrent une r\u00e9compense irr\u00e9sistible qui ravit tous vos petits carnivores !\" \/>\n<meta property=\"og:url\" content=\"https:\/\/regalanimals.ch\/de\/product\/filets-de-poulet\/\" \/>\n<meta property=\"og:site_name\" content=\"R\u00e9gal&#039;Animals\" \/>\n<meta property=\"article:modified_time\" content=\"2026-05-04T15:51:39+00:00\" \/>\n<meta property=\"og:image\" content=\"https:\/\/regalanimals.ch\/wp-content\/uploads\/2025\/08\/Filets-poulet.webp\" \/>\n\t<meta property=\"og:image:width\" content=\"940\" \/>\n\t<meta property=\"og:image:height\" content=\"788\" \/>\n\t<meta property=\"og:image:type\" content=\"image\/webp\" \/>\n<meta name=\"twitter:card\" content=\"summary_large_image\" \/>\n<meta name=\"twitter:label1\" content=\"Gesch\u00e4tzte Lesezeit\" \/>\n\t<meta name=\"twitter:data1\" content=\"4\u00a0Minuten\" \/>\n<script type=\"application\/ld+json\" class=\"yoast-schema-graph\">{\"@context\":\"https:\\\/\\\/schema.org\",\"@graph\":[{\"@type\":\"WebPage\",\"@id\":\"https:\\\/\\\/regalanimals.ch\\\/product\\\/filets-de-poulet\\\/\",\"url\":\"https:\\\/\\\/regalanimals.ch\\\/product\\\/filets-de-poulet\\\/\",\"name\":\"Filets de Poulet, une d\u00e9licieuse friandise juste s\u00e9ch\u00e9e.\",\"isPartOf\":{\"@id\":\"https:\\\/\\\/regalanimals.ch\\\/#website\"},\"primaryImageOfPage\":{\"@id\":\"https:\\\/\\\/regalanimals.ch\\\/product\\\/filets-de-poulet\\\/#primaryimage\"},\"image\":{\"@id\":\"https:\\\/\\\/regalanimals.ch\\\/product\\\/filets-de-poulet\\\/#primaryimage\"},\"thumbnailUrl\":\"https:\\\/\\\/regalanimals.ch\\\/wp-content\\\/uploads\\\/2025\\\/08\\\/Filets-poulet.webp\",\"datePublished\":\"2025-04-23T09:05:54+00:00\",\"dateModified\":\"2026-05-04T15:51:39+00:00\",\"description\":\"Une d\u00e9licieuse gourmandise naturelle : les Filets de Poulet offrent une r\u00e9compense irr\u00e9sistible qui ravit tous vos petits carnivores !\",\"breadcrumb\":{\"@id\":\"https:\\\/\\\/regalanimals.ch\\\/product\\\/filets-de-poulet\\\/#breadcrumb\"},\"inLanguage\":\"de\",\"potentialAction\":[{\"@type\":\"ReadAction\",\"target\":[\"https:\\\/\\\/regalanimals.ch\\\/product\\\/filets-de-poulet\\\/\"]}]},{\"@type\":\"ImageObject\",\"inLanguage\":\"de\",\"@id\":\"https:\\\/\\\/regalanimals.ch\\\/product\\\/filets-de-poulet\\\/#primaryimage\",\"url\":\"https:\\\/\\\/regalanimals.ch\\\/wp-content\\\/uploads\\\/2025\\\/08\\\/Filets-poulet.webp\",\"contentUrl\":\"https:\\\/\\\/regalanimals.ch\\\/wp-content\\\/uploads\\\/2025\\\/08\\\/Filets-poulet.webp\",\"width\":940,\"height\":788,\"caption\":\"Filets de Poulet s\u00e9ch\u00e9s, gourmandise naturelle\"},{\"@type\":\"BreadcrumbList\",\"@id\":\"https:\\\/\\\/regalanimals.ch\\\/product\\\/filets-de-poulet\\\/#breadcrumb\",\"itemListElement\":[{\"@type\":\"ListItem\",\"position\":1,\"name\":\"Home\",\"item\":\"https:\\\/\\\/regalanimals.ch\\\/\"},{\"@type\":\"ListItem\",\"position\":2,\"name\":\"Boutique\",\"item\":\"https:\\\/\\\/regalanimals.ch\\\/shop\\\/\"},{\"@type\":\"ListItem\",\"position\":3,\"name\":\"Filets de Poulet (100g)\"}]},{\"@type\":\"WebSite\",\"@id\":\"https:\\\/\\\/regalanimals.ch\\\/#website\",\"url\":\"https:\\\/\\\/regalanimals.ch\\\/\",\"name\":\"R\u00e9gal Animals\",\"description\":\"Alimentation et articles de qualit\u00e9 pour chats, chiens et furets\",\"publisher\":{\"@id\":\"https:\\\/\\\/regalanimals.ch\\\/#organization\"},\"potentialAction\":[{\"@type\":\"SearchAction\",\"target\":{\"@type\":\"EntryPoint\",\"urlTemplate\":\"https:\\\/\\\/regalanimals.ch\\\/?s={search_term_string}\"},\"query-input\":{\"@type\":\"PropertyValueSpecification\",\"valueRequired\":true,\"valueName\":\"search_term_string\"}}],\"inLanguage\":\"de\"},{\"@type\":\"Organization\",\"@id\":\"https:\\\/\\\/regalanimals.ch\\\/#organization\",\"name\":\"R\u00e9gal Animals\",\"url\":\"https:\\\/\\\/regalanimals.ch\\\/\",\"logo\":{\"@type\":\"ImageObject\",\"inLanguage\":\"de\",\"@id\":\"https:\\\/\\\/regalanimals.ch\\\/#\\\/schema\\\/logo\\\/image\\\/\",\"url\":\"https:\\\/\\\/regalanimals.ch\\\/wp-content\\\/uploads\\\/2025\\\/04\\\/cropped-Logo-site-e1744634610403-1.webp\",\"contentUrl\":\"https:\\\/\\\/regalanimals.ch\\\/wp-content\\\/uploads\\\/2025\\\/04\\\/cropped-Logo-site-e1744634610403-1.webp\",\"width\":512,\"height\":512,\"caption\":\"R\u00e9gal Animals\"},\"image\":{\"@id\":\"https:\\\/\\\/regalanimals.ch\\\/#\\\/schema\\\/logo\\\/image\\\/\"}}]}<\/script>\n<!-- \/ Yoast SEO Premium plugin. -->","yoast_head_json":{"title":"H\u00e4hnchenfilets, eine k\u00f6stliche Delikatesse, frisch getrocknet.","description":"Ein k\u00f6stlicher, nat\u00fcrlicher Leckerbissen: H\u00e4hnchenfilets sind eine unwiderstehliche Belohnung, die alle Ihre kleinen Fleischfresser begeistert!","robots":{"index":"index","follow":"follow","max-snippet":"max-snippet:-1","max-image-preview":"max-image-preview:large","max-video-preview":"max-video-preview:-1"},"canonical":"https:\/\/regalanimals.ch\/de\/product\/filets-de-poulet\/","og_locale":"de_DE","og_type":"article","og_title":"Filets de Poulet (100g)","og_description":"Une d\u00e9licieuse gourmandise naturelle : les Filets de Poulet offrent une r\u00e9compense irr\u00e9sistible qui ravit tous vos petits carnivores !","og_url":"https:\/\/regalanimals.ch\/de\/product\/filets-de-poulet\/","og_site_name":"R\u00e9gal&#039;Animals","article_modified_time":"2026-05-04T15:51:39+00:00","og_image":[{"width":940,"height":788,"url":"https:\/\/regalanimals.ch\/wp-content\/uploads\/2025\/08\/Filets-poulet.webp","type":"image\/webp"}],"twitter_card":"summary_large_image","twitter_misc":{"Gesch\u00e4tzte Lesezeit":"4\u00a0Minuten"},"schema":{"@context":"https:\/\/schema.org","@graph":[{"@type":"WebPage","@id":"https:\/\/regalanimals.ch\/product\/filets-de-poulet\/","url":"https:\/\/regalanimals.ch\/product\/filets-de-poulet\/","name":"H\u00e4hnchenfilets, eine k\u00f6stliche Delikatesse, frisch getrocknet.","isPartOf":{"@id":"https:\/\/regalanimals.ch\/#website"},"primaryImageOfPage":{"@id":"https:\/\/regalanimals.ch\/product\/filets-de-poulet\/#primaryimage"},"image":{"@id":"https:\/\/regalanimals.ch\/product\/filets-de-poulet\/#primaryimage"},"thumbnailUrl":"https:\/\/regalanimals.ch\/wp-content\/uploads\/2025\/08\/Filets-poulet.webp","datePublished":"2025-04-23T09:05:54+00:00","dateModified":"2026-05-04T15:51:39+00:00","description":"Ein k\u00f6stlicher, nat\u00fcrlicher Leckerbissen: H\u00e4hnchenfilets sind eine unwiderstehliche Belohnung, die alle Ihre kleinen Fleischfresser begeistert!","breadcrumb":{"@id":"https:\/\/regalanimals.ch\/product\/filets-de-poulet\/#breadcrumb"},"inLanguage":"de","potentialAction":[{"@type":"ReadAction","target":["https:\/\/regalanimals.ch\/product\/filets-de-poulet\/"]}]},{"@type":"ImageObject","inLanguage":"de","@id":"https:\/\/regalanimals.ch\/product\/filets-de-poulet\/#primaryimage","url":"https:\/\/regalanimals.ch\/wp-content\/uploads\/2025\/08\/Filets-poulet.webp","contentUrl":"https:\/\/regalanimals.ch\/wp-content\/uploads\/2025\/08\/Filets-poulet.webp","width":940,"height":788,"caption":"Filets de Poulet s\u00e9ch\u00e9s, gourmandise naturelle"},{"@type":"BreadcrumbList","@id":"https:\/\/regalanimals.ch\/product\/filets-de-poulet\/#breadcrumb","itemListElement":[{"@type":"ListItem","position":1,"name":"Home","item":"https:\/\/regalanimals.ch\/"},{"@type":"ListItem","position":2,"name":"Boutique","item":"https:\/\/regalanimals.ch\/shop\/"},{"@type":"ListItem","position":3,"name":"Filets de Poulet (100g)"}]},{"@type":"WebSite","@id":"https:\/\/regalanimals.ch\/#website","url":"https:\/\/regalanimals.ch\/","name":"Tierfest","description":"Hochwertiges Futter und Zubeh\u00f6r f\u00fcr Katzen, Hunde und Frettchen","publisher":{"@id":"https:\/\/regalanimals.ch\/#organization"},"potentialAction":[{"@type":"SearchAction","target":{"@type":"EntryPoint","urlTemplate":"https:\/\/regalanimals.ch\/?s={search_term_string}"},"query-input":{"@type":"PropertyValueSpecification","valueRequired":true,"valueName":"search_term_string"}}],"inLanguage":"de"},{"@type":"Organization","@id":"https:\/\/regalanimals.ch\/#organization","name":"Tierfest","url":"https:\/\/regalanimals.ch\/","logo":{"@type":"ImageObject","inLanguage":"de","@id":"https:\/\/regalanimals.ch\/#\/schema\/logo\/image\/","url":"https:\/\/regalanimals.ch\/wp-content\/uploads\/2025\/04\/cropped-Logo-site-e1744634610403-1.webp","contentUrl":"https:\/\/regalanimals.ch\/wp-content\/uploads\/2025\/04\/cropped-Logo-site-e1744634610403-1.webp","width":512,"height":512,"caption":"R\u00e9gal Animals"},"image":{"@id":"https:\/\/regalanimals.ch\/#\/schema\/logo\/image\/"}}]}},"_links":{"self":[{"href":"https:\/\/regalanimals.ch\/de\/wp-json\/wp\/v2\/product\/34517","targetHints":{"allow":["GET"]}}],"collection":[{"href":"https:\/\/regalanimals.ch\/de\/wp-json\/wp\/v2\/product"}],"about":[{"href":"https:\/\/regalanimals.ch\/de\/wp-json\/wp\/v2\/types\/product"}],"replies":[{"embeddable":true,"href":"https:\/\/regalanimals.ch\/de\/wp-json\/wp\/v2\/comments?post=34517"}],"wp:featuredmedia":[{"embeddable":true,"href":"https:\/\/regalanimals.ch\/de\/wp-json\/wp\/v2\/media\/38245"}],"wp:attachment":[{"href":"https:\/\/regalanimals.ch\/de\/wp-json\/wp\/v2\/media?parent=34517"}],"wp:term":[{"taxonomy":"product_brand","embeddable":true,"href":"https:\/\/regalanimals.ch\/de\/wp-json\/wp\/v2\/product_brand?post=34517"},{"taxonomy":"product_cat","embeddable":true,"href":"https:\/\/regalanimals.ch\/de\/wp-json\/wp\/v2\/product_cat?post=34517"},{"taxonomy":"product_tag","embeddable":true,"href":"https:\/\/regalanimals.ch\/de\/wp-json\/wp\/v2\/product_tag?post=34517"}],"curies":[{"name":"wp","href":"https:\/\/api.w.org\/{rel}","templated":true}]}}