{"id":34569,"date":"2025-04-23T16:42:49","date_gmt":"2025-04-23T14:42:49","guid":{"rendered":"https:\/\/regalanimals.geekworkers.dev\/?post_type=product&#038;p=34569"},"modified":"2026-04-18T11:42:07","modified_gmt":"2026-04-18T09:42:07","slug":"cous-doie","status":"publish","type":"product","link":"https:\/\/regalanimals.ch\/de\/product\/cous-doie\/","title":{"rendered":"Cous d'Oie (G\u00e4nsehals)"},"content":{"rendered":"<h2 data-start=\"563\" data-end=\"583\"><strong data-start=\"565\" data-end=\"583\">Schwanenhals \ud83e\udd86\ud83d\udc36<\/strong><\/h2>\n<h3 data-start=\"584\" data-end=\"653\">Ein nat\u00fcrlicher Leckerbissen, der das Kauen und die Beweglichkeit f\u00f6rdert.<\/h3>\n<p data-start=\"655\" data-end=\"1169\">Goose Neck ist ein beliebtes Kauspielzeug f\u00fcr Hunde, insbesondere f\u00fcr solche mit gro\u00dfen Schnauzen und ausgepr\u00e4gtem Kauinstinkt. Seine knackige Textur regt den nat\u00fcrlichen Kauinstinkt an und hilft ihnen, ihre Energie abzubauen. Dar\u00fcber hinaus enth\u00e4lt dieses Produkt von Natur aus Glucosamin und Chondroitin. Diese N\u00e4hrstoffe f\u00f6rdern die Knorpelregeneration und unterst\u00fctzen die Gelenkfl\u00fcssigkeit. Daher tr\u00e4gt Goose Neck dazu bei, die Beweglichkeit Ihres Haustieres zu erhalten und kann Beschwerden im Zusammenhang mit Arthritis lindern.<\/p>\n<hr data-start=\"1171\" data-end=\"1174\" \/>\n<h2 data-start=\"1176\" data-end=\"1237\"><strong data-start=\"1178\" data-end=\"1237\">Ein Genuss, der fast die Zahnb\u00fcrste ersetzt \ud83d\udc4c<\/strong><\/h2>\n<p data-start=\"1239\" data-end=\"1788\">Kauen spielt eine wichtige Rolle f\u00fcr das geistige und k\u00f6rperliche Wohlbefinden eines Hundes. Es beruhigt ihn, besch\u00e4ftigt ihn und befriedigt ein instinktives Bed\u00fcrfnis. Dank ihrer knackigen Konsistenz reinigen Kauknochen die Z\u00e4hne auf nat\u00fcrliche Weise. Diese mechanische Aktivit\u00e4t hilft, Zahnbelag und Zahnstein zu reduzieren und gleichzeitig das Zahnfleisch zu st\u00e4rken. Kauen verbessert die Mundhygiene und kr\u00e4ftigt die Kiefermuskulatur. Es schenkt dem Hund zudem einen Moment tiefen Genusses und tr\u00e4gt so zu seinem allgemeinen Wohlbefinden bei.<\/p>\n<hr data-start=\"1790\" data-end=\"1793\" \/>\n<h2 data-start=\"1795\" data-end=\"1849\"><strong data-start=\"1797\" data-end=\"1849\">Ein gesundes, nat\u00fcrliches und nahrhaftes Kauprodukt \ud83d\udc36<\/strong><\/h2>\n<p data-start=\"1851\" data-end=\"2367\">Goose Necks sind vollst\u00e4ndig essbar und 100 % nat\u00fcrlich. Sie sind reich an Protein und enthalten viel Kalzium. Daher sind sie eine nahrhafte und vollwertige Wahl f\u00fcr Hunde. Da es sich um getrocknete Naturprodukte handelt, variiert die Gr\u00f6\u00dfe der einzelnen Packungen. Dieser Leckerbissen eignet sich hervorragend f\u00fcr erwachsene Hunde und Welpen ab vier Monaten. Dennoch ist es wichtig, das Kauen zu beaufsichtigen, um ein sicheres und genussvolles Erlebnis zu gew\u00e4hrleisten. Goose Necks passen perfekt in eine nat\u00fcrliche Ern\u00e4hrung, wie beispielsweise die BARF-Di\u00e4t.<\/p>\n<hr data-start=\"2369\" data-end=\"2372\" \/>\n<h2 data-start=\"2374\" data-end=\"2442\"><strong data-start=\"2376\" data-end=\"2442\">Ein idealer Leckerbissen, um Welpen und erwachsene Hunde zu besch\u00e4ftigen \ud83d\udc3e<\/strong><\/h2>\n<p data-start=\"2444\" data-end=\"2900\">Goose Neck Leckerlis sind eine tolle Besch\u00e4ftigung f\u00fcr Welpen, besonders f\u00fcr solche, die gerne viel kauen. Sie beruhigen das Zahnfleisch und bieten gleichzeitig eine sanfte und anregende Besch\u00e4ftigung. Auch erwachsene Hunde lieben die knusprige Konsistenz, die sie zum l\u00e4ngeren Kauen animiert. Wichtig ist, w\u00e4hrend des Kauens frisches Wasser bereitzustellen. Aufsicht ist ebenfalls unerl\u00e4sslich, um ein sicheres und angenehmes Erlebnis zu gew\u00e4hrleisten. Diese Leckerlis eignen sich f\u00fcr Hunde unterschiedlichen Alters und mit unterschiedlichem Energielevel.<\/p>\n<hr data-start=\"2902\" data-end=\"2905\" \/>\n<h2 data-start=\"2907\" data-end=\"2935\"><strong data-start=\"2909\" data-end=\"2935\">\ud83d\udc3e H\u00e4ufig gestellte Fragen<\/strong><\/h2>\n<h3 data-start=\"2936\" data-end=\"3039\">\u2753 <strong data-start=\"2938\" data-end=\"3039\">Noch unentschlossen? Hier finden Sie die Antworten auf die am h\u00e4ufigsten gestellten Fragen zum Goose Neck.<\/strong><\/h3>\n<h4 data-start=\"3041\" data-end=\"3309\">\u27a1\ufe0f <strong data-start=\"3044\" data-end=\"3110\">Ab welchem Alter darf ein Welpe einen Goose Neck essen?<\/strong><\/h4>\n<p data-start=\"3041\" data-end=\"3309\">Welpen k\u00f6nnen daran schon ab einem Alter von vier Monaten Freude haben. Sie m\u00fcssen lediglich eine passende Gr\u00f6\u00dfe ausw\u00e4hlen und das Kauverhalten beobachten. So bieten Sie ihnen schon fr\u00fch eine nat\u00fcrliche und sichere Besch\u00e4ftigung.<\/p>\n<h4 data-start=\"3311\" data-end=\"3547\">\u27a1\ufe0f <strong data-start=\"3314\" data-end=\"3369\">Hilft die Goose Neck-Orthese den Gelenken wirklich?<\/strong><\/h4>\n<p data-start=\"3311\" data-end=\"3547\">Ja, denn es enth\u00e4lt von Natur aus Glucosamin und Chondroitin. Diese N\u00e4hrstoffe unterst\u00fctzen die Gelenke und k\u00f6nnen das Wohlbefinden \u00e4lterer oder aktiver Hunde verbessern. Sie bieten Ihrem Hund also einen Leckerbissen, der Genuss und Gesundheit vereint.<\/p>\n<hr data-start=\"3549\" data-end=\"3552\" \/>\n<h2 data-start=\"3554\" data-end=\"3587\"><strong data-start=\"3556\" data-end=\"3587\">\ud83d\udca6 Ratschl\u00e4ge von R\u00e9gal&#039;Animals \ud83d\udc9a<\/strong><\/h2>\n<p data-start=\"3589\" data-end=\"4030\">Um das Kauen mit dem Kauspielzeug noch spannender zu gestalten, k\u00f6nnt ihr daraus eine kleine Schatzsuche machen. Versteckt ein St\u00fcck des Spielzeugs hinter einem Kissen, in einem Spielzeug mit L\u00f6chern oder in einer mit Papier gef\u00fcllten Schachtel. Euer Hund muss dann seinen Geruchssinn einsetzen, was die Aktivit\u00e4t verl\u00e4ngert und seine Motivation steigert. Dieses einfache Spiel bietet au\u00dferdem geistige Anregung und bereichert das Kauvergn\u00fcgen. \ud83d\udc9a<\/p>\n<hr data-start=\"4032\" data-end=\"4035\" \/>\n<h4 data-start=\"4037\" data-end=\"4340\">\u27a1\ufe0f <strong data-start=\"4040\" data-end=\"4086\">Ist dieses Produkt f\u00fcr gro\u00dfe Hunde geeignet?<\/strong><\/h4>\n<p data-start=\"4037\" data-end=\"4340\">Ja, es eignet sich hervorragend f\u00fcr Hunde mit einem ausgepr\u00e4gten Kaubed\u00fcrfnis. Die knackige Konsistenz motiviert sie und sorgt f\u00fcr ein besonders anregendes Kauvergn\u00fcgen. Um den Spa\u00df zu verl\u00e4ngern, k\u00f6nnen Sie dieses Leckerli mit gr\u00f6\u00dferen Gegenst\u00e4nden kombinieren.<\/p>\n<h4 data-start=\"4342\" data-end=\"4603\">\u27a1\ufe0f <strong data-start=\"4345\" data-end=\"4383\">Wie konserviert man G\u00e4nseh\u00e4lse?<\/strong><\/h4>\n<p data-start=\"4342\" data-end=\"4603\">Bewahren Sie sie einfach an einem trockenen, w\u00e4rmegesch\u00fctzten Ort auf. Lassen Sie sie nach Gebrauch trocknen und lagern Sie sie anschlie\u00dfend in einem atmungsaktiven Stoffbeutel oder einem nicht luftdichten Beh\u00e4lter. So bleibt ihre nat\u00fcrliche Knusprigkeit erhalten.<\/p>\n<hr data-start=\"4605\" data-end=\"4608\" \/>\n<h4 data-start=\"4610\" data-end=\"4631\"><strong data-start=\"4614\" data-end=\"4629\">Zusammensetzung<\/strong><\/h4>\n<p data-start=\"4632\" data-end=\"4649\">100 % Schwanenhals<\/p>\n<h4 data-start=\"4651\" data-end=\"4685\"><strong data-start=\"4655\" data-end=\"4683\">Analytische Bestandteile<\/strong><\/h4>\n<p data-start=\"4686\" data-end=\"4817\">Rohprotein: 50,3 %<br data-start=\"4711\" data-end=\"4714\" \/>Rohfett: 22 %<br data-start=\"4744\" data-end=\"4747\" \/>Luftfeuchtigkeit: 7,1 %<br data-start=\"4763\" data-end=\"4766\" \/>Mineralstoffe: 19,6 %<br data-start=\"4793\" data-end=\"4796\" \/>Rohfasern: 0,5 %<\/p>\n<p><a href=\"https:\/\/regalanimals.ch\/de\/product\/tresse-peau-de-buffle\/\">Vorschlag f\u00fcr ihn<\/a><a href=\"https:\/\/youtu.be\/yzSV1QfRy7E\">Zufriedener Kunde!<\/a><\/p>","protected":false},"excerpt":{"rendered":"<p>Cou d\u2019Oie \ud83e\udd86\ud83d\udc36 Une friandise naturelle qui soutient la mastication et la mobilit\u00e9 Le Cou d\u2019Oie est un article \u00e0 ronger tr\u00e8s appr\u00e9ci\u00e9 des chiens, en particulier des grands museaux et des experts en mastication. La texture croquante stimule leur envie naturelle de ronger et les aide \u00e0 canaliser leur \u00e9nergie. De plus, ce produit [&hellip;]<\/p>\n","protected":false},"featured_media":38247,"comment_status":"open","ping_status":"closed","template":"","meta":[],"product_brand":[],"product_cat":[231,24],"product_tag":[],"class_list":{"0":"post-34569","1":"product","2":"type-product","3":"status-publish","4":"has-post-thumbnail","6":"product_cat-a-ronger","7":"product_cat-chiens","9":"first","10":"outofstock","11":"taxable","12":"shipping-taxable","13":"purchasable","14":"product-type-variable"},"yoast_head":"<!-- This site is optimized with the Yoast SEO Premium plugin v27.4 (Yoast SEO v27.5) - https:\/\/yoast.com\/product\/yoast-seo-premium-wordpress\/ -->\n<title>Cous d\u2019Oie \u2013 En-cas \u00e0 grignoter pour chiens<\/title>\n<meta name=\"description\" content=\"Une friandise naturelle et ludique qui stimule la mastication. Les Cous d\u2019Oie apportent une texture croquante et peuvent s\u2019int\u00e9grer au r\u00e9gime BARF.\" \/>\n<meta name=\"robots\" content=\"index, follow, max-snippet:-1, max-image-preview:large, max-video-preview:-1\" \/>\n<link rel=\"canonical\" href=\"https:\/\/regalanimals.ch\/de\/product\/cous-doie\/\" \/>\n<meta property=\"og:locale\" content=\"de_DE\" \/>\n<meta property=\"og:type\" content=\"article\" \/>\n<meta property=\"og:title\" content=\"Cous d&#039;Oie\" \/>\n<meta property=\"og:description\" content=\"Une friandise naturelle et ludique qui stimule la mastication. Les Cous d\u2019Oie apportent une texture croquante et peuvent s\u2019int\u00e9grer au r\u00e9gime BARF.\" \/>\n<meta property=\"og:url\" content=\"https:\/\/regalanimals.ch\/de\/product\/cous-doie\/\" \/>\n<meta property=\"og:site_name\" content=\"R\u00e9gal&#039;Animals\" \/>\n<meta property=\"article:modified_time\" content=\"2026-04-18T09:42:07+00:00\" \/>\n<meta property=\"og:image\" content=\"https:\/\/regalanimals.ch\/wp-content\/uploads\/2025\/08\/Cous-doie.webp\" \/>\n\t<meta property=\"og:image:width\" content=\"940\" \/>\n\t<meta property=\"og:image:height\" content=\"788\" \/>\n\t<meta property=\"og:image:type\" content=\"image\/webp\" \/>\n<meta name=\"twitter:card\" content=\"summary_large_image\" \/>\n<meta name=\"twitter:label1\" content=\"Gesch\u00e4tzte Lesezeit\" \/>\n\t<meta name=\"twitter:data1\" content=\"4\u00a0Minuten\" \/>\n<script type=\"application\/ld+json\" class=\"yoast-schema-graph\">{\"@context\":\"https:\\\/\\\/schema.org\",\"@graph\":[{\"@type\":\"WebPage\",\"@id\":\"https:\\\/\\\/regalanimals.ch\\\/product\\\/cous-doie\\\/\",\"url\":\"https:\\\/\\\/regalanimals.ch\\\/product\\\/cous-doie\\\/\",\"name\":\"Cous d\u2019Oie \u2013 En-cas \u00e0 grignoter pour chiens\",\"isPartOf\":{\"@id\":\"https:\\\/\\\/regalanimals.ch\\\/#website\"},\"primaryImageOfPage\":{\"@id\":\"https:\\\/\\\/regalanimals.ch\\\/product\\\/cous-doie\\\/#primaryimage\"},\"image\":{\"@id\":\"https:\\\/\\\/regalanimals.ch\\\/product\\\/cous-doie\\\/#primaryimage\"},\"thumbnailUrl\":\"https:\\\/\\\/regalanimals.ch\\\/wp-content\\\/uploads\\\/2025\\\/08\\\/Cous-doie.webp\",\"datePublished\":\"2025-04-23T14:42:49+00:00\",\"dateModified\":\"2026-04-18T09:42:07+00:00\",\"description\":\"Une friandise naturelle et ludique qui stimule la mastication. Les Cous d\u2019Oie apportent une texture croquante et peuvent s\u2019int\u00e9grer au r\u00e9gime BARF.\",\"breadcrumb\":{\"@id\":\"https:\\\/\\\/regalanimals.ch\\\/product\\\/cous-doie\\\/#breadcrumb\"},\"inLanguage\":\"de\",\"potentialAction\":[{\"@type\":\"ReadAction\",\"target\":[\"https:\\\/\\\/regalanimals.ch\\\/product\\\/cous-doie\\\/\"]}]},{\"@type\":\"ImageObject\",\"inLanguage\":\"de\",\"@id\":\"https:\\\/\\\/regalanimals.ch\\\/product\\\/cous-doie\\\/#primaryimage\",\"url\":\"https:\\\/\\\/regalanimals.ch\\\/wp-content\\\/uploads\\\/2025\\\/08\\\/Cous-doie.webp\",\"contentUrl\":\"https:\\\/\\\/regalanimals.ch\\\/wp-content\\\/uploads\\\/2025\\\/08\\\/Cous-doie.webp\",\"width\":940,\"height\":788,\"caption\":\"Cous d\u2019Oie \u2013 friandise naturelle \u00e0 ronger pour chien.\"},{\"@type\":\"BreadcrumbList\",\"@id\":\"https:\\\/\\\/regalanimals.ch\\\/product\\\/cous-doie\\\/#breadcrumb\",\"itemListElement\":[{\"@type\":\"ListItem\",\"position\":1,\"name\":\"Home\",\"item\":\"https:\\\/\\\/regalanimals.ch\\\/\"},{\"@type\":\"ListItem\",\"position\":2,\"name\":\"Boutique\",\"item\":\"https:\\\/\\\/regalanimals.ch\\\/shop\\\/\"},{\"@type\":\"ListItem\",\"position\":3,\"name\":\"Cous d&rsquo;Oie\"}]},{\"@type\":\"WebSite\",\"@id\":\"https:\\\/\\\/regalanimals.ch\\\/#website\",\"url\":\"https:\\\/\\\/regalanimals.ch\\\/\",\"name\":\"R\u00e9gal Animals\",\"description\":\"Alimentation et articles de qualit\u00e9 pour chats, chiens et furets\",\"publisher\":{\"@id\":\"https:\\\/\\\/regalanimals.ch\\\/#organization\"},\"potentialAction\":[{\"@type\":\"SearchAction\",\"target\":{\"@type\":\"EntryPoint\",\"urlTemplate\":\"https:\\\/\\\/regalanimals.ch\\\/?s={search_term_string}\"},\"query-input\":{\"@type\":\"PropertyValueSpecification\",\"valueRequired\":true,\"valueName\":\"search_term_string\"}}],\"inLanguage\":\"de\"},{\"@type\":\"Organization\",\"@id\":\"https:\\\/\\\/regalanimals.ch\\\/#organization\",\"name\":\"R\u00e9gal Animals\",\"url\":\"https:\\\/\\\/regalanimals.ch\\\/\",\"logo\":{\"@type\":\"ImageObject\",\"inLanguage\":\"de\",\"@id\":\"https:\\\/\\\/regalanimals.ch\\\/#\\\/schema\\\/logo\\\/image\\\/\",\"url\":\"https:\\\/\\\/regalanimals.ch\\\/wp-content\\\/uploads\\\/2025\\\/04\\\/cropped-Logo-site-e1744634610403-1.webp\",\"contentUrl\":\"https:\\\/\\\/regalanimals.ch\\\/wp-content\\\/uploads\\\/2025\\\/04\\\/cropped-Logo-site-e1744634610403-1.webp\",\"width\":512,\"height\":512,\"caption\":\"R\u00e9gal Animals\"},\"image\":{\"@id\":\"https:\\\/\\\/regalanimals.ch\\\/#\\\/schema\\\/logo\\\/image\\\/\"}}]}<\/script>\n<!-- \/ Yoast SEO Premium plugin. -->","yoast_head_json":{"title":"Goose Neck \u2013 Hundesnack","description":"Ein nat\u00fcrlicher und leckerer Snack, der zum Kauen anregt. G\u00e4nseh\u00e4lse bieten eine knackige Textur und k\u00f6nnen in eine BARF-Ern\u00e4hrung integriert werden.","robots":{"index":"index","follow":"follow","max-snippet":"max-snippet:-1","max-image-preview":"max-image-preview:large","max-video-preview":"max-video-preview:-1"},"canonical":"https:\/\/regalanimals.ch\/de\/product\/cous-doie\/","og_locale":"de_DE","og_type":"article","og_title":"Cous d'Oie","og_description":"Une friandise naturelle et ludique qui stimule la mastication. Les Cous d\u2019Oie apportent une texture croquante et peuvent s\u2019int\u00e9grer au r\u00e9gime BARF.","og_url":"https:\/\/regalanimals.ch\/de\/product\/cous-doie\/","og_site_name":"R\u00e9gal&#039;Animals","article_modified_time":"2026-04-18T09:42:07+00:00","og_image":[{"width":940,"height":788,"url":"https:\/\/regalanimals.ch\/wp-content\/uploads\/2025\/08\/Cous-doie.webp","type":"image\/webp"}],"twitter_card":"summary_large_image","twitter_misc":{"Gesch\u00e4tzte Lesezeit":"4\u00a0Minuten"},"schema":{"@context":"https:\/\/schema.org","@graph":[{"@type":"WebPage","@id":"https:\/\/regalanimals.ch\/product\/cous-doie\/","url":"https:\/\/regalanimals.ch\/product\/cous-doie\/","name":"Goose Neck \u2013 Hundesnack","isPartOf":{"@id":"https:\/\/regalanimals.ch\/#website"},"primaryImageOfPage":{"@id":"https:\/\/regalanimals.ch\/product\/cous-doie\/#primaryimage"},"image":{"@id":"https:\/\/regalanimals.ch\/product\/cous-doie\/#primaryimage"},"thumbnailUrl":"https:\/\/regalanimals.ch\/wp-content\/uploads\/2025\/08\/Cous-doie.webp","datePublished":"2025-04-23T14:42:49+00:00","dateModified":"2026-04-18T09:42:07+00:00","description":"Ein nat\u00fcrlicher und leckerer Snack, der zum Kauen anregt. G\u00e4nseh\u00e4lse bieten eine knackige Textur und k\u00f6nnen in eine BARF-Ern\u00e4hrung integriert werden.","breadcrumb":{"@id":"https:\/\/regalanimals.ch\/product\/cous-doie\/#breadcrumb"},"inLanguage":"de","potentialAction":[{"@type":"ReadAction","target":["https:\/\/regalanimals.ch\/product\/cous-doie\/"]}]},{"@type":"ImageObject","inLanguage":"de","@id":"https:\/\/regalanimals.ch\/product\/cous-doie\/#primaryimage","url":"https:\/\/regalanimals.ch\/wp-content\/uploads\/2025\/08\/Cous-doie.webp","contentUrl":"https:\/\/regalanimals.ch\/wp-content\/uploads\/2025\/08\/Cous-doie.webp","width":940,"height":788,"caption":"Cous d\u2019Oie \u2013 friandise naturelle \u00e0 ronger pour chien."},{"@type":"BreadcrumbList","@id":"https:\/\/regalanimals.ch\/product\/cous-doie\/#breadcrumb","itemListElement":[{"@type":"ListItem","position":1,"name":"Home","item":"https:\/\/regalanimals.ch\/"},{"@type":"ListItem","position":2,"name":"Boutique","item":"https:\/\/regalanimals.ch\/shop\/"},{"@type":"ListItem","position":3,"name":"Cous d&rsquo;Oie"}]},{"@type":"WebSite","@id":"https:\/\/regalanimals.ch\/#website","url":"https:\/\/regalanimals.ch\/","name":"Tierfest","description":"Hochwertiges Futter und Zubeh\u00f6r f\u00fcr Katzen, Hunde und Frettchen","publisher":{"@id":"https:\/\/regalanimals.ch\/#organization"},"potentialAction":[{"@type":"SearchAction","target":{"@type":"EntryPoint","urlTemplate":"https:\/\/regalanimals.ch\/?s={search_term_string}"},"query-input":{"@type":"PropertyValueSpecification","valueRequired":true,"valueName":"search_term_string"}}],"inLanguage":"de"},{"@type":"Organization","@id":"https:\/\/regalanimals.ch\/#organization","name":"Tierfest","url":"https:\/\/regalanimals.ch\/","logo":{"@type":"ImageObject","inLanguage":"de","@id":"https:\/\/regalanimals.ch\/#\/schema\/logo\/image\/","url":"https:\/\/regalanimals.ch\/wp-content\/uploads\/2025\/04\/cropped-Logo-site-e1744634610403-1.webp","contentUrl":"https:\/\/regalanimals.ch\/wp-content\/uploads\/2025\/04\/cropped-Logo-site-e1744634610403-1.webp","width":512,"height":512,"caption":"R\u00e9gal Animals"},"image":{"@id":"https:\/\/regalanimals.ch\/#\/schema\/logo\/image\/"}}]}},"_links":{"self":[{"href":"https:\/\/regalanimals.ch\/de\/wp-json\/wp\/v2\/product\/34569","targetHints":{"allow":["GET"]}}],"collection":[{"href":"https:\/\/regalanimals.ch\/de\/wp-json\/wp\/v2\/product"}],"about":[{"href":"https:\/\/regalanimals.ch\/de\/wp-json\/wp\/v2\/types\/product"}],"replies":[{"embeddable":true,"href":"https:\/\/regalanimals.ch\/de\/wp-json\/wp\/v2\/comments?post=34569"}],"wp:featuredmedia":[{"embeddable":true,"href":"https:\/\/regalanimals.ch\/de\/wp-json\/wp\/v2\/media\/38247"}],"wp:attachment":[{"href":"https:\/\/regalanimals.ch\/de\/wp-json\/wp\/v2\/media?parent=34569"}],"wp:term":[{"taxonomy":"product_brand","embeddable":true,"href":"https:\/\/regalanimals.ch\/de\/wp-json\/wp\/v2\/product_brand?post=34569"},{"taxonomy":"product_cat","embeddable":true,"href":"https:\/\/regalanimals.ch\/de\/wp-json\/wp\/v2\/product_cat?post=34569"},{"taxonomy":"product_tag","embeddable":true,"href":"https:\/\/regalanimals.ch\/de\/wp-json\/wp\/v2\/product_tag?post=34569"}],"curies":[{"name":"wp","href":"https:\/\/api.w.org\/{rel}","templated":true}]}}