{"id":35123,"date":"2025-05-01T08:25:20","date_gmt":"2025-05-01T06:25:20","guid":{"rendered":"https:\/\/regalanimals.geekworkers.dev\/?post_type=product&#038;p=35123"},"modified":"2026-03-25T07:23:09","modified_gmt":"2026-03-25T06:23:09","slug":"trachee-dagneau","status":"publish","type":"product","link":"https:\/\/regalanimals.ch\/de\/product\/trachee-dagneau\/","title":{"rendered":"Lamm-Trachee"},"content":{"rendered":"<h2 data-start=\"717\" data-end=\"744\"><strong data-start=\"719\" data-end=\"744\">Lamm-Luftr\u00f6hre \ud83d\udc11\ud83d\udc36<\/strong><\/h2>\n<h3 data-start=\"745\" data-end=\"813\">Ein nat\u00fcrlicher Leckerbissen, der die Gelenke von Hunden unterst\u00fctzt.<\/h3>\n<p data-start=\"815\" data-end=\"1431\">Lamm-Luftr\u00f6hre ist dank ihres nat\u00fcrlichen Reichtums an Glucosamin, Chondroitin und Kollagen ein wahrer Schatz f\u00fcr die Hundegesundheit. Diese N\u00e4hrstoffe st\u00e4rken die Gelenke, unterst\u00fctzen den Knorpel und tragen zum Wohlbefinden \u00e4lterer oder zu Steifheit neigender Hunde bei. Dieser Leckerbissen ist auch eine hervorragende Nahrungserg\u00e4nzung f\u00fcr aktive Hunde, da er gesundheitliche Vorteile mit Kauvergn\u00fcgen verbindet. Daher l\u00e4sst sich Lamm-Luftr\u00f6hre problemlos in den Speiseplan von Hunden integrieren, die nat\u00fcrliche Gelenkunterst\u00fctzung und anregende Kauaktivit\u00e4t ben\u00f6tigen.<\/p>\n<hr data-start=\"1433\" data-end=\"1436\" \/>\n<h2 data-start=\"1438\" data-end=\"1492\"><strong data-start=\"1440\" data-end=\"1492\">Ein knuspriges und anregendes Kauprodukt \ud83d\udc4c<\/strong><\/h2>\n<p data-start=\"1494\" data-end=\"2000\">Dieser Leckerbissen hat eine knusprige Textur, die sofort die Aufmerksamkeit Ihres Hundes fesselt. Seine hohle Form und die nat\u00fcrliche Knusprigkeit regen zum Erkunden, Spielen und Kauen an. Ihr Vierbeiner wird sich so einer spannenden Besch\u00e4ftigung widmen, die ihn sowohl k\u00f6rperlich als auch geistig auslastet. Die Lamm-Luftr\u00f6hre ist nicht nur ein toller Kauspa\u00df, sondern auch v\u00f6llig nat\u00fcrlich und enth\u00e4lt keine Zusatzstoffe. Das macht sie zu einer gesunden und schmackhaften Alternative zu handels\u00fcblichen Leckerlis.<\/p>\n<hr data-start=\"2002\" data-end=\"2005\" \/>\n<h2 data-start=\"2007\" data-end=\"2063\"><strong data-start=\"2009\" data-end=\"2063\">Ein Leckerbissen, der Z\u00e4hne und Gelenke unterst\u00fctzt \ud83e\uddb7<\/strong><\/h2>\n<p data-start=\"2065\" data-end=\"2540\">Dank seines hohen Gehalts an Glucosamin und Chondroitin tr\u00e4gt Lamm-Trachea zur Erhaltung flexibler und beschwerdefreier Gelenke bei. Es ist ideal f\u00fcr \u00e4ltere Hunde oder Hunde mit Gelenkempfindlichkeit. Die knusprige Textur wirkt zudem als mechanischer Reiniger: Jeder Kausnack reibt an den Z\u00e4hnen und hilft so, Plaque und Zahnstein zu reduzieren. Somit unterst\u00fctzt dieser Leckerbissen sowohl die Mundhygiene als auch die Beweglichkeit.<\/p>\n<hr data-start=\"2542\" data-end=\"2545\" \/>\n<h2 data-start=\"2547\" data-end=\"2615\"><strong data-start=\"2549\" data-end=\"2615\">Eine nat\u00fcrliche und ideale Option f\u00fcr kleine und mittelgro\u00dfe Hunde \ud83c\udf3f<\/strong><\/h2>\n<p data-start=\"2617\" data-end=\"3199\">Lamm-Luftr\u00f6hre ist ein 100% nat\u00fcrliches Kauprodukt, frei von Zusatz- und Konservierungsstoffen. Es eignet sich f\u00fcr Hunde aller Rassen, auch f\u00fcr Welpen ab vier Monaten. Besonders geeignet ist es jedoch f\u00fcr <strong data-start=\"2828\" data-end=\"2855\">kleine und mittelgro\u00dfe Hunde<\/strong>, Da die Gr\u00f6\u00dfe f\u00fcr gr\u00f6\u00dfere Hunde zu klein sein k\u00f6nnte, da diese sie zu schnell verspeisen w\u00fcrden, ist die Rindertrachea eine gr\u00f6\u00dfere und robustere Alternative. Ihr Haustier sollte w\u00e4hrend des Kauens trinken k\u00f6nnen. Beaufsichtigen Sie es daher wie bei jedem anderen Kauspielzeug.<\/p>\n<hr data-start=\"3201\" data-end=\"3204\" \/>\n<h2 data-start=\"3206\" data-end=\"3234\"><strong data-start=\"3208\" data-end=\"3234\">\ud83d\udc3e H\u00e4ufig gestellte Fragen<\/strong><\/h2>\n<h3 data-start=\"3235\" data-end=\"3348\">\u2753 <strong data-start=\"3237\" data-end=\"3348\">Noch unentschlossen? Hier finden Sie die Antworten auf die am h\u00e4ufigsten gestellten Fragen zur Lamm-Trachea.<\/strong><\/h3>\n<h4 data-start=\"3350\" data-end=\"3694\">\u27a1\ufe0f <strong data-start=\"3353\" data-end=\"3427\">Ab welchem Alter kann ein Welpe eine Lamm-Luftr\u00f6hre verzehren?<\/strong><\/h4>\n<p data-start=\"3350\" data-end=\"3694\">Welpen k\u00f6nnen diesen Leckerbissen ab einem Alter von vier Monaten genie\u00dfen. Die knusprige Konsistenz ist leicht zu greifen und hilft ihnen, spielerisch die Freude am Kauen zu entdecken. Dies bietet ihnen eine nat\u00fcrliche Besch\u00e4ftigung, die sie besch\u00e4ftigt und beruhigt.<\/p>\n<h4 data-start=\"3696\" data-end=\"3995\">\u27a1\ufe0f <strong data-start=\"3699\" data-end=\"3756\">Ist Lamm-Luftr\u00f6hre f\u00fcr gro\u00dfe Hunde geeignet?<\/strong><\/h4>\n<p data-start=\"3696\" data-end=\"3995\">Es ist vor allem f\u00fcr kleine und mittelgro\u00dfe Hunde gedacht. Gro\u00dfe Hunde fressen es m\u00f6glicherweise zu schnell, was den Kauspa\u00df mindert. F\u00fcr sie ist Rindertrachea aufgrund ihres gr\u00f6\u00dferen Volumens besser geeignet.<\/p>\n<hr data-start=\"3997\" data-end=\"4000\" \/>\n<h2 data-start=\"4002\" data-end=\"4035\"><strong data-start=\"4004\" data-end=\"4035\">\ud83d\udca6 Ratschl\u00e4ge von R\u00e9gal&#039;Animals \ud83d\udc9a<\/strong><\/h2>\n<p data-start=\"4037\" data-end=\"4504\">Um die Lamm-Luftr\u00f6hre noch attraktiver zu machen, k\u00f6nnen Sie sie mit etwas Pastete oder Erdnussbutter f\u00fcllen. So wird aus dem Leckerli ein leckeres Spiel, das Ihren Hund l\u00e4nger besch\u00e4ftigt. Sie schaffen ein unterhaltsames und lohnendes Erlebnis, das seinen Geruchssinn anregt und seine Motivation steigert. Au\u00dferdem macht diese kleine Zugabe den Snack noch schmackhafter und animiert z\u00f6gerliche Hunde zum Kauen. \ud83d\udc9a<\/p>\n<hr data-start=\"4506\" data-end=\"4509\" \/>\n<p>\u27a1\ufe0f <strong data-start=\"4514\" data-end=\"4572\">Hilft die Luftr\u00f6hre von L\u00e4mmern bei der Zahnreinigung?<\/strong><\/p>\n<p data-start=\"4511\" data-end=\"4824\">Ja, die knusprige Textur reinigt die Z\u00e4hne beim Kauen auf nat\u00fcrliche Weise. Diese mechanische Wirkung hilft, Zahnbelag zu reduzieren und Zahnsteinbildung zu begrenzen. So unterst\u00fctzt es eine gute Mundhygiene ganz ohne zus\u00e4tzlichen Aufwand.<\/p>\n<h4 data-start=\"4826\" data-end=\"5053\">\u27a1\ufe0f <strong data-start=\"4829\" data-end=\"4878\">Enth\u00e4lt es irgendwelche Zusatzstoffe oder Konservierungsmittel?<\/strong><\/h4>\n<p data-start=\"4826\" data-end=\"5053\">Nein, dieser Leckerbissen ist vollkommen nat\u00fcrlich. Er enth\u00e4lt keine Konservierungsstoffe, Zusatzstoffe oder k\u00fcnstliche Aromen. Sie bieten Ihrem Tier ein einfaches, gesundes und leicht verdauliches Kauspielzeug an.<\/p>\n<h4 data-start=\"5055\" data-end=\"5317\">\u27a1\ufe0f <strong data-start=\"5058\" data-end=\"5101\">Wie kann man die Luftr\u00f6hre eines Lamms konservieren?<\/strong><\/h4>\n<p data-start=\"5055\" data-end=\"5317\">Bewahren Sie es an einem trockenen, temperierten Ort auf. Lassen Sie es nach dem Kauen gegebenenfalls trocknen und bewahren Sie es anschlie\u00dfend in einem atmungsaktiven Stoffbeutel oder einem nicht luftdichten Beh\u00e4lter auf, um seine nat\u00fcrliche Konsistenz zu erhalten.<\/p>\n<hr data-start=\"5319\" data-end=\"5322\" \/>\n<h4 data-start=\"5324\" data-end=\"5345\"><strong data-start=\"5328\" data-end=\"5343\">Zusammensetzung<\/strong><\/h4>\n<p data-start=\"5346\" data-end=\"5371\">100 % Lamm-Tracheen<\/p>\n<h4 data-start=\"5373\" data-end=\"5407\"><strong data-start=\"5377\" data-end=\"5405\">Analytische Bestandteile<\/strong><\/h4>\n<p data-start=\"5408\" data-end=\"5525\">Rohprotein: 73,4 %<br data-start=\"5433\" data-end=\"5436\" \/>Rohfett: 15,5 %<br data-start=\"5468\" data-end=\"5471\" \/>Luftfeuchtigkeit: 3,5 %<br data-start=\"5487\" data-end=\"5490\" \/>Rohstoffe: 25,51 %<\/p>\n<p><a href=\"https:\/\/regalanimals.ch\/de\/product\/pack-machouille-faible-calorie\/\">Vorschlag f\u00fcr ihn<\/a><a href=\"https:\/\/www.youtube.com\/embed\/75IkrnQtED4?si=jurydL4XoCC35Hp7%20\">Zufriedener Kunde!<\/a><\/p>","protected":false},"excerpt":{"rendered":"<p>Trach\u00e9e d\u2019Agneau \ud83d\udc11\ud83d\udc36 Une friandise naturelle qui soutient les articulations des chiens La Trach\u00e9e d\u2019Agneau est un v\u00e9ritable tr\u00e9sor pour la sant\u00e9 des chiens gr\u00e2ce \u00e0 sa richesse naturelle en glucosamine, en chondro\u00eftine et en collag\u00e8ne. Ces nutriments renforcent les articulations, soutiennent le cartilage et contribuent au confort des chiens \u00e2g\u00e9s ou sujets aux raideurs. [&hellip;]<\/p>\n","protected":false},"featured_media":38253,"comment_status":"open","ping_status":"closed","template":"","meta":[],"product_brand":[],"product_cat":[231,24],"product_tag":[],"class_list":{"0":"post-35123","1":"product","2":"type-product","3":"status-publish","4":"has-post-thumbnail","6":"product_cat-a-ronger","7":"product_cat-chiens","9":"first","10":"instock","11":"taxable","12":"shipping-taxable","13":"purchasable","14":"product-type-variable"},"yoast_head":"<!-- This site is optimized with the Yoast SEO Premium plugin v27.4 (Yoast SEO v27.5) - https:\/\/yoast.com\/product\/yoast-seo-premium-wordpress\/ -->\n<title>La Trach\u00e9e d&#039;Agneau, un d\u00e9lice \u00e0 grignoter pour chien.<\/title>\n<meta name=\"description\" content=\"Une friandise croquante qui soutient la mastication et le plaisir de grignoter. La Trach\u00e9e d\u2019Agneau apporte une texture naturelle tr\u00e8s appr\u00e9ci\u00e9e des chiens.\" \/>\n<meta name=\"robots\" content=\"index, follow, max-snippet:-1, max-image-preview:large, max-video-preview:-1\" \/>\n<link rel=\"canonical\" href=\"https:\/\/regalanimals.ch\/de\/product\/trachee-dagneau\/\" \/>\n<meta property=\"og:locale\" content=\"de_DE\" \/>\n<meta property=\"og:type\" content=\"article\" \/>\n<meta property=\"og:title\" content=\"Trach\u00e9e d&#039;Agneau\" \/>\n<meta property=\"og:description\" content=\"Une friandise croquante qui soutient la mastication et le plaisir de grignoter. La Trach\u00e9e d\u2019Agneau apporte une texture naturelle tr\u00e8s appr\u00e9ci\u00e9e des chiens.\" \/>\n<meta property=\"og:url\" content=\"https:\/\/regalanimals.ch\/de\/product\/trachee-dagneau\/\" \/>\n<meta property=\"og:site_name\" content=\"R\u00e9gal&#039;Animals\" \/>\n<meta property=\"article:modified_time\" content=\"2026-03-25T06:23:09+00:00\" \/>\n<meta property=\"og:image\" content=\"https:\/\/regalanimals.ch\/wp-content\/uploads\/2025\/08\/Trachee-agneau.webp\" \/>\n\t<meta property=\"og:image:width\" content=\"940\" \/>\n\t<meta property=\"og:image:height\" content=\"788\" \/>\n\t<meta property=\"og:image:type\" content=\"image\/webp\" \/>\n<meta name=\"twitter:card\" content=\"summary_large_image\" \/>\n<meta name=\"twitter:label1\" content=\"Gesch\u00e4tzte Lesezeit\" \/>\n\t<meta name=\"twitter:data1\" content=\"4\u00a0Minuten\" \/>\n<script type=\"application\/ld+json\" class=\"yoast-schema-graph\">{\"@context\":\"https:\\\/\\\/schema.org\",\"@graph\":[{\"@type\":\"WebPage\",\"@id\":\"https:\\\/\\\/regalanimals.ch\\\/product\\\/trachee-dagneau\\\/\",\"url\":\"https:\\\/\\\/regalanimals.ch\\\/product\\\/trachee-dagneau\\\/\",\"name\":\"La Trach\u00e9e d'Agneau, un d\u00e9lice \u00e0 grignoter pour chien.\",\"isPartOf\":{\"@id\":\"https:\\\/\\\/regalanimals.ch\\\/#website\"},\"primaryImageOfPage\":{\"@id\":\"https:\\\/\\\/regalanimals.ch\\\/product\\\/trachee-dagneau\\\/#primaryimage\"},\"image\":{\"@id\":\"https:\\\/\\\/regalanimals.ch\\\/product\\\/trachee-dagneau\\\/#primaryimage\"},\"thumbnailUrl\":\"https:\\\/\\\/regalanimals.ch\\\/wp-content\\\/uploads\\\/2025\\\/08\\\/Trachee-agneau.webp\",\"datePublished\":\"2025-05-01T06:25:20+00:00\",\"dateModified\":\"2026-03-25T06:23:09+00:00\",\"description\":\"Une friandise croquante qui soutient la mastication et le plaisir de grignoter. La Trach\u00e9e d\u2019Agneau apporte une texture naturelle tr\u00e8s appr\u00e9ci\u00e9e des chiens.\",\"breadcrumb\":{\"@id\":\"https:\\\/\\\/regalanimals.ch\\\/product\\\/trachee-dagneau\\\/#breadcrumb\"},\"inLanguage\":\"de\",\"potentialAction\":[{\"@type\":\"ReadAction\",\"target\":[\"https:\\\/\\\/regalanimals.ch\\\/product\\\/trachee-dagneau\\\/\"]}]},{\"@type\":\"ImageObject\",\"inLanguage\":\"de\",\"@id\":\"https:\\\/\\\/regalanimals.ch\\\/product\\\/trachee-dagneau\\\/#primaryimage\",\"url\":\"https:\\\/\\\/regalanimals.ch\\\/wp-content\\\/uploads\\\/2025\\\/08\\\/Trachee-agneau.webp\",\"contentUrl\":\"https:\\\/\\\/regalanimals.ch\\\/wp-content\\\/uploads\\\/2025\\\/08\\\/Trachee-agneau.webp\",\"width\":940,\"height\":788,\"caption\":\"Trach\u00e9e d\u2019Agneau \u2013 article \u00e0 ronger naturel pour chien.\"},{\"@type\":\"BreadcrumbList\",\"@id\":\"https:\\\/\\\/regalanimals.ch\\\/product\\\/trachee-dagneau\\\/#breadcrumb\",\"itemListElement\":[{\"@type\":\"ListItem\",\"position\":1,\"name\":\"Home\",\"item\":\"https:\\\/\\\/regalanimals.ch\\\/\"},{\"@type\":\"ListItem\",\"position\":2,\"name\":\"Boutique\",\"item\":\"https:\\\/\\\/regalanimals.ch\\\/shop\\\/\"},{\"@type\":\"ListItem\",\"position\":3,\"name\":\"Trach\u00e9e d&rsquo;Agneau\"}]},{\"@type\":\"WebSite\",\"@id\":\"https:\\\/\\\/regalanimals.ch\\\/#website\",\"url\":\"https:\\\/\\\/regalanimals.ch\\\/\",\"name\":\"R\u00e9gal Animals\",\"description\":\"Alimentation et articles de qualit\u00e9 pour chats, chiens et furets\",\"publisher\":{\"@id\":\"https:\\\/\\\/regalanimals.ch\\\/#organization\"},\"potentialAction\":[{\"@type\":\"SearchAction\",\"target\":{\"@type\":\"EntryPoint\",\"urlTemplate\":\"https:\\\/\\\/regalanimals.ch\\\/?s={search_term_string}\"},\"query-input\":{\"@type\":\"PropertyValueSpecification\",\"valueRequired\":true,\"valueName\":\"search_term_string\"}}],\"inLanguage\":\"de\"},{\"@type\":\"Organization\",\"@id\":\"https:\\\/\\\/regalanimals.ch\\\/#organization\",\"name\":\"R\u00e9gal Animals\",\"url\":\"https:\\\/\\\/regalanimals.ch\\\/\",\"logo\":{\"@type\":\"ImageObject\",\"inLanguage\":\"de\",\"@id\":\"https:\\\/\\\/regalanimals.ch\\\/#\\\/schema\\\/logo\\\/image\\\/\",\"url\":\"https:\\\/\\\/regalanimals.ch\\\/wp-content\\\/uploads\\\/2025\\\/04\\\/cropped-Logo-site-e1744634610403-1.webp\",\"contentUrl\":\"https:\\\/\\\/regalanimals.ch\\\/wp-content\\\/uploads\\\/2025\\\/04\\\/cropped-Logo-site-e1744634610403-1.webp\",\"width\":512,\"height\":512,\"caption\":\"R\u00e9gal Animals\"},\"image\":{\"@id\":\"https:\\\/\\\/regalanimals.ch\\\/#\\\/schema\\\/logo\\\/image\\\/\"}}]}<\/script>\n<!-- \/ Yoast SEO Premium plugin. -->","yoast_head_json":{"title":"La Trach\u00e9e d'Agneau, un d\u00e9lice \u00e0 grignoter pour chien.","description":"Ein knuspriger Leckerbissen, der zum Kauen anregt und Freude am Knabbern bereitet. Die Lamm-Luftr\u00f6hre sorgt f\u00fcr eine nat\u00fcrliche Textur, die Hunde lieben.","robots":{"index":"index","follow":"follow","max-snippet":"max-snippet:-1","max-image-preview":"max-image-preview:large","max-video-preview":"max-video-preview:-1"},"canonical":"https:\/\/regalanimals.ch\/de\/product\/trachee-dagneau\/","og_locale":"de_DE","og_type":"article","og_title":"Trach\u00e9e d'Agneau","og_description":"Une friandise croquante qui soutient la mastication et le plaisir de grignoter. La Trach\u00e9e d\u2019Agneau apporte une texture naturelle tr\u00e8s appr\u00e9ci\u00e9e des chiens.","og_url":"https:\/\/regalanimals.ch\/de\/product\/trachee-dagneau\/","og_site_name":"R\u00e9gal&#039;Animals","article_modified_time":"2026-03-25T06:23:09+00:00","og_image":[{"width":940,"height":788,"url":"https:\/\/regalanimals.ch\/wp-content\/uploads\/2025\/08\/Trachee-agneau.webp","type":"image\/webp"}],"twitter_card":"summary_large_image","twitter_misc":{"Gesch\u00e4tzte Lesezeit":"4\u00a0Minuten"},"schema":{"@context":"https:\/\/schema.org","@graph":[{"@type":"WebPage","@id":"https:\/\/regalanimals.ch\/product\/trachee-dagneau\/","url":"https:\/\/regalanimals.ch\/product\/trachee-dagneau\/","name":"La Trach\u00e9e d'Agneau, un d\u00e9lice \u00e0 grignoter pour chien.","isPartOf":{"@id":"https:\/\/regalanimals.ch\/#website"},"primaryImageOfPage":{"@id":"https:\/\/regalanimals.ch\/product\/trachee-dagneau\/#primaryimage"},"image":{"@id":"https:\/\/regalanimals.ch\/product\/trachee-dagneau\/#primaryimage"},"thumbnailUrl":"https:\/\/regalanimals.ch\/wp-content\/uploads\/2025\/08\/Trachee-agneau.webp","datePublished":"2025-05-01T06:25:20+00:00","dateModified":"2026-03-25T06:23:09+00:00","description":"Ein knuspriger Leckerbissen, der zum Kauen anregt und Freude am Knabbern bereitet. Die Lamm-Luftr\u00f6hre sorgt f\u00fcr eine nat\u00fcrliche Textur, die Hunde lieben.","breadcrumb":{"@id":"https:\/\/regalanimals.ch\/product\/trachee-dagneau\/#breadcrumb"},"inLanguage":"de","potentialAction":[{"@type":"ReadAction","target":["https:\/\/regalanimals.ch\/product\/trachee-dagneau\/"]}]},{"@type":"ImageObject","inLanguage":"de","@id":"https:\/\/regalanimals.ch\/product\/trachee-dagneau\/#primaryimage","url":"https:\/\/regalanimals.ch\/wp-content\/uploads\/2025\/08\/Trachee-agneau.webp","contentUrl":"https:\/\/regalanimals.ch\/wp-content\/uploads\/2025\/08\/Trachee-agneau.webp","width":940,"height":788,"caption":"Trach\u00e9e d\u2019Agneau \u2013 article \u00e0 ronger naturel pour chien."},{"@type":"BreadcrumbList","@id":"https:\/\/regalanimals.ch\/product\/trachee-dagneau\/#breadcrumb","itemListElement":[{"@type":"ListItem","position":1,"name":"Home","item":"https:\/\/regalanimals.ch\/"},{"@type":"ListItem","position":2,"name":"Boutique","item":"https:\/\/regalanimals.ch\/shop\/"},{"@type":"ListItem","position":3,"name":"Trach\u00e9e d&rsquo;Agneau"}]},{"@type":"WebSite","@id":"https:\/\/regalanimals.ch\/#website","url":"https:\/\/regalanimals.ch\/","name":"Tierfest","description":"Hochwertiges Futter und Zubeh\u00f6r f\u00fcr Katzen, Hunde und Frettchen","publisher":{"@id":"https:\/\/regalanimals.ch\/#organization"},"potentialAction":[{"@type":"SearchAction","target":{"@type":"EntryPoint","urlTemplate":"https:\/\/regalanimals.ch\/?s={search_term_string}"},"query-input":{"@type":"PropertyValueSpecification","valueRequired":true,"valueName":"search_term_string"}}],"inLanguage":"de"},{"@type":"Organization","@id":"https:\/\/regalanimals.ch\/#organization","name":"Tierfest","url":"https:\/\/regalanimals.ch\/","logo":{"@type":"ImageObject","inLanguage":"de","@id":"https:\/\/regalanimals.ch\/#\/schema\/logo\/image\/","url":"https:\/\/regalanimals.ch\/wp-content\/uploads\/2025\/04\/cropped-Logo-site-e1744634610403-1.webp","contentUrl":"https:\/\/regalanimals.ch\/wp-content\/uploads\/2025\/04\/cropped-Logo-site-e1744634610403-1.webp","width":512,"height":512,"caption":"R\u00e9gal Animals"},"image":{"@id":"https:\/\/regalanimals.ch\/#\/schema\/logo\/image\/"}}]}},"_links":{"self":[{"href":"https:\/\/regalanimals.ch\/de\/wp-json\/wp\/v2\/product\/35123","targetHints":{"allow":["GET"]}}],"collection":[{"href":"https:\/\/regalanimals.ch\/de\/wp-json\/wp\/v2\/product"}],"about":[{"href":"https:\/\/regalanimals.ch\/de\/wp-json\/wp\/v2\/types\/product"}],"replies":[{"embeddable":true,"href":"https:\/\/regalanimals.ch\/de\/wp-json\/wp\/v2\/comments?post=35123"}],"wp:featuredmedia":[{"embeddable":true,"href":"https:\/\/regalanimals.ch\/de\/wp-json\/wp\/v2\/media\/38253"}],"wp:attachment":[{"href":"https:\/\/regalanimals.ch\/de\/wp-json\/wp\/v2\/media?parent=35123"}],"wp:term":[{"taxonomy":"product_brand","embeddable":true,"href":"https:\/\/regalanimals.ch\/de\/wp-json\/wp\/v2\/product_brand?post=35123"},{"taxonomy":"product_cat","embeddable":true,"href":"https:\/\/regalanimals.ch\/de\/wp-json\/wp\/v2\/product_cat?post=35123"},{"taxonomy":"product_tag","embeddable":true,"href":"https:\/\/regalanimals.ch\/de\/wp-json\/wp\/v2\/product_tag?post=35123"}],"curies":[{"name":"wp","href":"https:\/\/api.w.org\/{rel}","templated":true}]}}