{"id":36966,"date":"2025-06-22T13:35:37","date_gmt":"2025-06-22T11:35:37","guid":{"rendered":"https:\/\/regalanimals.geekworkers.dev\/?post_type=product&#038;p=36966"},"modified":"2026-03-25T06:32:30","modified_gmt":"2026-03-25T05:32:30","slug":"patte-de-chevreuil","status":"publish","type":"product","link":"https:\/\/regalanimals.ch\/de\/product\/patte-de-chevreuil\/","title":{"rendered":"Rehbein"},"content":{"rendered":"<h2 data-start=\"452\" data-end=\"477\">\ud83e\udd8c Hirschfu\u00df<\/h2>\n<h3 data-start=\"478\" data-end=\"547\">Ein nat\u00fcrliches Kauspielzeug voller Vorteile f\u00fcr Ihren Hund \ud83d\udc3e<\/h3>\n<p data-start=\"549\" data-end=\"1068\">Hirschpfoten sind ein nat\u00fcrlicher Leckerbissen und besonders bei Hunden beliebt, die gerne kauen. Reich an magerem Eiwei\u00df, unterst\u00fctzen sie den Muskelaufbau und befriedigen gleichzeitig den nat\u00fcrlichen Kauinstinkt. Da dieser Leckerbissen nur luftgetrocknet ist, bleiben seine N\u00e4hrstoffe, darunter Glucosamin und Chondroitin, die nat\u00fcrlicherweise in Knochen und Gewebe vorkommen, erhalten. So genie\u00dft Ihr Hund einen schmackhaften, authentischen Kausnack, der zu seinem allgemeinen Wohlbefinden beitr\u00e4gt.<\/p>\n<hr data-start=\"1070\" data-end=\"1073\" \/>\n<h2 data-start=\"1075\" data-end=\"1128\">Kr\u00e4ftiges Kauen f\u00fcr gesunde Z\u00e4hne \ud83e\uddb7<\/h2>\n<p data-start=\"1130\" data-end=\"1659\">Dank seiner festen Textur regt der Hirschpfoten-Kauknochen zum ausgiebigen Kauen an. Diese mechanische Einwirkung hilft, Zahnbelag und Zahnstein zu reduzieren und gleichzeitig das Zahnfleisch zu stimulieren. Das Fell bietet zudem einen weiteren Vorteil: Es wirkt w\u00e4hrend der Verdauung wie eine nat\u00fcrliche B\u00fcrste. Dadurch wird der Verdauungstrakt gereinigt und m\u00f6glicherweise werden bestimmte innere Parasiten bek\u00e4mpft. So profitiert Ihr Hund von einem vielseitigen, gesunden und wirklich umfassenden Kauspielzeug.<\/p>\n<hr data-start=\"1661\" data-end=\"1664\" \/>\n<h2 data-start=\"1666\" data-end=\"1734\">Ein fettarmer, leicht verdaulicher Snack \ud83c\udf3f<\/h2>\n<p data-start=\"1736\" data-end=\"2283\">Hirschpfoten sind sehr fettarm und daher ideal f\u00fcr Hunde mit empfindlichem Magen oder solche, die auf ihr Gewicht achten. Da sie zudem eine seltene Wildproteinquelle darstellen, die in der t\u00e4glichen Ern\u00e4hrung kaum vorkommt, eignen sie sich besonders f\u00fcr Hunde mit H\u00fchner- oder Rindfleischallergie. Dar\u00fcber hinaus sind sie leicht verdaulich und lassen sich problemlos in den Tagesablauf Ihres Haustieres integrieren. Somit bieten sie eine interessante Alternative, um f\u00fcr mehr Abwechslung beim Kauen zu sorgen.<\/p>\n<hr data-start=\"2285\" data-end=\"2288\" \/>\n<h2 data-start=\"2290\" data-end=\"2316\">\ud83d\udc3e H\u00e4ufig gestellte Fragen<\/h2>\n<h3 data-start=\"2317\" data-end=\"2419\">\u2753 Noch unentschlossen? Hier finden Sie die Antworten auf die h\u00e4ufigsten Fragen zum Rehfu\u00df.<\/h3>\n<h4 data-start=\"2426\" data-end=\"2479\">\u27a1\ufe0f F\u00fcr welche Hunde ist dieser Leckerbissen geeignet?<\/h4>\n<p data-start=\"2481\" data-end=\"2826\">Es eignet sich f\u00fcr die meisten Hunde ab einem Alter von 5 Monaten, wenn ihre bleibenden Z\u00e4hne stark genug sind, um l\u00e4ngerem Kauen standzuhalten. Auch erwachsene Hunde, egal ob klein, mittel oder gro\u00df, sch\u00e4tzen die feste, aber dennoch angenehme Konsistenz. W\u00e4hlen Sie daher immer eine Leckerligr\u00f6\u00dfe, die der Gr\u00f6\u00dfe Ihres Hundes entspricht.<\/p>\n<h4 data-start=\"2833\" data-end=\"2876\">\u27a1\ufe0f Handelt es sich wirklich um ein Naturprodukt?<\/h4>\n<p data-start=\"2878\" data-end=\"3133\">Ja. Die Hirschpfote ist ein Rohprodukt, luftgetrocknet, ohne Zusatzstoffe, Konservierungsmittel oder chemische Behandlungen. Sie entspricht genau dem, was ein Hund in der Natur finden w\u00fcrde: ein einfacher, authentischer und 100 % nat\u00fcrlicher Leckerbissen.<\/p>\n<hr data-start=\"3135\" data-end=\"3138\" \/>\n<h3 data-start=\"3140\" data-end=\"3170\">\ud83d\udca6 Ratschl\u00e4ge von R\u00e9gal&#039;Animals \ud83d\udc9a<\/h3>\n<p data-start=\"3172\" data-end=\"3766\">Um Ihrem Hund dieses Leckerli optimal anzubieten, platzieren Sie den Hirschfu\u00df stets an einem ruhigen Ort, an dem er sich entspannen kann. Gew\u00f6hnen Sie sensible Hunde langsam daran, da das Fell anfangs ungewohnt sein kann. Beaufsichtigen Sie Ihren Hund beim Kauen und entfernen Sie zu kleine St\u00fccke. Bewahren Sie die F\u00fc\u00dfe anschlie\u00dfend in einem luftdichten Beutel oder einem fest verschlossenen Beh\u00e4lter auf, um ihre Frische zu erhalten. So hat Ihr Liebling ein nat\u00fcrliches, n\u00fctzliches und absolut sicheres Kauspielzeug. \ud83d\udc9a<\/p>\n<hr data-start=\"3768\" data-end=\"3771\" \/>\n<h4 data-start=\"3773\" data-end=\"3851\">\u27a1\ufe0f Kann mein Hund davon f\u00fcr seine Z\u00e4hne und sein Zahnfleisch profitieren?<\/h4>\n<p data-start=\"3853\" data-end=\"4078\">Ja. L\u00e4ngeres Kauen wirkt wie eine mechanische Reinigung. Durch das Aneinanderreiben der Z\u00e4hne hilft die Pfote, Zahnbelag zu reduzieren und tr\u00e4gt zu einem ges\u00fcnderen Maul bei. Dies ersetzt jedoch weder das Z\u00e4hneputzen noch die tier\u00e4rztliche Versorgung.<\/p>\n<h4 data-start=\"4085\" data-end=\"4146\">\u27a1\ufe0f Ist es f\u00fcr empfindliche oder allergische Hunde geeignet?<\/h4>\n<p data-start=\"4148\" data-end=\"4359\">Absolut. Da es ausschlie\u00dflich aus Hirschfleisch hergestellt wird, einem Protein, das in herk\u00f6mmlichen Futtermitteln selten verwendet wird, ist es eine ideale Option f\u00fcr Hunde mit Futtermittelallergien.<\/p>\n<h4 data-start=\"4366\" data-end=\"4412\">\u27a1\ufe0f Ist es auch f\u00fcr kleine Hunde geeignet?<\/h4>\n<p data-start=\"4414\" data-end=\"4696\">Ja, vorausgesetzt, Ihr kleiner Hund hat Lust zum Kauen. Die Pfote ist etwa 28 cm lang, aber nicht so hart wie Rohhaut. Daher kann auch ein kleiner, ausdauernder Hund daran Freude haben. Beaufsichtigen Sie ihn einfach beim Kauen und entfernen Sie zu kleine St\u00fccke.<\/p>\n<h4 data-start=\"4703\" data-end=\"4751\">\u27a1\ufe0f Wie lagert man eine Hirschkeule?<\/h4>\n<p data-start=\"4753\" data-end=\"4921\">Bewahren Sie es an einem trockenen, temperierten Ort auf. Nach dem \u00d6ffnen den Beutel wieder verschlie\u00dfen oder in einen luftdichten Beh\u00e4lter geben, um den nat\u00fcrlichen Duft und die Konsistenz zu erhalten.<\/p>\n<hr data-start=\"4923\" data-end=\"4926\" \/>\n<h4 data-start=\"4928\" data-end=\"4944\">Zusammensetzung<\/h4>\n<p data-start=\"4945\" data-end=\"4969\">100 % Hirschbeine<\/p>\n<h4 data-start=\"4971\" data-end=\"5000\">Analytische Bestandteile<\/h4>\n<p data-start=\"5001\" data-end=\"5102\">Rohprotein: 67 %<br data-start=\"5024\" data-end=\"5027\" \/>Rohfett: 3,5 %<br data-start=\"5058\" data-end=\"5061\" \/>Luftfeuchtigkeit: 6 %<br data-start=\"5075\" data-end=\"5078\" \/>Mineralische Materialien: 2 %<\/p>\n<p>&nbsp;<\/p>\n<p><a href=\"https:\/\/regalanimals.ch\/de\/product\/naturea-naturals-agneau\/\">Vorschlag f\u00fcr ihn\u00a0<\/a><\/p>","protected":false},"excerpt":{"rendered":"<p>\ud83e\udd8c Patte de Chevreuil Un article \u00e0 ronger naturel et plein de bienfaits pour votre chien \ud83d\udc3e La Patte de Chevreuil est un plaisir naturel et particuli\u00e8rement appr\u00e9ci\u00e9 des chiens amateurs de mastication. Riche en prot\u00e9ines maigres, elle soutient la musculature tout en r\u00e9pondant au besoin instinctif de m\u00e2cher. Comme cette friandise est simplement s\u00e9ch\u00e9e [&hellip;]<\/p>\n","protected":false},"featured_media":39952,"menu_order":0,"comment_status":"open","ping_status":"closed","template":"","meta":[],"product_brand":[],"product_cat":[231,24],"product_tag":[],"class_list":{"0":"post-36966","1":"product","2":"type-product","3":"status-publish","4":"has-post-thumbnail","6":"product_cat-a-ronger","7":"product_cat-chiens","9":"first","10":"instock","11":"taxable","12":"shipping-taxable","13":"purchasable","14":"product-type-simple"},"yoast_head":"<!-- This site is optimized with the Yoast SEO Premium plugin v27.3 (Yoast SEO v27.3) - https:\/\/yoast.com\/product\/yoast-seo-premium-wordpress\/ -->\n<title>Patte de Chevreuil. Une friandise brute pour votre chien.<\/title>\n<meta name=\"description\" content=\"Donnez \u00e0 votre animal une r\u00e9compense saine et instinctive. La Patte de Chevreuil r\u00e9pond \u00e0 son besoin naturel de m\u00e2cher tout en nourrissant son organisme.\" \/>\n<meta name=\"robots\" content=\"index, follow, max-snippet:-1, max-image-preview:large, max-video-preview:-1\" \/>\n<link rel=\"canonical\" href=\"https:\/\/regalanimals.ch\/de\/product\/patte-de-chevreuil\/\" \/>\n<meta property=\"og:locale\" content=\"de_DE\" \/>\n<meta property=\"og:type\" content=\"article\" \/>\n<meta property=\"og:title\" content=\"Patte de Chevreuil\" \/>\n<meta property=\"og:description\" content=\"Donnez \u00e0 votre animal une r\u00e9compense saine et instinctive. La Patte de Chevreuil r\u00e9pond \u00e0 son besoin naturel de m\u00e2cher tout en nourrissant son organisme.\" \/>\n<meta property=\"og:url\" content=\"https:\/\/regalanimals.ch\/de\/product\/patte-de-chevreuil\/\" \/>\n<meta property=\"og:site_name\" content=\"R\u00e9gal&#039;Animals\" \/>\n<meta property=\"article:modified_time\" content=\"2026-03-25T05:32:30+00:00\" \/>\n<meta property=\"og:image\" content=\"https:\/\/regalanimals.ch\/wp-content\/uploads\/2025\/11\/patte-de-chevreuil-.webp\" \/>\n\t<meta property=\"og:image:width\" content=\"940\" \/>\n\t<meta property=\"og:image:height\" content=\"788\" \/>\n\t<meta property=\"og:image:type\" content=\"image\/webp\" \/>\n<meta name=\"twitter:card\" content=\"summary_large_image\" \/>\n<meta name=\"twitter:label1\" content=\"Gesch\u00e4tzte Lesezeit\" \/>\n\t<meta name=\"twitter:data1\" content=\"4\u00a0Minuten\" \/>\n<script type=\"application\/ld+json\" class=\"yoast-schema-graph\">{\"@context\":\"https:\\\/\\\/schema.org\",\"@graph\":[{\"@type\":\"WebPage\",\"@id\":\"https:\\\/\\\/regalanimals.ch\\\/product\\\/patte-de-chevreuil\\\/\",\"url\":\"https:\\\/\\\/regalanimals.ch\\\/product\\\/patte-de-chevreuil\\\/\",\"name\":\"Patte de Chevreuil. Une friandise brute pour votre chien.\",\"isPartOf\":{\"@id\":\"https:\\\/\\\/regalanimals.ch\\\/#website\"},\"primaryImageOfPage\":{\"@id\":\"https:\\\/\\\/regalanimals.ch\\\/product\\\/patte-de-chevreuil\\\/#primaryimage\"},\"image\":{\"@id\":\"https:\\\/\\\/regalanimals.ch\\\/product\\\/patte-de-chevreuil\\\/#primaryimage\"},\"thumbnailUrl\":\"https:\\\/\\\/regalanimals.ch\\\/wp-content\\\/uploads\\\/2025\\\/11\\\/patte-de-chevreuil-.webp\",\"datePublished\":\"2025-06-22T11:35:37+00:00\",\"dateModified\":\"2026-03-25T05:32:30+00:00\",\"description\":\"Donnez \u00e0 votre animal une r\u00e9compense saine et instinctive. La Patte de Chevreuil r\u00e9pond \u00e0 son besoin naturel de m\u00e2cher tout en nourrissant son organisme.\",\"breadcrumb\":{\"@id\":\"https:\\\/\\\/regalanimals.ch\\\/product\\\/patte-de-chevreuil\\\/#breadcrumb\"},\"inLanguage\":\"de\",\"potentialAction\":[{\"@type\":\"ReadAction\",\"target\":[\"https:\\\/\\\/regalanimals.ch\\\/product\\\/patte-de-chevreuil\\\/\"]}]},{\"@type\":\"ImageObject\",\"inLanguage\":\"de\",\"@id\":\"https:\\\/\\\/regalanimals.ch\\\/product\\\/patte-de-chevreuil\\\/#primaryimage\",\"url\":\"https:\\\/\\\/regalanimals.ch\\\/wp-content\\\/uploads\\\/2025\\\/11\\\/patte-de-chevreuil-.webp\",\"contentUrl\":\"https:\\\/\\\/regalanimals.ch\\\/wp-content\\\/uploads\\\/2025\\\/11\\\/patte-de-chevreuil-.webp\",\"width\":940,\"height\":788,\"caption\":\"Patte de Chevreuil pour chien\"},{\"@type\":\"BreadcrumbList\",\"@id\":\"https:\\\/\\\/regalanimals.ch\\\/product\\\/patte-de-chevreuil\\\/#breadcrumb\",\"itemListElement\":[{\"@type\":\"ListItem\",\"position\":1,\"name\":\"Home\",\"item\":\"https:\\\/\\\/regalanimals.ch\\\/\"},{\"@type\":\"ListItem\",\"position\":2,\"name\":\"Boutique\",\"item\":\"https:\\\/\\\/regalanimals.ch\\\/shop\\\/\"},{\"@type\":\"ListItem\",\"position\":3,\"name\":\"Patte de Chevreuil\"}]},{\"@type\":\"WebSite\",\"@id\":\"https:\\\/\\\/regalanimals.ch\\\/#website\",\"url\":\"https:\\\/\\\/regalanimals.ch\\\/\",\"name\":\"R\u00e9gal Animals\",\"description\":\"Alimentation et articles de qualit\u00e9 pour chats, chiens et furets\",\"publisher\":{\"@id\":\"https:\\\/\\\/regalanimals.ch\\\/#organization\"},\"potentialAction\":[{\"@type\":\"SearchAction\",\"target\":{\"@type\":\"EntryPoint\",\"urlTemplate\":\"https:\\\/\\\/regalanimals.ch\\\/?s={search_term_string}\"},\"query-input\":{\"@type\":\"PropertyValueSpecification\",\"valueRequired\":true,\"valueName\":\"search_term_string\"}}],\"inLanguage\":\"de\"},{\"@type\":\"Organization\",\"@id\":\"https:\\\/\\\/regalanimals.ch\\\/#organization\",\"name\":\"R\u00e9gal Animals\",\"url\":\"https:\\\/\\\/regalanimals.ch\\\/\",\"logo\":{\"@type\":\"ImageObject\",\"inLanguage\":\"de\",\"@id\":\"https:\\\/\\\/regalanimals.ch\\\/#\\\/schema\\\/logo\\\/image\\\/\",\"url\":\"https:\\\/\\\/regalanimals.ch\\\/wp-content\\\/uploads\\\/2025\\\/07\\\/Logo-RegalAnimals.png\",\"contentUrl\":\"https:\\\/\\\/regalanimals.ch\\\/wp-content\\\/uploads\\\/2025\\\/07\\\/Logo-RegalAnimals.png\",\"width\":120,\"height\":153,\"caption\":\"R\u00e9gal Animals\"},\"image\":{\"@id\":\"https:\\\/\\\/regalanimals.ch\\\/#\\\/schema\\\/logo\\\/image\\\/\"}}]}<\/script>\n<!-- \/ Yoast SEO Premium plugin. -->","yoast_head_json":{"title":"Hirschfu\u00df. Ein roher Leckerbissen f\u00fcr Ihren Hund.","description":"Verw\u00f6hnen Sie Ihr Haustier mit einer gesunden und nat\u00fcrlichen Belohnung. Der Hirschfu\u00df befriedigt sein nat\u00fcrliches Kaubed\u00fcrfnis und n\u00e4hrt gleichzeitig seinen Organismus.","robots":{"index":"index","follow":"follow","max-snippet":"max-snippet:-1","max-image-preview":"max-image-preview:large","max-video-preview":"max-video-preview:-1"},"canonical":"https:\/\/regalanimals.ch\/de\/product\/patte-de-chevreuil\/","og_locale":"de_DE","og_type":"article","og_title":"Patte de Chevreuil","og_description":"Donnez \u00e0 votre animal une r\u00e9compense saine et instinctive. La Patte de Chevreuil r\u00e9pond \u00e0 son besoin naturel de m\u00e2cher tout en nourrissant son organisme.","og_url":"https:\/\/regalanimals.ch\/de\/product\/patte-de-chevreuil\/","og_site_name":"R\u00e9gal&#039;Animals","article_modified_time":"2026-03-25T05:32:30+00:00","og_image":[{"width":940,"height":788,"url":"https:\/\/regalanimals.ch\/wp-content\/uploads\/2025\/11\/patte-de-chevreuil-.webp","type":"image\/webp"}],"twitter_card":"summary_large_image","twitter_misc":{"Gesch\u00e4tzte Lesezeit":"4\u00a0Minuten"},"schema":{"@context":"https:\/\/schema.org","@graph":[{"@type":"WebPage","@id":"https:\/\/regalanimals.ch\/product\/patte-de-chevreuil\/","url":"https:\/\/regalanimals.ch\/product\/patte-de-chevreuil\/","name":"Hirschfu\u00df. Ein roher Leckerbissen f\u00fcr Ihren Hund.","isPartOf":{"@id":"https:\/\/regalanimals.ch\/#website"},"primaryImageOfPage":{"@id":"https:\/\/regalanimals.ch\/product\/patte-de-chevreuil\/#primaryimage"},"image":{"@id":"https:\/\/regalanimals.ch\/product\/patte-de-chevreuil\/#primaryimage"},"thumbnailUrl":"https:\/\/regalanimals.ch\/wp-content\/uploads\/2025\/11\/patte-de-chevreuil-.webp","datePublished":"2025-06-22T11:35:37+00:00","dateModified":"2026-03-25T05:32:30+00:00","description":"Verw\u00f6hnen Sie Ihr Haustier mit einer gesunden und nat\u00fcrlichen Belohnung. Der Hirschfu\u00df befriedigt sein nat\u00fcrliches Kaubed\u00fcrfnis und n\u00e4hrt gleichzeitig seinen Organismus.","breadcrumb":{"@id":"https:\/\/regalanimals.ch\/product\/patte-de-chevreuil\/#breadcrumb"},"inLanguage":"de","potentialAction":[{"@type":"ReadAction","target":["https:\/\/regalanimals.ch\/product\/patte-de-chevreuil\/"]}]},{"@type":"ImageObject","inLanguage":"de","@id":"https:\/\/regalanimals.ch\/product\/patte-de-chevreuil\/#primaryimage","url":"https:\/\/regalanimals.ch\/wp-content\/uploads\/2025\/11\/patte-de-chevreuil-.webp","contentUrl":"https:\/\/regalanimals.ch\/wp-content\/uploads\/2025\/11\/patte-de-chevreuil-.webp","width":940,"height":788,"caption":"Patte de Chevreuil pour chien"},{"@type":"BreadcrumbList","@id":"https:\/\/regalanimals.ch\/product\/patte-de-chevreuil\/#breadcrumb","itemListElement":[{"@type":"ListItem","position":1,"name":"Home","item":"https:\/\/regalanimals.ch\/"},{"@type":"ListItem","position":2,"name":"Boutique","item":"https:\/\/regalanimals.ch\/shop\/"},{"@type":"ListItem","position":3,"name":"Patte de Chevreuil"}]},{"@type":"WebSite","@id":"https:\/\/regalanimals.ch\/#website","url":"https:\/\/regalanimals.ch\/","name":"Tierfest","description":"Hochwertiges Futter und Zubeh\u00f6r f\u00fcr Katzen, Hunde und Frettchen","publisher":{"@id":"https:\/\/regalanimals.ch\/#organization"},"potentialAction":[{"@type":"SearchAction","target":{"@type":"EntryPoint","urlTemplate":"https:\/\/regalanimals.ch\/?s={search_term_string}"},"query-input":{"@type":"PropertyValueSpecification","valueRequired":true,"valueName":"search_term_string"}}],"inLanguage":"de"},{"@type":"Organization","@id":"https:\/\/regalanimals.ch\/#organization","name":"Tierfest","url":"https:\/\/regalanimals.ch\/","logo":{"@type":"ImageObject","inLanguage":"de","@id":"https:\/\/regalanimals.ch\/#\/schema\/logo\/image\/","url":"https:\/\/regalanimals.ch\/wp-content\/uploads\/2025\/07\/Logo-RegalAnimals.png","contentUrl":"https:\/\/regalanimals.ch\/wp-content\/uploads\/2025\/07\/Logo-RegalAnimals.png","width":120,"height":153,"caption":"R\u00e9gal Animals"},"image":{"@id":"https:\/\/regalanimals.ch\/#\/schema\/logo\/image\/"}}]}},"_links":{"self":[{"href":"https:\/\/regalanimals.ch\/de\/wp-json\/wp\/v2\/product\/36966","targetHints":{"allow":["GET"]}}],"collection":[{"href":"https:\/\/regalanimals.ch\/de\/wp-json\/wp\/v2\/product"}],"about":[{"href":"https:\/\/regalanimals.ch\/de\/wp-json\/wp\/v2\/types\/product"}],"replies":[{"embeddable":true,"href":"https:\/\/regalanimals.ch\/de\/wp-json\/wp\/v2\/comments?post=36966"}],"wp:featuredmedia":[{"embeddable":true,"href":"https:\/\/regalanimals.ch\/de\/wp-json\/wp\/v2\/media\/39952"}],"wp:attachment":[{"href":"https:\/\/regalanimals.ch\/de\/wp-json\/wp\/v2\/media?parent=36966"}],"wp:term":[{"taxonomy":"product_brand","embeddable":true,"href":"https:\/\/regalanimals.ch\/de\/wp-json\/wp\/v2\/product_brand?post=36966"},{"taxonomy":"product_cat","embeddable":true,"href":"https:\/\/regalanimals.ch\/de\/wp-json\/wp\/v2\/product_cat?post=36966"},{"taxonomy":"product_tag","embeddable":true,"href":"https:\/\/regalanimals.ch\/de\/wp-json\/wp\/v2\/product_tag?post=36966"}],"curies":[{"name":"wp","href":"https:\/\/api.w.org\/{rel}","templated":true}]}}