{"id":36997,"date":"2025-07-05T08:43:12","date_gmt":"2025-07-05T06:43:12","guid":{"rendered":"https:\/\/regalanimals.geekworkers.dev\/?post_type=product&#038;p=36997"},"modified":"2026-04-08T17:03:35","modified_gmt":"2026-04-08T15:03:35","slug":"peau-de-tete-de-boeuf","status":"publish","type":"product","link":"https:\/\/regalanimals.ch\/de\/product\/peau-de-tete-de-boeuf\/","title":{"rendered":"Peau de T\u00eate de B\u0153uf (1 kg)"},"content":{"rendered":"<h2 data-start=\"362\" data-end=\"390\">Kuhfell \ud83e\uddb4<\/h2>\n<h3 data-start=\"391\" data-end=\"444\">Ein robustes Kauspielzeug f\u00fcr gro\u00dfe Z\u00e4hne \ud83e\uddb7<\/h3>\n<p data-start=\"446\" data-end=\"884\">Rinderkopfhaut ist au\u00dfergew\u00f6hnlich strapazierf\u00e4hig und ideal f\u00fcr Hunde, die intensiv kauen oder ihr Spielzeug in wenigen Minuten zerst\u00f6ren. Ihre robuste, faserige Textur besch\u00e4ftigt Ihren Vierbeiner lange und befriedigt seinen nat\u00fcrlichen Kauinstinkt. Der Duft von getrocknetem Rindfleisch lockt zudem sofort abenteuerlustige Hunde an. Sollte Sie der Geruch st\u00f6ren, bieten Sie die Haut einfach drau\u00dfen an.<\/p>\n<hr data-start=\"886\" data-end=\"889\" \/>\n<h2 data-start=\"891\" data-end=\"930\">Ein 100% nat\u00fcrliches Kauprodukt \ud83c\udf3f<\/h2>\n<p data-start=\"932\" data-end=\"1332\">Dieser Leckerbissen besteht ausschlie\u00dflich aus getrocknetem Rindfleisch. Er enth\u00e4lt keine Konservierungsstoffe, Farbstoffe oder chemische Zus\u00e4tze. Dank seines geringen Fettgehalts eignet er sich auch hervorragend als Belohnung f\u00fcr Hunde, die auf ihr Gewicht achten. Dar\u00fcber hinaus hilft die faserige Textur Ihrem Hund beim Kauen, Zahnbelag und Zahnstein zu entfernen und tr\u00e4gt so zu einer besseren Mundhygiene bei.<\/p>\n<hr data-start=\"1334\" data-end=\"1337\" \/>\n<h2 data-start=\"1339\" data-end=\"1381\">Eine Belohnung f\u00fcr starke Hunde \ud83d\udc36<\/h2>\n<p data-start=\"1383\" data-end=\"1811\">Rinderkopfhaut eignet sich am besten f\u00fcr ausgewachsene Hunde mit kr\u00e4ftigem Kiefer, wie beispielsweise Belgische Sch\u00e4ferhunde (Malinois), Deutsche Sch\u00e4ferhunde, Rottweiler oder American Staffordshire Terrier. Sie erfordert ausgiebiges Kauen, was die Energie abbaut und Langeweile vorbeugt. F\u00fcr Welpen unter sechs oder sieben Monaten ist sie jedoch nicht geeignet, da ihre noch empfindlichen Z\u00e4hne durch die harte Textur besch\u00e4digt werden k\u00f6nnten.<\/p>\n<hr data-start=\"1813\" data-end=\"1816\" \/>\n<h2 data-start=\"1818\" data-end=\"1855\">Ein nachhaltiger Kausnack \ud83e\udd17<\/h2>\n<p data-start=\"1857\" data-end=\"2246\">Anders als gekochte Knochen, die splittern k\u00f6nnen, wird Rinderkopfhaut beim Kauen allm\u00e4hlich weicher. Dadurch wird das Risiko gef\u00e4hrlicher Splitter auf nat\u00fcrliche Weise reduziert und ein sichereres Kauvergn\u00fcgen gew\u00e4hrleistet. Sie k\u00f6nnen die Dicke der Haut an die Bed\u00fcrfnisse Ihres Hundes anpassen, um die Sicherheit beim Kauen weiter zu optimieren. So k\u00f6nnen Sie auch den Kauaufwand an die Kraft Ihres Vierbeiners anpassen. Auf diese Weise genie\u00dft Ihr Hund ein langes, anregendes Kauvergn\u00fcgen, das perfekt auf seine Bed\u00fcrfnisse abgestimmt ist.<\/p>\n<hr data-start=\"2248\" data-end=\"2251\" \/>\n<h2 data-start=\"2253\" data-end=\"2280\">\ud83d\udc3e H\u00e4ufig gestellte Fragen<\/h2>\n<h3 data-start=\"2281\" data-end=\"2397\">\u2753 Noch unentschlossen? Hier finden Sie Antworten auf die h\u00e4ufigsten Fragen zu Ochsenkopfleder.<\/h3>\n<h4 data-start=\"2399\" data-end=\"2463\">\u27a1\ufe0f F\u00fcr welche Hunde eignet sich dieses Kauspielzeug?<\/h4>\n<p data-start=\"2465\" data-end=\"2693\">Es ist vor allem f\u00fcr Hunde mit kr\u00e4ftigen Kiefern gedacht. Seine Haltbarkeit ist besonders f\u00fcr sportliche Hunde und solche, die viel kauen, von Vorteil. F\u00fcr Welpen oder Hunde mit empfindlichen Z\u00e4hnen ist es jedoch nicht geeignet.<\/p>\n<h4 data-start=\"2700\" data-end=\"2753\">\u27a1\ufe0f Ist dieses Kauspielzeug f\u00fcr Welpen geeignet?<\/h4>\n<p data-start=\"2755\" data-end=\"3097\">Nein. Welpen haben noch nicht ihr bleibendes Gebiss und ihr Kiefer ist noch empfindlich. Zu harte Leckerlis k\u00f6nnen ihre Z\u00e4hne besch\u00e4digen oder sogar Risse verursachen. Warten Sie daher, bis die Z\u00e4hne vollst\u00e4ndig nachgewachsen sind, bevor Sie ihnen Rinderkopfhaut geben. Greifen Sie in der Zwischenzeit lieber zu weicheren Leckerlis, die f\u00fcr junge Hunde geeignet sind.<\/p>\n<h4 data-start=\"3104\" data-end=\"3182\">\u27a1\ufe0f Hilft diese Kuhfell-Kopfhaut wirklich bei der Zahnreinigung?<\/h4>\n<p data-start=\"3184\" data-end=\"3338\">Ja. Die faserige Textur reduziert Zahnstein und f\u00f6rdert eine ges\u00fcndere Mundhygiene. Jeder Kauvorgang wirkt wie eine nat\u00fcrliche Reinigung.<\/p>\n<hr data-start=\"3340\" data-end=\"3343\" \/>\n<h2 data-start=\"3345\" data-end=\"3375\">\ud83d\udca6 Ratschl\u00e4ge von R\u00e9gal&#039;Animals \ud83d\udc9a<\/h2>\n<p data-start=\"772\" data-end=\"1275\">In einer Ein-Kilo-Packung sind die St\u00fccke Rinderkopfhaut in verschiedenen Gr\u00f6\u00dfen erh\u00e4ltlich. Nehmen Sie sich daher etwas Zeit, um ein St\u00fcck auszuw\u00e4hlen, das der Kaust\u00e4rke Ihres Hundes entspricht. F\u00fcr einen kr\u00e4ftigen Kauer empfiehlt sich ein dickerer Streifen, da dieser haltbarer ist und ein befriedigenderes Kauerlebnis bietet. Ist Ihr Hund hingegen noch nicht an diese Art von Leckerli gew\u00f6hnt oder kaut er eher sanft, reicht ein etwas d\u00fcnneres St\u00fcck, damit er es ohne gro\u00dfe Anstrengung genie\u00dfen kann.<\/p>\n<p data-start=\"1277\" data-end=\"1804\">Bieten Sie diesen Leckerbissen immer unter Aufsicht an. Entfernen Sie au\u00dferdem alle St\u00fccke, die zu weich geworden sind oder zu leicht verschluckt werden k\u00f6nnen, um ein sicheres Kauvergn\u00fcgen zu gew\u00e4hrleisten. Da Rinderkopfhaut zu den h\u00e4rteren Leckerlis geh\u00f6rt, eignet sie sich besonders f\u00fcr Hunde mit kr\u00e4ftigen Kiefern und einem ausgepr\u00e4gten Kaubed\u00fcrfnis. Indem Sie Ihrem Hund ein St\u00fcck anbieten, das seinen Bed\u00fcrfnissen entspricht, garantieren Sie ihm und Ihrem Vierbeiner eine langanhaltende, genussvolle und beruhigende Besch\u00e4ftigung. \ud83d\udc9a<\/p>\n<hr data-start=\"3672\" data-end=\"3675\" \/>\n<h4 data-start=\"3677\" data-end=\"3736\">\u27a1\ufe0f Ist La Peau de T\u00eate wirklich 100 % nat\u00fcrlich?<\/h4>\n<p data-start=\"3738\" data-end=\"3922\">Ja. Es besteht ausschlie\u00dflich aus getrocknetem Rinderleder und enth\u00e4lt keine unn\u00f6tigen Zutaten. Daher sch\u00e4tzen es besonders Hunde, die gerne lange kauen.<\/p>\n<h4 data-start=\"3929\" data-end=\"3977\">\u27a1\ufe0f Wie bewahrt man diesen Kauartikel auf?<\/h4>\n<p data-start=\"3979\" data-end=\"4155\">Bewahren Sie es an einem trockenen, temperierten Ort auf. Durch luftdichtes Verschlie\u00dfen des Beutels oder die Verwendung eines luftdichten Beh\u00e4lters bleiben Duft und Konsistenz bis zur letzten Anwendung erhalten.<\/p>\n<hr data-start=\"4157\" data-end=\"4160\" \/>\n<h4 data-start=\"4162\" data-end=\"4176\">Zusammensetzung<\/h4>\n<p data-start=\"4178\" data-end=\"4205\">100 % Ochsenkopfh\u00e4ute<\/p>\n<h4 data-start=\"4212\" data-end=\"4239\">Analytische Bestandteile<\/h4>\n<p data-start=\"4241\" data-end=\"4336\">Rohprotein: 85,30 %<br data-start=\"4267\" data-end=\"4270\" \/>Rohfett: 6 %<br data-start=\"4299\" data-end=\"4302\" \/>Rohstoffe: 0,90 %<\/p>\n<p><a style=\"font-size: 16px;\" href=\"https:\/\/regalanimals.ch\/de\/product\/joue-de-boeuf-roulee\/\">Vorschlag f\u00fcr ihn<\/a><\/p>","protected":false},"excerpt":{"rendered":"<p>Peau de T\u00eate de B\u0153uf \ud83e\uddb4 Un article \u00e0 ronger solide pour les gros crocs \ud83e\uddb7 La Peau de T\u00eate de B\u0153uf offre une r\u00e9sistance exceptionnelle, parfaite pour les chiens qui m\u00e2chent avec intensit\u00e9 ou d\u00e9truisent leurs jouets en quelques minutes. Sa texture dure et fibreuse occupe votre compagnon pendant longtemps tout en satisfaisant son [&hellip;]<\/p>\n","protected":false},"featured_media":38274,"comment_status":"open","ping_status":"closed","template":"","meta":[],"product_brand":[],"product_cat":[231,24],"product_tag":[],"class_list":{"0":"post-36997","1":"product","2":"type-product","3":"status-publish","4":"has-post-thumbnail","6":"product_cat-a-ronger","7":"product_cat-chiens","9":"first","10":"instock","11":"taxable","12":"shipping-taxable","13":"purchasable","14":"product-type-simple"},"yoast_head":"<!-- This site is optimized with the Yoast SEO Premium plugin v27.4 (Yoast SEO v27.5) - https:\/\/yoast.com\/product\/yoast-seo-premium-wordpress\/ -->\n<title>Peau de T\u00eate de B\u0153uf, une gourmandise ultra-durable<\/title>\n<meta name=\"description\" content=\"Une mastication longue dur\u00e9e qui r\u00e9siste m\u00eame aux gros m\u00e2cheurs. La Peau de T\u00eate de B\u0153uf offre un plaisir intense et naturellement robuste !\" \/>\n<meta name=\"robots\" content=\"index, follow, max-snippet:-1, max-image-preview:large, max-video-preview:-1\" \/>\n<link rel=\"canonical\" href=\"https:\/\/regalanimals.ch\/de\/product\/peau-de-tete-de-boeuf\/\" \/>\n<meta property=\"og:locale\" content=\"de_DE\" \/>\n<meta property=\"og:type\" content=\"article\" \/>\n<meta property=\"og:title\" content=\"Peau de T\u00eate de B\u0153uf (1 kg)\" \/>\n<meta property=\"og:description\" content=\"Une mastication longue dur\u00e9e qui r\u00e9siste m\u00eame aux gros m\u00e2cheurs. La Peau de T\u00eate de B\u0153uf offre un plaisir intense et naturellement robuste !\" \/>\n<meta property=\"og:url\" content=\"https:\/\/regalanimals.ch\/de\/product\/peau-de-tete-de-boeuf\/\" \/>\n<meta property=\"og:site_name\" content=\"R\u00e9gal&#039;Animals\" \/>\n<meta property=\"article:modified_time\" content=\"2026-04-08T15:03:35+00:00\" \/>\n<meta property=\"og:image\" content=\"https:\/\/regalanimals.ch\/wp-content\/uploads\/2025\/08\/Peau-tete-boeuf.webp\" \/>\n\t<meta property=\"og:image:width\" content=\"940\" \/>\n\t<meta property=\"og:image:height\" content=\"788\" \/>\n\t<meta property=\"og:image:type\" content=\"image\/webp\" \/>\n<meta name=\"twitter:card\" content=\"summary_large_image\" \/>\n<meta name=\"twitter:label1\" content=\"Gesch\u00e4tzte Lesezeit\" \/>\n\t<meta name=\"twitter:data1\" content=\"5\u00a0Minuten\" \/>\n<script type=\"application\/ld+json\" class=\"yoast-schema-graph\">{\"@context\":\"https:\\\/\\\/schema.org\",\"@graph\":[{\"@type\":\"WebPage\",\"@id\":\"https:\\\/\\\/regalanimals.ch\\\/product\\\/peau-de-tete-de-boeuf\\\/\",\"url\":\"https:\\\/\\\/regalanimals.ch\\\/product\\\/peau-de-tete-de-boeuf\\\/\",\"name\":\"Peau de T\u00eate de B\u0153uf, une gourmandise ultra-durable\",\"isPartOf\":{\"@id\":\"https:\\\/\\\/regalanimals.ch\\\/#website\"},\"primaryImageOfPage\":{\"@id\":\"https:\\\/\\\/regalanimals.ch\\\/product\\\/peau-de-tete-de-boeuf\\\/#primaryimage\"},\"image\":{\"@id\":\"https:\\\/\\\/regalanimals.ch\\\/product\\\/peau-de-tete-de-boeuf\\\/#primaryimage\"},\"thumbnailUrl\":\"https:\\\/\\\/regalanimals.ch\\\/wp-content\\\/uploads\\\/2025\\\/08\\\/Peau-tete-boeuf.webp\",\"datePublished\":\"2025-07-05T06:43:12+00:00\",\"dateModified\":\"2026-04-08T15:03:35+00:00\",\"description\":\"Une mastication longue dur\u00e9e qui r\u00e9siste m\u00eame aux gros m\u00e2cheurs. La Peau de T\u00eate de B\u0153uf offre un plaisir intense et naturellement robuste !\",\"breadcrumb\":{\"@id\":\"https:\\\/\\\/regalanimals.ch\\\/product\\\/peau-de-tete-de-boeuf\\\/#breadcrumb\"},\"inLanguage\":\"de\",\"potentialAction\":[{\"@type\":\"ReadAction\",\"target\":[\"https:\\\/\\\/regalanimals.ch\\\/product\\\/peau-de-tete-de-boeuf\\\/\"]}]},{\"@type\":\"ImageObject\",\"inLanguage\":\"de\",\"@id\":\"https:\\\/\\\/regalanimals.ch\\\/product\\\/peau-de-tete-de-boeuf\\\/#primaryimage\",\"url\":\"https:\\\/\\\/regalanimals.ch\\\/wp-content\\\/uploads\\\/2025\\\/08\\\/Peau-tete-boeuf.webp\",\"contentUrl\":\"https:\\\/\\\/regalanimals.ch\\\/wp-content\\\/uploads\\\/2025\\\/08\\\/Peau-tete-boeuf.webp\",\"width\":940,\"height\":788,\"caption\":\"Peau de T\u00eate de B\u0153uf \u2013 peaux \u00e9paisses et naturelles pour gros m\u00e2cheurs.\"},{\"@type\":\"BreadcrumbList\",\"@id\":\"https:\\\/\\\/regalanimals.ch\\\/product\\\/peau-de-tete-de-boeuf\\\/#breadcrumb\",\"itemListElement\":[{\"@type\":\"ListItem\",\"position\":1,\"name\":\"Home\",\"item\":\"https:\\\/\\\/regalanimals.ch\\\/\"},{\"@type\":\"ListItem\",\"position\":2,\"name\":\"Boutique\",\"item\":\"https:\\\/\\\/regalanimals.ch\\\/shop\\\/\"},{\"@type\":\"ListItem\",\"position\":3,\"name\":\"Peau de T\u00eate de B\u0153uf (1 kg)\"}]},{\"@type\":\"WebSite\",\"@id\":\"https:\\\/\\\/regalanimals.ch\\\/#website\",\"url\":\"https:\\\/\\\/regalanimals.ch\\\/\",\"name\":\"R\u00e9gal Animals\",\"description\":\"Alimentation et articles de qualit\u00e9 pour chats, chiens et furets\",\"publisher\":{\"@id\":\"https:\\\/\\\/regalanimals.ch\\\/#organization\"},\"potentialAction\":[{\"@type\":\"SearchAction\",\"target\":{\"@type\":\"EntryPoint\",\"urlTemplate\":\"https:\\\/\\\/regalanimals.ch\\\/?s={search_term_string}\"},\"query-input\":{\"@type\":\"PropertyValueSpecification\",\"valueRequired\":true,\"valueName\":\"search_term_string\"}}],\"inLanguage\":\"de\"},{\"@type\":\"Organization\",\"@id\":\"https:\\\/\\\/regalanimals.ch\\\/#organization\",\"name\":\"R\u00e9gal Animals\",\"url\":\"https:\\\/\\\/regalanimals.ch\\\/\",\"logo\":{\"@type\":\"ImageObject\",\"inLanguage\":\"de\",\"@id\":\"https:\\\/\\\/regalanimals.ch\\\/#\\\/schema\\\/logo\\\/image\\\/\",\"url\":\"https:\\\/\\\/regalanimals.ch\\\/wp-content\\\/uploads\\\/2025\\\/04\\\/cropped-Logo-site-e1744634610403-1.webp\",\"contentUrl\":\"https:\\\/\\\/regalanimals.ch\\\/wp-content\\\/uploads\\\/2025\\\/04\\\/cropped-Logo-site-e1744634610403-1.webp\",\"width\":512,\"height\":512,\"caption\":\"R\u00e9gal Animals\"},\"image\":{\"@id\":\"https:\\\/\\\/regalanimals.ch\\\/#\\\/schema\\\/logo\\\/image\\\/\"}}]}<\/script>\n<!-- \/ Yoast SEO Premium plugin. -->","yoast_head_json":{"title":"Rinderkopfhaut, eine \u00e4u\u00dferst nachhaltige Delikatesse","description":"Ein langanhaltender Kauspa\u00df, der selbst den eifrigsten Kauern standh\u00e4lt. Das Kopfleder bietet intensives und nat\u00fcrlich robustes Kauvergn\u00fcgen!","robots":{"index":"index","follow":"follow","max-snippet":"max-snippet:-1","max-image-preview":"max-image-preview:large","max-video-preview":"max-video-preview:-1"},"canonical":"https:\/\/regalanimals.ch\/de\/product\/peau-de-tete-de-boeuf\/","og_locale":"de_DE","og_type":"article","og_title":"Peau de T\u00eate de B\u0153uf (1 kg)","og_description":"Une mastication longue dur\u00e9e qui r\u00e9siste m\u00eame aux gros m\u00e2cheurs. La Peau de T\u00eate de B\u0153uf offre un plaisir intense et naturellement robuste !","og_url":"https:\/\/regalanimals.ch\/de\/product\/peau-de-tete-de-boeuf\/","og_site_name":"R\u00e9gal&#039;Animals","article_modified_time":"2026-04-08T15:03:35+00:00","og_image":[{"width":940,"height":788,"url":"https:\/\/regalanimals.ch\/wp-content\/uploads\/2025\/08\/Peau-tete-boeuf.webp","type":"image\/webp"}],"twitter_card":"summary_large_image","twitter_misc":{"Gesch\u00e4tzte Lesezeit":"5\u00a0Minuten"},"schema":{"@context":"https:\/\/schema.org","@graph":[{"@type":"WebPage","@id":"https:\/\/regalanimals.ch\/product\/peau-de-tete-de-boeuf\/","url":"https:\/\/regalanimals.ch\/product\/peau-de-tete-de-boeuf\/","name":"Rinderkopfhaut, eine \u00e4u\u00dferst nachhaltige Delikatesse","isPartOf":{"@id":"https:\/\/regalanimals.ch\/#website"},"primaryImageOfPage":{"@id":"https:\/\/regalanimals.ch\/product\/peau-de-tete-de-boeuf\/#primaryimage"},"image":{"@id":"https:\/\/regalanimals.ch\/product\/peau-de-tete-de-boeuf\/#primaryimage"},"thumbnailUrl":"https:\/\/regalanimals.ch\/wp-content\/uploads\/2025\/08\/Peau-tete-boeuf.webp","datePublished":"2025-07-05T06:43:12+00:00","dateModified":"2026-04-08T15:03:35+00:00","description":"Ein langanhaltender Kauspa\u00df, der selbst den eifrigsten Kauern standh\u00e4lt. Das Kopfleder bietet intensives und nat\u00fcrlich robustes Kauvergn\u00fcgen!","breadcrumb":{"@id":"https:\/\/regalanimals.ch\/product\/peau-de-tete-de-boeuf\/#breadcrumb"},"inLanguage":"de","potentialAction":[{"@type":"ReadAction","target":["https:\/\/regalanimals.ch\/product\/peau-de-tete-de-boeuf\/"]}]},{"@type":"ImageObject","inLanguage":"de","@id":"https:\/\/regalanimals.ch\/product\/peau-de-tete-de-boeuf\/#primaryimage","url":"https:\/\/regalanimals.ch\/wp-content\/uploads\/2025\/08\/Peau-tete-boeuf.webp","contentUrl":"https:\/\/regalanimals.ch\/wp-content\/uploads\/2025\/08\/Peau-tete-boeuf.webp","width":940,"height":788,"caption":"Peau de T\u00eate de B\u0153uf \u2013 peaux \u00e9paisses et naturelles pour gros m\u00e2cheurs."},{"@type":"BreadcrumbList","@id":"https:\/\/regalanimals.ch\/product\/peau-de-tete-de-boeuf\/#breadcrumb","itemListElement":[{"@type":"ListItem","position":1,"name":"Home","item":"https:\/\/regalanimals.ch\/"},{"@type":"ListItem","position":2,"name":"Boutique","item":"https:\/\/regalanimals.ch\/shop\/"},{"@type":"ListItem","position":3,"name":"Peau de T\u00eate de B\u0153uf (1 kg)"}]},{"@type":"WebSite","@id":"https:\/\/regalanimals.ch\/#website","url":"https:\/\/regalanimals.ch\/","name":"Tierfest","description":"Hochwertiges Futter und Zubeh\u00f6r f\u00fcr Katzen, Hunde und Frettchen","publisher":{"@id":"https:\/\/regalanimals.ch\/#organization"},"potentialAction":[{"@type":"SearchAction","target":{"@type":"EntryPoint","urlTemplate":"https:\/\/regalanimals.ch\/?s={search_term_string}"},"query-input":{"@type":"PropertyValueSpecification","valueRequired":true,"valueName":"search_term_string"}}],"inLanguage":"de"},{"@type":"Organization","@id":"https:\/\/regalanimals.ch\/#organization","name":"Tierfest","url":"https:\/\/regalanimals.ch\/","logo":{"@type":"ImageObject","inLanguage":"de","@id":"https:\/\/regalanimals.ch\/#\/schema\/logo\/image\/","url":"https:\/\/regalanimals.ch\/wp-content\/uploads\/2025\/04\/cropped-Logo-site-e1744634610403-1.webp","contentUrl":"https:\/\/regalanimals.ch\/wp-content\/uploads\/2025\/04\/cropped-Logo-site-e1744634610403-1.webp","width":512,"height":512,"caption":"R\u00e9gal Animals"},"image":{"@id":"https:\/\/regalanimals.ch\/#\/schema\/logo\/image\/"}}]}},"_links":{"self":[{"href":"https:\/\/regalanimals.ch\/de\/wp-json\/wp\/v2\/product\/36997","targetHints":{"allow":["GET"]}}],"collection":[{"href":"https:\/\/regalanimals.ch\/de\/wp-json\/wp\/v2\/product"}],"about":[{"href":"https:\/\/regalanimals.ch\/de\/wp-json\/wp\/v2\/types\/product"}],"replies":[{"embeddable":true,"href":"https:\/\/regalanimals.ch\/de\/wp-json\/wp\/v2\/comments?post=36997"}],"wp:featuredmedia":[{"embeddable":true,"href":"https:\/\/regalanimals.ch\/de\/wp-json\/wp\/v2\/media\/38274"}],"wp:attachment":[{"href":"https:\/\/regalanimals.ch\/de\/wp-json\/wp\/v2\/media?parent=36997"}],"wp:term":[{"taxonomy":"product_brand","embeddable":true,"href":"https:\/\/regalanimals.ch\/de\/wp-json\/wp\/v2\/product_brand?post=36997"},{"taxonomy":"product_cat","embeddable":true,"href":"https:\/\/regalanimals.ch\/de\/wp-json\/wp\/v2\/product_cat?post=36997"},{"taxonomy":"product_tag","embeddable":true,"href":"https:\/\/regalanimals.ch\/de\/wp-json\/wp\/v2\/product_tag?post=36997"}],"curies":[{"name":"wp","href":"https:\/\/api.w.org\/{rel}","templated":true}]}}