{"id":37077,"date":"2025-07-08T13:19:44","date_gmt":"2025-07-08T11:19:44","guid":{"rendered":"https:\/\/regalanimals.geekworkers.dev\/?post_type=product&#038;p=37077"},"modified":"2026-03-24T07:50:47","modified_gmt":"2026-03-24T06:50:47","slug":"litiere-charbon-actif","status":"publish","type":"product","link":"https:\/\/regalanimals.ch\/de\/product\/litiere-charbon-actif\/","title":{"rendered":"Liti\u00e8re Charbon Actif (10 L)"},"content":{"rendered":"<h2 data-start=\"533\" data-end=\"562\">Aktivkohle-Katzenstreu \ud83d\udc31<\/h2>\n<h3 data-start=\"563\" data-end=\"627\">Ein nat\u00fcrlicher Klumpsand f\u00fcr einen gleichm\u00e4\u00dfig sauberen Boden<\/h3>\n<p data-start=\"629\" data-end=\"1138\">Aktivkohle-Katzenstreu ist eine klumpende Streu aus hochwertigem, wei\u00dfem Bentonit. Dank ihrer nat\u00fcrlichen Eigenschaften sorgt sie f\u00fcr optimale Geruchskontrolle und hohen Komfort bei der Benutzung der Katzentoilette. Sie bietet eine hygienische und einfache L\u00f6sung f\u00fcr ausgewachsene Katzen sowie f\u00fcr K\u00e4tzchen in der Stubenreinheitserziehung. Ihre Saugf\u00e4higkeit garantiert eine saubere und angenehme Umgebung f\u00fcr Ihr Haustier und ist gleichzeitig unbedenklich f\u00fcr Ihr Zuhause.<\/p>\n<hr data-start=\"1140\" data-end=\"1143\" \/>\n<h2 data-start=\"1145\" data-end=\"1198\">Eine Katzenstreu, die Ger\u00fcche effektiv bek\u00e4mpft \ud83c\udf2b\ufe0f<\/h2>\n<p data-start=\"1200\" data-end=\"1790\">Katzen haben einen hochentwickelten Geruchssinn und meiden Katzentoiletten, die ihnen nicht zusagen. Deshalb spielt die por\u00f6se Struktur von Aktivkohle eine entscheidende Rolle: Sie bindet und neutralisiert Ger\u00fcche schnell. Dar\u00fcber hinaus begrenzt diese nat\u00fcrliche Formel die Ausbreitung unangenehmer Ger\u00fcche in Ihrem Zuhause. Unabh\u00e4ngig vom Standort der Katzentoilette f\u00f6rdert dieses Aktivkohlestreu ein friedliches und angenehmes Zusammenleben. Es unterst\u00fctzt zudem die ersten Schritte der Stubenreinheitserziehung bei K\u00e4tzchen und ber\u00fccksichtigt gleichzeitig die Bed\u00fcrfnisse erwachsener Katzen.<\/p>\n<hr data-start=\"1792\" data-end=\"1795\" \/>\n<h2 data-start=\"1142\" data-end=\"1447\"><strong data-start=\"1142\" data-end=\"1188\">\ud83d\udce6 Wichtiger Hinweis zum Thema Katzenstreu<\/strong><\/h2>\n<p data-start=\"1142\" data-end=\"1447\">Katzenstreu ist ein sehr schweres Produkt (ca. 10 kg pro Sack) und erfordert einen speziellen Versand.<br data-start=\"1290\" data-end=\"1293\" \/><strong data-start=\"1293\" data-end=\"1399\">F\u00fcr jede weitere Packung, die Katzenstreu enth\u00e4lt, wird eine Liefergeb\u00fchr von CHF 12 erhoben.<\/strong>, unabh\u00e4ngig vom Gesamtbestellwert.<\/p>\n<p data-start=\"1449\" data-end=\"1614\">Dies erm\u00f6glicht es uns, einen fairen und erschwinglichen Preis f\u00fcr Katzenstreu anzubieten.,<br data-start=\"1523\" data-end=\"1526\" \/>ohne deren Preis k\u00fcnstlich zu erh\u00f6hen.<br data-start=\"1569\" data-end=\"1572\" \/>Vielen Dank f\u00fcr Ihr Verst\u00e4ndnis \ud83d\udc9b<\/p>\n<hr data-start=\"2280\" data-end=\"2283\" \/>\n<h2 data-start=\"1797\" data-end=\"1845\">Schnelle Absorption dank Bentonit \ud83d\udca7<\/h2>\n<p data-start=\"1847\" data-end=\"2278\">Die feinen, runden K\u00f6rnchen der Aktivkohle-Katzenstreu zeichnen sich durch eine hohe Saugf\u00e4higkeit aus. Sobald sie mit Fl\u00fcssigkeit in Ber\u00fchrung kommen, verklumpen sie sofort. Dank dieser nat\u00fcrlichen Eigenschaft des wei\u00dfen Bentonits lassen sich die Klumpen leicht erkennen und mit einer geeigneten Schaufel entfernen. So bleibt die Katzentoilette l\u00e4nger sauber und Ihre Katze genie\u00dft stets ein angenehmes Katzenklo.<\/p>\n<hr data-start=\"2280\" data-end=\"2283\" \/>\n<h2 data-start=\"2285\" data-end=\"2340\">Wei\u00dfes Bentonit, ein 100% nat\u00fcrlicher Inhaltsstoff \ud83c\udf3f<\/h2>\n<p data-start=\"2342\" data-end=\"2828\">Wei\u00dfes Bentonit, gewonnen aus der Zersetzung vulkanischer Asche, ist ein nat\u00fcrliches Mineral, das f\u00fcr seine hohe Saugf\u00e4higkeit bekannt ist. Seine nicht scheuernde und faserfreie Textur macht es sicher f\u00fcr Ihre Katze und angenehm f\u00fcr ihre empfindlichen Pfoten. Dar\u00fcber hinaus erzeugt dieses Katzenstreu nur 0,5 Liter Staub und sorgt so f\u00fcr Sauberkeit und ges\u00fcndere Luft in Ihrem Zuhause. Daher ist es perfekt f\u00fcr den t\u00e4glichen Gebrauch geeignet, egal ob Ihre Katze jung, erwachsen oder alt ist.<\/p>\n<hr data-start=\"2830\" data-end=\"2833\" \/>\n<h2 data-start=\"2835\" data-end=\"2881\">Eine preisg\u00fcnstige und benutzerfreundliche Wahl \ud83d\udcb0<\/h2>\n<p data-start=\"2883\" data-end=\"3271\">Dank seiner hohen Klumpenbildung m\u00fcssen beim Reinigen nur die Abfallklumpen entfernt werden. Das saubere Streu bleibt in der Katzentoilette und kann l\u00e4nger aufbewahrt werden. Diese Methode erm\u00f6glicht eine einfache, schnelle und sparsame Reinigung. So bieten Sie Ihrer Katze einen sauberen und komfortablen Platz und halten gleichzeitig die Kosten f\u00fcr Katzenstreu im Rahmen.<\/p>\n<hr data-start=\"3273\" data-end=\"3276\" \/>\n<h2 data-start=\"3278\" data-end=\"3305\">Anwendungstipp \ud83d\udce6<\/h2>\n<p data-start=\"3307\" data-end=\"3682\">F\u00fcllen Sie die Katzentoilette mit etwa 7 cm Streugranulat. Entfernen Sie bei Bedarf feste Klumpen, um optimale Hygiene zu gew\u00e4hrleisten. F\u00fcllen Sie die Streu regelm\u00e4\u00dfig nach, um eine ausreichende F\u00fcllh\u00f6he und gute Klumpenbildung sicherzustellen. So bleibt die Streu wirksam und bietet Ihrem Haustier t\u00e4glichen Komfort.<\/p>\n<hr data-start=\"3684\" data-end=\"3687\" \/>\n<h2 data-start=\"3689\" data-end=\"3716\">\ud83d\udc3e H\u00e4ufig gestellte Fragen<\/h2>\n<h3 data-start=\"3717\" data-end=\"3835\">\u2753 Noch unentschlossen? Hier finden Sie Antworten auf die am h\u00e4ufigsten gestellten Fragen zu Katzenstreu mit Aktivkohle.<\/h3>\n<h4 data-start=\"3837\" data-end=\"3898\">\u27a1\ufe0f Wirkt diese Katzenstreu tats\u00e4chlich geruchshemmend?<\/h4>\n<p data-start=\"3900\" data-end=\"4096\">Ja, Aktivkohle besitzt eine por\u00f6se Struktur, die Ger\u00fcche auf nat\u00fcrliche Weise bindet. Daher bietet sie auch f\u00fcr Katzen, die besonders empfindlich auf starke Ger\u00fcche reagieren, eine wirksame Geruchskontrolle.<\/p>\n<h4 data-start=\"4098\" data-end=\"4148\">\u27a1\ufe0f Ist Bentonit sicher f\u00fcr meine Katze?<\/h4>\n<p data-start=\"4150\" data-end=\"4321\">Ja, wei\u00dfes Bentonit ist ein 100% nat\u00fcrlicher Inhaltsstoff. Dank seiner weichen, nicht scheuernden Textur eignet es sich f\u00fcr die empfindlichen Pfoten von K\u00e4tzchen und ausgewachsenen Katzen.<\/p>\n<hr data-start=\"4323\" data-end=\"4326\" \/>\n<h2 data-start=\"4328\" data-end=\"4358\">\ud83d\udca6 Ratschl\u00e4ge von R\u00e9gal&#039;Animals \ud83d\udc9a<\/h2>\n<p data-start=\"4360\" data-end=\"4853\">Stellen Sie die Katzentoilette immer an einen ruhigen Ort, an dem sich Ihre Katze sicher f\u00fchlt. Hochwertiges Katzenstreu wie Aktivkohlestreu hilft, Ger\u00fcche zu neutralisieren und f\u00fcr Sauberkeit zu sorgen. Die Wahl des richtigen Standorts ist aber genauso wichtig. Entfernen Sie au\u00dferdem t\u00e4glich Klumpen, um die Hygiene zu f\u00f6rdern. So schaffen Sie eine gesunde und angenehme Umgebung f\u00fcr Ihre Katze, die sie ganz nat\u00fcrlich dazu anregt, die Katzentoilette regelm\u00e4\u00dfig zu benutzen. \ud83d\udc9a<\/p>\n<hr data-start=\"4855\" data-end=\"4858\" \/>\n<h4 data-start=\"4860\" data-end=\"4915\">\u27a1\ufe0f Ist diese Katzenstreu f\u00fcr mehrere Katzen geeignet?<\/h4>\n<p data-start=\"4917\" data-end=\"5055\">Ja, dank seiner guten Geruchskontrolle und schnellen Klumpenbildung eignet es sich sehr gut f\u00fcr Haushalte mit mehreren Katzen.<\/p>\n<h4 data-start=\"5057\" data-end=\"5115\">\u27a1\ufe0f Kann M\u00fcllstaub ein Problem darstellen?<\/h4>\n<p data-start=\"5117\" data-end=\"5261\">Nein, diese Katzenstreu erzeugt 99,5 % weniger Staub. Dadurch wird die Staubentwicklung reduziert und ein saubereres Zuhause geschaffen.<\/p>\n<h4 data-start=\"250\" data-end=\"304\">\u27a1\ufe0f Ist diese Einstreu auch f\u00fcr Frettchen geeignet?<\/h4>\n<p data-start=\"306\" data-end=\"836\">Ja, Aktivkohle-Katzenstreu ist ideal f\u00fcr Frettchen. Diese kleinen Tiere benutzen wie Katzen eine Katzentoilette und sch\u00e4tzen klumpende Streu, die weich ist und Ger\u00fcche effektiv bindet. Dank wei\u00dfem Bentonit und Aktivkohle bietet diese Streu eine schnelle Absorption und reduziert auf nat\u00fcrliche Weise unangenehme Ger\u00fcche. Damit ist sie eine geeignete L\u00f6sung f\u00fcr die Bed\u00fcrfnisse von Frettchen und Katzen gleicherma\u00dfen. Sie k\u00f6nnen sie daher bedenkenlos in ihrem Lebensraum verwenden.<\/p>","protected":false},"excerpt":{"rendered":"<p>Liti\u00e8re Charbon Actif \ud83d\udc31 Un sable agglom\u00e9rant naturel pour une caisse toujours propre La Liti\u00e8re Charbon Actif est un sable agglom\u00e9rant con\u00e7u \u00e0 partir de bentonite blanche haut de gamme. Gr\u00e2ce \u00e0 ses propri\u00e9t\u00e9s naturelles, elle assure un contr\u00f4le optimal des odeurs et apporte un vrai confort lors de l\u2019utilisation de la caisse. Ainsi, elle [&hellip;]<\/p>\n","protected":false},"featured_media":40187,"menu_order":0,"comment_status":"open","ping_status":"closed","template":"","meta":[],"product_brand":[],"product_cat":[89,90,216,283,335],"product_tag":[],"class_list":{"0":"post-37077","1":"product","2":"type-product","3":"status-publish","4":"has-post-thumbnail","6":"product_cat-chats","7":"product_cat-furets","8":"product_cat-hygiene-chats","9":"product_cat-hygiene-furet","10":"product_cat-litiere-pour-chat","11":"product_shipping_class-produit-lourd","13":"first","14":"instock","15":"taxable","16":"shipping-taxable","17":"purchasable","18":"product-type-simple"},"yoast_head":"<!-- This site is optimized with the Yoast SEO Premium plugin v27.3 (Yoast SEO v27.3) - https:\/\/yoast.com\/product\/yoast-seo-premium-wordpress\/ -->\n<title>Liti\u00e8re Charbon Actif, sable pour chat agglom\u00e9rant anti odeurs<\/title>\n<meta name=\"description\" content=\"Adapt\u00e9e aux chats comme aux furets, cette liti\u00e8re charbon actif agglom\u00e9rante neutralise les odeurs gr\u00e2ce \u00e0 sa forte absorption et assure un confort optimal.\" \/>\n<meta name=\"robots\" content=\"index, follow, max-snippet:-1, max-image-preview:large, max-video-preview:-1\" \/>\n<link rel=\"canonical\" href=\"https:\/\/regalanimals.ch\/de\/product\/litiere-charbon-actif\/\" \/>\n<meta property=\"og:locale\" content=\"de_DE\" \/>\n<meta property=\"og:type\" content=\"article\" \/>\n<meta property=\"og:title\" content=\"Liti\u00e8re Charbon Actif (10 L)\" \/>\n<meta property=\"og:description\" content=\"Adapt\u00e9e aux chats comme aux furets, cette liti\u00e8re charbon actif agglom\u00e9rante neutralise les odeurs gr\u00e2ce \u00e0 sa forte absorption et assure un confort optimal.\" \/>\n<meta property=\"og:url\" content=\"https:\/\/regalanimals.ch\/de\/product\/litiere-charbon-actif\/\" \/>\n<meta property=\"og:site_name\" content=\"R\u00e9gal&#039;Animals\" \/>\n<meta property=\"article:modified_time\" content=\"2026-03-24T06:50:47+00:00\" \/>\n<meta property=\"og:image\" content=\"https:\/\/regalanimals.ch\/wp-content\/uploads\/2025\/07\/litiere-charbon-actif-2.webp\" \/>\n\t<meta property=\"og:image:width\" content=\"940\" \/>\n\t<meta property=\"og:image:height\" content=\"788\" \/>\n\t<meta property=\"og:image:type\" content=\"image\/webp\" \/>\n<meta name=\"twitter:card\" content=\"summary_large_image\" \/>\n<meta name=\"twitter:label1\" content=\"Gesch\u00e4tzte Lesezeit\" \/>\n\t<meta name=\"twitter:data1\" content=\"5\u00a0Minuten\" \/>\n<script type=\"application\/ld+json\" class=\"yoast-schema-graph\">{\"@context\":\"https:\\\/\\\/schema.org\",\"@graph\":[{\"@type\":\"WebPage\",\"@id\":\"https:\\\/\\\/regalanimals.ch\\\/product\\\/litiere-charbon-actif\\\/\",\"url\":\"https:\\\/\\\/regalanimals.ch\\\/product\\\/litiere-charbon-actif\\\/\",\"name\":\"Liti\u00e8re Charbon Actif, sable pour chat agglom\u00e9rant anti odeurs\",\"isPartOf\":{\"@id\":\"https:\\\/\\\/regalanimals.ch\\\/#website\"},\"primaryImageOfPage\":{\"@id\":\"https:\\\/\\\/regalanimals.ch\\\/product\\\/litiere-charbon-actif\\\/#primaryimage\"},\"image\":{\"@id\":\"https:\\\/\\\/regalanimals.ch\\\/product\\\/litiere-charbon-actif\\\/#primaryimage\"},\"thumbnailUrl\":\"https:\\\/\\\/regalanimals.ch\\\/wp-content\\\/uploads\\\/2025\\\/07\\\/litiere-charbon-actif-2.webp\",\"datePublished\":\"2025-07-08T11:19:44+00:00\",\"dateModified\":\"2026-03-24T06:50:47+00:00\",\"description\":\"Adapt\u00e9e aux chats comme aux furets, cette liti\u00e8re charbon actif agglom\u00e9rante neutralise les odeurs gr\u00e2ce \u00e0 sa forte absorption et assure un confort optimal.\",\"breadcrumb\":{\"@id\":\"https:\\\/\\\/regalanimals.ch\\\/product\\\/litiere-charbon-actif\\\/#breadcrumb\"},\"inLanguage\":\"de\",\"potentialAction\":[{\"@type\":\"ReadAction\",\"target\":[\"https:\\\/\\\/regalanimals.ch\\\/product\\\/litiere-charbon-actif\\\/\"]}]},{\"@type\":\"ImageObject\",\"inLanguage\":\"de\",\"@id\":\"https:\\\/\\\/regalanimals.ch\\\/product\\\/litiere-charbon-actif\\\/#primaryimage\",\"url\":\"https:\\\/\\\/regalanimals.ch\\\/wp-content\\\/uploads\\\/2025\\\/07\\\/litiere-charbon-actif-2.webp\",\"contentUrl\":\"https:\\\/\\\/regalanimals.ch\\\/wp-content\\\/uploads\\\/2025\\\/07\\\/litiere-charbon-actif-2.webp\",\"width\":940,\"height\":788,\"caption\":\"Liti\u00e8re Charbon Actif \u2013 sac de liti\u00e8re pour chat pr\u00e9sent\u00e9 de face.\"},{\"@type\":\"BreadcrumbList\",\"@id\":\"https:\\\/\\\/regalanimals.ch\\\/product\\\/litiere-charbon-actif\\\/#breadcrumb\",\"itemListElement\":[{\"@type\":\"ListItem\",\"position\":1,\"name\":\"Home\",\"item\":\"https:\\\/\\\/regalanimals.ch\\\/\"},{\"@type\":\"ListItem\",\"position\":2,\"name\":\"Boutique\",\"item\":\"https:\\\/\\\/regalanimals.ch\\\/shop\\\/\"},{\"@type\":\"ListItem\",\"position\":3,\"name\":\"Liti\u00e8re Charbon Actif (10 L)\"}]},{\"@type\":\"WebSite\",\"@id\":\"https:\\\/\\\/regalanimals.ch\\\/#website\",\"url\":\"https:\\\/\\\/regalanimals.ch\\\/\",\"name\":\"R\u00e9gal Animals\",\"description\":\"Alimentation et articles de qualit\u00e9 pour chats, chiens et furets\",\"publisher\":{\"@id\":\"https:\\\/\\\/regalanimals.ch\\\/#organization\"},\"potentialAction\":[{\"@type\":\"SearchAction\",\"target\":{\"@type\":\"EntryPoint\",\"urlTemplate\":\"https:\\\/\\\/regalanimals.ch\\\/?s={search_term_string}\"},\"query-input\":{\"@type\":\"PropertyValueSpecification\",\"valueRequired\":true,\"valueName\":\"search_term_string\"}}],\"inLanguage\":\"de\"},{\"@type\":\"Organization\",\"@id\":\"https:\\\/\\\/regalanimals.ch\\\/#organization\",\"name\":\"R\u00e9gal Animals\",\"url\":\"https:\\\/\\\/regalanimals.ch\\\/\",\"logo\":{\"@type\":\"ImageObject\",\"inLanguage\":\"de\",\"@id\":\"https:\\\/\\\/regalanimals.ch\\\/#\\\/schema\\\/logo\\\/image\\\/\",\"url\":\"https:\\\/\\\/regalanimals.ch\\\/wp-content\\\/uploads\\\/2025\\\/07\\\/Logo-RegalAnimals.png\",\"contentUrl\":\"https:\\\/\\\/regalanimals.ch\\\/wp-content\\\/uploads\\\/2025\\\/07\\\/Logo-RegalAnimals.png\",\"width\":120,\"height\":153,\"caption\":\"R\u00e9gal Animals\"},\"image\":{\"@id\":\"https:\\\/\\\/regalanimals.ch\\\/#\\\/schema\\\/logo\\\/image\\\/\"}}]}<\/script>\n<!-- \/ Yoast SEO Premium plugin. -->","yoast_head_json":{"title":"Aktivkohle-Katzenstreu, klumpender und geruchsbindender Katzensand","description":"Dieses klumpende Aktivkohlestreu eignet sich sowohl f\u00fcr Katzen als auch f\u00fcr Frettchen, neutralisiert dank seiner hohen Absorptionsf\u00e4higkeit Ger\u00fcche und sorgt f\u00fcr optimalen Komfort.","robots":{"index":"index","follow":"follow","max-snippet":"max-snippet:-1","max-image-preview":"max-image-preview:large","max-video-preview":"max-video-preview:-1"},"canonical":"https:\/\/regalanimals.ch\/de\/product\/litiere-charbon-actif\/","og_locale":"de_DE","og_type":"article","og_title":"Liti\u00e8re Charbon Actif (10 L)","og_description":"Adapt\u00e9e aux chats comme aux furets, cette liti\u00e8re charbon actif agglom\u00e9rante neutralise les odeurs gr\u00e2ce \u00e0 sa forte absorption et assure un confort optimal.","og_url":"https:\/\/regalanimals.ch\/de\/product\/litiere-charbon-actif\/","og_site_name":"R\u00e9gal&#039;Animals","article_modified_time":"2026-03-24T06:50:47+00:00","og_image":[{"width":940,"height":788,"url":"https:\/\/regalanimals.ch\/wp-content\/uploads\/2025\/07\/litiere-charbon-actif-2.webp","type":"image\/webp"}],"twitter_card":"summary_large_image","twitter_misc":{"Gesch\u00e4tzte Lesezeit":"5\u00a0Minuten"},"schema":{"@context":"https:\/\/schema.org","@graph":[{"@type":"WebPage","@id":"https:\/\/regalanimals.ch\/product\/litiere-charbon-actif\/","url":"https:\/\/regalanimals.ch\/product\/litiere-charbon-actif\/","name":"Aktivkohle-Katzenstreu, klumpender und geruchsbindender Katzensand","isPartOf":{"@id":"https:\/\/regalanimals.ch\/#website"},"primaryImageOfPage":{"@id":"https:\/\/regalanimals.ch\/product\/litiere-charbon-actif\/#primaryimage"},"image":{"@id":"https:\/\/regalanimals.ch\/product\/litiere-charbon-actif\/#primaryimage"},"thumbnailUrl":"https:\/\/regalanimals.ch\/wp-content\/uploads\/2025\/07\/litiere-charbon-actif-2.webp","datePublished":"2025-07-08T11:19:44+00:00","dateModified":"2026-03-24T06:50:47+00:00","description":"Dieses klumpende Aktivkohlestreu eignet sich sowohl f\u00fcr Katzen als auch f\u00fcr Frettchen, neutralisiert dank seiner hohen Absorptionsf\u00e4higkeit Ger\u00fcche und sorgt f\u00fcr optimalen Komfort.","breadcrumb":{"@id":"https:\/\/regalanimals.ch\/product\/litiere-charbon-actif\/#breadcrumb"},"inLanguage":"de","potentialAction":[{"@type":"ReadAction","target":["https:\/\/regalanimals.ch\/product\/litiere-charbon-actif\/"]}]},{"@type":"ImageObject","inLanguage":"de","@id":"https:\/\/regalanimals.ch\/product\/litiere-charbon-actif\/#primaryimage","url":"https:\/\/regalanimals.ch\/wp-content\/uploads\/2025\/07\/litiere-charbon-actif-2.webp","contentUrl":"https:\/\/regalanimals.ch\/wp-content\/uploads\/2025\/07\/litiere-charbon-actif-2.webp","width":940,"height":788,"caption":"Liti\u00e8re Charbon Actif \u2013 sac de liti\u00e8re pour chat pr\u00e9sent\u00e9 de face."},{"@type":"BreadcrumbList","@id":"https:\/\/regalanimals.ch\/product\/litiere-charbon-actif\/#breadcrumb","itemListElement":[{"@type":"ListItem","position":1,"name":"Home","item":"https:\/\/regalanimals.ch\/"},{"@type":"ListItem","position":2,"name":"Boutique","item":"https:\/\/regalanimals.ch\/shop\/"},{"@type":"ListItem","position":3,"name":"Liti\u00e8re Charbon Actif (10 L)"}]},{"@type":"WebSite","@id":"https:\/\/regalanimals.ch\/#website","url":"https:\/\/regalanimals.ch\/","name":"Tierfest","description":"Hochwertiges Futter und Zubeh\u00f6r f\u00fcr Katzen, Hunde und Frettchen","publisher":{"@id":"https:\/\/regalanimals.ch\/#organization"},"potentialAction":[{"@type":"SearchAction","target":{"@type":"EntryPoint","urlTemplate":"https:\/\/regalanimals.ch\/?s={search_term_string}"},"query-input":{"@type":"PropertyValueSpecification","valueRequired":true,"valueName":"search_term_string"}}],"inLanguage":"de"},{"@type":"Organization","@id":"https:\/\/regalanimals.ch\/#organization","name":"Tierfest","url":"https:\/\/regalanimals.ch\/","logo":{"@type":"ImageObject","inLanguage":"de","@id":"https:\/\/regalanimals.ch\/#\/schema\/logo\/image\/","url":"https:\/\/regalanimals.ch\/wp-content\/uploads\/2025\/07\/Logo-RegalAnimals.png","contentUrl":"https:\/\/regalanimals.ch\/wp-content\/uploads\/2025\/07\/Logo-RegalAnimals.png","width":120,"height":153,"caption":"R\u00e9gal Animals"},"image":{"@id":"https:\/\/regalanimals.ch\/#\/schema\/logo\/image\/"}}]}},"_links":{"self":[{"href":"https:\/\/regalanimals.ch\/de\/wp-json\/wp\/v2\/product\/37077","targetHints":{"allow":["GET"]}}],"collection":[{"href":"https:\/\/regalanimals.ch\/de\/wp-json\/wp\/v2\/product"}],"about":[{"href":"https:\/\/regalanimals.ch\/de\/wp-json\/wp\/v2\/types\/product"}],"replies":[{"embeddable":true,"href":"https:\/\/regalanimals.ch\/de\/wp-json\/wp\/v2\/comments?post=37077"}],"wp:featuredmedia":[{"embeddable":true,"href":"https:\/\/regalanimals.ch\/de\/wp-json\/wp\/v2\/media\/40187"}],"wp:attachment":[{"href":"https:\/\/regalanimals.ch\/de\/wp-json\/wp\/v2\/media?parent=37077"}],"wp:term":[{"taxonomy":"product_brand","embeddable":true,"href":"https:\/\/regalanimals.ch\/de\/wp-json\/wp\/v2\/product_brand?post=37077"},{"taxonomy":"product_cat","embeddable":true,"href":"https:\/\/regalanimals.ch\/de\/wp-json\/wp\/v2\/product_cat?post=37077"},{"taxonomy":"product_tag","embeddable":true,"href":"https:\/\/regalanimals.ch\/de\/wp-json\/wp\/v2\/product_tag?post=37077"}],"curies":[{"name":"wp","href":"https:\/\/api.w.org\/{rel}","templated":true}]}}