{"id":38607,"date":"2025-08-14T09:52:29","date_gmt":"2025-08-14T07:52:29","guid":{"rendered":"https:\/\/regalanimals.geekworkers.dev\/?post_type=product&#038;p=38607"},"modified":"2026-03-31T04:33:26","modified_gmt":"2026-03-31T02:33:26","slug":"mousseline-canard-poulet","status":"publish","type":"product","link":"https:\/\/regalanimals.ch\/de\/product\/mousseline-canard-poulet\/","title":{"rendered":"Mousseline Ente &amp; Huhn"},"content":{"rendered":"<h2 data-start=\"1335\" data-end=\"1386\"><strong data-start=\"1339\" data-end=\"1384\">Mousseline Canard &amp; Poulet pour chat \ud83d\udc31\ud83c\udf57<\/strong><\/h2>\n<p data-start=\"1387\" data-end=\"1752\">La Mousseline Canard &amp; Poulet contient 51% de canard et 40% de poulet pour une app\u00e9tence naturelle et \u00e9lev\u00e9e. Cette recette humide compl\u00e8te privil\u00e9gie des ingr\u00e9dients nobles pour offrir une texture onctueuse et adapt\u00e9e au chat adulte. L&rsquo;association de ces deux prot\u00e9ines renforce l&rsquo;apport nutritionnel quotidien tout en respectant l&rsquo;\u00e9quilibre alimentaire de votre compagnon.<\/p>\n<h2 data-start=\"409\" data-end=\"468\"><strong data-start=\"413\" data-end=\"466\">Une recette sans c\u00e9r\u00e9ales, pens\u00e9e pour le chat \ud83c\udf3f<\/strong><\/h2>\n<p data-start=\"470\" data-end=\"911\">Cette Mousseline Canard &amp; Poulet ne contient pas de c\u00e9r\u00e9ales. Ainsi, elle respecte le r\u00e9gime naturellement carnivore du chat et s\u2019int\u00e8gre facilement \u00e0 son alimentation quotidienne. Par ailleurs, sa recette repose sur un nombre limit\u00e9 d\u2019ingr\u00e9dients clairement identifi\u00e9s, avec des vitamines et des min\u00e9raux ajout\u00e9s pour couvrir les besoins essentiels. Enfin, cette p\u00e2t\u00e9e propose une alimentation appropri\u00e9e au chat adulte, sans ajout inutile.<\/p>\n<h2 data-start=\"916\" data-end=\"965\"><strong data-start=\"920\" data-end=\"963\">Une texture fondante facile \u00e0 manger \ud83d\udc3e<\/strong><\/h2>\n<p data-start=\"966\" data-end=\"1320\">Gr\u00e2ce \u00e0 sa texture souple, cette mousseline se mange facilement, m\u00eame chez les chats qui prennent leur temps \u00e0 table. Ainsi, elle peut \u00eatre propos\u00e9e comme repas principal ou en compl\u00e9ment des croquettes. Par ailleurs, en adaptant les quantit\u00e9s, elle s\u2019int\u00e8gre sans difficult\u00e9 dans une routine alimentaire quotidienne, y compris chez les chats st\u00e9rilis\u00e9s.<\/p>\n<h2 data-start=\"1322\" data-end=\"1372\"><strong data-start=\"1326\" data-end=\"1370\">Canard et poulet pour varier les repas \u2728<\/strong><\/h2>\n<p data-start=\"1373\" data-end=\"1699\">La Mousseline Canard &amp; Poulet associe deux viandes appr\u00e9ci\u00e9es afin d\u2019apporter go\u00fbt et vari\u00e9t\u00e9 dans la gamelle. Cette combinaison permet de changer des recettes mono-viande, tout en restant simple et famili\u00e8re pour le chat. Enfin, cette mousseline est une solution pratique pour varier les repas sans bouleverser ses habitudes.<\/p>\n<h3 data-start=\"1706\" data-end=\"1760\"><strong data-start=\"1710\" data-end=\"1758\">Composition de la Mousseline Canard &amp; Poulet<\/strong><\/h3>\n<p data-start=\"1761\" data-end=\"1872\">\ud83d\udc49 Voir la composition compl\u00e8te du produit dans la section \u00ab Informations compl\u00e9mentaires \u00bb en haut de la page.<\/p>\n<h3 data-start=\"1879\" data-end=\"1951\"><strong data-start=\"1882\" data-end=\"1949\">Foire aux questions sur la Mousseline Canard &amp; Poulet pour chat<\/strong><\/h3>\n<p data-start=\"1952\" data-end=\"2198\">Retrouvez ici les r\u00e9ponses aux questions les plus fr\u00e9quentes concernant l\u2019utilisation, la composition et les particularit\u00e9s de la Mousseline Canard &amp; Poulet, afin de vous aider \u00e0 choisir une alimentation humide adapt\u00e9e au quotidien de votre chat.<\/p>\n<h4 data-start=\"2200\" data-end=\"2373\">\u27a1\ufe0f <strong data-start=\"2203\" data-end=\"2259\">Cette Mousseline Canard &amp; Poulet convient-elle aux chats sensibles ?<\/strong><\/h4>\n<p data-start=\"2200\" data-end=\"2373\">Oui. En effet, sa recette sans c\u00e9r\u00e9ales, associ\u00e9e \u00e0 une composition volontairement \u00e9pur\u00e9e, est g\u00e9n\u00e9ralement bien tol\u00e9r\u00e9e par les chats sensibles.<\/p>\n<h4 data-start=\"2375\" data-end=\"2561\">\u27a1\ufe0f <strong data-start=\"2378\" data-end=\"2430\">Peut-on donner cette p\u00e2t\u00e9e tous les jours ?<\/strong><\/h4>\n<p data-start=\"2375\" data-end=\"2561\">Oui. Tu peux proposer cet aliment humide complet chaque jour, en adaptant les portions aux besoins du chat.<\/p>\n<hr data-start=\"3523\" data-end=\"3526\" \/>\n<h3 data-start=\"3528\" data-end=\"3558\">\ud83d\udca6 Ratschl\u00e4ge von R\u00e9gal&#039;Animals \ud83d\udc9a<\/h3>\n<p data-start=\"3560\" data-end=\"3769\">Pour aider ton chat \u00e0 garder de l\u2019int\u00e9r\u00eat pour ses repas, tu peux alterner cette mousseline avec une autre recette de la gamme. Cette rotation simple \u00e9vite la lassitude tout en conservant une alimentation stable et \u00e9quilibr\u00e9e.<\/p>\n<hr data-start=\"3771\" data-end=\"3774\" \/>\n<h4 data-start=\"2825\" data-end=\"2998\">\u27a1\ufe0f <strong data-start=\"2828\" data-end=\"2880\">La p\u00e2t\u00e9e contient-elle des additifs inutiles ?<\/strong><\/h4>\n<p data-start=\"2825\" data-end=\"2998\">Non. Cette mousseline contient uniquement les vitamines et min\u00e9raux n\u00e9cessaires \u00e0 l\u2019\u00e9quilibre nutritionnel du chat.<\/p>\n<h4 data-start=\"3000\" data-end=\"3154\">\u27a1\ufe0f <strong data-start=\"3003\" data-end=\"3063\">Cette Mousseline Canard &amp; Poulet est-elle adapt\u00e9e aux chats st\u00e9rilis\u00e9s ?<\/strong><\/h4>\n<p data-start=\"3000\" data-end=\"3154\">Oui, \u00e0 condition d\u2019ajuster les quantit\u00e9s selon le poids et le niveau d\u2019activit\u00e9 du chat.<\/p>\n<p><a href=\"https:\/\/regalanimals.ch\/de\/product\/mousse-au-canard\/\">Vorschlag f\u00fcr ihn<\/a><\/p>","protected":false},"excerpt":{"rendered":"<p>Mousseline Canard &amp; Poulet pour chat \ud83d\udc31\ud83c\udf57 La Mousseline Canard &amp; Poulet contient 51% de canard et 40% de poulet pour une app\u00e9tence naturelle et \u00e9lev\u00e9e. Cette recette humide compl\u00e8te privil\u00e9gie des ingr\u00e9dients nobles pour offrir une texture onctueuse et adapt\u00e9e au chat adulte. L&rsquo;association de ces deux prot\u00e9ines renforce l&rsquo;apport nutritionnel quotidien tout en [&hellip;]<\/p>\n","protected":false},"featured_media":39962,"menu_order":0,"comment_status":"open","ping_status":"closed","template":"","meta":[],"product_brand":[],"product_cat":[220,89,90,217],"product_tag":[],"class_list":{"0":"post-38607","1":"product","2":"type-product","3":"status-publish","4":"has-post-thumbnail","6":"product_cat-alimentation-furet","7":"product_cat-chats","8":"product_cat-furets","9":"product_cat-nourriture-humide-chat","11":"first","12":"instock","13":"taxable","14":"shipping-taxable","15":"purchasable","16":"product-type-variable"},"yoast_head":"<!-- This site is optimized with the Yoast SEO Premium plugin v27.4 (Yoast SEO v27.4) - https:\/\/yoast.com\/product\/yoast-seo-premium-wordpress\/ -->\n<title>Mousseline Canard &amp; Poulet pour chat sans c\u00e9r\u00e9ales<\/title>\n<meta name=\"description\" content=\"Recette humide onctueuse, la Mousseline Canard &amp; Poulet offre une texture fondante et un moment de plaisir gourmand pour les chats exigeants.\" \/>\n<meta name=\"robots\" content=\"index, follow, max-snippet:-1, max-image-preview:large, max-video-preview:-1\" \/>\n<link rel=\"canonical\" href=\"https:\/\/regalanimals.ch\/de\/product\/mousseline-canard-poulet\/\" \/>\n<meta property=\"og:locale\" content=\"de_DE\" \/>\n<meta property=\"og:type\" content=\"article\" \/>\n<meta property=\"og:title\" content=\"Mousseline Canard &amp; Poulet\" \/>\n<meta property=\"og:description\" content=\"Recette humide onctueuse, la Mousseline Canard &amp; Poulet offre une texture fondante et un moment de plaisir gourmand pour les chats exigeants.\" \/>\n<meta property=\"og:url\" content=\"https:\/\/regalanimals.ch\/de\/product\/mousseline-canard-poulet\/\" \/>\n<meta property=\"og:site_name\" content=\"R\u00e9gal&#039;Animals\" \/>\n<meta property=\"article:modified_time\" content=\"2026-03-31T02:33:26+00:00\" \/>\n<meta property=\"og:image\" content=\"https:\/\/regalanimals.ch\/wp-content\/uploads\/2025\/11\/mousseline-canard-poulet.webp\" \/>\n\t<meta property=\"og:image:width\" content=\"358\" \/>\n\t<meta property=\"og:image:height\" content=\"300\" \/>\n\t<meta property=\"og:image:type\" content=\"image\/webp\" \/>\n<meta name=\"twitter:card\" content=\"summary_large_image\" \/>\n<meta name=\"twitter:label1\" content=\"Gesch\u00e4tzte Lesezeit\" \/>\n\t<meta name=\"twitter:data1\" content=\"3\u00a0Minuten\" \/>\n<script type=\"application\/ld+json\" class=\"yoast-schema-graph\">{\"@context\":\"https:\\\/\\\/schema.org\",\"@graph\":[{\"@type\":\"WebPage\",\"@id\":\"https:\\\/\\\/regalanimals.ch\\\/product\\\/mousseline-canard-poulet\\\/\",\"url\":\"https:\\\/\\\/regalanimals.ch\\\/product\\\/mousseline-canard-poulet\\\/\",\"name\":\"Mousseline Canard & Poulet pour chat sans c\u00e9r\u00e9ales\",\"isPartOf\":{\"@id\":\"https:\\\/\\\/regalanimals.ch\\\/#website\"},\"primaryImageOfPage\":{\"@id\":\"https:\\\/\\\/regalanimals.ch\\\/product\\\/mousseline-canard-poulet\\\/#primaryimage\"},\"image\":{\"@id\":\"https:\\\/\\\/regalanimals.ch\\\/product\\\/mousseline-canard-poulet\\\/#primaryimage\"},\"thumbnailUrl\":\"https:\\\/\\\/regalanimals.ch\\\/wp-content\\\/uploads\\\/2025\\\/11\\\/mousseline-canard-poulet.webp\",\"datePublished\":\"2025-08-14T07:52:29+00:00\",\"dateModified\":\"2026-03-31T02:33:26+00:00\",\"description\":\"Recette humide onctueuse, la Mousseline Canard & Poulet offre une texture fondante et un moment de plaisir gourmand pour les chats exigeants.\",\"breadcrumb\":{\"@id\":\"https:\\\/\\\/regalanimals.ch\\\/product\\\/mousseline-canard-poulet\\\/#breadcrumb\"},\"inLanguage\":\"de\",\"potentialAction\":[{\"@type\":\"ReadAction\",\"target\":[\"https:\\\/\\\/regalanimals.ch\\\/product\\\/mousseline-canard-poulet\\\/\"]}]},{\"@type\":\"ImageObject\",\"inLanguage\":\"de\",\"@id\":\"https:\\\/\\\/regalanimals.ch\\\/product\\\/mousseline-canard-poulet\\\/#primaryimage\",\"url\":\"https:\\\/\\\/regalanimals.ch\\\/wp-content\\\/uploads\\\/2025\\\/11\\\/mousseline-canard-poulet.webp\",\"contentUrl\":\"https:\\\/\\\/regalanimals.ch\\\/wp-content\\\/uploads\\\/2025\\\/11\\\/mousseline-canard-poulet.webp\",\"width\":358,\"height\":300,\"caption\":\"Mousseline Canard Poulet pour chat \u2013 nourriture humide sans c\u00e9r\u00e9ales \u2013 85 g\"},{\"@type\":\"BreadcrumbList\",\"@id\":\"https:\\\/\\\/regalanimals.ch\\\/product\\\/mousseline-canard-poulet\\\/#breadcrumb\",\"itemListElement\":[{\"@type\":\"ListItem\",\"position\":1,\"name\":\"Home\",\"item\":\"https:\\\/\\\/regalanimals.ch\\\/\"},{\"@type\":\"ListItem\",\"position\":2,\"name\":\"Boutique\",\"item\":\"https:\\\/\\\/regalanimals.ch\\\/shop\\\/\"},{\"@type\":\"ListItem\",\"position\":3,\"name\":\"Mousseline Canard &#038; Poulet\"}]},{\"@type\":\"WebSite\",\"@id\":\"https:\\\/\\\/regalanimals.ch\\\/#website\",\"url\":\"https:\\\/\\\/regalanimals.ch\\\/\",\"name\":\"R\u00e9gal Animals\",\"description\":\"Alimentation et articles de qualit\u00e9 pour chats, chiens et furets\",\"publisher\":{\"@id\":\"https:\\\/\\\/regalanimals.ch\\\/#organization\"},\"potentialAction\":[{\"@type\":\"SearchAction\",\"target\":{\"@type\":\"EntryPoint\",\"urlTemplate\":\"https:\\\/\\\/regalanimals.ch\\\/?s={search_term_string}\"},\"query-input\":{\"@type\":\"PropertyValueSpecification\",\"valueRequired\":true,\"valueName\":\"search_term_string\"}}],\"inLanguage\":\"de\"},{\"@type\":\"Organization\",\"@id\":\"https:\\\/\\\/regalanimals.ch\\\/#organization\",\"name\":\"R\u00e9gal Animals\",\"url\":\"https:\\\/\\\/regalanimals.ch\\\/\",\"logo\":{\"@type\":\"ImageObject\",\"inLanguage\":\"de\",\"@id\":\"https:\\\/\\\/regalanimals.ch\\\/#\\\/schema\\\/logo\\\/image\\\/\",\"url\":\"https:\\\/\\\/regalanimals.ch\\\/wp-content\\\/uploads\\\/2025\\\/04\\\/cropped-Logo-site-e1744634610403-1.webp\",\"contentUrl\":\"https:\\\/\\\/regalanimals.ch\\\/wp-content\\\/uploads\\\/2025\\\/04\\\/cropped-Logo-site-e1744634610403-1.webp\",\"width\":512,\"height\":512,\"caption\":\"R\u00e9gal Animals\"},\"image\":{\"@id\":\"https:\\\/\\\/regalanimals.ch\\\/#\\\/schema\\\/logo\\\/image\\\/\"}}]}<\/script>\n<!-- \/ Yoast SEO Premium plugin. -->","yoast_head_json":{"title":"Mousseline Canard & Poulet pour chat sans c\u00e9r\u00e9ales","description":"Recette humide onctueuse, la Mousseline Canard & Poulet offre une texture fondante et un moment de plaisir gourmand pour les chats exigeants.","robots":{"index":"index","follow":"follow","max-snippet":"max-snippet:-1","max-image-preview":"max-image-preview:large","max-video-preview":"max-video-preview:-1"},"canonical":"https:\/\/regalanimals.ch\/de\/product\/mousseline-canard-poulet\/","og_locale":"de_DE","og_type":"article","og_title":"Mousseline Canard & Poulet","og_description":"Recette humide onctueuse, la Mousseline Canard & Poulet offre une texture fondante et un moment de plaisir gourmand pour les chats exigeants.","og_url":"https:\/\/regalanimals.ch\/de\/product\/mousseline-canard-poulet\/","og_site_name":"R\u00e9gal&#039;Animals","article_modified_time":"2026-03-31T02:33:26+00:00","og_image":[{"width":358,"height":300,"url":"https:\/\/regalanimals.ch\/wp-content\/uploads\/2025\/11\/mousseline-canard-poulet.webp","type":"image\/webp"}],"twitter_card":"summary_large_image","twitter_misc":{"Gesch\u00e4tzte Lesezeit":"3\u00a0Minuten"},"schema":{"@context":"https:\/\/schema.org","@graph":[{"@type":"WebPage","@id":"https:\/\/regalanimals.ch\/product\/mousseline-canard-poulet\/","url":"https:\/\/regalanimals.ch\/product\/mousseline-canard-poulet\/","name":"Mousseline Canard & Poulet pour chat sans c\u00e9r\u00e9ales","isPartOf":{"@id":"https:\/\/regalanimals.ch\/#website"},"primaryImageOfPage":{"@id":"https:\/\/regalanimals.ch\/product\/mousseline-canard-poulet\/#primaryimage"},"image":{"@id":"https:\/\/regalanimals.ch\/product\/mousseline-canard-poulet\/#primaryimage"},"thumbnailUrl":"https:\/\/regalanimals.ch\/wp-content\/uploads\/2025\/11\/mousseline-canard-poulet.webp","datePublished":"2025-08-14T07:52:29+00:00","dateModified":"2026-03-31T02:33:26+00:00","description":"Recette humide onctueuse, la Mousseline Canard & Poulet offre une texture fondante et un moment de plaisir gourmand pour les chats exigeants.","breadcrumb":{"@id":"https:\/\/regalanimals.ch\/product\/mousseline-canard-poulet\/#breadcrumb"},"inLanguage":"de","potentialAction":[{"@type":"ReadAction","target":["https:\/\/regalanimals.ch\/product\/mousseline-canard-poulet\/"]}]},{"@type":"ImageObject","inLanguage":"de","@id":"https:\/\/regalanimals.ch\/product\/mousseline-canard-poulet\/#primaryimage","url":"https:\/\/regalanimals.ch\/wp-content\/uploads\/2025\/11\/mousseline-canard-poulet.webp","contentUrl":"https:\/\/regalanimals.ch\/wp-content\/uploads\/2025\/11\/mousseline-canard-poulet.webp","width":358,"height":300,"caption":"Mousseline Canard Poulet pour chat \u2013 nourriture humide sans c\u00e9r\u00e9ales \u2013 85 g"},{"@type":"BreadcrumbList","@id":"https:\/\/regalanimals.ch\/product\/mousseline-canard-poulet\/#breadcrumb","itemListElement":[{"@type":"ListItem","position":1,"name":"Home","item":"https:\/\/regalanimals.ch\/"},{"@type":"ListItem","position":2,"name":"Boutique","item":"https:\/\/regalanimals.ch\/shop\/"},{"@type":"ListItem","position":3,"name":"Mousseline Canard &#038; Poulet"}]},{"@type":"WebSite","@id":"https:\/\/regalanimals.ch\/#website","url":"https:\/\/regalanimals.ch\/","name":"Tierfest","description":"Hochwertiges Futter und Zubeh\u00f6r f\u00fcr Katzen, Hunde und Frettchen","publisher":{"@id":"https:\/\/regalanimals.ch\/#organization"},"potentialAction":[{"@type":"SearchAction","target":{"@type":"EntryPoint","urlTemplate":"https:\/\/regalanimals.ch\/?s={search_term_string}"},"query-input":{"@type":"PropertyValueSpecification","valueRequired":true,"valueName":"search_term_string"}}],"inLanguage":"de"},{"@type":"Organization","@id":"https:\/\/regalanimals.ch\/#organization","name":"Tierfest","url":"https:\/\/regalanimals.ch\/","logo":{"@type":"ImageObject","inLanguage":"de","@id":"https:\/\/regalanimals.ch\/#\/schema\/logo\/image\/","url":"https:\/\/regalanimals.ch\/wp-content\/uploads\/2025\/04\/cropped-Logo-site-e1744634610403-1.webp","contentUrl":"https:\/\/regalanimals.ch\/wp-content\/uploads\/2025\/04\/cropped-Logo-site-e1744634610403-1.webp","width":512,"height":512,"caption":"R\u00e9gal Animals"},"image":{"@id":"https:\/\/regalanimals.ch\/#\/schema\/logo\/image\/"}}]}},"_links":{"self":[{"href":"https:\/\/regalanimals.ch\/de\/wp-json\/wp\/v2\/product\/38607","targetHints":{"allow":["GET"]}}],"collection":[{"href":"https:\/\/regalanimals.ch\/de\/wp-json\/wp\/v2\/product"}],"about":[{"href":"https:\/\/regalanimals.ch\/de\/wp-json\/wp\/v2\/types\/product"}],"replies":[{"embeddable":true,"href":"https:\/\/regalanimals.ch\/de\/wp-json\/wp\/v2\/comments?post=38607"}],"wp:featuredmedia":[{"embeddable":true,"href":"https:\/\/regalanimals.ch\/de\/wp-json\/wp\/v2\/media\/39962"}],"wp:attachment":[{"href":"https:\/\/regalanimals.ch\/de\/wp-json\/wp\/v2\/media?parent=38607"}],"wp:term":[{"taxonomy":"product_brand","embeddable":true,"href":"https:\/\/regalanimals.ch\/de\/wp-json\/wp\/v2\/product_brand?post=38607"},{"taxonomy":"product_cat","embeddable":true,"href":"https:\/\/regalanimals.ch\/de\/wp-json\/wp\/v2\/product_cat?post=38607"},{"taxonomy":"product_tag","embeddable":true,"href":"https:\/\/regalanimals.ch\/de\/wp-json\/wp\/v2\/product_tag?post=38607"}],"curies":[{"name":"wp","href":"https:\/\/api.w.org\/{rel}","templated":true}]}}