{"id":38610,"date":"2025-08-14T11:06:48","date_gmt":"2025-08-14T09:06:48","guid":{"rendered":"https:\/\/regalanimals.geekworkers.dev\/?post_type=product&#038;p=38610"},"modified":"2026-03-24T18:30:43","modified_gmt":"2026-03-24T17:30:43","slug":"mousseline-au-poulet","status":"publish","type":"product","link":"https:\/\/regalanimals.ch\/de\/product\/mousseline-au-poulet\/","title":{"rendered":"Mousseline mit Huhn"},"content":{"rendered":"<h2 data-start=\"1003\" data-end=\"1045\"><strong data-start=\"1006\" data-end=\"1043\">Mousseline au Poulet pour chat \ud83d\udc14<\/strong><\/h2>\n<p data-start=\"1046\" data-end=\"1426\">La Mousseline au Poulet est un aliment humide complet pour chat, \u00e0 la texture lisse et facile \u00e0 consommer. Sa recette repose sur une seule source de prot\u00e9ines animales, le poulet, pr\u00e9sent \u00e0 80 %, ce qui correspond naturellement aux besoins carnivores du chat. Ainsi, cette mousseline propose un repas simple, savoureux et adapt\u00e9 \u00e0 une consommation quotidienne chez le chat adulte.<\/p>\n<h2 data-start=\"1428\" data-end=\"1480\"><strong data-start=\"1431\" data-end=\"1478\">Une recette mono-prot\u00e9ine, sans c\u00e9r\u00e9ales \ud83c\udf3f<\/strong><\/h2>\n<p data-start=\"1481\" data-end=\"1881\">Cette Mousseline au Poulet utilise une unique source de prot\u00e9ines animales afin de proposer une formulation claire et lisible. Ainsi, l\u2019absence totale de c\u00e9r\u00e9ales respecte la physiologie digestive du chat. Par ailleurs, cette composition simple favorise une bonne tol\u00e9rance digestive au quotidien. Enfin, cette recette ne contient que les vitamines et min\u00e9raux n\u00e9cessaires \u00e0 l\u2019\u00e9quilibre nutritionnel.<\/p>\n<h2 data-start=\"1883\" data-end=\"1932\"><strong data-start=\"1886\" data-end=\"1930\">Une texture douce, facile \u00e0 consommer \ud83d\udc3e<\/strong><\/h2>\n<p data-start=\"1933\" data-end=\"2280\">Gr\u00e2ce \u00e0 sa texture soyeuse, cette Mousseline au Poulet se consomme facilement, m\u00eame chez les chats ayant une mastication plus d\u00e9licate. Ainsi, elle convient aussi bien aux chats adultes qu\u2019aux chats st\u00e9rilis\u00e9s, \u00e0 condition d\u2019adapter les portions. Par ailleurs, cette texture fondante permet de varier les repas tout en conservant une alimentation coh\u00e9rente.<\/p>\n<h2 data-start=\"2282\" data-end=\"2349\"><strong data-start=\"2285\" data-end=\"2347\">Une base poulet pour une alimentation simple et efficace \u2728<\/strong><\/h2>\n<p data-start=\"2350\" data-end=\"2686\">La Mousseline au Poulet repose sur une base riche en poulet afin d\u2019apporter des prot\u00e9ines animales appr\u00e9ci\u00e9es par les chats. Cette formulation contribue au maintien de la masse musculaire et soutient la vitalit\u00e9 au quotidien. Enfin, cette recette naturelle permet de proposer un repas savoureux sans complexifier l\u2019alimentation du chat.<\/p>\n<h3 data-start=\"2693\" data-end=\"2741\"><strong data-start=\"2697\" data-end=\"2739\">Composition de la Mousseline au Poulet<\/strong><\/h3>\n<p data-start=\"2742\" data-end=\"2853\">\ud83d\udc49 Voir la composition compl\u00e8te du produit dans la section \u00ab Informations compl\u00e9mentaires \u00bb en haut de la page.<\/p>\n<h3 data-start=\"2831\" data-end=\"2863\">Foire aux questions sur la Mousseline au Poulet pour chat<\/h3>\n<p data-start=\"3347\" data-end=\"3464\">Retrouvez ici les r\u00e9ponses aux questions les plus fr\u00e9quentes concernant l\u2019utilisation, la composition et les particularit\u00e9s de la Mousseline au Poulet. Ces informations vous aident \u00e0 mieux comprendre ce produit et \u00e0 choisir une alimentation humide coh\u00e9rente avec les besoins quotidiens de votre chat.<\/p>\n<h4 data-start=\"3466\" data-end=\"3526\">\u27a1\ufe0f Cette Mousseline au Poulet convient-elle aux chats sensibles ?<\/h4>\n<p data-start=\"3528\" data-end=\"3766\">Oui. Sa formulation mono-prot\u00e9ine, sans c\u00e9r\u00e9ales, favorise une digestion plus confortable. Ainsi, elle convient bien aux chats sensibles.<\/p>\n<h4 data-start=\"3768\" data-end=\"3819\">\u27a1\ufe0f Kann ich dieses Futter jeden Tag geben?<\/h4>\n<p data-start=\"3821\" data-end=\"4000\">Oui. Il s\u2019agit d\u2019un aliment humide complet, adapt\u00e9 \u00e0 une consommation quotidienne, \u00e0 condition d\u2019ajuster les portions aux besoins du chat.<\/p>\n<hr data-start=\"4002\" data-end=\"4005\" \/>\n<h2 data-start=\"4007\" data-end=\"4037\">\ud83d\udca6 Ratschl\u00e4ge von R\u00e9gal&#039;Animals \ud83d\udc9a<\/h2>\n<p data-start=\"4039\" data-end=\"4363\">Pour renforcer l\u2019app\u00e9tence sans modifier la recette, tu peux \u00e9craser l\u00e9g\u00e8rement la mousseline \u00e0 la fourchette avant de la servir. Cette manipulation simple lib\u00e8re les ar\u00f4mes et stimule l\u2019int\u00e9r\u00eat du chat, notamment chez les mangeurs plus lents.<\/p>\n<hr data-start=\"4365\" data-end=\"4368\" \/>\n<h4 data-start=\"4370\" data-end=\"4426\">\u27a1\ufe0f La Mousseline au Poulet contient-elle des additifs inutiles ?<\/h4>\n<p data-start=\"4428\" data-end=\"4600\">Non. La mousseline contient uniquement les vitamines et min\u00e9raux n\u00e9cessaires \u00e0 l\u2019\u00e9quilibre nutritionnel du chat.<\/p>\n<h4 data-start=\"4602\" data-end=\"4646\">\u27a1\ufe0f Ist es f\u00fcr kastrierte Katzen geeignet?<\/h4>\n<p data-start=\"4648\" data-end=\"4860\">Oui, \u00e0 condition d\u2019adapter les quantit\u00e9s en fonction du poids et de l\u2019activit\u00e9 du chat.<\/p>\n<p>&nbsp;<\/p>\n<p><a href=\"https:\/\/regalanimals.ch\/de\/product\/patee-poulet\/\">Vorschlag f\u00fcr ihn<\/a><\/p>","protected":false},"excerpt":{"rendered":"<p>Mousseline au Poulet pour chat \ud83d\udc14 La Mousseline au Poulet est un aliment humide complet pour chat, \u00e0 la texture lisse et facile \u00e0 consommer. Sa recette repose sur une seule source de prot\u00e9ines animales, le poulet, pr\u00e9sent \u00e0 80 %, ce qui correspond naturellement aux besoins carnivores du chat. Ainsi, cette mousseline propose un [&hellip;]<\/p>\n","protected":false},"featured_media":39960,"comment_status":"open","ping_status":"closed","template":"","meta":[],"product_brand":[],"product_cat":[220,89,217],"product_tag":[],"class_list":{"0":"post-38610","1":"product","2":"type-product","3":"status-publish","4":"has-post-thumbnail","6":"product_cat-alimentation-furet","7":"product_cat-chats","8":"product_cat-nourriture-humide-chat","10":"first","11":"instock","12":"taxable","13":"shipping-taxable","14":"purchasable","15":"product-type-variable"},"yoast_head":"<!-- This site is optimized with the Yoast SEO Premium plugin v27.4 (Yoast SEO v27.5) - https:\/\/yoast.com\/product\/yoast-seo-premium-wordpress\/ -->\n<title>Mousseline au Poulet pour chat sans c\u00e9r\u00e9ales<\/title>\n<meta name=\"description\" content=\"Recette humide onctueuse, la Mousseline au Poulet propose une texture fondante et une alimentation sans c\u00e9r\u00e9ales pour les chats gourmands.\" \/>\n<meta name=\"robots\" content=\"index, follow, max-snippet:-1, max-image-preview:large, max-video-preview:-1\" \/>\n<link rel=\"canonical\" href=\"https:\/\/regalanimals.ch\/de\/product\/mousseline-au-poulet\/\" \/>\n<meta property=\"og:locale\" content=\"de_DE\" \/>\n<meta property=\"og:type\" content=\"article\" \/>\n<meta property=\"og:title\" content=\"Mousseline au Poulet\" \/>\n<meta property=\"og:description\" content=\"Recette humide onctueuse, la Mousseline au Poulet propose une texture fondante et une alimentation sans c\u00e9r\u00e9ales pour les chats gourmands.\" \/>\n<meta property=\"og:url\" content=\"https:\/\/regalanimals.ch\/de\/product\/mousseline-au-poulet\/\" \/>\n<meta property=\"og:site_name\" content=\"R\u00e9gal&#039;Animals\" \/>\n<meta property=\"article:modified_time\" content=\"2026-03-24T17:30:43+00:00\" \/>\n<meta property=\"og:image\" content=\"https:\/\/regalanimals.ch\/wp-content\/uploads\/2025\/11\/mousseline-au-poulet.webp\" \/>\n\t<meta property=\"og:image:width\" content=\"358\" \/>\n\t<meta property=\"og:image:height\" content=\"300\" \/>\n\t<meta property=\"og:image:type\" content=\"image\/webp\" \/>\n<meta name=\"twitter:card\" content=\"summary_large_image\" \/>\n<meta name=\"twitter:label1\" content=\"Gesch\u00e4tzte Lesezeit\" \/>\n\t<meta name=\"twitter:data1\" content=\"3\u00a0Minuten\" \/>\n<script type=\"application\/ld+json\" class=\"yoast-schema-graph\">{\"@context\":\"https:\\\/\\\/schema.org\",\"@graph\":[{\"@type\":\"WebPage\",\"@id\":\"https:\\\/\\\/regalanimals.ch\\\/product\\\/mousseline-au-poulet\\\/\",\"url\":\"https:\\\/\\\/regalanimals.ch\\\/product\\\/mousseline-au-poulet\\\/\",\"name\":\"Mousseline au Poulet pour chat sans c\u00e9r\u00e9ales\",\"isPartOf\":{\"@id\":\"https:\\\/\\\/regalanimals.ch\\\/#website\"},\"primaryImageOfPage\":{\"@id\":\"https:\\\/\\\/regalanimals.ch\\\/product\\\/mousseline-au-poulet\\\/#primaryimage\"},\"image\":{\"@id\":\"https:\\\/\\\/regalanimals.ch\\\/product\\\/mousseline-au-poulet\\\/#primaryimage\"},\"thumbnailUrl\":\"https:\\\/\\\/regalanimals.ch\\\/wp-content\\\/uploads\\\/2025\\\/11\\\/mousseline-au-poulet.webp\",\"datePublished\":\"2025-08-14T09:06:48+00:00\",\"dateModified\":\"2026-03-24T17:30:43+00:00\",\"description\":\"Recette humide onctueuse, la Mousseline au Poulet propose une texture fondante et une alimentation sans c\u00e9r\u00e9ales pour les chats gourmands.\",\"breadcrumb\":{\"@id\":\"https:\\\/\\\/regalanimals.ch\\\/product\\\/mousseline-au-poulet\\\/#breadcrumb\"},\"inLanguage\":\"de\",\"potentialAction\":[{\"@type\":\"ReadAction\",\"target\":[\"https:\\\/\\\/regalanimals.ch\\\/product\\\/mousseline-au-poulet\\\/\"]}]},{\"@type\":\"ImageObject\",\"inLanguage\":\"de\",\"@id\":\"https:\\\/\\\/regalanimals.ch\\\/product\\\/mousseline-au-poulet\\\/#primaryimage\",\"url\":\"https:\\\/\\\/regalanimals.ch\\\/wp-content\\\/uploads\\\/2025\\\/11\\\/mousseline-au-poulet.webp\",\"contentUrl\":\"https:\\\/\\\/regalanimals.ch\\\/wp-content\\\/uploads\\\/2025\\\/11\\\/mousseline-au-poulet.webp\",\"width\":358,\"height\":300,\"caption\":\"Mousseline au Poulet pour Chat \u2013 Nourriture humide monoprot\u00e9ique sans c\u00e9r\u00e9ales \u2013 85 g\"},{\"@type\":\"BreadcrumbList\",\"@id\":\"https:\\\/\\\/regalanimals.ch\\\/product\\\/mousseline-au-poulet\\\/#breadcrumb\",\"itemListElement\":[{\"@type\":\"ListItem\",\"position\":1,\"name\":\"Home\",\"item\":\"https:\\\/\\\/regalanimals.ch\\\/\"},{\"@type\":\"ListItem\",\"position\":2,\"name\":\"Boutique\",\"item\":\"https:\\\/\\\/regalanimals.ch\\\/shop\\\/\"},{\"@type\":\"ListItem\",\"position\":3,\"name\":\"Mousseline au Poulet\"}]},{\"@type\":\"WebSite\",\"@id\":\"https:\\\/\\\/regalanimals.ch\\\/#website\",\"url\":\"https:\\\/\\\/regalanimals.ch\\\/\",\"name\":\"R\u00e9gal Animals\",\"description\":\"Alimentation et articles de qualit\u00e9 pour chats, chiens et furets\",\"publisher\":{\"@id\":\"https:\\\/\\\/regalanimals.ch\\\/#organization\"},\"potentialAction\":[{\"@type\":\"SearchAction\",\"target\":{\"@type\":\"EntryPoint\",\"urlTemplate\":\"https:\\\/\\\/regalanimals.ch\\\/?s={search_term_string}\"},\"query-input\":{\"@type\":\"PropertyValueSpecification\",\"valueRequired\":true,\"valueName\":\"search_term_string\"}}],\"inLanguage\":\"de\"},{\"@type\":\"Organization\",\"@id\":\"https:\\\/\\\/regalanimals.ch\\\/#organization\",\"name\":\"R\u00e9gal Animals\",\"url\":\"https:\\\/\\\/regalanimals.ch\\\/\",\"logo\":{\"@type\":\"ImageObject\",\"inLanguage\":\"de\",\"@id\":\"https:\\\/\\\/regalanimals.ch\\\/#\\\/schema\\\/logo\\\/image\\\/\",\"url\":\"https:\\\/\\\/regalanimals.ch\\\/wp-content\\\/uploads\\\/2025\\\/04\\\/cropped-Logo-site-e1744634610403-1.webp\",\"contentUrl\":\"https:\\\/\\\/regalanimals.ch\\\/wp-content\\\/uploads\\\/2025\\\/04\\\/cropped-Logo-site-e1744634610403-1.webp\",\"width\":512,\"height\":512,\"caption\":\"R\u00e9gal Animals\"},\"image\":{\"@id\":\"https:\\\/\\\/regalanimals.ch\\\/#\\\/schema\\\/logo\\\/image\\\/\"}}]}<\/script>\n<!-- \/ Yoast SEO Premium plugin. -->","yoast_head_json":{"title":"Mousseline au Poulet pour chat sans c\u00e9r\u00e9ales","description":"Recette humide onctueuse, la Mousseline au Poulet propose une texture fondante et une alimentation sans c\u00e9r\u00e9ales pour les chats gourmands.","robots":{"index":"index","follow":"follow","max-snippet":"max-snippet:-1","max-image-preview":"max-image-preview:large","max-video-preview":"max-video-preview:-1"},"canonical":"https:\/\/regalanimals.ch\/de\/product\/mousseline-au-poulet\/","og_locale":"de_DE","og_type":"article","og_title":"Mousseline au Poulet","og_description":"Recette humide onctueuse, la Mousseline au Poulet propose une texture fondante et une alimentation sans c\u00e9r\u00e9ales pour les chats gourmands.","og_url":"https:\/\/regalanimals.ch\/de\/product\/mousseline-au-poulet\/","og_site_name":"R\u00e9gal&#039;Animals","article_modified_time":"2026-03-24T17:30:43+00:00","og_image":[{"width":358,"height":300,"url":"https:\/\/regalanimals.ch\/wp-content\/uploads\/2025\/11\/mousseline-au-poulet.webp","type":"image\/webp"}],"twitter_card":"summary_large_image","twitter_misc":{"Gesch\u00e4tzte Lesezeit":"3\u00a0Minuten"},"schema":{"@context":"https:\/\/schema.org","@graph":[{"@type":"WebPage","@id":"https:\/\/regalanimals.ch\/product\/mousseline-au-poulet\/","url":"https:\/\/regalanimals.ch\/product\/mousseline-au-poulet\/","name":"Mousseline au Poulet pour chat sans c\u00e9r\u00e9ales","isPartOf":{"@id":"https:\/\/regalanimals.ch\/#website"},"primaryImageOfPage":{"@id":"https:\/\/regalanimals.ch\/product\/mousseline-au-poulet\/#primaryimage"},"image":{"@id":"https:\/\/regalanimals.ch\/product\/mousseline-au-poulet\/#primaryimage"},"thumbnailUrl":"https:\/\/regalanimals.ch\/wp-content\/uploads\/2025\/11\/mousseline-au-poulet.webp","datePublished":"2025-08-14T09:06:48+00:00","dateModified":"2026-03-24T17:30:43+00:00","description":"Recette humide onctueuse, la Mousseline au Poulet propose une texture fondante et une alimentation sans c\u00e9r\u00e9ales pour les chats gourmands.","breadcrumb":{"@id":"https:\/\/regalanimals.ch\/product\/mousseline-au-poulet\/#breadcrumb"},"inLanguage":"de","potentialAction":[{"@type":"ReadAction","target":["https:\/\/regalanimals.ch\/product\/mousseline-au-poulet\/"]}]},{"@type":"ImageObject","inLanguage":"de","@id":"https:\/\/regalanimals.ch\/product\/mousseline-au-poulet\/#primaryimage","url":"https:\/\/regalanimals.ch\/wp-content\/uploads\/2025\/11\/mousseline-au-poulet.webp","contentUrl":"https:\/\/regalanimals.ch\/wp-content\/uploads\/2025\/11\/mousseline-au-poulet.webp","width":358,"height":300,"caption":"Mousseline au Poulet pour Chat \u2013 Nourriture humide monoprot\u00e9ique sans c\u00e9r\u00e9ales \u2013 85 g"},{"@type":"BreadcrumbList","@id":"https:\/\/regalanimals.ch\/product\/mousseline-au-poulet\/#breadcrumb","itemListElement":[{"@type":"ListItem","position":1,"name":"Home","item":"https:\/\/regalanimals.ch\/"},{"@type":"ListItem","position":2,"name":"Boutique","item":"https:\/\/regalanimals.ch\/shop\/"},{"@type":"ListItem","position":3,"name":"Mousseline au Poulet"}]},{"@type":"WebSite","@id":"https:\/\/regalanimals.ch\/#website","url":"https:\/\/regalanimals.ch\/","name":"Tierfest","description":"Hochwertiges Futter und Zubeh\u00f6r f\u00fcr Katzen, Hunde und Frettchen","publisher":{"@id":"https:\/\/regalanimals.ch\/#organization"},"potentialAction":[{"@type":"SearchAction","target":{"@type":"EntryPoint","urlTemplate":"https:\/\/regalanimals.ch\/?s={search_term_string}"},"query-input":{"@type":"PropertyValueSpecification","valueRequired":true,"valueName":"search_term_string"}}],"inLanguage":"de"},{"@type":"Organization","@id":"https:\/\/regalanimals.ch\/#organization","name":"Tierfest","url":"https:\/\/regalanimals.ch\/","logo":{"@type":"ImageObject","inLanguage":"de","@id":"https:\/\/regalanimals.ch\/#\/schema\/logo\/image\/","url":"https:\/\/regalanimals.ch\/wp-content\/uploads\/2025\/04\/cropped-Logo-site-e1744634610403-1.webp","contentUrl":"https:\/\/regalanimals.ch\/wp-content\/uploads\/2025\/04\/cropped-Logo-site-e1744634610403-1.webp","width":512,"height":512,"caption":"R\u00e9gal Animals"},"image":{"@id":"https:\/\/regalanimals.ch\/#\/schema\/logo\/image\/"}}]}},"_links":{"self":[{"href":"https:\/\/regalanimals.ch\/de\/wp-json\/wp\/v2\/product\/38610","targetHints":{"allow":["GET"]}}],"collection":[{"href":"https:\/\/regalanimals.ch\/de\/wp-json\/wp\/v2\/product"}],"about":[{"href":"https:\/\/regalanimals.ch\/de\/wp-json\/wp\/v2\/types\/product"}],"replies":[{"embeddable":true,"href":"https:\/\/regalanimals.ch\/de\/wp-json\/wp\/v2\/comments?post=38610"}],"wp:featuredmedia":[{"embeddable":true,"href":"https:\/\/regalanimals.ch\/de\/wp-json\/wp\/v2\/media\/39960"}],"wp:attachment":[{"href":"https:\/\/regalanimals.ch\/de\/wp-json\/wp\/v2\/media?parent=38610"}],"wp:term":[{"taxonomy":"product_brand","embeddable":true,"href":"https:\/\/regalanimals.ch\/de\/wp-json\/wp\/v2\/product_brand?post=38610"},{"taxonomy":"product_cat","embeddable":true,"href":"https:\/\/regalanimals.ch\/de\/wp-json\/wp\/v2\/product_cat?post=38610"},{"taxonomy":"product_tag","embeddable":true,"href":"https:\/\/regalanimals.ch\/de\/wp-json\/wp\/v2\/product_tag?post=38610"}],"curies":[{"name":"wp","href":"https:\/\/api.w.org\/{rel}","templated":true}]}}