{"id":38614,"date":"2025-08-20T12:24:33","date_gmt":"2025-08-20T10:24:33","guid":{"rendered":"https:\/\/regalanimals.geekworkers.dev\/?post_type=product&#038;p=38614"},"modified":"2026-03-24T18:26:44","modified_gmt":"2026-03-24T17:26:44","slug":"lachsol","status":"publish","type":"product","link":"https:\/\/regalanimals.ch\/de\/product\/huile-de-saumon\/","title":{"rendered":"Huile de Saumon (200 ml)"},"content":{"rendered":"<h2 data-start=\"1380\" data-end=\"1418\"><strong data-start=\"1383\" data-end=\"1416\">Lachs\u00f6l f\u00fcr Hunde \ud83d\udc3e<\/strong><\/h2>\n<h3 data-start=\"1419\" data-end=\"1502\">Ein nat\u00fcrliches Nahrungserg\u00e4nzungsmittel reich an Omega-3-Fetts\u00e4uren zur Unterst\u00fctzung der Vitalit\u00e4t Ihres Hundes<\/h3>\n<p data-start=\"1504\" data-end=\"1928\">Lachs\u00f6l ist ein 100% nat\u00fcrliches Produkt, das die Gesundheit Ihres Hundes f\u00f6rdert. Dank seines au\u00dfergew\u00f6hnlich hohen Gehalts an essentiellen Omega-3- und Omega-6-Fetts\u00e4uren unterst\u00fctzt es die Vitalit\u00e4t, verbessert den Gelenkkomfort und tr\u00e4gt zu einer optimalen Lebensqualit\u00e4t bei. Es unterst\u00fctzt das t\u00e4gliche Wohlbefinden Ihres Hundes und l\u00e4sst sich problemlos in seine gewohnte Ern\u00e4hrung integrieren.<\/p>\n<hr data-start=\"1930\" data-end=\"1933\" \/>\n<h2 data-start=\"1935\" data-end=\"2017\">Nachgewiesene Vorteile f\u00fcr den t\u00e4glichen Gebrauch \u2013 Lachs\u00f6l (Nahrungserg\u00e4nzungsmittel) \u2728<\/h2>\n<p data-start=\"2019\" data-end=\"2212\">\ud83d\udc3e <strong data-start=\"2022\" data-end=\"2040\">Haut und Fell<\/strong> Lachs\u00f6l pflegt die Haut intensiv und macht das Fell gl\u00e4nzend, dicht und seidig. Es hilft au\u00dferdem, Juckreiz und Trockenheit zu lindern.<\/p>\n<p data-start=\"2214\" data-end=\"2386\">\ud83e\uddb4 <strong data-start=\"2217\" data-end=\"2234\">Gelenke<\/strong> Dank seines Fetts\u00e4uregehalts unterst\u00fctzt es die Gelenkbeweglichkeit und tr\u00e4gt zum Wohlbefinden aktiver, \u00e4lterer oder wachsender Hunde bei.<\/p>\n<p data-start=\"2388\" data-end=\"2524\">\u2764\ufe0f <strong data-start=\"2391\" data-end=\"2425\">Herz- und Immungesundheit<\/strong> Omega-3-Fetts\u00e4uren f\u00f6rdern zudem ein gesundes Herz-Kreislauf-System und st\u00e4rken die nat\u00fcrlichen Abwehrkr\u00e4fte.<\/p>\n<p data-start=\"2526\" data-end=\"2734\">\ud83e\udde0 <strong data-start=\"2529\" data-end=\"2551\">Kognitive Funktion<\/strong> Lachs\u00f6l tr\u00e4gt zu einer gesunden Gehirnentwicklung bei und verbessert die Konzentration, wodurch es sich ideal zur Unterst\u00fctzung von Welpen und Sporthunden eignet.<\/p>\n<hr data-start=\"2736\" data-end=\"2739\" \/>\n<h2 data-start=\"2741\" data-end=\"2820\">Ein nat\u00fcrliches Hunde\u00f6l, das dank seiner Dosierpumpe einfach anzuwenden ist \ud83e\uddf4<\/h2>\n<p data-start=\"2822\" data-end=\"3223\">Das Lachs\u00f6l ist in einer Aluminiumflasche mit Dosierpumpe verpackt und kann direkt Trockenfutter, Nassfutter oder selbst zubereitetem Futter beigemischt werden. Sein unwiderstehlicher Fischgeschmack \u00fcberzeugt die meisten Hunde, selbst w\u00e4hlerische Fresser. Dadurch ist es ein einfach zu verabreichendes und schmackhaftes Erg\u00e4nzungsmittel, das sich perfekt in die t\u00e4gliche F\u00fctterung Ihres Hundes einf\u00fcgt.<\/p>\n<p data-start=\"3225\" data-end=\"3513\">\ud83d\udc49 <strong data-start=\"3228\" data-end=\"3251\">Seien Sie jedoch vorsichtig<\/strong> :<br data-start=\"3253\" data-end=\"3256\" \/>Lachs\u00f6l ist ein fetthaltiges Produkt. Daher kann eine \u00dcberdosierung zu Verdauungsproblemen wie Durchfall oder Bl\u00e4hungen f\u00fchren. Es ist au\u00dferdem kalorienreich (ca. 9 kcal\/g), weshalb es wichtig ist, die empfohlene Dosierung einzuhalten.<\/p>\n<hr data-start=\"3515\" data-end=\"3518\" \/>\n<h2 data-start=\"3520\" data-end=\"3582\">Ein gesundes und verantwortungsvolles Hundefutter-Erg\u00e4nzungsmittel \ud83c\udf3f<\/h2>\n<p data-start=\"3584\" data-end=\"3984\">Frei von Zusatzstoffen, Farb- und Konservierungsmitteln ist Cernunos Lachs\u00f6l ein nat\u00fcrliches Nahrungserg\u00e4nzungsmittel, das den Stoffwechsel Ihres Hundes optimal unterst\u00fctzt. Die franz\u00f6sische Produktion garantiert gleichbleibende Qualit\u00e4t und vollst\u00e4ndige R\u00fcckverfolgbarkeit. Es liefert essenzielle Fetts\u00e4uren und tr\u00e4gt nachhaltig zu gesunder Haut, gl\u00e4nzendem Fell und mehr Energie bei.<\/p>\n<hr data-start=\"3986\" data-end=\"3989\" \/>\n<h2>\ud83d\udc3e H\u00e4ufig gestellte Fragen<\/h2>\n<h3>\u2753 Noch unentschlossen? Hier sind die h\u00e4ufigsten Fragen zu Lachs\u00f6l f\u00fcr Hunde.<\/h3>\n<h4 data-start=\"4131\" data-end=\"4183\">\u27a1\ufe0f Welchen Zweck hat Lachs\u00f6l f\u00fcr Hunde?<\/h4>\n<p data-start=\"4184\" data-end=\"4299\">Es liefert Omega-3- und Omega-6-Fetts\u00e4uren, die Haut, Fell, Gelenke, Energie und auch das Immunsystem unterst\u00fctzen.<\/p>\n<h4 data-start=\"4301\" data-end=\"4348\">\u27a1\ufe0f Kann es allen Hunden verabreicht werden?<\/h4>\n<p data-start=\"4349\" data-end=\"4481\">Ja, es ist f\u00fcr Welpen, erwachsene Tiere und Senioren geeignet. Sie m\u00fcssen lediglich die Dosierung an Gewicht und Bed\u00fcrfnisse anpassen.<\/p>\n<hr data-start=\"4483\" data-end=\"4486\" \/>\n<h2 data-start=\"4488\" data-end=\"4518\">\ud83d\udca6 Ratschl\u00e4ge von R\u00e9gal&#039;Animals \ud83d\udc9a<\/h2>\n<p data-start=\"4520\" data-end=\"4779\">Geben Sie Lachs\u00f6l nach und nach zum Futter Ihres Hundes, um Verdauungsbeschwerden zu vermeiden. So respektieren Sie den Stoffwechsel Ihres Vierbeiners und unterst\u00fctzen gleichzeitig auf nat\u00fcrliche Weise seine Vitalit\u00e4t, Haut und Gelenke. \ud83d\udc9a<\/p>\n<hr data-start=\"4781\" data-end=\"4784\" \/>\n<h4 data-start=\"4786\" data-end=\"4846\">\u27a1\ufe0f Hilft Lachs\u00f6l wirklich dem Fell?<\/h4>\n<p data-start=\"4847\" data-end=\"4964\">Ja, dank seiner essentiellen Fetts\u00e4uren verbessert es sichtbar die Ausstrahlung, Dichte und das Hautgef\u00fchl.<\/p>\n<h4>\u27a1\ufe0f Kann es t\u00e4glich verabreicht werden?<\/h4>\n<p data-start=\"5011\" data-end=\"5155\">Ja, vorausgesetzt, die empfohlenen Mengen werden eingehalten. Viele Anwender nutzen es t\u00e4glich als nat\u00fcrliches Nahrungserg\u00e4nzungsmittel.<\/p>\n<p data-start=\"5011\" data-end=\"5155\"><a href=\"https:\/\/www.cernunos.fr\/blogs\/news\/pourquoi-donner-huile-de-saumon-chien\"><strong>\ud83d\udc49<\/strong> \u00abErfahren Sie mehr \u00fcber die Vorteile von Lachs\u00f6l.\u00bb<\/a><\/p>\n<hr data-start=\"5157\" data-end=\"5160\" \/>\n<h4 data-start=\"5162\" data-end=\"5178\">Zusammensetzung<\/h4>\n<p data-start=\"5179\" data-end=\"5200\">100 % Lachs\u00f6l<\/p>\n<h4 data-start=\"5202\" data-end=\"5244\">Analytische Bestandteile (pro 100 g)<\/h4>\n<p data-start=\"5245\" data-end=\"5378\">Energiewert: 900 kcal (3768 kJ)<br data-start=\"5284\" data-end=\"5287\" \/>Fette: 94,8 g<br data-start=\"5303\" data-end=\"5306\" \/>Mineralstoffe: 5,2 g<br data-start=\"5332\" data-end=\"5335\" \/>Kohlenhydrate: 0<br data-start=\"5347\" data-end=\"5350\" \/>Protein: 0<br data-start=\"5363\" data-end=\"5366\" \/>Faser: 0<\/p>\n<h4 data-start=\"5380\" data-end=\"5414\">N\u00e4hrwertangaben pro Teel\u00f6ffel<\/h4>\n<p data-start=\"5415\" data-end=\"5488\">Omega-3: 22 % (EPA 15,6 %, DHA 17 %)<br data-start=\"5452\" data-end=\"5455\" \/>Omega-6: 8 %<br data-start=\"5468\" data-end=\"5471\" \/>Vitamin D und E<\/p>\n<hr data-start=\"5490\" data-end=\"5493\" \/>\n<h4 data-start=\"5495\" data-end=\"5518\">\u26a0\ufe0f Wichtiger Hinweis<\/h4>\n<p data-start=\"5519\" data-end=\"5729\">Lachs\u00f6l ist ein <strong data-start=\"5544\" data-end=\"5578\">nat\u00fcrliches Nahrungserg\u00e4nzungsmittel<\/strong> Dieses Produkt ist kein Tierarzneimittel. Es ersetzt weder Behandlung noch Diagnose. Bei gesundheitlichen Problemen wenden Sie sich bitte an Ihren Tierarzt.<\/p>\n<p data-start=\"1877\" data-end=\"2171\"><a href=\"https:\/\/regalanimals.ch\/de\/product\/friandises-lapin-lyophilisees\/\">Vorschlag f\u00fcr ihn<\/a><\/p>","protected":false},"excerpt":{"rendered":"<p>Huile de Saumon pour Chien \ud83d\udc3e Un compl\u00e9ment naturel riche en om\u00e9ga 3 pour soutenir la vitalit\u00e9 de votre chien L\u2019Huile de Saumon est un produit 100 % naturel con\u00e7u pour renforcer la sant\u00e9 globale de votre chien. En effet, gr\u00e2ce \u00e0 sa richesse exceptionnelle en acides gras essentiels Om\u00e9ga-3 et Om\u00e9ga-6, elle soutient la [&hellip;]<\/p>\n","protected":false},"featured_media":39959,"menu_order":0,"comment_status":"open","ping_status":"closed","template":"","meta":[],"product_brand":[],"product_cat":[89,24,276,278],"product_tag":[],"class_list":{"0":"post-38614","1":"product","2":"type-product","3":"status-publish","4":"has-post-thumbnail","6":"product_cat-chats","7":"product_cat-chiens","8":"product_cat-complements-alimentaires","9":"product_cat-complements-alimentaires-pour-chats","11":"first","12":"instock","13":"taxable","14":"shipping-taxable","15":"purchasable","16":"product-type-simple"},"yoast_head":"<!-- This site is optimized with the Yoast SEO Premium plugin v27.3 (Yoast SEO v27.3) - https:\/\/yoast.com\/product\/yoast-seo-premium-wordpress\/ -->\n<title>Huile de Saumon pour chien fabriqu\u00e9e en France.<\/title>\n<meta name=\"description\" content=\"Un compl\u00e9ment naturel riche en Om\u00e9ga-3 pour soutenir la vitalit\u00e9 de vos compagnons. L\u2019Huile de Saumon am\u00e9liore peau, poil et bien-\u00eatre au quotidien.\" \/>\n<meta name=\"robots\" content=\"index, follow, max-snippet:-1, max-image-preview:large, max-video-preview:-1\" \/>\n<link rel=\"canonical\" href=\"https:\/\/regalanimals.ch\/de\/product\/lachsol\/\" \/>\n<meta property=\"og:locale\" content=\"de_DE\" \/>\n<meta property=\"og:type\" content=\"article\" \/>\n<meta property=\"og:title\" content=\"Huile de Saumon (200 ml)\" \/>\n<meta property=\"og:description\" content=\"Un compl\u00e9ment naturel riche en Om\u00e9ga-3 pour soutenir la vitalit\u00e9 de vos compagnons. L\u2019Huile de Saumon am\u00e9liore peau, poil et bien-\u00eatre au quotidien.\" \/>\n<meta property=\"og:url\" content=\"https:\/\/regalanimals.ch\/de\/product\/lachsol\/\" \/>\n<meta property=\"og:site_name\" content=\"R\u00e9gal&#039;Animals\" \/>\n<meta property=\"article:modified_time\" content=\"2026-03-24T17:26:44+00:00\" \/>\n<meta property=\"og:image\" content=\"https:\/\/regalanimals.ch\/wp-content\/uploads\/2025\/11\/Huile-de-saumon.webp\" \/>\n\t<meta property=\"og:image:width\" content=\"358\" \/>\n\t<meta property=\"og:image:height\" content=\"300\" \/>\n\t<meta property=\"og:image:type\" content=\"image\/webp\" \/>\n<meta name=\"twitter:card\" content=\"summary_large_image\" \/>\n<meta name=\"twitter:label1\" content=\"Gesch\u00e4tzte Lesezeit\" \/>\n\t<meta name=\"twitter:data1\" content=\"4\u00a0Minuten\" \/>\n<script type=\"application\/ld+json\" class=\"yoast-schema-graph\">{\"@context\":\"https:\\\/\\\/schema.org\",\"@graph\":[{\"@type\":\"WebPage\",\"@id\":\"https:\\\/\\\/regalanimals.ch\\\/product\\\/huile-de-saumon\\\/\",\"url\":\"https:\\\/\\\/regalanimals.ch\\\/product\\\/huile-de-saumon\\\/\",\"name\":\"Huile de Saumon pour chien fabriqu\u00e9e en France.\",\"isPartOf\":{\"@id\":\"https:\\\/\\\/regalanimals.ch\\\/#website\"},\"primaryImageOfPage\":{\"@id\":\"https:\\\/\\\/regalanimals.ch\\\/product\\\/huile-de-saumon\\\/#primaryimage\"},\"image\":{\"@id\":\"https:\\\/\\\/regalanimals.ch\\\/product\\\/huile-de-saumon\\\/#primaryimage\"},\"thumbnailUrl\":\"https:\\\/\\\/regalanimals.ch\\\/wp-content\\\/uploads\\\/2025\\\/11\\\/Huile-de-saumon.webp\",\"datePublished\":\"2025-08-20T10:24:33+00:00\",\"dateModified\":\"2026-03-24T17:26:44+00:00\",\"description\":\"Un compl\u00e9ment naturel riche en Om\u00e9ga-3 pour soutenir la vitalit\u00e9 de vos compagnons. L\u2019Huile de Saumon am\u00e9liore peau, poil et bien-\u00eatre au quotidien.\",\"breadcrumb\":{\"@id\":\"https:\\\/\\\/regalanimals.ch\\\/product\\\/huile-de-saumon\\\/#breadcrumb\"},\"inLanguage\":\"de\",\"potentialAction\":[{\"@type\":\"ReadAction\",\"target\":[\"https:\\\/\\\/regalanimals.ch\\\/product\\\/huile-de-saumon\\\/\"]}]},{\"@type\":\"ImageObject\",\"inLanguage\":\"de\",\"@id\":\"https:\\\/\\\/regalanimals.ch\\\/product\\\/huile-de-saumon\\\/#primaryimage\",\"url\":\"https:\\\/\\\/regalanimals.ch\\\/wp-content\\\/uploads\\\/2025\\\/11\\\/Huile-de-saumon.webp\",\"contentUrl\":\"https:\\\/\\\/regalanimals.ch\\\/wp-content\\\/uploads\\\/2025\\\/11\\\/Huile-de-saumon.webp\",\"width\":358,\"height\":300,\"caption\":\"Huile de Saumon pour Animaux\"},{\"@type\":\"BreadcrumbList\",\"@id\":\"https:\\\/\\\/regalanimals.ch\\\/product\\\/huile-de-saumon\\\/#breadcrumb\",\"itemListElement\":[{\"@type\":\"ListItem\",\"position\":1,\"name\":\"Home\",\"item\":\"https:\\\/\\\/regalanimals.ch\\\/\"},{\"@type\":\"ListItem\",\"position\":2,\"name\":\"Boutique\",\"item\":\"https:\\\/\\\/regalanimals.ch\\\/shop\\\/\"},{\"@type\":\"ListItem\",\"position\":3,\"name\":\"Huile de Saumon (200 ml)\"}]},{\"@type\":\"WebSite\",\"@id\":\"https:\\\/\\\/regalanimals.ch\\\/#website\",\"url\":\"https:\\\/\\\/regalanimals.ch\\\/\",\"name\":\"R\u00e9gal Animals\",\"description\":\"Alimentation et articles de qualit\u00e9 pour chats, chiens et furets\",\"publisher\":{\"@id\":\"https:\\\/\\\/regalanimals.ch\\\/#organization\"},\"potentialAction\":[{\"@type\":\"SearchAction\",\"target\":{\"@type\":\"EntryPoint\",\"urlTemplate\":\"https:\\\/\\\/regalanimals.ch\\\/?s={search_term_string}\"},\"query-input\":{\"@type\":\"PropertyValueSpecification\",\"valueRequired\":true,\"valueName\":\"search_term_string\"}}],\"inLanguage\":\"de\"},{\"@type\":\"Organization\",\"@id\":\"https:\\\/\\\/regalanimals.ch\\\/#organization\",\"name\":\"R\u00e9gal Animals\",\"url\":\"https:\\\/\\\/regalanimals.ch\\\/\",\"logo\":{\"@type\":\"ImageObject\",\"inLanguage\":\"de\",\"@id\":\"https:\\\/\\\/regalanimals.ch\\\/#\\\/schema\\\/logo\\\/image\\\/\",\"url\":\"https:\\\/\\\/regalanimals.ch\\\/wp-content\\\/uploads\\\/2025\\\/07\\\/Logo-RegalAnimals.png\",\"contentUrl\":\"https:\\\/\\\/regalanimals.ch\\\/wp-content\\\/uploads\\\/2025\\\/07\\\/Logo-RegalAnimals.png\",\"width\":120,\"height\":153,\"caption\":\"R\u00e9gal Animals\"},\"image\":{\"@id\":\"https:\\\/\\\/regalanimals.ch\\\/#\\\/schema\\\/logo\\\/image\\\/\"}}]}<\/script>\n<!-- \/ Yoast SEO Premium plugin. -->","yoast_head_json":{"title":"Lachs\u00f6l f\u00fcr Hunde, hergestellt in Frankreich.","description":"Ein nat\u00fcrliches Nahrungserg\u00e4nzungsmittel reich an Omega-3-Fetts\u00e4uren zur Unterst\u00fctzung der Vitalit\u00e4t Ihres Haustieres. Lachs\u00f6l verbessert Haut, Fell und allgemeines Wohlbefinden.","robots":{"index":"index","follow":"follow","max-snippet":"max-snippet:-1","max-image-preview":"max-image-preview:large","max-video-preview":"max-video-preview:-1"},"canonical":"https:\/\/regalanimals.ch\/de\/product\/lachsol\/","og_locale":"de_DE","og_type":"article","og_title":"Huile de Saumon (200 ml)","og_description":"Un compl\u00e9ment naturel riche en Om\u00e9ga-3 pour soutenir la vitalit\u00e9 de vos compagnons. L\u2019Huile de Saumon am\u00e9liore peau, poil et bien-\u00eatre au quotidien.","og_url":"https:\/\/regalanimals.ch\/de\/product\/lachsol\/","og_site_name":"R\u00e9gal&#039;Animals","article_modified_time":"2026-03-24T17:26:44+00:00","og_image":[{"width":358,"height":300,"url":"https:\/\/regalanimals.ch\/wp-content\/uploads\/2025\/11\/Huile-de-saumon.webp","type":"image\/webp"}],"twitter_card":"summary_large_image","twitter_misc":{"Gesch\u00e4tzte Lesezeit":"4\u00a0Minuten"},"schema":{"@context":"https:\/\/schema.org","@graph":[{"@type":"WebPage","@id":"https:\/\/regalanimals.ch\/product\/huile-de-saumon\/","url":"https:\/\/regalanimals.ch\/product\/huile-de-saumon\/","name":"Lachs\u00f6l f\u00fcr Hunde, hergestellt in Frankreich.","isPartOf":{"@id":"https:\/\/regalanimals.ch\/#website"},"primaryImageOfPage":{"@id":"https:\/\/regalanimals.ch\/product\/huile-de-saumon\/#primaryimage"},"image":{"@id":"https:\/\/regalanimals.ch\/product\/huile-de-saumon\/#primaryimage"},"thumbnailUrl":"https:\/\/regalanimals.ch\/wp-content\/uploads\/2025\/11\/Huile-de-saumon.webp","datePublished":"2025-08-20T10:24:33+00:00","dateModified":"2026-03-24T17:26:44+00:00","description":"Ein nat\u00fcrliches Nahrungserg\u00e4nzungsmittel reich an Omega-3-Fetts\u00e4uren zur Unterst\u00fctzung der Vitalit\u00e4t Ihres Haustieres. Lachs\u00f6l verbessert Haut, Fell und allgemeines Wohlbefinden.","breadcrumb":{"@id":"https:\/\/regalanimals.ch\/product\/huile-de-saumon\/#breadcrumb"},"inLanguage":"de","potentialAction":[{"@type":"ReadAction","target":["https:\/\/regalanimals.ch\/product\/huile-de-saumon\/"]}]},{"@type":"ImageObject","inLanguage":"de","@id":"https:\/\/regalanimals.ch\/product\/huile-de-saumon\/#primaryimage","url":"https:\/\/regalanimals.ch\/wp-content\/uploads\/2025\/11\/Huile-de-saumon.webp","contentUrl":"https:\/\/regalanimals.ch\/wp-content\/uploads\/2025\/11\/Huile-de-saumon.webp","width":358,"height":300,"caption":"Huile de Saumon pour Animaux"},{"@type":"BreadcrumbList","@id":"https:\/\/regalanimals.ch\/product\/huile-de-saumon\/#breadcrumb","itemListElement":[{"@type":"ListItem","position":1,"name":"Home","item":"https:\/\/regalanimals.ch\/"},{"@type":"ListItem","position":2,"name":"Boutique","item":"https:\/\/regalanimals.ch\/shop\/"},{"@type":"ListItem","position":3,"name":"Huile de Saumon (200 ml)"}]},{"@type":"WebSite","@id":"https:\/\/regalanimals.ch\/#website","url":"https:\/\/regalanimals.ch\/","name":"Tierfest","description":"Hochwertiges Futter und Zubeh\u00f6r f\u00fcr Katzen, Hunde und Frettchen","publisher":{"@id":"https:\/\/regalanimals.ch\/#organization"},"potentialAction":[{"@type":"SearchAction","target":{"@type":"EntryPoint","urlTemplate":"https:\/\/regalanimals.ch\/?s={search_term_string}"},"query-input":{"@type":"PropertyValueSpecification","valueRequired":true,"valueName":"search_term_string"}}],"inLanguage":"de"},{"@type":"Organization","@id":"https:\/\/regalanimals.ch\/#organization","name":"Tierfest","url":"https:\/\/regalanimals.ch\/","logo":{"@type":"ImageObject","inLanguage":"de","@id":"https:\/\/regalanimals.ch\/#\/schema\/logo\/image\/","url":"https:\/\/regalanimals.ch\/wp-content\/uploads\/2025\/07\/Logo-RegalAnimals.png","contentUrl":"https:\/\/regalanimals.ch\/wp-content\/uploads\/2025\/07\/Logo-RegalAnimals.png","width":120,"height":153,"caption":"R\u00e9gal Animals"},"image":{"@id":"https:\/\/regalanimals.ch\/#\/schema\/logo\/image\/"}}]}},"_links":{"self":[{"href":"https:\/\/regalanimals.ch\/de\/wp-json\/wp\/v2\/product\/38614","targetHints":{"allow":["GET"]}}],"collection":[{"href":"https:\/\/regalanimals.ch\/de\/wp-json\/wp\/v2\/product"}],"about":[{"href":"https:\/\/regalanimals.ch\/de\/wp-json\/wp\/v2\/types\/product"}],"replies":[{"embeddable":true,"href":"https:\/\/regalanimals.ch\/de\/wp-json\/wp\/v2\/comments?post=38614"}],"wp:featuredmedia":[{"embeddable":true,"href":"https:\/\/regalanimals.ch\/de\/wp-json\/wp\/v2\/media\/39959"}],"wp:attachment":[{"href":"https:\/\/regalanimals.ch\/de\/wp-json\/wp\/v2\/media?parent=38614"}],"wp:term":[{"taxonomy":"product_brand","embeddable":true,"href":"https:\/\/regalanimals.ch\/de\/wp-json\/wp\/v2\/product_brand?post=38614"},{"taxonomy":"product_cat","embeddable":true,"href":"https:\/\/regalanimals.ch\/de\/wp-json\/wp\/v2\/product_cat?post=38614"},{"taxonomy":"product_tag","embeddable":true,"href":"https:\/\/regalanimals.ch\/de\/wp-json\/wp\/v2\/product_tag?post=38614"}],"curies":[{"name":"wp","href":"https:\/\/api.w.org\/{rel}","templated":true}]}}