{"id":38724,"date":"2025-08-26T12:48:12","date_gmt":"2025-08-26T10:48:12","guid":{"rendered":"https:\/\/regalanimals.geekworkers.dev\/?post_type=product&#038;p=38724"},"modified":"2026-03-22T18:57:17","modified_gmt":"2026-03-22T17:57:17","slug":"levure-de-biere","status":"publish","type":"product","link":"https:\/\/regalanimals.ch\/de\/product\/levure-de-biere\/","title":{"rendered":"Levure de Bi\u00e8re (250 g)"},"content":{"rendered":"<h2 data-start=\"653\" data-end=\"679\"><strong data-start=\"656\" data-end=\"677\">Bierhefe\ud83d\udc3e<\/strong><\/h2>\n<h3 data-start=\"680\" data-end=\"739\">Ein nat\u00fcrliches Nahrungserg\u00e4nzungsmittel f\u00fcr das Wohlbefinden Ihres Haustieres<\/h3>\n<p data-start=\"741\" data-end=\"1183\">Bierhefe ist ein einfaches, nat\u00fcrliches Erg\u00e4nzungsmittel, das aufgrund seiner zahlreichen Vorteile besonders gesch\u00e4tzt wird. Dank seines hohen N\u00e4hrstoffgehalts unterst\u00fctzt es die allgemeine Vitalit\u00e4t von Hunden, Katzen, Frettchen und Pferden. Es l\u00e4sst sich leicht in die t\u00e4gliche Ern\u00e4hrung integrieren und tr\u00e4gt zu mehr Energie, einem ges\u00fcnderen Fell und einer besseren Verdauung bei. So unterst\u00fctzt es Ihr Haustier sanft und effektiv \u2013 jeden Tag.<\/p>\n<p data-start=\"1185\" data-end=\"1414\">\ud83d\udc49 Es ist wichtig klarzustellen, dass es sich hierbei nicht um ein Tierarzneimittel handelt, sondern um ein nat\u00fcrliches Wellness-Erg\u00e4nzungsmittel, das die Gesundheit Ihres Haustieres unterst\u00fctzen kann, jedoch keine professionelle Beratung ersetzt.<\/p>\n<hr data-start=\"1416\" data-end=\"1419\" \/>\n<h2 data-start=\"1421\" data-end=\"1474\">Eine wertvolle Quelle f\u00fcr Vitamine und Mineralstoffe \u2728<\/h2>\n<p data-start=\"1476\" data-end=\"1921\">Bierhefe ist von Natur aus reich an B-Vitaminen. Diese spielen eine wichtige Rolle f\u00fcr die K\u00f6rperfunktionen. Sie tragen zu mehr Vitalit\u00e4t bei, unterst\u00fctzen eine gesunde Verdauung und f\u00f6rdern ein sch\u00f6nes Fell. Dar\u00fcber hinaus st\u00e4rken sie die Krallen und die Haut. Nach regelm\u00e4\u00dfiger Anwendung berichten viele Tiere von einem weicheren, gl\u00e4nzenderen und dichteren Fell.<\/p>\n<hr data-start=\"1923\" data-end=\"1926\" \/>\n<h2 data-start=\"1928\" data-end=\"1967\">Ein nat\u00fcrlicher Schutz gegen Stress \ud83c\udf31<\/h2>\n<p data-start=\"1969\" data-end=\"2422\">Dieses Nahrungserg\u00e4nzungsmittel ist auch f\u00fcr seine beruhigende Wirkung bekannt. Bei einem Umgebungswechsel, auf Reisen oder in Stressphasen kann Bierhefe Ihrem Haustier helfen, wieder ausgeglichener zu werden. Dank seiner nat\u00fcrlichen N\u00e4hrstoffe bietet es eine sanfte und dennoch wirksame Unterst\u00fctzung und tr\u00e4gt so zum allgemeinen Wohlbefinden des Tieres bei. Es kann daher eine ganz nat\u00fcrliche M\u00f6glichkeit bieten, sensible Phasen zu unterst\u00fctzen.<\/p>\n<hr data-start=\"2424\" data-end=\"2427\" \/>\n<h2 data-start=\"2429\" data-end=\"2472\">Ein Produkt, das f\u00fcr verschiedene Tierarten geeignet ist \ud83d\udc3e<\/h2>\n<p data-start=\"2474\" data-end=\"2894\">Bierhefe ist vielseitig einsetzbar und f\u00fcr viele Tierarten geeignet. Sie f\u00f6rdert das Wachstum von Frettchen, unterst\u00fctzt die Vitalit\u00e4t von Hunden, tr\u00e4gt zu einem gl\u00e4nzenden Fell bei Katzen bei und unterst\u00fctzt die allgemeine Gesundheit von Pferden. Dank ihrer einfachen Zusammensetzung l\u00e4sst sie sich problemlos in die Ern\u00e4hrung jedes Tieres integrieren. Daher ist sie eine ideale Erg\u00e4nzung f\u00fcr Haushalte mit mehreren Tierarten.<\/p>\n<hr data-start=\"2896\" data-end=\"2899\" \/>\n<h2 data-start=\"2901\" data-end=\"2930\">Anwendungstipps \ud83c\udf7d\ufe0f<\/h2>\n<p data-start=\"2932\" data-end=\"3351\">Die Anwendung von Bierhefe ist ganz einfach: Mischen Sie sie einfach direkt unter das t\u00e4gliche Futter Ihres Haustieres. Sie k\u00f6nnen sie als 15-t\u00e4gige Kur oder je nach Bedarf Ihres Tieres auch regelm\u00e4\u00dfig verabreichen. Dank ihres nat\u00fcrlich malzigen Geschmacks macht sie das Futter schmackhafter, selbst f\u00fcr w\u00e4hlerische Fresser. Daher l\u00e4sst sie sich leicht in die t\u00e4gliche Ern\u00e4hrung integrieren.<\/p>\n<hr data-start=\"3353\" data-end=\"3356\" \/>\n<h2 data-start=\"3358\" data-end=\"3385\">\ud83d\udc3e H\u00e4ufig gestellte Fragen<\/h2>\n<h3 data-start=\"3386\" data-end=\"3415\">\u2753 Noch unentschlossen? Hier sind die h\u00e4ufigsten Fragen zu Bierhefe.<\/h3>\n<h4>\u27a1\ufe0f Wozu wird Bierhefe bei Tieren verwendet?<\/h4>\n<p data-start=\"3544\" data-end=\"3705\">Es f\u00f6rdert die Vitalit\u00e4t, verbessert die Sch\u00f6nheit des Fells und tr\u00e4gt dank seines Reichtums an B-Vitaminen und nat\u00fcrlichen N\u00e4hrstoffen zum Wohlbefinden der Verdauung bei.<\/p>\n<h4 data-start=\"3707\" data-end=\"3753\">\u27a1\ufe0f Ist es f\u00fcr alle Tierarten geeignet?<\/h4>\n<p data-start=\"3754\" data-end=\"3908\">Ja, es kann Hunden, Katzen, Frettchen und Pferden verabreicht werden. Sie m\u00fcssen die Dosis jedoch lediglich an die Tierart und das Gewicht anpassen.<\/p>\n<hr data-start=\"3910\" data-end=\"3913\" \/>\n<h2 data-start=\"3915\" data-end=\"3945\">\ud83d\udca6 Ratschl\u00e4ge von R\u00e9gal&#039;Animals \ud83d\udc9a<\/h2>\n<p data-start=\"3947\" data-end=\"4187\">Mischen Sie Bierhefe direkt unter das t\u00e4gliche Futter Ihres Haustieres. Sie k\u00f6nnen sie kurzfristig oder regelm\u00e4\u00dfig anwenden. Dieses nat\u00fcrliche Erg\u00e4nzungsmittel ist besonders hilfreich w\u00e4hrend des Fellwechsels, bei M\u00fcdigkeit oder Stress. \ud83d\udc9a<\/p>\n<hr data-start=\"4189\" data-end=\"4192\" \/>\n<h4 data-start=\"4194\" data-end=\"4257\">\u27a1\ufe0f Hilft Bierhefe wirklich bei der Fellgesundheit?<\/h4>\n<p data-start=\"4258\" data-end=\"4399\">Ja, dank der enthaltenen B-Vitamine tr\u00e4gt es zur Verbesserung von Glanz, Dichte und Qualit\u00e4t des Haares bei und unterst\u00fctzt gleichzeitig die Haut.<\/p>\n<h4 data-start=\"4401\" data-end=\"4444\">\u27a1\ufe0f Kann es das ganze Jahr \u00fcber verabreicht werden?<\/h4>\n<p data-start=\"4445\" data-end=\"4604\">Ja, vorausgesetzt, Sie passen die Dosierung an und beobachten die Reaktion des Tieres. Viele Tierhalter nutzen es langfristig zur t\u00e4glichen Unterst\u00fctzung.<\/p>\n<hr data-start=\"4606\" data-end=\"4609\" \/>\n<h2 data-start=\"4611\" data-end=\"4627\">Zusammensetzung<\/h2>\n<p data-start=\"4628\" data-end=\"4695\">Getrocknete und inaktive Bierhefe (100 % Saccharomyces cerevisiae)<\/p>\n<h2 data-start=\"4697\" data-end=\"4726\">Analytische Bestandteile<\/h2>\n<p data-start=\"4727\" data-end=\"4861\">Rohprotein: 46 %<br data-start=\"4748\" data-end=\"4751\" \/>Mineralische Materialien: 8 %<br data-start=\"4775\" data-end=\"4778\" \/>Rohfett: 2,7 %<br data-start=\"4809\" data-end=\"4812\" \/>Rohzellulose: 1 %<br data-start=\"4833\" data-end=\"4836\" \/>Vitamin B8: 850 \u00b5g\/kg<\/p>\n<p data-start=\"2004\" data-end=\"2169\"><a href=\"https:\/\/regalanimals.ch\/de\/product\/friandises-lapin-lyophilisees\/\">Vorschlag f\u00fcr ihn<\/a><\/p>","protected":false},"excerpt":{"rendered":"<p>Levure de Bi\u00e8re\ud83d\udc3e Un compl\u00e9ment alimentaire naturel pour le bien-\u00eatre de votre animal La Levure de Bi\u00e8re est un compl\u00e9ment simple, naturel et particuli\u00e8rement appr\u00e9ci\u00e9 pour ses nombreux bienfaits. Gr\u00e2ce \u00e0 sa richesse nutritionnelle, elle soutient la vitalit\u00e9 g\u00e9n\u00e9rale des chiens, chats, furets et chevaux. En effet, elle s\u2019int\u00e8gre ais\u00e9ment \u00e0 l\u2019alimentation quotidienne et contribue [&hellip;]<\/p>\n","protected":false},"featured_media":39958,"menu_order":0,"comment_status":"open","ping_status":"closed","template":"","meta":[],"product_brand":[],"product_cat":[89,24,276,278],"product_tag":[],"class_list":{"0":"post-38724","1":"product","2":"type-product","3":"status-publish","4":"has-post-thumbnail","6":"product_cat-chats","7":"product_cat-chiens","8":"product_cat-complements-alimentaires","9":"product_cat-complements-alimentaires-pour-chats","11":"first","12":"instock","13":"taxable","14":"shipping-taxable","15":"purchasable","16":"product-type-simple"},"yoast_head":"<!-- This site is optimized with the Yoast SEO Premium plugin v27.3 (Yoast SEO v27.3) - https:\/\/yoast.com\/product\/yoast-seo-premium-wordpress\/ -->\n<title>Levure de Bi\u00e8re \u2013 Compl\u00e9ment naturel pour chiens et chats<\/title>\n<meta name=\"description\" content=\"Un compl\u00e9ment naturel pour chiens et chats qui soutient la vitalit\u00e9 et la digestion. La Levure de Bi\u00e8re am\u00e9liore le poil et le bien-\u00eatre quotidien.\" \/>\n<meta name=\"robots\" content=\"index, follow, max-snippet:-1, max-image-preview:large, max-video-preview:-1\" \/>\n<link rel=\"canonical\" href=\"https:\/\/regalanimals.ch\/de\/product\/levure-de-biere\/\" \/>\n<meta property=\"og:locale\" content=\"de_DE\" \/>\n<meta property=\"og:type\" content=\"article\" \/>\n<meta property=\"og:title\" content=\"Levure de Bi\u00e8re (250 g)\" \/>\n<meta property=\"og:description\" content=\"Un compl\u00e9ment naturel pour chiens et chats qui soutient la vitalit\u00e9 et la digestion. La Levure de Bi\u00e8re am\u00e9liore le poil et le bien-\u00eatre quotidien.\" \/>\n<meta property=\"og:url\" content=\"https:\/\/regalanimals.ch\/de\/product\/levure-de-biere\/\" \/>\n<meta property=\"og:site_name\" content=\"R\u00e9gal&#039;Animals\" \/>\n<meta property=\"article:modified_time\" content=\"2026-03-22T17:57:17+00:00\" \/>\n<meta property=\"og:image\" content=\"https:\/\/regalanimals.ch\/wp-content\/uploads\/2025\/11\/Levure-de-biere.webp\" \/>\n\t<meta property=\"og:image:width\" content=\"358\" \/>\n\t<meta property=\"og:image:height\" content=\"300\" \/>\n\t<meta property=\"og:image:type\" content=\"image\/webp\" \/>\n<meta name=\"twitter:card\" content=\"summary_large_image\" \/>\n<meta name=\"twitter:label1\" content=\"Gesch\u00e4tzte Lesezeit\" \/>\n\t<meta name=\"twitter:data1\" content=\"4\u00a0Minuten\" \/>\n<script type=\"application\/ld+json\" class=\"yoast-schema-graph\">{\"@context\":\"https:\\\/\\\/schema.org\",\"@graph\":[{\"@type\":\"WebPage\",\"@id\":\"https:\\\/\\\/regalanimals.ch\\\/product\\\/levure-de-biere\\\/\",\"url\":\"https:\\\/\\\/regalanimals.ch\\\/product\\\/levure-de-biere\\\/\",\"name\":\"Levure de Bi\u00e8re \u2013 Compl\u00e9ment naturel pour chiens et chats\",\"isPartOf\":{\"@id\":\"https:\\\/\\\/regalanimals.ch\\\/#website\"},\"primaryImageOfPage\":{\"@id\":\"https:\\\/\\\/regalanimals.ch\\\/product\\\/levure-de-biere\\\/#primaryimage\"},\"image\":{\"@id\":\"https:\\\/\\\/regalanimals.ch\\\/product\\\/levure-de-biere\\\/#primaryimage\"},\"thumbnailUrl\":\"https:\\\/\\\/regalanimals.ch\\\/wp-content\\\/uploads\\\/2025\\\/11\\\/Levure-de-biere.webp\",\"datePublished\":\"2025-08-26T10:48:12+00:00\",\"dateModified\":\"2026-03-22T17:57:17+00:00\",\"description\":\"Un compl\u00e9ment naturel pour chiens et chats qui soutient la vitalit\u00e9 et la digestion. La Levure de Bi\u00e8re am\u00e9liore le poil et le bien-\u00eatre quotidien.\",\"breadcrumb\":{\"@id\":\"https:\\\/\\\/regalanimals.ch\\\/product\\\/levure-de-biere\\\/#breadcrumb\"},\"inLanguage\":\"de\",\"potentialAction\":[{\"@type\":\"ReadAction\",\"target\":[\"https:\\\/\\\/regalanimals.ch\\\/product\\\/levure-de-biere\\\/\"]}]},{\"@type\":\"ImageObject\",\"inLanguage\":\"de\",\"@id\":\"https:\\\/\\\/regalanimals.ch\\\/product\\\/levure-de-biere\\\/#primaryimage\",\"url\":\"https:\\\/\\\/regalanimals.ch\\\/wp-content\\\/uploads\\\/2025\\\/11\\\/Levure-de-biere.webp\",\"contentUrl\":\"https:\\\/\\\/regalanimals.ch\\\/wp-content\\\/uploads\\\/2025\\\/11\\\/Levure-de-biere.webp\",\"width\":358,\"height\":300,\"caption\":\"Levure de Bi\u00e8re pour Animaux\"},{\"@type\":\"BreadcrumbList\",\"@id\":\"https:\\\/\\\/regalanimals.ch\\\/product\\\/levure-de-biere\\\/#breadcrumb\",\"itemListElement\":[{\"@type\":\"ListItem\",\"position\":1,\"name\":\"Home\",\"item\":\"https:\\\/\\\/regalanimals.ch\\\/\"},{\"@type\":\"ListItem\",\"position\":2,\"name\":\"Boutique\",\"item\":\"https:\\\/\\\/regalanimals.ch\\\/shop\\\/\"},{\"@type\":\"ListItem\",\"position\":3,\"name\":\"Levure de Bi\u00e8re (250 g)\"}]},{\"@type\":\"WebSite\",\"@id\":\"https:\\\/\\\/regalanimals.ch\\\/#website\",\"url\":\"https:\\\/\\\/regalanimals.ch\\\/\",\"name\":\"R\u00e9gal Animals\",\"description\":\"Alimentation et articles de qualit\u00e9 pour chats, chiens et furets\",\"publisher\":{\"@id\":\"https:\\\/\\\/regalanimals.ch\\\/#organization\"},\"potentialAction\":[{\"@type\":\"SearchAction\",\"target\":{\"@type\":\"EntryPoint\",\"urlTemplate\":\"https:\\\/\\\/regalanimals.ch\\\/?s={search_term_string}\"},\"query-input\":{\"@type\":\"PropertyValueSpecification\",\"valueRequired\":true,\"valueName\":\"search_term_string\"}}],\"inLanguage\":\"de\"},{\"@type\":\"Organization\",\"@id\":\"https:\\\/\\\/regalanimals.ch\\\/#organization\",\"name\":\"R\u00e9gal Animals\",\"url\":\"https:\\\/\\\/regalanimals.ch\\\/\",\"logo\":{\"@type\":\"ImageObject\",\"inLanguage\":\"de\",\"@id\":\"https:\\\/\\\/regalanimals.ch\\\/#\\\/schema\\\/logo\\\/image\\\/\",\"url\":\"https:\\\/\\\/regalanimals.ch\\\/wp-content\\\/uploads\\\/2025\\\/07\\\/Logo-RegalAnimals.png\",\"contentUrl\":\"https:\\\/\\\/regalanimals.ch\\\/wp-content\\\/uploads\\\/2025\\\/07\\\/Logo-RegalAnimals.png\",\"width\":120,\"height\":153,\"caption\":\"R\u00e9gal Animals\"},\"image\":{\"@id\":\"https:\\\/\\\/regalanimals.ch\\\/#\\\/schema\\\/logo\\\/image\\\/\"}}]}<\/script>\n<!-- \/ Yoast SEO Premium plugin. -->","yoast_head_json":{"title":"Bierhefe \u2013 Nat\u00fcrliches Nahrungserg\u00e4nzungsmittel f\u00fcr Hunde und Katzen","description":"Ein nat\u00fcrliches Erg\u00e4nzungsfuttermittel f\u00fcr Hunde und Katzen, das Vitalit\u00e4t und Verdauung f\u00f6rdert. Bierhefe verbessert die Fellgesundheit und das allgemeine Wohlbefinden.","robots":{"index":"index","follow":"follow","max-snippet":"max-snippet:-1","max-image-preview":"max-image-preview:large","max-video-preview":"max-video-preview:-1"},"canonical":"https:\/\/regalanimals.ch\/de\/product\/levure-de-biere\/","og_locale":"de_DE","og_type":"article","og_title":"Levure de Bi\u00e8re (250 g)","og_description":"Un compl\u00e9ment naturel pour chiens et chats qui soutient la vitalit\u00e9 et la digestion. La Levure de Bi\u00e8re am\u00e9liore le poil et le bien-\u00eatre quotidien.","og_url":"https:\/\/regalanimals.ch\/de\/product\/levure-de-biere\/","og_site_name":"R\u00e9gal&#039;Animals","article_modified_time":"2026-03-22T17:57:17+00:00","og_image":[{"width":358,"height":300,"url":"https:\/\/regalanimals.ch\/wp-content\/uploads\/2025\/11\/Levure-de-biere.webp","type":"image\/webp"}],"twitter_card":"summary_large_image","twitter_misc":{"Gesch\u00e4tzte Lesezeit":"4\u00a0Minuten"},"schema":{"@context":"https:\/\/schema.org","@graph":[{"@type":"WebPage","@id":"https:\/\/regalanimals.ch\/product\/levure-de-biere\/","url":"https:\/\/regalanimals.ch\/product\/levure-de-biere\/","name":"Bierhefe \u2013 Nat\u00fcrliches Nahrungserg\u00e4nzungsmittel f\u00fcr Hunde und Katzen","isPartOf":{"@id":"https:\/\/regalanimals.ch\/#website"},"primaryImageOfPage":{"@id":"https:\/\/regalanimals.ch\/product\/levure-de-biere\/#primaryimage"},"image":{"@id":"https:\/\/regalanimals.ch\/product\/levure-de-biere\/#primaryimage"},"thumbnailUrl":"https:\/\/regalanimals.ch\/wp-content\/uploads\/2025\/11\/Levure-de-biere.webp","datePublished":"2025-08-26T10:48:12+00:00","dateModified":"2026-03-22T17:57:17+00:00","description":"Ein nat\u00fcrliches Erg\u00e4nzungsfuttermittel f\u00fcr Hunde und Katzen, das Vitalit\u00e4t und Verdauung f\u00f6rdert. Bierhefe verbessert die Fellgesundheit und das allgemeine Wohlbefinden.","breadcrumb":{"@id":"https:\/\/regalanimals.ch\/product\/levure-de-biere\/#breadcrumb"},"inLanguage":"de","potentialAction":[{"@type":"ReadAction","target":["https:\/\/regalanimals.ch\/product\/levure-de-biere\/"]}]},{"@type":"ImageObject","inLanguage":"de","@id":"https:\/\/regalanimals.ch\/product\/levure-de-biere\/#primaryimage","url":"https:\/\/regalanimals.ch\/wp-content\/uploads\/2025\/11\/Levure-de-biere.webp","contentUrl":"https:\/\/regalanimals.ch\/wp-content\/uploads\/2025\/11\/Levure-de-biere.webp","width":358,"height":300,"caption":"Levure de Bi\u00e8re pour Animaux"},{"@type":"BreadcrumbList","@id":"https:\/\/regalanimals.ch\/product\/levure-de-biere\/#breadcrumb","itemListElement":[{"@type":"ListItem","position":1,"name":"Home","item":"https:\/\/regalanimals.ch\/"},{"@type":"ListItem","position":2,"name":"Boutique","item":"https:\/\/regalanimals.ch\/shop\/"},{"@type":"ListItem","position":3,"name":"Levure de Bi\u00e8re (250 g)"}]},{"@type":"WebSite","@id":"https:\/\/regalanimals.ch\/#website","url":"https:\/\/regalanimals.ch\/","name":"Tierfest","description":"Hochwertiges Futter und Zubeh\u00f6r f\u00fcr Katzen, Hunde und Frettchen","publisher":{"@id":"https:\/\/regalanimals.ch\/#organization"},"potentialAction":[{"@type":"SearchAction","target":{"@type":"EntryPoint","urlTemplate":"https:\/\/regalanimals.ch\/?s={search_term_string}"},"query-input":{"@type":"PropertyValueSpecification","valueRequired":true,"valueName":"search_term_string"}}],"inLanguage":"de"},{"@type":"Organization","@id":"https:\/\/regalanimals.ch\/#organization","name":"Tierfest","url":"https:\/\/regalanimals.ch\/","logo":{"@type":"ImageObject","inLanguage":"de","@id":"https:\/\/regalanimals.ch\/#\/schema\/logo\/image\/","url":"https:\/\/regalanimals.ch\/wp-content\/uploads\/2025\/07\/Logo-RegalAnimals.png","contentUrl":"https:\/\/regalanimals.ch\/wp-content\/uploads\/2025\/07\/Logo-RegalAnimals.png","width":120,"height":153,"caption":"R\u00e9gal Animals"},"image":{"@id":"https:\/\/regalanimals.ch\/#\/schema\/logo\/image\/"}}]}},"_links":{"self":[{"href":"https:\/\/regalanimals.ch\/de\/wp-json\/wp\/v2\/product\/38724","targetHints":{"allow":["GET"]}}],"collection":[{"href":"https:\/\/regalanimals.ch\/de\/wp-json\/wp\/v2\/product"}],"about":[{"href":"https:\/\/regalanimals.ch\/de\/wp-json\/wp\/v2\/types\/product"}],"replies":[{"embeddable":true,"href":"https:\/\/regalanimals.ch\/de\/wp-json\/wp\/v2\/comments?post=38724"}],"wp:featuredmedia":[{"embeddable":true,"href":"https:\/\/regalanimals.ch\/de\/wp-json\/wp\/v2\/media\/39958"}],"wp:attachment":[{"href":"https:\/\/regalanimals.ch\/de\/wp-json\/wp\/v2\/media?parent=38724"}],"wp:term":[{"taxonomy":"product_brand","embeddable":true,"href":"https:\/\/regalanimals.ch\/de\/wp-json\/wp\/v2\/product_brand?post=38724"},{"taxonomy":"product_cat","embeddable":true,"href":"https:\/\/regalanimals.ch\/de\/wp-json\/wp\/v2\/product_cat?post=38724"},{"taxonomy":"product_tag","embeddable":true,"href":"https:\/\/regalanimals.ch\/de\/wp-json\/wp\/v2\/product_tag?post=38724"}],"curies":[{"name":"wp","href":"https:\/\/api.w.org\/{rel}","templated":true}]}}