{"id":39682,"date":"2025-11-02T10:44:10","date_gmt":"2025-11-02T09:44:10","guid":{"rendered":"https:\/\/regalanimals.ch\/?post_type=product&#038;p=39682"},"modified":"2026-03-25T11:13:21","modified_gmt":"2026-03-25T10:13:21","slug":"oreilles-de-porc-pour-chien","status":"publish","type":"product","link":"https:\/\/regalanimals.ch\/de\/product\/oreilles-de-porc-pour-chien\/","title":{"rendered":"Schweineohren f\u00fcr Hunde"},"content":{"rendered":"<h2 data-start=\"320\" data-end=\"352\">Schweineohren f\u00fcr Hunde<\/h2>\n<h3 data-start=\"353\" data-end=\"402\">Ein nat\u00fcrlicher, knuspriger Leckerbissen \ud83d\udc37<\/h3>\n<p data-start=\"404\" data-end=\"844\">Die Schweineohren f\u00fcr Hunde \u2013 auch in der XL-Variante \u2013 sind 100 % Schweinefleisch-Leckerlis, nat\u00fcrlich und aufgrund ihres authentischen Geschmacks sehr gesch\u00e4tzt. Dank sorgf\u00e4ltiger Reinigung, Blanchieren in kochendem Wasser und anschlie\u00dfendem langsamen Trocknen behalten sie ihre knusprige Textur und ihr nat\u00fcrliches Aroma ganz ohne Zusatzstoffe.<br data-start=\"717\" data-end=\"720\" \/>Somit bieten sie ein langanhaltendes, gesundes Kauvergn\u00fcgen, das perfekt auf die instinktiven Bed\u00fcrfnisse vieler Hunde abgestimmt ist.<\/p>\n<hr data-start=\"1329\" data-end=\"1332\" \/>\n<h2 data-start=\"851\" data-end=\"901\">Ein gesundes Kauprodukt \ud83e\uddb7<\/h2>\n<p data-start=\"903\" data-end=\"1415\">Da beim Kauen Endorphine freigesetzt werden, beruhigt es nerv\u00f6se oder aufgeregte Hunde auf nat\u00fcrliche Weise. Dar\u00fcber hinaus f\u00f6rdert das Nagen an einem Schweineohr die Mundhygiene, indem es die Zahnsteinbildung reduziert und gleichzeitig das Zahnfleisch sanft massiert.<br data-start=\"1153\" data-end=\"1156\" \/>Die Ohren sind reich an tierischem Eiwei\u00df, Knorpel und Kollagen und unterst\u00fctzen au\u00dferdem die Muskulatur, die Gelenkbeweglichkeit und sogar die Sch\u00f6nheit des Fells.<br data-start=\"1313\" data-end=\"1316\" \/>Schlie\u00dflich sorgt ihre feste Konsistenz daf\u00fcr, dass das Kauen mehr Spa\u00df macht und dem Hund langanhaltende Stimulation bietet.<\/p>\n<hr data-start=\"2010\" data-end=\"2013\" \/>\n<h2 data-start=\"1422\" data-end=\"1470\">Ein Leckerbissen f\u00fcr alle Hunde \ud83d\udc3e<\/h2>\n<p data-start=\"1472\" data-end=\"1671\">Die flexiblen und dennoch robusten Schweineohren eignen sich f\u00fcr Hunde jeden Alters, von Welpen (mit ihren bleibenden Z\u00e4hnen) bis hin zu Senioren.<br data-start=\"1604\" data-end=\"1607\" \/>Sie sind in zwei Formaten erh\u00e4ltlich, um den Bed\u00fcrfnissen besser gerecht zu werden:<\/p>\n<ul data-start=\"1673\" data-end=\"1828\">\n<li data-start=\"1673\" data-end=\"1750\">\n<p data-start=\"1675\" data-end=\"1750\">10 St\u00fcck <strong data-start=\"1685\" data-end=\"1704\">Standardgr\u00f6\u00dfe<\/strong>, ideal f\u00fcr kleine und mittelgro\u00dfe Hunde; ;<\/p>\n<\/li>\n<li data-start=\"1751\" data-end=\"1828\">\n<p data-start=\"1753\" data-end=\"1828\">25 St\u00fcck <strong data-start=\"1763\" data-end=\"1769\">XL<\/strong>, entwickelt f\u00fcr Hunde mit starkem Kaubed\u00fcrfnis und gro\u00dfe Hunderassen.<\/p>\n<\/li>\n<\/ul>\n<p data-start=\"1830\" data-end=\"2044\">Da sie von Natur aus fettreich sind, empfiehlt es sich dennoch, sie nur in Ma\u00dfen zu verf\u00fcttern, insbesondere an \u00fcbergewichtige Hunde. Ihre au\u00dfergew\u00f6hnliche Schmackhaftigkeit erlaubt es Ihnen jedoch, sie ruhig einmal zu verw\u00f6hnen, ohne es zu \u00fcbertreiben.<\/p>\n<hr data-start=\"2723\" data-end=\"2726\" \/>\n<h2 data-start=\"2728\" data-end=\"2781\">Ein einfacher, nat\u00fcrlicher und preiswerter Genuss \ud83d\udc9a<\/h2>\n<p data-start=\"2783\" data-end=\"3295\">Nat\u00fcrlich, leicht verdaulich und lecker \u2013 Schweineohren eignen sich perfekt als Belohnung, zur Besch\u00e4ftigung oder einfach zum Verw\u00f6hnen.<br data-start=\"2910\" data-end=\"2913\" \/>Sie stellen eine ges\u00fcndere Alternative zu verarbeiteten S\u00fc\u00dfigkeiten dar.<br data-start=\"2988\" data-end=\"2991\" \/>Dar\u00fcber hinaus sind sie aufgrund ihres guten Preis-Leistungs-Verh\u00e4ltnisses eine wirtschaftliche Option f\u00fcr Besitzer, denen das Wohlbefinden ihres Tieres am Herzen liegt.<br data-start=\"3121\" data-end=\"3124\" \/>Kurz gesagt, das Anbieten von Schweineohren vereint Genuss, Hygiene und Vitalit\u00e4t.<br data-start=\"3207\" data-end=\"3210\" \/>Deshalb geh\u00f6ren sie nach wie vor zu den beliebtesten nat\u00fcrlichen Leckerlis f\u00fcr Hunde!<\/p>\n<hr data-start=\"3239\" data-end=\"3242\" \/>\n<h2 data-start=\"2304\" data-end=\"2747\">\ud83d\udc3e H\u00e4ufig gestellte Fragen<\/h2>\n<h3 data-start=\"2998\" data-end=\"3118\">\u2753 Noch unentschlossen? Hier finden Sie Antworten auf die h\u00e4ufigsten Fragen zu Schweineohren f\u00fcr Hunde.<\/h3>\n<h4 data-start=\"3456\" data-end=\"3525\">\u27a1\ufe0f Sind Schweineohren f\u00fcr alle Hunde unbedenklich?<\/h4>\n<p data-start=\"3526\" data-end=\"3866\">Ja, aber Sie m\u00fcssen die Gr\u00f6\u00dfe an den Kiefer und die Kraft Ihres Hundes anpassen.<br data-start=\"3609\" data-end=\"3612\" \/>Beaufsichtigen Sie ihn stets beim Kauen, um zu verhindern, dass er ein gro\u00dfes St\u00fcck verschluckt.<\/p>\n<p data-start=\"3526\" data-end=\"3866\">\ud83d\udc49 <a class=\"decorated-link\" href=\"https:\/\/www.cernunos.fr\/blogs\/news\/oreille-de-porc-danger-chien\" target=\"_new\" rel=\"noopener\" data-start=\"3641\" data-end=\"3759\">Informieren Sie sich hier \u00fcber die Vorsichtsma\u00dfnahmen und potenziellen Gefahren.<\/a><\/p>\n<h4 data-start=\"3868\" data-end=\"3926\">\u27a1\ufe0f Ab welchem Alter d\u00fcrfen Welpen es fressen?<\/h4>\n<p data-start=\"3927\" data-end=\"4235\">Ein Welpe kann es ab einem Alter von 4 Monaten fressen, wenn seine Z\u00e4hne vollst\u00e4ndig ausgebildet sind.<br data-start=\"4009\" data-end=\"4012\" \/>Beginnen Sie immer mit einem kleinen St\u00fcck und beobachten Sie die Reaktion des Kindes.<\/p>\n<p data-start=\"3927\" data-end=\"4235\">\ud83d\udc49 <a class=\"decorated-link\" href=\"https:\/\/www.cernunos.fr\/blogs\/news\/oreille-de-porc-chiot\" target=\"_new\" rel=\"noopener\" data-start=\"3975\" data-end=\"4086\">Erfahren Sie mehr \u00fcber Schweineohren f\u00fcr Welpen.<\/a><\/p>\n<hr data-start=\"4237\" data-end=\"4240\" \/>\n<h2 data-start=\"4242\" data-end=\"4271\">\ud83d\udca6 R\u00e9gal&#039;Animals Beratung<\/h2>\n<p data-start=\"4273\" data-end=\"4519\">Liebt Ihr Hund es zu kauen? Perfekt! Vergessen Sie aber nicht, ihm einen Napf mit frischem Wasser in der N\u00e4he hinzustellen.<br data-start=\"4380\" data-end=\"4383\" \/>Behalte ihn w\u00e4hrend des Kauens im Auge, damit er es unbesorgt genie\u00dfen kann: Das ist das Geheimnis f\u00fcr sorgenfreies Vergn\u00fcgen und einen entspannten Besitzer \ud83d\udc9a<\/p>\n<h4 data-start=\"4526\" data-end=\"4573\">\u27a1\ufe0f Wie oft kann es verabreicht werden?<\/h4>\n<p data-start=\"4574\" data-end=\"4961\">Schweineohren sind reich an Fett.<br data-start=\"4619\" data-end=\"4622\" \/>Im Allgemeinen reichen ein bis zwei Mal pro Woche f\u00fcr einen durchschnittlichen Hund aus, bis zu dreimal f\u00fcr einen gro\u00dfen Hund.<br data-start=\"4722\" data-end=\"4725\" \/>Dar\u00fcber hinaus muss die Menge an die Gr\u00f6\u00dfe und den Aktivit\u00e4tsgrad des Hundes angepasst werden.<\/p>\n<p data-start=\"4574\" data-end=\"4961\">\ud83d\udc49 <a class=\"decorated-link\" href=\"https:\/\/www.cernunos.fr\/blogs\/news\/oreille-de-porc-danger-chien\" target=\"_new\" rel=\"noopener\" data-start=\"4377\" data-end=\"4497\">Beachten Sie die detaillierten Empfehlungen zur H\u00e4ufigkeit.<\/a><\/p>\n<h4 data-start=\"4963\" data-end=\"5017\">\u27a1\ufe0f Wie lagert man Schweineohren richtig?<\/h4>\n<p data-start=\"5018\" data-end=\"5406\">Lagern Sie sie an einem trockenen Ort, fern von Hitze und Feuchtigkeit.<br data-start=\"5089\" data-end=\"5092\" \/>Vermeiden Sie luftdichte Beutel, wenn der Leckerbissen nach dem Kauen noch warm ist.<br data-start=\"5170\" data-end=\"5173\" \/>So bleibt die Textur l\u00e4nger knackig und schmackhaft.<\/p>\n<p data-start=\"5018\" data-end=\"5406\">\ud83d\udc49 <a class=\"decorated-link\" href=\"https:\/\/www.cernunos.fr\/blogs\/news\/conservation-oreille-de-porc-chien\" target=\"_new\" rel=\"noopener\" data-start=\"4782\" data-end=\"4905\">Unsere vollst\u00e4ndigen Tipps zur richtigen Lagerung.<\/a><\/p>\n<h4 data-start=\"5408\" data-end=\"5479\">\u27a1\ufe0f Gibt es nat\u00fcrliche Alternativen zu Schweineohren?<\/h4>\n<p data-start=\"5480\" data-end=\"5792\">Ja, man kann es auch mit Rindersehnen, Sehnen oder Hirschgeweihen variieren.<br data-start=\"5556\" data-end=\"5559\" \/>Dies erm\u00f6glicht eine Diversifizierung der Proteinquellen und Kautexturen.<\/p>\n<p data-start=\"5480\" data-end=\"5792\">\ud83d\udc49 <a class=\"decorated-link\" href=\"https:\/\/www.cernunos.fr\/blogs\/news\/alternatives-oreille-de-porc\" target=\"_new\" rel=\"noopener\" data-start=\"5161\" data-end=\"5276\">Entdecken Sie hier alle nat\u00fcrlichen Alternativen.<\/a><\/p>\n<h4 data-start=\"200\" data-end=\"264\">\ud83d\udc37 Zusammensetzung von Schweineohren f\u00fcr Hunde<\/h4>\n<h4 data-start=\"266\" data-end=\"306\"><strong data-start=\"266\" data-end=\"283\">Zusammensetzung:<\/strong> 100 % Schweineohren<\/h4>\n<h4 data-start=\"308\" data-end=\"340\"><strong data-start=\"308\" data-end=\"338\">Analytische Bestandteile:<\/strong><\/h4>\n<ul data-start=\"341\" data-end=\"470\">\n<li data-start=\"341\" data-end=\"371\">\n<p data-start=\"343\" data-end=\"371\">Rohprotein: 64,40 %<\/p>\n<\/li>\n<li data-start=\"372\" data-end=\"409\">\n<p data-start=\"374\" data-end=\"409\">Rohfett: 28,19 %<\/p>\n<\/li>\n<li data-start=\"410\" data-end=\"448\">\n<p data-start=\"412\" data-end=\"448\">Rohstoffe: 1,41 %<\/p>\n<\/li>\n<li data-start=\"449\" data-end=\"470\">\n<p data-start=\"451\" data-end=\"470\">Luftfeuchtigkeit: \u2264 7,90 %<\/p>\n<\/li>\n<\/ul>\n<p><a href=\"https:\/\/regalanimals.ch\/de\/product\/poumon-boeuf-pour-chien\/\">Vorschlag f\u00fcr ihn<\/a><\/p>\n<p>&nbsp;<\/p>","protected":false},"excerpt":{"rendered":"<p>Oreilles de Porc pour Chien Une friandise naturelle pleine de croquant \ud83d\udc37 Les Oreilles de Porc pour Chien \u2014 et leur version XL \u2014 sont des friandises 100 % porc, naturelles et tr\u00e8s appr\u00e9ci\u00e9es pour leur saveur authentique. Gr\u00e2ce \u00e0 un nettoyage m\u00e9ticuleux, un blanchiment \u00e0 l\u2019eau bouillante puis un s\u00e9chage lent, elles conservent leur [&hellip;]<\/p>\n","protected":false},"featured_media":39690,"comment_status":"open","ping_status":"closed","template":"","meta":[],"product_brand":[],"product_cat":[231,24],"product_tag":[],"class_list":{"0":"post-39682","1":"product","2":"type-product","3":"status-publish","4":"has-post-thumbnail","6":"product_cat-a-ronger","7":"product_cat-chiens","9":"first","10":"instock","11":"taxable","12":"shipping-taxable","13":"purchasable","14":"product-type-variable"},"yoast_head":"<!-- This site is optimized with the Yoast SEO Premium plugin v27.5 (Yoast SEO v27.5) - https:\/\/yoast.com\/product\/yoast-seo-premium-wordpress\/ -->\n<title>Oreilles de Porc pour Chien. Un vrai r\u00e9gal !<\/title>\n<meta name=\"description\" content=\"Donnez du bonheur et du croquant \u00e0 votre fid\u00e8le compagnon ! Oreilles de Porc ou Oreilles de Porc XL pour Chien. Savoureuse, et riche en prot\u00e9ine !\" \/>\n<meta name=\"robots\" content=\"index, follow, max-snippet:-1, max-image-preview:large, max-video-preview:-1\" \/>\n<link rel=\"canonical\" href=\"https:\/\/regalanimals.ch\/de\/product\/oreilles-de-porc-pour-chien\/\" \/>\n<meta property=\"og:locale\" content=\"de_DE\" \/>\n<meta property=\"og:type\" content=\"article\" \/>\n<meta property=\"og:title\" content=\"Oreilles de Porc pour Chien\" \/>\n<meta property=\"og:description\" content=\"Donnez du bonheur et du croquant \u00e0 votre fid\u00e8le compagnon ! Oreilles de Porc ou Oreilles de Porc XL pour Chien. Savoureuse, et riche en prot\u00e9ine !\" \/>\n<meta property=\"og:url\" content=\"https:\/\/regalanimals.ch\/de\/product\/oreilles-de-porc-pour-chien\/\" \/>\n<meta property=\"og:site_name\" content=\"R\u00e9gal&#039;Animals\" \/>\n<meta property=\"article:modified_time\" content=\"2026-03-25T10:13:21+00:00\" \/>\n<meta property=\"og:image\" content=\"https:\/\/regalanimals.ch\/wp-content\/uploads\/2025\/11\/Oreille-de-Porc-pour-Chien.webp\" \/>\n\t<meta property=\"og:image:width\" content=\"358\" \/>\n\t<meta property=\"og:image:height\" content=\"300\" \/>\n\t<meta property=\"og:image:type\" content=\"image\/webp\" \/>\n<meta name=\"twitter:card\" content=\"summary_large_image\" \/>\n<meta name=\"twitter:label1\" content=\"Gesch\u00e4tzte Lesezeit\" \/>\n\t<meta name=\"twitter:data1\" content=\"4\u00a0Minuten\" \/>\n<script type=\"application\/ld+json\" class=\"yoast-schema-graph\">{\"@context\":\"https:\\\/\\\/schema.org\",\"@graph\":[{\"@type\":\"WebPage\",\"@id\":\"https:\\\/\\\/regalanimals.ch\\\/product\\\/oreilles-de-porc-pour-chien\\\/\",\"url\":\"https:\\\/\\\/regalanimals.ch\\\/product\\\/oreilles-de-porc-pour-chien\\\/\",\"name\":\"Oreilles de Porc pour Chien. Un vrai r\u00e9gal !\",\"isPartOf\":{\"@id\":\"https:\\\/\\\/regalanimals.ch\\\/#website\"},\"primaryImageOfPage\":{\"@id\":\"https:\\\/\\\/regalanimals.ch\\\/product\\\/oreilles-de-porc-pour-chien\\\/#primaryimage\"},\"image\":{\"@id\":\"https:\\\/\\\/regalanimals.ch\\\/product\\\/oreilles-de-porc-pour-chien\\\/#primaryimage\"},\"thumbnailUrl\":\"https:\\\/\\\/regalanimals.ch\\\/wp-content\\\/uploads\\\/2025\\\/11\\\/Oreille-de-Porc-pour-Chien.webp\",\"datePublished\":\"2025-11-02T09:44:10+00:00\",\"dateModified\":\"2026-03-25T10:13:21+00:00\",\"description\":\"Donnez du bonheur et du croquant \u00e0 votre fid\u00e8le compagnon ! Oreilles de Porc ou Oreilles de Porc XL pour Chien. Savoureuse, et riche en prot\u00e9ine !\",\"breadcrumb\":{\"@id\":\"https:\\\/\\\/regalanimals.ch\\\/product\\\/oreilles-de-porc-pour-chien\\\/#breadcrumb\"},\"inLanguage\":\"de\",\"potentialAction\":[{\"@type\":\"ReadAction\",\"target\":[\"https:\\\/\\\/regalanimals.ch\\\/product\\\/oreilles-de-porc-pour-chien\\\/\"]}]},{\"@type\":\"ImageObject\",\"inLanguage\":\"de\",\"@id\":\"https:\\\/\\\/regalanimals.ch\\\/product\\\/oreilles-de-porc-pour-chien\\\/#primaryimage\",\"url\":\"https:\\\/\\\/regalanimals.ch\\\/wp-content\\\/uploads\\\/2025\\\/11\\\/Oreille-de-Porc-pour-Chien.webp\",\"contentUrl\":\"https:\\\/\\\/regalanimals.ch\\\/wp-content\\\/uploads\\\/2025\\\/11\\\/Oreille-de-Porc-pour-Chien.webp\",\"width\":358,\"height\":300,\"caption\":\"Oreille de porc pour chien \u2013 Friandise naturelle, saine et riche en prot\u00e9ines pour le plaisir et la sant\u00e9 bucco-dentaire.\"},{\"@type\":\"BreadcrumbList\",\"@id\":\"https:\\\/\\\/regalanimals.ch\\\/product\\\/oreilles-de-porc-pour-chien\\\/#breadcrumb\",\"itemListElement\":[{\"@type\":\"ListItem\",\"position\":1,\"name\":\"Home\",\"item\":\"https:\\\/\\\/regalanimals.ch\\\/\"},{\"@type\":\"ListItem\",\"position\":2,\"name\":\"Boutique\",\"item\":\"https:\\\/\\\/regalanimals.ch\\\/shop\\\/\"},{\"@type\":\"ListItem\",\"position\":3,\"name\":\"Oreilles de Porc pour Chien\"}]},{\"@type\":\"WebSite\",\"@id\":\"https:\\\/\\\/regalanimals.ch\\\/#website\",\"url\":\"https:\\\/\\\/regalanimals.ch\\\/\",\"name\":\"R\u00e9gal Animals\",\"description\":\"Alimentation et articles de qualit\u00e9 pour chats, chiens et furets\",\"publisher\":{\"@id\":\"https:\\\/\\\/regalanimals.ch\\\/#organization\"},\"potentialAction\":[{\"@type\":\"SearchAction\",\"target\":{\"@type\":\"EntryPoint\",\"urlTemplate\":\"https:\\\/\\\/regalanimals.ch\\\/?s={search_term_string}\"},\"query-input\":{\"@type\":\"PropertyValueSpecification\",\"valueRequired\":true,\"valueName\":\"search_term_string\"}}],\"inLanguage\":\"de\"},{\"@type\":\"Organization\",\"@id\":\"https:\\\/\\\/regalanimals.ch\\\/#organization\",\"name\":\"R\u00e9gal Animals\",\"url\":\"https:\\\/\\\/regalanimals.ch\\\/\",\"logo\":{\"@type\":\"ImageObject\",\"inLanguage\":\"de\",\"@id\":\"https:\\\/\\\/regalanimals.ch\\\/#\\\/schema\\\/logo\\\/image\\\/\",\"url\":\"https:\\\/\\\/regalanimals.ch\\\/wp-content\\\/uploads\\\/2025\\\/04\\\/cropped-Logo-site-e1744634610403-1.webp\",\"contentUrl\":\"https:\\\/\\\/regalanimals.ch\\\/wp-content\\\/uploads\\\/2025\\\/04\\\/cropped-Logo-site-e1744634610403-1.webp\",\"width\":512,\"height\":512,\"caption\":\"R\u00e9gal Animals\"},\"image\":{\"@id\":\"https:\\\/\\\/regalanimals.ch\\\/#\\\/schema\\\/logo\\\/image\\\/\"}}]}<\/script>\n<!-- \/ Yoast SEO Premium plugin. -->","yoast_head_json":{"title":"Oreilles de Porc pour Chien. Un vrai r\u00e9gal !","description":"Verw\u00f6hnen Sie Ihren treuen Begleiter mit einem leckeren und knusprigen Snack! Schweineohren oder XL-Schweineohren f\u00fcr Hunde. Schmackhaft und proteinreich!","robots":{"index":"index","follow":"follow","max-snippet":"max-snippet:-1","max-image-preview":"max-image-preview:large","max-video-preview":"max-video-preview:-1"},"canonical":"https:\/\/regalanimals.ch\/de\/product\/oreilles-de-porc-pour-chien\/","og_locale":"de_DE","og_type":"article","og_title":"Oreilles de Porc pour Chien","og_description":"Donnez du bonheur et du croquant \u00e0 votre fid\u00e8le compagnon ! Oreilles de Porc ou Oreilles de Porc XL pour Chien. Savoureuse, et riche en prot\u00e9ine !","og_url":"https:\/\/regalanimals.ch\/de\/product\/oreilles-de-porc-pour-chien\/","og_site_name":"R\u00e9gal&#039;Animals","article_modified_time":"2026-03-25T10:13:21+00:00","og_image":[{"width":358,"height":300,"url":"https:\/\/regalanimals.ch\/wp-content\/uploads\/2025\/11\/Oreille-de-Porc-pour-Chien.webp","type":"image\/webp"}],"twitter_card":"summary_large_image","twitter_misc":{"Gesch\u00e4tzte Lesezeit":"4\u00a0Minuten"},"schema":{"@context":"https:\/\/schema.org","@graph":[{"@type":"WebPage","@id":"https:\/\/regalanimals.ch\/product\/oreilles-de-porc-pour-chien\/","url":"https:\/\/regalanimals.ch\/product\/oreilles-de-porc-pour-chien\/","name":"Oreilles de Porc pour Chien. Un vrai r\u00e9gal !","isPartOf":{"@id":"https:\/\/regalanimals.ch\/#website"},"primaryImageOfPage":{"@id":"https:\/\/regalanimals.ch\/product\/oreilles-de-porc-pour-chien\/#primaryimage"},"image":{"@id":"https:\/\/regalanimals.ch\/product\/oreilles-de-porc-pour-chien\/#primaryimage"},"thumbnailUrl":"https:\/\/regalanimals.ch\/wp-content\/uploads\/2025\/11\/Oreille-de-Porc-pour-Chien.webp","datePublished":"2025-11-02T09:44:10+00:00","dateModified":"2026-03-25T10:13:21+00:00","description":"Verw\u00f6hnen Sie Ihren treuen Begleiter mit einem leckeren und knusprigen Snack! Schweineohren oder XL-Schweineohren f\u00fcr Hunde. Schmackhaft und proteinreich!","breadcrumb":{"@id":"https:\/\/regalanimals.ch\/product\/oreilles-de-porc-pour-chien\/#breadcrumb"},"inLanguage":"de","potentialAction":[{"@type":"ReadAction","target":["https:\/\/regalanimals.ch\/product\/oreilles-de-porc-pour-chien\/"]}]},{"@type":"ImageObject","inLanguage":"de","@id":"https:\/\/regalanimals.ch\/product\/oreilles-de-porc-pour-chien\/#primaryimage","url":"https:\/\/regalanimals.ch\/wp-content\/uploads\/2025\/11\/Oreille-de-Porc-pour-Chien.webp","contentUrl":"https:\/\/regalanimals.ch\/wp-content\/uploads\/2025\/11\/Oreille-de-Porc-pour-Chien.webp","width":358,"height":300,"caption":"Oreille de porc pour chien \u2013 Friandise naturelle, saine et riche en prot\u00e9ines pour le plaisir et la sant\u00e9 bucco-dentaire."},{"@type":"BreadcrumbList","@id":"https:\/\/regalanimals.ch\/product\/oreilles-de-porc-pour-chien\/#breadcrumb","itemListElement":[{"@type":"ListItem","position":1,"name":"Home","item":"https:\/\/regalanimals.ch\/"},{"@type":"ListItem","position":2,"name":"Boutique","item":"https:\/\/regalanimals.ch\/shop\/"},{"@type":"ListItem","position":3,"name":"Oreilles de Porc pour Chien"}]},{"@type":"WebSite","@id":"https:\/\/regalanimals.ch\/#website","url":"https:\/\/regalanimals.ch\/","name":"Tierfest","description":"Hochwertiges Futter und Zubeh\u00f6r f\u00fcr Katzen, Hunde und Frettchen","publisher":{"@id":"https:\/\/regalanimals.ch\/#organization"},"potentialAction":[{"@type":"SearchAction","target":{"@type":"EntryPoint","urlTemplate":"https:\/\/regalanimals.ch\/?s={search_term_string}"},"query-input":{"@type":"PropertyValueSpecification","valueRequired":true,"valueName":"search_term_string"}}],"inLanguage":"de"},{"@type":"Organization","@id":"https:\/\/regalanimals.ch\/#organization","name":"Tierfest","url":"https:\/\/regalanimals.ch\/","logo":{"@type":"ImageObject","inLanguage":"de","@id":"https:\/\/regalanimals.ch\/#\/schema\/logo\/image\/","url":"https:\/\/regalanimals.ch\/wp-content\/uploads\/2025\/04\/cropped-Logo-site-e1744634610403-1.webp","contentUrl":"https:\/\/regalanimals.ch\/wp-content\/uploads\/2025\/04\/cropped-Logo-site-e1744634610403-1.webp","width":512,"height":512,"caption":"R\u00e9gal Animals"},"image":{"@id":"https:\/\/regalanimals.ch\/#\/schema\/logo\/image\/"}}]}},"_links":{"self":[{"href":"https:\/\/regalanimals.ch\/de\/wp-json\/wp\/v2\/product\/39682","targetHints":{"allow":["GET"]}}],"collection":[{"href":"https:\/\/regalanimals.ch\/de\/wp-json\/wp\/v2\/product"}],"about":[{"href":"https:\/\/regalanimals.ch\/de\/wp-json\/wp\/v2\/types\/product"}],"replies":[{"embeddable":true,"href":"https:\/\/regalanimals.ch\/de\/wp-json\/wp\/v2\/comments?post=39682"}],"wp:featuredmedia":[{"embeddable":true,"href":"https:\/\/regalanimals.ch\/de\/wp-json\/wp\/v2\/media\/39690"}],"wp:attachment":[{"href":"https:\/\/regalanimals.ch\/de\/wp-json\/wp\/v2\/media?parent=39682"}],"wp:term":[{"taxonomy":"product_brand","embeddable":true,"href":"https:\/\/regalanimals.ch\/de\/wp-json\/wp\/v2\/product_brand?post=39682"},{"taxonomy":"product_cat","embeddable":true,"href":"https:\/\/regalanimals.ch\/de\/wp-json\/wp\/v2\/product_cat?post=39682"},{"taxonomy":"product_tag","embeddable":true,"href":"https:\/\/regalanimals.ch\/de\/wp-json\/wp\/v2\/product_tag?post=39682"}],"curies":[{"name":"wp","href":"https:\/\/api.w.org\/{rel}","templated":true}]}}