{"id":40048,"date":"2025-11-24T13:30:52","date_gmt":"2025-11-24T12:30:52","guid":{"rendered":"https:\/\/regalanimals.ch\/?post_type=product&#038;p=40048"},"modified":"2026-03-24T18:14:28","modified_gmt":"2026-03-24T17:14:28","slug":"oreilles-de-lapin-avec-poils","status":"publish","type":"product","link":"https:\/\/regalanimals.ch\/de\/product\/oreilles-de-lapin-avec-poils\/","title":{"rendered":"Hasenohren mit Fell"},"content":{"rendered":"<h2 data-start=\"786\" data-end=\"834\"><strong data-start=\"788\" data-end=\"834\">Hasenohren mit Fell f\u00fcr Hunde \ud83d\udc07<\/strong><\/h2>\n<h3 data-start=\"836\" data-end=\"906\">Ein nat\u00fcrlicher und sanfter Leckerbissen, ideal f\u00fcr empfindliche Hunde<\/h3>\n<p data-start=\"908\" data-end=\"1395\">Kaninchenohren mit Fell sind ein 100 % nat\u00fcrlicher, leichter und leckerer Snack. Dank ihrer einfachen und hypoallergenen Zusammensetzung eignen sie sich ideal f\u00fcr Hunde mit empfindlicher Verdauung oder Futtermittelunvertr\u00e4glichkeiten. Ihre knusprige Textur weckt sofort die Aufmerksamkeit Ihres Hundes, w\u00e4hrend das Fell wertvolle Ballaststoffe liefert, die sehr gut f\u00fcr die Verdauung sind. So genie\u00dft Ihr Vierbeiner einen gesunden und nahrhaften Snack.<\/p>\n<hr data-start=\"1397\" data-end=\"1400\" \/>\n<h2 data-start=\"1402\" data-end=\"1458\"><strong data-start=\"1404\" data-end=\"1458\">Gesundes Kauen, das die Verdauung unterst\u00fctzt \ud83c\udf3f<\/strong><\/h2>\n<p data-start=\"1460\" data-end=\"2069\">Kaninchenohren mit Fell bieten ein sanftes und angenehmes Kauvergn\u00fcgen. Der nat\u00fcrliche Kaninchenduft regt Ihren Hund zum Kauen an, st\u00e4rkt sein Zahnfleisch und h\u00e4lt sein Maul sauber. Das Fell dient als pflanzliche Ballaststoffe, reinigt sanft den Darm und f\u00f6rdert die Verdauung. Dank der beim Kauen freigesetzten Endorphine tr\u00e4gt dieser Leckerbissen au\u00dferdem zur Stressreduktion bei. So genie\u00dft Ihr Hund einen vollwertigen Snack, der nahrhaft, beruhigend und auf nat\u00fcrliche Weise gut f\u00fcr seine Gesundheit ist.<\/p>\n<hr data-start=\"2071\" data-end=\"2074\" \/>\n<h2 data-start=\"2076\" data-end=\"2131\"><strong data-start=\"2078\" data-end=\"2131\">Ein leichter Leckerbissen, geeignet f\u00fcr alle Hunde \ud83d\udc3e<\/strong><\/h2>\n<p data-start=\"2133\" data-end=\"2716\">Kaninchenohren mit Fell eignen sich f\u00fcr Hunde aller Gr\u00f6\u00dfen. Kleine Hunde werden sie mit Begeisterung verschlingen, w\u00e4hrend mittelgro\u00dfe und gro\u00dfe Hunde sie als schnelle und leckere Belohnung sch\u00e4tzen. Dar\u00fcber hinaus k\u00f6nnen diese Leckerlis auch Welpen ab vier Monaten angeboten werden, vorausgesetzt, sie kauen richtig und unter Aufsicht. Durch ihren geringen Fettgehalt sind sie auch eine hervorragende Wahl f\u00fcr Hunde, die leichtere Leckerlis bevorzugen. Kurz gesagt: Diese Leckerlis bieten die Einfachheit, Sicherheit und Nat\u00fcrlichkeit, die Sie sich f\u00fcr Ihren Vierbeiner w\u00fcnschen.<\/p>\n<p data-start=\"2718\" data-end=\"2847\">Wie immer bei Kauspielzeug ist es ratsam, den Hund zu beaufsichtigen und ihm jederzeit frisches Wasser zur Verf\u00fcgung zu stellen.<\/p>\n<hr data-start=\"2849\" data-end=\"2852\" \/>\n<h2 data-start=\"2854\" data-end=\"2882\"><strong data-start=\"2856\" data-end=\"2882\">H\u00e4ufig gestellte Fragen \ud83d\udc3e<\/strong><\/h2>\n<h3 data-start=\"2884\" data-end=\"3006\">\u2753 Noch unentschlossen? Hier finden Sie Antworten auf die h\u00e4ufigsten Fragen zu Hasenohren mit Fell.<\/h3>\n<h4 data-start=\"3008\" data-end=\"3064\">\u27a1\ufe0f Was sind Kaninchenohren mit Fell?<\/h4>\n<p data-start=\"3066\" data-end=\"3273\">Hierbei handelt es sich um nat\u00fcrlich getrocknete Kaninchenohren, die noch mit Fell bedeckt sind. Sie bieten einen knusprigen, ballaststoffreichen Leckerbissen, der sich ideal zur Unterst\u00fctzung der Verdauung empfindlicher Hunde eignet.<\/p>\n<h4 data-start=\"3275\" data-end=\"3320\">\u27a1\ufe0f Was sind die wichtigsten Vorteile?<\/h4>\n<p data-start=\"3322\" data-end=\"3554\">Kaninchenohren mit Fell liefern hochwertiges Protein, sind fettarm und enthalten nat\u00fcrliche Fasern aus dem Fell. Sie helfen, die Z\u00e4hne zu reinigen, die Kiefermuskulatur zu st\u00e4rken und die Verdauung zu unterst\u00fctzen.<\/p>\n<h4 data-start=\"3556\" data-end=\"3601\">\u27a1\ufe0f Sind sie f\u00fcr alle Hunde geeignet?<\/h4>\n<p data-start=\"3603\" data-end=\"3771\">Ja. Sie eignen sich f\u00fcr alle Gr\u00f6\u00dfen und Altersgruppen. Schon vier Monate alte Welpen k\u00f6nnen sie genie\u00dfen, w\u00e4hrend \u00e4ltere Tiere ihre leichte Knusprigkeit sch\u00e4tzen.<\/p>\n<h4 data-start=\"3773\" data-end=\"3833\">\u27a1\ufe0f Sind Kaninchenohren hypoallergen?<\/h4>\n<p data-start=\"3835\" data-end=\"3966\">Ja. Kaninchenallergien sind selten, was sie zu einer ausgezeichneten Option f\u00fcr Hunde mit Futtermittelunvertr\u00e4glichkeiten macht.<\/p>\n<hr data-start=\"3968\" data-end=\"3971\" \/>\n<h3 data-start=\"3973\" data-end=\"4003\">\ud83d\udca6 Ratschl\u00e4ge von R\u00e9gal&#039;Animals \ud83d\udc9a<\/h3>\n<p data-start=\"4005\" data-end=\"4504\">Mit flauschigen Hasenohren l\u00e4sst sich eine tolle geistige Besch\u00e4ftigung f\u00fcr Ihren Hund gestalten. Platzieren Sie einfach eins in einem kleinen Labyrinth oder unter interaktivem Spielzeug. So muss Ihr Hund seinen Geruchssinn und seine Pfoten einsetzen, um das Leckerli zu finden. Diese anregende kleine Suche f\u00f6rdert au\u00dferdem seine Konzentration und hilft ihm, seine Energie abzubauen. Durch die Kombination von Suchen, Denken und Kauen schenken Sie Ihrem Liebling ein rundum gelungenes, unterhaltsames und rundum zufriedenstellendes Erlebnis. \ud83d\udc9a<\/p>\n<hr data-start=\"4506\" data-end=\"4509\" \/>\n<h4 data-start=\"4511\" data-end=\"4548\">\u27a1\ufe0f F\u00f6rdern sie die Verdauung?<\/h4>\n<p data-start=\"4550\" data-end=\"4712\">Ja. Das Fell dient als nat\u00fcrliche Faser und f\u00f6rdert eine gesunde Verdauung, indem es die Darmt\u00e4tigkeit anregt. Es unterst\u00fctzt somit eine harmonische Verdauung, ersetzt aber keine Wurmkur, falls Ihr Hund eine ben\u00f6tigt.<\/p>\n<h4 data-start=\"4714\" data-end=\"4752\">\u27a1\ufe0f Wie oft sollte es verabreicht werden?<\/h4>\n<p data-start=\"4754\" data-end=\"4878\">Zwei bis drei Ohren pro Woche gen\u00fcgen, um in den Genuss ihrer Vorteile zu kommen und gleichzeitig eine ausgewogene Ern\u00e4hrung beizubehalten.<\/p>\n<h4 data-start=\"4880\" data-end=\"4915\">\u27a1\ufe0f Haben sie einen starken Geruch?<\/h4>\n<p data-start=\"4917\" data-end=\"5000\">Sie haben einen leichten, nat\u00fcrlichen Duft, der bei Hunden im Allgemeinen sehr beliebt ist.<\/p>\n<h4 data-start=\"5002\" data-end=\"5033\">\u27a1\ufe0f Wie bewahrt man sie auf?<\/h4>\n<p data-start=\"5035\" data-end=\"5161\">Bewahren Sie sie an einem trockenen, k\u00fchlen Ort und vor Feuchtigkeit gesch\u00fctzt auf. Sie sind lange haltbar, solange die Verpackung fest verschlossen bleibt.<\/p>\n<hr data-start=\"5163\" data-end=\"5166\" \/>\n<h4 data-start=\"5168\" data-end=\"5185\"><strong data-start=\"5170\" data-end=\"5185\">Zusammensetzung<\/strong><\/h4>\n<p data-start=\"5187\" data-end=\"5218\">100 getrocknete Kaninchenohren (%)<\/p>\n<h4 data-start=\"5220\" data-end=\"5250\"><strong data-start=\"5222\" data-end=\"5250\">Analytische Bestandteile<\/strong><\/h4>\n<p data-start=\"5252\" data-end=\"5367\">Rohprotein: 47,10 %<br data-start=\"5276\" data-end=\"5279\" \/>Rohfett: 39,03 %<br data-start=\"5312\" data-end=\"5315\" \/>Maximale Luftfeuchtigkeit: 10,60 %<br data-start=\"5337\" data-end=\"5340\" \/>Mineralische Rohstoffe: 2,99 %<\/p>\n<p>&nbsp;<\/p>\n<p>&nbsp;<\/p>\n<p><a href=\"https:\/\/regalanimals.ch\/de\/product\/oreilles-de-porc-pour-chien\/\">Vorschlag f\u00fcr ihn<\/a><a href=\"https:\/\/youtube.com\/shorts\/R60Wx79wkfM\">Zufriedener Kunde!<\/a><\/p>\n<p>&nbsp;<\/p>","protected":false},"excerpt":{"rendered":"<p>Oreilles de Lapin avec Poils pour chien \ud83d\udc07 Une friandise naturelle et douce, id\u00e9ale pour les chiens sensibles Les Oreilles de Lapin avec Poils offrent une friandise 100 % naturelle, l\u00e9g\u00e8re et savoureuse. Gr\u00e2ce \u00e0 leur composition simple et hypoallerg\u00e9nique, elles conviennent parfaitement aux chiens ayant une digestion sensible ou des intol\u00e9rances alimentaires. Leur texture [&hellip;]<\/p>\n","protected":false},"featured_media":40050,"menu_order":0,"comment_status":"open","ping_status":"closed","template":"","meta":[],"product_brand":[],"product_cat":[231,24],"product_tag":[],"class_list":{"0":"post-40048","1":"product","2":"type-product","3":"status-publish","4":"has-post-thumbnail","6":"product_cat-a-ronger","7":"product_cat-chiens","9":"first","10":"instock","11":"taxable","12":"shipping-taxable","13":"purchasable","14":"product-type-variable"},"yoast_head":"<!-- This site is optimized with the Yoast SEO Premium plugin v27.4 (Yoast SEO v27.4) - https:\/\/yoast.com\/product\/yoast-seo-premium-wordpress\/ -->\n<title>Oreilles de lapin avec poils pour chien friandise naturelle<\/title>\n<meta name=\"description\" content=\"Ton chien m\u00e9rite une friandise saine qui soutient sa digestion ; les Oreilles de lapin avec poils offrent un plaisir naturel et adapt\u00e9 aux chiens sensibles.\" \/>\n<meta name=\"robots\" content=\"index, follow, max-snippet:-1, max-image-preview:large, max-video-preview:-1\" \/>\n<link rel=\"canonical\" href=\"https:\/\/regalanimals.ch\/de\/product\/oreilles-de-lapin-avec-poils\/\" \/>\n<meta property=\"og:locale\" content=\"de_DE\" \/>\n<meta property=\"og:type\" content=\"article\" \/>\n<meta property=\"og:title\" content=\"Oreilles de lapin avec poils\" \/>\n<meta property=\"og:description\" content=\"Ton chien m\u00e9rite une friandise saine qui soutient sa digestion ; les Oreilles de lapin avec poils offrent un plaisir naturel et adapt\u00e9 aux chiens sensibles.\" \/>\n<meta property=\"og:url\" content=\"https:\/\/regalanimals.ch\/de\/product\/oreilles-de-lapin-avec-poils\/\" \/>\n<meta property=\"og:site_name\" content=\"R\u00e9gal&#039;Animals\" \/>\n<meta property=\"article:modified_time\" content=\"2026-03-24T17:14:28+00:00\" \/>\n<meta property=\"og:image\" content=\"https:\/\/regalanimals.ch\/wp-content\/uploads\/2025\/11\/Oeilles-de-lapin-avec-poils.webp\" \/>\n\t<meta property=\"og:image:width\" content=\"940\" \/>\n\t<meta property=\"og:image:height\" content=\"788\" \/>\n\t<meta property=\"og:image:type\" content=\"image\/webp\" \/>\n<meta name=\"twitter:card\" content=\"summary_large_image\" \/>\n<meta name=\"twitter:label1\" content=\"Gesch\u00e4tzte Lesezeit\" \/>\n\t<meta name=\"twitter:data1\" content=\"4\u00a0Minuten\" \/>\n<script type=\"application\/ld+json\" class=\"yoast-schema-graph\">{\"@context\":\"https:\\\/\\\/schema.org\",\"@graph\":[{\"@type\":\"WebPage\",\"@id\":\"https:\\\/\\\/regalanimals.ch\\\/product\\\/oreilles-de-lapin-avec-poils\\\/\",\"url\":\"https:\\\/\\\/regalanimals.ch\\\/product\\\/oreilles-de-lapin-avec-poils\\\/\",\"name\":\"Oreilles de lapin avec poils pour chien friandise naturelle\",\"isPartOf\":{\"@id\":\"https:\\\/\\\/regalanimals.ch\\\/#website\"},\"primaryImageOfPage\":{\"@id\":\"https:\\\/\\\/regalanimals.ch\\\/product\\\/oreilles-de-lapin-avec-poils\\\/#primaryimage\"},\"image\":{\"@id\":\"https:\\\/\\\/regalanimals.ch\\\/product\\\/oreilles-de-lapin-avec-poils\\\/#primaryimage\"},\"thumbnailUrl\":\"https:\\\/\\\/regalanimals.ch\\\/wp-content\\\/uploads\\\/2025\\\/11\\\/Oeilles-de-lapin-avec-poils.webp\",\"datePublished\":\"2025-11-24T12:30:52+00:00\",\"dateModified\":\"2026-03-24T17:14:28+00:00\",\"description\":\"Ton chien m\u00e9rite une friandise saine qui soutient sa digestion ; les Oreilles de lapin avec poils offrent un plaisir naturel et adapt\u00e9 aux chiens sensibles.\",\"breadcrumb\":{\"@id\":\"https:\\\/\\\/regalanimals.ch\\\/product\\\/oreilles-de-lapin-avec-poils\\\/#breadcrumb\"},\"inLanguage\":\"de\",\"potentialAction\":[{\"@type\":\"ReadAction\",\"target\":[\"https:\\\/\\\/regalanimals.ch\\\/product\\\/oreilles-de-lapin-avec-poils\\\/\"]}]},{\"@type\":\"ImageObject\",\"inLanguage\":\"de\",\"@id\":\"https:\\\/\\\/regalanimals.ch\\\/product\\\/oreilles-de-lapin-avec-poils\\\/#primaryimage\",\"url\":\"https:\\\/\\\/regalanimals.ch\\\/wp-content\\\/uploads\\\/2025\\\/11\\\/Oeilles-de-lapin-avec-poils.webp\",\"contentUrl\":\"https:\\\/\\\/regalanimals.ch\\\/wp-content\\\/uploads\\\/2025\\\/11\\\/Oeilles-de-lapin-avec-poils.webp\",\"width\":940,\"height\":788,\"caption\":\"Oreilles de lapin avec poil \u2013 Friandises naturelles riches en fibres.\"},{\"@type\":\"BreadcrumbList\",\"@id\":\"https:\\\/\\\/regalanimals.ch\\\/product\\\/oreilles-de-lapin-avec-poils\\\/#breadcrumb\",\"itemListElement\":[{\"@type\":\"ListItem\",\"position\":1,\"name\":\"Home\",\"item\":\"https:\\\/\\\/regalanimals.ch\\\/\"},{\"@type\":\"ListItem\",\"position\":2,\"name\":\"Boutique\",\"item\":\"https:\\\/\\\/regalanimals.ch\\\/shop\\\/\"},{\"@type\":\"ListItem\",\"position\":3,\"name\":\"Oreilles de lapin avec poils\"}]},{\"@type\":\"WebSite\",\"@id\":\"https:\\\/\\\/regalanimals.ch\\\/#website\",\"url\":\"https:\\\/\\\/regalanimals.ch\\\/\",\"name\":\"R\u00e9gal Animals\",\"description\":\"Alimentation et articles de qualit\u00e9 pour chats, chiens et furets\",\"publisher\":{\"@id\":\"https:\\\/\\\/regalanimals.ch\\\/#organization\"},\"potentialAction\":[{\"@type\":\"SearchAction\",\"target\":{\"@type\":\"EntryPoint\",\"urlTemplate\":\"https:\\\/\\\/regalanimals.ch\\\/?s={search_term_string}\"},\"query-input\":{\"@type\":\"PropertyValueSpecification\",\"valueRequired\":true,\"valueName\":\"search_term_string\"}}],\"inLanguage\":\"de\"},{\"@type\":\"Organization\",\"@id\":\"https:\\\/\\\/regalanimals.ch\\\/#organization\",\"name\":\"R\u00e9gal Animals\",\"url\":\"https:\\\/\\\/regalanimals.ch\\\/\",\"logo\":{\"@type\":\"ImageObject\",\"inLanguage\":\"de\",\"@id\":\"https:\\\/\\\/regalanimals.ch\\\/#\\\/schema\\\/logo\\\/image\\\/\",\"url\":\"https:\\\/\\\/regalanimals.ch\\\/wp-content\\\/uploads\\\/2025\\\/04\\\/cropped-Logo-site-e1744634610403-1.webp\",\"contentUrl\":\"https:\\\/\\\/regalanimals.ch\\\/wp-content\\\/uploads\\\/2025\\\/04\\\/cropped-Logo-site-e1744634610403-1.webp\",\"width\":512,\"height\":512,\"caption\":\"R\u00e9gal Animals\"},\"image\":{\"@id\":\"https:\\\/\\\/regalanimals.ch\\\/#\\\/schema\\\/logo\\\/image\\\/\"}}]}<\/script>\n<!-- \/ Yoast SEO Premium plugin. -->","yoast_head_json":{"title":"Kaninchenohren mit Fell f\u00fcr Hundeleckerlis, nat\u00fcrlich","description":"Ihr Hund verdient einen gesunden Leckerbissen, der seine Verdauung unterst\u00fctzt; Kaninchenohren mit Fell sind ein nat\u00fcrlicher und geeigneter Leckerbissen f\u00fcr Hunde mit empfindlichem Magen.","robots":{"index":"index","follow":"follow","max-snippet":"max-snippet:-1","max-image-preview":"max-image-preview:large","max-video-preview":"max-video-preview:-1"},"canonical":"https:\/\/regalanimals.ch\/de\/product\/oreilles-de-lapin-avec-poils\/","og_locale":"de_DE","og_type":"article","og_title":"Oreilles de lapin avec poils","og_description":"Ton chien m\u00e9rite une friandise saine qui soutient sa digestion ; les Oreilles de lapin avec poils offrent un plaisir naturel et adapt\u00e9 aux chiens sensibles.","og_url":"https:\/\/regalanimals.ch\/de\/product\/oreilles-de-lapin-avec-poils\/","og_site_name":"R\u00e9gal&#039;Animals","article_modified_time":"2026-03-24T17:14:28+00:00","og_image":[{"width":940,"height":788,"url":"https:\/\/regalanimals.ch\/wp-content\/uploads\/2025\/11\/Oeilles-de-lapin-avec-poils.webp","type":"image\/webp"}],"twitter_card":"summary_large_image","twitter_misc":{"Gesch\u00e4tzte Lesezeit":"4\u00a0Minuten"},"schema":{"@context":"https:\/\/schema.org","@graph":[{"@type":"WebPage","@id":"https:\/\/regalanimals.ch\/product\/oreilles-de-lapin-avec-poils\/","url":"https:\/\/regalanimals.ch\/product\/oreilles-de-lapin-avec-poils\/","name":"Kaninchenohren mit Fell f\u00fcr Hundeleckerlis, nat\u00fcrlich","isPartOf":{"@id":"https:\/\/regalanimals.ch\/#website"},"primaryImageOfPage":{"@id":"https:\/\/regalanimals.ch\/product\/oreilles-de-lapin-avec-poils\/#primaryimage"},"image":{"@id":"https:\/\/regalanimals.ch\/product\/oreilles-de-lapin-avec-poils\/#primaryimage"},"thumbnailUrl":"https:\/\/regalanimals.ch\/wp-content\/uploads\/2025\/11\/Oeilles-de-lapin-avec-poils.webp","datePublished":"2025-11-24T12:30:52+00:00","dateModified":"2026-03-24T17:14:28+00:00","description":"Ihr Hund verdient einen gesunden Leckerbissen, der seine Verdauung unterst\u00fctzt; Kaninchenohren mit Fell sind ein nat\u00fcrlicher und geeigneter Leckerbissen f\u00fcr Hunde mit empfindlichem Magen.","breadcrumb":{"@id":"https:\/\/regalanimals.ch\/product\/oreilles-de-lapin-avec-poils\/#breadcrumb"},"inLanguage":"de","potentialAction":[{"@type":"ReadAction","target":["https:\/\/regalanimals.ch\/product\/oreilles-de-lapin-avec-poils\/"]}]},{"@type":"ImageObject","inLanguage":"de","@id":"https:\/\/regalanimals.ch\/product\/oreilles-de-lapin-avec-poils\/#primaryimage","url":"https:\/\/regalanimals.ch\/wp-content\/uploads\/2025\/11\/Oeilles-de-lapin-avec-poils.webp","contentUrl":"https:\/\/regalanimals.ch\/wp-content\/uploads\/2025\/11\/Oeilles-de-lapin-avec-poils.webp","width":940,"height":788,"caption":"Oreilles de lapin avec poil \u2013 Friandises naturelles riches en fibres."},{"@type":"BreadcrumbList","@id":"https:\/\/regalanimals.ch\/product\/oreilles-de-lapin-avec-poils\/#breadcrumb","itemListElement":[{"@type":"ListItem","position":1,"name":"Home","item":"https:\/\/regalanimals.ch\/"},{"@type":"ListItem","position":2,"name":"Boutique","item":"https:\/\/regalanimals.ch\/shop\/"},{"@type":"ListItem","position":3,"name":"Oreilles de lapin avec poils"}]},{"@type":"WebSite","@id":"https:\/\/regalanimals.ch\/#website","url":"https:\/\/regalanimals.ch\/","name":"Tierfest","description":"Hochwertiges Futter und Zubeh\u00f6r f\u00fcr Katzen, Hunde und Frettchen","publisher":{"@id":"https:\/\/regalanimals.ch\/#organization"},"potentialAction":[{"@type":"SearchAction","target":{"@type":"EntryPoint","urlTemplate":"https:\/\/regalanimals.ch\/?s={search_term_string}"},"query-input":{"@type":"PropertyValueSpecification","valueRequired":true,"valueName":"search_term_string"}}],"inLanguage":"de"},{"@type":"Organization","@id":"https:\/\/regalanimals.ch\/#organization","name":"Tierfest","url":"https:\/\/regalanimals.ch\/","logo":{"@type":"ImageObject","inLanguage":"de","@id":"https:\/\/regalanimals.ch\/#\/schema\/logo\/image\/","url":"https:\/\/regalanimals.ch\/wp-content\/uploads\/2025\/04\/cropped-Logo-site-e1744634610403-1.webp","contentUrl":"https:\/\/regalanimals.ch\/wp-content\/uploads\/2025\/04\/cropped-Logo-site-e1744634610403-1.webp","width":512,"height":512,"caption":"R\u00e9gal Animals"},"image":{"@id":"https:\/\/regalanimals.ch\/#\/schema\/logo\/image\/"}}]}},"_links":{"self":[{"href":"https:\/\/regalanimals.ch\/de\/wp-json\/wp\/v2\/product\/40048","targetHints":{"allow":["GET"]}}],"collection":[{"href":"https:\/\/regalanimals.ch\/de\/wp-json\/wp\/v2\/product"}],"about":[{"href":"https:\/\/regalanimals.ch\/de\/wp-json\/wp\/v2\/types\/product"}],"replies":[{"embeddable":true,"href":"https:\/\/regalanimals.ch\/de\/wp-json\/wp\/v2\/comments?post=40048"}],"wp:featuredmedia":[{"embeddable":true,"href":"https:\/\/regalanimals.ch\/de\/wp-json\/wp\/v2\/media\/40050"}],"wp:attachment":[{"href":"https:\/\/regalanimals.ch\/de\/wp-json\/wp\/v2\/media?parent=40048"}],"wp:term":[{"taxonomy":"product_brand","embeddable":true,"href":"https:\/\/regalanimals.ch\/de\/wp-json\/wp\/v2\/product_brand?post=40048"},{"taxonomy":"product_cat","embeddable":true,"href":"https:\/\/regalanimals.ch\/de\/wp-json\/wp\/v2\/product_cat?post=40048"},{"taxonomy":"product_tag","embeddable":true,"href":"https:\/\/regalanimals.ch\/de\/wp-json\/wp\/v2\/product_tag?post=40048"}],"curies":[{"name":"wp","href":"https:\/\/api.w.org\/{rel}","templated":true}]}}