{"id":40141,"date":"2025-12-01T12:41:13","date_gmt":"2025-12-01T11:41:13","guid":{"rendered":"https:\/\/regalanimals.ch\/?post_type=product&#038;p=40141"},"modified":"2026-04-13T16:32:19","modified_gmt":"2026-04-13T14:32:19","slug":"tendon-de-boeuf-pour-chien","status":"publish","type":"product","link":"https:\/\/regalanimals.ch\/de\/product\/tendon-de-boeuf-pour-chien\/","title":{"rendered":"Tendon de b\u0153uf pour chien (1 kg)"},"content":{"rendered":"<h2 data-start=\"948\" data-end=\"980\">\ud83d\udc36 Rindersehnen f\u00fcr Hunde<\/h2>\n<h3 data-start=\"981\" data-end=\"1057\">Ein robuster und nat\u00fcrlicher Leckerbissen, der motivierte Kauer zufriedenstellt.<\/h3>\n<p data-start=\"1059\" data-end=\"1098\">Ein 100% nat\u00fcrlicher Leckerbissen. Rindersehnen sind ein nat\u00fcrlicher und \u00e4u\u00dferst beliebter Kausnack f\u00fcr Hunde. Die festen Sehnen befriedigen den nat\u00fcrlichen Kauinstinkt und bieten einen langanhaltenden, schmackhaften Genuss. Dank ihrer faserigen Struktur ist dieser Snack besonders robust und besch\u00e4ftigt Ihren Hund. Er eignet sich sowohl f\u00fcr erwachsene Hunde als auch f\u00fcr Welpen, die bereits ans Kauen gew\u00f6hnt sind.<\/p>\n<hr data-start=\"1548\" data-end=\"1551\" \/>\n<h2 data-start=\"1553\" data-end=\"1597\"><strong data-start=\"1557\" data-end=\"1595\">Ein fester und wohltuender Kauspa\u00df.<\/strong><\/h2>\n<p data-start=\"1598\" data-end=\"1969\">Rindersehnen f\u00fcr Hunde regen zum regelm\u00e4\u00dfigen und kr\u00e4ftigen Kauen an. Sie st\u00e4rken die Kiefermuskulatur und f\u00f6rdern die Mundhygiene. Dank ihrer einfachen und nat\u00fcrlichen Zusammensetzung sind sie ein leicht verdaulicher Snack. So genie\u00dft Ihr Hund ein gesundes, herzhaftes und rundum befriedigendes Kauvergn\u00fcgen.<\/p>\n<hr data-start=\"1971\" data-end=\"1974\" \/>\n<h2 data-start=\"1976\" data-end=\"2022\"><strong data-start=\"1980\" data-end=\"2020\">Ein Snack, der f\u00fcr viele Hunde geeignet ist<\/strong><\/h2>\n<p data-start=\"2023\" data-end=\"2406\">Diese Art von Kauspielzeug eignet sich f\u00fcr die meisten Hunde. Durch ihren geringen Fettgehalt sind sie zudem eine gute Wahl f\u00fcr Hunde, die leichtere Leckerlis bevorzugen. Dank ihrer l\u00e4nglichen Form lassen sie sich leicht zwischen den Pfoten halten. So kann sich Ihr Hund auf eine beruhigende Besch\u00e4ftigung konzentrieren und gleichzeitig seinem nat\u00fcrlichen Kaubed\u00fcrfnis nachkommen.<\/p>\n<hr data-start=\"2408\" data-end=\"2411\" \/>\n<h2 data-start=\"2413\" data-end=\"2439\">\ud83d\udc3e H\u00e4ufig gestellte Fragen<\/h2>\n<h3 data-start=\"2440\" data-end=\"2543\">\u2753 Noch unentschlossen? Hier finden Sie Antworten auf die h\u00e4ufigsten Fragen zu Rindersehnen f\u00fcr Hunde.<\/h3>\n<h4 data-start=\"2545\" data-end=\"2586\">\u27a1\ufe0f Was ist eine Rindersehne?<\/h4>\n<p data-start=\"2587\" data-end=\"2836\">Eine Rindersehne ist ein Kauartikel aus faserigem Gewebe, das nat\u00fcrlicherweise zwischen Muskeln und Knochen vorkommt. Sie bietet ein festes und langanhaltendes Kauvergn\u00fcgen und ist somit ein idealer Leckerbissen f\u00fcr Hunde, die gerne ausgiebig kauen.<\/p>\n<h4 data-start=\"2838\" data-end=\"2893\">\u27a1\ufe0f Welche Vorteile bieten Rindersehnen?<\/h4>\n<p data-start=\"2894\" data-end=\"3146\">Die Sehnen st\u00e4rken den Kiefer und unterst\u00fctzen die Zahnhygiene. Au\u00dferdem hilft das Kauen, Zahnbelag zu entfernen und Langeweile vorzubeugen. So genie\u00dft Ihr Hund ein entspannendes, gesundes und anregendes Erlebnis.<\/p>\n<hr data-start=\"3148\" data-end=\"3151\" \/>\n<h2 data-start=\"3153\" data-end=\"3184\">\ud83d\udca6 Ratschl\u00e4ge von R\u00e9gal&#039;Animals \ud83d\udc9a<\/h2>\n<p data-start=\"3185\" data-end=\"3474\">Biete die Sehne an, wenn dein Hund eine ruhige Besch\u00e4ftigung braucht. So kann er seine Energie abbauen und gleichzeitig entspannen. Alternativ kannst du die Sehne in einem anderen Raum oder im Garten verstecken, um seinen nat\u00fcrlichen Suchinstinkt anzuregen. \ud83d\udc9a<\/p>\n<hr data-start=\"3148\" data-end=\"3151\" \/>\n<h4 data-start=\"3476\" data-end=\"3520\">\u27a1\ufe0f Sind Rindersehnen unbedenklich?<\/h4>\n<p data-start=\"3521\" data-end=\"3780\">Ja, sie sind 100 % nat\u00fcrlich und enthalten keine Zusatz- oder Konservierungsstoffe. Es empfiehlt sich, Ihren Hund beim Kauen zu beaufsichtigen, damit er keine zu gro\u00dfen St\u00fccke verschluckt. So ist eine sichere und artgerechte Verwendung gew\u00e4hrleistet.<\/p>\n<h4 data-start=\"3782\" data-end=\"3831\">\u27a1\ufe0f Ab welchem Alter kann es verabreicht werden?<\/h4>\n<p data-start=\"3832\" data-end=\"4016\">Sie k\u00f6nnen Welpen ab einem Alter von 4 Monaten angeboten werden. Wichtig ist dabei, die Gr\u00f6\u00dfe der Sehne an die Gr\u00f6\u00dfe des Welpen anzupassen. So wird ein angenehmes und sicheres Kauen gew\u00e4hrleistet.<\/p>\n<h4 data-start=\"4018\" data-end=\"4065\">\u27a1\ufe0f Sind sie f\u00fcr sensible Hunde geeignet?<\/h4>\n<p data-start=\"4066\" data-end=\"4264\">Ja, die Sehnen sind hypoallergen, da sie nur aus einem einzigen Bestandteil bestehen. Au\u00dferdem enthalten sie keine Farbstoffe oder Chemikalien. Daher sind sie f\u00fcr viele empfindliche Hunde geeignet.<\/p>\n<hr data-start=\"4266\" data-end=\"4269\" \/>\n<h4 data-start=\"4271\" data-end=\"4289\">Zusammensetzung<\/h4>\n<p data-start=\"4290\" data-end=\"4313\">100 % Rindersehnen<\/p>\n<h4 data-start=\"4320\" data-end=\"4351\">Analytische Bestandteile<\/h4>\n<p data-start=\"4353\" data-end=\"4492\"><strong data-start=\"4353\" data-end=\"4371\">Rindersehne<\/strong><br data-start=\"4371\" data-end=\"4374\" \/>Rohprotein: 79 %<br data-start=\"4397\" data-end=\"4400\" \/>Rohfett: 5 %<br data-start=\"4429\" data-end=\"4432\" \/>Maximale Luftfeuchtigkeit: 7,70 %<br data-start=\"4453\" data-end=\"4456\" \/>Rohstoffe: 1,70 %<\/p>\n<p><a style=\"font-size: 16px;\" href=\"https:\/\/regalanimals.ch\/de\/product\/joue-de-boeuf-roulee\/\">Vorschlag f\u00fcr ihn<\/a><\/p>","protected":false},"excerpt":{"rendered":"<p>\ud83d\udc36 Tendon de b\u0153uf pour chien Une friandise robuste et naturelle pour satisfaire les m\u00e2cheurs motiv\u00e9s Une friandise 100 % naturelle. Le Tendon de b\u0153uf pour chien est un article \u00e0 ronger naturel et tr\u00e8s appr\u00e9ci\u00e9. En effet, ce tendon ferme r\u00e9pond parfaitement \u00e0 l\u2019instinct de mastication, tout en offrant une friandise durable et savoureuse. [&hellip;]<\/p>\n","protected":false},"featured_media":40139,"menu_order":0,"comment_status":"open","ping_status":"closed","template":"","meta":[],"product_brand":[],"product_cat":[231,24],"product_tag":[],"class_list":{"0":"post-40141","1":"product","2":"type-product","3":"status-publish","4":"has-post-thumbnail","6":"product_cat-a-ronger","7":"product_cat-chiens","9":"first","10":"instock","11":"taxable","12":"shipping-taxable","13":"purchasable","14":"product-type-simple"},"yoast_head":"<!-- This site is optimized with the Yoast SEO Premium plugin v27.4 (Yoast SEO v27.4) - https:\/\/yoast.com\/product\/yoast-seo-premium-wordpress\/ -->\n<title>Tendon de b\u0153uf pour chien une friandise robuste et naturelle<\/title>\n<meta name=\"description\" content=\"Offrez une mastication naturelle et durable gr\u00e2ce \u00e0 ce Tendon de b\u0153uf pour chien, id\u00e9al pour renforcer l\u2019hygi\u00e8ne bucco-dentaire.\" \/>\n<meta name=\"robots\" content=\"index, follow, max-snippet:-1, max-image-preview:large, max-video-preview:-1\" \/>\n<link rel=\"canonical\" href=\"https:\/\/regalanimals.ch\/de\/product\/tendon-de-boeuf-pour-chien\/\" \/>\n<meta property=\"og:locale\" content=\"de_DE\" \/>\n<meta property=\"og:type\" content=\"article\" \/>\n<meta property=\"og:title\" content=\"Tendon de b\u0153uf pour chien (1 kg)\" \/>\n<meta property=\"og:description\" content=\"Offrez une mastication naturelle et durable gr\u00e2ce \u00e0 ce Tendon de b\u0153uf pour chien, id\u00e9al pour renforcer l\u2019hygi\u00e8ne bucco-dentaire.\" \/>\n<meta property=\"og:url\" content=\"https:\/\/regalanimals.ch\/de\/product\/tendon-de-boeuf-pour-chien\/\" \/>\n<meta property=\"og:site_name\" content=\"R\u00e9gal&#039;Animals\" \/>\n<meta property=\"article:modified_time\" content=\"2026-04-13T14:32:19+00:00\" \/>\n<meta property=\"og:image\" content=\"https:\/\/regalanimals.ch\/wp-content\/uploads\/2025\/12\/tendon-de-boeuf-pour-chien-.webp\" \/>\n\t<meta property=\"og:image:width\" content=\"940\" \/>\n\t<meta property=\"og:image:height\" content=\"788\" \/>\n\t<meta property=\"og:image:type\" content=\"image\/webp\" \/>\n<meta name=\"twitter:card\" content=\"summary_large_image\" \/>\n<meta name=\"twitter:label1\" content=\"Gesch\u00e4tzte Lesezeit\" \/>\n\t<meta name=\"twitter:data1\" content=\"3\u00a0Minuten\" \/>\n<script type=\"application\/ld+json\" class=\"yoast-schema-graph\">{\"@context\":\"https:\\\/\\\/schema.org\",\"@graph\":[{\"@type\":\"WebPage\",\"@id\":\"https:\\\/\\\/regalanimals.ch\\\/product\\\/tendon-de-boeuf-pour-chien\\\/\",\"url\":\"https:\\\/\\\/regalanimals.ch\\\/product\\\/tendon-de-boeuf-pour-chien\\\/\",\"name\":\"Tendon de b\u0153uf pour chien une friandise robuste et naturelle\",\"isPartOf\":{\"@id\":\"https:\\\/\\\/regalanimals.ch\\\/#website\"},\"primaryImageOfPage\":{\"@id\":\"https:\\\/\\\/regalanimals.ch\\\/product\\\/tendon-de-boeuf-pour-chien\\\/#primaryimage\"},\"image\":{\"@id\":\"https:\\\/\\\/regalanimals.ch\\\/product\\\/tendon-de-boeuf-pour-chien\\\/#primaryimage\"},\"thumbnailUrl\":\"https:\\\/\\\/regalanimals.ch\\\/wp-content\\\/uploads\\\/2025\\\/12\\\/tendon-de-boeuf-pour-chien-.webp\",\"datePublished\":\"2025-12-01T11:41:13+00:00\",\"dateModified\":\"2026-04-13T14:32:19+00:00\",\"description\":\"Offrez une mastication naturelle et durable gr\u00e2ce \u00e0 ce Tendon de b\u0153uf pour chien, id\u00e9al pour renforcer l\u2019hygi\u00e8ne bucco-dentaire.\",\"breadcrumb\":{\"@id\":\"https:\\\/\\\/regalanimals.ch\\\/product\\\/tendon-de-boeuf-pour-chien\\\/#breadcrumb\"},\"inLanguage\":\"de\",\"potentialAction\":[{\"@type\":\"ReadAction\",\"target\":[\"https:\\\/\\\/regalanimals.ch\\\/product\\\/tendon-de-boeuf-pour-chien\\\/\"]}]},{\"@type\":\"ImageObject\",\"inLanguage\":\"de\",\"@id\":\"https:\\\/\\\/regalanimals.ch\\\/product\\\/tendon-de-boeuf-pour-chien\\\/#primaryimage\",\"url\":\"https:\\\/\\\/regalanimals.ch\\\/wp-content\\\/uploads\\\/2025\\\/12\\\/tendon-de-boeuf-pour-chien-.webp\",\"contentUrl\":\"https:\\\/\\\/regalanimals.ch\\\/wp-content\\\/uploads\\\/2025\\\/12\\\/tendon-de-boeuf-pour-chien-.webp\",\"width\":940,\"height\":788,\"caption\":\"Tendon de b\u0153uf pour chien \u2013 morceaux de tendon s\u00e9ch\u00e9.\"},{\"@type\":\"BreadcrumbList\",\"@id\":\"https:\\\/\\\/regalanimals.ch\\\/product\\\/tendon-de-boeuf-pour-chien\\\/#breadcrumb\",\"itemListElement\":[{\"@type\":\"ListItem\",\"position\":1,\"name\":\"Home\",\"item\":\"https:\\\/\\\/regalanimals.ch\\\/\"},{\"@type\":\"ListItem\",\"position\":2,\"name\":\"Boutique\",\"item\":\"https:\\\/\\\/regalanimals.ch\\\/shop\\\/\"},{\"@type\":\"ListItem\",\"position\":3,\"name\":\"Tendon de b\u0153uf pour chien (1 kg)\"}]},{\"@type\":\"WebSite\",\"@id\":\"https:\\\/\\\/regalanimals.ch\\\/#website\",\"url\":\"https:\\\/\\\/regalanimals.ch\\\/\",\"name\":\"R\u00e9gal Animals\",\"description\":\"Alimentation et articles de qualit\u00e9 pour chats, chiens et furets\",\"publisher\":{\"@id\":\"https:\\\/\\\/regalanimals.ch\\\/#organization\"},\"potentialAction\":[{\"@type\":\"SearchAction\",\"target\":{\"@type\":\"EntryPoint\",\"urlTemplate\":\"https:\\\/\\\/regalanimals.ch\\\/?s={search_term_string}\"},\"query-input\":{\"@type\":\"PropertyValueSpecification\",\"valueRequired\":true,\"valueName\":\"search_term_string\"}}],\"inLanguage\":\"de\"},{\"@type\":\"Organization\",\"@id\":\"https:\\\/\\\/regalanimals.ch\\\/#organization\",\"name\":\"R\u00e9gal Animals\",\"url\":\"https:\\\/\\\/regalanimals.ch\\\/\",\"logo\":{\"@type\":\"ImageObject\",\"inLanguage\":\"de\",\"@id\":\"https:\\\/\\\/regalanimals.ch\\\/#\\\/schema\\\/logo\\\/image\\\/\",\"url\":\"https:\\\/\\\/regalanimals.ch\\\/wp-content\\\/uploads\\\/2025\\\/04\\\/cropped-Logo-site-e1744634610403-1.webp\",\"contentUrl\":\"https:\\\/\\\/regalanimals.ch\\\/wp-content\\\/uploads\\\/2025\\\/04\\\/cropped-Logo-site-e1744634610403-1.webp\",\"width\":512,\"height\":512,\"caption\":\"R\u00e9gal Animals\"},\"image\":{\"@id\":\"https:\\\/\\\/regalanimals.ch\\\/#\\\/schema\\\/logo\\\/image\\\/\"}}]}<\/script>\n<!-- \/ Yoast SEO Premium plugin. -->","yoast_head_json":{"title":"Rindersehnen f\u00fcr Hunde: ein herzhafter und nat\u00fcrlicher Leckerbissen","description":"Mit dieser Rindersehne f\u00fcr Hunde bieten Sie einen nat\u00fcrlichen und lang anhaltenden Kauspa\u00df, ideal zur St\u00e4rkung der Mundhygiene.","robots":{"index":"index","follow":"follow","max-snippet":"max-snippet:-1","max-image-preview":"max-image-preview:large","max-video-preview":"max-video-preview:-1"},"canonical":"https:\/\/regalanimals.ch\/de\/product\/tendon-de-boeuf-pour-chien\/","og_locale":"de_DE","og_type":"article","og_title":"Tendon de b\u0153uf pour chien (1 kg)","og_description":"Offrez une mastication naturelle et durable gr\u00e2ce \u00e0 ce Tendon de b\u0153uf pour chien, id\u00e9al pour renforcer l\u2019hygi\u00e8ne bucco-dentaire.","og_url":"https:\/\/regalanimals.ch\/de\/product\/tendon-de-boeuf-pour-chien\/","og_site_name":"R\u00e9gal&#039;Animals","article_modified_time":"2026-04-13T14:32:19+00:00","og_image":[{"width":940,"height":788,"url":"https:\/\/regalanimals.ch\/wp-content\/uploads\/2025\/12\/tendon-de-boeuf-pour-chien-.webp","type":"image\/webp"}],"twitter_card":"summary_large_image","twitter_misc":{"Gesch\u00e4tzte Lesezeit":"3\u00a0Minuten"},"schema":{"@context":"https:\/\/schema.org","@graph":[{"@type":"WebPage","@id":"https:\/\/regalanimals.ch\/product\/tendon-de-boeuf-pour-chien\/","url":"https:\/\/regalanimals.ch\/product\/tendon-de-boeuf-pour-chien\/","name":"Rindersehnen f\u00fcr Hunde: ein herzhafter und nat\u00fcrlicher Leckerbissen","isPartOf":{"@id":"https:\/\/regalanimals.ch\/#website"},"primaryImageOfPage":{"@id":"https:\/\/regalanimals.ch\/product\/tendon-de-boeuf-pour-chien\/#primaryimage"},"image":{"@id":"https:\/\/regalanimals.ch\/product\/tendon-de-boeuf-pour-chien\/#primaryimage"},"thumbnailUrl":"https:\/\/regalanimals.ch\/wp-content\/uploads\/2025\/12\/tendon-de-boeuf-pour-chien-.webp","datePublished":"2025-12-01T11:41:13+00:00","dateModified":"2026-04-13T14:32:19+00:00","description":"Mit dieser Rindersehne f\u00fcr Hunde bieten Sie einen nat\u00fcrlichen und lang anhaltenden Kauspa\u00df, ideal zur St\u00e4rkung der Mundhygiene.","breadcrumb":{"@id":"https:\/\/regalanimals.ch\/product\/tendon-de-boeuf-pour-chien\/#breadcrumb"},"inLanguage":"de","potentialAction":[{"@type":"ReadAction","target":["https:\/\/regalanimals.ch\/product\/tendon-de-boeuf-pour-chien\/"]}]},{"@type":"ImageObject","inLanguage":"de","@id":"https:\/\/regalanimals.ch\/product\/tendon-de-boeuf-pour-chien\/#primaryimage","url":"https:\/\/regalanimals.ch\/wp-content\/uploads\/2025\/12\/tendon-de-boeuf-pour-chien-.webp","contentUrl":"https:\/\/regalanimals.ch\/wp-content\/uploads\/2025\/12\/tendon-de-boeuf-pour-chien-.webp","width":940,"height":788,"caption":"Tendon de b\u0153uf pour chien \u2013 morceaux de tendon s\u00e9ch\u00e9."},{"@type":"BreadcrumbList","@id":"https:\/\/regalanimals.ch\/product\/tendon-de-boeuf-pour-chien\/#breadcrumb","itemListElement":[{"@type":"ListItem","position":1,"name":"Home","item":"https:\/\/regalanimals.ch\/"},{"@type":"ListItem","position":2,"name":"Boutique","item":"https:\/\/regalanimals.ch\/shop\/"},{"@type":"ListItem","position":3,"name":"Tendon de b\u0153uf pour chien (1 kg)"}]},{"@type":"WebSite","@id":"https:\/\/regalanimals.ch\/#website","url":"https:\/\/regalanimals.ch\/","name":"Tierfest","description":"Hochwertiges Futter und Zubeh\u00f6r f\u00fcr Katzen, Hunde und Frettchen","publisher":{"@id":"https:\/\/regalanimals.ch\/#organization"},"potentialAction":[{"@type":"SearchAction","target":{"@type":"EntryPoint","urlTemplate":"https:\/\/regalanimals.ch\/?s={search_term_string}"},"query-input":{"@type":"PropertyValueSpecification","valueRequired":true,"valueName":"search_term_string"}}],"inLanguage":"de"},{"@type":"Organization","@id":"https:\/\/regalanimals.ch\/#organization","name":"Tierfest","url":"https:\/\/regalanimals.ch\/","logo":{"@type":"ImageObject","inLanguage":"de","@id":"https:\/\/regalanimals.ch\/#\/schema\/logo\/image\/","url":"https:\/\/regalanimals.ch\/wp-content\/uploads\/2025\/04\/cropped-Logo-site-e1744634610403-1.webp","contentUrl":"https:\/\/regalanimals.ch\/wp-content\/uploads\/2025\/04\/cropped-Logo-site-e1744634610403-1.webp","width":512,"height":512,"caption":"R\u00e9gal Animals"},"image":{"@id":"https:\/\/regalanimals.ch\/#\/schema\/logo\/image\/"}}]}},"_links":{"self":[{"href":"https:\/\/regalanimals.ch\/de\/wp-json\/wp\/v2\/product\/40141","targetHints":{"allow":["GET"]}}],"collection":[{"href":"https:\/\/regalanimals.ch\/de\/wp-json\/wp\/v2\/product"}],"about":[{"href":"https:\/\/regalanimals.ch\/de\/wp-json\/wp\/v2\/types\/product"}],"replies":[{"embeddable":true,"href":"https:\/\/regalanimals.ch\/de\/wp-json\/wp\/v2\/comments?post=40141"}],"wp:featuredmedia":[{"embeddable":true,"href":"https:\/\/regalanimals.ch\/de\/wp-json\/wp\/v2\/media\/40139"}],"wp:attachment":[{"href":"https:\/\/regalanimals.ch\/de\/wp-json\/wp\/v2\/media?parent=40141"}],"wp:term":[{"taxonomy":"product_brand","embeddable":true,"href":"https:\/\/regalanimals.ch\/de\/wp-json\/wp\/v2\/product_brand?post=40141"},{"taxonomy":"product_cat","embeddable":true,"href":"https:\/\/regalanimals.ch\/de\/wp-json\/wp\/v2\/product_cat?post=40141"},{"taxonomy":"product_tag","embeddable":true,"href":"https:\/\/regalanimals.ch\/de\/wp-json\/wp\/v2\/product_tag?post=40141"}],"curies":[{"name":"wp","href":"https:\/\/api.w.org\/{rel}","templated":true}]}}