{"id":40268,"date":"2025-12-11T18:39:34","date_gmt":"2025-12-11T17:39:34","guid":{"rendered":"https:\/\/regalanimals.ch\/?post_type=product&#038;p=40268"},"modified":"2026-04-07T12:17:47","modified_gmt":"2026-04-07T10:17:47","slug":"shampoing-sec-en-poudre","status":"publish","type":"product","link":"https:\/\/regalanimals.ch\/de\/product\/shampoing-sec-en-poudre\/","title":{"rendered":"Shampoing sec en poudre (150 g)"},"content":{"rendered":"<h2 data-start=\"224\" data-end=\"803\">Trockenshampoo-Puder \ud83d\udc3e<\/h2>\n<p data-start=\"224\" data-end=\"803\">Dieses Trockenshampoo-Pulver erm\u00f6glicht eine schnelle und effektive Reinigung des Fells Ihres Hundes oder Ihrer Katze. Es reinigt ohne Wasser und reduziert so den Stress beim Baden. Dank seines feinen Puders absorbiert es \u00fcbersch\u00fcssiges Fett und hinterl\u00e4sst ein sauberes, weiches und seidiges Fell. Dadurch k\u00f6nnen Sie die Zeit zwischen den B\u00e4dern verl\u00e4ngern und gleichzeitig eine optimale Hygiene gew\u00e4hrleisten. Die leichte Textur erleichtert zudem das B\u00fcrsten. Das Ergebnis: Das Fell erh\u00e4lt Glanz, Frische und Volumen zur\u00fcck, selbst wenn Ihr Haustier Wasser nicht mag.<\/p>\n<h2 data-start=\"805\" data-end=\"1363\">Eine nat\u00fcrliche und sanfte t\u00e4gliche Hautpflege-Routine \ud83c\udf3f<\/h2>\n<p data-start=\"805\" data-end=\"1363\">Dieses Trockenshampoo zeichnet sich vor allem durch seine nat\u00fcrliche Zusammensetzung aus: Es besteht zu 99 % aus Inhaltsstoffen nat\u00fcrlichen Ursprungs. Dadurch ist es besonders sanft zu Haut und Fell von Hunden und Katzen. Es eignet sich daher f\u00fcr alle Hauttypen, auch f\u00fcr sehr empfindliche Haut. Dar\u00fcber hinaus ist es frei von Parabenen, Silikonen und aggressiven Chemikalien. Sein dezenter Duft hinterl\u00e4sst einen angenehmen Geruch, ohne die Haut zu reizen. So wird die Fellpflege sanft, sicher und einfach in der t\u00e4glichen Anwendung.<\/p>\n<h2 data-start=\"1365\" data-end=\"1986\">Eine einfache und praktische L\u00f6sung ohne Wasser \ud83d\udc5c<\/h2>\n<p data-start=\"1365\" data-end=\"1986\">Dieses Trockenshampoo-Pulver ist in einer wiederverschlie\u00dfbaren 150-g-Dose erh\u00e4ltlich und somit ideal f\u00fcr unterwegs. Sie k\u00f6nnen es problemlos auf Spazierg\u00e4ngen, Reisen oder anderen Ausfl\u00fcgen mitnehmen. Die Anwendung ist schnell und einfach: Streuen Sie das Pulver einfach auf Ihr trockenes Fell und massieren Sie es sanft ein, um es gleichm\u00e4\u00dfig zu verteilen. Nach einigen Minuten b\u00fcrsten Sie \u00fcbersch\u00fcssiges Pulver aus. Ihr Fell f\u00fchlt sich sofort sauber, leicht und frisch an.<\/p>\n<h2 data-start=\"1988\" data-end=\"2540\">Geeignet f\u00fcr alle Hunde und Katzen \ud83d\udc36<\/h2>\n<p data-start=\"1988\" data-end=\"2540\">Dieses Trockenshampoo-Pulver eignet sich f\u00fcr Hunde und Katzen aller Rassen und Fellarten. Dank seiner reinigenden und desodorierenden Wirkung verbessert es sichtbar das Fellbild. Zudem erleichtert es das Entwirren und vereinfacht so die t\u00e4gliche Fellpflege. Es ist daher eine effektive Alternative zum Baden und besonders praktisch f\u00fcr Tiere, die h\u00e4ufig gepflegt werden m\u00fcssen oder wenn Wasser nicht verwendet werden kann.<\/p>\n<h3 data-start=\"49\" data-end=\"120\">H\u00e4ufig gestellte Fragen zu Trockenshampoo-Puder f\u00fcr Hunde und Katzen<\/h3>\n<p data-start=\"122\" data-end=\"252\" data-is-last-node=\"\" data-is-only-node=\"\">Hier finden Sie Antworten auf die am h\u00e4ufigsten gestellten Fragen zur Anwendung und den Vorteilen von Trockenshampoo-Puder.<\/p>\n<h4 data-start=\"2251\" data-end=\"2304\">\u27a1\ufe0f Ist dieses Shampoo f\u00fcr empfindliche Tiere geeignet?<\/h4>\n<p data-start=\"2305\" data-end=\"2505\">Ja, denn es handelt sich um ein einfaches, mineralisches Puder mit Duftstoffen, wodurch die Anzahl potenziell reizender Inhaltsstoffe begrenzt wird. Daher ist es f\u00fcr die meisten Hauttypen, auch f\u00fcr empfindliche Haut, geeignet. Die leichte Formel erm\u00f6glicht zudem eine regelm\u00e4\u00dfige Anwendung, ohne die Haut Ihres Hundes oder Ihrer Katze unn\u00f6tig zu belasten.<\/p>\n<h4 data-start=\"2507\" data-end=\"2555\">\u27a1\ufe0f Kann es auch zwischen den B\u00e4dern verwendet werden?<\/h4>\n<p data-start=\"2556\" data-end=\"2762\">Ja, denn dieses Trockenshampoo absorbiert \u00fcbersch\u00fcssiges \u00d6l und erfrischt das Fell ganz ohne Wasser. Sobald Sie das Puder aufstreuen und einmassieren, nimmt es angesammeltes \u00d6l und Schmutz auf. So k\u00f6nnen Sie die Zeit zwischen den B\u00e4dern verl\u00e4ngern und das Fell bleibt sauber und geschmeidig \u2013 besonders wichtig, wenn Ihr Haustier Wasser nicht mag.<\/p>\n<h4 data-start=\"2764\" data-end=\"2832\">\u27a1\ufe0f Sollte es nach der Anwendung abgesp\u00fclt werden?<\/h4>\n<p data-start=\"2833\" data-end=\"3022\">Nein, denn dieses Produkt ist f\u00fcr die Trockenanwendung auf dem Fell konzipiert. Warten Sie einfach ein paar Minuten, bis das Puder einwirkt, bevor Sie es ausb\u00fcrsten, um \u00fcbersch\u00fcssiges Puder zu entfernen. So bleibt das Fell sauber, volumin\u00f6s und frisch \u2013 ganz ohne Aussp\u00fclen. Das macht es zu einer praktischen L\u00f6sung, wenn Sie Ihr Haustier nicht baden k\u00f6nnen.<\/p>\n<hr data-start=\"3024\" data-end=\"3027\" \/>\n<h2 data-start=\"3029\" data-end=\"3060\">\ud83d\udca6 Ratschl\u00e4ge von R\u00e9gal&#039;Animals \ud83d\udc9a<\/h2>\n<p data-start=\"404\" data-end=\"953\">F\u00fcr eine optimale Anwendung von Trockenshampoo-Puder streuen Sie zun\u00e4chst eine kleine Menge auf die fettigen Stellen am Hals oder R\u00fccken. Massieren Sie das Puder anschlie\u00dfend sanft ein, um es gleichm\u00e4\u00dfig im Fell zu verteilen. Lassen Sie es einige Minuten einwirken, damit es Unreinheiten absorbieren kann. B\u00fcrsten Sie das Fell abschlie\u00dfend gr\u00fcndlich aus, um \u00fcbersch\u00fcssiges Puder zu entfernen. So erh\u00e4lt das Fell auf nat\u00fcrliche Weise Frische, Leichtigkeit und Volumen zur\u00fcck und bleibt l\u00e4nger sauber.<\/p>\n<hr data-start=\"955\" data-end=\"958\" \/>\n<h4 data-start=\"3410\" data-end=\"3452\">\u27a1\ufe0f Kann dieses Shampoo auch bei einer \u00e4lteren Katze verwendet werden?<\/h4>\n<p data-start=\"3453\" data-end=\"3653\">Ja, denn dieses Trockenshampoo erm\u00f6glicht die Fellreinigung ohne Wasser und reduziert so den Stress, der oft mit Baden verbunden ist. Das erleichtert die Pflege \u00e4lterer oder empfindlicher Katzen. Die schnelle und einfache Anwendung erfrischt das Fell und respektiert dabei den nat\u00fcrlichen Rhythmus und das Wohlbefinden des Tieres, insbesondere wenn es \u00e4ngstlich oder weniger mobil ist.<\/p>\n<h4 data-start=\"3655\" data-end=\"3706\">\u27a1\ufe0f Wie oft kann dieses Produkt verwendet werden?<\/h4>\n<p data-start=\"3707\" data-end=\"3874\">Sie k\u00f6nnen es immer dann verwenden, wenn das Fell Ihres Haustieres stumpf oder glanzlos aussieht. Trockenshampoo absorbiert \u00fcbersch\u00fcssiges Fett und verbessert das Aussehen des Fells. Um die Wirkung zu verl\u00e4ngern, empfiehlt es sich jedoch, die Anwendung mit regelm\u00e4\u00dfigem B\u00fcrsten zu kombinieren, wodurch das Fell l\u00e4nger sauber bleibt.<\/p>\n<h4 data-start=\"3876\" data-end=\"3915\">\u27a1\ufe0f Kann es im Freien verwendet werden?<\/h4>\n<p data-start=\"3916\" data-end=\"4139\">Ja, denn dieses Trockenshampoo kommt in einer kompakten, handlichen Dose. So k\u00f6nnen Sie es \u00fcberallhin mitnehmen, egal ob beim Spaziergang oder auf Reisen. Damit l\u00e4sst sich das Fell Ihres Hundes oder Ihrer Katze ganz einfach und ohne Wasser oder Aufwand auffrischen, sogar im Freien.<\/p>\n<p data-start=\"4146\" data-end=\"4164\"><strong>Zusammensetzung<\/strong><br data-start=\"11\" data-end=\"14\" \/>Mineralpulver<br data-start=\"29\" data-end=\"32\" \/>Duft<\/p>\n<p><a href=\"https:\/\/regalanimals.ch\/de\/product\/shampoing-solide-apaisant\/\">Vorschlag f\u00fcr ihn<\/a><\/p>","protected":false},"excerpt":{"rendered":"<p>Shampoing sec en poudre \ud83d\udc3e Tout d\u2019abord, ce shampoing sec en poudre permet un nettoyage rapide et efficace du pelage de votre chien ou de votre chat. En effet, il nettoie sans eau, ce qui limite imm\u00e9diatement le stress li\u00e9 au bain. Gr\u00e2ce \u00e0 sa poudre fine, il absorbe l\u2019exc\u00e8s de s\u00e9bum et laisse le [&hellip;]<\/p>\n","protected":false},"featured_media":40269,"menu_order":0,"comment_status":"open","ping_status":"closed","template":"","meta":[],"product_brand":[],"product_cat":[89,24,216,198],"product_tag":[],"class_list":{"0":"post-40268","1":"product","2":"type-product","3":"status-publish","4":"has-post-thumbnail","6":"product_cat-chats","7":"product_cat-chiens","8":"product_cat-hygiene-chats","9":"product_cat-hygiene-chiens","11":"first","12":"instock","13":"taxable","14":"shipping-taxable","15":"purchasable","16":"product-type-simple"},"yoast_head":"<!-- This site is optimized with the Yoast SEO Premium plugin v27.4 (Yoast SEO v27.4) - https:\/\/yoast.com\/product\/yoast-seo-premium-wordpress\/ -->\n<title>Shampoing sec en poudre pour chien et chat<\/title>\n<meta name=\"description\" content=\"Nettoyez le pelage de votre chien ou chat sans eau ni stress. Le Shampoing sec en poudre offre un nettoyage simple, naturel et rapide.\" \/>\n<meta name=\"robots\" content=\"index, follow, max-snippet:-1, max-image-preview:large, max-video-preview:-1\" \/>\n<link rel=\"canonical\" href=\"https:\/\/regalanimals.ch\/de\/product\/shampoing-sec-en-poudre\/\" \/>\n<meta property=\"og:locale\" content=\"de_DE\" \/>\n<meta property=\"og:type\" content=\"article\" \/>\n<meta property=\"og:title\" content=\"Shampoing sec en poudre (150 g)\" \/>\n<meta property=\"og:description\" content=\"Nettoyez le pelage de votre chien ou chat sans eau ni stress. Le Shampoing sec en poudre offre un nettoyage simple, naturel et rapide.\" \/>\n<meta property=\"og:url\" content=\"https:\/\/regalanimals.ch\/de\/product\/shampoing-sec-en-poudre\/\" \/>\n<meta property=\"og:site_name\" content=\"R\u00e9gal&#039;Animals\" \/>\n<meta property=\"article:modified_time\" content=\"2026-04-07T10:17:47+00:00\" \/>\n<meta property=\"og:image\" content=\"https:\/\/regalanimals.ch\/wp-content\/uploads\/2025\/12\/shampoing-sec-en-poudre.webp\" \/>\n\t<meta property=\"og:image:width\" content=\"940\" \/>\n\t<meta property=\"og:image:height\" content=\"788\" \/>\n\t<meta property=\"og:image:type\" content=\"image\/webp\" \/>\n<meta name=\"twitter:card\" content=\"summary_large_image\" \/>\n<meta name=\"twitter:label1\" content=\"Gesch\u00e4tzte Lesezeit\" \/>\n\t<meta name=\"twitter:data1\" content=\"5\u00a0Minuten\" \/>\n<script type=\"application\/ld+json\" class=\"yoast-schema-graph\">{\"@context\":\"https:\\\/\\\/schema.org\",\"@graph\":[{\"@type\":\"WebPage\",\"@id\":\"https:\\\/\\\/regalanimals.ch\\\/product\\\/shampoing-sec-en-poudre\\\/\",\"url\":\"https:\\\/\\\/regalanimals.ch\\\/product\\\/shampoing-sec-en-poudre\\\/\",\"name\":\"Shampoing sec en poudre pour chien et chat\",\"isPartOf\":{\"@id\":\"https:\\\/\\\/regalanimals.ch\\\/#website\"},\"primaryImageOfPage\":{\"@id\":\"https:\\\/\\\/regalanimals.ch\\\/product\\\/shampoing-sec-en-poudre\\\/#primaryimage\"},\"image\":{\"@id\":\"https:\\\/\\\/regalanimals.ch\\\/product\\\/shampoing-sec-en-poudre\\\/#primaryimage\"},\"thumbnailUrl\":\"https:\\\/\\\/regalanimals.ch\\\/wp-content\\\/uploads\\\/2025\\\/12\\\/shampoing-sec-en-poudre.webp\",\"datePublished\":\"2025-12-11T17:39:34+00:00\",\"dateModified\":\"2026-04-07T10:17:47+00:00\",\"description\":\"Nettoyez le pelage de votre chien ou chat sans eau ni stress. Le Shampoing sec en poudre offre un nettoyage simple, naturel et rapide.\",\"breadcrumb\":{\"@id\":\"https:\\\/\\\/regalanimals.ch\\\/product\\\/shampoing-sec-en-poudre\\\/#breadcrumb\"},\"inLanguage\":\"de\",\"potentialAction\":[{\"@type\":\"ReadAction\",\"target\":[\"https:\\\/\\\/regalanimals.ch\\\/product\\\/shampoing-sec-en-poudre\\\/\"]}]},{\"@type\":\"ImageObject\",\"inLanguage\":\"de\",\"@id\":\"https:\\\/\\\/regalanimals.ch\\\/product\\\/shampoing-sec-en-poudre\\\/#primaryimage\",\"url\":\"https:\\\/\\\/regalanimals.ch\\\/wp-content\\\/uploads\\\/2025\\\/12\\\/shampoing-sec-en-poudre.webp\",\"contentUrl\":\"https:\\\/\\\/regalanimals.ch\\\/wp-content\\\/uploads\\\/2025\\\/12\\\/shampoing-sec-en-poudre.webp\",\"width\":940,\"height\":788,\"caption\":\"Flacon de Shampoing sec en poudre pour animaux.\"},{\"@type\":\"BreadcrumbList\",\"@id\":\"https:\\\/\\\/regalanimals.ch\\\/product\\\/shampoing-sec-en-poudre\\\/#breadcrumb\",\"itemListElement\":[{\"@type\":\"ListItem\",\"position\":1,\"name\":\"Home\",\"item\":\"https:\\\/\\\/regalanimals.ch\\\/\"},{\"@type\":\"ListItem\",\"position\":2,\"name\":\"Boutique\",\"item\":\"https:\\\/\\\/regalanimals.ch\\\/shop\\\/\"},{\"@type\":\"ListItem\",\"position\":3,\"name\":\"Shampoing sec en poudre (150 g)\"}]},{\"@type\":\"WebSite\",\"@id\":\"https:\\\/\\\/regalanimals.ch\\\/#website\",\"url\":\"https:\\\/\\\/regalanimals.ch\\\/\",\"name\":\"R\u00e9gal Animals\",\"description\":\"Alimentation et articles de qualit\u00e9 pour chats, chiens et furets\",\"publisher\":{\"@id\":\"https:\\\/\\\/regalanimals.ch\\\/#organization\"},\"potentialAction\":[{\"@type\":\"SearchAction\",\"target\":{\"@type\":\"EntryPoint\",\"urlTemplate\":\"https:\\\/\\\/regalanimals.ch\\\/?s={search_term_string}\"},\"query-input\":{\"@type\":\"PropertyValueSpecification\",\"valueRequired\":true,\"valueName\":\"search_term_string\"}}],\"inLanguage\":\"de\"},{\"@type\":\"Organization\",\"@id\":\"https:\\\/\\\/regalanimals.ch\\\/#organization\",\"name\":\"R\u00e9gal Animals\",\"url\":\"https:\\\/\\\/regalanimals.ch\\\/\",\"logo\":{\"@type\":\"ImageObject\",\"inLanguage\":\"de\",\"@id\":\"https:\\\/\\\/regalanimals.ch\\\/#\\\/schema\\\/logo\\\/image\\\/\",\"url\":\"https:\\\/\\\/regalanimals.ch\\\/wp-content\\\/uploads\\\/2025\\\/04\\\/cropped-Logo-site-e1744634610403-1.webp\",\"contentUrl\":\"https:\\\/\\\/regalanimals.ch\\\/wp-content\\\/uploads\\\/2025\\\/04\\\/cropped-Logo-site-e1744634610403-1.webp\",\"width\":512,\"height\":512,\"caption\":\"R\u00e9gal Animals\"},\"image\":{\"@id\":\"https:\\\/\\\/regalanimals.ch\\\/#\\\/schema\\\/logo\\\/image\\\/\"}}]}<\/script>\n<!-- \/ Yoast SEO Premium plugin. -->","yoast_head_json":{"title":"Trockenshampoo in Puderform f\u00fcr Hunde und Katzen","description":"Reinigen Sie das Fell Ihres Hundes oder Ihrer Katze ohne Wasser und Stress. Dieses Trockenshampoo in Pulverform bietet eine einfache, nat\u00fcrliche und schnelle Reinigungsl\u00f6sung.","robots":{"index":"index","follow":"follow","max-snippet":"max-snippet:-1","max-image-preview":"max-image-preview:large","max-video-preview":"max-video-preview:-1"},"canonical":"https:\/\/regalanimals.ch\/de\/product\/shampoing-sec-en-poudre\/","og_locale":"de_DE","og_type":"article","og_title":"Shampoing sec en poudre (150 g)","og_description":"Nettoyez le pelage de votre chien ou chat sans eau ni stress. Le Shampoing sec en poudre offre un nettoyage simple, naturel et rapide.","og_url":"https:\/\/regalanimals.ch\/de\/product\/shampoing-sec-en-poudre\/","og_site_name":"R\u00e9gal&#039;Animals","article_modified_time":"2026-04-07T10:17:47+00:00","og_image":[{"width":940,"height":788,"url":"https:\/\/regalanimals.ch\/wp-content\/uploads\/2025\/12\/shampoing-sec-en-poudre.webp","type":"image\/webp"}],"twitter_card":"summary_large_image","twitter_misc":{"Gesch\u00e4tzte Lesezeit":"5\u00a0Minuten"},"schema":{"@context":"https:\/\/schema.org","@graph":[{"@type":"WebPage","@id":"https:\/\/regalanimals.ch\/product\/shampoing-sec-en-poudre\/","url":"https:\/\/regalanimals.ch\/product\/shampoing-sec-en-poudre\/","name":"Trockenshampoo in Puderform f\u00fcr Hunde und Katzen","isPartOf":{"@id":"https:\/\/regalanimals.ch\/#website"},"primaryImageOfPage":{"@id":"https:\/\/regalanimals.ch\/product\/shampoing-sec-en-poudre\/#primaryimage"},"image":{"@id":"https:\/\/regalanimals.ch\/product\/shampoing-sec-en-poudre\/#primaryimage"},"thumbnailUrl":"https:\/\/regalanimals.ch\/wp-content\/uploads\/2025\/12\/shampoing-sec-en-poudre.webp","datePublished":"2025-12-11T17:39:34+00:00","dateModified":"2026-04-07T10:17:47+00:00","description":"Reinigen Sie das Fell Ihres Hundes oder Ihrer Katze ohne Wasser und Stress. Dieses Trockenshampoo in Pulverform bietet eine einfache, nat\u00fcrliche und schnelle Reinigungsl\u00f6sung.","breadcrumb":{"@id":"https:\/\/regalanimals.ch\/product\/shampoing-sec-en-poudre\/#breadcrumb"},"inLanguage":"de","potentialAction":[{"@type":"ReadAction","target":["https:\/\/regalanimals.ch\/product\/shampoing-sec-en-poudre\/"]}]},{"@type":"ImageObject","inLanguage":"de","@id":"https:\/\/regalanimals.ch\/product\/shampoing-sec-en-poudre\/#primaryimage","url":"https:\/\/regalanimals.ch\/wp-content\/uploads\/2025\/12\/shampoing-sec-en-poudre.webp","contentUrl":"https:\/\/regalanimals.ch\/wp-content\/uploads\/2025\/12\/shampoing-sec-en-poudre.webp","width":940,"height":788,"caption":"Flacon de Shampoing sec en poudre pour animaux."},{"@type":"BreadcrumbList","@id":"https:\/\/regalanimals.ch\/product\/shampoing-sec-en-poudre\/#breadcrumb","itemListElement":[{"@type":"ListItem","position":1,"name":"Home","item":"https:\/\/regalanimals.ch\/"},{"@type":"ListItem","position":2,"name":"Boutique","item":"https:\/\/regalanimals.ch\/shop\/"},{"@type":"ListItem","position":3,"name":"Shampoing sec en poudre (150 g)"}]},{"@type":"WebSite","@id":"https:\/\/regalanimals.ch\/#website","url":"https:\/\/regalanimals.ch\/","name":"Tierfest","description":"Hochwertiges Futter und Zubeh\u00f6r f\u00fcr Katzen, Hunde und Frettchen","publisher":{"@id":"https:\/\/regalanimals.ch\/#organization"},"potentialAction":[{"@type":"SearchAction","target":{"@type":"EntryPoint","urlTemplate":"https:\/\/regalanimals.ch\/?s={search_term_string}"},"query-input":{"@type":"PropertyValueSpecification","valueRequired":true,"valueName":"search_term_string"}}],"inLanguage":"de"},{"@type":"Organization","@id":"https:\/\/regalanimals.ch\/#organization","name":"Tierfest","url":"https:\/\/regalanimals.ch\/","logo":{"@type":"ImageObject","inLanguage":"de","@id":"https:\/\/regalanimals.ch\/#\/schema\/logo\/image\/","url":"https:\/\/regalanimals.ch\/wp-content\/uploads\/2025\/04\/cropped-Logo-site-e1744634610403-1.webp","contentUrl":"https:\/\/regalanimals.ch\/wp-content\/uploads\/2025\/04\/cropped-Logo-site-e1744634610403-1.webp","width":512,"height":512,"caption":"R\u00e9gal Animals"},"image":{"@id":"https:\/\/regalanimals.ch\/#\/schema\/logo\/image\/"}}]}},"_links":{"self":[{"href":"https:\/\/regalanimals.ch\/de\/wp-json\/wp\/v2\/product\/40268","targetHints":{"allow":["GET"]}}],"collection":[{"href":"https:\/\/regalanimals.ch\/de\/wp-json\/wp\/v2\/product"}],"about":[{"href":"https:\/\/regalanimals.ch\/de\/wp-json\/wp\/v2\/types\/product"}],"replies":[{"embeddable":true,"href":"https:\/\/regalanimals.ch\/de\/wp-json\/wp\/v2\/comments?post=40268"}],"wp:featuredmedia":[{"embeddable":true,"href":"https:\/\/regalanimals.ch\/de\/wp-json\/wp\/v2\/media\/40269"}],"wp:attachment":[{"href":"https:\/\/regalanimals.ch\/de\/wp-json\/wp\/v2\/media?parent=40268"}],"wp:term":[{"taxonomy":"product_brand","embeddable":true,"href":"https:\/\/regalanimals.ch\/de\/wp-json\/wp\/v2\/product_brand?post=40268"},{"taxonomy":"product_cat","embeddable":true,"href":"https:\/\/regalanimals.ch\/de\/wp-json\/wp\/v2\/product_cat?post=40268"},{"taxonomy":"product_tag","embeddable":true,"href":"https:\/\/regalanimals.ch\/de\/wp-json\/wp\/v2\/product_tag?post=40268"}],"curies":[{"name":"wp","href":"https:\/\/api.w.org\/{rel}","templated":true}]}}