{"id":40373,"date":"2025-12-19T12:34:17","date_gmt":"2025-12-19T11:34:17","guid":{"rendered":"https:\/\/regalanimals.ch\/?post_type=product&#038;p=40373"},"modified":"2026-04-07T18:37:48","modified_gmt":"2026-04-07T16:37:48","slug":"bois-de-cafe-pour-chien","status":"publish","type":"product","link":"https:\/\/regalanimals.ch\/de\/product\/bois-de-cafe-pour-chien\/","title":{"rendered":"Hundekaffeeholz"},"content":{"rendered":"<h2 data-start=\"0\" data-end=\"433\">Dog Coffee Wood \ud83e\udeb5<\/h2>\n<p data-start=\"0\" data-end=\"433\">Coffee Wood ist ein einzigartiger und langlebiger Kausnack f\u00fcr Hunde. Er befriedigt effektiv den nat\u00fcrlichen Kauinstinkt des Hundes. Hergestellt aus der Kaffeepflanze, verwandelt dieses Kauspielzeug einen einfachen Akt in einen Moment des Genusses. Es vereint t\u00e4gliche Besch\u00e4ftigung, Wohlbefinden und Sicherheit. Nat\u00fcrlich und praktisch \u2013 perfekt f\u00fcr Hunde, die gerne lange und befriedigend kauen.<\/p>\n<h2 data-start=\"435\" data-end=\"983\">Nat\u00fcrlicher und nachhaltiger Genuss \ud83c\udf3f<\/h2>\n<p data-start=\"435\" data-end=\"983\" data-is-last-node=\"\" data-is-only-node=\"\">Kaffeeholz ist ein v\u00f6llig nat\u00fcrliches und zusatzstofffreies Kauspielzeug, das dank seiner hohen Dichte langanhaltenden Kauspa\u00df bietet und gleichzeitig sicher ist, da es keine scharfen Splitter bildet. Beim Kauen setzt der Hund kleine Pflanzenfasern frei, die zur Zahnreinigung beitragen und die Kiefermuskulatur st\u00e4rken. So bietet Kaffeeholz Hunden anhaltende Unterhaltung, weckt ihr Interesse und f\u00f6rdert die Zahnhygiene. Es eignet sich auch f\u00fcr Hunde mit Empfindlichkeiten, Allergien oder einfach f\u00fcr alle, die eine gesunde und angenehme Besch\u00e4ftigung suchen.<\/p>\n<h3 data-start=\"263\" data-end=\"725\">Verf\u00fcgbare Gr\u00f6\u00dfen und empfohlene Rassen \ud83e\uddb4\ud83d\udc36<\/h3>\n<p data-start=\"263\" data-end=\"725\">Das Kaffeeholz f\u00fcr Hunde ist in verschiedenen Gr\u00f6\u00dfen erh\u00e4ltlich, passend zur Gr\u00f6\u00dfe und Kaukraft jedes Hundes. Da es sich um ein Naturprodukt handelt, kann das Gewicht von St\u00fcck zu St\u00fcck leicht variieren. F\u00fcr eine komfortable und sichere Anwendung empfiehlt es sich, eine f\u00fcr den Kiefer des Hundes geeignete Gr\u00f6\u00dfe zu w\u00e4hlen und stets auf einen guten Halt im Maul zu achten.<\/p>\n<div class=\"_tableContainer_1rjym_1\">\n<table class=\"w-fit min-w-(--thread-content-width)\" data-start=\"119\" data-end=\"618\">\n<thead data-start=\"119\" data-end=\"207\">\n<tr data-start=\"119\" data-end=\"207\">\n<th data-start=\"119\" data-end=\"128\" data-col-size=\"sm\">Gr\u00f6\u00dfe<\/th>\n<th data-start=\"128\" data-end=\"156\" data-col-size=\"sm\">Ungef\u00e4hre Abmessungen<\/th>\n<th data-start=\"156\" data-end=\"170\" data-col-size=\"sm\">Durchschnittsgewicht<\/th>\n<th data-start=\"170\" data-end=\"188\" data-col-size=\"sm\">F\u00fcr Hunde von\u2026<\/th>\n<th data-start=\"188\" data-end=\"207\" data-col-size=\"sm\">Beispiel eines Rennens<\/th>\n<\/tr>\n<\/thead>\n<tbody data-start=\"297\" data-end=\"618\">\n<tr data-start=\"297\" data-end=\"363\">\n<td data-start=\"297\" data-end=\"302\" data-col-size=\"sm\">XS<\/td>\n<td data-col-size=\"sm\" data-start=\"302\" data-end=\"315\">\u2248 12\u201313 cm<\/td>\n<td data-col-size=\"sm\" data-start=\"315\" data-end=\"324\">\u2265 40 g<\/td>\n<td data-col-size=\"sm\" data-start=\"324\" data-end=\"339\">bis 5 kg<\/td>\n<td data-col-size=\"sm\" data-start=\"339\" data-end=\"363\">Chihuahua, Yorkshire<\/td>\n<\/tr>\n<tr data-start=\"364\" data-end=\"423\">\n<td data-start=\"364\" data-end=\"368\" data-col-size=\"sm\">S<\/td>\n<td data-start=\"368\" data-end=\"378\" data-col-size=\"sm\">\u2248 15 cm<\/td>\n<td data-col-size=\"sm\" data-start=\"378\" data-end=\"387\">\u2265 55 g<\/td>\n<td data-col-size=\"sm\" data-start=\"387\" data-end=\"399\">5 bis 10 kg<\/td>\n<td data-col-size=\"sm\" data-start=\"399\" data-end=\"423\">Jack Russell, Dackel<\/td>\n<\/tr>\n<tr data-start=\"424\" data-end=\"487\">\n<td data-start=\"424\" data-end=\"428\" data-col-size=\"sm\">M<\/td>\n<td data-col-size=\"sm\" data-start=\"428\" data-end=\"438\">\u2248 18 cm<\/td>\n<td data-col-size=\"sm\" data-start=\"438\" data-end=\"447\">\u2265 90 g<\/td>\n<td data-col-size=\"sm\" data-start=\"447\" data-end=\"460\">10 bis 20 kg<\/td>\n<td data-col-size=\"sm\" data-start=\"460\" data-end=\"487\">Cocker Spaniel, Beagle, Pudel<\/td>\n<\/tr>\n<tr data-start=\"488\" data-end=\"553\">\n<td data-start=\"488\" data-end=\"492\" data-col-size=\"sm\">L<\/td>\n<td data-col-size=\"sm\" data-start=\"492\" data-end=\"502\">\u2248 21 cm<\/td>\n<td data-col-size=\"sm\" data-start=\"502\" data-end=\"512\">\u2265 190 g<\/td>\n<td data-col-size=\"sm\" data-start=\"512\" data-end=\"525\">20 bis 30 kg<\/td>\n<td data-col-size=\"sm\" data-start=\"525\" data-end=\"553\">Setter, Bouvier, Bulldog<\/td>\n<\/tr>\n<tr data-start=\"554\" data-end=\"618\">\n<td data-start=\"554\" data-end=\"559\" data-col-size=\"sm\">XL<\/td>\n<td data-col-size=\"sm\" data-start=\"559\" data-end=\"569\">\u2248 27 cm<\/td>\n<td data-col-size=\"sm\" data-start=\"569\" data-end=\"579\">\u2265 290 g<\/td>\n<td data-col-size=\"sm\" data-start=\"579\" data-end=\"592\">30 bis 50 kg<\/td>\n<td data-col-size=\"sm\" data-start=\"592\" data-end=\"618\">Bullterrier, Malamute<\/td>\n<\/tr>\n<\/tbody>\n<\/table>\n<\/div>\n<p data-start=\"2407\" data-end=\"2571\">Ihr Hund sollte beim Kauen immer Zugang zu frischem Wasser haben. Das gew\u00e4hrleistet ein gesundes Kauvergn\u00fcgen. Wie bei allen festen Gegenst\u00e4nden ist regelm\u00e4\u00dfige Aufsicht unerl\u00e4sslich. Entfernen Sie das Kauholz Ihres Hundes, sobald Risse oder \u00fcberm\u00e4\u00dfiger Verschlei\u00df auftreten, um ein sicheres Kauen zu gew\u00e4hrleisten.<\/p>\n<h2 data-start=\"2578\" data-end=\"2617\">Nat\u00fcrlicher Ursprung und sorgf\u00e4ltig kontrollierte Zusammensetzung \ud83c\udf3f<\/h2>\n<p data-start=\"2578\" data-end=\"2617\">Kaffeeholz f\u00fcr Hunde ist ein 100% nat\u00fcrliches Kauprodukt aus sorgf\u00e4ltig ausgew\u00e4hlten Kaffeebaumzweigen, die nach der Kaffeeproduktion geerntet werden. Dieses Verfahren nutzt eine vorhandene Ressource optimal und garantiert gleichzeitig einen gesunden Leckerbissen ohne Koffein, Zusatzstoffe und Konservierungsmittel. Daher ist dieser Leckerbissen ideal f\u00fcr Hunde mit Unvertr\u00e4glichkeiten, Allergien oder spezielle Ern\u00e4hrungsbed\u00fcrfnisse.<\/p>\n<h2 data-start=\"3038\" data-end=\"3086\">Nachhaltiges Kauen und Zahnhygiene \ud83e\uddb7<\/h2>\n<p data-start=\"3038\" data-end=\"3086\">Dank seiner hohen Dichte bietet Kaffeeholz ein langanhaltendes und befriedigendes Kauvergn\u00fcgen, ideal f\u00fcr Hunde, die gerne ausgiebig nagen. Beim Kauen werden kleine Naturfasern freigesetzt, die die Z\u00e4hne mechanisch reinigen und wie Zahnseide wirken. Zus\u00e4tzlich st\u00e4rkt dies die Kiefermuskulatur und tr\u00e4gt auf nat\u00fcrliche Weise zur Reduzierung von Zahnbelag bei.<\/p>\n<h2 data-start=\"3038\" data-end=\"3086\">Sicherheit und Vergn\u00fcgen jeden Tag \ud83d\udee1\ufe0f<\/h2>\n<p data-start=\"3038\" data-end=\"3086\">Im Gegensatz zu anderen H\u00f6lzern zerf\u00e4llt Kaffeeholz allm\u00e4hlich, ohne scharfe Splitter zu bilden. Dadurch ist dieses Kauspielzeug sicher f\u00fcr den t\u00e4glichen Gebrauch. Die freigesetzten Fasern sind zudem harmlos und leicht verdaulich. Dieser Kausnack besch\u00e4ftigt Hunde, vertreibt Langeweile und macht jede Kausitzung zu einem vergn\u00fcglichen und beruhigenden Erlebnis.<\/p>\n<h3 data-start=\"2210\" data-end=\"2410\">H\u00e4ufig gestellte Fragen zu Kaffeeholz f\u00fcr Hunde \ud83d\udc3e<\/h3>\n<p data-start=\"2210\" data-end=\"2410\">Hier finden Sie Antworten auf die am h\u00e4ufigsten gestellten Fragen zur Verwendung, Sicherheit und den Vorteilen von Kaffeeholz f\u00fcr Hunde.<\/p>\n<h4 data-start=\"0\" data-end=\"311\">\u27a1\ufe0f Was ist Kaffeeholz f\u00fcr Hunde?<\/h4>\n<p data-start=\"0\" data-end=\"311\">Kaffeebaumholz f\u00fcr Hunde ist ein nat\u00fcrliches Kauspielzeug aus sorgf\u00e4ltig getrockneten und geschliffenen Kaffeebaumzweigen. Es befriedigt den nat\u00fcrlichen Kauinstinkt und bietet gleichzeitig einen langlebigen, gesunden Snack f\u00fcr den regelm\u00e4\u00dfigen Gebrauch.<\/p>\n<h4 data-start=\"313\" data-end=\"713\">\u27a1\ufe0f Warum sollte man sich f\u00fcr Coffee Wood f\u00fcr Hunde entscheiden?<\/h4>\n<p data-start=\"313\" data-end=\"713\">Dieser Hundekauknochen aus Kaffeeholz ist 100 % nat\u00fcrlich, koffeinfrei und enth\u00e4lt keine Konservierungs- oder Zusatzstoffe. Dadurch ist er ideal f\u00fcr Hunde mit Unvertr\u00e4glichkeiten, Allergien oder \u00dcbergewicht. Dar\u00fcber hinaus befriedigt dieses Kauspielzeug den nat\u00fcrlichen Kauinstinkt des Hundes, tr\u00e4gt zu seinem Wohlbefinden bei und unterst\u00fctzt auf nat\u00fcrliche Weise die Zahngesundheit.<\/p>\n<h4 data-start=\"715\" data-end=\"1089\">\u27a1\ufe0f Ist dieser Kauartikel sicher?<\/h4>\n<p data-start=\"715\" data-end=\"1089\">Ja, Kaffeebaumholz f\u00fcr Hunde bietet sicheres Kauvergn\u00fcgen, da es sich langsam zerkaut, ohne scharfe Splitter zu bilden. Beim Kauen werden nat\u00fcrliche Pflanzenfasern freigesetzt, die der Hund leicht schlucken und verdauen kann. Daher eignet sich dieser Kausnack f\u00fcr die kontrollierte und regelm\u00e4\u00dfige Anwendung.<\/p>\n<h4 data-start=\"1091\" data-end=\"1497\">\u27a1\ufe0f Welche Vorteile bietet Kaffeeholz f\u00fcr Hunde?<\/h4>\n<p data-start=\"1091\" data-end=\"1497\">Kaffeeholz f\u00fcr Hunde reinigt die Z\u00e4hne mechanisch durch die beim Kauen freigesetzten Fasern, reduziert Zahnbelag und st\u00e4rkt die Kiefermuskulatur. Dar\u00fcber hinaus regt dieses Leckerli die Darmt\u00e4tigkeit an, besch\u00e4ftigt Hunde \u00fcber l\u00e4ngere Zeit und macht das Kauen zu einem vergn\u00fcglichen und lohnenden Erlebnis.<\/p>\n<h4 data-start=\"1499\" data-end=\"1800\">\u27a1\ufe0f Ab welchem Alter kann dieses Holz verschenkt werden?<\/h4>\n<p data-start=\"1499\" data-end=\"1800\" data-is-last-node=\"\" data-is-only-node=\"\">Sie k\u00f6nnen Hunden ab einem Alter von etwa sechs Monaten Kaffeeholz anbieten, sobald ihr bleibendes Gebiss vollst\u00e4ndig vorhanden ist. Vor diesem Alter sollten Sie ein weicheres Kauspielzeug wie zum Beispiel Holzscheiben w\u00e4hlen, um die noch im Wachstum befindlichen Z\u00e4hne des Welpen zu schonen.<\/p>\n<p data-start=\"0\" data-end=\"35\"><strong>Zusammensetzung<\/strong><br data-start=\"11\" data-end=\"14\" \/>100 % Kaffeebaumholz<\/p>\n<p data-start=\"37\" data-end=\"142\" data-is-last-node=\"\" data-is-only-node=\"\"><strong>Analytische Bestandteile<\/strong><br data-start=\"61\" data-end=\"64\" \/>Rohprotein 10,4 %<br data-start=\"87\" data-end=\"90\" \/>Rohfasern 64,6 %<br data-start=\"110\" data-end=\"113\" \/>Mineralische Rohstoffe 1 %<\/p>\n<p><a href=\"https:\/\/regalanimals.ch\/de\/product\/corne-buffle-a-ronger\/\">Vorschlag f\u00fcr ihn<\/a><\/p>","protected":false},"excerpt":{"rendered":"<p>Bois de Caf\u00e9 pour chien\ud83e\udeb5 Le Bois de Caf\u00e9 pour chien s\u2019impose comme une friandise \u00e0 ronger originale et durable. Ainsi, il r\u00e9pond efficacement au besoin naturel de mastication. Issu du caf\u00e9ier, cet article \u00e0 ronger transforme un geste simple en moment de plaisir. De plus, il combine occupation, bien-\u00eatre et s\u00e9curit\u00e9 au quotidien. Accessible [&hellip;]<\/p>\n","protected":false},"featured_media":40483,"menu_order":0,"comment_status":"open","ping_status":"closed","template":"","meta":[],"product_brand":[],"product_cat":[231,24],"product_tag":[],"class_list":{"0":"post-40373","1":"product","2":"type-product","3":"status-publish","4":"has-post-thumbnail","6":"product_cat-a-ronger","7":"product_cat-chiens","9":"first","10":"instock","11":"taxable","12":"shipping-taxable","13":"purchasable","14":"product-type-variable"},"yoast_head":"<!-- This site is optimized with the Yoast SEO Premium plugin v27.3 (Yoast SEO v27.3) - https:\/\/yoast.com\/product\/yoast-seo-premium-wordpress\/ -->\n<title>Bois de Caf\u00e9 pour chien pour une mastication longue et saine<\/title>\n<meta name=\"description\" content=\"Pens\u00e9 pour occuper et stimuler, le Bois de Caf\u00e9 pour chien offre une exp\u00e9rience de mastication ludique, s\u00fbre et adapt\u00e9e au quotidien.\" \/>\n<meta name=\"robots\" content=\"index, follow, max-snippet:-1, max-image-preview:large, max-video-preview:-1\" \/>\n<link rel=\"canonical\" href=\"https:\/\/regalanimals.ch\/de\/product\/bois-de-cafe-pour-chien\/\" \/>\n<meta property=\"og:locale\" content=\"de_DE\" \/>\n<meta property=\"og:type\" content=\"article\" \/>\n<meta property=\"og:title\" content=\"Bois de Caf\u00e9 pour chien\" \/>\n<meta property=\"og:description\" content=\"Pens\u00e9 pour occuper et stimuler, le Bois de Caf\u00e9 pour chien offre une exp\u00e9rience de mastication ludique, s\u00fbre et adapt\u00e9e au quotidien.\" \/>\n<meta property=\"og:url\" content=\"https:\/\/regalanimals.ch\/de\/product\/bois-de-cafe-pour-chien\/\" \/>\n<meta property=\"og:site_name\" content=\"R\u00e9gal&#039;Animals\" \/>\n<meta property=\"article:modified_time\" content=\"2026-04-07T16:37:48+00:00\" \/>\n<meta property=\"og:image\" content=\"https:\/\/regalanimals.ch\/wp-content\/uploads\/2025\/12\/bois-de-cafe-pour-chien.webp\" \/>\n\t<meta property=\"og:image:width\" content=\"940\" \/>\n\t<meta property=\"og:image:height\" content=\"788\" \/>\n\t<meta property=\"og:image:type\" content=\"image\/webp\" \/>\n<meta name=\"twitter:card\" content=\"summary_large_image\" \/>\n<meta name=\"twitter:label1\" content=\"Gesch\u00e4tzte Lesezeit\" \/>\n\t<meta name=\"twitter:data1\" content=\"5\u00a0Minuten\" \/>\n<script type=\"application\/ld+json\" class=\"yoast-schema-graph\">{\"@context\":\"https:\\\/\\\/schema.org\",\"@graph\":[{\"@type\":\"WebPage\",\"@id\":\"https:\\\/\\\/regalanimals.ch\\\/product\\\/bois-de-cafe-pour-chien\\\/\",\"url\":\"https:\\\/\\\/regalanimals.ch\\\/product\\\/bois-de-cafe-pour-chien\\\/\",\"name\":\"Bois de Caf\u00e9 pour chien pour une mastication longue et saine\",\"isPartOf\":{\"@id\":\"https:\\\/\\\/regalanimals.ch\\\/#website\"},\"primaryImageOfPage\":{\"@id\":\"https:\\\/\\\/regalanimals.ch\\\/product\\\/bois-de-cafe-pour-chien\\\/#primaryimage\"},\"image\":{\"@id\":\"https:\\\/\\\/regalanimals.ch\\\/product\\\/bois-de-cafe-pour-chien\\\/#primaryimage\"},\"thumbnailUrl\":\"https:\\\/\\\/regalanimals.ch\\\/wp-content\\\/uploads\\\/2025\\\/12\\\/bois-de-cafe-pour-chien.webp\",\"datePublished\":\"2025-12-19T11:34:17+00:00\",\"dateModified\":\"2026-04-07T16:37:48+00:00\",\"description\":\"Pens\u00e9 pour occuper et stimuler, le Bois de Caf\u00e9 pour chien offre une exp\u00e9rience de mastication ludique, s\u00fbre et adapt\u00e9e au quotidien.\",\"breadcrumb\":{\"@id\":\"https:\\\/\\\/regalanimals.ch\\\/product\\\/bois-de-cafe-pour-chien\\\/#breadcrumb\"},\"inLanguage\":\"de\",\"potentialAction\":[{\"@type\":\"ReadAction\",\"target\":[\"https:\\\/\\\/regalanimals.ch\\\/product\\\/bois-de-cafe-pour-chien\\\/\"]}]},{\"@type\":\"ImageObject\",\"inLanguage\":\"de\",\"@id\":\"https:\\\/\\\/regalanimals.ch\\\/product\\\/bois-de-cafe-pour-chien\\\/#primaryimage\",\"url\":\"https:\\\/\\\/regalanimals.ch\\\/wp-content\\\/uploads\\\/2025\\\/12\\\/bois-de-cafe-pour-chien.webp\",\"contentUrl\":\"https:\\\/\\\/regalanimals.ch\\\/wp-content\\\/uploads\\\/2025\\\/12\\\/bois-de-cafe-pour-chien.webp\",\"width\":940,\"height\":788,\"caption\":\"B\u00e2tons \u00e0 m\u00e2cher en bois de caf\u00e9 pour chien, disponibles en plusieurs tailles pour une mastication adapt\u00e9e.\"},{\"@type\":\"BreadcrumbList\",\"@id\":\"https:\\\/\\\/regalanimals.ch\\\/product\\\/bois-de-cafe-pour-chien\\\/#breadcrumb\",\"itemListElement\":[{\"@type\":\"ListItem\",\"position\":1,\"name\":\"Home\",\"item\":\"https:\\\/\\\/regalanimals.ch\\\/\"},{\"@type\":\"ListItem\",\"position\":2,\"name\":\"Boutique\",\"item\":\"https:\\\/\\\/regalanimals.ch\\\/shop\\\/\"},{\"@type\":\"ListItem\",\"position\":3,\"name\":\"Bois de Caf\u00e9 pour chien\"}]},{\"@type\":\"WebSite\",\"@id\":\"https:\\\/\\\/regalanimals.ch\\\/#website\",\"url\":\"https:\\\/\\\/regalanimals.ch\\\/\",\"name\":\"R\u00e9gal Animals\",\"description\":\"Alimentation et articles de qualit\u00e9 pour chats, chiens et furets\",\"publisher\":{\"@id\":\"https:\\\/\\\/regalanimals.ch\\\/#organization\"},\"potentialAction\":[{\"@type\":\"SearchAction\",\"target\":{\"@type\":\"EntryPoint\",\"urlTemplate\":\"https:\\\/\\\/regalanimals.ch\\\/?s={search_term_string}\"},\"query-input\":{\"@type\":\"PropertyValueSpecification\",\"valueRequired\":true,\"valueName\":\"search_term_string\"}}],\"inLanguage\":\"de\"},{\"@type\":\"Organization\",\"@id\":\"https:\\\/\\\/regalanimals.ch\\\/#organization\",\"name\":\"R\u00e9gal Animals\",\"url\":\"https:\\\/\\\/regalanimals.ch\\\/\",\"logo\":{\"@type\":\"ImageObject\",\"inLanguage\":\"de\",\"@id\":\"https:\\\/\\\/regalanimals.ch\\\/#\\\/schema\\\/logo\\\/image\\\/\",\"url\":\"https:\\\/\\\/regalanimals.ch\\\/wp-content\\\/uploads\\\/2025\\\/07\\\/Logo-RegalAnimals.png\",\"contentUrl\":\"https:\\\/\\\/regalanimals.ch\\\/wp-content\\\/uploads\\\/2025\\\/07\\\/Logo-RegalAnimals.png\",\"width\":120,\"height\":153,\"caption\":\"R\u00e9gal Animals\"},\"image\":{\"@id\":\"https:\\\/\\\/regalanimals.ch\\\/#\\\/schema\\\/logo\\\/image\\\/\"}}]}<\/script>\n<!-- \/ Yoast SEO Premium plugin. -->","yoast_head_json":{"title":"Hunde-Kaffeeholz f\u00fcr langes und gesundes Kauen","description":"Das Coffee Wood f\u00fcr Hunde wurde entwickelt, um sie zu besch\u00e4ftigen und zu stimulieren und bietet ein unterhaltsames, sicheres und geeignetes Kauvergn\u00fcgen f\u00fcr jeden Tag.","robots":{"index":"index","follow":"follow","max-snippet":"max-snippet:-1","max-image-preview":"max-image-preview:large","max-video-preview":"max-video-preview:-1"},"canonical":"https:\/\/regalanimals.ch\/de\/product\/bois-de-cafe-pour-chien\/","og_locale":"de_DE","og_type":"article","og_title":"Bois de Caf\u00e9 pour chien","og_description":"Pens\u00e9 pour occuper et stimuler, le Bois de Caf\u00e9 pour chien offre une exp\u00e9rience de mastication ludique, s\u00fbre et adapt\u00e9e au quotidien.","og_url":"https:\/\/regalanimals.ch\/de\/product\/bois-de-cafe-pour-chien\/","og_site_name":"R\u00e9gal&#039;Animals","article_modified_time":"2026-04-07T16:37:48+00:00","og_image":[{"width":940,"height":788,"url":"https:\/\/regalanimals.ch\/wp-content\/uploads\/2025\/12\/bois-de-cafe-pour-chien.webp","type":"image\/webp"}],"twitter_card":"summary_large_image","twitter_misc":{"Gesch\u00e4tzte Lesezeit":"5\u00a0Minuten"},"schema":{"@context":"https:\/\/schema.org","@graph":[{"@type":"WebPage","@id":"https:\/\/regalanimals.ch\/product\/bois-de-cafe-pour-chien\/","url":"https:\/\/regalanimals.ch\/product\/bois-de-cafe-pour-chien\/","name":"Hunde-Kaffeeholz f\u00fcr langes und gesundes Kauen","isPartOf":{"@id":"https:\/\/regalanimals.ch\/#website"},"primaryImageOfPage":{"@id":"https:\/\/regalanimals.ch\/product\/bois-de-cafe-pour-chien\/#primaryimage"},"image":{"@id":"https:\/\/regalanimals.ch\/product\/bois-de-cafe-pour-chien\/#primaryimage"},"thumbnailUrl":"https:\/\/regalanimals.ch\/wp-content\/uploads\/2025\/12\/bois-de-cafe-pour-chien.webp","datePublished":"2025-12-19T11:34:17+00:00","dateModified":"2026-04-07T16:37:48+00:00","description":"Das Coffee Wood f\u00fcr Hunde wurde entwickelt, um sie zu besch\u00e4ftigen und zu stimulieren und bietet ein unterhaltsames, sicheres und geeignetes Kauvergn\u00fcgen f\u00fcr jeden Tag.","breadcrumb":{"@id":"https:\/\/regalanimals.ch\/product\/bois-de-cafe-pour-chien\/#breadcrumb"},"inLanguage":"de","potentialAction":[{"@type":"ReadAction","target":["https:\/\/regalanimals.ch\/product\/bois-de-cafe-pour-chien\/"]}]},{"@type":"ImageObject","inLanguage":"de","@id":"https:\/\/regalanimals.ch\/product\/bois-de-cafe-pour-chien\/#primaryimage","url":"https:\/\/regalanimals.ch\/wp-content\/uploads\/2025\/12\/bois-de-cafe-pour-chien.webp","contentUrl":"https:\/\/regalanimals.ch\/wp-content\/uploads\/2025\/12\/bois-de-cafe-pour-chien.webp","width":940,"height":788,"caption":"B\u00e2tons \u00e0 m\u00e2cher en bois de caf\u00e9 pour chien, disponibles en plusieurs tailles pour une mastication adapt\u00e9e."},{"@type":"BreadcrumbList","@id":"https:\/\/regalanimals.ch\/product\/bois-de-cafe-pour-chien\/#breadcrumb","itemListElement":[{"@type":"ListItem","position":1,"name":"Home","item":"https:\/\/regalanimals.ch\/"},{"@type":"ListItem","position":2,"name":"Boutique","item":"https:\/\/regalanimals.ch\/shop\/"},{"@type":"ListItem","position":3,"name":"Bois de Caf\u00e9 pour chien"}]},{"@type":"WebSite","@id":"https:\/\/regalanimals.ch\/#website","url":"https:\/\/regalanimals.ch\/","name":"Tierfest","description":"Hochwertiges Futter und Zubeh\u00f6r f\u00fcr Katzen, Hunde und Frettchen","publisher":{"@id":"https:\/\/regalanimals.ch\/#organization"},"potentialAction":[{"@type":"SearchAction","target":{"@type":"EntryPoint","urlTemplate":"https:\/\/regalanimals.ch\/?s={search_term_string}"},"query-input":{"@type":"PropertyValueSpecification","valueRequired":true,"valueName":"search_term_string"}}],"inLanguage":"de"},{"@type":"Organization","@id":"https:\/\/regalanimals.ch\/#organization","name":"Tierfest","url":"https:\/\/regalanimals.ch\/","logo":{"@type":"ImageObject","inLanguage":"de","@id":"https:\/\/regalanimals.ch\/#\/schema\/logo\/image\/","url":"https:\/\/regalanimals.ch\/wp-content\/uploads\/2025\/07\/Logo-RegalAnimals.png","contentUrl":"https:\/\/regalanimals.ch\/wp-content\/uploads\/2025\/07\/Logo-RegalAnimals.png","width":120,"height":153,"caption":"R\u00e9gal Animals"},"image":{"@id":"https:\/\/regalanimals.ch\/#\/schema\/logo\/image\/"}}]}},"_links":{"self":[{"href":"https:\/\/regalanimals.ch\/de\/wp-json\/wp\/v2\/product\/40373","targetHints":{"allow":["GET"]}}],"collection":[{"href":"https:\/\/regalanimals.ch\/de\/wp-json\/wp\/v2\/product"}],"about":[{"href":"https:\/\/regalanimals.ch\/de\/wp-json\/wp\/v2\/types\/product"}],"replies":[{"embeddable":true,"href":"https:\/\/regalanimals.ch\/de\/wp-json\/wp\/v2\/comments?post=40373"}],"wp:featuredmedia":[{"embeddable":true,"href":"https:\/\/regalanimals.ch\/de\/wp-json\/wp\/v2\/media\/40483"}],"wp:attachment":[{"href":"https:\/\/regalanimals.ch\/de\/wp-json\/wp\/v2\/media?parent=40373"}],"wp:term":[{"taxonomy":"product_brand","embeddable":true,"href":"https:\/\/regalanimals.ch\/de\/wp-json\/wp\/v2\/product_brand?post=40373"},{"taxonomy":"product_cat","embeddable":true,"href":"https:\/\/regalanimals.ch\/de\/wp-json\/wp\/v2\/product_cat?post=40373"},{"taxonomy":"product_tag","embeddable":true,"href":"https:\/\/regalanimals.ch\/de\/wp-json\/wp\/v2\/product_tag?post=40373"}],"curies":[{"name":"wp","href":"https:\/\/api.w.org\/{rel}","templated":true}]}}