{"id":29771,"date":"2023-07-30T10:20:31","date_gmt":"2023-07-30T08:20:31","guid":{"rendered":"https:\/\/regalanimals.geekworkers.dev\/?post_type=product&#038;p=29771"},"modified":"2026-04-10T16:48:49","modified_gmt":"2026-04-10T14:48:49","slug":"terrine-de-boeuf","status":"publish","type":"product","link":"https:\/\/regalanimals.ch\/en\/product\/terrine-de-boeuf\/","title":{"rendered":"Beef terrine"},"content":{"rendered":"<h2><strong>Beef Terrine. A delicious recipe for your dog. \ud83d\udc36<\/strong><\/h2>\n<p>A grain-free dog food. Beef Terrine is a tasty wet food. This p\u00e2t\u00e9, made with the help of veterinarians, is ideal for supporting your dog&#039;s metabolism. It contains 60% of French beef protein. It also contains zucchini, peas, and bananas, making it a healthy meal. This dish is also enriched with vitamins and minerals to make it a complete and delicious meal.<\/p>\n<h2>A grain-free p\u00e2t\u00e9 for dogs. \ud83c\udf3f<\/h2>\n<p>The formula is free of artificial colors, carcasses, and dehydrated meat. This allows your companion to enjoy a quality single-protein diet. The ingredients in this Beef Terrine are also rich in essential nutrients. They support your pet&#039;s overall health. A grain-free wet food that is naturally tasty and easy to digest. While some dogs suffer from digestive sensitivities, grain-free p\u00e2t\u00e9s consist of a highly digestible recipe that is easy for the canine body to assimilate. With Petite Balade Beef Terrine, you can treat sensitive dogs just as much as your demanding or gourmet companions. The ingredients used in this product are naturally appetizing and will therefore meet the expectations and needs of all your dogs.<\/p>\n<h2>An exceptional dish for everyone! \ud83d\ude0b<\/h2>\n<p>Additionally, you can also offer this Beef Terrine to weaned puppies, taking care to adjust the quantities for a perfect balance. All you have to do is spoil your faithful companion and surprise him with the original terrines from the Petite Balade range. This wet food also allows you to ensure his hydration when temperatures rise. You can add a little to beef hooves, for example. Then freeze them to make delicious original ice creams.<strong>Serve as is at room temperature. After opening, keep refrigerated for 24 hours.<\/strong><a href=\"https:\/\/regalanimals.ch\/en\/product-2\/naturea-naturals-poulet\/\">Suggestion for him<\/a><\/p>","protected":false},"excerpt":{"rendered":"<p>La Terrine de B\u0153uf. Une recette gourmande pour votre chien. \ud83d\udc36 Une p\u00e2t\u00e9e pour chien sans c\u00e9r\u00e9ales. La Terrine de B\u0153uf est une nourriture humide savoureuse. Cette p\u00e2t\u00e9e fabriqu\u00e9e avec la collaboration de v\u00e9t\u00e9rinaires est id\u00e9ale pour contribuer au bon fonctionnement du m\u00e9tabolisme de votre chien. La composition est 60% en prot\u00e9ines de b\u0153uf d\u2019origine [&hellip;]<\/p>\n","protected":false},"featured_media":38067,"comment_status":"open","ping_status":"closed","template":"","meta":[],"product_brand":[],"product_cat":[24,196],"product_tag":[],"class_list":{"0":"post-29771","1":"product","2":"type-product","3":"status-publish","4":"has-post-thumbnail","6":"product_cat-chiens","7":"product_cat-nourriture-humide-chiens","9":"first","10":"instock","11":"taxable","12":"shipping-taxable","13":"purchasable","14":"product-type-variable"},"yoast_head":"<!-- This site is optimized with the Yoast SEO Premium plugin v27.5 (Yoast SEO v27.5) - https:\/\/yoast.com\/product\/yoast-seo-premium-wordpress\/ -->\n<title>Terrine de B\u0153uf, le plat id\u00e9al pour nos amis \u00e0 quatre pattes !<\/title>\n<meta name=\"description\" content=\"Une explosion de saveurs \u00e0 chaque bouch\u00e9e ! La Terrine de B\u0153uf des Recette de Daniel : 100% made in France, 100% monoprot\u00e9ique !\" \/>\n<meta name=\"robots\" content=\"index, follow, max-snippet:-1, max-image-preview:large, max-video-preview:-1\" \/>\n<link rel=\"canonical\" href=\"https:\/\/regalanimals.ch\/en\/product-2\/terrine-de-boeuf\/\" \/>\n<meta property=\"og:locale\" content=\"en_GB\" \/>\n<meta property=\"og:type\" content=\"article\" \/>\n<meta property=\"og:title\" content=\"Terrine de B\u0153uf\" \/>\n<meta property=\"og:description\" content=\"Une explosion de saveurs \u00e0 chaque bouch\u00e9e ! La Terrine de B\u0153uf des Recette de Daniel : 100% made in France, 100% monoprot\u00e9ique !\" \/>\n<meta property=\"og:url\" content=\"https:\/\/regalanimals.ch\/en\/product-2\/terrine-de-boeuf\/\" \/>\n<meta property=\"og:site_name\" content=\"R\u00e9gal&#039;Animals\" \/>\n<meta property=\"article:modified_time\" content=\"2026-04-10T14:48:49+00:00\" \/>\n<meta property=\"og:image\" content=\"https:\/\/regalanimals.ch\/wp-content\/uploads\/2025\/08\/Terrine-de-boeuf.webp\" \/>\n\t<meta property=\"og:image:width\" content=\"940\" \/>\n\t<meta property=\"og:image:height\" content=\"788\" \/>\n\t<meta property=\"og:image:type\" content=\"image\/webp\" \/>\n<meta name=\"twitter:card\" content=\"summary_large_image\" \/>\n<meta name=\"twitter:label1\" content=\"Estimated reading time\" \/>\n\t<meta name=\"twitter:data1\" content=\"2 minutes\" \/>\n<script type=\"application\/ld+json\" class=\"yoast-schema-graph\">{\"@context\":\"https:\\\/\\\/schema.org\",\"@graph\":[{\"@type\":\"WebPage\",\"@id\":\"https:\\\/\\\/regalanimals.ch\\\/product\\\/terrine-de-boeuf\\\/\",\"url\":\"https:\\\/\\\/regalanimals.ch\\\/product\\\/terrine-de-boeuf\\\/\",\"name\":\"Terrine de B\u0153uf, le plat id\u00e9al pour nos amis \u00e0 quatre pattes !\",\"isPartOf\":{\"@id\":\"https:\\\/\\\/regalanimals.ch\\\/#website\"},\"primaryImageOfPage\":{\"@id\":\"https:\\\/\\\/regalanimals.ch\\\/product\\\/terrine-de-boeuf\\\/#primaryimage\"},\"image\":{\"@id\":\"https:\\\/\\\/regalanimals.ch\\\/product\\\/terrine-de-boeuf\\\/#primaryimage\"},\"thumbnailUrl\":\"https:\\\/\\\/regalanimals.ch\\\/wp-content\\\/uploads\\\/2025\\\/08\\\/Terrine-de-boeuf.webp\",\"datePublished\":\"2023-07-30T08:20:31+00:00\",\"dateModified\":\"2026-04-10T14:48:49+00:00\",\"description\":\"Une explosion de saveurs \u00e0 chaque bouch\u00e9e ! La Terrine de B\u0153uf des Recette de Daniel : 100% made in France, 100% monoprot\u00e9ique !\",\"breadcrumb\":{\"@id\":\"https:\\\/\\\/regalanimals.ch\\\/product\\\/terrine-de-boeuf\\\/#breadcrumb\"},\"inLanguage\":\"en-GB\",\"potentialAction\":[{\"@type\":\"ReadAction\",\"target\":[\"https:\\\/\\\/regalanimals.ch\\\/product\\\/terrine-de-boeuf\\\/\"]}]},{\"@type\":\"ImageObject\",\"inLanguage\":\"en-GB\",\"@id\":\"https:\\\/\\\/regalanimals.ch\\\/product\\\/terrine-de-boeuf\\\/#primaryimage\",\"url\":\"https:\\\/\\\/regalanimals.ch\\\/wp-content\\\/uploads\\\/2025\\\/08\\\/Terrine-de-boeuf.webp\",\"contentUrl\":\"https:\\\/\\\/regalanimals.ch\\\/wp-content\\\/uploads\\\/2025\\\/08\\\/Terrine-de-boeuf.webp\",\"width\":940,\"height\":788},{\"@type\":\"BreadcrumbList\",\"@id\":\"https:\\\/\\\/regalanimals.ch\\\/product\\\/terrine-de-boeuf\\\/#breadcrumb\",\"itemListElement\":[{\"@type\":\"ListItem\",\"position\":1,\"name\":\"Home\",\"item\":\"https:\\\/\\\/regalanimals.ch\\\/\"},{\"@type\":\"ListItem\",\"position\":2,\"name\":\"Boutique\",\"item\":\"https:\\\/\\\/regalanimals.ch\\\/shop\\\/\"},{\"@type\":\"ListItem\",\"position\":3,\"name\":\"Terrine de B\u0153uf\"}]},{\"@type\":\"WebSite\",\"@id\":\"https:\\\/\\\/regalanimals.ch\\\/#website\",\"url\":\"https:\\\/\\\/regalanimals.ch\\\/\",\"name\":\"R\u00e9gal Animals\",\"description\":\"Alimentation et articles de qualit\u00e9 pour chats, chiens et furets\",\"publisher\":{\"@id\":\"https:\\\/\\\/regalanimals.ch\\\/#organization\"},\"potentialAction\":[{\"@type\":\"SearchAction\",\"target\":{\"@type\":\"EntryPoint\",\"urlTemplate\":\"https:\\\/\\\/regalanimals.ch\\\/?s={search_term_string}\"},\"query-input\":{\"@type\":\"PropertyValueSpecification\",\"valueRequired\":true,\"valueName\":\"search_term_string\"}}],\"inLanguage\":\"en-GB\"},{\"@type\":\"Organization\",\"@id\":\"https:\\\/\\\/regalanimals.ch\\\/#organization\",\"name\":\"R\u00e9gal Animals\",\"url\":\"https:\\\/\\\/regalanimals.ch\\\/\",\"logo\":{\"@type\":\"ImageObject\",\"inLanguage\":\"en-GB\",\"@id\":\"https:\\\/\\\/regalanimals.ch\\\/#\\\/schema\\\/logo\\\/image\\\/\",\"url\":\"https:\\\/\\\/regalanimals.ch\\\/wp-content\\\/uploads\\\/2025\\\/04\\\/cropped-Logo-site-e1744634610403-1.webp\",\"contentUrl\":\"https:\\\/\\\/regalanimals.ch\\\/wp-content\\\/uploads\\\/2025\\\/04\\\/cropped-Logo-site-e1744634610403-1.webp\",\"width\":512,\"height\":512,\"caption\":\"R\u00e9gal Animals\"},\"image\":{\"@id\":\"https:\\\/\\\/regalanimals.ch\\\/#\\\/schema\\\/logo\\\/image\\\/\"}}]}<\/script>\n<!-- \/ Yoast SEO Premium plugin. -->","yoast_head_json":{"title":"Beef Terrine, the ideal dish for our four-legged friends!","description":"An explosion of flavors in every bite! Daniel&#039;s Recipe Beef Terrine: 100% made in France, 100% single-protein!","robots":{"index":"index","follow":"follow","max-snippet":"max-snippet:-1","max-image-preview":"max-image-preview:large","max-video-preview":"max-video-preview:-1"},"canonical":"https:\/\/regalanimals.ch\/en\/product-2\/terrine-de-boeuf\/","og_locale":"en_GB","og_type":"article","og_title":"Terrine de B\u0153uf","og_description":"Une explosion de saveurs \u00e0 chaque bouch\u00e9e ! La Terrine de B\u0153uf des Recette de Daniel : 100% made in France, 100% monoprot\u00e9ique !","og_url":"https:\/\/regalanimals.ch\/en\/product-2\/terrine-de-boeuf\/","og_site_name":"R\u00e9gal&#039;Animals","article_modified_time":"2026-04-10T14:48:49+00:00","og_image":[{"width":940,"height":788,"url":"https:\/\/regalanimals.ch\/wp-content\/uploads\/2025\/08\/Terrine-de-boeuf.webp","type":"image\/webp"}],"twitter_card":"summary_large_image","twitter_misc":{"Estimated reading time":"2 minutes"},"schema":{"@context":"https:\/\/schema.org","@graph":[{"@type":"WebPage","@id":"https:\/\/regalanimals.ch\/product\/terrine-de-boeuf\/","url":"https:\/\/regalanimals.ch\/product\/terrine-de-boeuf\/","name":"Beef Terrine, the ideal dish for our four-legged friends!","isPartOf":{"@id":"https:\/\/regalanimals.ch\/#website"},"primaryImageOfPage":{"@id":"https:\/\/regalanimals.ch\/product\/terrine-de-boeuf\/#primaryimage"},"image":{"@id":"https:\/\/regalanimals.ch\/product\/terrine-de-boeuf\/#primaryimage"},"thumbnailUrl":"https:\/\/regalanimals.ch\/wp-content\/uploads\/2025\/08\/Terrine-de-boeuf.webp","datePublished":"2023-07-30T08:20:31+00:00","dateModified":"2026-04-10T14:48:49+00:00","description":"An explosion of flavors in every bite! Daniel&#039;s Recipe Beef Terrine: 100% made in France, 100% single-protein!","breadcrumb":{"@id":"https:\/\/regalanimals.ch\/product\/terrine-de-boeuf\/#breadcrumb"},"inLanguage":"en-GB","potentialAction":[{"@type":"ReadAction","target":["https:\/\/regalanimals.ch\/product\/terrine-de-boeuf\/"]}]},{"@type":"ImageObject","inLanguage":"en-GB","@id":"https:\/\/regalanimals.ch\/product\/terrine-de-boeuf\/#primaryimage","url":"https:\/\/regalanimals.ch\/wp-content\/uploads\/2025\/08\/Terrine-de-boeuf.webp","contentUrl":"https:\/\/regalanimals.ch\/wp-content\/uploads\/2025\/08\/Terrine-de-boeuf.webp","width":940,"height":788},{"@type":"BreadcrumbList","@id":"https:\/\/regalanimals.ch\/product\/terrine-de-boeuf\/#breadcrumb","itemListElement":[{"@type":"ListItem","position":1,"name":"Home","item":"https:\/\/regalanimals.ch\/"},{"@type":"ListItem","position":2,"name":"Boutique","item":"https:\/\/regalanimals.ch\/shop\/"},{"@type":"ListItem","position":3,"name":"Terrine de B\u0153uf"}]},{"@type":"WebSite","@id":"https:\/\/regalanimals.ch\/#website","url":"https:\/\/regalanimals.ch\/","name":"Animals Feast","description":"Quality food and supplies for cats, dogs and ferrets","publisher":{"@id":"https:\/\/regalanimals.ch\/#organization"},"potentialAction":[{"@type":"SearchAction","target":{"@type":"EntryPoint","urlTemplate":"https:\/\/regalanimals.ch\/?s={search_term_string}"},"query-input":{"@type":"PropertyValueSpecification","valueRequired":true,"valueName":"search_term_string"}}],"inLanguage":"en-GB"},{"@type":"Organization","@id":"https:\/\/regalanimals.ch\/#organization","name":"Animals Feast","url":"https:\/\/regalanimals.ch\/","logo":{"@type":"ImageObject","inLanguage":"en-GB","@id":"https:\/\/regalanimals.ch\/#\/schema\/logo\/image\/","url":"https:\/\/regalanimals.ch\/wp-content\/uploads\/2025\/04\/cropped-Logo-site-e1744634610403-1.webp","contentUrl":"https:\/\/regalanimals.ch\/wp-content\/uploads\/2025\/04\/cropped-Logo-site-e1744634610403-1.webp","width":512,"height":512,"caption":"R\u00e9gal Animals"},"image":{"@id":"https:\/\/regalanimals.ch\/#\/schema\/logo\/image\/"}}]}},"_links":{"self":[{"href":"https:\/\/regalanimals.ch\/en\/wp-json\/wp\/v2\/product\/29771","targetHints":{"allow":["GET"]}}],"collection":[{"href":"https:\/\/regalanimals.ch\/en\/wp-json\/wp\/v2\/product"}],"about":[{"href":"https:\/\/regalanimals.ch\/en\/wp-json\/wp\/v2\/types\/product"}],"replies":[{"embeddable":true,"href":"https:\/\/regalanimals.ch\/en\/wp-json\/wp\/v2\/comments?post=29771"}],"wp:featuredmedia":[{"embeddable":true,"href":"https:\/\/regalanimals.ch\/en\/wp-json\/wp\/v2\/media\/38067"}],"wp:attachment":[{"href":"https:\/\/regalanimals.ch\/en\/wp-json\/wp\/v2\/media?parent=29771"}],"wp:term":[{"taxonomy":"product_brand","embeddable":true,"href":"https:\/\/regalanimals.ch\/en\/wp-json\/wp\/v2\/product_brand?post=29771"},{"taxonomy":"product_cat","embeddable":true,"href":"https:\/\/regalanimals.ch\/en\/wp-json\/wp\/v2\/product_cat?post=29771"},{"taxonomy":"product_tag","embeddable":true,"href":"https:\/\/regalanimals.ch\/en\/wp-json\/wp\/v2\/product_tag?post=29771"}],"curies":[{"name":"wp","href":"https:\/\/api.w.org\/{rel}","templated":true}]}}