{"id":29790,"date":"2023-07-30T10:29:20","date_gmt":"2023-07-30T08:29:20","guid":{"rendered":"https:\/\/regalanimals.geekworkers.dev\/?post_type=product&#038;p=29790"},"modified":"2026-03-31T06:16:33","modified_gmt":"2026-03-31T04:16:33","slug":"terrine-porc-lotte","status":"publish","type":"product","link":"https:\/\/regalanimals.ch\/en\/product\/terrine-porc-lotte\/","title":{"rendered":"Pork &amp; Monkfish Terrine"},"content":{"rendered":"<h2><strong>Pork &amp; Monkfish Terrine, a natural dog food. \ud83d\udc3e<\/strong><\/h2>\n<p>Pork &amp; Monkfish Terrine, a p\u00e2t\u00e9 specially designed to give your dog a tasty, healthy eating experience. We know how important it is to you to give your dog a natural diet. That's why we've selected this cereal-free dog food.<\/p>\n<h2>A cereal-free dog food. \ud83d\udc36<\/h2>\n<p>Designed with vets to meet the specific nutritional needs of your 4-legged friend. Made with natural ingredients. What's more, no artificial colours or flavours are added. Pork &amp; Monkfish Terrine, with 60% of pork and monkfish proteins from France, offers your dog a high-quality protein intake in an original recipe. A real gourmet escapade in Brittany with carrots and broccoli for extra flavour, for your dog's greatest pleasure.<\/p>\n<h2>French ingredients for this quality wet food. \ud83c\udf1f<\/h2>\n<p>This premium cereal-free terrine is made mainly with animal products from France, but also with vitamins and minerals to look after your dog. Firstly, it's a naturally appetising recipe. Secondly, it's adapted to your dog's needs. So you'll be helping your dog's metabolism to work properly and preserving its health for the long term. With no carcasses or dehydrated meat, Pork &amp; Monkfish Terrine is also a high-quality protein source, essential for your dog's vitality.<\/p>\n<h2>A tip for varying your dog's meals. \ud83d\ude0b<\/h2>\n<p>Whether it's to make your dog's meal more appealing or to provide extra moisture. Pork &amp; Monkfish Terrine will add variety to your dog's daily meal. His usual bowl will be more appetising! You can also use this moist food to stuff his favourite treats or Kong. This will keep him busy so he won't notice you're gone.<strong>Serve as is at room temperature. After opening, keep refrigerated for 24 hours.<\/strong><\/p>\n<p><a href=\"https:\/\/regalanimals.ch\/en\/product-2\/croquettes-elements-light-senior\/\">Suggestion for him<\/a><\/p>","protected":false},"excerpt":{"rendered":"<p>La Terrine Porc &amp; Lotte, une p\u00e2t\u00e9e naturelle pour chien. \ud83d\udc3e La Terrine Porc &amp; Lotte, une p\u00e2t\u00e9e sp\u00e9cialement con\u00e7ue pour offrir \u00e0 votre chien une exp\u00e9rience culinaire savoureuse et saine. Nous savons \u00e0 quel point votre chien est important pour vous, de donner une alimentation naturelle \u00e0 votre compagnon. C\u2019est pourquoi nous avons s\u00e9lectionn\u00e9 [&hellip;]<\/p>\n","protected":false},"featured_media":38071,"menu_order":0,"comment_status":"open","ping_status":"closed","template":"","meta":[],"product_brand":[],"product_cat":[24,196],"product_tag":[],"class_list":{"0":"post-29790","1":"product","2":"type-product","3":"status-publish","4":"has-post-thumbnail","6":"product_cat-chiens","7":"product_cat-nourriture-humide-chiens","9":"first","10":"instock","11":"taxable","12":"shipping-taxable","13":"purchasable","14":"product-type-variable"},"yoast_head":"<!-- This site is optimized with the Yoast SEO Premium plugin v27.3 (Yoast SEO v27.3) - https:\/\/yoast.com\/product\/yoast-seo-premium-wordpress\/ -->\n<title>Terrine Porc &amp; Lotte \u2013 Repas gourmand pour chien<\/title>\n<meta name=\"description\" content=\"Une v\u00e9ritable escapade gourmande en Bretagne avec des carottes et des brocolis pour plus de saveurs. La Terrine Porc &amp; lotte, un r\u00e9gal pour chien !\" \/>\n<meta name=\"robots\" content=\"index, follow, max-snippet:-1, max-image-preview:large, max-video-preview:-1\" \/>\n<link rel=\"canonical\" href=\"https:\/\/regalanimals.ch\/en\/product-2\/terrine-porc-lotte\/\" \/>\n<meta property=\"og:locale\" content=\"en_GB\" \/>\n<meta property=\"og:type\" content=\"article\" \/>\n<meta property=\"og:title\" content=\"Terrine Porc &amp; Lotte\" \/>\n<meta property=\"og:description\" content=\"Une v\u00e9ritable escapade gourmande en Bretagne avec des carottes et des brocolis pour plus de saveurs. La Terrine Porc &amp; lotte, un r\u00e9gal pour chien !\" \/>\n<meta property=\"og:url\" content=\"https:\/\/regalanimals.ch\/en\/product-2\/terrine-porc-lotte\/\" \/>\n<meta property=\"og:site_name\" content=\"R\u00e9gal&#039;Animals\" \/>\n<meta property=\"article:modified_time\" content=\"2026-03-31T04:16:33+00:00\" \/>\n<meta property=\"og:image\" content=\"https:\/\/regalanimals.ch\/wp-content\/uploads\/2025\/08\/Terrine-Porc-Lotte.webp\" \/>\n\t<meta property=\"og:image:width\" content=\"940\" \/>\n\t<meta property=\"og:image:height\" content=\"788\" \/>\n\t<meta property=\"og:image:type\" content=\"image\/webp\" \/>\n<meta name=\"twitter:card\" content=\"summary_large_image\" \/>\n<meta name=\"twitter:label1\" content=\"Estimated reading time\" \/>\n\t<meta name=\"twitter:data1\" content=\"2 minutes\" \/>\n<script type=\"application\/ld+json\" class=\"yoast-schema-graph\">{\"@context\":\"https:\\\/\\\/schema.org\",\"@graph\":[{\"@type\":\"WebPage\",\"@id\":\"https:\\\/\\\/regalanimals.ch\\\/product\\\/terrine-porc-lotte\\\/\",\"url\":\"https:\\\/\\\/regalanimals.ch\\\/product\\\/terrine-porc-lotte\\\/\",\"name\":\"Terrine Porc & Lotte \u2013 Repas gourmand pour chien\",\"isPartOf\":{\"@id\":\"https:\\\/\\\/regalanimals.ch\\\/#website\"},\"primaryImageOfPage\":{\"@id\":\"https:\\\/\\\/regalanimals.ch\\\/product\\\/terrine-porc-lotte\\\/#primaryimage\"},\"image\":{\"@id\":\"https:\\\/\\\/regalanimals.ch\\\/product\\\/terrine-porc-lotte\\\/#primaryimage\"},\"thumbnailUrl\":\"https:\\\/\\\/regalanimals.ch\\\/wp-content\\\/uploads\\\/2025\\\/08\\\/Terrine-Porc-Lotte.webp\",\"datePublished\":\"2023-07-30T08:29:20+00:00\",\"dateModified\":\"2026-03-31T04:16:33+00:00\",\"description\":\"Une v\u00e9ritable escapade gourmande en Bretagne avec des carottes et des brocolis pour plus de saveurs. La Terrine Porc & lotte, un r\u00e9gal pour chien !\",\"breadcrumb\":{\"@id\":\"https:\\\/\\\/regalanimals.ch\\\/product\\\/terrine-porc-lotte\\\/#breadcrumb\"},\"inLanguage\":\"en-GB\",\"potentialAction\":[{\"@type\":\"ReadAction\",\"target\":[\"https:\\\/\\\/regalanimals.ch\\\/product\\\/terrine-porc-lotte\\\/\"]}]},{\"@type\":\"ImageObject\",\"inLanguage\":\"en-GB\",\"@id\":\"https:\\\/\\\/regalanimals.ch\\\/product\\\/terrine-porc-lotte\\\/#primaryimage\",\"url\":\"https:\\\/\\\/regalanimals.ch\\\/wp-content\\\/uploads\\\/2025\\\/08\\\/Terrine-Porc-Lotte.webp\",\"contentUrl\":\"https:\\\/\\\/regalanimals.ch\\\/wp-content\\\/uploads\\\/2025\\\/08\\\/Terrine-Porc-Lotte.webp\",\"width\":940,\"height\":788,\"caption\":\"Terrine Porc & Lotte \u2013 Petite Balade\"},{\"@type\":\"BreadcrumbList\",\"@id\":\"https:\\\/\\\/regalanimals.ch\\\/product\\\/terrine-porc-lotte\\\/#breadcrumb\",\"itemListElement\":[{\"@type\":\"ListItem\",\"position\":1,\"name\":\"Home\",\"item\":\"https:\\\/\\\/regalanimals.ch\\\/\"},{\"@type\":\"ListItem\",\"position\":2,\"name\":\"Boutique\",\"item\":\"https:\\\/\\\/regalanimals.ch\\\/shop\\\/\"},{\"@type\":\"ListItem\",\"position\":3,\"name\":\"Terrine Porc &#038; Lotte\"}]},{\"@type\":\"WebSite\",\"@id\":\"https:\\\/\\\/regalanimals.ch\\\/#website\",\"url\":\"https:\\\/\\\/regalanimals.ch\\\/\",\"name\":\"R\u00e9gal Animals\",\"description\":\"Alimentation et articles de qualit\u00e9 pour chats, chiens et furets\",\"publisher\":{\"@id\":\"https:\\\/\\\/regalanimals.ch\\\/#organization\"},\"potentialAction\":[{\"@type\":\"SearchAction\",\"target\":{\"@type\":\"EntryPoint\",\"urlTemplate\":\"https:\\\/\\\/regalanimals.ch\\\/?s={search_term_string}\"},\"query-input\":{\"@type\":\"PropertyValueSpecification\",\"valueRequired\":true,\"valueName\":\"search_term_string\"}}],\"inLanguage\":\"en-GB\"},{\"@type\":\"Organization\",\"@id\":\"https:\\\/\\\/regalanimals.ch\\\/#organization\",\"name\":\"R\u00e9gal Animals\",\"url\":\"https:\\\/\\\/regalanimals.ch\\\/\",\"logo\":{\"@type\":\"ImageObject\",\"inLanguage\":\"en-GB\",\"@id\":\"https:\\\/\\\/regalanimals.ch\\\/#\\\/schema\\\/logo\\\/image\\\/\",\"url\":\"https:\\\/\\\/regalanimals.ch\\\/wp-content\\\/uploads\\\/2025\\\/07\\\/Logo-RegalAnimals.png\",\"contentUrl\":\"https:\\\/\\\/regalanimals.ch\\\/wp-content\\\/uploads\\\/2025\\\/07\\\/Logo-RegalAnimals.png\",\"width\":120,\"height\":153,\"caption\":\"R\u00e9gal Animals\"},\"image\":{\"@id\":\"https:\\\/\\\/regalanimals.ch\\\/#\\\/schema\\\/logo\\\/image\\\/\"}}]}<\/script>\n<!-- \/ Yoast SEO Premium plugin. -->","yoast_head_json":{"title":"Pork &amp; Monkfish Terrine \u2013 Gourmet Meal for Dogs","description":"A true gourmet getaway to Brittany with carrots and broccoli for extra flavor. The Pork &amp; Monkfish Terrine, a treat for dogs!","robots":{"index":"index","follow":"follow","max-snippet":"max-snippet:-1","max-image-preview":"max-image-preview:large","max-video-preview":"max-video-preview:-1"},"canonical":"https:\/\/regalanimals.ch\/en\/product-2\/terrine-porc-lotte\/","og_locale":"en_GB","og_type":"article","og_title":"Terrine Porc & Lotte","og_description":"Une v\u00e9ritable escapade gourmande en Bretagne avec des carottes et des brocolis pour plus de saveurs. La Terrine Porc & lotte, un r\u00e9gal pour chien !","og_url":"https:\/\/regalanimals.ch\/en\/product-2\/terrine-porc-lotte\/","og_site_name":"R\u00e9gal&#039;Animals","article_modified_time":"2026-03-31T04:16:33+00:00","og_image":[{"width":940,"height":788,"url":"https:\/\/regalanimals.ch\/wp-content\/uploads\/2025\/08\/Terrine-Porc-Lotte.webp","type":"image\/webp"}],"twitter_card":"summary_large_image","twitter_misc":{"Estimated reading time":"2 minutes"},"schema":{"@context":"https:\/\/schema.org","@graph":[{"@type":"WebPage","@id":"https:\/\/regalanimals.ch\/product\/terrine-porc-lotte\/","url":"https:\/\/regalanimals.ch\/product\/terrine-porc-lotte\/","name":"Pork &amp; Monkfish Terrine \u2013 Gourmet Meal for Dogs","isPartOf":{"@id":"https:\/\/regalanimals.ch\/#website"},"primaryImageOfPage":{"@id":"https:\/\/regalanimals.ch\/product\/terrine-porc-lotte\/#primaryimage"},"image":{"@id":"https:\/\/regalanimals.ch\/product\/terrine-porc-lotte\/#primaryimage"},"thumbnailUrl":"https:\/\/regalanimals.ch\/wp-content\/uploads\/2025\/08\/Terrine-Porc-Lotte.webp","datePublished":"2023-07-30T08:29:20+00:00","dateModified":"2026-03-31T04:16:33+00:00","description":"A true gourmet getaway to Brittany with carrots and broccoli for extra flavor. The Pork &amp; Monkfish Terrine, a treat for dogs!","breadcrumb":{"@id":"https:\/\/regalanimals.ch\/product\/terrine-porc-lotte\/#breadcrumb"},"inLanguage":"en-GB","potentialAction":[{"@type":"ReadAction","target":["https:\/\/regalanimals.ch\/product\/terrine-porc-lotte\/"]}]},{"@type":"ImageObject","inLanguage":"en-GB","@id":"https:\/\/regalanimals.ch\/product\/terrine-porc-lotte\/#primaryimage","url":"https:\/\/regalanimals.ch\/wp-content\/uploads\/2025\/08\/Terrine-Porc-Lotte.webp","contentUrl":"https:\/\/regalanimals.ch\/wp-content\/uploads\/2025\/08\/Terrine-Porc-Lotte.webp","width":940,"height":788,"caption":"Terrine Porc & Lotte \u2013 Petite Balade"},{"@type":"BreadcrumbList","@id":"https:\/\/regalanimals.ch\/product\/terrine-porc-lotte\/#breadcrumb","itemListElement":[{"@type":"ListItem","position":1,"name":"Home","item":"https:\/\/regalanimals.ch\/"},{"@type":"ListItem","position":2,"name":"Boutique","item":"https:\/\/regalanimals.ch\/shop\/"},{"@type":"ListItem","position":3,"name":"Terrine Porc &#038; Lotte"}]},{"@type":"WebSite","@id":"https:\/\/regalanimals.ch\/#website","url":"https:\/\/regalanimals.ch\/","name":"Animals Feast","description":"Quality food and supplies for cats, dogs and ferrets","publisher":{"@id":"https:\/\/regalanimals.ch\/#organization"},"potentialAction":[{"@type":"SearchAction","target":{"@type":"EntryPoint","urlTemplate":"https:\/\/regalanimals.ch\/?s={search_term_string}"},"query-input":{"@type":"PropertyValueSpecification","valueRequired":true,"valueName":"search_term_string"}}],"inLanguage":"en-GB"},{"@type":"Organization","@id":"https:\/\/regalanimals.ch\/#organization","name":"Animals Feast","url":"https:\/\/regalanimals.ch\/","logo":{"@type":"ImageObject","inLanguage":"en-GB","@id":"https:\/\/regalanimals.ch\/#\/schema\/logo\/image\/","url":"https:\/\/regalanimals.ch\/wp-content\/uploads\/2025\/07\/Logo-RegalAnimals.png","contentUrl":"https:\/\/regalanimals.ch\/wp-content\/uploads\/2025\/07\/Logo-RegalAnimals.png","width":120,"height":153,"caption":"R\u00e9gal Animals"},"image":{"@id":"https:\/\/regalanimals.ch\/#\/schema\/logo\/image\/"}}]}},"_links":{"self":[{"href":"https:\/\/regalanimals.ch\/en\/wp-json\/wp\/v2\/product\/29790","targetHints":{"allow":["GET"]}}],"collection":[{"href":"https:\/\/regalanimals.ch\/en\/wp-json\/wp\/v2\/product"}],"about":[{"href":"https:\/\/regalanimals.ch\/en\/wp-json\/wp\/v2\/types\/product"}],"replies":[{"embeddable":true,"href":"https:\/\/regalanimals.ch\/en\/wp-json\/wp\/v2\/comments?post=29790"}],"wp:featuredmedia":[{"embeddable":true,"href":"https:\/\/regalanimals.ch\/en\/wp-json\/wp\/v2\/media\/38071"}],"wp:attachment":[{"href":"https:\/\/regalanimals.ch\/en\/wp-json\/wp\/v2\/media?parent=29790"}],"wp:term":[{"taxonomy":"product_brand","embeddable":true,"href":"https:\/\/regalanimals.ch\/en\/wp-json\/wp\/v2\/product_brand?post=29790"},{"taxonomy":"product_cat","embeddable":true,"href":"https:\/\/regalanimals.ch\/en\/wp-json\/wp\/v2\/product_cat?post=29790"},{"taxonomy":"product_tag","embeddable":true,"href":"https:\/\/regalanimals.ch\/en\/wp-json\/wp\/v2\/product_tag?post=29790"}],"curies":[{"name":"wp","href":"https:\/\/api.w.org\/{rel}","templated":true}]}}