{"id":29808,"date":"2023-07-30T10:37:12","date_gmt":"2023-07-30T08:37:12","guid":{"rendered":"https:\/\/regalanimals.geekworkers.dev\/?post_type=product&#038;p=29808"},"modified":"2026-03-22T15:09:22","modified_gmt":"2026-03-22T14:09:22","slug":"friandises-anti-boules-de-poil","status":"publish","type":"product","link":"https:\/\/regalanimals.ch\/en\/product\/friandises-anti-boules-de-poil\/","title":{"rendered":"Friandises \u00ab\u00a0anti boules de poil\u00a0\u00bb (40 g)"},"content":{"rendered":"<h2><strong>Anti-hairball treats for cats. A grain-free snack. \ud83d\ude3a<\/strong><\/h2>\n<p>A grain-free treat for cats in the form of soft bites made with salmon and natural plant ingredients. These snacks are specially formulated to help prevent the formation of hairballs in cats. Enriched with natural fibers and enzymes, they facilitate the passage of ingested hair through the digestive system, reducing vomiting and discomfort. Made in France and rich in salmon, these &quot;Anti-Hairball&quot; Treats offer a tasty and appetizing solution for your feline&#039;s well-being.<\/p>\n<h2>A grain-free, naturally sourced treat to delight your cat&#039;s taste buds. \ud83c\udf3f<\/h2>\n<p>The first ingredient is salmon, which is rich in protein. Omega 3s promote healthy skin and coat. These &quot;anti-hairball&quot; treats also contain brewer&#039;s yeast, which promotes the growth of good bacteria in the intestine. Sweet potato is also a very good carbohydrate because it has a low glycemic index. It is a sweet vegetable, not a starchy food. Starch is starch, which provides us with energy. In 100 grams of potato, there are about 15 grams of starch, compared to only 6 grams for sweet potato. In addition to this lower energy intake, sweet potato also contains more fiber than potato. A characteristic that makes it a very good carbohydrate, according to dieticians. These &quot;anti-hairball&quot; treats are a reward to be given outside of meals.<\/p>\n<h2>A word from the vet about \u201canti-hairball\u201d treats, a grain-free snack. \ud83d\udc4c<\/h2>\n<p>&quot;This natural snack helps prevent hairballs thanks to the properties of the papain enzyme. The natural ingredients combined with the goodness of salmon help support your cat&#039;s metabolism.&quot;<a href=\"https:\/\/regalanimals.ch\/en\/product-2\/pack-friandises-poiscaille\/\">Suggestion for him<\/a><\/p>","protected":false},"excerpt":{"rendered":"<p>Friandises \u00ab\u00a0anti boules de poil\u00a0\u00bb pour chat. Un snack sans c\u00e9r\u00e9ales. \ud83d\ude3a Une r\u00e9compense sans c\u00e9r\u00e9ales pour chat sous forme de bouch\u00e9es moelleuses \u00e0 base de saumon et d\u2019ingr\u00e9dients v\u00e9g\u00e9taux naturels. Ces snacks sont sp\u00e9cialement formul\u00e9s pour aider \u00e0 pr\u00e9venir la formation de boules de poil chez les chats. Enrichies en fibres naturelles et en [&hellip;]<\/p>\n","protected":false},"featured_media":38073,"menu_order":0,"comment_status":"open","ping_status":"closed","template":"","meta":[],"product_brand":[],"product_cat":[89,213],"product_tag":[],"class_list":{"0":"post-29808","1":"product","2":"type-product","3":"status-publish","4":"has-post-thumbnail","6":"product_cat-chats","7":"product_cat-friandises-pour-chats","9":"first","10":"instock","11":"taxable","12":"shipping-taxable","13":"purchasable","14":"product-type-simple"},"yoast_head":"<!-- This site is optimized with the Yoast SEO Premium plugin v27.3 (Yoast SEO v27.3) - https:\/\/yoast.com\/product\/yoast-seo-premium-wordpress\/ -->\n<title>Friandises &quot;anti boules de poil&quot; pour \u00e9viter les d\u00e9sagr\u00e9ments.<\/title>\n<meta name=\"description\" content=\"Offrez \u00e0 votre chat un snack sans c\u00e9r\u00e9ales en compl\u00e9ment de son alimentation quotidienne. Les Friandises &quot;anti boules de poil&quot; sont tendres et moelleuses.\" \/>\n<meta name=\"robots\" content=\"index, follow, max-snippet:-1, max-image-preview:large, max-video-preview:-1\" \/>\n<link rel=\"canonical\" href=\"https:\/\/regalanimals.ch\/en\/product-2\/friandises-anti-boules-de-poil\/\" \/>\n<meta property=\"og:locale\" content=\"en_GB\" \/>\n<meta property=\"og:type\" content=\"article\" \/>\n<meta property=\"og:title\" content=\"Friandises &quot;anti boules de poil&quot; (40 g)\" \/>\n<meta property=\"og:description\" content=\"Offrez \u00e0 votre chat un snack sans c\u00e9r\u00e9ales en compl\u00e9ment de son alimentation quotidienne. Les Friandises &quot;anti boules de poil&quot; sont tendres et moelleuses.\" \/>\n<meta property=\"og:url\" content=\"https:\/\/regalanimals.ch\/en\/product-2\/friandises-anti-boules-de-poil\/\" \/>\n<meta property=\"og:site_name\" content=\"R\u00e9gal&#039;Animals\" \/>\n<meta property=\"article:modified_time\" content=\"2026-03-22T14:09:22+00:00\" \/>\n<meta property=\"og:image\" content=\"https:\/\/regalanimals.ch\/wp-content\/uploads\/2025\/08\/Friandises-anti-boule-poils.webp\" \/>\n\t<meta property=\"og:image:width\" content=\"940\" \/>\n\t<meta property=\"og:image:height\" content=\"788\" \/>\n\t<meta property=\"og:image:type\" content=\"image\/webp\" \/>\n<meta name=\"twitter:card\" content=\"summary_large_image\" \/>\n<meta name=\"twitter:label1\" content=\"Estimated reading time\" \/>\n\t<meta name=\"twitter:data1\" content=\"2 minutes\" \/>\n<script type=\"application\/ld+json\" class=\"yoast-schema-graph\">{\"@context\":\"https:\\\/\\\/schema.org\",\"@graph\":[{\"@type\":\"WebPage\",\"@id\":\"https:\\\/\\\/regalanimals.ch\\\/product\\\/friandises-anti-boules-de-poil\\\/\",\"url\":\"https:\\\/\\\/regalanimals.ch\\\/product\\\/friandises-anti-boules-de-poil\\\/\",\"name\":\"Friandises \\\"anti boules de poil\\\" pour \u00e9viter les d\u00e9sagr\u00e9ments.\",\"isPartOf\":{\"@id\":\"https:\\\/\\\/regalanimals.ch\\\/#website\"},\"primaryImageOfPage\":{\"@id\":\"https:\\\/\\\/regalanimals.ch\\\/product\\\/friandises-anti-boules-de-poil\\\/#primaryimage\"},\"image\":{\"@id\":\"https:\\\/\\\/regalanimals.ch\\\/product\\\/friandises-anti-boules-de-poil\\\/#primaryimage\"},\"thumbnailUrl\":\"https:\\\/\\\/regalanimals.ch\\\/wp-content\\\/uploads\\\/2025\\\/08\\\/Friandises-anti-boule-poils.webp\",\"datePublished\":\"2023-07-30T08:37:12+00:00\",\"dateModified\":\"2026-03-22T14:09:22+00:00\",\"description\":\"Offrez \u00e0 votre chat un snack sans c\u00e9r\u00e9ales en compl\u00e9ment de son alimentation quotidienne. Les Friandises \\\"anti boules de poil\\\" sont tendres et moelleuses.\",\"breadcrumb\":{\"@id\":\"https:\\\/\\\/regalanimals.ch\\\/product\\\/friandises-anti-boules-de-poil\\\/#breadcrumb\"},\"inLanguage\":\"en-GB\",\"potentialAction\":[{\"@type\":\"ReadAction\",\"target\":[\"https:\\\/\\\/regalanimals.ch\\\/product\\\/friandises-anti-boules-de-poil\\\/\"]}]},{\"@type\":\"ImageObject\",\"inLanguage\":\"en-GB\",\"@id\":\"https:\\\/\\\/regalanimals.ch\\\/product\\\/friandises-anti-boules-de-poil\\\/#primaryimage\",\"url\":\"https:\\\/\\\/regalanimals.ch\\\/wp-content\\\/uploads\\\/2025\\\/08\\\/Friandises-anti-boule-poils.webp\",\"contentUrl\":\"https:\\\/\\\/regalanimals.ch\\\/wp-content\\\/uploads\\\/2025\\\/08\\\/Friandises-anti-boule-poils.webp\",\"width\":940,\"height\":788},{\"@type\":\"BreadcrumbList\",\"@id\":\"https:\\\/\\\/regalanimals.ch\\\/product\\\/friandises-anti-boules-de-poil\\\/#breadcrumb\",\"itemListElement\":[{\"@type\":\"ListItem\",\"position\":1,\"name\":\"Home\",\"item\":\"https:\\\/\\\/regalanimals.ch\\\/\"},{\"@type\":\"ListItem\",\"position\":2,\"name\":\"Boutique\",\"item\":\"https:\\\/\\\/regalanimals.ch\\\/shop\\\/\"},{\"@type\":\"ListItem\",\"position\":3,\"name\":\"Friandises \u00ab\u00a0anti boules de poil\u00a0\u00bb (40 g)\"}]},{\"@type\":\"WebSite\",\"@id\":\"https:\\\/\\\/regalanimals.ch\\\/#website\",\"url\":\"https:\\\/\\\/regalanimals.ch\\\/\",\"name\":\"R\u00e9gal Animals\",\"description\":\"Alimentation et articles de qualit\u00e9 pour chats, chiens et furets\",\"publisher\":{\"@id\":\"https:\\\/\\\/regalanimals.ch\\\/#organization\"},\"potentialAction\":[{\"@type\":\"SearchAction\",\"target\":{\"@type\":\"EntryPoint\",\"urlTemplate\":\"https:\\\/\\\/regalanimals.ch\\\/?s={search_term_string}\"},\"query-input\":{\"@type\":\"PropertyValueSpecification\",\"valueRequired\":true,\"valueName\":\"search_term_string\"}}],\"inLanguage\":\"en-GB\"},{\"@type\":\"Organization\",\"@id\":\"https:\\\/\\\/regalanimals.ch\\\/#organization\",\"name\":\"R\u00e9gal Animals\",\"url\":\"https:\\\/\\\/regalanimals.ch\\\/\",\"logo\":{\"@type\":\"ImageObject\",\"inLanguage\":\"en-GB\",\"@id\":\"https:\\\/\\\/regalanimals.ch\\\/#\\\/schema\\\/logo\\\/image\\\/\",\"url\":\"https:\\\/\\\/regalanimals.ch\\\/wp-content\\\/uploads\\\/2025\\\/07\\\/Logo-RegalAnimals.png\",\"contentUrl\":\"https:\\\/\\\/regalanimals.ch\\\/wp-content\\\/uploads\\\/2025\\\/07\\\/Logo-RegalAnimals.png\",\"width\":120,\"height\":153,\"caption\":\"R\u00e9gal Animals\"},\"image\":{\"@id\":\"https:\\\/\\\/regalanimals.ch\\\/#\\\/schema\\\/logo\\\/image\\\/\"}}]}<\/script>\n<!-- \/ Yoast SEO Premium plugin. -->","yoast_head_json":{"title":"&quot;Anti-hairball&quot; treats to avoid the inconvenience.","description":"Give your cat a grain-free snack as a supplement to their daily diet. These &quot;hairball control&quot; treats are soft and chewy.","robots":{"index":"index","follow":"follow","max-snippet":"max-snippet:-1","max-image-preview":"max-image-preview:large","max-video-preview":"max-video-preview:-1"},"canonical":"https:\/\/regalanimals.ch\/en\/product-2\/friandises-anti-boules-de-poil\/","og_locale":"en_GB","og_type":"article","og_title":"Friandises \"anti boules de poil\" (40 g)","og_description":"Offrez \u00e0 votre chat un snack sans c\u00e9r\u00e9ales en compl\u00e9ment de son alimentation quotidienne. Les Friandises \"anti boules de poil\" sont tendres et moelleuses.","og_url":"https:\/\/regalanimals.ch\/en\/product-2\/friandises-anti-boules-de-poil\/","og_site_name":"R\u00e9gal&#039;Animals","article_modified_time":"2026-03-22T14:09:22+00:00","og_image":[{"width":940,"height":788,"url":"https:\/\/regalanimals.ch\/wp-content\/uploads\/2025\/08\/Friandises-anti-boule-poils.webp","type":"image\/webp"}],"twitter_card":"summary_large_image","twitter_misc":{"Estimated reading time":"2 minutes"},"schema":{"@context":"https:\/\/schema.org","@graph":[{"@type":"WebPage","@id":"https:\/\/regalanimals.ch\/product\/friandises-anti-boules-de-poil\/","url":"https:\/\/regalanimals.ch\/product\/friandises-anti-boules-de-poil\/","name":"&quot;Anti-hairball&quot; treats to avoid the inconvenience.","isPartOf":{"@id":"https:\/\/regalanimals.ch\/#website"},"primaryImageOfPage":{"@id":"https:\/\/regalanimals.ch\/product\/friandises-anti-boules-de-poil\/#primaryimage"},"image":{"@id":"https:\/\/regalanimals.ch\/product\/friandises-anti-boules-de-poil\/#primaryimage"},"thumbnailUrl":"https:\/\/regalanimals.ch\/wp-content\/uploads\/2025\/08\/Friandises-anti-boule-poils.webp","datePublished":"2023-07-30T08:37:12+00:00","dateModified":"2026-03-22T14:09:22+00:00","description":"Give your cat a grain-free snack as a supplement to their daily diet. These &quot;hairball control&quot; treats are soft and chewy.","breadcrumb":{"@id":"https:\/\/regalanimals.ch\/product\/friandises-anti-boules-de-poil\/#breadcrumb"},"inLanguage":"en-GB","potentialAction":[{"@type":"ReadAction","target":["https:\/\/regalanimals.ch\/product\/friandises-anti-boules-de-poil\/"]}]},{"@type":"ImageObject","inLanguage":"en-GB","@id":"https:\/\/regalanimals.ch\/product\/friandises-anti-boules-de-poil\/#primaryimage","url":"https:\/\/regalanimals.ch\/wp-content\/uploads\/2025\/08\/Friandises-anti-boule-poils.webp","contentUrl":"https:\/\/regalanimals.ch\/wp-content\/uploads\/2025\/08\/Friandises-anti-boule-poils.webp","width":940,"height":788},{"@type":"BreadcrumbList","@id":"https:\/\/regalanimals.ch\/product\/friandises-anti-boules-de-poil\/#breadcrumb","itemListElement":[{"@type":"ListItem","position":1,"name":"Home","item":"https:\/\/regalanimals.ch\/"},{"@type":"ListItem","position":2,"name":"Boutique","item":"https:\/\/regalanimals.ch\/shop\/"},{"@type":"ListItem","position":3,"name":"Friandises \u00ab\u00a0anti boules de poil\u00a0\u00bb (40 g)"}]},{"@type":"WebSite","@id":"https:\/\/regalanimals.ch\/#website","url":"https:\/\/regalanimals.ch\/","name":"Animals Feast","description":"Quality food and supplies for cats, dogs and ferrets","publisher":{"@id":"https:\/\/regalanimals.ch\/#organization"},"potentialAction":[{"@type":"SearchAction","target":{"@type":"EntryPoint","urlTemplate":"https:\/\/regalanimals.ch\/?s={search_term_string}"},"query-input":{"@type":"PropertyValueSpecification","valueRequired":true,"valueName":"search_term_string"}}],"inLanguage":"en-GB"},{"@type":"Organization","@id":"https:\/\/regalanimals.ch\/#organization","name":"Animals Feast","url":"https:\/\/regalanimals.ch\/","logo":{"@type":"ImageObject","inLanguage":"en-GB","@id":"https:\/\/regalanimals.ch\/#\/schema\/logo\/image\/","url":"https:\/\/regalanimals.ch\/wp-content\/uploads\/2025\/07\/Logo-RegalAnimals.png","contentUrl":"https:\/\/regalanimals.ch\/wp-content\/uploads\/2025\/07\/Logo-RegalAnimals.png","width":120,"height":153,"caption":"R\u00e9gal Animals"},"image":{"@id":"https:\/\/regalanimals.ch\/#\/schema\/logo\/image\/"}}]}},"_links":{"self":[{"href":"https:\/\/regalanimals.ch\/en\/wp-json\/wp\/v2\/product\/29808","targetHints":{"allow":["GET"]}}],"collection":[{"href":"https:\/\/regalanimals.ch\/en\/wp-json\/wp\/v2\/product"}],"about":[{"href":"https:\/\/regalanimals.ch\/en\/wp-json\/wp\/v2\/types\/product"}],"replies":[{"embeddable":true,"href":"https:\/\/regalanimals.ch\/en\/wp-json\/wp\/v2\/comments?post=29808"}],"wp:featuredmedia":[{"embeddable":true,"href":"https:\/\/regalanimals.ch\/en\/wp-json\/wp\/v2\/media\/38073"}],"wp:attachment":[{"href":"https:\/\/regalanimals.ch\/en\/wp-json\/wp\/v2\/media?parent=29808"}],"wp:term":[{"taxonomy":"product_brand","embeddable":true,"href":"https:\/\/regalanimals.ch\/en\/wp-json\/wp\/v2\/product_brand?post=29808"},{"taxonomy":"product_cat","embeddable":true,"href":"https:\/\/regalanimals.ch\/en\/wp-json\/wp\/v2\/product_cat?post=29808"},{"taxonomy":"product_tag","embeddable":true,"href":"https:\/\/regalanimals.ch\/en\/wp-json\/wp\/v2\/product_tag?post=29808"}],"curies":[{"name":"wp","href":"https:\/\/api.w.org\/{rel}","templated":true}]}}