{"id":30253,"date":"2023-08-21T13:36:47","date_gmt":"2023-08-21T11:36:47","guid":{"rendered":"https:\/\/regalanimals.geekworkers.dev\/?post_type=product&#038;p=30253"},"modified":"2026-04-07T12:17:47","modified_gmt":"2026-04-07T10:17:47","slug":"litiere-cat-s-white","status":"publish","type":"product","link":"https:\/\/regalanimals.ch\/en\/product\/litiere-cat-s-white\/","title":{"rendered":"Cat's White Litter"},"content":{"rendered":"<h2 data-start=\"558\" data-end=\"584\">\ud83d\udc3e Cat&#039;s White Litter<\/h2>\n<h3 data-start=\"585\" data-end=\"658\">Clumping litter for an attractive litter box for your cat \ud83d\udc31<\/h3>\n<p data-start=\"660\" data-end=\"724\">A product made with high-quality white bentonite. Specially designed to offer a hygienic and comfortable solution for growing kittens, this litter is nevertheless suitable for all cats. Thanks to its unique properties, it is highly absorbent and clumps well, ensuring a healthy and safe environment for your feline friend.<\/p>\n<hr data-start=\"1045\" data-end=\"1048\" \/>\n<h2 data-start=\"1050\" data-end=\"1111\">A cat litter that fights unpleasant odors \ud83c\udf2b\ufe0f<\/h2>\n<p data-start=\"1112\" data-end=\"1441\">Thanks to its absorbent qualities, it guarantees a pleasant home for all family members, including your cat. This prevents unpleasant odors and maintains a harmonious relationship with your pet. Furthermore, its ability to quickly absorb moisture limits the formation of unpleasant smells. In addition, the sand&#039;s clumping structure effectively retains liquids, keeping the litter box clean for longer. You thus provide your cat with a healthy environment while simplifying your daily maintenance.<\/p>\n<hr data-start=\"1443\" data-end=\"1446\" \/>\n<h2 data-start=\"1448\" data-end=\"1495\">\ud83d\udce6 Important note regarding cat litter<\/h2>\n<p data-start=\"1496\" data-end=\"1752\">Cat litter is a very heavy product (approx. 10 kg per bag) and requires special shipping.<br data-start=\"1595\" data-end=\"1598\" \/>A delivery package <strong data-start=\"1625\" data-end=\"1635\">12 CHF<\/strong> is applied for each additional package containing bedding, regardless of the total order amount.<\/p>\n<p data-start=\"1754\" data-end=\"1919\">This allows us to maintain a fair and affordable price for cat litter.,<br data-start=\"1828\" data-end=\"1831\" \/>without artificially increasing their price.<br data-start=\"1874\" data-end=\"1877\" \/>Thank you so much for your understanding \ud83d\udc9b<\/p>\n<hr data-start=\"1921\" data-end=\"1924\" \/>\n<h2 data-start=\"1926\" data-end=\"1979\">Sand with a high absorption capacity \ud83d\udca7<\/h2>\n<p data-start=\"1980\" data-end=\"2322\">The fine, round granules in Cat's White Litter are highly absorbent. When they come into contact with liquids, they quickly clump together thanks to the natural properties of white bentonite. This feature allows you to keep your cat's litter clean and dry, while making daily maintenance easier.<\/p>\n<hr data-start=\"2324\" data-end=\"2327\" \/>\n<h2 data-start=\"2329\" data-end=\"2374\">Natural white bentonite, 100 % \ud83c\udf3f<\/h2>\n<p data-start=\"2375\" data-end=\"2709\">White bentonite, derived from the decomposition of volcanic ash, forms the 100% natural base of Cat&#039;s White Cat Litter. Its non-abrasive and non-fibrous nature makes it safe for your cat&#039;s health and your home. Furthermore, it is 99.5% dust-free, ensuring a clean and comfortable environment.<\/p>\n<hr data-start=\"2711\" data-end=\"2714\" \/>\n<h2 data-start=\"2716\" data-end=\"2755\">An economical and practical choice \ud83d\udcb0<\/h2>\n<p data-start=\"2756\" data-end=\"3093\">Cat&#039;s White cat litter offers an economical and practical solution. Thanks to its clumping properties, you can easily remove soiled clumps with a suitable scoop. This way, only the necessary amount is removed, ensuring easy and economical maintenance. You maintain your cat&#039;s cleanliness and comfort without compromise.<\/p>\n<hr data-start=\"3095\" data-end=\"3098\" \/>\n<h2 data-start=\"3100\" data-end=\"3126\">\ud83d\udc3e Frequently Asked Questions<\/h2>\n<h3>\u2753 Still hesitating? Here are the most frequently asked questions about Cat&#039;s White cat litter.<\/h3>\n<h4 data-start=\"3156\" data-end=\"3313\">\u27a1\ufe0f <strong data-start=\"3159\" data-end=\"3216\">Is Cat&#039;s White cat litter suitable for kittens?<\/strong><\/h4>\n<p data-start=\"3156\" data-end=\"3313\">Yes, because its soft texture and natural bentonite are perfectly suited to young cats.<\/p>\n<h4 data-start=\"3315\" data-end=\"3458\">\u27a1\ufe0f <strong data-start=\"3318\" data-end=\"3366\">Does this bedding produce dust?<\/strong><\/h4>\n<p data-start=\"3315\" data-end=\"3458\">Very little, since it is guaranteed to be 99.5% dust-free (%), which limits soiling. Moreover, its natural composition actively reduces particle dispersion with each use.<\/p>\n<hr data-start=\"93\" data-end=\"96\" \/>\n<h2>\ud83d\udca6 R\u00e9gal&#039;Animals Advice \ud83d\udc9a<\/h2>\n<p data-start=\"131\" data-end=\"481\" data-is-last-node=\"\" data-is-only-node=\"\">To ensure your cat fully enjoys its litter box, don&#039;t hesitate to pour a sufficiently thick layer of litter to allow for good clumping. Then, remember to remove soiled litter daily and regularly add fresh litter to keep the box fresh and comfortable for your feline friend. \ud83d\udc9a<\/p>\n<hr data-start=\"93\" data-end=\"96\" \/>\n<h4 data-start=\"3460\" data-end=\"3597\">\u27a1\ufe0f <strong data-start=\"3463\" data-end=\"3503\">Does it really trap odors?<\/strong><\/h4>\n<p data-start=\"3460\" data-end=\"3597\">Yes, thanks to its high absorption capacity, it effectively limits bad odors.<\/p>\n<h4 data-start=\"3599\" data-end=\"3731\">\u27a1\ufe0f <strong data-start=\"3602\" data-end=\"3650\">Does the litter clump quickly?<\/strong><\/h4>\n<p data-start=\"3599\" data-end=\"3731\">Yes, and this rapid agglomeration greatly facilitates daily cleaning.<\/p>\n<h4 data-start=\"3733\" data-end=\"3879\">\u27a1\ufe0f <strong data-start=\"3736\" data-end=\"3785\">Is this cat litter economical to use?<\/strong><\/h4>\n<p data-start=\"3733\" data-end=\"3879\">Yes, because only the clumps are removed, allowing for longer use. Furthermore, you optimize each refill by only replacing the necessary amount, making this litter particularly economical to use on a daily basis.<\/p>\n<p><a style=\"font-size: 16px;\" href=\"https:\/\/regalanimals.ch\/en\/product-2\/litiere-a-l-argile-verte\/\">Suggestion for him<\/a><\/p>","protected":false},"excerpt":{"rendered":"<p>\ud83d\udc3e Liti\u00e8re Cat\u2019s White Un sable agglom\u00e9rant pour des toilettes attirantes pour votre chat \ud83d\udc31 Un produit fabriqu\u00e9 avec de la bentonite blanche de qualit\u00e9. Con\u00e7ue sp\u00e9cialement pour offrir une solution hygi\u00e9nique et confortable aux chatons en pleine croissance, cette liti\u00e8re convient n\u00e9anmoins \u00e0 tous les chats. Gr\u00e2ce \u00e0 ses propri\u00e9t\u00e9s uniques, elle est tr\u00e8s [&hellip;]<\/p>\n","protected":false},"featured_media":40189,"menu_order":0,"comment_status":"open","ping_status":"closed","template":"","meta":[],"product_brand":[],"product_cat":[89,90,283,335],"product_tag":[],"class_list":{"0":"post-30253","1":"product","2":"type-product","3":"status-publish","4":"has-post-thumbnail","6":"product_cat-chats","7":"product_cat-furets","8":"product_cat-hygiene-furet","9":"product_cat-litiere-pour-chat","10":"product_shipping_class-produit-lourd","12":"first","13":"instock","14":"taxable","15":"shipping-taxable","16":"purchasable","17":"product-type-variable"},"yoast_head":"<!-- This site is optimized with the Yoast SEO Premium plugin v27.3 (Yoast SEO v27.3) - https:\/\/yoast.com\/product\/yoast-seo-premium-wordpress\/ -->\n<title>Liti\u00e8re Cat&#039;s White, sable pour chat agglom\u00e9rant.<\/title>\n<meta name=\"description\" content=\"La Liti\u00e8re Cat&#039;s White pour chaton, lutte contre les odeurs et a une haute capacit\u00e9 d\u2019absorption. Id\u00e9ale pour tous les chats.\" \/>\n<meta name=\"robots\" content=\"index, follow, max-snippet:-1, max-image-preview:large, max-video-preview:-1\" \/>\n<link rel=\"canonical\" href=\"https:\/\/regalanimals.ch\/en\/product-2\/litiere-cat-s-white\/\" \/>\n<meta property=\"og:locale\" content=\"en_GB\" \/>\n<meta property=\"og:type\" content=\"article\" \/>\n<meta property=\"og:title\" content=\"Liti\u00e8re Cat&#039;s White\" \/>\n<meta property=\"og:description\" content=\"La Liti\u00e8re Cat&#039;s White pour chaton, lutte contre les odeurs et a une haute capacit\u00e9 d\u2019absorption. Id\u00e9ale pour tous les chats.\" \/>\n<meta property=\"og:url\" content=\"https:\/\/regalanimals.ch\/en\/product-2\/litiere-cat-s-white\/\" \/>\n<meta property=\"og:site_name\" content=\"R\u00e9gal&#039;Animals\" \/>\n<meta property=\"article:modified_time\" content=\"2026-04-07T10:17:47+00:00\" \/>\n<meta property=\"og:image\" content=\"https:\/\/regalanimals.ch\/wp-content\/uploads\/2023\/08\/litiere-cats-white-1.webp\" \/>\n\t<meta property=\"og:image:width\" content=\"940\" \/>\n\t<meta property=\"og:image:height\" content=\"788\" \/>\n\t<meta property=\"og:image:type\" content=\"image\/webp\" \/>\n<meta name=\"twitter:card\" content=\"summary_large_image\" \/>\n<meta name=\"twitter:label1\" content=\"Estimated reading time\" \/>\n\t<meta name=\"twitter:data1\" content=\"4 minutes\" \/>\n<script type=\"application\/ld+json\" class=\"yoast-schema-graph\">{\"@context\":\"https:\\\/\\\/schema.org\",\"@graph\":[{\"@type\":\"WebPage\",\"@id\":\"https:\\\/\\\/regalanimals.ch\\\/product\\\/litiere-cat-s-white\\\/\",\"url\":\"https:\\\/\\\/regalanimals.ch\\\/product\\\/litiere-cat-s-white\\\/\",\"name\":\"Liti\u00e8re Cat's White, sable pour chat agglom\u00e9rant.\",\"isPartOf\":{\"@id\":\"https:\\\/\\\/regalanimals.ch\\\/#website\"},\"primaryImageOfPage\":{\"@id\":\"https:\\\/\\\/regalanimals.ch\\\/product\\\/litiere-cat-s-white\\\/#primaryimage\"},\"image\":{\"@id\":\"https:\\\/\\\/regalanimals.ch\\\/product\\\/litiere-cat-s-white\\\/#primaryimage\"},\"thumbnailUrl\":\"https:\\\/\\\/regalanimals.ch\\\/wp-content\\\/uploads\\\/2023\\\/08\\\/litiere-cats-white-1.webp\",\"datePublished\":\"2023-08-21T11:36:47+00:00\",\"dateModified\":\"2026-04-07T10:17:47+00:00\",\"description\":\"La Liti\u00e8re Cat's White pour chaton, lutte contre les odeurs et a une haute capacit\u00e9 d\u2019absorption. Id\u00e9ale pour tous les chats.\",\"breadcrumb\":{\"@id\":\"https:\\\/\\\/regalanimals.ch\\\/product\\\/litiere-cat-s-white\\\/#breadcrumb\"},\"inLanguage\":\"en-GB\",\"potentialAction\":[{\"@type\":\"ReadAction\",\"target\":[\"https:\\\/\\\/regalanimals.ch\\\/product\\\/litiere-cat-s-white\\\/\"]}]},{\"@type\":\"ImageObject\",\"inLanguage\":\"en-GB\",\"@id\":\"https:\\\/\\\/regalanimals.ch\\\/product\\\/litiere-cat-s-white\\\/#primaryimage\",\"url\":\"https:\\\/\\\/regalanimals.ch\\\/wp-content\\\/uploads\\\/2023\\\/08\\\/litiere-cats-white-1.webp\",\"contentUrl\":\"https:\\\/\\\/regalanimals.ch\\\/wp-content\\\/uploads\\\/2023\\\/08\\\/litiere-cats-white-1.webp\",\"width\":940,\"height\":788,\"caption\":\"Liti\u00e8re Cat\u2019s White \u2013 sac de liti\u00e8re pour chat pr\u00e9sent\u00e9 de face.\"},{\"@type\":\"BreadcrumbList\",\"@id\":\"https:\\\/\\\/regalanimals.ch\\\/product\\\/litiere-cat-s-white\\\/#breadcrumb\",\"itemListElement\":[{\"@type\":\"ListItem\",\"position\":1,\"name\":\"Home\",\"item\":\"https:\\\/\\\/regalanimals.ch\\\/\"},{\"@type\":\"ListItem\",\"position\":2,\"name\":\"Boutique\",\"item\":\"https:\\\/\\\/regalanimals.ch\\\/shop\\\/\"},{\"@type\":\"ListItem\",\"position\":3,\"name\":\"Liti\u00e8re Cat&rsquo;s White\"}]},{\"@type\":\"WebSite\",\"@id\":\"https:\\\/\\\/regalanimals.ch\\\/#website\",\"url\":\"https:\\\/\\\/regalanimals.ch\\\/\",\"name\":\"R\u00e9gal Animals\",\"description\":\"Alimentation et articles de qualit\u00e9 pour chats, chiens et furets\",\"publisher\":{\"@id\":\"https:\\\/\\\/regalanimals.ch\\\/#organization\"},\"potentialAction\":[{\"@type\":\"SearchAction\",\"target\":{\"@type\":\"EntryPoint\",\"urlTemplate\":\"https:\\\/\\\/regalanimals.ch\\\/?s={search_term_string}\"},\"query-input\":{\"@type\":\"PropertyValueSpecification\",\"valueRequired\":true,\"valueName\":\"search_term_string\"}}],\"inLanguage\":\"en-GB\"},{\"@type\":\"Organization\",\"@id\":\"https:\\\/\\\/regalanimals.ch\\\/#organization\",\"name\":\"R\u00e9gal Animals\",\"url\":\"https:\\\/\\\/regalanimals.ch\\\/\",\"logo\":{\"@type\":\"ImageObject\",\"inLanguage\":\"en-GB\",\"@id\":\"https:\\\/\\\/regalanimals.ch\\\/#\\\/schema\\\/logo\\\/image\\\/\",\"url\":\"https:\\\/\\\/regalanimals.ch\\\/wp-content\\\/uploads\\\/2025\\\/07\\\/Logo-RegalAnimals.png\",\"contentUrl\":\"https:\\\/\\\/regalanimals.ch\\\/wp-content\\\/uploads\\\/2025\\\/07\\\/Logo-RegalAnimals.png\",\"width\":120,\"height\":153,\"caption\":\"R\u00e9gal Animals\"},\"image\":{\"@id\":\"https:\\\/\\\/regalanimals.ch\\\/#\\\/schema\\\/logo\\\/image\\\/\"}}]}<\/script>\n<!-- \/ Yoast SEO Premium plugin. -->","yoast_head_json":{"title":"Cat&#039;s White cat litter, clumping cat sand.","description":"Cat&#039;s White kitten litter fights odors and has a high absorption capacity. Ideal for all cats.","robots":{"index":"index","follow":"follow","max-snippet":"max-snippet:-1","max-image-preview":"max-image-preview:large","max-video-preview":"max-video-preview:-1"},"canonical":"https:\/\/regalanimals.ch\/en\/product-2\/litiere-cat-s-white\/","og_locale":"en_GB","og_type":"article","og_title":"Liti\u00e8re Cat's White","og_description":"La Liti\u00e8re Cat's White pour chaton, lutte contre les odeurs et a une haute capacit\u00e9 d\u2019absorption. Id\u00e9ale pour tous les chats.","og_url":"https:\/\/regalanimals.ch\/en\/product-2\/litiere-cat-s-white\/","og_site_name":"R\u00e9gal&#039;Animals","article_modified_time":"2026-04-07T10:17:47+00:00","og_image":[{"width":940,"height":788,"url":"https:\/\/regalanimals.ch\/wp-content\/uploads\/2023\/08\/litiere-cats-white-1.webp","type":"image\/webp"}],"twitter_card":"summary_large_image","twitter_misc":{"Estimated reading time":"4 minutes"},"schema":{"@context":"https:\/\/schema.org","@graph":[{"@type":"WebPage","@id":"https:\/\/regalanimals.ch\/product\/litiere-cat-s-white\/","url":"https:\/\/regalanimals.ch\/product\/litiere-cat-s-white\/","name":"Cat&#039;s White cat litter, clumping cat sand.","isPartOf":{"@id":"https:\/\/regalanimals.ch\/#website"},"primaryImageOfPage":{"@id":"https:\/\/regalanimals.ch\/product\/litiere-cat-s-white\/#primaryimage"},"image":{"@id":"https:\/\/regalanimals.ch\/product\/litiere-cat-s-white\/#primaryimage"},"thumbnailUrl":"https:\/\/regalanimals.ch\/wp-content\/uploads\/2023\/08\/litiere-cats-white-1.webp","datePublished":"2023-08-21T11:36:47+00:00","dateModified":"2026-04-07T10:17:47+00:00","description":"Cat&#039;s White kitten litter fights odors and has a high absorption capacity. Ideal for all cats.","breadcrumb":{"@id":"https:\/\/regalanimals.ch\/product\/litiere-cat-s-white\/#breadcrumb"},"inLanguage":"en-GB","potentialAction":[{"@type":"ReadAction","target":["https:\/\/regalanimals.ch\/product\/litiere-cat-s-white\/"]}]},{"@type":"ImageObject","inLanguage":"en-GB","@id":"https:\/\/regalanimals.ch\/product\/litiere-cat-s-white\/#primaryimage","url":"https:\/\/regalanimals.ch\/wp-content\/uploads\/2023\/08\/litiere-cats-white-1.webp","contentUrl":"https:\/\/regalanimals.ch\/wp-content\/uploads\/2023\/08\/litiere-cats-white-1.webp","width":940,"height":788,"caption":"Liti\u00e8re Cat\u2019s White \u2013 sac de liti\u00e8re pour chat pr\u00e9sent\u00e9 de face."},{"@type":"BreadcrumbList","@id":"https:\/\/regalanimals.ch\/product\/litiere-cat-s-white\/#breadcrumb","itemListElement":[{"@type":"ListItem","position":1,"name":"Home","item":"https:\/\/regalanimals.ch\/"},{"@type":"ListItem","position":2,"name":"Boutique","item":"https:\/\/regalanimals.ch\/shop\/"},{"@type":"ListItem","position":3,"name":"Liti\u00e8re Cat&rsquo;s White"}]},{"@type":"WebSite","@id":"https:\/\/regalanimals.ch\/#website","url":"https:\/\/regalanimals.ch\/","name":"Animals Feast","description":"Quality food and supplies for cats, dogs and ferrets","publisher":{"@id":"https:\/\/regalanimals.ch\/#organization"},"potentialAction":[{"@type":"SearchAction","target":{"@type":"EntryPoint","urlTemplate":"https:\/\/regalanimals.ch\/?s={search_term_string}"},"query-input":{"@type":"PropertyValueSpecification","valueRequired":true,"valueName":"search_term_string"}}],"inLanguage":"en-GB"},{"@type":"Organization","@id":"https:\/\/regalanimals.ch\/#organization","name":"Animals Feast","url":"https:\/\/regalanimals.ch\/","logo":{"@type":"ImageObject","inLanguage":"en-GB","@id":"https:\/\/regalanimals.ch\/#\/schema\/logo\/image\/","url":"https:\/\/regalanimals.ch\/wp-content\/uploads\/2025\/07\/Logo-RegalAnimals.png","contentUrl":"https:\/\/regalanimals.ch\/wp-content\/uploads\/2025\/07\/Logo-RegalAnimals.png","width":120,"height":153,"caption":"R\u00e9gal Animals"},"image":{"@id":"https:\/\/regalanimals.ch\/#\/schema\/logo\/image\/"}}]}},"_links":{"self":[{"href":"https:\/\/regalanimals.ch\/en\/wp-json\/wp\/v2\/product\/30253","targetHints":{"allow":["GET"]}}],"collection":[{"href":"https:\/\/regalanimals.ch\/en\/wp-json\/wp\/v2\/product"}],"about":[{"href":"https:\/\/regalanimals.ch\/en\/wp-json\/wp\/v2\/types\/product"}],"replies":[{"embeddable":true,"href":"https:\/\/regalanimals.ch\/en\/wp-json\/wp\/v2\/comments?post=30253"}],"wp:featuredmedia":[{"embeddable":true,"href":"https:\/\/regalanimals.ch\/en\/wp-json\/wp\/v2\/media\/40189"}],"wp:attachment":[{"href":"https:\/\/regalanimals.ch\/en\/wp-json\/wp\/v2\/media?parent=30253"}],"wp:term":[{"taxonomy":"product_brand","embeddable":true,"href":"https:\/\/regalanimals.ch\/en\/wp-json\/wp\/v2\/product_brand?post=30253"},{"taxonomy":"product_cat","embeddable":true,"href":"https:\/\/regalanimals.ch\/en\/wp-json\/wp\/v2\/product_cat?post=30253"},{"taxonomy":"product_tag","embeddable":true,"href":"https:\/\/regalanimals.ch\/en\/wp-json\/wp\/v2\/product_tag?post=30253"}],"curies":[{"name":"wp","href":"https:\/\/api.w.org\/{rel}","templated":true}]}}