{"id":30410,"date":"2023-09-07T19:27:23","date_gmt":"2023-09-07T17:27:23","guid":{"rendered":"https:\/\/regalanimals.geekworkers.dev\/?post_type=product&#038;p=30410"},"modified":"2026-03-31T05:42:37","modified_gmt":"2026-03-31T03:42:37","slug":"mousse-au-canard","status":"publish","type":"product","link":"https:\/\/regalanimals.ch\/en\/product\/mousse-au-canard\/","title":{"rendered":"Duck mousse"},"content":{"rendered":"<h2 data-start=\"803\" data-end=\"841\"><strong data-start=\"806\" data-end=\"839\">Mousse au Canard pour chat \ud83e\udd86<\/strong><\/h2>\n<p data-start=\"842\" data-end=\"1266\">La Mousse au Canard est un aliment humide complet pour chat, \u00e0 la texture fondante et facile \u00e0 consommer. Sa recette repose sur une base g\u00e9n\u00e9reuse de viandes et d\u2019abats, naturellement adapt\u00e9s \u00e0 l\u2019alimentation carnivore du chat, avec du canard pour renforcer l\u2019app\u00e9tence. Ainsi, cette mousse offre un repas savoureux, pens\u00e9 pour r\u00e9pondre aux besoins quotidiens du chat tout en respectant la r\u00e9alit\u00e9 nutritionnelle du produit.<\/p>\n<h2 data-start=\"1268\" data-end=\"1329\"><strong data-start=\"1271\" data-end=\"1327\">Une recette sans c\u00e9r\u00e9ales, simple et bien tol\u00e9r\u00e9e \ud83c\udf3f<\/strong><\/h2>\n<p data-start=\"1330\" data-end=\"1738\">Cette Mousse au Canard exclut totalement les c\u00e9r\u00e9ales afin de respecter la physiologie digestive du chat. Ainsi, sa formulation favorise une digestion plus confortable, y compris chez les chats sensibles. Par ailleurs, l\u2019huile de lin contribue \u00e0 l\u2019\u00e9quilibre nutritionnel, tandis que les min\u00e9raux compl\u00e8tent la ration quotidienne. Enfin, cette recette humide ne contient ni colorants ni conservateurs ajout\u00e9s.<\/p>\n<h2 data-start=\"1740\" data-end=\"1796\"><strong data-start=\"1743\" data-end=\"1794\">Une texture mousseuse appr\u00e9ci\u00e9e au quotidien \ud83d\udc3e<\/strong><\/h2>\n<p data-start=\"1797\" data-end=\"2260\">Gr\u00e2ce \u00e0 sa texture souple, cette mousse se consomme facilement, m\u00eame chez les chats \u00e2g\u00e9s ou pr\u00e9sentant une mastication plus d\u00e9licate. Ainsi, la Mousse au Canard convient \u00e9galement aux chats st\u00e9rilis\u00e9s ou \u00e0 ceux qui pr\u00e9f\u00e8rent les aliments humides. Par ailleurs, en ajustant les quantit\u00e9s, elle peut \u00eatre servie comme repas principal ou en compl\u00e9ment des croquettes. Enfin, cette souplesse d\u2019utilisation permet d\u2019adapter l\u2019alimentation aux habitudes de chaque chat.<\/p>\n<h2 data-start=\"2262\" data-end=\"2329\"><strong data-start=\"2265\" data-end=\"2327\">Une base carn\u00e9e enrichie au canard pour varier les repas \u2728<\/strong><\/h2>\n<p data-start=\"2330\" data-end=\"2686\">La Mousse au Canard associe diff\u00e9rentes viandes et abats, avec du canard, afin d\u2019offrir une source de prot\u00e9ines animales appr\u00e9ci\u00e9e des chats. Cette combinaison apporte go\u00fbt et vari\u00e9t\u00e9, sans d\u00e9s\u00e9quilibrer l\u2019alimentation. Ainsi, cette recette permet de renouveler les repas tout en conservant une base nutritionnelle coh\u00e9rente et adapt\u00e9e aux besoins du chat.<\/p>\n<h3 data-start=\"2693\" data-end=\"2737\"><strong data-start=\"2697\" data-end=\"2735\">Composition de la Mousse au Canard<\/strong><\/h3>\n<p data-start=\"2738\" data-end=\"2849\">\ud83d\udc49 See the full product composition in the &quot;Additional Information&quot; section at the top of the page.<\/p>\n<h3 data-start=\"2738\" data-end=\"2849\">Foire aux questions sur la Mousse au Canard pour chat<\/h3>\n<p data-start=\"2738\" data-end=\"2849\">Retrouvez ici les r\u00e9ponses aux questions les plus courantes concernant l\u2019utilisation, la composition et les sp\u00e9cificit\u00e9s de la Mousse au Canard, afin de vous aider \u00e0 choisir une alimentation humide adapt\u00e9e aux besoins quotidiens de votre chat.<\/p>\n<h4 data-start=\"2886\" data-end=\"3071\">\u27a1\ufe0f Is this foam suitable for sensitive cats?<\/h4>\n<p data-start=\"2886\" data-end=\"3071\">Oui. L\u2019absence de c\u00e9r\u00e9ales, de colorants et de conservateurs favorise une digestion plus douce. Ainsi, la Mousse au Canard convient aux chats sensibles.<\/p>\n<h4 data-start=\"3073\" data-end=\"3278\">\u27a1\ufe0f <strong data-start=\"3133\" data-end=\"3183\">Peut-on associer cette Mousse au Canard aux croquettes ?<\/strong><\/h4>\n<p data-start=\"3073\" data-end=\"3278\">Oui, cette mousse peut \u00eatre donn\u00e9e seule ou en compl\u00e9ment des croquettes. En outre, elle permet de varier les textures et peut stimuler l\u2019app\u00e9tit des chats plus difficiles.<\/p>\n<h4 data-start=\"3280\" data-end=\"3469\">\u27a1\ufe0f <strong data-start=\"76\" data-end=\"133\">Peut-on donner cette p\u00e2t\u00e9e pour chat tous les jours ?<\/strong><\/h4>\n<p data-start=\"3280\" data-end=\"3469\">Oui. Il s\u2019agit d\u2019un aliment humide complet, adapt\u00e9 \u00e0 une consommation quotidienne. Il suffit d\u2019ajuster les quantit\u00e9s aux besoins du chat.<\/p>\n<hr data-start=\"3471\" data-end=\"3474\" \/>\n<h2 data-start=\"3476\" data-end=\"3506\">\ud83d\udca6 R\u00e9gal&#039;Animals Advice \ud83d\udc9a<\/h2>\n<p data-start=\"3508\" data-end=\"3859\">Pour stimuler l\u2019int\u00e9r\u00eat du chat, tu peux ajouter quelques miettes de <a href=\"https:\/\/regalanimals.ch\/en\/product-2\/friandises-poisson-blanc-lyophilisee\/\">friandises lyophilis\u00e9es au poisson blanc<\/a>, directement sur la mousse. Cette touche simple renforce l\u2019app\u00e9tence sans modifier l\u2019\u00e9quilibre de l\u2019alimentation.<\/p>\n<hr data-start=\"3861\" data-end=\"3864\" \/>\n<h4 data-start=\"3866\" data-end=\"4015\">\u27a1\ufe0f How to store this mousse after opening?<\/h4>\n<p data-start=\"3866\" data-end=\"4015\">Apr\u00e8s ouverture, conserve la bo\u00eete au r\u00e9frig\u00e9rateur et consomme-la dans les 24 heures afin de pr\u00e9server sa fra\u00eecheur.<\/p>\n<h4 data-start=\"4017\" data-end=\"4200\">\u27a1\ufe0f Does this Duck Mousse contain any undesirable additives?<\/h4>\n<p data-start=\"4017\" data-end=\"4200\">Non. La recette ne contient ni colorants ni conservateurs ajout\u00e9s.<\/p>\n<p><a href=\"https:\/\/regalanimals.ch\/en\/product-2\/mousse-aux-st-jacques\/\">Suggestion for him<\/a><\/p>","protected":false},"excerpt":{"rendered":"<p>Mousse au Canard pour chat \ud83e\udd86 La Mousse au Canard est un aliment humide complet pour chat, \u00e0 la texture fondante et facile \u00e0 consommer. Sa recette repose sur une base g\u00e9n\u00e9reuse de viandes et d\u2019abats, naturellement adapt\u00e9s \u00e0 l\u2019alimentation carnivore du chat, avec du canard pour renforcer l\u2019app\u00e9tence. Ainsi, cette mousse offre un repas [&hellip;]<\/p>\n","protected":false},"featured_media":40178,"comment_status":"open","ping_status":"closed","template":"","meta":[],"product_brand":[],"product_cat":[220,89,90,217],"product_tag":[],"class_list":{"0":"post-30410","1":"product","2":"type-product","3":"status-publish","4":"has-post-thumbnail","6":"product_cat-alimentation-furet","7":"product_cat-chats","8":"product_cat-furets","9":"product_cat-nourriture-humide-chat","11":"first","12":"instock","13":"taxable","14":"shipping-taxable","15":"purchasable","16":"product-type-variable"},"yoast_head":"<!-- This site is optimized with the Yoast SEO Premium plugin v27.4 (Yoast SEO v27.5) - https:\/\/yoast.com\/product\/yoast-seo-premium-wordpress\/ -->\n<title>Mousse au Canard, une d\u00e9licatesse pour votre chat.<\/title>\n<meta name=\"description\" content=\"Une d\u00e9licieuse escapade gourmande inspir\u00e9e du terroir du Sud-Ouest. La mousse au canard c&#039;est un p\u00e2t\u00e9e sans c\u00e9r\u00e9ales pour chat produite en France.\" \/>\n<meta name=\"robots\" content=\"index, follow, max-snippet:-1, max-image-preview:large, max-video-preview:-1\" \/>\n<link rel=\"canonical\" href=\"https:\/\/regalanimals.ch\/en\/product-2\/mousse-au-canard\/\" \/>\n<meta property=\"og:locale\" content=\"en_GB\" \/>\n<meta property=\"og:type\" content=\"article\" \/>\n<meta property=\"og:title\" content=\"Mousse au Canard\" \/>\n<meta property=\"og:description\" content=\"Une d\u00e9licieuse escapade gourmande inspir\u00e9e du terroir du Sud-Ouest. La mousse au canard c&#039;est un p\u00e2t\u00e9e sans c\u00e9r\u00e9ales pour chat produite en France.\" \/>\n<meta property=\"og:url\" content=\"https:\/\/regalanimals.ch\/en\/product-2\/mousse-au-canard\/\" \/>\n<meta property=\"og:site_name\" content=\"R\u00e9gal&#039;Animals\" \/>\n<meta property=\"article:modified_time\" content=\"2026-03-31T03:42:37+00:00\" \/>\n<meta property=\"og:image\" content=\"https:\/\/regalanimals.ch\/wp-content\/uploads\/2023\/09\/Mousse-au-Canard-1.webp\" \/>\n\t<meta property=\"og:image:width\" content=\"940\" \/>\n\t<meta property=\"og:image:height\" content=\"788\" \/>\n\t<meta property=\"og:image:type\" content=\"image\/webp\" \/>\n<meta name=\"twitter:card\" content=\"summary_large_image\" \/>\n<meta name=\"twitter:label1\" content=\"Estimated reading time\" \/>\n\t<meta name=\"twitter:data1\" content=\"3 minutes\" \/>\n<script type=\"application\/ld+json\" class=\"yoast-schema-graph\">{\"@context\":\"https:\\\/\\\/schema.org\",\"@graph\":[{\"@type\":\"WebPage\",\"@id\":\"https:\\\/\\\/regalanimals.ch\\\/product\\\/mousse-au-canard\\\/\",\"url\":\"https:\\\/\\\/regalanimals.ch\\\/product\\\/mousse-au-canard\\\/\",\"name\":\"Mousse au Canard, une d\u00e9licatesse pour votre chat.\",\"isPartOf\":{\"@id\":\"https:\\\/\\\/regalanimals.ch\\\/#website\"},\"primaryImageOfPage\":{\"@id\":\"https:\\\/\\\/regalanimals.ch\\\/product\\\/mousse-au-canard\\\/#primaryimage\"},\"image\":{\"@id\":\"https:\\\/\\\/regalanimals.ch\\\/product\\\/mousse-au-canard\\\/#primaryimage\"},\"thumbnailUrl\":\"https:\\\/\\\/regalanimals.ch\\\/wp-content\\\/uploads\\\/2023\\\/09\\\/Mousse-au-Canard-1.webp\",\"datePublished\":\"2023-09-07T17:27:23+00:00\",\"dateModified\":\"2026-03-31T03:42:37+00:00\",\"description\":\"Une d\u00e9licieuse escapade gourmande inspir\u00e9e du terroir du Sud-Ouest. La mousse au canard c'est un p\u00e2t\u00e9e sans c\u00e9r\u00e9ales pour chat produite en France.\",\"breadcrumb\":{\"@id\":\"https:\\\/\\\/regalanimals.ch\\\/product\\\/mousse-au-canard\\\/#breadcrumb\"},\"inLanguage\":\"en-GB\",\"potentialAction\":[{\"@type\":\"ReadAction\",\"target\":[\"https:\\\/\\\/regalanimals.ch\\\/product\\\/mousse-au-canard\\\/\"]}]},{\"@type\":\"ImageObject\",\"inLanguage\":\"en-GB\",\"@id\":\"https:\\\/\\\/regalanimals.ch\\\/product\\\/mousse-au-canard\\\/#primaryimage\",\"url\":\"https:\\\/\\\/regalanimals.ch\\\/wp-content\\\/uploads\\\/2023\\\/09\\\/Mousse-au-Canard-1.webp\",\"contentUrl\":\"https:\\\/\\\/regalanimals.ch\\\/wp-content\\\/uploads\\\/2023\\\/09\\\/Mousse-au-Canard-1.webp\",\"width\":940,\"height\":788,\"caption\":\"Mousse au canard \u2013 bo\u00eete 200g pour chat pr\u00e9sent\u00e9e de face.\"},{\"@type\":\"BreadcrumbList\",\"@id\":\"https:\\\/\\\/regalanimals.ch\\\/product\\\/mousse-au-canard\\\/#breadcrumb\",\"itemListElement\":[{\"@type\":\"ListItem\",\"position\":1,\"name\":\"Home\",\"item\":\"https:\\\/\\\/regalanimals.ch\\\/\"},{\"@type\":\"ListItem\",\"position\":2,\"name\":\"Boutique\",\"item\":\"https:\\\/\\\/regalanimals.ch\\\/shop\\\/\"},{\"@type\":\"ListItem\",\"position\":3,\"name\":\"Mousse au Canard\"}]},{\"@type\":\"WebSite\",\"@id\":\"https:\\\/\\\/regalanimals.ch\\\/#website\",\"url\":\"https:\\\/\\\/regalanimals.ch\\\/\",\"name\":\"R\u00e9gal Animals\",\"description\":\"Alimentation et articles de qualit\u00e9 pour chats, chiens et furets\",\"publisher\":{\"@id\":\"https:\\\/\\\/regalanimals.ch\\\/#organization\"},\"potentialAction\":[{\"@type\":\"SearchAction\",\"target\":{\"@type\":\"EntryPoint\",\"urlTemplate\":\"https:\\\/\\\/regalanimals.ch\\\/?s={search_term_string}\"},\"query-input\":{\"@type\":\"PropertyValueSpecification\",\"valueRequired\":true,\"valueName\":\"search_term_string\"}}],\"inLanguage\":\"en-GB\"},{\"@type\":\"Organization\",\"@id\":\"https:\\\/\\\/regalanimals.ch\\\/#organization\",\"name\":\"R\u00e9gal Animals\",\"url\":\"https:\\\/\\\/regalanimals.ch\\\/\",\"logo\":{\"@type\":\"ImageObject\",\"inLanguage\":\"en-GB\",\"@id\":\"https:\\\/\\\/regalanimals.ch\\\/#\\\/schema\\\/logo\\\/image\\\/\",\"url\":\"https:\\\/\\\/regalanimals.ch\\\/wp-content\\\/uploads\\\/2025\\\/04\\\/cropped-Logo-site-e1744634610403-1.webp\",\"contentUrl\":\"https:\\\/\\\/regalanimals.ch\\\/wp-content\\\/uploads\\\/2025\\\/04\\\/cropped-Logo-site-e1744634610403-1.webp\",\"width\":512,\"height\":512,\"caption\":\"R\u00e9gal Animals\"},\"image\":{\"@id\":\"https:\\\/\\\/regalanimals.ch\\\/#\\\/schema\\\/logo\\\/image\\\/\"}}]}<\/script>\n<!-- \/ Yoast SEO Premium plugin. -->","yoast_head_json":{"title":"Duck mousse, a delicacy for your cat.","description":"A delicious gourmet escape inspired by the terroir of Southwest France. Duck mousse is a grain-free cat food produced in France.","robots":{"index":"index","follow":"follow","max-snippet":"max-snippet:-1","max-image-preview":"max-image-preview:large","max-video-preview":"max-video-preview:-1"},"canonical":"https:\/\/regalanimals.ch\/en\/product-2\/mousse-au-canard\/","og_locale":"en_GB","og_type":"article","og_title":"Mousse au Canard","og_description":"Une d\u00e9licieuse escapade gourmande inspir\u00e9e du terroir du Sud-Ouest. La mousse au canard c'est un p\u00e2t\u00e9e sans c\u00e9r\u00e9ales pour chat produite en France.","og_url":"https:\/\/regalanimals.ch\/en\/product-2\/mousse-au-canard\/","og_site_name":"R\u00e9gal&#039;Animals","article_modified_time":"2026-03-31T03:42:37+00:00","og_image":[{"width":940,"height":788,"url":"https:\/\/regalanimals.ch\/wp-content\/uploads\/2023\/09\/Mousse-au-Canard-1.webp","type":"image\/webp"}],"twitter_card":"summary_large_image","twitter_misc":{"Estimated reading time":"3 minutes"},"schema":{"@context":"https:\/\/schema.org","@graph":[{"@type":"WebPage","@id":"https:\/\/regalanimals.ch\/product\/mousse-au-canard\/","url":"https:\/\/regalanimals.ch\/product\/mousse-au-canard\/","name":"Duck mousse, a delicacy for your cat.","isPartOf":{"@id":"https:\/\/regalanimals.ch\/#website"},"primaryImageOfPage":{"@id":"https:\/\/regalanimals.ch\/product\/mousse-au-canard\/#primaryimage"},"image":{"@id":"https:\/\/regalanimals.ch\/product\/mousse-au-canard\/#primaryimage"},"thumbnailUrl":"https:\/\/regalanimals.ch\/wp-content\/uploads\/2023\/09\/Mousse-au-Canard-1.webp","datePublished":"2023-09-07T17:27:23+00:00","dateModified":"2026-03-31T03:42:37+00:00","description":"A delicious gourmet escape inspired by the terroir of Southwest France. Duck mousse is a grain-free cat food produced in France.","breadcrumb":{"@id":"https:\/\/regalanimals.ch\/product\/mousse-au-canard\/#breadcrumb"},"inLanguage":"en-GB","potentialAction":[{"@type":"ReadAction","target":["https:\/\/regalanimals.ch\/product\/mousse-au-canard\/"]}]},{"@type":"ImageObject","inLanguage":"en-GB","@id":"https:\/\/regalanimals.ch\/product\/mousse-au-canard\/#primaryimage","url":"https:\/\/regalanimals.ch\/wp-content\/uploads\/2023\/09\/Mousse-au-Canard-1.webp","contentUrl":"https:\/\/regalanimals.ch\/wp-content\/uploads\/2023\/09\/Mousse-au-Canard-1.webp","width":940,"height":788,"caption":"Mousse au canard \u2013 bo\u00eete 200g pour chat pr\u00e9sent\u00e9e de face."},{"@type":"BreadcrumbList","@id":"https:\/\/regalanimals.ch\/product\/mousse-au-canard\/#breadcrumb","itemListElement":[{"@type":"ListItem","position":1,"name":"Home","item":"https:\/\/regalanimals.ch\/"},{"@type":"ListItem","position":2,"name":"Boutique","item":"https:\/\/regalanimals.ch\/shop\/"},{"@type":"ListItem","position":3,"name":"Mousse au Canard"}]},{"@type":"WebSite","@id":"https:\/\/regalanimals.ch\/#website","url":"https:\/\/regalanimals.ch\/","name":"Animals Feast","description":"Quality food and supplies for cats, dogs and ferrets","publisher":{"@id":"https:\/\/regalanimals.ch\/#organization"},"potentialAction":[{"@type":"SearchAction","target":{"@type":"EntryPoint","urlTemplate":"https:\/\/regalanimals.ch\/?s={search_term_string}"},"query-input":{"@type":"PropertyValueSpecification","valueRequired":true,"valueName":"search_term_string"}}],"inLanguage":"en-GB"},{"@type":"Organization","@id":"https:\/\/regalanimals.ch\/#organization","name":"Animals Feast","url":"https:\/\/regalanimals.ch\/","logo":{"@type":"ImageObject","inLanguage":"en-GB","@id":"https:\/\/regalanimals.ch\/#\/schema\/logo\/image\/","url":"https:\/\/regalanimals.ch\/wp-content\/uploads\/2025\/04\/cropped-Logo-site-e1744634610403-1.webp","contentUrl":"https:\/\/regalanimals.ch\/wp-content\/uploads\/2025\/04\/cropped-Logo-site-e1744634610403-1.webp","width":512,"height":512,"caption":"R\u00e9gal Animals"},"image":{"@id":"https:\/\/regalanimals.ch\/#\/schema\/logo\/image\/"}}]}},"_links":{"self":[{"href":"https:\/\/regalanimals.ch\/en\/wp-json\/wp\/v2\/product\/30410","targetHints":{"allow":["GET"]}}],"collection":[{"href":"https:\/\/regalanimals.ch\/en\/wp-json\/wp\/v2\/product"}],"about":[{"href":"https:\/\/regalanimals.ch\/en\/wp-json\/wp\/v2\/types\/product"}],"replies":[{"embeddable":true,"href":"https:\/\/regalanimals.ch\/en\/wp-json\/wp\/v2\/comments?post=30410"}],"wp:featuredmedia":[{"embeddable":true,"href":"https:\/\/regalanimals.ch\/en\/wp-json\/wp\/v2\/media\/40178"}],"wp:attachment":[{"href":"https:\/\/regalanimals.ch\/en\/wp-json\/wp\/v2\/media?parent=30410"}],"wp:term":[{"taxonomy":"product_brand","embeddable":true,"href":"https:\/\/regalanimals.ch\/en\/wp-json\/wp\/v2\/product_brand?post=30410"},{"taxonomy":"product_cat","embeddable":true,"href":"https:\/\/regalanimals.ch\/en\/wp-json\/wp\/v2\/product_cat?post=30410"},{"taxonomy":"product_tag","embeddable":true,"href":"https:\/\/regalanimals.ch\/en\/wp-json\/wp\/v2\/product_tag?post=30410"}],"curies":[{"name":"wp","href":"https:\/\/api.w.org\/{rel}","templated":true}]}}