{"id":30564,"date":"2023-09-30T14:25:13","date_gmt":"2023-09-30T12:25:13","guid":{"rendered":"https:\/\/regalanimals.geekworkers.dev\/?post_type=product&#038;p=30564"},"modified":"2026-03-22T12:59:50","modified_gmt":"2026-03-22T11:59:50","slug":"friandises-foie-poulet-lyophilisees","status":"publish","type":"product","link":"https:\/\/regalanimals.ch\/en\/product\/friandises-foie-poulet-lyophilisees\/","title":{"rendered":"Freeze-dried Chicken Liver Treats"},"content":{"rendered":"<h2 data-start=\"756\" data-end=\"823\"><strong data-start=\"759\" data-end=\"823\">Freeze-dried chicken liver treats, a delicious snack! \ud83d\udc4c<\/strong><\/h2>\n<h3 data-start=\"825\" data-end=\"888\"><strong data-start=\"829\" data-end=\"888\">A nutritional gem that motivates all food lovers \ud83d\udc36\ud83d\udc31<\/strong><\/h3>\n<p data-start=\"890\" data-end=\"1320\">Freeze-dried chicken liver offers a powerful and irresistible flavor, making it ideal for capturing your pet&#039;s attention. Furthermore, its natural richness in protein, vitamins A and B, and essential minerals like iron and zinc supports energy, focus, and vitality. This makes this bite-sized treat an excellent way to reward progress, encourage desired behavior, or strengthen your bond every day.<\/p>\n<hr data-start=\"1322\" data-end=\"1325\" \/>\n<h2 data-start=\"1327\" data-end=\"1372\"><strong data-start=\"1331\" data-end=\"1372\">A tasty, simple and healthy snack \ud83d\udc3e<\/strong><\/h2>\n<p data-start=\"1374\" data-end=\"1713\">These treats are suitable for everyone: curious puppies, picky cats, hungry ferrets, or adult dogs in training. In fact, their distinctive flavor really motivates hesitant or reluctant animals. However, since liver is very rich in nutrients, it&#039;s wise to adjust the quantity for animals on a special diet or with health issues.<\/p>\n<hr data-start=\"1715\" data-end=\"1718\" \/>\n<h2 data-start=\"1720\" data-end=\"1787\"><strong data-start=\"1724\" data-end=\"1787\">A versatile treat for dogs, cats and ferrets \ud83d\ude3a<\/strong><\/h2>\n<p data-start=\"1789\" data-end=\"2156\">These nuggets are suitable for everyone: curious puppies, picky cats, hungry ferrets, and adult dogs in training. Their strong flavor really stimulates hesitant animals and motivates even the most stubborn. However, since liver is very rich in nutrients, it&#039;s wise to adjust the quantity for animals on a special diet or with health issues.<\/p>\n<hr data-start=\"2158\" data-end=\"2161\" \/>\n<h2 data-start=\"2163\" data-end=\"2210\"><strong data-start=\"2167\" data-end=\"2210\">The liver: a long-forgotten treasure \ud83e\udef6<\/strong><\/h2>\n<p data-start=\"2212\" data-end=\"2567\">Often underestimated, offal is actually a nutritional powerhouse. Liver, in particular, is rich in protein, moderate in fat, and very filling. As such, it offers a low-calorie treat, ideal for indulging without overindulging. In short, it&#039;s a perfect bite to please while respecting the natural needs of small carnivores.<\/p>\n<hr data-start=\"2569\" data-end=\"2572\" \/>\n<h2 data-start=\"2574\" data-end=\"2603\"><strong data-start=\"2577\" data-end=\"2603\">Frequently Asked Questions \ud83d\udc3e<\/strong><\/h2>\n<h3 data-start=\"2605\" data-end=\"2736\"><strong data-start=\"2609\" data-end=\"2736\">\u2753 Still hesitating? Here are the answers to the most common questions about Freeze-Dried Chicken Liver Treats.<\/strong><\/h3>\n<h4 data-start=\"2743\" data-end=\"2815\"><strong data-start=\"2747\" data-end=\"2813\">\u27a1\ufe0f Which animals are these liver morsels suitable for?<\/strong><\/h4>\n<p data-start=\"2816\" data-end=\"2956\">They are suitable for dogs, cats, and ferrets. Moreover, the intense liver flavor appeals even to the pickiest animals.<\/p>\n<h4 data-start=\"315\" data-end=\"392\"><strong data-start=\"319\" data-end=\"390\">\u27a1\ufe0f What is freeze-drying and why is it an advantage?<\/strong><\/h4>\n<p data-start=\"393\" data-end=\"863\">Freeze-drying is a gentle process that removes water from meat while preserving its nutritional value. Specifically, the meat is first frozen, then the water evaporates directly under vacuum, without cooking. Thanks to this, the liver retains its natural flavor, original texture, and essential nutrients. This is also why animals love these morsels: they truly smell like real fresh meat, just with less water.<\/p>\n<h4 data-start=\"2963\" data-end=\"3031\"><strong data-start=\"2967\" data-end=\"3029\">\u27a1\ufe0f What are the main benefits of chicken liver?<\/strong><\/h4>\n<p data-start=\"3032\" data-end=\"3198\">The liver naturally provides vitamins A and B, iron, and zinc. Therefore, it supports energy, concentration, muscle vitality, and the desire to participate in learning sessions.<\/p>\n<h4 data-start=\"3205\" data-end=\"3260\"><strong data-start=\"3209\" data-end=\"3258\">\u27a1\ufe0f Are these cubes suitable for educational purposes?<\/strong><\/h4>\n<p data-start=\"3261\" data-end=\"3403\">Yes, absolutely. Their strong scent is a huge motivator, and their size makes immediate rewards easy. They&#039;re therefore ideal for recall training or daily drills.<\/p>\n<h3 data-start=\"3410\" data-end=\"3467\"><strong data-start=\"3414\" data-end=\"3465\">\u27a1\ufe0f Are they suitable for puppies or kittens?<\/strong><\/h3>\n<p data-start=\"3468\" data-end=\"3642\">Yes, absolutely. Their flavor works very well to encourage young animals, provided they are offered in reasonable quantities and integrated into the overall ration.<\/p>\n<hr data-start=\"3644\" data-end=\"3647\" \/>\n<h2>\ud83d\udca6 <strong data-start=\"3655\" data-end=\"3683\">R\u00e9gal&#039;Animals Advice \ud83d\udc9a<\/strong><\/h2>\n<p data-start=\"3686\" data-end=\"3998\">Serve these treats at opportune moments: a successful recall, a new exercise learned, or a little encouragement. Furthermore, a few crumbs in the bowl can awaken the appetite of a hesitant pet. It&#039;s a natural, gentle, and effective aid for everyday use \ud83d\udc9a<\/p>\n<hr data-start=\"3644\" data-end=\"3647\" \/>\n<h4 data-start=\"4005\" data-end=\"4070\"><strong data-start=\"4009\" data-end=\"4068\">\u27a1\ufe0f Do liver-based treats cause weight gain?<\/strong><\/h4>\n<p data-start=\"4071\" data-end=\"4192\">Liver is nutritious but low in fat. However, like any treat, simply adjust the quantity to maintain a balanced diet.<\/p>\n<h4 data-start=\"4199\" data-end=\"4269\"><strong data-start=\"4203\" data-end=\"4267\">\u27a1\ufe0f Are these bites compatible with a BARF diet?<\/strong><\/h4>\n<p data-start=\"4270\" data-end=\"4360\">Yes, without a doubt. They are 100% animal-based, additive-free, and perfectly suited to a natural diet.<\/p>\n<h4 data-start=\"4367\" data-end=\"4411\"><strong data-start=\"4371\" data-end=\"4409\">\u27a1\ufe0f Can I mix them into the meal?<\/strong><\/h4>\n<p data-start=\"4412\" data-end=\"4527\">Yes, of course. A few cubes add an irresistible aroma and can improve the appeal of an unappealing meal.<\/p>\n<h4 data-start=\"4534\" data-end=\"4570\"><strong data-start=\"4538\" data-end=\"4568\">\u27a1\ufe0f How to store them?<\/strong><\/h4>\n<p data-start=\"4571\" data-end=\"4681\">Keep the jar in a dry, temperate place, then close it tightly. This will help the cubes retain their aroma and texture.<\/p>\n<h4 data-start=\"4571\" data-end=\"4681\">Composition<\/h4>\n<p>100% chicken liver<\/p>\n<h4>Analytical constituents<\/h4>\n<p>Crude protein: \u2265 60 %<br data-start=\"898\" data-end=\"901\" \/>Crude fat content: \u2265 20 %<br data-start=\"933\" data-end=\"936\" \/>Raw fibers: \u2264 1 %<br data-start=\"957\" data-end=\"960\" \/>Raw mineral materials: \u2264 6 %<br data-start=\"993\" data-end=\"996\" \/>Humidity: \u2264 6 %<\/p>\n<p><a href=\"https:\/\/regalanimals.ch\/en\/product-2\/friandises-poisson-blanc-lyophilisees\/\">Suggestion for him<\/a><\/p>","protected":false},"excerpt":{"rendered":"<p>Friandises Foie de Poulet Lyophilis\u00e9es, un abat plaisir ! \ud83d\udc4c Une p\u00e9pite nutritive qui motive tous les gourmands \ud83d\udc36\ud83d\udc31 Le foie de poulet lyophilis\u00e9 offre une saveur puissante et irr\u00e9sistible, ce qui le rend id\u00e9al pour capter l\u2019attention de votre compagnon. De plus, sa richesse naturelle en prot\u00e9ines, en vitamines A et B, ainsi qu\u2019en [&hellip;]<\/p>\n","protected":false},"featured_media":38112,"menu_order":0,"comment_status":"open","ping_status":"closed","template":"","meta":[],"product_brand":[],"product_cat":[89,24,333,213,197,90],"product_tag":[],"class_list":{"0":"post-30564","1":"product","2":"type-product","3":"status-publish","4":"has-post-thumbnail","6":"product_cat-chats","7":"product_cat-chiens","8":"product_cat-friandises-furet","9":"product_cat-friandises-pour-chats","10":"product_cat-friandises-pour-chiens","11":"product_cat-furets","13":"first","14":"instock","15":"taxable","16":"shipping-taxable","17":"purchasable","18":"product-type-variable"},"yoast_head":"<!-- This site is optimized with the Yoast SEO Premium plugin v27.4 (Yoast SEO v27.4) - https:\/\/yoast.com\/product\/yoast-seo-premium-wordpress\/ -->\n<title>Friandises Foie de Poulet Lyophilis\u00e9es \u2013 Abat pour chien<\/title>\n<meta name=\"description\" content=\"Offrez une r\u00e9compense savoureuse \u00e0 votre compagnon : les Friandises Foie de Poulet Lyophilis\u00e9es apportent go\u00fbt et \u00e9nergie aux chiens, chats et furets.\" \/>\n<meta name=\"robots\" content=\"index, follow, max-snippet:-1, max-image-preview:large, max-video-preview:-1\" \/>\n<link rel=\"canonical\" href=\"https:\/\/regalanimals.ch\/en\/product-2\/friandises-foie-poulet-lyophilisees\/\" \/>\n<meta property=\"og:locale\" content=\"en_GB\" \/>\n<meta property=\"og:type\" content=\"article\" \/>\n<meta property=\"og:title\" content=\"Friandises Foie Poulet Lyophilis\u00e9es\" \/>\n<meta property=\"og:description\" content=\"Offrez une r\u00e9compense savoureuse \u00e0 votre compagnon : les Friandises Foie de Poulet Lyophilis\u00e9es apportent go\u00fbt et \u00e9nergie aux chiens, chats et furets.\" \/>\n<meta property=\"og:url\" content=\"https:\/\/regalanimals.ch\/en\/product-2\/friandises-foie-poulet-lyophilisees\/\" \/>\n<meta property=\"og:site_name\" content=\"R\u00e9gal&#039;Animals\" \/>\n<meta property=\"article:modified_time\" content=\"2026-03-22T11:59:50+00:00\" \/>\n<meta property=\"og:image\" content=\"https:\/\/regalanimals.ch\/wp-content\/uploads\/2025\/08\/friandises-lyophilisees-foie-poulet.webp\" \/>\n\t<meta property=\"og:image:width\" content=\"940\" \/>\n\t<meta property=\"og:image:height\" content=\"788\" \/>\n\t<meta property=\"og:image:type\" content=\"image\/webp\" \/>\n<meta name=\"twitter:card\" content=\"summary_large_image\" \/>\n<meta name=\"twitter:label1\" content=\"Estimated reading time\" \/>\n\t<meta name=\"twitter:data1\" content=\"4 minutes\" \/>\n<script type=\"application\/ld+json\" class=\"yoast-schema-graph\">{\"@context\":\"https:\\\/\\\/schema.org\",\"@graph\":[{\"@type\":\"WebPage\",\"@id\":\"https:\\\/\\\/regalanimals.ch\\\/product\\\/friandises-foie-poulet-lyophilisees\\\/\",\"url\":\"https:\\\/\\\/regalanimals.ch\\\/product\\\/friandises-foie-poulet-lyophilisees\\\/\",\"name\":\"Friandises Foie de Poulet Lyophilis\u00e9es \u2013 Abat pour chien\",\"isPartOf\":{\"@id\":\"https:\\\/\\\/regalanimals.ch\\\/#website\"},\"primaryImageOfPage\":{\"@id\":\"https:\\\/\\\/regalanimals.ch\\\/product\\\/friandises-foie-poulet-lyophilisees\\\/#primaryimage\"},\"image\":{\"@id\":\"https:\\\/\\\/regalanimals.ch\\\/product\\\/friandises-foie-poulet-lyophilisees\\\/#primaryimage\"},\"thumbnailUrl\":\"https:\\\/\\\/regalanimals.ch\\\/wp-content\\\/uploads\\\/2025\\\/08\\\/friandises-lyophilisees-foie-poulet.webp\",\"datePublished\":\"2023-09-30T12:25:13+00:00\",\"dateModified\":\"2026-03-22T11:59:50+00:00\",\"description\":\"Offrez une r\u00e9compense savoureuse \u00e0 votre compagnon : les Friandises Foie de Poulet Lyophilis\u00e9es apportent go\u00fbt et \u00e9nergie aux chiens, chats et furets.\",\"breadcrumb\":{\"@id\":\"https:\\\/\\\/regalanimals.ch\\\/product\\\/friandises-foie-poulet-lyophilisees\\\/#breadcrumb\"},\"inLanguage\":\"en-GB\",\"potentialAction\":[{\"@type\":\"ReadAction\",\"target\":[\"https:\\\/\\\/regalanimals.ch\\\/product\\\/friandises-foie-poulet-lyophilisees\\\/\"]}]},{\"@type\":\"ImageObject\",\"inLanguage\":\"en-GB\",\"@id\":\"https:\\\/\\\/regalanimals.ch\\\/product\\\/friandises-foie-poulet-lyophilisees\\\/#primaryimage\",\"url\":\"https:\\\/\\\/regalanimals.ch\\\/wp-content\\\/uploads\\\/2025\\\/08\\\/friandises-lyophilisees-foie-poulet.webp\",\"contentUrl\":\"https:\\\/\\\/regalanimals.ch\\\/wp-content\\\/uploads\\\/2025\\\/08\\\/friandises-lyophilisees-foie-poulet.webp\",\"width\":940,\"height\":788,\"caption\":\"Friandises Foie de Poulet Lyophilis\u00e9es en petits cubes \u2013 Kiwi Walker\"},{\"@type\":\"BreadcrumbList\",\"@id\":\"https:\\\/\\\/regalanimals.ch\\\/product\\\/friandises-foie-poulet-lyophilisees\\\/#breadcrumb\",\"itemListElement\":[{\"@type\":\"ListItem\",\"position\":1,\"name\":\"Home\",\"item\":\"https:\\\/\\\/regalanimals.ch\\\/\"},{\"@type\":\"ListItem\",\"position\":2,\"name\":\"Boutique\",\"item\":\"https:\\\/\\\/regalanimals.ch\\\/shop\\\/\"},{\"@type\":\"ListItem\",\"position\":3,\"name\":\"Friandises Foie Poulet Lyophilis\u00e9es\"}]},{\"@type\":\"WebSite\",\"@id\":\"https:\\\/\\\/regalanimals.ch\\\/#website\",\"url\":\"https:\\\/\\\/regalanimals.ch\\\/\",\"name\":\"R\u00e9gal Animals\",\"description\":\"Alimentation et articles de qualit\u00e9 pour chats, chiens et furets\",\"publisher\":{\"@id\":\"https:\\\/\\\/regalanimals.ch\\\/#organization\"},\"potentialAction\":[{\"@type\":\"SearchAction\",\"target\":{\"@type\":\"EntryPoint\",\"urlTemplate\":\"https:\\\/\\\/regalanimals.ch\\\/?s={search_term_string}\"},\"query-input\":{\"@type\":\"PropertyValueSpecification\",\"valueRequired\":true,\"valueName\":\"search_term_string\"}}],\"inLanguage\":\"en-GB\"},{\"@type\":\"Organization\",\"@id\":\"https:\\\/\\\/regalanimals.ch\\\/#organization\",\"name\":\"R\u00e9gal Animals\",\"url\":\"https:\\\/\\\/regalanimals.ch\\\/\",\"logo\":{\"@type\":\"ImageObject\",\"inLanguage\":\"en-GB\",\"@id\":\"https:\\\/\\\/regalanimals.ch\\\/#\\\/schema\\\/logo\\\/image\\\/\",\"url\":\"https:\\\/\\\/regalanimals.ch\\\/wp-content\\\/uploads\\\/2025\\\/04\\\/cropped-Logo-site-e1744634610403-1.webp\",\"contentUrl\":\"https:\\\/\\\/regalanimals.ch\\\/wp-content\\\/uploads\\\/2025\\\/04\\\/cropped-Logo-site-e1744634610403-1.webp\",\"width\":512,\"height\":512,\"caption\":\"R\u00e9gal Animals\"},\"image\":{\"@id\":\"https:\\\/\\\/regalanimals.ch\\\/#\\\/schema\\\/logo\\\/image\\\/\"}}]}<\/script>\n<!-- \/ Yoast SEO Premium plugin. -->","yoast_head_json":{"title":"Friandises Foie de Poulet Lyophilis\u00e9es \u2013 Abat pour chien","description":"Treat your companion to a tasty reward: Freeze-Dried Chicken Liver Treats bring taste and energy to dogs, cats and ferrets.","robots":{"index":"index","follow":"follow","max-snippet":"max-snippet:-1","max-image-preview":"max-image-preview:large","max-video-preview":"max-video-preview:-1"},"canonical":"https:\/\/regalanimals.ch\/en\/product-2\/friandises-foie-poulet-lyophilisees\/","og_locale":"en_GB","og_type":"article","og_title":"Friandises Foie Poulet Lyophilis\u00e9es","og_description":"Offrez une r\u00e9compense savoureuse \u00e0 votre compagnon : les Friandises Foie de Poulet Lyophilis\u00e9es apportent go\u00fbt et \u00e9nergie aux chiens, chats et furets.","og_url":"https:\/\/regalanimals.ch\/en\/product-2\/friandises-foie-poulet-lyophilisees\/","og_site_name":"R\u00e9gal&#039;Animals","article_modified_time":"2026-03-22T11:59:50+00:00","og_image":[{"width":940,"height":788,"url":"https:\/\/regalanimals.ch\/wp-content\/uploads\/2025\/08\/friandises-lyophilisees-foie-poulet.webp","type":"image\/webp"}],"twitter_card":"summary_large_image","twitter_misc":{"Estimated reading time":"4 minutes"},"schema":{"@context":"https:\/\/schema.org","@graph":[{"@type":"WebPage","@id":"https:\/\/regalanimals.ch\/product\/friandises-foie-poulet-lyophilisees\/","url":"https:\/\/regalanimals.ch\/product\/friandises-foie-poulet-lyophilisees\/","name":"Friandises Foie de Poulet Lyophilis\u00e9es \u2013 Abat pour chien","isPartOf":{"@id":"https:\/\/regalanimals.ch\/#website"},"primaryImageOfPage":{"@id":"https:\/\/regalanimals.ch\/product\/friandises-foie-poulet-lyophilisees\/#primaryimage"},"image":{"@id":"https:\/\/regalanimals.ch\/product\/friandises-foie-poulet-lyophilisees\/#primaryimage"},"thumbnailUrl":"https:\/\/regalanimals.ch\/wp-content\/uploads\/2025\/08\/friandises-lyophilisees-foie-poulet.webp","datePublished":"2023-09-30T12:25:13+00:00","dateModified":"2026-03-22T11:59:50+00:00","description":"Treat your companion to a tasty reward: Freeze-Dried Chicken Liver Treats bring taste and energy to dogs, cats and ferrets.","breadcrumb":{"@id":"https:\/\/regalanimals.ch\/product\/friandises-foie-poulet-lyophilisees\/#breadcrumb"},"inLanguage":"en-GB","potentialAction":[{"@type":"ReadAction","target":["https:\/\/regalanimals.ch\/product\/friandises-foie-poulet-lyophilisees\/"]}]},{"@type":"ImageObject","inLanguage":"en-GB","@id":"https:\/\/regalanimals.ch\/product\/friandises-foie-poulet-lyophilisees\/#primaryimage","url":"https:\/\/regalanimals.ch\/wp-content\/uploads\/2025\/08\/friandises-lyophilisees-foie-poulet.webp","contentUrl":"https:\/\/regalanimals.ch\/wp-content\/uploads\/2025\/08\/friandises-lyophilisees-foie-poulet.webp","width":940,"height":788,"caption":"Friandises Foie de Poulet Lyophilis\u00e9es en petits cubes \u2013 Kiwi Walker"},{"@type":"BreadcrumbList","@id":"https:\/\/regalanimals.ch\/product\/friandises-foie-poulet-lyophilisees\/#breadcrumb","itemListElement":[{"@type":"ListItem","position":1,"name":"Home","item":"https:\/\/regalanimals.ch\/"},{"@type":"ListItem","position":2,"name":"Boutique","item":"https:\/\/regalanimals.ch\/shop\/"},{"@type":"ListItem","position":3,"name":"Friandises Foie Poulet Lyophilis\u00e9es"}]},{"@type":"WebSite","@id":"https:\/\/regalanimals.ch\/#website","url":"https:\/\/regalanimals.ch\/","name":"Animals Feast","description":"Quality food and supplies for cats, dogs and ferrets","publisher":{"@id":"https:\/\/regalanimals.ch\/#organization"},"potentialAction":[{"@type":"SearchAction","target":{"@type":"EntryPoint","urlTemplate":"https:\/\/regalanimals.ch\/?s={search_term_string}"},"query-input":{"@type":"PropertyValueSpecification","valueRequired":true,"valueName":"search_term_string"}}],"inLanguage":"en-GB"},{"@type":"Organization","@id":"https:\/\/regalanimals.ch\/#organization","name":"Animals Feast","url":"https:\/\/regalanimals.ch\/","logo":{"@type":"ImageObject","inLanguage":"en-GB","@id":"https:\/\/regalanimals.ch\/#\/schema\/logo\/image\/","url":"https:\/\/regalanimals.ch\/wp-content\/uploads\/2025\/04\/cropped-Logo-site-e1744634610403-1.webp","contentUrl":"https:\/\/regalanimals.ch\/wp-content\/uploads\/2025\/04\/cropped-Logo-site-e1744634610403-1.webp","width":512,"height":512,"caption":"R\u00e9gal Animals"},"image":{"@id":"https:\/\/regalanimals.ch\/#\/schema\/logo\/image\/"}}]}},"_links":{"self":[{"href":"https:\/\/regalanimals.ch\/en\/wp-json\/wp\/v2\/product\/30564","targetHints":{"allow":["GET"]}}],"collection":[{"href":"https:\/\/regalanimals.ch\/en\/wp-json\/wp\/v2\/product"}],"about":[{"href":"https:\/\/regalanimals.ch\/en\/wp-json\/wp\/v2\/types\/product"}],"replies":[{"embeddable":true,"href":"https:\/\/regalanimals.ch\/en\/wp-json\/wp\/v2\/comments?post=30564"}],"wp:featuredmedia":[{"embeddable":true,"href":"https:\/\/regalanimals.ch\/en\/wp-json\/wp\/v2\/media\/38112"}],"wp:attachment":[{"href":"https:\/\/regalanimals.ch\/en\/wp-json\/wp\/v2\/media?parent=30564"}],"wp:term":[{"taxonomy":"product_brand","embeddable":true,"href":"https:\/\/regalanimals.ch\/en\/wp-json\/wp\/v2\/product_brand?post=30564"},{"taxonomy":"product_cat","embeddable":true,"href":"https:\/\/regalanimals.ch\/en\/wp-json\/wp\/v2\/product_cat?post=30564"},{"taxonomy":"product_tag","embeddable":true,"href":"https:\/\/regalanimals.ch\/en\/wp-json\/wp\/v2\/product_tag?post=30564"}],"curies":[{"name":"wp","href":"https:\/\/api.w.org\/{rel}","templated":true}]}}