{"id":30586,"date":"2023-09-30T15:39:06","date_gmt":"2023-09-30T13:39:06","guid":{"rendered":"https:\/\/regalanimals.geekworkers.dev\/?post_type=product&#038;p=30586"},"modified":"2026-03-30T17:57:29","modified_gmt":"2026-03-30T15:57:29","slug":"friandises-crevettes-lyophilisees","status":"publish","type":"product","link":"https:\/\/regalanimals.ch\/en\/product\/friandises-crevettes-lyophilisees\/","title":{"rendered":"Freeze-dried prawn treats"},"content":{"rendered":"<h2 data-start=\"1090\" data-end=\"1145\">Kiwi Walker Freeze-Dried Shrimp Treats \ud83e\udd90\ud83d\udc3e<\/h2>\n<h3 data-start=\"1146\" data-end=\"1203\">A 100% natural treat for dogs and cats \ud83c\udf3f<\/h3>\n<p data-start=\"1205\" data-end=\"1673\">Kiwi Walker Freeze-Dried Prawn Treats offer a healthy, delicious and very nutrient-rich snack.<br data-start=\"1322\" data-end=\"1325\" \/>Made with only whole shrimp, they are perfectly suitable for dogs and cats \u2014 even those with sensitive stomachs.<br data-start=\"1464\" data-end=\"1467\" \/>Rich in vitamins B12 and D, they also provide omega 3 essential for skin, coat and overall vitality.<br data-start=\"1588\" data-end=\"1591\" \/>Thus, your companion enjoys a natural, digestible and delicious treat.<\/p>\n<hr data-start=\"1675\" data-end=\"1678\" \/>\n<h2 data-start=\"1680\" data-end=\"1744\">Freeze-dried shrimp to preserve all their flavor \ud83d\udc4c<\/h2>\n<p data-start=\"1746\" data-end=\"2225\">Freeze-drying, or \u201cfreeze-dried raw\u201d, allows the qualities of fresh shrimp to be fully preserved.<br data-start=\"1858\" data-end=\"1861\" \/>First, a primary drying process removes water in the form of ice by sublimation.<br data-start=\"1939\" data-end=\"1942\" \/>Next, a secondary drying process removes the remaining moisture through desorption.<br data-start=\"2023\" data-end=\"2026\" \/>Thanks to this gentle process, the color, texture, aroma and nutrients are preserved.<br data-start=\"2116\" data-end=\"2119\" \/>As a result, each treat offers an authentic taste accompanied by excellent nutritional value.<\/p>\n<hr data-start=\"2227\" data-end=\"2230\" \/>\n<h2 data-start=\"2232\" data-end=\"2269\">A healthy and light treat \ud83e\udd90<\/h2>\n<p data-start=\"2271\" data-end=\"2599\">Shrimp are naturally rich in protein and very low in calories.<br data-start=\"2352\" data-end=\"2355\" \/>They are therefore perfectly suited to animals on a controlled diet.<br data-start=\"2430\" data-end=\"2433\" \/>In addition, they are easy to digest and suitable for older or sensitive animals.<br data-start=\"2518\" data-end=\"2521\" \/>In short, they are small, healthy, tasty and very appetizing bites.<\/p>\n<hr data-start=\"2601\" data-end=\"2604\" \/>\n<h2 data-start=\"388\" data-end=\"415\">\ud83d\udc3e Frequently Asked Questions<\/h2>\n<h3 data-start=\"416\" data-end=\"550\">\u2753 Still hesitating? Here are the answers to the most common questions about Kiwi Walker Freeze-Dried Prawn Treats.<\/h3>\n<h4 data-start=\"552\" data-end=\"599\">\u27a1\ufe0f Which animals are these treats suitable for?<\/h4>\n<p data-start=\"601\" data-end=\"864\">They are very suitable for dogs and cats, as shrimp are digestible and rich in natural proteins.<br data-start=\"720\" data-end=\"723\" \/>For ferrets, they can be offered occasionally and in small quantities, as some ferrets tolerate crustaceans less well.<\/p>\n<h4 data-start=\"866\" data-end=\"915\">\u27a1\ufe0f Why choose freeze-dried treats?<\/h4>\n<p data-start=\"917\" data-end=\"1129\">Freeze-drying preserves the aroma, texture and nutrients of the fresh product without cooking or preservatives.<br data-start=\"1040\" data-end=\"1043\" \/>Thus, your pet enjoys a natural, tasty and easy-to-digest treat.<\/p>\n<hr data-start=\"1131\" data-end=\"1134\" \/>\n<h2 data-start=\"1136\" data-end=\"1166\">\ud83d\udca6 R\u00e9gal&#039;Animals Advice \ud83d\udc9a<\/h2>\n<p data-start=\"1168\" data-end=\"1343\">Rehydrate some shrimp with a little warm water if your pet is not drinking much.<br data-start=\"1250\" data-end=\"1253\" \/>This trick improves hydration while preserving the natural taste of the treats \ud83d\udc9a<\/p>\n<hr data-start=\"1345\" data-end=\"1348\" \/>\n<h4 data-start=\"1350\" data-end=\"1406\">\u27a1\ufe0f Can these treats be included in a BARF diet?<\/h4>\n<p data-start=\"1408\" data-end=\"1514\">Yes, these 100% natural % shrimp fit perfectly into a BARF diet or a raw food diet.<\/p>\n<h4 data-start=\"1516\" data-end=\"1539\">\u27a1\ufe0f How to serve them?<\/h4>\n<p data-start=\"1541\" data-end=\"1734\">Serve them dry for a crunchy effect or rehydrate them for 1 to 5 minutes for a softer texture.<br data-start=\"1651\" data-end=\"1654\" \/>In summer, you can also serve them iced for a refreshing treat.<\/p>\n<h4 data-start=\"1736\" data-end=\"1762\">\u27a1\ufe0f How to store them?<\/h4>\n<p data-start=\"1764\" data-end=\"1898\">Keep the jar closed in a dry place.<br data-start=\"1804\" data-end=\"1807\" \/>The airtight lid helps to keep them crisp and fresh for longer.<\/p>\n<h4>Composition<\/h4>\n<p>100% shrimp<\/p>\n<h4>Analytical constituents<\/h4>\n<p>Crude protein: 65.8 %<br data-start=\"794\" data-end=\"797\" \/>Crude fat: 0.5 %<br data-start=\"828\" data-end=\"831\" \/>Raw mineral materials: 5.3 %<br data-start=\"864\" data-end=\"867\" \/>Raw fibers: 2 %<br data-start=\"886\" data-end=\"889\" \/>Humidity: 2.4 %<\/p>\n<p><a href=\"https:\/\/regalanimals.ch\/en\/product-2\/friandises-foie-poulet-lyophilisees\/\">Suggestion for him<\/a><\/p>","protected":false},"excerpt":{"rendered":"<p>Friandises Crevettes Lyophilis\u00e9es Kiwi Walker \ud83e\udd90\ud83d\udc3e Une bouch\u00e9e 100 % naturelle pour chiens et chats \ud83c\udf3f Les Friandises Crevettes Lyophilis\u00e9es Kiwi Walker offrent une collation saine, gourmande et tr\u00e8s riche en nutriments.Compos\u00e9es uniquement de crevettes enti\u00e8res, elles conviennent parfaitement aux chiens et aux chats \u2014 m\u00eame \u00e0 ceux ayant un estomac sensible.Riches en vitamines B12 [&hellip;]<\/p>\n","protected":false},"featured_media":38121,"menu_order":0,"comment_status":"open","ping_status":"closed","template":"","meta":[],"product_brand":[],"product_cat":[89,24,333,213,197,90,224],"product_tag":[],"class_list":{"0":"post-30586","1":"product","2":"type-product","3":"status-publish","4":"has-post-thumbnail","6":"product_cat-chats","7":"product_cat-chiens","8":"product_cat-friandises-furet","9":"product_cat-friandises-pour-chats","10":"product_cat-friandises-pour-chiens","11":"product_cat-furets","12":"product_cat-promotions","14":"first","15":"instock","16":"sale","17":"taxable","18":"shipping-taxable","19":"purchasable","20":"product-type-variable"},"yoast_head":"<!-- This site is optimized with the Yoast SEO Premium plugin v27.3 (Yoast SEO v27.3) - https:\/\/yoast.com\/product\/yoast-seo-premium-wordpress\/ -->\n<title>Friandises Crevettes Lyophilis\u00e9es \u2013 R\u00e9compense naturelle<\/title>\n<meta name=\"description\" content=\"Friandises crevettes lyophilis\u00e9es pour chiens et chats : naturelles, riches en prot\u00e9ines et l\u00e9g\u00e8res en calories. La r\u00e9compense id\u00e9ale au quotidien.\" \/>\n<meta name=\"robots\" content=\"index, follow, max-snippet:-1, max-image-preview:large, max-video-preview:-1\" \/>\n<link rel=\"canonical\" href=\"https:\/\/regalanimals.ch\/en\/product-2\/friandises-crevettes-lyophilisees\/\" \/>\n<meta property=\"og:locale\" content=\"en_GB\" \/>\n<meta property=\"og:type\" content=\"article\" \/>\n<meta property=\"og:title\" content=\"Friandises Crevettes Lyophilis\u00e9es\" \/>\n<meta property=\"og:description\" content=\"Friandises crevettes lyophilis\u00e9es pour chiens et chats : naturelles, riches en prot\u00e9ines et l\u00e9g\u00e8res en calories. La r\u00e9compense id\u00e9ale au quotidien.\" \/>\n<meta property=\"og:url\" content=\"https:\/\/regalanimals.ch\/en\/product-2\/friandises-crevettes-lyophilisees\/\" \/>\n<meta property=\"og:site_name\" content=\"R\u00e9gal&#039;Animals\" \/>\n<meta property=\"article:modified_time\" content=\"2026-03-30T15:57:29+00:00\" \/>\n<meta property=\"og:image\" content=\"https:\/\/regalanimals.ch\/wp-content\/uploads\/2025\/08\/Friandises-crevettes-lyophilisees.webp\" \/>\n\t<meta property=\"og:image:width\" content=\"940\" \/>\n\t<meta property=\"og:image:height\" content=\"788\" \/>\n\t<meta property=\"og:image:type\" content=\"image\/webp\" \/>\n<meta name=\"twitter:card\" content=\"summary_large_image\" \/>\n<meta name=\"twitter:label1\" content=\"Estimated reading time\" \/>\n\t<meta name=\"twitter:data1\" content=\"3 minutes\" \/>\n<script type=\"application\/ld+json\" class=\"yoast-schema-graph\">{\"@context\":\"https:\\\/\\\/schema.org\",\"@graph\":[{\"@type\":\"WebPage\",\"@id\":\"https:\\\/\\\/regalanimals.ch\\\/product\\\/friandises-crevettes-lyophilisees\\\/\",\"url\":\"https:\\\/\\\/regalanimals.ch\\\/product\\\/friandises-crevettes-lyophilisees\\\/\",\"name\":\"Friandises Crevettes Lyophilis\u00e9es \u2013 R\u00e9compense naturelle\",\"isPartOf\":{\"@id\":\"https:\\\/\\\/regalanimals.ch\\\/#website\"},\"primaryImageOfPage\":{\"@id\":\"https:\\\/\\\/regalanimals.ch\\\/product\\\/friandises-crevettes-lyophilisees\\\/#primaryimage\"},\"image\":{\"@id\":\"https:\\\/\\\/regalanimals.ch\\\/product\\\/friandises-crevettes-lyophilisees\\\/#primaryimage\"},\"thumbnailUrl\":\"https:\\\/\\\/regalanimals.ch\\\/wp-content\\\/uploads\\\/2025\\\/08\\\/Friandises-crevettes-lyophilisees.webp\",\"datePublished\":\"2023-09-30T13:39:06+00:00\",\"dateModified\":\"2026-03-30T15:57:29+00:00\",\"description\":\"Friandises crevettes lyophilis\u00e9es pour chiens et chats : naturelles, riches en prot\u00e9ines et l\u00e9g\u00e8res en calories. La r\u00e9compense id\u00e9ale au quotidien.\",\"breadcrumb\":{\"@id\":\"https:\\\/\\\/regalanimals.ch\\\/product\\\/friandises-crevettes-lyophilisees\\\/#breadcrumb\"},\"inLanguage\":\"en-GB\",\"potentialAction\":[{\"@type\":\"ReadAction\",\"target\":[\"https:\\\/\\\/regalanimals.ch\\\/product\\\/friandises-crevettes-lyophilisees\\\/\"]}]},{\"@type\":\"ImageObject\",\"inLanguage\":\"en-GB\",\"@id\":\"https:\\\/\\\/regalanimals.ch\\\/product\\\/friandises-crevettes-lyophilisees\\\/#primaryimage\",\"url\":\"https:\\\/\\\/regalanimals.ch\\\/wp-content\\\/uploads\\\/2025\\\/08\\\/Friandises-crevettes-lyophilisees.webp\",\"contentUrl\":\"https:\\\/\\\/regalanimals.ch\\\/wp-content\\\/uploads\\\/2025\\\/08\\\/Friandises-crevettes-lyophilisees.webp\",\"width\":940,\"height\":788,\"caption\":\"Friandises crevettes lyophilis\u00e9es.\"},{\"@type\":\"BreadcrumbList\",\"@id\":\"https:\\\/\\\/regalanimals.ch\\\/product\\\/friandises-crevettes-lyophilisees\\\/#breadcrumb\",\"itemListElement\":[{\"@type\":\"ListItem\",\"position\":1,\"name\":\"Home\",\"item\":\"https:\\\/\\\/regalanimals.ch\\\/\"},{\"@type\":\"ListItem\",\"position\":2,\"name\":\"Boutique\",\"item\":\"https:\\\/\\\/regalanimals.ch\\\/shop\\\/\"},{\"@type\":\"ListItem\",\"position\":3,\"name\":\"Friandises Crevettes Lyophilis\u00e9es\"}]},{\"@type\":\"WebSite\",\"@id\":\"https:\\\/\\\/regalanimals.ch\\\/#website\",\"url\":\"https:\\\/\\\/regalanimals.ch\\\/\",\"name\":\"R\u00e9gal Animals\",\"description\":\"Alimentation et articles de qualit\u00e9 pour chats, chiens et furets\",\"publisher\":{\"@id\":\"https:\\\/\\\/regalanimals.ch\\\/#organization\"},\"potentialAction\":[{\"@type\":\"SearchAction\",\"target\":{\"@type\":\"EntryPoint\",\"urlTemplate\":\"https:\\\/\\\/regalanimals.ch\\\/?s={search_term_string}\"},\"query-input\":{\"@type\":\"PropertyValueSpecification\",\"valueRequired\":true,\"valueName\":\"search_term_string\"}}],\"inLanguage\":\"en-GB\"},{\"@type\":\"Organization\",\"@id\":\"https:\\\/\\\/regalanimals.ch\\\/#organization\",\"name\":\"R\u00e9gal Animals\",\"url\":\"https:\\\/\\\/regalanimals.ch\\\/\",\"logo\":{\"@type\":\"ImageObject\",\"inLanguage\":\"en-GB\",\"@id\":\"https:\\\/\\\/regalanimals.ch\\\/#\\\/schema\\\/logo\\\/image\\\/\",\"url\":\"https:\\\/\\\/regalanimals.ch\\\/wp-content\\\/uploads\\\/2025\\\/04\\\/cropped-Logo-site-e1744634610403-1.webp\",\"contentUrl\":\"https:\\\/\\\/regalanimals.ch\\\/wp-content\\\/uploads\\\/2025\\\/04\\\/cropped-Logo-site-e1744634610403-1.webp\",\"width\":512,\"height\":512,\"caption\":\"R\u00e9gal Animals\"},\"image\":{\"@id\":\"https:\\\/\\\/regalanimals.ch\\\/#\\\/schema\\\/logo\\\/image\\\/\"}}]}<\/script>\n<!-- \/ Yoast SEO Premium plugin. -->","yoast_head_json":{"title":"Freeze-Dried Shrimp Treats \u2013 A Natural Reward","description":"Freeze-dried shrimp treats for dogs and cats: natural, high in protein and low in calories. The perfect daily reward.","robots":{"index":"index","follow":"follow","max-snippet":"max-snippet:-1","max-image-preview":"max-image-preview:large","max-video-preview":"max-video-preview:-1"},"canonical":"https:\/\/regalanimals.ch\/en\/product-2\/friandises-crevettes-lyophilisees\/","og_locale":"en_GB","og_type":"article","og_title":"Friandises Crevettes Lyophilis\u00e9es","og_description":"Friandises crevettes lyophilis\u00e9es pour chiens et chats : naturelles, riches en prot\u00e9ines et l\u00e9g\u00e8res en calories. La r\u00e9compense id\u00e9ale au quotidien.","og_url":"https:\/\/regalanimals.ch\/en\/product-2\/friandises-crevettes-lyophilisees\/","og_site_name":"R\u00e9gal&#039;Animals","article_modified_time":"2026-03-30T15:57:29+00:00","og_image":[{"width":940,"height":788,"url":"https:\/\/regalanimals.ch\/wp-content\/uploads\/2025\/08\/Friandises-crevettes-lyophilisees.webp","type":"image\/webp"}],"twitter_card":"summary_large_image","twitter_misc":{"Estimated reading time":"3 minutes"},"schema":{"@context":"https:\/\/schema.org","@graph":[{"@type":"WebPage","@id":"https:\/\/regalanimals.ch\/product\/friandises-crevettes-lyophilisees\/","url":"https:\/\/regalanimals.ch\/product\/friandises-crevettes-lyophilisees\/","name":"Freeze-Dried Shrimp Treats \u2013 A Natural Reward","isPartOf":{"@id":"https:\/\/regalanimals.ch\/#website"},"primaryImageOfPage":{"@id":"https:\/\/regalanimals.ch\/product\/friandises-crevettes-lyophilisees\/#primaryimage"},"image":{"@id":"https:\/\/regalanimals.ch\/product\/friandises-crevettes-lyophilisees\/#primaryimage"},"thumbnailUrl":"https:\/\/regalanimals.ch\/wp-content\/uploads\/2025\/08\/Friandises-crevettes-lyophilisees.webp","datePublished":"2023-09-30T13:39:06+00:00","dateModified":"2026-03-30T15:57:29+00:00","description":"Freeze-dried shrimp treats for dogs and cats: natural, high in protein and low in calories. The perfect daily reward.","breadcrumb":{"@id":"https:\/\/regalanimals.ch\/product\/friandises-crevettes-lyophilisees\/#breadcrumb"},"inLanguage":"en-GB","potentialAction":[{"@type":"ReadAction","target":["https:\/\/regalanimals.ch\/product\/friandises-crevettes-lyophilisees\/"]}]},{"@type":"ImageObject","inLanguage":"en-GB","@id":"https:\/\/regalanimals.ch\/product\/friandises-crevettes-lyophilisees\/#primaryimage","url":"https:\/\/regalanimals.ch\/wp-content\/uploads\/2025\/08\/Friandises-crevettes-lyophilisees.webp","contentUrl":"https:\/\/regalanimals.ch\/wp-content\/uploads\/2025\/08\/Friandises-crevettes-lyophilisees.webp","width":940,"height":788,"caption":"Friandises crevettes lyophilis\u00e9es."},{"@type":"BreadcrumbList","@id":"https:\/\/regalanimals.ch\/product\/friandises-crevettes-lyophilisees\/#breadcrumb","itemListElement":[{"@type":"ListItem","position":1,"name":"Home","item":"https:\/\/regalanimals.ch\/"},{"@type":"ListItem","position":2,"name":"Boutique","item":"https:\/\/regalanimals.ch\/shop\/"},{"@type":"ListItem","position":3,"name":"Friandises Crevettes Lyophilis\u00e9es"}]},{"@type":"WebSite","@id":"https:\/\/regalanimals.ch\/#website","url":"https:\/\/regalanimals.ch\/","name":"Animals Feast","description":"Quality food and supplies for cats, dogs and ferrets","publisher":{"@id":"https:\/\/regalanimals.ch\/#organization"},"potentialAction":[{"@type":"SearchAction","target":{"@type":"EntryPoint","urlTemplate":"https:\/\/regalanimals.ch\/?s={search_term_string}"},"query-input":{"@type":"PropertyValueSpecification","valueRequired":true,"valueName":"search_term_string"}}],"inLanguage":"en-GB"},{"@type":"Organization","@id":"https:\/\/regalanimals.ch\/#organization","name":"Animals Feast","url":"https:\/\/regalanimals.ch\/","logo":{"@type":"ImageObject","inLanguage":"en-GB","@id":"https:\/\/regalanimals.ch\/#\/schema\/logo\/image\/","url":"https:\/\/regalanimals.ch\/wp-content\/uploads\/2025\/04\/cropped-Logo-site-e1744634610403-1.webp","contentUrl":"https:\/\/regalanimals.ch\/wp-content\/uploads\/2025\/04\/cropped-Logo-site-e1744634610403-1.webp","width":512,"height":512,"caption":"R\u00e9gal Animals"},"image":{"@id":"https:\/\/regalanimals.ch\/#\/schema\/logo\/image\/"}}]}},"_links":{"self":[{"href":"https:\/\/regalanimals.ch\/en\/wp-json\/wp\/v2\/product\/30586","targetHints":{"allow":["GET"]}}],"collection":[{"href":"https:\/\/regalanimals.ch\/en\/wp-json\/wp\/v2\/product"}],"about":[{"href":"https:\/\/regalanimals.ch\/en\/wp-json\/wp\/v2\/types\/product"}],"replies":[{"embeddable":true,"href":"https:\/\/regalanimals.ch\/en\/wp-json\/wp\/v2\/comments?post=30586"}],"wp:featuredmedia":[{"embeddable":true,"href":"https:\/\/regalanimals.ch\/en\/wp-json\/wp\/v2\/media\/38121"}],"wp:attachment":[{"href":"https:\/\/regalanimals.ch\/en\/wp-json\/wp\/v2\/media?parent=30586"}],"wp:term":[{"taxonomy":"product_brand","embeddable":true,"href":"https:\/\/regalanimals.ch\/en\/wp-json\/wp\/v2\/product_brand?post=30586"},{"taxonomy":"product_cat","embeddable":true,"href":"https:\/\/regalanimals.ch\/en\/wp-json\/wp\/v2\/product_cat?post=30586"},{"taxonomy":"product_tag","embeddable":true,"href":"https:\/\/regalanimals.ch\/en\/wp-json\/wp\/v2\/product_tag?post=30586"}],"curies":[{"name":"wp","href":"https:\/\/api.w.org\/{rel}","templated":true}]}}