{"id":30603,"date":"2023-10-01T12:42:12","date_gmt":"2023-10-01T10:42:12","guid":{"rendered":"https:\/\/regalanimals.geekworkers.dev\/?post_type=product&#038;p=30603"},"modified":"2026-03-22T09:38:17","modified_gmt":"2026-03-22T08:38:17","slug":"corne-buffle","status":"publish","type":"product","link":"https:\/\/regalanimals.ch\/en\/product\/corne-buffle\/","title":{"rendered":"Buffalo horn"},"content":{"rendered":"<h2 data-start=\"0\" data-end=\"606\">Corne de Buffle pour chien \ud83d\udc03<\/h2>\n<p data-start=\"0\" data-end=\"606\">La Corne de Buffle est un article \u00e0 ronger 100 % naturel destin\u00e9 aux chiens amateurs de mastication intense. Ainsi, elle r\u00e9pond parfaitement aux besoins des chiens qui aiment relever de vrais d\u00e9fis. Sa structure riche en k\u00e9ratine lui conf\u00e8re une grande solidit\u00e9. En effet, elle r\u00e9siste durablement aux m\u00e2cheurs les plus d\u00e9termin\u00e9s. Son parfum naturel attire rapidement l\u2019attention du chien. Ensuite, chaque s\u00e9ance de mastication devient un moment de plaisir instinctif et prolong\u00e9.<\/p>\n<h3 data-start=\"168\" data-end=\"648\">Tailles disponibles et races conseill\u00e9es \ud83e\uddb4\ud83d\udc36<\/h3>\n<p data-start=\"168\" data-end=\"648\">La Corne de Buffle est disponible en plusieurs formats afin de s\u2019adapter au gabarit et \u00e0 la puissance de mastication de chaque chien. Comme il s\u2019agit d\u2019un article naturel tr\u00e8s dense, le poids peut l\u00e9g\u00e8rement varier d\u2019une pi\u00e8ce \u00e0 l\u2019autre. Ainsi, il est essentiel de choisir une taille adapt\u00e9e \u00e0 la m\u00e2choire du chien. En pratique, privil\u00e9gie toujours une bonne prise en bouche pour garantir confort et s\u00e9curit\u00e9 pendant la mastication.<\/p>\n<div class=\"TyagGW_tableContainer\">\n<div class=\"group TyagGW_tableWrapper flex w-fit flex-col-reverse\" tabindex=\"-1\">\n<table class=\"w-fit min-w-(--thread-content-width)\" data-start=\"650\" data-end=\"1186\">\n<thead data-start=\"650\" data-end=\"719\">\n<tr data-start=\"650\" data-end=\"719\">\n<th data-start=\"650\" data-end=\"659\" data-col-size=\"sm\">Taille<\/th>\n<th data-start=\"659\" data-end=\"680\" data-col-size=\"sm\">Poids approximatif<\/th>\n<th data-start=\"680\" data-end=\"698\" data-col-size=\"sm\">Pour chiens de\u2026<\/th>\n<th data-start=\"698\" data-end=\"719\" data-col-size=\"md\">Exemples de races<\/th>\n<\/tr>\n<\/thead>\n<tbody data-start=\"783\" data-end=\"1186\">\n<tr data-start=\"783\" data-end=\"850\">\n<td data-start=\"783\" data-end=\"788\" data-col-size=\"sm\">XS<\/td>\n<td data-col-size=\"sm\" data-start=\"788\" data-end=\"797\">\u2265 30 g<\/td>\n<td data-col-size=\"sm\" data-start=\"797\" data-end=\"814\">jusqu\u2019\u00e0 3\u20134 kg<\/td>\n<td data-col-size=\"md\" data-start=\"814\" data-end=\"850\">Chihuahua, Spitz nain, Yorkshire<\/td>\n<\/tr>\n<tr data-start=\"851\" data-end=\"913\">\n<td data-start=\"851\" data-end=\"855\" data-col-size=\"sm\">S<\/td>\n<td data-start=\"855\" data-end=\"865\" data-col-size=\"sm\">\u2265 100 g<\/td>\n<td data-col-size=\"sm\" data-start=\"865\" data-end=\"876\">4 \u00e0 8 kg<\/td>\n<td data-col-size=\"md\" data-start=\"876\" data-end=\"913\">Jack Russell, Carlin, Teckel mini<\/td>\n<\/tr>\n<tr data-start=\"914\" data-end=\"969\">\n<td data-start=\"914\" data-end=\"918\" data-col-size=\"sm\">M<\/td>\n<td data-start=\"918\" data-end=\"928\" data-col-size=\"sm\">\u2265 200 g<\/td>\n<td data-col-size=\"sm\" data-start=\"928\" data-end=\"940\">8 \u00e0 15 kg<\/td>\n<td data-col-size=\"md\" data-start=\"940\" data-end=\"969\">Cocker, Beagle, Shiba Inu<\/td>\n<\/tr>\n<tr data-start=\"970\" data-end=\"1042\">\n<td data-start=\"970\" data-end=\"974\" data-col-size=\"sm\">L<\/td>\n<td data-col-size=\"sm\" data-start=\"974\" data-end=\"984\">\u2265 300 g<\/td>\n<td data-col-size=\"sm\" data-start=\"984\" data-end=\"997\">15 \u00e0 25 kg<\/td>\n<td data-col-size=\"md\" data-start=\"997\" data-end=\"1042\">Border Collie, Berger Australien, Staffie<\/td>\n<\/tr>\n<tr data-start=\"1043\" data-end=\"1108\">\n<td data-start=\"1043\" data-end=\"1048\" data-col-size=\"sm\">XL<\/td>\n<td data-start=\"1048\" data-end=\"1058\" data-col-size=\"sm\">\u2265 400 g<\/td>\n<td data-start=\"1058\" data-end=\"1071\" data-col-size=\"sm\">25 \u00e0 35 kg<\/td>\n<td data-col-size=\"md\" data-start=\"1071\" data-end=\"1108\">Labrador, Golden Retriever, Boxer<\/td>\n<\/tr>\n<tr data-start=\"1109\" data-end=\"1186\">\n<td data-start=\"1109\" data-end=\"1117\" data-col-size=\"sm\">GIANT<\/td>\n<td data-col-size=\"sm\" data-start=\"1117\" data-end=\"1127\">\u2265 450 g<\/td>\n<td data-col-size=\"sm\" data-start=\"1127\" data-end=\"1143\">plus de 35 kg<\/td>\n<td data-col-size=\"md\" data-start=\"1143\" data-end=\"1186\">Malinois, Rottweiler, Cane Corso, Dogue<\/td>\n<\/tr>\n<\/tbody>\n<\/table>\n<\/div>\n<\/div>\n<p data-start=\"1188\" data-end=\"1522\">Ton chien doit toujours avoir acc\u00e8s \u00e0 de l\u2019eau fra\u00eeche pendant la mastication. Ainsi, il m\u00e2che dans de bonnes conditions. Comme pour tous les articles solides, une surveillance reste indispensable. Ensuite, retire la Corne de Buffle d\u00e8s l\u2019apparition de fissures ou d\u2019usure excessive afin de garantir une mastication en toute s\u00e9curit\u00e9.<\/p>\n<h2 data-start=\"608\" data-end=\"1163\">Mastication longue et b\u00e9n\u00e9fices dentaires \ud83e\uddb7<\/h2>\n<p data-start=\"608\" data-end=\"1163\">La Corne de Buffle ne se limite pas \u00e0 une simple occupation. En effet, elle contribue activement \u00e0 l\u2019hygi\u00e8ne bucco-dentaire du chien. La friction naturelle de la k\u00e9ratine aide \u00e0 nettoyer les dents. Ainsi, la plaque dentaire se r\u00e9duit progressivement. Par cons\u00e9quent, la formation du tartre est limit\u00e9e. Par ailleurs, la mastication r\u00e9guli\u00e8re renforce les muscles de la m\u00e2choire. Enfin, sa faible teneur en mati\u00e8res grasses convient aux chiens devant surveiller leur poids.<\/p>\n<h2 data-start=\"1165\" data-end=\"1699\">Origine naturelle et d\u00e9marche responsable \ud83c\udf3f<\/h2>\n<p data-start=\"1165\" data-end=\"1699\">Les Cornes de Buffle proviennent de buffles d\u2019eau \u00e9lev\u00e9s en libert\u00e9 dans le nord de l\u2019Inde. Ainsi, leur origine respecte le bien-\u00eatre animal. Elles sont issues d\u2019un sous-produit agricole. Par cons\u00e9quent, cette friandise s\u2019inscrit dans une d\u00e9marche durable et responsable. Chaque corne est soigneusement nettoy\u00e9e, s\u00e9lectionn\u00e9e et taill\u00e9e. En effet, aucun traitement chimique n\u2019est appliqu\u00e9. En somme, tu offres \u00e0 ton chien une friandise naturelle, s\u00fbre et unique par sa forme.<\/p>\n<h3 data-start=\"2063\" data-end=\"2351\">Foire aux questions sur la Corne de Buffle \ud83d\udc3e<\/h3>\n<p data-start=\"2063\" data-end=\"2351\">Retrouvez ici les r\u00e9ponses aux questions les plus fr\u00e9quentes concernant l\u2019utilisation, la s\u00e9curit\u00e9 et les avantages de la Corne de Buffle .<\/p>\n<h4 data-start=\"2063\" data-end=\"2351\">\u27a1\ufe0f Qu\u2019est-ce qu\u2019une Corne de Buffle pour chien ?<\/h4>\n<p data-start=\"2063\" data-end=\"2351\">La Corne de Buffle est une corne naturelle de buffle d\u2019eau. Elle est simplement s\u00e9ch\u00e9e puis taill\u00e9e. Ainsi, elle ne contient aucun additif ni conservateur.<\/p>\n<h4 data-start=\"2063\" data-end=\"2351\">\u27a1\ufe0f Quels sont les bienfaits pour mon chien ?<\/h4>\n<p data-start=\"2353\" data-end=\"2650\">La Corne de Buffle aide \u00e0 nettoyer les dents. Ainsi, elle favorise une meilleure hygi\u00e8ne bucco-dentaire. Par ailleurs, elle renforce la m\u00e2choire et occupe durablement le chien. Enfin, elle est riche en prot\u00e9ines et tr\u00e8s pauvre en mati\u00e8res grasses.<\/p>\n<hr data-start=\"2651\" data-end=\"2693\" \/>\n<h3 data-start=\"2694\" data-end=\"3095\">\ud83d\udca6 Conseil R\u00e9gal\u2019Animals \ud83d\udc9a<\/h3>\n<p data-start=\"2694\" data-end=\"3095\">Pour varier les plaisirs, tu peux glisser quelques croquettes ou petites friandises dans la Corne de Buffle. Ainsi, ton chien doit r\u00e9fl\u00e9chir pour les r\u00e9cup\u00e9rer. Ensuite, la mastication se prolonge naturellement. En cons\u00e9quence, cette activit\u00e9 stimule \u00e0 la fois le mental et l\u2019instinct.<\/p>\n<hr data-start=\"3096\" data-end=\"3138\" \/>\n<h4 data-start=\"3139\" data-end=\"3412\">\u27a1\ufe0f Est-ce une friandise s\u00fbre ?<\/h4>\n<p>Oui, \u00e0 condition de toujours surveiller ton chien. Toutefois, la Corne de Buffle reste tr\u00e8s dure. En cons\u00e9quence, elle peut provoquer une fracture dentaire chez les m\u00e2cheurs extr\u00eames. Retire-la imm\u00e9diatement si elle se fissure.<\/p>\n<h4 data-start=\"3414\" data-end=\"3634\">\u27a1\ufe0f Convient-elle aux chiots ?<\/h4>\n<p data-start=\"3414\" data-end=\"3634\">Non. En effet, la Corne de Buffle est trop dure pour les dents de lait. Elle convient uniquement aux chiens adultes.<\/p>\n<h4 data-start=\"3636\" data-end=\"3877\">\u27a1\ufe0f Combien de temps dure une corne ?<\/h4>\n<p data-start=\"3636\" data-end=\"3877\">La dur\u00e9e d\u00e9pend de la puissance de mastication du chien. Toutefois, elle peut durer plusieurs semaines, voire plusieurs mois.<\/p>\n<h4 data-start=\"3879\" data-end=\"4046\">\u27a1\ufe0f Comment la conserver ?<\/h4>\n<p data-start=\"3879\" data-end=\"4046\">Conserve la Corne de Buffle dans un endroit sec et frais. Ainsi, elle conserve ses qualit\u00e9s plus longtemps.<\/p>\n<p data-start=\"3893\" data-end=\"3928\"><strong>Composition<\/strong><br data-start=\"3904\" data-end=\"3907\" \/>100 % corne de buffle<\/p>\n<p data-start=\"3930\" data-end=\"4082\"><strong>Constituants analytiques<\/strong><br data-start=\"3954\" data-end=\"3957\" \/>Prot\u00e9ines brutes : 82,5 %<br data-start=\"3982\" data-end=\"3985\" \/>Huiles et graisses brutes : 4,5 %<br data-start=\"4018\" data-end=\"4021\" \/>Fibres brutes : 6 %<br data-start=\"4040\" data-end=\"4043\" \/>Cendres brutes : 0,8 %<br data-start=\"4065\" data-end=\"4068\" \/>Humidit\u00e9 : 5 %<\/p>\n<div class=\"flex flex-col text-sm pb-25\">\n<article class=\"text-token-text-primary w-full focus:outline-none [--shadow-height:45px] has-data-writing-block:pointer-events-none has-data-writing-block:-mt-(--shadow-height) has-data-writing-block:pt-(--shadow-height) [&amp;:has([data-writing-block])&gt;*]:pointer-events-auto scroll-mt-[calc(var(--header-height)+min(200px,max(70px,20svh)))]\" dir=\"auto\" tabindex=\"-1\" data-turn-id=\"1fab4614-b98d-4c4d-8db0-b52a9c5b2222\" data-testid=\"conversation-turn-10\" data-scroll-anchor=\"true\" data-turn=\"assistant\">\n<div class=\"text-base my-auto mx-auto pb-10 [--thread-content-margin:--spacing(4)] @w-sm\/main:[--thread-content-margin:--spacing(6)] @w-lg\/main:[--thread-content-margin:--spacing(16)] px-(--thread-content-margin)\">\n<div class=\"[--thread-content-max-width:40rem] @w-lg\/main:[--thread-content-max-width:48rem] mx-auto max-w-(--thread-content-max-width) flex-1 group\/turn-messages focus-visible:outline-hidden relative flex w-full min-w-0 flex-col agent-turn\" tabindex=\"-1\">\n<div class=\"flex max-w-full flex-col grow\">\n<div class=\"min-h-8 text-message relative flex w-full flex-col items-end gap-2 text-start break-words whitespace-normal [.text-message+&amp;]:mt-1\" dir=\"auto\" data-message-author-role=\"assistant\" data-message-id=\"388c83dd-b443-4888-8cdc-3e9130a22ae1\" data-message-model-slug=\"gpt-5-2\">\n<div class=\"flex w-full flex-col gap-1 empty:hidden first:pt-[1px]\">\n<div class=\"markdown prose dark:prose-invert w-full break-words light markdown-new-styling\"><\/div>\n<\/div>\n<\/div>\n<\/div>\n<div class=\"z-0 flex min-h-[46px] justify-start\"><\/div>\n<div class=\"mt-3 w-full empty:hidden\">\n<div class=\"text-center\"><\/div>\n<\/div>\n<\/div>\n<\/div>\n<\/article>\n<\/div>\n<p><a href=\"https:\/\/regalanimals.ch\/product\/sabots-boeuf-a-macher\/\">Suggestion pour lui<\/a><a href=\"https:\/\/www.facebook.com\/watch\/?v=1208803790670674\">Client satisfait!<\/a><\/p>\n","protected":false},"excerpt":{"rendered":"<p>Corne de Buffle pour chien \ud83d\udc03 La Corne de Buffle est un article \u00e0 ronger 100 % naturel destin\u00e9 aux chiens amateurs de mastication intense. Ainsi, elle r\u00e9pond parfaitement aux besoins des chiens qui aiment relever de vrais d\u00e9fis. Sa structure riche en k\u00e9ratine lui conf\u00e8re une grande solidit\u00e9. En effet, elle r\u00e9siste durablement aux [&hellip;]<\/p>\n","protected":false},"featured_media":40074,"menu_order":0,"comment_status":"open","ping_status":"closed","template":"","meta":[],"product_brand":[],"product_cat":[231,24],"product_tag":[],"class_list":{"0":"post-30603","1":"product","2":"type-product","3":"status-publish","4":"has-post-thumbnail","6":"product_cat-a-ronger","7":"product_cat-chiens","9":"first","10":"instock","11":"taxable","12":"shipping-taxable","13":"purchasable","14":"product-type-variable"},"yoast_head":"<!-- This site is optimized with the Yoast SEO Premium plugin v27.3 (Yoast SEO v27.3) - https:\/\/yoast.com\/product\/yoast-seo-premium-wordpress\/ -->\n<title>Corne de Buffle naturelle et r\u00e9sistante \u00e0 ronger<\/title>\n<meta name=\"description\" content=\"Article \u00e0 ronger robuste pour les chiens, la Corne de Buffle convient aux amateurs de d\u00e9fis et s\u2019inscrit dans une approche simple, durable et instinctive.\" \/>\n<meta name=\"robots\" content=\"index, follow, max-snippet:-1, max-image-preview:large, max-video-preview:-1\" \/>\n<link rel=\"canonical\" href=\"https:\/\/regalanimals.ch\/en\/product-2\/corne-buffle\/\" \/>\n<meta property=\"og:locale\" content=\"en_GB\" \/>\n<meta property=\"og:type\" content=\"article\" \/>\n<meta property=\"og:title\" content=\"Corne de Buffle\" \/>\n<meta property=\"og:description\" content=\"Article \u00e0 ronger robuste pour les chiens, la Corne de Buffle convient aux amateurs de d\u00e9fis et s\u2019inscrit dans une approche simple, durable et instinctive.\" \/>\n<meta property=\"og:url\" content=\"https:\/\/regalanimals.ch\/en\/product-2\/corne-buffle\/\" \/>\n<meta property=\"og:site_name\" content=\"R\u00e9gal&#039;Animals\" \/>\n<meta property=\"article:modified_time\" content=\"2026-03-22T08:38:17+00:00\" \/>\n<meta property=\"og:image\" content=\"https:\/\/regalanimals.ch\/wp-content\/uploads\/2025\/11\/corne-de-buffle.webp\" \/>\n\t<meta property=\"og:image:width\" content=\"940\" \/>\n\t<meta property=\"og:image:height\" content=\"788\" \/>\n\t<meta property=\"og:image:type\" content=\"image\/webp\" \/>\n<meta name=\"twitter:card\" content=\"summary_large_image\" \/>\n<meta name=\"twitter:label1\" content=\"Estimated reading time\" \/>\n\t<meta name=\"twitter:data1\" content=\"5 minutes\" \/>\n<script type=\"application\/ld+json\" class=\"yoast-schema-graph\">{\"@context\":\"https:\\\/\\\/schema.org\",\"@graph\":[{\"@type\":\"WebPage\",\"@id\":\"https:\\\/\\\/regalanimals.ch\\\/product\\\/corne-buffle\\\/\",\"url\":\"https:\\\/\\\/regalanimals.ch\\\/product\\\/corne-buffle\\\/\",\"name\":\"Corne de Buffle naturelle et r\u00e9sistante \u00e0 ronger\",\"isPartOf\":{\"@id\":\"https:\\\/\\\/regalanimals.ch\\\/#website\"},\"primaryImageOfPage\":{\"@id\":\"https:\\\/\\\/regalanimals.ch\\\/product\\\/corne-buffle\\\/#primaryimage\"},\"image\":{\"@id\":\"https:\\\/\\\/regalanimals.ch\\\/product\\\/corne-buffle\\\/#primaryimage\"},\"thumbnailUrl\":\"https:\\\/\\\/regalanimals.ch\\\/wp-content\\\/uploads\\\/2025\\\/11\\\/corne-de-buffle.webp\",\"datePublished\":\"2023-10-01T10:42:12+00:00\",\"dateModified\":\"2026-03-22T08:38:17+00:00\",\"description\":\"Article \u00e0 ronger robuste pour les chiens, la Corne de Buffle convient aux amateurs de d\u00e9fis et s\u2019inscrit dans une approche simple, durable et instinctive.\",\"breadcrumb\":{\"@id\":\"https:\\\/\\\/regalanimals.ch\\\/product\\\/corne-buffle\\\/#breadcrumb\"},\"inLanguage\":\"en-GB\",\"potentialAction\":[{\"@type\":\"ReadAction\",\"target\":[\"https:\\\/\\\/regalanimals.ch\\\/product\\\/corne-buffle\\\/\"]}]},{\"@type\":\"ImageObject\",\"inLanguage\":\"en-GB\",\"@id\":\"https:\\\/\\\/regalanimals.ch\\\/product\\\/corne-buffle\\\/#primaryimage\",\"url\":\"https:\\\/\\\/regalanimals.ch\\\/wp-content\\\/uploads\\\/2025\\\/11\\\/corne-de-buffle.webp\",\"contentUrl\":\"https:\\\/\\\/regalanimals.ch\\\/wp-content\\\/uploads\\\/2025\\\/11\\\/corne-de-buffle.webp\",\"width\":940,\"height\":788,\"caption\":\"Corne de buffle \u2013 Friandise robuste pour longue mastication.\"},{\"@type\":\"BreadcrumbList\",\"@id\":\"https:\\\/\\\/regalanimals.ch\\\/product\\\/corne-buffle\\\/#breadcrumb\",\"itemListElement\":[{\"@type\":\"ListItem\",\"position\":1,\"name\":\"Home\",\"item\":\"https:\\\/\\\/regalanimals.ch\\\/\"},{\"@type\":\"ListItem\",\"position\":2,\"name\":\"Boutique\",\"item\":\"https:\\\/\\\/regalanimals.ch\\\/shop\\\/\"},{\"@type\":\"ListItem\",\"position\":3,\"name\":\"Corne de Buffle\"}]},{\"@type\":\"WebSite\",\"@id\":\"https:\\\/\\\/regalanimals.ch\\\/#website\",\"url\":\"https:\\\/\\\/regalanimals.ch\\\/\",\"name\":\"R\u00e9gal Animals\",\"description\":\"Alimentation et articles de qualit\u00e9 pour chats, chiens et furets\",\"publisher\":{\"@id\":\"https:\\\/\\\/regalanimals.ch\\\/#organization\"},\"potentialAction\":[{\"@type\":\"SearchAction\",\"target\":{\"@type\":\"EntryPoint\",\"urlTemplate\":\"https:\\\/\\\/regalanimals.ch\\\/?s={search_term_string}\"},\"query-input\":{\"@type\":\"PropertyValueSpecification\",\"valueRequired\":true,\"valueName\":\"search_term_string\"}}],\"inLanguage\":\"en-GB\"},{\"@type\":\"Organization\",\"@id\":\"https:\\\/\\\/regalanimals.ch\\\/#organization\",\"name\":\"R\u00e9gal Animals\",\"url\":\"https:\\\/\\\/regalanimals.ch\\\/\",\"logo\":{\"@type\":\"ImageObject\",\"inLanguage\":\"en-GB\",\"@id\":\"https:\\\/\\\/regalanimals.ch\\\/#\\\/schema\\\/logo\\\/image\\\/\",\"url\":\"https:\\\/\\\/regalanimals.ch\\\/wp-content\\\/uploads\\\/2025\\\/07\\\/Logo-RegalAnimals.png\",\"contentUrl\":\"https:\\\/\\\/regalanimals.ch\\\/wp-content\\\/uploads\\\/2025\\\/07\\\/Logo-RegalAnimals.png\",\"width\":120,\"height\":153,\"caption\":\"R\u00e9gal Animals\"},\"image\":{\"@id\":\"https:\\\/\\\/regalanimals.ch\\\/#\\\/schema\\\/logo\\\/image\\\/\"}}]}<\/script>\n<!-- \/ Yoast SEO Premium plugin. -->","yoast_head_json":{"title":"Natural, chew-resistant buffalo horn","description":"A robust chew toy for dogs, the Buffalo Horn is suitable for those who love a challenge and fits into a simple, durable and instinctive approach.","robots":{"index":"index","follow":"follow","max-snippet":"max-snippet:-1","max-image-preview":"max-image-preview:large","max-video-preview":"max-video-preview:-1"},"canonical":"https:\/\/regalanimals.ch\/en\/product-2\/corne-buffle\/","og_locale":"en_GB","og_type":"article","og_title":"Corne de Buffle","og_description":"Article \u00e0 ronger robuste pour les chiens, la Corne de Buffle convient aux amateurs de d\u00e9fis et s\u2019inscrit dans une approche simple, durable et instinctive.","og_url":"https:\/\/regalanimals.ch\/en\/product-2\/corne-buffle\/","og_site_name":"R\u00e9gal&#039;Animals","article_modified_time":"2026-03-22T08:38:17+00:00","og_image":[{"width":940,"height":788,"url":"https:\/\/regalanimals.ch\/wp-content\/uploads\/2025\/11\/corne-de-buffle.webp","type":"image\/webp"}],"twitter_card":"summary_large_image","twitter_misc":{"Estimated reading time":"5 minutes"},"schema":{"@context":"https:\/\/schema.org","@graph":[{"@type":"WebPage","@id":"https:\/\/regalanimals.ch\/product\/corne-buffle\/","url":"https:\/\/regalanimals.ch\/product\/corne-buffle\/","name":"Natural, chew-resistant buffalo horn","isPartOf":{"@id":"https:\/\/regalanimals.ch\/#website"},"primaryImageOfPage":{"@id":"https:\/\/regalanimals.ch\/product\/corne-buffle\/#primaryimage"},"image":{"@id":"https:\/\/regalanimals.ch\/product\/corne-buffle\/#primaryimage"},"thumbnailUrl":"https:\/\/regalanimals.ch\/wp-content\/uploads\/2025\/11\/corne-de-buffle.webp","datePublished":"2023-10-01T10:42:12+00:00","dateModified":"2026-03-22T08:38:17+00:00","description":"A robust chew toy for dogs, the Buffalo Horn is suitable for those who love a challenge and fits into a simple, durable and instinctive approach.","breadcrumb":{"@id":"https:\/\/regalanimals.ch\/product\/corne-buffle\/#breadcrumb"},"inLanguage":"en-GB","potentialAction":[{"@type":"ReadAction","target":["https:\/\/regalanimals.ch\/product\/corne-buffle\/"]}]},{"@type":"ImageObject","inLanguage":"en-GB","@id":"https:\/\/regalanimals.ch\/product\/corne-buffle\/#primaryimage","url":"https:\/\/regalanimals.ch\/wp-content\/uploads\/2025\/11\/corne-de-buffle.webp","contentUrl":"https:\/\/regalanimals.ch\/wp-content\/uploads\/2025\/11\/corne-de-buffle.webp","width":940,"height":788,"caption":"Corne de buffle \u2013 Friandise robuste pour longue mastication."},{"@type":"BreadcrumbList","@id":"https:\/\/regalanimals.ch\/product\/corne-buffle\/#breadcrumb","itemListElement":[{"@type":"ListItem","position":1,"name":"Home","item":"https:\/\/regalanimals.ch\/"},{"@type":"ListItem","position":2,"name":"Boutique","item":"https:\/\/regalanimals.ch\/shop\/"},{"@type":"ListItem","position":3,"name":"Corne de Buffle"}]},{"@type":"WebSite","@id":"https:\/\/regalanimals.ch\/#website","url":"https:\/\/regalanimals.ch\/","name":"Animals Feast","description":"Quality food and supplies for cats, dogs and ferrets","publisher":{"@id":"https:\/\/regalanimals.ch\/#organization"},"potentialAction":[{"@type":"SearchAction","target":{"@type":"EntryPoint","urlTemplate":"https:\/\/regalanimals.ch\/?s={search_term_string}"},"query-input":{"@type":"PropertyValueSpecification","valueRequired":true,"valueName":"search_term_string"}}],"inLanguage":"en-GB"},{"@type":"Organization","@id":"https:\/\/regalanimals.ch\/#organization","name":"Animals Feast","url":"https:\/\/regalanimals.ch\/","logo":{"@type":"ImageObject","inLanguage":"en-GB","@id":"https:\/\/regalanimals.ch\/#\/schema\/logo\/image\/","url":"https:\/\/regalanimals.ch\/wp-content\/uploads\/2025\/07\/Logo-RegalAnimals.png","contentUrl":"https:\/\/regalanimals.ch\/wp-content\/uploads\/2025\/07\/Logo-RegalAnimals.png","width":120,"height":153,"caption":"R\u00e9gal Animals"},"image":{"@id":"https:\/\/regalanimals.ch\/#\/schema\/logo\/image\/"}}]}},"_links":{"self":[{"href":"https:\/\/regalanimals.ch\/en\/wp-json\/wp\/v2\/product\/30603","targetHints":{"allow":["GET"]}}],"collection":[{"href":"https:\/\/regalanimals.ch\/en\/wp-json\/wp\/v2\/product"}],"about":[{"href":"https:\/\/regalanimals.ch\/en\/wp-json\/wp\/v2\/types\/product"}],"replies":[{"embeddable":true,"href":"https:\/\/regalanimals.ch\/en\/wp-json\/wp\/v2\/comments?post=30603"}],"wp:featuredmedia":[{"embeddable":true,"href":"https:\/\/regalanimals.ch\/en\/wp-json\/wp\/v2\/media\/40074"}],"wp:attachment":[{"href":"https:\/\/regalanimals.ch\/en\/wp-json\/wp\/v2\/media?parent=30603"}],"wp:term":[{"taxonomy":"product_brand","embeddable":true,"href":"https:\/\/regalanimals.ch\/en\/wp-json\/wp\/v2\/product_brand?post=30603"},{"taxonomy":"product_cat","embeddable":true,"href":"https:\/\/regalanimals.ch\/en\/wp-json\/wp\/v2\/product_cat?post=30603"},{"taxonomy":"product_tag","embeddable":true,"href":"https:\/\/regalanimals.ch\/en\/wp-json\/wp\/v2\/product_tag?post=30603"}],"curies":[{"name":"wp","href":"https:\/\/api.w.org\/{rel}","templated":true}]}}