{"id":30609,"date":"2023-10-01T12:58:39","date_gmt":"2023-10-01T10:58:39","guid":{"rendered":"https:\/\/regalanimals.geekworkers.dev\/?post_type=product&#038;p=30609"},"modified":"2026-03-28T11:21:41","modified_gmt":"2026-03-28T10:21:41","slug":"sabot-de-boeuf-a-ronger","status":"publish","type":"product","link":"https:\/\/regalanimals.ch\/en\/product\/sabot-de-boeuf-a-ronger\/","title":{"rendered":"Beef hoof for gnawing"},"content":{"rendered":"<h2 data-start=\"892\" data-end=\"921\">\ud83d\udc36 Beef Hoof to Gnaw<\/h2>\n<h3 data-start=\"372\" data-end=\"451\">A robust and natural treat to satisfy the chewing instinct<\/h3>\n<p data-start=\"453\" data-end=\"856\">The Beef Hoof Chew is a treat that dogs love. This hard chew toy perfectly satisfies their natural chewing instinct. Thanks to its durability, your companion will enjoy a long-lasting chew toy that will keep them occupied for a considerable time. Moreover, this 100 % beef hoof is suitable for puppies from 4 months old as well as adult dogs accustomed to firm chews.<\/p>\n<hr data-start=\"1400\" data-end=\"1403\" \/>\n<h2 data-start=\"1405\" data-end=\"1444\">\ud83e\uddb4 Chewing that really lasts<\/h2>\n<p data-start=\"1445\" data-end=\"1816\">Beef hooves offer a long and satisfying chewing experience. Furthermore, these chewable treats contribute to good dental hygiene by helping to limit tartar buildup. Thanks to their natural composition, they are a highly digestible treat. Your dog will thus enjoy a satisfying, robust snack perfectly suited to their natural chewing instinct.<\/p>\n<hr data-start=\"1818\" data-end=\"1821\" \/>\n<h2 data-start=\"1823\" data-end=\"1873\">\ud83d\udc3e A natural, safe and versatile treat<\/h2>\n<p data-start=\"1874\" data-end=\"2314\">Beef hooves are rich in protein and low in fat. Furthermore, these chewable treats contain no hormones, preservatives, or bleaching agents. Thanks to this healthy composition, they are suitable for many dogs, especially those who prefer lighter treats. You can also stuff the beef hoof chew with other snacks to keep things interesting, offering a fun and stimulating activity.<\/p>\n<hr data-start=\"2316\" data-end=\"2319\" \/>\n<h2 data-start=\"2321\" data-end=\"2347\">\ud83d\udc3e Frequently Asked Questions<\/h2>\n<h3 data-start=\"2348\" data-end=\"2450\">\u2753 Still hesitating? Here are the answers to the most common questions about ox hooves.<\/h3>\n<h4 data-start=\"2452\" data-end=\"2492\">\u27a1\ufe0f What is a cow&#039;s hoof?<\/h4>\n<p data-start=\"2493\" data-end=\"2677\">A beef hoof chew toy is the natural hoof of a cow, carefully cleaned and then dried. Its exceptional hardness provides a very long chewing experience, ideal for keeping dogs occupied who enjoy durable chew toys.<\/p>\n<h4>\u27a1\ufe0f What are the benefits of cow hooves?<\/h4>\n<p data-start=\"2734\" data-end=\"3023\">Hoof-shaped treats help clean your dog&#039;s teeth and keep them occupied for extended periods. Furthermore, these natural treats are rich in protein and low in fat, thus supporting dental hygiene and promoting overall well-being.<\/p>\n<h4 data-start=\"3025\" data-end=\"3081\">\u27a1\ufe0f Are the hooves suitable for all dogs?<\/h4>\n<p data-start=\"3082\" data-end=\"3352\">They are suitable for many dogs, but not all. Furthermore, their hardness can pose a risk to dogs with fragile teeth, very young puppies, or senior dogs. Therefore, it is important to supervise your pet when it is chewing on this type of toy.<\/p>\n<h4 data-start=\"3354\" data-end=\"3404\">\u27a1\ufe0f Can hooves break teeth?<\/h4>\n<p data-start=\"3405\" data-end=\"3675\">Yes, the extreme hardness of the Beef Hoof chew can cause dental fractures in dogs with strong chewers. Furthermore, some dogs chew very intensely. Therefore, if your dog is an aggressive chewer, it&#039;s wise to choose softer treats to minimize the risk.<\/p>\n<hr data-start=\"2316\" data-end=\"2319\" \/>\n<h3 data-start=\"291\" data-end=\"322\">\ud83d\udca6 R\u00e9gal&#039;Animals Advice \ud83d\udc9a<\/h3>\n<p data-start=\"323\" data-end=\"847\">Stuff the Beef Hoof Chew with a little Naturea or Les Recettes de Daniel p\u00e2t\u00e9 for a change of pace. Alternatively, you can also use xylitol-free peanut butter or other suitable treats. This simple trick provides your dog with a tasty activity that extends their chewing time. Furthermore, placing the filled hoof in the freezer creates a perfect &quot;chewable ice cream&quot; for hot days. This way, you offer your companion a refreshing, fun, and long-lasting experience. \ud83d\udc9a<\/p>\n<hr data-start=\"2316\" data-end=\"2319\" \/>\n<h4>\u27a1\ufe0f Do hooves smell bad?<\/h4>\n<p data-start=\"4318\" data-end=\"4574\">They can give off a natural, sometimes strong, odor, especially when chewed. However, this smell is part of the enjoyment for many dogs. Therefore, it&#039;s recommended to give this treat in a well-ventilated area if you are sensitive to smells.<\/p>\n<h4>\u27a1\ufe0f Are they digestible?<\/h4>\n<p data-start=\"4608\" data-end=\"4823\">Small fragments are generally digestible. However, you should prevent your dog from swallowing large pieces, as this could cause blockages. Therefore, close supervision is essential when your dog is chewing on this type of item.<\/p>\n<h4 data-start=\"4825\" data-end=\"4878\">\u27a1\ufe0f How often can a hoof be given?<\/h4>\n<p data-start=\"4879\" data-end=\"5071\">It&#039;s best to offer this type of treat only occasionally. Once or twice a week is sufficient to prevent excessive wear on their teeth. This way, your pet enjoys a healthy balance between chewing and comfort.<\/p>\n<hr data-start=\"5073\" data-end=\"5076\" \/>\n<h4 data-start=\"5078\" data-end=\"5096\">Composition<\/h4>\n<p data-start=\"5097\" data-end=\"5119\">100 % ox hooves<\/p>\n<h4 data-start=\"5126\" data-end=\"5157\">Analytical constituents<\/h4>\n<p data-start=\"5158\" data-end=\"5269\">Crude protein: 79 %<br data-start=\"5181\" data-end=\"5184\" \/>Crude fat: 5 %<br data-start=\"5213\" data-end=\"5216\" \/>Maximum humidity: 7.70 %<br data-start=\"5237\" data-end=\"5240\" \/>Mineral matter: 1.70 %<\/p>\n<p>&nbsp;<\/p>\n<p><a href=\"https:\/\/regalanimals.ch\/en\/product-2\/peau-de-cerf-30cm-a-ronger\/\">Suggestion for him<\/a><\/p>","protected":false},"excerpt":{"rendered":"<p>\ud83d\udc36 Sabot de B\u0153uf \u00e0 Ronger Une friandise robuste et naturelle pour satisfaire l\u2019instinct de mastication Le Sabot de B\u0153uf \u00e0 Ronger est une friandise tr\u00e8s appr\u00e9ci\u00e9e des chiens. En effet, cet article \u00e0 ronger dur r\u00e9pond parfaitement \u00e0 l\u2019instinct naturel de mastication. Gr\u00e2ce \u00e0 sa solidit\u00e9, votre compagnon profite ainsi d\u2019un article \u00e0 m\u00e2cher [&hellip;]<\/p>\n","protected":false},"featured_media":38133,"menu_order":0,"comment_status":"open","ping_status":"closed","template":"","meta":[],"product_brand":[],"product_cat":[231,24],"product_tag":[],"class_list":{"0":"post-30609","1":"product","2":"type-product","3":"status-publish","4":"has-post-thumbnail","6":"product_cat-a-ronger","7":"product_cat-chiens","9":"first","10":"instock","11":"taxable","12":"shipping-taxable","13":"purchasable","14":"product-type-variable"},"yoast_head":"<!-- This site is optimized with the Yoast SEO Premium plugin v27.3 (Yoast SEO v27.3) - https:\/\/yoast.com\/product\/yoast-seo-premium-wordpress\/ -->\n<title>Sabot de B\u0153uf \u00e0 Ronger \u2013 Un grand classique appr\u00e9ci\u00e9<\/title>\n<meta name=\"description\" content=\"Adapt\u00e9s \u00e0 toutes les races. Les Sabot de B\u0153uf \u00e0 Ronger, sont une valeur s\u00fbre. M\u00e2chouiller un article \u00e0 ronger est un plaisir pour votre chien.\" \/>\n<meta name=\"robots\" content=\"index, follow, max-snippet:-1, max-image-preview:large, max-video-preview:-1\" \/>\n<link rel=\"canonical\" href=\"https:\/\/regalanimals.ch\/en\/product-2\/sabot-de-boeuf-a-ronger\/\" \/>\n<meta property=\"og:locale\" content=\"en_GB\" \/>\n<meta property=\"og:type\" content=\"article\" \/>\n<meta property=\"og:title\" content=\"Sabot de B\u0153uf \u00e0 Ronger\" \/>\n<meta property=\"og:description\" content=\"Adapt\u00e9s \u00e0 toutes les races. Les Sabot de B\u0153uf \u00e0 Ronger, sont une valeur s\u00fbre. M\u00e2chouiller un article \u00e0 ronger est un plaisir pour votre chien.\" \/>\n<meta property=\"og:url\" content=\"https:\/\/regalanimals.ch\/en\/product-2\/sabot-de-boeuf-a-ronger\/\" \/>\n<meta property=\"og:site_name\" content=\"R\u00e9gal&#039;Animals\" \/>\n<meta property=\"article:modified_time\" content=\"2026-03-28T10:21:41+00:00\" \/>\n<meta property=\"og:image\" content=\"https:\/\/regalanimals.ch\/wp-content\/uploads\/2025\/08\/Sabot-boeuf-a-ronger.webp\" \/>\n\t<meta property=\"og:image:width\" content=\"940\" \/>\n\t<meta property=\"og:image:height\" content=\"788\" \/>\n\t<meta property=\"og:image:type\" content=\"image\/webp\" \/>\n<meta name=\"twitter:card\" content=\"summary_large_image\" \/>\n<meta name=\"twitter:label1\" content=\"Estimated reading time\" \/>\n\t<meta name=\"twitter:data1\" content=\"4 minutes\" \/>\n<script type=\"application\/ld+json\" class=\"yoast-schema-graph\">{\"@context\":\"https:\\\/\\\/schema.org\",\"@graph\":[{\"@type\":\"WebPage\",\"@id\":\"https:\\\/\\\/regalanimals.ch\\\/product\\\/sabot-de-boeuf-a-ronger\\\/\",\"url\":\"https:\\\/\\\/regalanimals.ch\\\/product\\\/sabot-de-boeuf-a-ronger\\\/\",\"name\":\"Sabot de B\u0153uf \u00e0 Ronger \u2013 Un grand classique appr\u00e9ci\u00e9\",\"isPartOf\":{\"@id\":\"https:\\\/\\\/regalanimals.ch\\\/#website\"},\"primaryImageOfPage\":{\"@id\":\"https:\\\/\\\/regalanimals.ch\\\/product\\\/sabot-de-boeuf-a-ronger\\\/#primaryimage\"},\"image\":{\"@id\":\"https:\\\/\\\/regalanimals.ch\\\/product\\\/sabot-de-boeuf-a-ronger\\\/#primaryimage\"},\"thumbnailUrl\":\"https:\\\/\\\/regalanimals.ch\\\/wp-content\\\/uploads\\\/2025\\\/08\\\/Sabot-boeuf-a-ronger.webp\",\"datePublished\":\"2023-10-01T10:58:39+00:00\",\"dateModified\":\"2026-03-28T10:21:41+00:00\",\"description\":\"Adapt\u00e9s \u00e0 toutes les races. Les Sabot de B\u0153uf \u00e0 Ronger, sont une valeur s\u00fbre. M\u00e2chouiller un article \u00e0 ronger est un plaisir pour votre chien.\",\"breadcrumb\":{\"@id\":\"https:\\\/\\\/regalanimals.ch\\\/product\\\/sabot-de-boeuf-a-ronger\\\/#breadcrumb\"},\"inLanguage\":\"en-GB\",\"potentialAction\":[{\"@type\":\"ReadAction\",\"target\":[\"https:\\\/\\\/regalanimals.ch\\\/product\\\/sabot-de-boeuf-a-ronger\\\/\"]}]},{\"@type\":\"ImageObject\",\"inLanguage\":\"en-GB\",\"@id\":\"https:\\\/\\\/regalanimals.ch\\\/product\\\/sabot-de-boeuf-a-ronger\\\/#primaryimage\",\"url\":\"https:\\\/\\\/regalanimals.ch\\\/wp-content\\\/uploads\\\/2025\\\/08\\\/Sabot-boeuf-a-ronger.webp\",\"contentUrl\":\"https:\\\/\\\/regalanimals.ch\\\/wp-content\\\/uploads\\\/2025\\\/08\\\/Sabot-boeuf-a-ronger.webp\",\"width\":940,\"height\":788,\"caption\":\"Sabot de b\u0153uf \u00e0 ronger \u2013 Plusieurs sabot dispos\u00e9s ensemble.\"},{\"@type\":\"BreadcrumbList\",\"@id\":\"https:\\\/\\\/regalanimals.ch\\\/product\\\/sabot-de-boeuf-a-ronger\\\/#breadcrumb\",\"itemListElement\":[{\"@type\":\"ListItem\",\"position\":1,\"name\":\"Home\",\"item\":\"https:\\\/\\\/regalanimals.ch\\\/\"},{\"@type\":\"ListItem\",\"position\":2,\"name\":\"Boutique\",\"item\":\"https:\\\/\\\/regalanimals.ch\\\/shop\\\/\"},{\"@type\":\"ListItem\",\"position\":3,\"name\":\"Sabot de B\u0153uf \u00e0 Ronger\"}]},{\"@type\":\"WebSite\",\"@id\":\"https:\\\/\\\/regalanimals.ch\\\/#website\",\"url\":\"https:\\\/\\\/regalanimals.ch\\\/\",\"name\":\"R\u00e9gal Animals\",\"description\":\"Alimentation et articles de qualit\u00e9 pour chats, chiens et furets\",\"publisher\":{\"@id\":\"https:\\\/\\\/regalanimals.ch\\\/#organization\"},\"potentialAction\":[{\"@type\":\"SearchAction\",\"target\":{\"@type\":\"EntryPoint\",\"urlTemplate\":\"https:\\\/\\\/regalanimals.ch\\\/?s={search_term_string}\"},\"query-input\":{\"@type\":\"PropertyValueSpecification\",\"valueRequired\":true,\"valueName\":\"search_term_string\"}}],\"inLanguage\":\"en-GB\"},{\"@type\":\"Organization\",\"@id\":\"https:\\\/\\\/regalanimals.ch\\\/#organization\",\"name\":\"R\u00e9gal Animals\",\"url\":\"https:\\\/\\\/regalanimals.ch\\\/\",\"logo\":{\"@type\":\"ImageObject\",\"inLanguage\":\"en-GB\",\"@id\":\"https:\\\/\\\/regalanimals.ch\\\/#\\\/schema\\\/logo\\\/image\\\/\",\"url\":\"https:\\\/\\\/regalanimals.ch\\\/wp-content\\\/uploads\\\/2025\\\/07\\\/Logo-RegalAnimals.png\",\"contentUrl\":\"https:\\\/\\\/regalanimals.ch\\\/wp-content\\\/uploads\\\/2025\\\/07\\\/Logo-RegalAnimals.png\",\"width\":120,\"height\":153,\"caption\":\"R\u00e9gal Animals\"},\"image\":{\"@id\":\"https:\\\/\\\/regalanimals.ch\\\/#\\\/schema\\\/logo\\\/image\\\/\"}}]}<\/script>\n<!-- \/ Yoast SEO Premium plugin. -->","yoast_head_json":{"title":"Beef Hoof Gnaw \u2013 A beloved classic","description":"Suitable for all breeds. These chewable beef hooves are a sure bet. Chewing on a treat is a pleasure for your dog.","robots":{"index":"index","follow":"follow","max-snippet":"max-snippet:-1","max-image-preview":"max-image-preview:large","max-video-preview":"max-video-preview:-1"},"canonical":"https:\/\/regalanimals.ch\/en\/product-2\/sabot-de-boeuf-a-ronger\/","og_locale":"en_GB","og_type":"article","og_title":"Sabot de B\u0153uf \u00e0 Ronger","og_description":"Adapt\u00e9s \u00e0 toutes les races. Les Sabot de B\u0153uf \u00e0 Ronger, sont une valeur s\u00fbre. M\u00e2chouiller un article \u00e0 ronger est un plaisir pour votre chien.","og_url":"https:\/\/regalanimals.ch\/en\/product-2\/sabot-de-boeuf-a-ronger\/","og_site_name":"R\u00e9gal&#039;Animals","article_modified_time":"2026-03-28T10:21:41+00:00","og_image":[{"width":940,"height":788,"url":"https:\/\/regalanimals.ch\/wp-content\/uploads\/2025\/08\/Sabot-boeuf-a-ronger.webp","type":"image\/webp"}],"twitter_card":"summary_large_image","twitter_misc":{"Estimated reading time":"4 minutes"},"schema":{"@context":"https:\/\/schema.org","@graph":[{"@type":"WebPage","@id":"https:\/\/regalanimals.ch\/product\/sabot-de-boeuf-a-ronger\/","url":"https:\/\/regalanimals.ch\/product\/sabot-de-boeuf-a-ronger\/","name":"Beef Hoof Gnaw \u2013 A beloved classic","isPartOf":{"@id":"https:\/\/regalanimals.ch\/#website"},"primaryImageOfPage":{"@id":"https:\/\/regalanimals.ch\/product\/sabot-de-boeuf-a-ronger\/#primaryimage"},"image":{"@id":"https:\/\/regalanimals.ch\/product\/sabot-de-boeuf-a-ronger\/#primaryimage"},"thumbnailUrl":"https:\/\/regalanimals.ch\/wp-content\/uploads\/2025\/08\/Sabot-boeuf-a-ronger.webp","datePublished":"2023-10-01T10:58:39+00:00","dateModified":"2026-03-28T10:21:41+00:00","description":"Suitable for all breeds. These chewable beef hooves are a sure bet. Chewing on a treat is a pleasure for your dog.","breadcrumb":{"@id":"https:\/\/regalanimals.ch\/product\/sabot-de-boeuf-a-ronger\/#breadcrumb"},"inLanguage":"en-GB","potentialAction":[{"@type":"ReadAction","target":["https:\/\/regalanimals.ch\/product\/sabot-de-boeuf-a-ronger\/"]}]},{"@type":"ImageObject","inLanguage":"en-GB","@id":"https:\/\/regalanimals.ch\/product\/sabot-de-boeuf-a-ronger\/#primaryimage","url":"https:\/\/regalanimals.ch\/wp-content\/uploads\/2025\/08\/Sabot-boeuf-a-ronger.webp","contentUrl":"https:\/\/regalanimals.ch\/wp-content\/uploads\/2025\/08\/Sabot-boeuf-a-ronger.webp","width":940,"height":788,"caption":"Sabot de b\u0153uf \u00e0 ronger \u2013 Plusieurs sabot dispos\u00e9s ensemble."},{"@type":"BreadcrumbList","@id":"https:\/\/regalanimals.ch\/product\/sabot-de-boeuf-a-ronger\/#breadcrumb","itemListElement":[{"@type":"ListItem","position":1,"name":"Home","item":"https:\/\/regalanimals.ch\/"},{"@type":"ListItem","position":2,"name":"Boutique","item":"https:\/\/regalanimals.ch\/shop\/"},{"@type":"ListItem","position":3,"name":"Sabot de B\u0153uf \u00e0 Ronger"}]},{"@type":"WebSite","@id":"https:\/\/regalanimals.ch\/#website","url":"https:\/\/regalanimals.ch\/","name":"Animals Feast","description":"Quality food and supplies for cats, dogs and ferrets","publisher":{"@id":"https:\/\/regalanimals.ch\/#organization"},"potentialAction":[{"@type":"SearchAction","target":{"@type":"EntryPoint","urlTemplate":"https:\/\/regalanimals.ch\/?s={search_term_string}"},"query-input":{"@type":"PropertyValueSpecification","valueRequired":true,"valueName":"search_term_string"}}],"inLanguage":"en-GB"},{"@type":"Organization","@id":"https:\/\/regalanimals.ch\/#organization","name":"Animals Feast","url":"https:\/\/regalanimals.ch\/","logo":{"@type":"ImageObject","inLanguage":"en-GB","@id":"https:\/\/regalanimals.ch\/#\/schema\/logo\/image\/","url":"https:\/\/regalanimals.ch\/wp-content\/uploads\/2025\/07\/Logo-RegalAnimals.png","contentUrl":"https:\/\/regalanimals.ch\/wp-content\/uploads\/2025\/07\/Logo-RegalAnimals.png","width":120,"height":153,"caption":"R\u00e9gal Animals"},"image":{"@id":"https:\/\/regalanimals.ch\/#\/schema\/logo\/image\/"}}]}},"_links":{"self":[{"href":"https:\/\/regalanimals.ch\/en\/wp-json\/wp\/v2\/product\/30609","targetHints":{"allow":["GET"]}}],"collection":[{"href":"https:\/\/regalanimals.ch\/en\/wp-json\/wp\/v2\/product"}],"about":[{"href":"https:\/\/regalanimals.ch\/en\/wp-json\/wp\/v2\/types\/product"}],"replies":[{"embeddable":true,"href":"https:\/\/regalanimals.ch\/en\/wp-json\/wp\/v2\/comments?post=30609"}],"wp:featuredmedia":[{"embeddable":true,"href":"https:\/\/regalanimals.ch\/en\/wp-json\/wp\/v2\/media\/38133"}],"wp:attachment":[{"href":"https:\/\/regalanimals.ch\/en\/wp-json\/wp\/v2\/media?parent=30609"}],"wp:term":[{"taxonomy":"product_brand","embeddable":true,"href":"https:\/\/regalanimals.ch\/en\/wp-json\/wp\/v2\/product_brand?post=30609"},{"taxonomy":"product_cat","embeddable":true,"href":"https:\/\/regalanimals.ch\/en\/wp-json\/wp\/v2\/product_cat?post=30609"},{"taxonomy":"product_tag","embeddable":true,"href":"https:\/\/regalanimals.ch\/en\/wp-json\/wp\/v2\/product_tag?post=30609"}],"curies":[{"name":"wp","href":"https:\/\/api.w.org\/{rel}","templated":true}]}}